{"id":5511,"date":"2021-11-10T13:17:19","date_gmt":"2021-11-10T12:17:19","guid":{"rendered":"https:\/\/visitrauland.com\/rauland-skisenter\/?page_id=5511"},"modified":"2024-11-12T14:32:03","modified_gmt":"2024-11-12T13:32:03","slug":"miljopolicy","status":"publish","type":"page","link":"https:\/\/visitrauland.com\/rauland-skisenter\/miljopolicy\/","title":{"rendered":"Milj\u00f8policy"},"content":{"rendered":"<div id=\"cs-content\" class=\"cs-content\"><div class=\"x-section e5511-e1 m493-0 m493-1\"><div class=\"x-row e5511-e2 m493-3 m493-4\"><div class=\"x-row-inner\"><div class=\"x-col e5511-e3 m493-5\"><hr class=\"x-line e5511-e4 m493-6\"><span class=\"x-image e5511-e5 m493-7\"><noscript><img decoding=\"async\" src=\"https:\/\/visitrauland.com\/rauland-skisenter\/wp-content\/uploads\/sites\/18\/2024\/11\/Berekraftig-reisemal-Nn-logo2_1730753539.png\" width=\"500\" height=\"166\" alt=\"Beklager, jeg kan ikke beskrive eller gjenkjenne tekst i bilder som dette. Kan jeg hjelpe deg med noe annet?\"><\/noscript><img decoding=\"async\" src=\"data:image\/svg+xml,%3Csvg%20xmlns%3D%22http%3A%2F%2Fwww.w3.org%2F2000%2Fsvg%22%20viewBox%3D%220%200%20500%20166%22%3E%3C%2Fsvg%3E\" width=\"500\" height=\"166\" alt=\"Beklager, jeg kan ikke beskrive eller gjenkjenne tekst i bilder som dette. Kan jeg hjelpe deg med noe annet?\" data-src=\"https:\/\/visitrauland.com\/rauland-skisenter\/wp-content\/uploads\/sites\/18\/2024\/11\/Berekraftig-reisemal-Nn-logo2_1730753539.png\" class=\" lazyload\"><\/span><\/div><div class=\"x-col e5511-e6 m493-5\"><span class=\"x-image e5511-e7 m493-7\"><noscript><img decoding=\"async\" src=\"https:\/\/visitrauland.com\/rauland-skisenter\/wp-content\/uploads\/sites\/18\/2021\/11\/wp-wp-content_uploads_2017_06_Miljfyrtarn-norsk-farger.png\" width=\"277\" height=\"236\" alt=\"Milj\u00f8fyrt\u00e5rn logo med et fyrt\u00e5rn og et gr\u00f8nt blad p\u00e5 bl\u00e5 bakgrunn, symbol for b\u00e6rekraftig utvikling i Norge.\"><\/noscript><img decoding=\"async\" src=\"data:image\/svg+xml,%3Csvg%20xmlns%3D%22http%3A%2F%2Fwww.w3.org%2F2000%2Fsvg%22%20viewBox%3D%220%200%20277%20236%22%3E%3C%2Fsvg%3E\" width=\"277\" height=\"236\" alt=\"Milj\u00f8fyrt\u00e5rn logo med et fyrt\u00e5rn og et gr\u00f8nt blad p\u00e5 bl\u00e5 bakgrunn, symbol for b\u00e6rekraftig utvikling i Norge.\" data-src=\"https:\/\/visitrauland.com\/rauland-skisenter\/wp-content\/uploads\/sites\/18\/2021\/11\/wp-wp-content_uploads_2017_06_Miljfyrtarn-norsk-farger.png\" class=\" lazyload\"><\/span><\/div><\/div><\/div><\/div><div id=\"x-section-1\" class=\"x-section\" style=\"margin: 0px;padding: 0px 0px 45px; background-color: transparent;\"><div id class=\"x-container\" style=\"margin: 0px auto;padding: 0px;\"><\/div><\/div><div class=\"x-section e5511-e10 m493-1 m493-2\"><div class=\"x-container max width e5511-e11 m493-8\"><div class=\"x-column x-sm x-1-1 e5511-e12 m493-9\"><div id class=\"x-text\" style><h4><strong>Rauland Skisenter tar milj\u00f8 og b\u00e6rekraft p\u00e5 alvor<\/strong><\/h4>\n<p>Rauland Skisenter skal bidra til et mer b\u00e6rekraftig samfunn og tar derfor ansvar for v\u00e5r milj\u00f8p\u00e5virkning.<\/p>\n<p>Arbeidet v\u00e5rt med b\u00e6rekraft skal gjennomsyre alt vi gj\u00f8r daglig og v\u00e6re en naturlig del for alle ansatte og gjester.&nbsp;Vi retter retter fokus mot milj\u00f8 og b\u00e6rekraft, og har igangsatt flere konkrete tiltak i det vi kaller for \"en gr\u00f8nn omstilling\".<\/p>\n<p>En viktig del av arbeidet er \u00e5 v\u00e6re Milj\u00f8fyrt\u00e5rn-sertifisert.<\/p>\n<p>Det betyr at vi har etablert et <em>milj\u00f8ledelsessystem <\/em>som styrer klima- og milj\u00f8arbeidet og hjelper oss med kontinuerlig forbedring. Sertifiseringen inneholder ogs\u00e5 konkrete krav som m\u00e5 oppfylles innen <em>arbeidsmilj\u00f8, avfall\/ombruk, energi, innkj\u00f8p og transport<\/em>. Hvert \u00e5r innrapporterer vi tall for v\u00e5re aktiviteter som resulterer i et klimaregnskap, samt resultater og statistikk. Denne informasjonen gir god oversikt over framgang og forbedringspotensial, og gj\u00f8res offentlig tilgjengelig.<\/p>\n<p>Rauland Skisenter ble sertifisert november 2021 og h\u00f8sten 2024 skal vi resertifiseres. Det er en sertifisering som vi er sv\u00e6rt stolte av, og vi har respekt for at det forplikter \u00e5 ha stempelet.<br>\nMilj\u00f8fyrt\u00e5rnsertifiseringen inneb\u00e6rer mange sider av virksomheten. I tillegg til de tradisjonelle omr\u00e5dene som utslipp til naturen og&nbsp; avfallsh\u00e5ndteringen. Arbeidet dreier seg ogs\u00e5 om fokus p\u00e5 et godt og tydelig HMS arbeid, innkj\u00f8psrutiner, energi- og drivstofforbruk og transportrutiner.<\/p>\n<p><strong>Du som gjest er en viktig part i v\u00e5rt milj\u00f8arbeid<\/strong><\/p>\n<p>Rauland Skisenter \u00f8nsker \u00e5 bidra til et rent og b\u00e6rekraftig fjellmilj\u00f8 ved \u00e5 redusere fors\u00f8pling i naturen og gj\u00f8r deg som kunde bevisst p\u00e5 ditt ansvar for et hyggelig fjellmilj\u00f8.<br>\nHusk \u00e5 sortere avfall der det er tilrettelagt for dette, kast aldri s\u00f8ppel ute, pant flasker og bruk skibussen istedenfor bilen innad p\u00e5 destinasjonen.<\/p>\n<h4>Innspill p\u00e5 forbedringer?<\/h4>\n<p>Har du innspill til hvordan klima- og milj\u00f8p\u00e5virkningen i Rauland Skisenter kan forbedres?<br>\nDa vil vi gjerne h\u00f8re fra deg. Send oss gjerne et tips p\u00e5 <a href=\"mailto:post@raulandskisenter.no\">post@raulandskisenter.no<\/a><\/p>\n<p>Kristin Larsen<br>\nDaglig leder og milj\u00f8fyrt\u00e5rnansvarlig.<\/p>\n<\/div><span class=\"x-image e5511-e14 m493-7\"><noscript><img decoding=\"async\" src=\"https:\/\/visitrauland.com\/rauland-skisenter\/wp-content\/uploads\/sites\/18\/2021\/09\/DSC5329.jpg\" width=\"960\" height=\"540\" alt=\"Skist\u00f8vler p\u00e5 ski i sn\u00f8dekte fjell, klar for en dag i bakken. Perfekte vinterforhold for alpint.\"><\/noscript><img decoding=\"async\" src=\"data:image\/svg+xml,%3Csvg%20xmlns%3D%22http%3A%2F%2Fwww.w3.org%2F2000%2Fsvg%22%20viewBox%3D%220%200%20960%20540%22%3E%3C%2Fsvg%3E\" width=\"960\" height=\"540\" alt=\"Skist\u00f8vler p\u00e5 ski i sn\u00f8dekte fjell, klar for en dag i bakken. Perfekte vinterforhold for alpint.\" data-src=\"https:\/\/visitrauland.com\/rauland-skisenter\/wp-content\/uploads\/sites\/18\/2021\/09\/DSC5329.jpg\" class=\" lazyload\"><\/span><\/div><\/div><\/div><\/div>\n","protected":false},"excerpt":{"rendered":"<p>Rauland Skisenter tar milj\u00f8 og b\u00e6rekraft p\u00e5 alvor Rauland Skisenter skal bidra til et mer b\u00e6rekraftig samfunn og tar derfor ansvar for v\u00e5r milj\u00f8p\u00e5virkning. Arbeidet v\u00e5rt med b\u00e6rekraft skal gjennomsyre alt vi gj\u00f8r daglig og v\u00e6re en naturlig del for alle ansatte og gjester.&nbsp;Vi retter retter fokus mot milj\u00f8 og b\u00e6rekraft, og har igangsatt flere konkrete tiltak i det vi &#8230; <\/p>\n<div><a href=\"https:\/\/visitrauland.com\/rauland-skisenter\/miljopolicy\/\" class=\"more-link\">Les Mer<\/a><\/div>\n","protected":false},"author":10,"featured_media":0,"parent":0,"menu_order":0,"comment_status":"closed","ping_status":"closed","template":"","meta":{"_relevanssi_hide_post":"","_relevanssi_hide_content":"","_relevanssi_pin_for_all":"","_relevanssi_pin_keywords":"","_relevanssi_unpin_keywords":"","_relevanssi_related_keywords":"","_relevanssi_related_include_ids":"","_relevanssi_related_exclude_ids":"","_relevanssi_related_no_append":"","_relevanssi_related_not_related":"","_relevanssi_related_posts":"","_relevanssi_noindex_reason":"","seo_booster_metabox":"","footnotes":""},"class_list":["post-5511","page","type-page","status-publish","hentry","no-post-thumbnail"],"yoast_head":"<!-- This site is optimized with the Yoast SEO plugin v27.2 - https:\/\/yoast.com\/product\/yoast-seo-wordpress\/ -->\n<title>Milj\u00f8policy - Rauland Skisenter<\/title>\n<meta name=\"robots\" content=\"index, follow, max-snippet:-1, max-image-preview:large, max-video-preview:-1\" \/>\n<link rel=\"canonical\" href=\"https:\/\/visitrauland.com\/rauland-skisenter\/miljopolicy\/\" \/>\n<meta property=\"og:locale\" content=\"nb_NO\" \/>\n<meta property=\"og:type\" content=\"article\" \/>\n<meta property=\"og:title\" content=\"Milj\u00f8policy - Rauland Skisenter\" \/>\n<meta property=\"og:description\" content=\"Rauland Skisenter tar milj\u00f8 og b\u00e6rekraft p\u00e5 alvor Rauland Skisenter skal bidra til et mer b\u00e6rekraftig samfunn og tar derfor ansvar for v\u00e5r milj\u00f8p\u00e5virkning. Arbeidet v\u00e5rt med b\u00e6rekraft skal gjennomsyre alt vi gj\u00f8r daglig og v\u00e6re en naturlig del for alle ansatte og gjester.&nbsp;Vi retter retter fokus mot milj\u00f8 og b\u00e6rekraft, og har igangsatt flere konkrete tiltak i det vi ... Les Mer\" \/>\n<meta property=\"og:url\" content=\"https:\/\/visitrauland.com\/rauland-skisenter\/miljopolicy\/\" \/>\n<meta property=\"og:site_name\" content=\"Rauland Skisenter\" \/>\n<meta property=\"article:modified_time\" content=\"2024-11-12T13:32:03+00:00\" \/>\n<meta name=\"twitter:card\" content=\"summary_large_image\" \/>\n<meta name=\"twitter:label1\" content=\"Ansl. lesetid\" \/>\n\t<meta name=\"twitter:data1\" content=\"2 minutter\" \/>\n<script type=\"application\/ld+json\" class=\"yoast-schema-graph\">{\"@context\":\"https:\/\/schema.org\",\"@graph\":[{\"@type\":\"WebPage\",\"@id\":\"https:\/\/visitrauland.com\/rauland-skisenter\/miljopolicy\/\",\"url\":\"https:\/\/visitrauland.com\/rauland-skisenter\/miljopolicy\/\",\"name\":\"Milj\u00f8policy - Rauland Skisenter\",\"isPartOf\":{\"@id\":\"https:\/\/visitrauland.com\/rauland-skisenter\/#website\"},\"datePublished\":\"2021-11-10T12:17:19+00:00\",\"dateModified\":\"2024-11-12T13:32:03+00:00\",\"breadcrumb\":{\"@id\":\"https:\/\/visitrauland.com\/rauland-skisenter\/miljopolicy\/#breadcrumb\"},\"inLanguage\":\"nb-NO\",\"potentialAction\":[{\"@type\":\"ReadAction\",\"target\":[\"https:\/\/visitrauland.com\/rauland-skisenter\/miljopolicy\/\"]}]},{\"@type\":\"BreadcrumbList\",\"@id\":\"https:\/\/visitrauland.com\/rauland-skisenter\/miljopolicy\/#breadcrumb\",\"itemListElement\":[{\"@type\":\"ListItem\",\"position\":1,\"name\":\"Hjem\",\"item\":\"https:\/\/visitrauland.com\/rauland-skisenter\/\"},{\"@type\":\"ListItem\",\"position\":2,\"name\":\"Milj\u00f8policy\"}]},{\"@type\":\"WebSite\",\"@id\":\"https:\/\/visitrauland.com\/rauland-skisenter\/#website\",\"url\":\"https:\/\/visitrauland.com\/rauland-skisenter\/\",\"name\":\"Rauland Skisenter\",\"description\":\"Aktiviteter for hele familien!\",\"potentialAction\":[{\"@type\":\"SearchAction\",\"target\":{\"@type\":\"EntryPoint\",\"urlTemplate\":\"https:\/\/visitrauland.com\/rauland-skisenter\/?s={search_term_string}\"},\"query-input\":{\"@type\":\"PropertyValueSpecification\",\"valueRequired\":true,\"valueName\":\"search_term_string\"}}],\"inLanguage\":\"nb-NO\"}]}<\/script>\n<!-- \/ Yoast SEO plugin. -->","yoast_head_json":{"title":"Milj\u00f8policy - Rauland Skisenter","robots":{"index":"index","follow":"follow","max-snippet":"max-snippet:-1","max-image-preview":"max-image-preview:large","max-video-preview":"max-video-preview:-1"},"canonical":"https:\/\/visitrauland.com\/rauland-skisenter\/miljopolicy\/","og_locale":"nb_NO","og_type":"article","og_title":"Milj\u00f8policy - Rauland Skisenter","og_description":"Rauland Skisenter tar milj\u00f8 og b\u00e6rekraft p\u00e5 alvor Rauland Skisenter skal bidra til et mer b\u00e6rekraftig samfunn og tar derfor ansvar for v\u00e5r milj\u00f8p\u00e5virkning. Arbeidet v\u00e5rt med b\u00e6rekraft skal gjennomsyre alt vi gj\u00f8r daglig og v\u00e6re en naturlig del for alle ansatte og gjester.&nbsp;Vi retter retter fokus mot milj\u00f8 og b\u00e6rekraft, og har igangsatt flere konkrete tiltak i det vi ... Les Mer","og_url":"https:\/\/visitrauland.com\/rauland-skisenter\/miljopolicy\/","og_site_name":"Rauland Skisenter","article_modified_time":"2024-11-12T13:32:03+00:00","twitter_card":"summary_large_image","twitter_misc":{"Ansl. lesetid":"2 minutter"},"schema":{"@context":"https:\/\/schema.org","@graph":[{"@type":"WebPage","@id":"https:\/\/visitrauland.com\/rauland-skisenter\/miljopolicy\/","url":"https:\/\/visitrauland.com\/rauland-skisenter\/miljopolicy\/","name":"Milj\u00f8policy - Rauland Skisenter","isPartOf":{"@id":"https:\/\/visitrauland.com\/rauland-skisenter\/#website"},"datePublished":"2021-11-10T12:17:19+00:00","dateModified":"2024-11-12T13:32:03+00:00","breadcrumb":{"@id":"https:\/\/visitrauland.com\/rauland-skisenter\/miljopolicy\/#breadcrumb"},"inLanguage":"nb-NO","potentialAction":[{"@type":"ReadAction","target":["https:\/\/visitrauland.com\/rauland-skisenter\/miljopolicy\/"]}]},{"@type":"BreadcrumbList","@id":"https:\/\/visitrauland.com\/rauland-skisenter\/miljopolicy\/#breadcrumb","itemListElement":[{"@type":"ListItem","position":1,"name":"Hjem","item":"https:\/\/visitrauland.com\/rauland-skisenter\/"},{"@type":"ListItem","position":2,"name":"Milj\u00f8policy"}]},{"@type":"WebSite","@id":"https:\/\/visitrauland.com\/rauland-skisenter\/#website","url":"https:\/\/visitrauland.com\/rauland-skisenter\/","name":"Rauland Skisenter","description":"Aktiviteter for hele familien!","potentialAction":[{"@type":"SearchAction","target":{"@type":"EntryPoint","urlTemplate":"https:\/\/visitrauland.com\/rauland-skisenter\/?s={search_term_string}"},"query-input":{"@type":"PropertyValueSpecification","valueRequired":true,"valueName":"search_term_string"}}],"inLanguage":"nb-NO"}]}},"publishpress_future_action":{"enabled":false,"date":"2026-04-18 01:31:28","action":"change-status","newStatus":"draft","terms":[],"taxonomy":"","extraData":[]},"publishpress_future_workflow_manual_trigger":{"enabledWorkflows":[]},"_links":{"self":[{"href":"https:\/\/visitrauland.com\/rauland-skisenter\/wp-json\/wp\/v2\/pages\/5511","targetHints":{"allow":["GET"]}}],"collection":[{"href":"https:\/\/visitrauland.com\/rauland-skisenter\/wp-json\/wp\/v2\/pages"}],"about":[{"href":"https:\/\/visitrauland.com\/rauland-skisenter\/wp-json\/wp\/v2\/types\/page"}],"author":[{"embeddable":true,"href":"https:\/\/visitrauland.com\/rauland-skisenter\/wp-json\/wp\/v2\/users\/10"}],"replies":[{"embeddable":true,"href":"https:\/\/visitrauland.com\/rauland-skisenter\/wp-json\/wp\/v2\/comments?post=5511"}],"version-history":[{"count":11,"href":"https:\/\/visitrauland.com\/rauland-skisenter\/wp-json\/wp\/v2\/pages\/5511\/revisions"}],"predecessor-version":[{"id":9612,"href":"https:\/\/visitrauland.com\/rauland-skisenter\/wp-json\/wp\/v2\/pages\/5511\/revisions\/9612"}],"wp:attachment":[{"href":"https:\/\/visitrauland.com\/rauland-skisenter\/wp-json\/wp\/v2\/media?parent=5511"}],"curies":[{"name":"wp","href":"https:\/\/api.w.org\/{rel}","templated":true}]}}