{"id":550,"date":"2017-11-23T08:39:12","date_gmt":"2017-11-23T07:39:12","guid":{"rendered":"https:\/\/visitrauland.com\/rauland-skisenter\/?page_id=550"},"modified":"2023-11-17T12:14:42","modified_gmt":"2023-11-17T11:14:42","slug":"holtardalen","status":"publish","type":"page","link":"https:\/\/visitrauland.com\/rauland-skisenter\/skiomradene\/holtardalen\/","title":{"rendered":"Holtardalen"},"content":{"rendered":"<div id=\"cs-content\" class=\"cs-content\"><\/div>\n","protected":false},"excerpt":{"rendered":"<p>Holtardalen byr p\u00e5 brede l\u00f8yper som kan kj\u00f8res av de fleste, og en trivelig og avslappet atmosf\u00e6re. Vi har storskjerm i Holtardalen hvor vi viser idrettsarrangementer, film og informasjon. I Holtardalen finner du v\u00e5r 4 seters stolheis, to skitrekk og et skib\u00e5nd. I helger og ferier holder skiutleien Loftet og Holtarstua \u00e5pent. Paviljongen holder \u00e5pent l\u00f8rdagen og flere dager i &#8230; <\/p>\n<div><a href=\"https:\/\/visitrauland.com\/rauland-skisenter\/skiomradene\/holtardalen\/\" class=\"more-link\">Les Mer<\/a><\/div>\n","protected":false},"author":1,"featured_media":0,"parent":468,"menu_order":0,"comment_status":"closed","ping_status":"closed","template":"","meta":{"_relevanssi_hide_post":"","_relevanssi_hide_content":"","_relevanssi_pin_for_all":"","_relevanssi_pin_keywords":"","_relevanssi_unpin_keywords":"","_relevanssi_related_keywords":"","_relevanssi_related_include_ids":"","_relevanssi_related_exclude_ids":"","_relevanssi_related_no_append":"","_relevanssi_related_not_related":"","_relevanssi_related_posts":"","_relevanssi_noindex_reason":"","seo_booster_metabox":"","footnotes":""},"class_list":["post-550","page","type-page","status-publish","hentry","no-post-thumbnail"],"yoast_head":"<!-- This site is optimized with the Yoast SEO plugin v27.2 - https:\/\/yoast.com\/product\/yoast-seo-wordpress\/ -->\n<title>Holtardalen - Rauland Skisenter<\/title>\n<meta name=\"robots\" content=\"index, follow, max-snippet:-1, max-image-preview:large, max-video-preview:-1\" \/>\n<link rel=\"canonical\" href=\"https:\/\/visitrauland.com\/rauland-skisenter\/skiomradene\/holtardalen\/\" \/>\n<meta property=\"og:locale\" content=\"nb_NO\" \/>\n<meta property=\"og:type\" content=\"article\" \/>\n<meta property=\"og:title\" content=\"Holtardalen - Rauland Skisenter\" \/>\n<meta property=\"og:description\" content=\"Holtardalen byr p\u00e5 brede l\u00f8yper som kan kj\u00f8res av de fleste, og en trivelig og avslappet atmosf\u00e6re. Vi har storskjerm i Holtardalen hvor vi viser idrettsarrangementer, film og informasjon. I Holtardalen finner du v\u00e5r 4 seters stolheis, to skitrekk og et skib\u00e5nd. I helger og ferier holder skiutleien Loftet og Holtarstua \u00e5pent. Paviljongen holder \u00e5pent l\u00f8rdagen og flere dager i ... Les Mer\" \/>\n<meta property=\"og:url\" content=\"https:\/\/visitrauland.com\/rauland-skisenter\/skiomradene\/holtardalen\/\" \/>\n<meta property=\"og:site_name\" content=\"Rauland Skisenter\" \/>\n<meta property=\"article:modified_time\" content=\"2023-11-17T11:14:42+00:00\" \/>\n<meta name=\"twitter:card\" content=\"summary_large_image\" \/>\n<meta name=\"twitter:label1\" content=\"Ansl. lesetid\" \/>\n\t<meta name=\"twitter:data1\" content=\"2 minutter\" \/>\n<script type=\"application\/ld+json\" class=\"yoast-schema-graph\">{\"@context\":\"https:\/\/schema.org\",\"@graph\":[{\"@type\":\"WebPage\",\"@id\":\"https:\/\/visitrauland.com\/rauland-skisenter\/skiomradene\/holtardalen\/\",\"url\":\"https:\/\/visitrauland.com\/rauland-skisenter\/skiomradene\/holtardalen\/\",\"name\":\"Holtardalen - Rauland Skisenter\",\"isPartOf\":{\"@id\":\"https:\/\/visitrauland.com\/rauland-skisenter\/#website\"},\"datePublished\":\"2017-11-23T07:39:12+00:00\",\"dateModified\":\"2023-11-17T11:14:42+00:00\",\"breadcrumb\":{\"@id\":\"https:\/\/visitrauland.com\/rauland-skisenter\/skiomradene\/holtardalen\/#breadcrumb\"},\"inLanguage\":\"nb-NO\",\"potentialAction\":[{\"@type\":\"ReadAction\",\"target\":[\"https:\/\/visitrauland.com\/rauland-skisenter\/skiomradene\/holtardalen\/\"]}]},{\"@type\":\"BreadcrumbList\",\"@id\":\"https:\/\/visitrauland.com\/rauland-skisenter\/skiomradene\/holtardalen\/#breadcrumb\",\"itemListElement\":[{\"@type\":\"ListItem\",\"position\":1,\"name\":\"Hjem\",\"item\":\"https:\/\/visitrauland.com\/rauland-skisenter\/\"},{\"@type\":\"ListItem\",\"position\":2,\"name\":\"Skistedene\",\"item\":\"https:\/\/visitrauland.com\/rauland-skisenter\/skiomradene\/\"},{\"@type\":\"ListItem\",\"position\":3,\"name\":\"Holtardalen\"}]},{\"@type\":\"WebSite\",\"@id\":\"https:\/\/visitrauland.com\/rauland-skisenter\/#website\",\"url\":\"https:\/\/visitrauland.com\/rauland-skisenter\/\",\"name\":\"Rauland Skisenter\",\"description\":\"Aktiviteter for hele familien!\",\"potentialAction\":[{\"@type\":\"SearchAction\",\"target\":{\"@type\":\"EntryPoint\",\"urlTemplate\":\"https:\/\/visitrauland.com\/rauland-skisenter\/?s={search_term_string}\"},\"query-input\":{\"@type\":\"PropertyValueSpecification\",\"valueRequired\":true,\"valueName\":\"search_term_string\"}}],\"inLanguage\":\"nb-NO\"}]}<\/script>\n<!-- \/ Yoast SEO plugin. -->","yoast_head_json":{"title":"Holtardalen - Rauland Skisenter","robots":{"index":"index","follow":"follow","max-snippet":"max-snippet:-1","max-image-preview":"max-image-preview:large","max-video-preview":"max-video-preview:-1"},"canonical":"https:\/\/visitrauland.com\/rauland-skisenter\/skiomradene\/holtardalen\/","og_locale":"nb_NO","og_type":"article","og_title":"Holtardalen - Rauland Skisenter","og_description":"Holtardalen byr p\u00e5 brede l\u00f8yper som kan kj\u00f8res av de fleste, og en trivelig og avslappet atmosf\u00e6re. Vi har storskjerm i Holtardalen hvor vi viser idrettsarrangementer, film og informasjon. I Holtardalen finner du v\u00e5r 4 seters stolheis, to skitrekk og et skib\u00e5nd. I helger og ferier holder skiutleien Loftet og Holtarstua \u00e5pent. Paviljongen holder \u00e5pent l\u00f8rdagen og flere dager i ... Les Mer","og_url":"https:\/\/visitrauland.com\/rauland-skisenter\/skiomradene\/holtardalen\/","og_site_name":"Rauland Skisenter","article_modified_time":"2023-11-17T11:14:42+00:00","twitter_card":"summary_large_image","twitter_misc":{"Ansl. lesetid":"2 minutter"},"schema":{"@context":"https:\/\/schema.org","@graph":[{"@type":"WebPage","@id":"https:\/\/visitrauland.com\/rauland-skisenter\/skiomradene\/holtardalen\/","url":"https:\/\/visitrauland.com\/rauland-skisenter\/skiomradene\/holtardalen\/","name":"Holtardalen - Rauland Skisenter","isPartOf":{"@id":"https:\/\/visitrauland.com\/rauland-skisenter\/#website"},"datePublished":"2017-11-23T07:39:12+00:00","dateModified":"2023-11-17T11:14:42+00:00","breadcrumb":{"@id":"https:\/\/visitrauland.com\/rauland-skisenter\/skiomradene\/holtardalen\/#breadcrumb"},"inLanguage":"nb-NO","potentialAction":[{"@type":"ReadAction","target":["https:\/\/visitrauland.com\/rauland-skisenter\/skiomradene\/holtardalen\/"]}]},{"@type":"BreadcrumbList","@id":"https:\/\/visitrauland.com\/rauland-skisenter\/skiomradene\/holtardalen\/#breadcrumb","itemListElement":[{"@type":"ListItem","position":1,"name":"Hjem","item":"https:\/\/visitrauland.com\/rauland-skisenter\/"},{"@type":"ListItem","position":2,"name":"Skistedene","item":"https:\/\/visitrauland.com\/rauland-skisenter\/skiomradene\/"},{"@type":"ListItem","position":3,"name":"Holtardalen"}]},{"@type":"WebSite","@id":"https:\/\/visitrauland.com\/rauland-skisenter\/#website","url":"https:\/\/visitrauland.com\/rauland-skisenter\/","name":"Rauland Skisenter","description":"Aktiviteter for hele familien!","potentialAction":[{"@type":"SearchAction","target":{"@type":"EntryPoint","urlTemplate":"https:\/\/visitrauland.com\/rauland-skisenter\/?s={search_term_string}"},"query-input":{"@type":"PropertyValueSpecification","valueRequired":true,"valueName":"search_term_string"}}],"inLanguage":"nb-NO"}]}},"publishpress_future_action":{"enabled":false,"date":"2026-04-30 11:48:40","action":"change-status","newStatus":"draft","terms":[],"taxonomy":"","extraData":[]},"publishpress_future_workflow_manual_trigger":{"enabledWorkflows":[]},"_links":{"self":[{"href":"https:\/\/visitrauland.com\/rauland-skisenter\/wp-json\/wp\/v2\/pages\/550","targetHints":{"allow":["GET"]}}],"collection":[{"href":"https:\/\/visitrauland.com\/rauland-skisenter\/wp-json\/wp\/v2\/pages"}],"about":[{"href":"https:\/\/visitrauland.com\/rauland-skisenter\/wp-json\/wp\/v2\/types\/page"}],"author":[{"embeddable":true,"href":"https:\/\/visitrauland.com\/rauland-skisenter\/wp-json\/wp\/v2\/users\/1"}],"replies":[{"embeddable":true,"href":"https:\/\/visitrauland.com\/rauland-skisenter\/wp-json\/wp\/v2\/comments?post=550"}],"version-history":[{"count":13,"href":"https:\/\/visitrauland.com\/rauland-skisenter\/wp-json\/wp\/v2\/pages\/550\/revisions"}],"predecessor-version":[{"id":8720,"href":"https:\/\/visitrauland.com\/rauland-skisenter\/wp-json\/wp\/v2\/pages\/550\/revisions\/8720"}],"up":[{"embeddable":true,"href":"https:\/\/visitrauland.com\/rauland-skisenter\/wp-json\/wp\/v2\/pages\/468"}],"wp:attachment":[{"href":"https:\/\/visitrauland.com\/rauland-skisenter\/wp-json\/wp\/v2\/media?parent=550"}],"curies":[{"name":"wp","href":"https:\/\/api.w.org\/{rel}","templated":true}]}}