{"id":468,"date":"2017-11-21T01:15:32","date_gmt":"2017-11-21T00:15:32","guid":{"rendered":"https:\/\/visitrauland.com\/rauland-skisenter\/?page_id=468"},"modified":"2026-02-13T13:58:37","modified_gmt":"2026-02-13T12:58:37","slug":"skiomradene","status":"publish","type":"page","link":"https:\/\/visitrauland.com\/rauland-skisenter\/skiomradene\/","title":{"rendered":"Skistedene"},"content":{"rendered":"<div id=\"cs-content\" class=\"cs-content\"><div class=\"x-section e468-e1 md0-0 md0-1 md0-2 md0-3 hero-2026\"><div class=\"x-bg\" aria-hidden=\"true\"><div class=\"x-bg-layer-lower-image\"><\/div><div class=\"x-bg-layer-upper-color\"><\/div><\/div><div class=\"x-div e468-e2 md0-6\"><div class=\"x-text x-text-headline e468-e3 md0-7 md0-8\"><div class=\"x-text-content\"><div class=\"x-text-content-text\"><h1 class=\"x-text-content-text-primary\">V\u00e5re skisteder<\/h1>\n<\/div><\/div><\/div><\/div><\/div><div id=\"x-section-1\" class=\"x-section text-24px underhero-text\" style=\"margin: 0px;padding: 45px 0px; background-color: transparent;\"><div id class=\"x-container max width\" style=\"margin: 0px auto;padding: 0px;\"><div class=\"x-column x-sm x-1-2\" style=\"padding: 0px;\"><div id class=\"x-text\" style><p><strong> Rauland er en av Telemarks st\u00f8rste vinterdestinasjon og Rauland Skisenter er blant de st\u00f8rre anleggene i Norge. <span>Hos oss legger vi til rette for gode skiopplevelser for hele familien i et sn\u00f8sikkert fjellomr\u00e5de. Vi har 12 ulike skiheiser som frakter deg rundt om i anlegget. <\/span><\/strong><strong>Rauland Skisenter er et anlegg med fokus p\u00e5 familien og tilbyr nedfarter som passer for alle niv\u00e5.<\/strong><\/p>\n<p>Rauland Skisenter best\u00e5r av tre skiomr\u00e5der. <strong>Tiur<\/strong> og <strong>Holtardalen<\/strong> har 12 heiser og 26 nedfarter, p\u00e5 <strong>Vierli<\/strong> har vi 1 barneheis og 1 barnebakke. Her finner du noe for hele familien og vi har totalt over 20 kilometer med nedfarter.<\/p>\n<p>P\u00e5 Vierli kan de minste boltre seg i v\u00e5rt aktivitetsomr\u00e5det. Her har vi \u00e5pent barneheisen hver helg og hver dag i ferier.<\/p>\n<p><strong><a href=\"\/rauland-skisenter\/loypekart\/\">Se l\u00f8ypekart her<\/a><\/strong><\/p>\n<\/div><\/div><div class=\"x-column x-sm x-1-2\" style=\"padding: 0px;\"><span class=\"x-image e468-e9 md0-a\"><noscript><img decoding=\"async\" src=\"https:\/\/visitrauland.com\/rauland-skisenter\/wp-content\/uploads\/sites\/18\/2019\/11\/Holtardalen-Drone-1920-4.jpg\" width=\"960\" height=\"540\" alt=\"Vinterlandskap med sn\u00f8dekte fjell, hytter, skil\u00f8pere og biler p\u00e5 en solfylt dag i Norge.\"><\/noscript><img decoding=\"async\" src=\"data:image\/svg+xml,%3Csvg%20xmlns%3D%22http%3A%2F%2Fwww.w3.org%2F2000%2Fsvg%22%20viewBox%3D%220%200%20960%20540%22%3E%3C%2Fsvg%3E\" width=\"960\" height=\"540\" alt=\"Vinterlandskap med sn\u00f8dekte fjell, hytter, skil\u00f8pere og biler p\u00e5 en solfylt dag i Norge.\" data-src=\"https:\/\/visitrauland.com\/rauland-skisenter\/wp-content\/uploads\/sites\/18\/2019\/11\/Holtardalen-Drone-1920-4.jpg\" class=\" lazyload\"><\/span><span class=\"x-image e468-e10 md0-a\"><noscript><img decoding=\"async\" src=\"https:\/\/visitrauland.com\/rauland-skisenter\/wp-content\/uploads\/sites\/18\/2024\/10\/DSC_0408_1920_1709639983_1920_1729955583.jpg\" width=\"960\" height=\"540\" alt=\"Tre barn med skiutstyr smiler p\u00e5 sn\u00f8dekt bakke i solskinn. Vintermoro og utend\u00f8rsaktivitet for barn.\"><\/noscript><img decoding=\"async\" src=\"data:image\/svg+xml,%3Csvg%20xmlns%3D%22http%3A%2F%2Fwww.w3.org%2F2000%2Fsvg%22%20viewBox%3D%220%200%20960%20540%22%3E%3C%2Fsvg%3E\" width=\"960\" height=\"540\" alt=\"Tre barn med skiutstyr smiler p\u00e5 sn\u00f8dekt bakke i solskinn. Vintermoro og utend\u00f8rsaktivitet for barn.\" data-src=\"https:\/\/visitrauland.com\/rauland-skisenter\/wp-content\/uploads\/sites\/18\/2024\/10\/DSC_0408_1920_1709639983_1920_1729955583.jpg\" class=\" lazyload\"><\/span><\/div><\/div><\/div><div id=\"aktiviteter\" class=\"x-section\" style=\"margin: 0px;padding: 45px 0px; background-color: transparent;\"><div id class=\"x-container max width\" style=\"margin: 0px auto;padding: 0px;\"><div class=\"x-column x-sm x-1-1\" style=\"padding: 0px;\"><h2 class=\"h-custom-headline h3\"><span>Skistedene<\/span><\/h2><hr class=\"x-gap\" style=\"margin: 50px 0 0 0;\"><\/div><\/div><div id class=\"x-container max width\" style=\"margin: 0px auto;padding: 0px;\"><div class=\"x-column x-sm x-1-3\" style=\"padding: 0px;\"><div class=\"x-promo\"><div class=\"x-promo-image-wrap\"><noscript><img decoding=\"async\" src=\"https:\/\/visitrauland.com\/rauland-skisenter\/wp-content\/uploads\/sites\/18\/2024\/10\/Rauland-skisenter-92_1920_1713094042_1920_1729955499.jpg\"><\/noscript><img decoding=\"async\" src=\"data:image\/gif;base64,R0lGODlhAQABAIAAAAAAAP\/\/\/yH5BAEAAAAALAAAAAABAAEAAAIBRAA7\" data-src=\"https:\/\/visitrauland.com\/rauland-skisenter\/wp-content\/uploads\/sites\/18\/2024\/10\/Rauland-skisenter-92_1920_1713094042_1920_1729955499.jpg\" class=\" lazyload\"><\/div><div class=\"x-promo-content\"><p><strong><a href=\"\/rauland-skisenter\/skiomradene\/tiur\/\">TIUR<\/a><\/strong><br>\nTiur har nedfarter i alle lengder og vanskelighets- grader. Her finner du 2-seters stolheis, t-krok, 4 skitrekk og barneomr\u00e5de med figurer i bakken.<\/p>\n<p><a class=\"x-btn\" href=\"\/rauland-skisenter\/skiomradene\/tiur\/\" data-options=\"thumbnail: ''\">Les mer<\/a><\/p><\/div><\/div><\/div><div class=\"x-column x-sm x-1-3\" style=\"padding: 0px;\"><div class=\"x-promo\"><div class=\"x-promo-image-wrap\"><noscript><img decoding=\"async\" src=\"https:\/\/visitrauland.com\/rauland-skisenter\/wp-content\/uploads\/sites\/18\/2019\/01\/Holtardalen-toppen-1920.jpg\"><\/noscript><img decoding=\"async\" src=\"data:image\/gif;base64,R0lGODlhAQABAIAAAAAAAP\/\/\/yH5BAEAAAAALAAAAAABAAEAAAIBRAA7\" data-src=\"https:\/\/visitrauland.com\/rauland-skisenter\/wp-content\/uploads\/sites\/18\/2019\/01\/Holtardalen-toppen-1920.jpg\" class=\" lazyload\"><\/div><div class=\"x-promo-content\"><p><strong><a href=\"\/rauland-skisenter\/skiomradene\/holtardalen\/\">HOLTARDALEN<\/a><\/strong><br>\nTiur har forbindelse til Holtardalen. Her er store oversiktlige nedfarter, barneomr\u00e5de med skib\u00e5nd for de minste og v\u00e5r 4-seters stolheis.<\/p>\n<p><a class=\"x-btn\" href=\"\/rauland-skisenter\/skiomradene\/holtardalen\/\" data-options=\"thumbnail: ''\">Les mer<\/a><\/p><\/div><\/div><\/div><div class=\"x-column x-sm x-1-3\" style=\"padding: 0px;\"><div class=\"x-promo\"><div class=\"x-promo-image-wrap\"><noscript><img decoding=\"async\" src=\"https:\/\/visitrauland.com\/rauland-skisenter\/wp-content\/uploads\/sites\/18\/2020\/02\/Drone-Vierli-2020-3.jpg\"><\/noscript><img decoding=\"async\" src=\"data:image\/gif;base64,R0lGODlhAQABAIAAAAAAAP\/\/\/yH5BAEAAAAALAAAAAABAAEAAAIBRAA7\" data-src=\"https:\/\/visitrauland.com\/rauland-skisenter\/wp-content\/uploads\/sites\/18\/2020\/02\/Drone-Vierli-2020-3.jpg\" class=\" lazyload\"><\/div><div class=\"x-promo-content\"><p><strong><a href=\"\/rauland-skisenter\/aktiviteter\/\">VIERLI<\/a><\/strong><br>\nVierli er stedet for de minste. Vierli Barneomr\u00e5de har en heis, aktiviteter som miniscooter og trampoline. Vierli har et perfekt utgangspunkt for langrennsturen<\/p>\n<p><a class=\"x-btn\" href=\"\/rauland-skisenter\/aktiviteter\/\" data-options=\"thumbnail: ''\">Les mer<\/a><\/p><\/div><\/div><\/div><\/div><div id class=\"x-container max width\" style=\"margin: 0px auto;padding: 0px;\"><div class=\"x-column x-sm x-1-3\" style=\"padding: 0px;\"><div class=\"x-promo\"><div class=\"x-promo-image-wrap\"><noscript><img decoding=\"async\" src=\"https:\/\/visitrauland.com\/rauland-skisenter\/wp-content\/uploads\/sites\/18\/2022\/03\/DSC00281_1920.jpg\"><\/noscript><img decoding=\"async\" src=\"data:image\/gif;base64,R0lGODlhAQABAIAAAAAAAP\/\/\/yH5BAEAAAAALAAAAAABAAEAAAIBRAA7\" data-src=\"https:\/\/visitrauland.com\/rauland-skisenter\/wp-content\/uploads\/sites\/18\/2022\/03\/DSC00281_1920.jpg\" class=\" lazyload\"><\/div><div class=\"x-promo-content\"><p><strong><a href=\"\/rauland-skisenter\/alpintvettreglene\/\">SIKKERHET<\/a><\/strong><br>\nLes og f\u00f8lg alpinreglene - for din og andres sikkerhet!<\/p>\n<p><a class=\"x-btn\" href=\"\/rauland-skisenter\/alpintvettreglene\/\" data-options=\"thumbnail: ''\">Les mer<\/a><\/p><\/div><\/div><\/div><div class=\"x-column x-sm x-1-3\" style=\"padding: 0px;\"><div class=\"x-promo\"><div class=\"x-promo-image-wrap\"><noscript><img decoding=\"async\" src=\"https:\/\/visitrauland.com\/rauland-skisenter\/wp-content\/uploads\/sites\/18\/2024\/11\/Rauland_pistemap_4.4_web2524px_1920_1732037260.jpg\"><\/noscript><img decoding=\"async\" src=\"data:image\/gif;base64,R0lGODlhAQABAIAAAAAAAP\/\/\/yH5BAEAAAAALAAAAAABAAEAAAIBRAA7\" data-src=\"https:\/\/visitrauland.com\/rauland-skisenter\/wp-content\/uploads\/sites\/18\/2024\/11\/Rauland_pistemap_4.4_web2524px_1920_1732037260.jpg\" class=\" lazyload\"><\/div><div class=\"x-promo-content\"><p><strong><a href=\"\/rauland-skisenter\/loypekart\/\">L\u00d8YPEKART<\/a><\/strong><br>\nSe oversikt over alle nedfartene i Rauland.<\/p>\n<p><a class=\"x-btn\" href=\"\/rauland-skisenter\/loypekart\/\" data-options=\"thumbnail: ''\">Les mer<\/a><\/p><\/div><\/div><\/div><div class=\"x-column x-sm x-1-3\" style=\"padding: 0px;\"><div class=\"x-promo\"><div class=\"x-promo-image-wrap\"><noscript><img decoding=\"async\" src=\"https:\/\/visitrauland.com\/rauland-skisenter\/wp-content\/uploads\/sites\/18\/2025\/02\/Skibussen_1920_1735315631.jpg\"><\/noscript><img decoding=\"async\" src=\"data:image\/gif;base64,R0lGODlhAQABAIAAAAAAAP\/\/\/yH5BAEAAAAALAAAAAABAAEAAAIBRAA7\" data-src=\"https:\/\/visitrauland.com\/rauland-skisenter\/wp-content\/uploads\/sites\/18\/2025\/02\/Skibussen_1920_1735315631.jpg\" class=\" lazyload\"><\/div><div class=\"x-promo-content\"><p><strong><a href=\"\/skiferie\/alpint\/skibussen\/\">SKIBUSS<\/a><\/strong><br>\nGratis skibuss i Rauland for overnattingsgjester - se rutetider her.<\/p>\n<p><a class=\"x-btn\" href=\"\/skiferie\/alpint\/skibussen\/\" data-options=\"thumbnail: ''\">Les mer<\/a><\/p><\/div><\/div><\/div><\/div><\/div><div id=\"x-section-3\" class=\"x-section\" style=\"margin: 0px;padding: 0 0px; background-color: #E03B22;\"><div id class=\"x-container max width\" style=\"margin: 0px auto;padding: 0px;\"><div class=\"x-column x-sm x-1-1\" style=\"padding: 0px;\"><div class=\"x-text x-text-headline e468-e33 md0-8 md0-9\"><div class=\"x-text-content\"><div class=\"x-text-content-text\"><h2 class=\"x-text-content-text-primary\">Skibussen i Rauland<\/h2>\n<\/div><\/div><\/div><div class=\"x-text x-content e468-e34 md0-c\">Du trenger ikke v\u00e6re avhengig av bil i Rauland. Skibussen kj\u00f8rer daglig til og fra skistedene og sentrum, og er gratis for alle overnattingsgjester.<\/div><a class=\"x-anchor x-anchor-button e468-e35 md0-d md0-e dark-hover rauland-white-button\" tabindex=\"0\" href=\"\/skiferie\/alpint\/skibussen\/\"><div class=\"x-anchor-content\"><div class=\"x-anchor-text\"><span class=\"x-anchor-text-primary\">Rutetider<\/span><\/div><\/div><\/a><\/div><\/div><\/div><div class=\"x-section e468-e36 md0-0 md0-3 md0-4 md0-5\"><div class=\"x-bg\" aria-hidden=\"true\"><div class=\"x-bg-layer-lower-image\" data-x-element-bg-layer=\"{&quot;parallaxSize&quot;:&quot;150%&quot;,&quot;parallaxDir&quot;:&quot;v&quot;,&quot;parallaxRev&quot;:false}\"><\/div><\/div><div class=\"x-row x-container max width e468-e37 md0-g md0-h md0-i md0-l\"><div class=\"x-row-inner\"><div class=\"x-col e468-e38 md0-p\"><\/div><\/div><\/div><\/div><div class=\"x-section e468-e39 md0-0 md0-2 md0-4 scroll-map-section\"><div class=\"x-row e468-e40 md0-g md0-h md0-j md0-m md0-n\"><div class=\"x-row-inner\"><div class=\"x-col e468-e41 md0-p scroll-map-column\"><span class=\"x-image e468-e42 md0-a md0-b\"><noscript><img decoding=\"async\" src=\"https:\/\/visitrauland.com\/rauland-skisenter\/wp-content\/uploads\/sites\/18\/2026\/02\/Rauland_vinter_1.2.7_1920_1768835580.jpg\" width=\"1920\" height=\"1080\" alt=\"Kart over Rauland med turstier, skiresorter og aktiviteter i fjellandskap. Perfekt for vinteropplevelser.\"><\/noscript><img decoding=\"async\" src=\"data:image\/svg+xml,%3Csvg%20xmlns%3D%22http%3A%2F%2Fwww.w3.org%2F2000%2Fsvg%22%20viewBox%3D%220%200%201920%201080%22%3E%3C%2Fsvg%3E\" width=\"1920\" height=\"1080\" alt=\"Kart over Rauland med turstier, skiresorter og aktiviteter i fjellandskap. Perfekt for vinteropplevelser.\" data-src=\"https:\/\/visitrauland.com\/rauland-skisenter\/wp-content\/uploads\/sites\/18\/2026\/02\/Rauland_vinter_1.2.7_1920_1768835580.jpg\" class=\" lazyload\"><\/span><\/div><\/div><\/div><div class=\"x-row x-container max width e468-e43 md0-g md0-k md0-m md0-o scroll-map-button-row\"><div class=\"x-row-inner\"><div class=\"x-col e468-e44 md0-p\"><a class=\"x-anchor x-anchor-button e468-e45 md0-d md0-f dark-hover rauland-white-button\" tabindex=\"0\" href=\"https:\/\/visitrauland.com\/opplev-rauland-med-vart-nye-vinterkart\/\"><div class=\"x-anchor-content\"><div class=\"x-anchor-text\"><span class=\"x-anchor-text-primary\">Last ned kart<\/span><\/div><\/div><\/a><\/div><\/div><\/div><\/div><\/div>\n","protected":false},"excerpt":{"rendered":"<p>V\u00e5re skisteder Rauland er en av Telemarks st\u00f8rste vinterdestinasjon og Rauland Skisenter er blant de st\u00f8rre anleggene i Norge. Hos oss legger vi til rette for gode skiopplevelser for hele familien i et sn\u00f8sikkert fjellomr\u00e5de. Vi har 12 ulike skiheiser som frakter deg rundt om i anlegget. Rauland Skisenter er et anlegg med fokus p\u00e5 familien og tilbyr nedfarter som &#8230; <\/p>\n<div><a href=\"https:\/\/visitrauland.com\/rauland-skisenter\/skiomradene\/\" class=\"more-link\">Les Mer<\/a><\/div>\n","protected":false},"author":1,"featured_media":0,"parent":0,"menu_order":0,"comment_status":"closed","ping_status":"closed","template":"template-blank-4.php","meta":{"_relevanssi_hide_post":"","_relevanssi_hide_content":"","_relevanssi_pin_for_all":"","_relevanssi_pin_keywords":"","_relevanssi_unpin_keywords":"","_relevanssi_related_keywords":"","_relevanssi_related_include_ids":"","_relevanssi_related_exclude_ids":"","_relevanssi_related_no_append":"","_relevanssi_related_not_related":"","_relevanssi_related_posts":"7649,10952,10423,10987,10922,10511","_relevanssi_noindex_reason":"","seo_booster_metabox":"","footnotes":""},"class_list":["post-468","page","type-page","status-publish","hentry","no-post-thumbnail"],"yoast_head":"<!-- This site is optimized with the Yoast SEO plugin v27.2 - https:\/\/yoast.com\/product\/yoast-seo-wordpress\/ -->\n<title>Skistedene - Rauland Skisenter<\/title>\n<meta name=\"robots\" content=\"index, follow, max-snippet:-1, max-image-preview:large, max-video-preview:-1\" \/>\n<link rel=\"canonical\" href=\"https:\/\/visitrauland.com\/rauland-skisenter\/skiomradene\/\" \/>\n<meta property=\"og:locale\" content=\"nb_NO\" \/>\n<meta property=\"og:type\" content=\"article\" \/>\n<meta property=\"og:title\" content=\"Skistedene - Rauland Skisenter\" \/>\n<meta property=\"og:description\" content=\"V\u00e5re skisteder Rauland er en av Telemarks st\u00f8rste vinterdestinasjon og Rauland Skisenter er blant de st\u00f8rre anleggene i Norge. Hos oss legger vi til rette for gode skiopplevelser for hele familien i et sn\u00f8sikkert fjellomr\u00e5de. Vi har 12 ulike skiheiser som frakter deg rundt om i anlegget. Rauland Skisenter er et anlegg med fokus p\u00e5 familien og tilbyr nedfarter som ... Les Mer\" \/>\n<meta property=\"og:url\" content=\"https:\/\/visitrauland.com\/rauland-skisenter\/skiomradene\/\" \/>\n<meta property=\"og:site_name\" content=\"Rauland Skisenter\" \/>\n<meta property=\"article:modified_time\" content=\"2026-02-13T12:58:37+00:00\" \/>\n<meta name=\"twitter:card\" content=\"summary_large_image\" \/>\n<meta name=\"twitter:label1\" content=\"Ansl. lesetid\" \/>\n\t<meta name=\"twitter:data1\" content=\"8 minutter\" \/>\n<script type=\"application\/ld+json\" class=\"yoast-schema-graph\">{\"@context\":\"https:\/\/schema.org\",\"@graph\":[{\"@type\":\"WebPage\",\"@id\":\"https:\/\/visitrauland.com\/rauland-skisenter\/skiomradene\/\",\"url\":\"https:\/\/visitrauland.com\/rauland-skisenter\/skiomradene\/\",\"name\":\"Skistedene - Rauland Skisenter\",\"isPartOf\":{\"@id\":\"https:\/\/visitrauland.com\/rauland-skisenter\/#website\"},\"datePublished\":\"2017-11-21T00:15:32+00:00\",\"dateModified\":\"2026-02-13T12:58:37+00:00\",\"breadcrumb\":{\"@id\":\"https:\/\/visitrauland.com\/rauland-skisenter\/skiomradene\/#breadcrumb\"},\"inLanguage\":\"nb-NO\",\"potentialAction\":[{\"@type\":\"ReadAction\",\"target\":[\"https:\/\/visitrauland.com\/rauland-skisenter\/skiomradene\/\"]}]},{\"@type\":\"BreadcrumbList\",\"@id\":\"https:\/\/visitrauland.com\/rauland-skisenter\/skiomradene\/#breadcrumb\",\"itemListElement\":[{\"@type\":\"ListItem\",\"position\":1,\"name\":\"Hjem\",\"item\":\"https:\/\/visitrauland.com\/rauland-skisenter\/\"},{\"@type\":\"ListItem\",\"position\":2,\"name\":\"Skistedene\"}]},{\"@type\":\"WebSite\",\"@id\":\"https:\/\/visitrauland.com\/rauland-skisenter\/#website\",\"url\":\"https:\/\/visitrauland.com\/rauland-skisenter\/\",\"name\":\"Rauland Skisenter\",\"description\":\"Aktiviteter for hele familien!\",\"potentialAction\":[{\"@type\":\"SearchAction\",\"target\":{\"@type\":\"EntryPoint\",\"urlTemplate\":\"https:\/\/visitrauland.com\/rauland-skisenter\/?s={search_term_string}\"},\"query-input\":{\"@type\":\"PropertyValueSpecification\",\"valueRequired\":true,\"valueName\":\"search_term_string\"}}],\"inLanguage\":\"nb-NO\"}]}<\/script>\n<!-- \/ Yoast SEO plugin. -->","yoast_head_json":{"title":"Skistedene - Rauland Skisenter","robots":{"index":"index","follow":"follow","max-snippet":"max-snippet:-1","max-image-preview":"max-image-preview:large","max-video-preview":"max-video-preview:-1"},"canonical":"https:\/\/visitrauland.com\/rauland-skisenter\/skiomradene\/","og_locale":"nb_NO","og_type":"article","og_title":"Skistedene - Rauland Skisenter","og_description":"V\u00e5re skisteder Rauland er en av Telemarks st\u00f8rste vinterdestinasjon og Rauland Skisenter er blant de st\u00f8rre anleggene i Norge. Hos oss legger vi til rette for gode skiopplevelser for hele familien i et sn\u00f8sikkert fjellomr\u00e5de. Vi har 12 ulike skiheiser som frakter deg rundt om i anlegget. Rauland Skisenter er et anlegg med fokus p\u00e5 familien og tilbyr nedfarter som ... Les Mer","og_url":"https:\/\/visitrauland.com\/rauland-skisenter\/skiomradene\/","og_site_name":"Rauland Skisenter","article_modified_time":"2026-02-13T12:58:37+00:00","twitter_card":"summary_large_image","twitter_misc":{"Ansl. lesetid":"8 minutter"},"schema":{"@context":"https:\/\/schema.org","@graph":[{"@type":"WebPage","@id":"https:\/\/visitrauland.com\/rauland-skisenter\/skiomradene\/","url":"https:\/\/visitrauland.com\/rauland-skisenter\/skiomradene\/","name":"Skistedene - Rauland Skisenter","isPartOf":{"@id":"https:\/\/visitrauland.com\/rauland-skisenter\/#website"},"datePublished":"2017-11-21T00:15:32+00:00","dateModified":"2026-02-13T12:58:37+00:00","breadcrumb":{"@id":"https:\/\/visitrauland.com\/rauland-skisenter\/skiomradene\/#breadcrumb"},"inLanguage":"nb-NO","potentialAction":[{"@type":"ReadAction","target":["https:\/\/visitrauland.com\/rauland-skisenter\/skiomradene\/"]}]},{"@type":"BreadcrumbList","@id":"https:\/\/visitrauland.com\/rauland-skisenter\/skiomradene\/#breadcrumb","itemListElement":[{"@type":"ListItem","position":1,"name":"Hjem","item":"https:\/\/visitrauland.com\/rauland-skisenter\/"},{"@type":"ListItem","position":2,"name":"Skistedene"}]},{"@type":"WebSite","@id":"https:\/\/visitrauland.com\/rauland-skisenter\/#website","url":"https:\/\/visitrauland.com\/rauland-skisenter\/","name":"Rauland Skisenter","description":"Aktiviteter for hele familien!","potentialAction":[{"@type":"SearchAction","target":{"@type":"EntryPoint","urlTemplate":"https:\/\/visitrauland.com\/rauland-skisenter\/?s={search_term_string}"},"query-input":{"@type":"PropertyValueSpecification","valueRequired":true,"valueName":"search_term_string"}}],"inLanguage":"nb-NO"}]}},"publishpress_future_action":{"enabled":false,"date":"2026-04-15 01:11:17","action":"change-status","newStatus":"draft","terms":[],"taxonomy":"","extraData":[]},"publishpress_future_workflow_manual_trigger":{"enabledWorkflows":[]},"_links":{"self":[{"href":"https:\/\/visitrauland.com\/rauland-skisenter\/wp-json\/wp\/v2\/pages\/468","targetHints":{"allow":["GET"]}}],"collection":[{"href":"https:\/\/visitrauland.com\/rauland-skisenter\/wp-json\/wp\/v2\/pages"}],"about":[{"href":"https:\/\/visitrauland.com\/rauland-skisenter\/wp-json\/wp\/v2\/types\/page"}],"author":[{"embeddable":true,"href":"https:\/\/visitrauland.com\/rauland-skisenter\/wp-json\/wp\/v2\/users\/1"}],"replies":[{"embeddable":true,"href":"https:\/\/visitrauland.com\/rauland-skisenter\/wp-json\/wp\/v2\/comments?post=468"}],"version-history":[{"count":58,"href":"https:\/\/visitrauland.com\/rauland-skisenter\/wp-json\/wp\/v2\/pages\/468\/revisions"}],"predecessor-version":[{"id":11056,"href":"https:\/\/visitrauland.com\/rauland-skisenter\/wp-json\/wp\/v2\/pages\/468\/revisions\/11056"}],"wp:attachment":[{"href":"https:\/\/visitrauland.com\/rauland-skisenter\/wp-json\/wp\/v2\/media?parent=468"}],"curies":[{"name":"wp","href":"https:\/\/api.w.org\/{rel}","templated":true}]}}