{"id":452,"date":"2017-11-20T21:53:55","date_gmt":"2017-11-20T20:53:55","guid":{"rendered":"https:\/\/visitrauland.com\/rauland-skisenter\/?page_id=452"},"modified":"2026-02-13T14:04:03","modified_gmt":"2026-02-13T13:04:03","slug":"aktiviteter","status":"publish","type":"page","link":"https:\/\/visitrauland.com\/rauland-skisenter\/aktiviteter\/","title":{"rendered":"Aktiviteter hos Rauland Skisenter"},"content":{"rendered":"<div id=\"cs-content\" class=\"cs-content\"><div class=\"x-section e452-e1 mck-0 mck-1 hero-2026\"><div class=\"x-bg\" aria-hidden=\"true\"><div class=\"x-bg-layer-lower-image\"><\/div><div class=\"x-bg-layer-upper-color\"><\/div><\/div><div class=\"x-div e452-e2 mck-3\"><div class=\"x-text x-text-headline e452-e3 mck-4\"><div class=\"x-text-content\"><div class=\"x-text-content-text\"><h1 class=\"x-text-content-text-primary\">Aktiviteter p\u00e5<br>Rauland Skisenter<\/h1>\n<\/div><\/div><\/div><\/div><\/div><div id=\"aktiviteter\" class=\"x-section\" style=\"margin: 0px;padding: 45px 0px; background-color: transparent;\"><div id class=\"x-container max width\" style=\"margin: 0px auto;padding: 0px;\"><div class=\"x-column x-sm x-1-1\" style=\"padding: 0px;\"><h2 class=\"h-custom-headline h3\"><span>Aktivitetstilbud p\u00e5 Rauland Skisenter\n<\/span><\/h2><hr class=\"x-gap\" style=\"margin: 50px 0 0 0;\"><\/div><\/div><div id class=\"x-container max width\" style=\"margin: 0px auto;padding: 0px;\"><div class=\"x-column x-sm x-1-3\" style=\"padding: 0px;\"><div class=\"x-promo\"><div class=\"x-promo-image-wrap\"><noscript><img decoding=\"async\" src=\"https:\/\/visitrauland.com\/rauland-skisenter\/wp-content\/uploads\/sites\/18\/2025\/02\/DSC_0408_1920_1709639983_1920_1729955414.jpg\" alt=\"Barn nyter vinterferie p\u00e5 ski, if\u00f8rt hjelmer og vinterkl\u00e6r, p\u00e5 en solfylt dag i bakken.\"><\/noscript><img decoding=\"async\" src=\"data:image\/gif;base64,R0lGODlhAQABAIAAAAAAAP\/\/\/yH5BAEAAAAALAAAAAABAAEAAAIBRAA7\" alt=\"Barn nyter vinterferie p\u00e5 ski, if\u00f8rt hjelmer og vinterkl\u00e6r, p\u00e5 en solfylt dag i bakken.\" data-src=\"https:\/\/visitrauland.com\/rauland-skisenter\/wp-content\/uploads\/sites\/18\/2025\/02\/DSC_0408_1920_1709639983_1920_1729955414.jpg\" class=\" lazyload\"><\/div><div class=\"x-promo-content\"><p><span style=\"color: #ff6600;\"><a href=\"\/rauland-skisenter\/vierli\/lekeland\/\"><b>BARNEAKTIVITETER P\u00c5 VIERLI<\/b><\/a><\/span><br>\nMini-scooter p\u00e5 bane, Norges kuleste sn\u00f8borg, minikjelker, aktivitetsl\u00f8ype og trampoline.&nbsp;<br>\nP\u00e5 Vierli tilbyr vi noe for hele familien, store og sm\u00e5.<\/p>\n<p><a class=\"x-btn\" href=\"\/rauland-skisenter\/vierli\/lekeland\/\" data-options=\"thumbnail: ''\">Les mer<\/a><\/p><\/div><\/div><\/div><div class=\"x-column x-sm x-1-3\" style=\"padding: 0px;\"><div class=\"x-promo\"><div class=\"x-promo-image-wrap\"><noscript><img decoding=\"async\" src=\"https:\/\/visitrauland.com\/rauland-skisenter\/wp-content\/uploads\/sites\/18\/2024\/10\/Langrennsspor-1920.jpg\" alt=\"Nypreparerte skispor i en sn\u00f8dekt dal med fjell i bakgrunnen, klar for langrenn.\"><\/noscript><img decoding=\"async\" src=\"data:image\/gif;base64,R0lGODlhAQABAIAAAAAAAP\/\/\/yH5BAEAAAAALAAAAAABAAEAAAIBRAA7\" alt=\"Nypreparerte skispor i en sn\u00f8dekt dal med fjell i bakgrunnen, klar for langrenn.\" data-src=\"https:\/\/visitrauland.com\/rauland-skisenter\/wp-content\/uploads\/sites\/18\/2024\/10\/Langrennsspor-1920.jpg\" class=\" lazyload\"><\/div><div class=\"x-promo-content\"><p><strong><a href=\"\/skiferie\/langrenn\/\">LANGRENN<\/a><\/strong><br>\nVierli er et perfekt utgangspunkt for langrennsturen. Rauland tilbyr 150 km med langrennsl\u00f8yper i variert terreng.<\/p>\n<p><a class=\"x-btn\" href=\"\/skiferie\/langrenn\/\" data-options=\"thumbnail: ''\">Les mer<\/a><\/p><\/div><\/div><\/div><div class=\"x-column x-sm x-1-3\" style=\"padding: 0px;\"><div class=\"x-promo\"><div class=\"x-promo-image-wrap\"><noscript><img decoding=\"async\" src=\"https:\/\/visitrauland.com\/rauland-skisenter\/wp-content\/uploads\/sites\/18\/2022\/02\/badstuer-19200.jpg\" alt=\"To sm\u00e5 hytter i et sn\u00f8dekket fjellandskap under klar bl\u00e5 himmel.\"><\/noscript><img decoding=\"async\" src=\"data:image\/gif;base64,R0lGODlhAQABAIAAAAAAAP\/\/\/yH5BAEAAAAALAAAAAABAAEAAAIBRAA7\" alt=\"To sm\u00e5 hytter i et sn\u00f8dekket fjellandskap under klar bl\u00e5 himmel.\" data-src=\"https:\/\/visitrauland.com\/rauland-skisenter\/wp-content\/uploads\/sites\/18\/2022\/02\/badstuer-19200.jpg\" class=\" lazyload\"><\/div><div class=\"x-promo-content\"><p><strong><a href=\"https:\/\/visitrauland.com\/rauland-skisenter\/aktiviteter\/badstuer\/\">BADSTUER P\u00c5 VIERLI<\/a><\/strong><br>\nV\u00e5rt nyeste tilbud p\u00e5 toppen av Rauland. Les mer her om priser, vilk\u00e5r og regler.<\/p>\n<p><a class=\"x-btn\" href=\"https:\/\/visitrauland.com\/rauland-skisenter\/aktiviteter\/badstuer\/\" data-options=\"thumbnail: ''\">Les mer<\/a><\/p><\/div><\/div><\/div><\/div><div id class=\"x-container max width\" style=\"margin: 0px auto;padding: 0px;\"><div class=\"x-column x-sm x-1-3\" style=\"padding: 0px;\"><div class=\"x-promo\"><div class=\"x-promo-image-wrap\"><noscript><img decoding=\"async\" src=\"https:\/\/visitrauland.com\/rauland-skisenter\/wp-content\/uploads\/sites\/18\/2025\/02\/DSC04613-Enhanced-NR_1920_1739707374.jpg\" alt=\"To personer kj\u00f8rer sn\u00f8scooter i sn\u00f8dekte fjelllandskaper, if\u00f8rt fargerike skibriller og hjelmer.\"><\/noscript><img decoding=\"async\" src=\"data:image\/gif;base64,R0lGODlhAQABAIAAAAAAAP\/\/\/yH5BAEAAAAALAAAAAABAAEAAAIBRAA7\" alt=\"To personer kj\u00f8rer sn\u00f8scooter i sn\u00f8dekte fjelllandskaper, if\u00f8rt fargerike skibriller og hjelmer.\" data-src=\"https:\/\/visitrauland.com\/rauland-skisenter\/wp-content\/uploads\/sites\/18\/2025\/02\/DSC04613-Enhanced-NR_1920_1739707374.jpg\" class=\" lazyload\"><\/div><div class=\"x-promo-content\"><p><strong><a href=\"\/rauland-skisenter\/aktiviteter\/snoscooter\/\">SN\u00d8SCOOTER<\/a><\/strong><br>\nRauland Skisenter tilbyr sn\u00f8scooter i egne tilrettelagte l\u00f8yper!<\/p>\n<p><a class=\"x-btn\" href=\"\/rauland-skisenter\/aktiviteter\/snoscooter\/\" data-options=\"thumbnail: ''\">Les mer<\/a><\/p><\/div><\/div><\/div><div class=\"x-column x-sm x-1-3\" style=\"padding: 0px;\"><div class=\"x-promo\"><div class=\"x-promo-image-wrap\"><noscript><img decoding=\"async\" src=\"https:\/\/visitrauland.com\/rauland-skisenter\/wp-content\/uploads\/sites\/18\/2018\/12\/Kiting-2019-1-900.png\" alt=\"Person kitesurfer p\u00e5 sn\u00f8dekket fjell med oransje kite, if\u00f8rt gr\u00f8nn jakke. Ekstrem vintersport i fjellet.\"><\/noscript><img decoding=\"async\" src=\"data:image\/gif;base64,R0lGODlhAQABAIAAAAAAAP\/\/\/yH5BAEAAAAALAAAAAABAAEAAAIBRAA7\" alt=\"Person kitesurfer p\u00e5 sn\u00f8dekket fjell med oransje kite, if\u00f8rt gr\u00f8nn jakke. Ekstrem vintersport i fjellet.\" data-src=\"https:\/\/visitrauland.com\/rauland-skisenter\/wp-content\/uploads\/sites\/18\/2018\/12\/Kiting-2019-1-900.png\" class=\" lazyload\"><\/div><div class=\"x-promo-content\"><p><strong><a href=\"https:\/\/visitrauland.com\/skiferietelemark\/kiting\/\">KITING <\/a><\/strong><br>\nMeld deg p\u00e5 weekendkurs i regi av Powerkite. Den ultimate gavepakken til deg seg eller familie\/venner.<\/p>\n<p><a class=\"x-btn\" href=\"https:\/\/visitrauland.com\/skiferietelemark\/kiting\/\" data-options=\"thumbnail: ''\"> Les mer<\/a><\/p><\/div><\/div><\/div><div class=\"x-column x-sm x-1-3\" style=\"padding: 0px;\"><div class=\"x-promo\"><div class=\"x-promo-image-wrap\"><noscript><img decoding=\"async\" src=\"https:\/\/visitrauland.com\/rauland-skisenter\/wp-content\/uploads\/sites\/18\/2025\/04\/image_processed-56C837DB-8C74-42A6-A224-61235FB64474_1920x1080_1744456435.jpg\" alt=\"Minigolfbane utend\u00f8rs med sn\u00f8kledd bakgrunn og fjell under bl\u00e5 himmel.\"><\/noscript><img decoding=\"async\" src=\"data:image\/gif;base64,R0lGODlhAQABAIAAAAAAAP\/\/\/yH5BAEAAAAALAAAAAABAAEAAAIBRAA7\" alt=\"Minigolfbane utend\u00f8rs med sn\u00f8kledd bakgrunn og fjell under bl\u00e5 himmel.\" data-src=\"https:\/\/visitrauland.com\/rauland-skisenter\/wp-content\/uploads\/sites\/18\/2025\/04\/image_processed-56C837DB-8C74-42A6-A224-61235FB64474_1920x1080_1744456435.jpg\" class=\" lazyload\"><\/div><div class=\"x-promo-content\"><p><strong><a href=\"https:\/\/visitrauland.com\/rauland-skisenter\/sommeraktiviteter\/\">SOMMERAKTIVITETER <\/a><\/strong><br>\nBarnas seter, b\u00e5t og kano eller minigolf? Les mer om hva vi kan tilby i sommerhalv\u00e5ret.<\/p>\n<p><a class=\"x-btn\" href=\"https:\/\/visitrauland.com\/rauland-skisenter\/sommeraktiviteter\/\" data-options=\"thumbnail: ''\">Les mer<\/a><\/p><\/div><\/div><\/div><\/div><\/div><div class=\"x-section e452-e23 mck-0 mck-2\"><div class=\"x-bg\"><div class=\"x-bg-layer-lower-img\" data-x-element-bg-layer=\"{&quot;parallaxSize&quot;:&quot;150%&quot;,&quot;parallaxDir&quot;:&quot;v&quot;,&quot;parallaxRev&quot;:false}\"><noscript><img decoding=\"async\" src=\"https:\/\/visitrauland.com\/rauland-skisenter\/wp-content\/uploads\/sites\/18\/2023\/01\/DSCF7573_1920.jpg\" alt=\"Mennesker st\u00e5r p\u00e5 ski ned sn\u00f8dekte bakker med vidstrakt vinterlandskap i bakgrunnen.\"><\/noscript><img decoding=\"async\" src=\"data:image\/gif;base64,R0lGODlhAQABAIAAAAAAAP\/\/\/yH5BAEAAAAALAAAAAABAAEAAAIBRAA7\" alt=\"Mennesker st\u00e5r p\u00e5 ski ned sn\u00f8dekte bakker med vidstrakt vinterlandskap i bakgrunnen.\" data-src=\"https:\/\/visitrauland.com\/rauland-skisenter\/wp-content\/uploads\/sites\/18\/2023\/01\/DSCF7573_1920.jpg\" class=\" lazyload\"><\/div><\/div><div class=\"x-row x-container max width e452-e24 mck-5 mck-6\"><div class=\"x-row-inner\"><div class=\"x-col e452-e25 mck-7\"><\/div><\/div><\/div><\/div><div id=\"x-section-2\" class=\"x-section\" style=\"margin: 0px;padding: 45px 0px; background-color: transparent;\"><div id class=\"x-container max width\" style=\"margin: 0px auto;padding: 0px;\"><div class=\"x-column x-sm x-1-1\" style=\"padding: 0px;\"><h2 class=\"h-custom-headline h3\"><span>Alpint p\u00e5 Rauland Skisenter<\/span><\/h2><hr class=\"x-gap\" style=\"margin: 50px 0 0 0;\"><\/div><\/div><div id class=\"x-container max width\" style=\"margin: 0px auto;padding: 0px;\"><div class=\"x-column x-sm x-1-3\" style=\"padding: 0px;\"><div class=\"x-promo\"><div class=\"x-promo-image-wrap\"><noscript><img decoding=\"async\" src=\"https:\/\/visitrauland.com\/rauland-skisenter\/wp-content\/uploads\/sites\/18\/2023\/03\/hustveit_skisenteret064_DannyTwang_1920.jpg\" alt=\"Folk p\u00e5 skiheis nyter solfylt dag i skianlegg, klare for nedfart i sn\u00f8dekte l\u00f8yper.\"><\/noscript><img decoding=\"async\" src=\"data:image\/gif;base64,R0lGODlhAQABAIAAAAAAAP\/\/\/yH5BAEAAAAALAAAAAABAAEAAAIBRAA7\" alt=\"Folk p\u00e5 skiheis nyter solfylt dag i skianlegg, klare for nedfart i sn\u00f8dekte l\u00f8yper.\" data-src=\"https:\/\/visitrauland.com\/rauland-skisenter\/wp-content\/uploads\/sites\/18\/2023\/03\/hustveit_skisenteret064_DannyTwang_1920.jpg\" class=\" lazyload\"><\/div><div class=\"x-promo-content\"><p><strong><a href=\"\/rauland-skisenter\/skiomradene\/\">V\u00c5RE SKIOMR\u00c5DER<\/a><\/strong><br>\nRauland Skisenter best\u00e5r av tre skiomr\u00e5der (Tiur, Vierli og Holtardalen) tilpasset hele familien, b\u00e5de store og sm\u00e5.<\/p>\n<p><a class=\"x-btn\" href=\"\/rauland-skisenter\/skiomradene\/\" data-options=\"thumbnail: ''\">Les mer<\/a><\/p><\/div><\/div><\/div><div class=\"x-column x-sm x-1-3\" style=\"padding: 0px;\">&nbsp;<\/div><div class=\"x-column x-sm x-1-3\" style=\"padding: 0px;\">&nbsp;<\/div><\/div><\/div><\/div>\n","protected":false},"excerpt":{"rendered":"<p>Aktiviteter p\u00e5Rauland Skisenter Aktivitetstilbud p\u00e5 Rauland Skisenter BARNEAKTIVITETER P\u00c5 VIERLI Mini-scooter p\u00e5 bane, Norges kuleste sn\u00f8borg, minikjelker, aktivitetsl\u00f8ype og trampoline.&nbsp; P\u00e5 Vierli tilbyr vi noe for hele familien, store og sm\u00e5. Les merLANGRENN Vierli er et perfekt utgangspunkt for langrennsturen. Rauland tilbyr 150 km med langrennsl\u00f8yper i variert terreng. Les merBADSTUER P\u00c5 VIERLI V\u00e5rt nyeste tilbud p\u00e5 toppen av Rauland. &#8230; <\/p>\n<div><a href=\"https:\/\/visitrauland.com\/rauland-skisenter\/aktiviteter\/\" class=\"more-link\">Les Mer<\/a><\/div>\n","protected":false},"author":1,"featured_media":0,"parent":0,"menu_order":0,"comment_status":"closed","ping_status":"closed","template":"template-blank-4.php","meta":{"_relevanssi_hide_post":"","_relevanssi_hide_content":"","_relevanssi_pin_for_all":"","_relevanssi_pin_keywords":"","_relevanssi_unpin_keywords":"","_relevanssi_related_keywords":"","_relevanssi_related_include_ids":"","_relevanssi_related_exclude_ids":"","_relevanssi_related_no_append":"","_relevanssi_related_not_related":"","_relevanssi_related_posts":"10423,9341,10365,10465,9364,9827","_relevanssi_noindex_reason":"","seo_booster_metabox":"","footnotes":""},"class_list":["post-452","page","type-page","status-publish","hentry","no-post-thumbnail"],"yoast_head":"<!-- This site is optimized with the Yoast SEO plugin v27.2 - https:\/\/yoast.com\/product\/yoast-seo-wordpress\/ -->\n<title>Aktiviteter hos Rauland Skisenter - for hele familien<\/title>\n<meta name=\"description\" content=\"Miniscooter, Kiting, Sn\u00f8scooter og vinteraktiviteter for store og sm\u00e5! Se oversikt over Rauland Skisenter sine vinteraktiviteter.\" \/>\n<meta name=\"robots\" content=\"index, follow, max-snippet:-1, max-image-preview:large, max-video-preview:-1\" \/>\n<link rel=\"canonical\" href=\"https:\/\/visitrauland.com\/rauland-skisenter\/aktiviteter\/\" \/>\n<meta property=\"og:locale\" content=\"nb_NO\" \/>\n<meta property=\"og:type\" content=\"article\" \/>\n<meta property=\"og:title\" content=\"Aktiviteter hos Rauland Skisenter - for hele familien\" \/>\n<meta property=\"og:description\" content=\"Miniscooter, Kiting, Sn\u00f8scooter og vinteraktiviteter for store og sm\u00e5! Se oversikt over Rauland Skisenter sine vinteraktiviteter.\" \/>\n<meta property=\"og:url\" content=\"https:\/\/visitrauland.com\/rauland-skisenter\/aktiviteter\/\" \/>\n<meta property=\"og:site_name\" content=\"Rauland Skisenter\" \/>\n<meta property=\"article:modified_time\" content=\"2026-02-13T13:04:03+00:00\" \/>\n<meta name=\"twitter:card\" content=\"summary_large_image\" \/>\n<meta name=\"twitter:label1\" content=\"Ansl. lesetid\" \/>\n\t<meta name=\"twitter:data1\" content=\"5 minutter\" \/>\n<script type=\"application\/ld+json\" class=\"yoast-schema-graph\">{\"@context\":\"https:\/\/schema.org\",\"@graph\":[{\"@type\":\"WebPage\",\"@id\":\"https:\/\/visitrauland.com\/rauland-skisenter\/aktiviteter\/\",\"url\":\"https:\/\/visitrauland.com\/rauland-skisenter\/aktiviteter\/\",\"name\":\"Aktiviteter hos Rauland Skisenter - for hele familien\",\"isPartOf\":{\"@id\":\"https:\/\/visitrauland.com\/rauland-skisenter\/#website\"},\"datePublished\":\"2017-11-20T20:53:55+00:00\",\"dateModified\":\"2026-02-13T13:04:03+00:00\",\"description\":\"Miniscooter, Kiting, Sn\u00f8scooter og vinteraktiviteter for store og sm\u00e5! Se oversikt over Rauland Skisenter sine vinteraktiviteter.\",\"breadcrumb\":{\"@id\":\"https:\/\/visitrauland.com\/rauland-skisenter\/aktiviteter\/#breadcrumb\"},\"inLanguage\":\"nb-NO\",\"potentialAction\":[{\"@type\":\"ReadAction\",\"target\":[\"https:\/\/visitrauland.com\/rauland-skisenter\/aktiviteter\/\"]}]},{\"@type\":\"BreadcrumbList\",\"@id\":\"https:\/\/visitrauland.com\/rauland-skisenter\/aktiviteter\/#breadcrumb\",\"itemListElement\":[{\"@type\":\"ListItem\",\"position\":1,\"name\":\"Hjem\",\"item\":\"https:\/\/visitrauland.com\/rauland-skisenter\/\"},{\"@type\":\"ListItem\",\"position\":2,\"name\":\"Aktiviteter hos Rauland Skisenter\"}]},{\"@type\":\"WebSite\",\"@id\":\"https:\/\/visitrauland.com\/rauland-skisenter\/#website\",\"url\":\"https:\/\/visitrauland.com\/rauland-skisenter\/\",\"name\":\"Rauland Skisenter\",\"description\":\"Aktiviteter for hele familien!\",\"potentialAction\":[{\"@type\":\"SearchAction\",\"target\":{\"@type\":\"EntryPoint\",\"urlTemplate\":\"https:\/\/visitrauland.com\/rauland-skisenter\/?s={search_term_string}\"},\"query-input\":{\"@type\":\"PropertyValueSpecification\",\"valueRequired\":true,\"valueName\":\"search_term_string\"}}],\"inLanguage\":\"nb-NO\"}]}<\/script>\n<!-- \/ Yoast SEO plugin. -->","yoast_head_json":{"title":"Aktiviteter hos Rauland Skisenter - for hele familien","description":"Miniscooter, Kiting, Sn\u00f8scooter og vinteraktiviteter for store og sm\u00e5! Se oversikt over Rauland Skisenter sine vinteraktiviteter.","robots":{"index":"index","follow":"follow","max-snippet":"max-snippet:-1","max-image-preview":"max-image-preview:large","max-video-preview":"max-video-preview:-1"},"canonical":"https:\/\/visitrauland.com\/rauland-skisenter\/aktiviteter\/","og_locale":"nb_NO","og_type":"article","og_title":"Aktiviteter hos Rauland Skisenter - for hele familien","og_description":"Miniscooter, Kiting, Sn\u00f8scooter og vinteraktiviteter for store og sm\u00e5! Se oversikt over Rauland Skisenter sine vinteraktiviteter.","og_url":"https:\/\/visitrauland.com\/rauland-skisenter\/aktiviteter\/","og_site_name":"Rauland Skisenter","article_modified_time":"2026-02-13T13:04:03+00:00","twitter_card":"summary_large_image","twitter_misc":{"Ansl. lesetid":"5 minutter"},"schema":{"@context":"https:\/\/schema.org","@graph":[{"@type":"WebPage","@id":"https:\/\/visitrauland.com\/rauland-skisenter\/aktiviteter\/","url":"https:\/\/visitrauland.com\/rauland-skisenter\/aktiviteter\/","name":"Aktiviteter hos Rauland Skisenter - for hele familien","isPartOf":{"@id":"https:\/\/visitrauland.com\/rauland-skisenter\/#website"},"datePublished":"2017-11-20T20:53:55+00:00","dateModified":"2026-02-13T13:04:03+00:00","description":"Miniscooter, Kiting, Sn\u00f8scooter og vinteraktiviteter for store og sm\u00e5! Se oversikt over Rauland Skisenter sine vinteraktiviteter.","breadcrumb":{"@id":"https:\/\/visitrauland.com\/rauland-skisenter\/aktiviteter\/#breadcrumb"},"inLanguage":"nb-NO","potentialAction":[{"@type":"ReadAction","target":["https:\/\/visitrauland.com\/rauland-skisenter\/aktiviteter\/"]}]},{"@type":"BreadcrumbList","@id":"https:\/\/visitrauland.com\/rauland-skisenter\/aktiviteter\/#breadcrumb","itemListElement":[{"@type":"ListItem","position":1,"name":"Hjem","item":"https:\/\/visitrauland.com\/rauland-skisenter\/"},{"@type":"ListItem","position":2,"name":"Aktiviteter hos Rauland Skisenter"}]},{"@type":"WebSite","@id":"https:\/\/visitrauland.com\/rauland-skisenter\/#website","url":"https:\/\/visitrauland.com\/rauland-skisenter\/","name":"Rauland Skisenter","description":"Aktiviteter for hele familien!","potentialAction":[{"@type":"SearchAction","target":{"@type":"EntryPoint","urlTemplate":"https:\/\/visitrauland.com\/rauland-skisenter\/?s={search_term_string}"},"query-input":{"@type":"PropertyValueSpecification","valueRequired":true,"valueName":"search_term_string"}}],"inLanguage":"nb-NO"}]}},"publishpress_future_action":{"enabled":false,"date":"2026-04-15 01:11:17","action":"change-status","newStatus":"draft","terms":[],"taxonomy":"","extraData":[]},"publishpress_future_workflow_manual_trigger":{"enabledWorkflows":[]},"_links":{"self":[{"href":"https:\/\/visitrauland.com\/rauland-skisenter\/wp-json\/wp\/v2\/pages\/452","targetHints":{"allow":["GET"]}}],"collection":[{"href":"https:\/\/visitrauland.com\/rauland-skisenter\/wp-json\/wp\/v2\/pages"}],"about":[{"href":"https:\/\/visitrauland.com\/rauland-skisenter\/wp-json\/wp\/v2\/types\/page"}],"author":[{"embeddable":true,"href":"https:\/\/visitrauland.com\/rauland-skisenter\/wp-json\/wp\/v2\/users\/1"}],"replies":[{"embeddable":true,"href":"https:\/\/visitrauland.com\/rauland-skisenter\/wp-json\/wp\/v2\/comments?post=452"}],"version-history":[{"count":64,"href":"https:\/\/visitrauland.com\/rauland-skisenter\/wp-json\/wp\/v2\/pages\/452\/revisions"}],"predecessor-version":[{"id":11027,"href":"https:\/\/visitrauland.com\/rauland-skisenter\/wp-json\/wp\/v2\/pages\/452\/revisions\/11027"}],"wp:attachment":[{"href":"https:\/\/visitrauland.com\/rauland-skisenter\/wp-json\/wp\/v2\/media?parent=452"}],"curies":[{"name":"wp","href":"https:\/\/api.w.org\/{rel}","templated":true}]}}