{"id":398,"date":"2017-11-14T00:12:29","date_gmt":"2017-11-13T23:12:29","guid":{"rendered":"https:\/\/visitrauland.com\/rauland-skisenter\/?page_id=398"},"modified":"2026-02-05T12:11:08","modified_gmt":"2026-02-05T11:11:08","slug":"aapningstider-og-priser","status":"publish","type":"page","link":"https:\/\/visitrauland.com\/rauland-skisenter\/aapningstider-og-priser\/","title":{"rendered":"Info og \u00e5pningstider"},"content":{"rendered":"<div id=\"cs-content\" class=\"cs-content\"><div id=\"x-section-1\" class=\"x-section\" style=\"margin: 0px;padding: 0px 0px 25px; background-color: transparent;\"><div id class=\"x-container\" style=\"margin: 0px auto;padding: 0px;\"><div class=\"x-column x-sm x-1-1\" style=\"padding: 0px;\"><div id class=\"x-text\" style><table class=\"custom-table\">\n<tbody>\n<tr>\n<td>\n<h6><span style=\"color: #f05929\"><strong>Dato<\/strong><\/span><\/h6>\n<\/td>\n<td>\n<h6><span style=\"color: #f05929\"><strong>Dager<\/strong><\/span><\/h6>\n<\/td>\n<td>\n<h6><span style=\"color: #f05929\"><strong>\u00c5pningstid<\/strong><\/span><\/h6>\n<\/td>\n<\/tr>\n<tr>\n<td>06.12.25-14.12.25<\/td>\n<td>Hver helg<\/td>\n<td>10.00 - 15.30<\/td>\n<\/tr>\n<tr>\n<td>19.12.25-06.02.26*<\/td>\n<td>Hver dag<\/td>\n<td>10.00 - 15.30<\/td>\n<\/tr>\n<tr>\n<td>07.02.26-06.04.26**<\/td>\n<td>Hver dag<\/td>\n<td>10.00 - 16.30<\/td>\n<\/tr>\n<tr>\n<td><\/td>\n<td><\/td>\n<td><\/td>\n<\/tr>\n<tr><\/tr>\n<tr><\/tr>\n<\/tbody>\n<\/table>\n<\/div><a class=\"x-creative-cta slide-top\" href=\"https:\/\/visitrauland.com\/raulandidag\/\" style=\"padding: 15px 15px 15px 15px; color: #ffffff; background-color: hsl(26, 84%, 51%);\" data-x-element=\"creative_cta\" data-x-params=\"{&quot;animation&quot;:&quot; slide-top&quot;,&quot;bg_color&quot;:&quot;hsl(26, 84%, 51%)&quot;,&quot;bg_color_hover&quot;:&quot;hsl(24, 95%, 42%)&quot;}\"><span class=\"text\" style=\"font-size: 35px;\">Status \u00e5pne heiser\/ nedfarter i dag<\/span><span class=\"graphic\"><i style=\"margin: 0; font-size: 38px;\" class=\"x-icon-person-ski-lift\" data-x-icon-s=\"\uf7c8\"><\/i><\/span><\/a><div id class=\"x-text\" style><p>*&nbsp; Enkelte heiser\/nedfarter har \u00e5pnet for sesongen. <a href=\"https:\/\/visitrauland.com\/rauland-skisenter\/2025\/11\/25\/status-snoproduksjon\/\">Se komplett oversikt her<\/a>. Julaften (24.12) stenger vi kl 14.00.<br>\n**Sesongslutt alle heiser 06.04<\/p>\n<p><strong><\/strong><em>Fjellrupa (F), Hotellheisen (G), T-kroken (B) og Vierli Barneheis (L) holder \u00e5pent l\u00f8rdag + s\u00f8ndag og alle dager i ferier (jul\/nytt\u00e5r, uke 7-9 og p\u00e5ske). Resterende heiser p\u00e5 Tiur\/ Holtardalen holder \u00e5pent hver dag.<\/em><br>\n<em>Driftsinformasjonen vil gjelde hele sesongen.<\/em><\/p>\n<p><strong>Kveldskj\u00f8ring i hotellheisen (G)<\/strong><br>\nHver tirsdag og fredag.&nbsp;<br>\nKL 16.30-20.00<\/p>\n<\/div><\/div><\/div><div id class=\"x-container max width\" style=\"margin: 0px auto;padding: 0px;\"><\/div><\/div><div class=\"x-section e398-e8 mb2-0\"><div class=\"x-row e398-e9 mb2-1 mb2-2\"><div class=\"x-row-inner\"><div class=\"x-col e398-e10 mb2-3\"><a class=\"x-creative-cta slide-top\" href=\"https:\/\/rauland.skiperformance.com\/shop\/no\/shopp\" style=\"padding: 15px 15px 15px 15px; color: #ffffff; background-color: hsl(24, 84%, 51%);\" data-x-element=\"creative_cta\" data-x-params=\"{&quot;animation&quot;:&quot; slide-top&quot;,&quot;bg_color&quot;:&quot;hsl(24, 84%, 51%)&quot;,&quot;bg_color_hover&quot;:&quot;hsl(24, 95%, 42%)&quot;}\"><span class=\"text\" style=\"font-size: 35px;\">Kj\u00f8p ditt heiskort her<\/span><span class=\"graphic\"><i style=\"margin: 0; font-size: 38px;\" class=\"x-icon-shopping-cart\" data-x-icon-s=\"\uf07a\"><\/i><\/span><\/a><\/div><\/div><\/div><\/div><div id=\"x-section-2\" class=\"x-section\" style=\"margin: 0px;padding: 0px; background-color: transparent;\"><div id class=\"x-container\" style=\"margin: 0px auto;padding: 0px;\"><div class=\"x-column x-sm x-1-1\" style=\"padding: 0px;\"><noscript><img decoding=\"async\" class=\"x-img x-img-none\" src=\"https:\/\/visitrauland.com\/rauland-skisenter\/wp-content\/uploads\/sites\/18\/2023\/01\/DSCF7689_1920.jpg\"><\/noscript><img decoding=\"async\" class=\"x-img x-img-none lazyload\" src=\"data:image\/gif;base64,R0lGODlhAQABAIAAAAAAAP\/\/\/yH5BAEAAAAALAAAAAABAAEAAAIBRAA7\" data-src=\"https:\/\/visitrauland.com\/rauland-skisenter\/wp-content\/uploads\/sites\/18\/2023\/01\/DSCF7689_1920.jpg\"><\/div><\/div><\/div><div id=\"x-section-3\" class=\"x-section\" style=\"margin: 0px;padding: 0px; background-color: transparent;\"><div id class=\"x-container\" style=\"margin: 0px auto;padding: 0px;\"><div class=\"x-column x-sm x-1-1\" style=\"padding: 0px;\"><noscript><img decoding=\"async\" class=\"x-img x-img-none\" src=\"https:\/\/visitrauland.com\/rauland-skisenter\/wp-content\/uploads\/sites\/18\/2022\/11\/DSC07776_1920.jpg\"><\/noscript><img decoding=\"async\" class=\"x-img x-img-none lazyload\" src=\"data:image\/gif;base64,R0lGODlhAQABAIAAAAAAAP\/\/\/yH5BAEAAAAALAAAAAABAAEAAAIBRAA7\" data-src=\"https:\/\/visitrauland.com\/rauland-skisenter\/wp-content\/uploads\/sites\/18\/2022\/11\/DSC07776_1920.jpg\"><\/div><\/div><div id class=\"x-container\" style=\"margin: 0px auto;padding: 0px;\"><div class=\"x-column x-sm x-1-1\" style=\"padding: 0px;\"><ul class=\"x-feature-list\" data-x-element=\"feature_list\" data-x-params=\"{&quot;animationOffset&quot;:&quot;50&quot;,&quot;animationDelayInitial&quot;:&quot;0&quot;,&quot;animationDelayBetween&quot;:&quot;300&quot;}\"><li class=\"x-feature-box left-text top-text cf\" style=\" max-width: none;\" data-x-element=\"feature_box\" data-x-params=\"{&quot;child&quot;:true,&quot;graphicAnimation&quot;:&quot;none&quot;,&quot;connectorAnimation&quot;:&quot;none&quot;,&quot;alignH&quot;:&quot;left&quot;,&quot;alignV&quot;:&quot;top&quot;}\"><span class=\"x-feature-box-connector full\" style=\"font-size: 60px; left: 0; right: calc(100% - 60px); border-left: 1px dashed #272727;\"><\/span><div class=\"x-feature-box-graphic circle \"><div class=\"x-feature-box-graphic-outer circle\" style=\" margin-right: 20px;\"><div class=\"x-feature-box-graphic-inner circle\" style=\"font-size: 60px;\"><i class=\"x-icon-flag circle\" data-x-icon-s=\"\uf024\" style=\"margin: 0 auto; color: #ffffff; background-color: hsl(32, 91%, 46%);\"><\/i><\/div><\/div><\/div><div class=\"x-feature-box-content \"><h4 class=\"x-feature-box-title\">Bestill online<\/h4><p class=\"x-feature-box-text\">Heiskort, skiutleie og skiskole bookes online.<\/p><\/div><\/li><li class=\"x-feature-box left-text top-text cf\" style=\" max-width: none;\" data-x-element=\"feature_box\" data-x-params=\"{&quot;child&quot;:true,&quot;graphicAnimation&quot;:&quot;none&quot;,&quot;connectorAnimation&quot;:&quot;none&quot;,&quot;alignH&quot;:&quot;left&quot;,&quot;alignV&quot;:&quot;top&quot;}\"><span class=\"x-feature-box-connector full\" style=\"font-size: 60px; left: 0; right: calc(100% - 60px); border-left: 1px dashed #272727;\"><\/span><div class=\"x-feature-box-graphic circle \"><div class=\"x-feature-box-graphic-outer circle\" style=\" margin-right: 20px;\"><div class=\"x-feature-box-graphic-inner circle\" style=\"font-size: 60px;\"><i class=\"x-icon-child circle\" data-x-icon-s=\"\uf1ae\" style=\"margin: 0 auto; color: #ffffff; background-color: hsl(32, 91%, 46%);\"><\/i><\/div><\/div><\/div><div class=\"x-feature-box-content \"><h4 class=\"x-feature-box-title\">Barn 0-6 \u00e5r<\/h4><p class=\"x-feature-box-text\">Barn 0-6 \u00e5r kj\u00f8rer gratis ved kj\u00f8p av voksenkort. Alle barn m\u00e5 ha heiskort og keycard.<\/p><\/div><\/li><li class=\"x-feature-box left-text top-text cf\" style=\" max-width: none;\" data-x-element=\"feature_box\" data-x-params=\"{&quot;child&quot;:true,&quot;graphicAnimation&quot;:&quot;none&quot;,&quot;connectorAnimation&quot;:&quot;none&quot;,&quot;alignH&quot;:&quot;left&quot;,&quot;alignV&quot;:&quot;top&quot;}\"><span class=\"x-feature-box-connector full\" style=\"font-size: 60px; left: 0; right: calc(100% - 60px); border-left: 1px dashed #272727;\"><\/span><div class=\"x-feature-box-graphic circle \"><div class=\"x-feature-box-graphic-outer circle\" style=\" margin-right: 20px;\"><div class=\"x-feature-box-graphic-inner circle\" style=\"font-size: 60px;\"><i class=\"x-icon-credit-card-alt circle\" data-x-icon-s=\"\uf09d\" style=\"margin: 0 auto; color: #ffffff; background-color: hsl(32, 91%, 46%);\"><\/i><\/div><\/div><\/div><div class=\"x-feature-box-content \"><h4 class=\"x-feature-box-title\">Kontantfrie kasser<\/h4><p class=\"x-feature-box-text\">Som et ledd i milj\u00f8 og sikkerhet, har Rauland Skisenter innf\u00f8rt kontantfrie kasser. Betalingspunktene er tydelig merket.<\/p><\/div><\/li><\/ul><\/div><\/div><\/div><div id=\"x-section-4\" class=\"x-section\" style=\"margin: 0px;padding: 0px 0px 45px; background-color: transparent;\"><div id class=\"x-container max width\" style=\"margin: 0px auto;padding: 0px;\"><div class=\"x-column x-sm x-1-1\" style=\"padding: 0px;\"><div id class=\"x-text\" style><h4 style=\"font-weight: 400\">Alpinregler<\/h4>\n<p style=\"font-weight: 400\"><strong>Det er viktig \u00e5 sette seg inn i alpinreglene f\u00f8r man begir seg ut i bakken. Har du med deg barn, husk \u00e5 gjennomg\u00e5 reglene med de ogs\u00e5<\/strong>.<\/p>\n<p style=\"font-weight: 400\">Bruk hode og bruk hjelm, vis hensyn til andre ski- og brettkj\u00f8rere og f\u00f8lg alpinreglene:<\/p>\n<ol>\n<li style=\"font-weight: 400\"><strong> Ansvar for \u00e5 unng\u00e5 skade<\/strong><\/li>\n<\/ol>\n<p style=\"font-weight: 400\">Du m\u00e5 forholde deg slik at du ikke skader deg selv eller andre.Du skal til enhver tid ha n\u00f8dvendig kontroll p\u00e5 ski-\/snowboardutstyret og du er ansvarlig for \u00e5 unng\u00e5 at utstyret gj\u00f8r skade p\u00e5 personer eller annet materiell.<\/p>\n<ol start=\"2\">\n<li style=\"font-weight: 400\"><strong> Avpass farten etter forholdene<\/strong><\/li>\n<\/ol>\n<p style=\"font-weight: 400\">Du m\u00e5 kj\u00f8re kontrollert og avpasse fart og kj\u00f8rem\u00e5te etter ferdigheter, terreng, f\u00f8reforhold og trafikk.<\/p>\n<ol start=\"3\">\n<li style=\"font-weight: 400\"><strong> Vikeplikt<\/strong><\/li>\n<\/ol>\n<p style=\"font-weight: 400\">Hvis du kommer bakfra, har du ansvar for \u00e5 kj\u00f8re p\u00e5 en slik m\u00e5te at du ikke utsetter andre for kollisjon. .<\/p>\n<ol start=\"4\">\n<li style=\"font-weight: 400\"><strong> Forbikj\u00f8ring\/utforkj\u00f8ring<\/strong><\/li>\n<\/ol>\n<p style=\"font-weight: 400\">Du kan kj\u00f8re forbi en annen skil\u00f8per eller snowboarder forutsatt at vedkommende f\u00e5r tilstrekkelig plass for s\u00e5vel kontrollerte som ukontrollerte bevegelser. Det er forbudt \u00e5 kj\u00f8re rett utfor, unntatt ved organisert trening..<\/p>\n<ol start=\"5\">\n<li style=\"font-weight: 400\"><strong> Starte,&nbsp;kj\u00f8re inne i eller svinge oppover i nedfarten<\/strong><\/li>\n<\/ol>\n<p style=\"font-weight: 400\">Kj\u00f8rer du inn i eller svinger du oppover nedfart, m\u00e5 du p\u00e5se at det skjer uten fare for deg selv eller andre. Det samme gjelder for kj\u00f8ring eller stans.<\/p>\n<ol start=\"6\">\n<li style=\"font-weight: 400\"><strong> Stopp i nedfarten<\/strong><\/li>\n<\/ol>\n<p style=\"font-weight: 400\">Med mindre det er absolutt n\u00f8dvendig, skal du unng\u00e5 \u00e5 stoppe i nedfarten p\u00e5 trange steder eller steder med begrenset oversikt. Etter fall p\u00e5 et slikt sted, skal du bevege deg bort s\u00e5 raskt som mulig. .<\/p>\n<ol start=\"7\">\n<li style=\"font-weight: 400\"><strong> Til fots i nedfarten<\/strong><\/li>\n<\/ol>\n<p style=\"font-weight: 400\">Er du til fots, m\u00e5 du kun benytte ytterkantene av bakken.<\/p>\n<ol start=\"8\">\n<li style=\"font-weight: 400\"><strong> Respekter skilt og markeringer<\/strong><\/li>\n<\/ol>\n<p style=\"font-weight: 400\">F\u00f8lg skilting, merking og anvisninger..<\/p>\n<ol start=\"9\">\n<li style=\"font-weight: 400\"><strong> Hjelp ved ulykker <\/strong><\/li>\n<\/ol>\n<p style=\"font-weight: 400\">Ved skader har enhver skil\u00f8per eller snowboarder plikt til \u00e5 hjelpe. .<\/p>\n<ol start=\"10\">\n<li style=\"font-weight: 400\"><strong> Identifikasjon<\/strong><\/li>\n<\/ol>\n<p style=\"font-weight: 400\">Ved skader og ulykker har vitner og medvirkende plikter \u00e5 oppgi personalia.<\/p>\n<p>Det er forbudt \u00e5 oppholde seg i alpinanlegget utenfor \u00e5pningstid. Dette kan medf\u00f8re livsfare da det p\u00e5g\u00e5r anleggsarbeid med sn\u00f8produksjon og preparering.<\/p>\n<p style=\"font-weight: 400\">Alpin skikj\u00f8ring er forbundet med en viss fare. Rusmidler og skikj\u00f8ring passer ikke sammen. Overtredelse av skivettreglene kan medf\u00f8re bortvisning fra anlegget<\/p>\n<h5 style=\"font-weight: 400\"><strong>SIKKERHET P\u00c5 SNOWBOARD<\/strong><\/h5>\n<ol>\n<li style=\"font-weight: 400\">Stopp i ytterkant av bakken. Ikke sitt eller ligg omkring i nedfarten.<\/li>\n<li style=\"font-weight: 400\">Bruk av fangrem er p\u00e5budt og fangremmen skal v\u00e6re festet til fremre ben.<\/li>\n<li style=\"font-weight: 400\">Brettet skal b\u00e6res med fangremmen festet til benet.<\/li>\n<li style=\"font-weight: 400\">Bruk hjelm og h\u00e5ndleddbeskytter s\u00e5 reduserer du faren for skader.<\/li>\n<li style=\"font-weight: 400\">Se deg rundt og sjekk at det er klart f\u00f8r du endrer retning.<\/li>\n<li style=\"font-weight: 400\">Bakre fot skal v\u00e6re l\u00f8s fra bindingen n\u00e5r du kj\u00f8rer skitrekk eller stolheis.<\/li>\n<li style=\"font-weight: 400\">N\u00e5r du l\u00f8sner fangremmen skal du legge brettet med bindingsiden ned i sn\u00f8en.<\/li>\n<\/ol>\n<p style=\"font-weight: 400\">V\u00e6r oppmerksom p\u00e5 at \"de&nbsp;10 alpine skivettreglene\"&nbsp;ogs\u00e5 gjelder for kj\u00f8ring med snowboard.<\/p>\n<\/div><span class=\"x-image e398-e30 mb2-4\"><noscript><img decoding=\"async\" src=\"https:\/\/visitrauland.com\/rauland-skisenter\/wp-content\/uploads\/sites\/18\/2019\/02\/snowboard-vinterferie19-1920.jpg\" width=\"960\" height=\"540\" alt=\"Person snowboarder ned sn\u00f8dekket bakke i fargerik vinterbekledning, n\u00e6rbilde av nedre kropp.\"><\/noscript><img decoding=\"async\" src=\"data:image\/svg+xml,%3Csvg%20xmlns%3D%22http%3A%2F%2Fwww.w3.org%2F2000%2Fsvg%22%20viewBox%3D%220%200%20960%20540%22%3E%3C%2Fsvg%3E\" width=\"960\" height=\"540\" alt=\"Person snowboarder ned sn\u00f8dekket bakke i fargerik vinterbekledning, n\u00e6rbilde av nedre kropp.\" data-src=\"https:\/\/visitrauland.com\/rauland-skisenter\/wp-content\/uploads\/sites\/18\/2019\/02\/snowboard-vinterferie19-1920.jpg\" class=\" lazyload\"><\/span><\/div><\/div><\/div><\/div>\n","protected":false},"excerpt":{"rendered":"<p>Dato Dager \u00c5pningstid 06.12.25-14.12.25 Hver helg 10.00 &#8211; 15.30 19.12.25-06.02.26* Hver dag 10.00 &#8211; 15.30 07.02.26-06.04.26** Hver dag 10.00 &#8211; 16.30 Status \u00e5pne heiser\/ nedfarter i dag*&nbsp; Enkelte heiser\/nedfarter har \u00e5pnet for sesongen. Se komplett oversikt her. Julaften (24.12) stenger vi kl 14.00. **Sesongslutt alle heiser 06.04 Fjellrupa (F), Hotellheisen (G), T-kroken (B) og Vierli Barneheis (L) holder \u00e5pent l\u00f8rdag &#8230; <\/p>\n<div><a href=\"https:\/\/visitrauland.com\/rauland-skisenter\/aapningstider-og-priser\/\" class=\"more-link\">Les Mer<\/a><\/div>\n","protected":false},"author":1,"featured_media":0,"parent":0,"menu_order":0,"comment_status":"closed","ping_status":"closed","template":"","meta":{"_relevanssi_hide_post":"","_relevanssi_hide_content":"","_relevanssi_pin_for_all":"","_relevanssi_pin_keywords":"","_relevanssi_unpin_keywords":"","_relevanssi_related_keywords":"","_relevanssi_related_include_ids":"","_relevanssi_related_exclude_ids":"","_relevanssi_related_no_append":"","_relevanssi_related_not_related":"","_relevanssi_related_posts":"9294,9708,10365,10427,9938,5868","_relevanssi_noindex_reason":"","seo_booster_metabox":"","footnotes":""},"class_list":["post-398","page","type-page","status-publish","hentry","no-post-thumbnail"],"yoast_head":"<!-- This site is optimized with the Yoast SEO plugin v27.2 - https:\/\/yoast.com\/product\/yoast-seo-wordpress\/ -->\n<title>Info og \u00e5pningstider - Rauland Skisenter<\/title>\n<meta name=\"description\" content=\"Se info om \u00e5pningstider og heiskortpriser hos Rauland Skisenter.\" \/>\n<meta name=\"robots\" content=\"index, follow, max-snippet:-1, max-image-preview:large, max-video-preview:-1\" \/>\n<link rel=\"canonical\" href=\"https:\/\/visitrauland.com\/rauland-skisenter\/aapningstider-og-priser\/\" \/>\n<meta property=\"og:locale\" content=\"nb_NO\" \/>\n<meta property=\"og:type\" content=\"article\" \/>\n<meta property=\"og:title\" content=\"Info og \u00e5pningstider - Rauland Skisenter\" \/>\n<meta property=\"og:description\" content=\"Se info om \u00e5pningstider og heiskortpriser hos Rauland Skisenter.\" \/>\n<meta property=\"og:url\" content=\"https:\/\/visitrauland.com\/rauland-skisenter\/aapningstider-og-priser\/\" \/>\n<meta property=\"og:site_name\" content=\"Rauland Skisenter\" \/>\n<meta property=\"article:modified_time\" content=\"2026-02-05T11:11:08+00:00\" \/>\n<meta name=\"twitter:card\" content=\"summary_large_image\" \/>\n<meta name=\"twitter:label1\" content=\"Ansl. lesetid\" \/>\n\t<meta name=\"twitter:data1\" content=\"7 minutter\" \/>\n<script type=\"application\/ld+json\" class=\"yoast-schema-graph\">{\"@context\":\"https:\/\/schema.org\",\"@graph\":[{\"@type\":\"WebPage\",\"@id\":\"https:\/\/visitrauland.com\/rauland-skisenter\/aapningstider-og-priser\/\",\"url\":\"https:\/\/visitrauland.com\/rauland-skisenter\/aapningstider-og-priser\/\",\"name\":\"Info og \u00e5pningstider - Rauland Skisenter\",\"isPartOf\":{\"@id\":\"https:\/\/visitrauland.com\/rauland-skisenter\/#website\"},\"datePublished\":\"2017-11-13T23:12:29+00:00\",\"dateModified\":\"2026-02-05T11:11:08+00:00\",\"description\":\"Se info om \u00e5pningstider og heiskortpriser hos Rauland Skisenter.\",\"breadcrumb\":{\"@id\":\"https:\/\/visitrauland.com\/rauland-skisenter\/aapningstider-og-priser\/#breadcrumb\"},\"inLanguage\":\"nb-NO\",\"potentialAction\":[{\"@type\":\"ReadAction\",\"target\":[\"https:\/\/visitrauland.com\/rauland-skisenter\/aapningstider-og-priser\/\"]}]},{\"@type\":\"BreadcrumbList\",\"@id\":\"https:\/\/visitrauland.com\/rauland-skisenter\/aapningstider-og-priser\/#breadcrumb\",\"itemListElement\":[{\"@type\":\"ListItem\",\"position\":1,\"name\":\"Hjem\",\"item\":\"https:\/\/visitrauland.com\/rauland-skisenter\/\"},{\"@type\":\"ListItem\",\"position\":2,\"name\":\"Info og \u00e5pningstider\"}]},{\"@type\":\"WebSite\",\"@id\":\"https:\/\/visitrauland.com\/rauland-skisenter\/#website\",\"url\":\"https:\/\/visitrauland.com\/rauland-skisenter\/\",\"name\":\"Rauland Skisenter\",\"description\":\"Aktiviteter for hele familien!\",\"potentialAction\":[{\"@type\":\"SearchAction\",\"target\":{\"@type\":\"EntryPoint\",\"urlTemplate\":\"https:\/\/visitrauland.com\/rauland-skisenter\/?s={search_term_string}\"},\"query-input\":{\"@type\":\"PropertyValueSpecification\",\"valueRequired\":true,\"valueName\":\"search_term_string\"}}],\"inLanguage\":\"nb-NO\"}]}<\/script>\n<!-- \/ Yoast SEO plugin. -->","yoast_head_json":{"title":"Info og \u00e5pningstider - Rauland Skisenter","description":"Se info om \u00e5pningstider og heiskortpriser hos Rauland Skisenter.","robots":{"index":"index","follow":"follow","max-snippet":"max-snippet:-1","max-image-preview":"max-image-preview:large","max-video-preview":"max-video-preview:-1"},"canonical":"https:\/\/visitrauland.com\/rauland-skisenter\/aapningstider-og-priser\/","og_locale":"nb_NO","og_type":"article","og_title":"Info og \u00e5pningstider - Rauland Skisenter","og_description":"Se info om \u00e5pningstider og heiskortpriser hos Rauland Skisenter.","og_url":"https:\/\/visitrauland.com\/rauland-skisenter\/aapningstider-og-priser\/","og_site_name":"Rauland Skisenter","article_modified_time":"2026-02-05T11:11:08+00:00","twitter_card":"summary_large_image","twitter_misc":{"Ansl. lesetid":"7 minutter"},"schema":{"@context":"https:\/\/schema.org","@graph":[{"@type":"WebPage","@id":"https:\/\/visitrauland.com\/rauland-skisenter\/aapningstider-og-priser\/","url":"https:\/\/visitrauland.com\/rauland-skisenter\/aapningstider-og-priser\/","name":"Info og \u00e5pningstider - Rauland Skisenter","isPartOf":{"@id":"https:\/\/visitrauland.com\/rauland-skisenter\/#website"},"datePublished":"2017-11-13T23:12:29+00:00","dateModified":"2026-02-05T11:11:08+00:00","description":"Se info om \u00e5pningstider og heiskortpriser hos Rauland Skisenter.","breadcrumb":{"@id":"https:\/\/visitrauland.com\/rauland-skisenter\/aapningstider-og-priser\/#breadcrumb"},"inLanguage":"nb-NO","potentialAction":[{"@type":"ReadAction","target":["https:\/\/visitrauland.com\/rauland-skisenter\/aapningstider-og-priser\/"]}]},{"@type":"BreadcrumbList","@id":"https:\/\/visitrauland.com\/rauland-skisenter\/aapningstider-og-priser\/#breadcrumb","itemListElement":[{"@type":"ListItem","position":1,"name":"Hjem","item":"https:\/\/visitrauland.com\/rauland-skisenter\/"},{"@type":"ListItem","position":2,"name":"Info og \u00e5pningstider"}]},{"@type":"WebSite","@id":"https:\/\/visitrauland.com\/rauland-skisenter\/#website","url":"https:\/\/visitrauland.com\/rauland-skisenter\/","name":"Rauland Skisenter","description":"Aktiviteter for hele familien!","potentialAction":[{"@type":"SearchAction","target":{"@type":"EntryPoint","urlTemplate":"https:\/\/visitrauland.com\/rauland-skisenter\/?s={search_term_string}"},"query-input":{"@type":"PropertyValueSpecification","valueRequired":true,"valueName":"search_term_string"}}],"inLanguage":"nb-NO"}]}},"publishpress_future_action":{"enabled":false,"date":"2026-04-14 15:12:35","action":"change-status","newStatus":"draft","terms":[],"taxonomy":"","extraData":[]},"publishpress_future_workflow_manual_trigger":{"enabledWorkflows":[]},"_links":{"self":[{"href":"https:\/\/visitrauland.com\/rauland-skisenter\/wp-json\/wp\/v2\/pages\/398","targetHints":{"allow":["GET"]}}],"collection":[{"href":"https:\/\/visitrauland.com\/rauland-skisenter\/wp-json\/wp\/v2\/pages"}],"about":[{"href":"https:\/\/visitrauland.com\/rauland-skisenter\/wp-json\/wp\/v2\/types\/page"}],"author":[{"embeddable":true,"href":"https:\/\/visitrauland.com\/rauland-skisenter\/wp-json\/wp\/v2\/users\/1"}],"replies":[{"embeddable":true,"href":"https:\/\/visitrauland.com\/rauland-skisenter\/wp-json\/wp\/v2\/comments?post=398"}],"version-history":[{"count":313,"href":"https:\/\/visitrauland.com\/rauland-skisenter\/wp-json\/wp\/v2\/pages\/398\/revisions"}],"predecessor-version":[{"id":11010,"href":"https:\/\/visitrauland.com\/rauland-skisenter\/wp-json\/wp\/v2\/pages\/398\/revisions\/11010"}],"wp:attachment":[{"href":"https:\/\/visitrauland.com\/rauland-skisenter\/wp-json\/wp\/v2\/media?parent=398"}],"curies":[{"name":"wp","href":"https:\/\/api.w.org\/{rel}","templated":true}]}}