{"id":396,"date":"2017-11-14T00:01:41","date_gmt":"2017-11-13T23:01:41","guid":{"rendered":"https:\/\/visitrauland.com\/rauland-skisenter\/?page_id=396"},"modified":"2023-06-05T14:29:15","modified_gmt":"2023-06-05T12:29:15","slug":"fritidseiendom","status":"publish","type":"page","link":"https:\/\/visitrauland.com\/rauland-skisenter\/fritidseiendom\/","title":{"rendered":"Fritidseiendom"},"content":{"rendered":"<div id=\"cs-content\" class=\"cs-content\"><\/div>\n","protected":false},"excerpt":{"rendered":"<p>Pr\u00f8v v\u00e5r nye meny p\u00e5 Vierli Kafeteria\u00c5pent hver dagVi har p\u00e5 Rauland![horizontal_dashboard] Det g\u00e5r an med fritidsbolig p\u00e5 Rauland! Holtardalen er det perfekte stedet for din neste hytte! Omr\u00e5det ligger h\u00f8yt og fritt, med gode solforhold og familievennlige aktiviteter. Se kart over Holtardalen her FritidseiendomSILKEDALSTUNET Bo tett p\u00e5 pisten! Les mer om Silkedalstunet, byggeklare tomter p\u00e5 ca. 1050 m.o.h. med &#8230; <\/p>\n<div><a href=\"https:\/\/visitrauland.com\/rauland-skisenter\/fritidseiendom\/\" class=\"more-link\">Les Mer<\/a><\/div>\n","protected":false},"author":1,"featured_media":0,"parent":0,"menu_order":0,"comment_status":"closed","ping_status":"closed","template":"template-blank-4.php","meta":{"_relevanssi_hide_post":"","_relevanssi_hide_content":"","_relevanssi_pin_for_all":"","_relevanssi_pin_keywords":"","_relevanssi_unpin_keywords":"","_relevanssi_related_keywords":"","_relevanssi_related_include_ids":"","_relevanssi_related_exclude_ids":"","_relevanssi_related_no_append":"","_relevanssi_related_not_related":"","_relevanssi_related_posts":"9600,10427,10423,10371,9650,10449","_relevanssi_noindex_reason":"","seo_booster_metabox":"","footnotes":""},"class_list":["post-396","page","type-page","status-publish","hentry","no-post-thumbnail"],"yoast_head":"<!-- This site is optimized with the Yoast SEO plugin v27.2 - https:\/\/yoast.com\/product\/yoast-seo-wordpress\/ -->\n<title>Fritidseiendom - Rauland Skisenter<\/title>\n<meta name=\"robots\" content=\"index, follow, max-snippet:-1, max-image-preview:large, max-video-preview:-1\" \/>\n<link rel=\"canonical\" href=\"https:\/\/visitrauland.com\/rauland-skisenter\/fritidseiendom\/\" \/>\n<meta property=\"og:locale\" content=\"nb_NO\" \/>\n<meta property=\"og:type\" content=\"article\" \/>\n<meta property=\"og:title\" content=\"Fritidseiendom - Rauland Skisenter\" \/>\n<meta property=\"og:description\" content=\"Pr\u00f8v v\u00e5r nye meny p\u00e5 Vierli Kafeteria\u00c5pent hver dagVi har p\u00e5 Rauland![horizontal_dashboard] Det g\u00e5r an med fritidsbolig p\u00e5 Rauland! Holtardalen er det perfekte stedet for din neste hytte! Omr\u00e5det ligger h\u00f8yt og fritt, med gode solforhold og familievennlige aktiviteter. Se kart over Holtardalen her FritidseiendomSILKEDALSTUNET Bo tett p\u00e5 pisten! Les mer om Silkedalstunet, byggeklare tomter p\u00e5 ca. 1050 m.o.h. med ... Les Mer\" \/>\n<meta property=\"og:url\" content=\"https:\/\/visitrauland.com\/rauland-skisenter\/fritidseiendom\/\" \/>\n<meta property=\"og:site_name\" content=\"Rauland Skisenter\" \/>\n<meta property=\"article:modified_time\" content=\"2023-06-05T12:29:15+00:00\" \/>\n<meta name=\"twitter:card\" content=\"summary_large_image\" \/>\n<meta name=\"twitter:label1\" content=\"Ansl. lesetid\" \/>\n\t<meta name=\"twitter:data1\" content=\"9 minutter\" \/>\n<script type=\"application\/ld+json\" class=\"yoast-schema-graph\">{\"@context\":\"https:\/\/schema.org\",\"@graph\":[{\"@type\":\"WebPage\",\"@id\":\"https:\/\/visitrauland.com\/rauland-skisenter\/fritidseiendom\/\",\"url\":\"https:\/\/visitrauland.com\/rauland-skisenter\/fritidseiendom\/\",\"name\":\"Fritidseiendom - Rauland Skisenter\",\"isPartOf\":{\"@id\":\"https:\/\/visitrauland.com\/rauland-skisenter\/#website\"},\"datePublished\":\"2017-11-13T23:01:41+00:00\",\"dateModified\":\"2023-06-05T12:29:15+00:00\",\"breadcrumb\":{\"@id\":\"https:\/\/visitrauland.com\/rauland-skisenter\/fritidseiendom\/#breadcrumb\"},\"inLanguage\":\"nb-NO\",\"potentialAction\":[{\"@type\":\"ReadAction\",\"target\":[\"https:\/\/visitrauland.com\/rauland-skisenter\/fritidseiendom\/\"]}]},{\"@type\":\"BreadcrumbList\",\"@id\":\"https:\/\/visitrauland.com\/rauland-skisenter\/fritidseiendom\/#breadcrumb\",\"itemListElement\":[{\"@type\":\"ListItem\",\"position\":1,\"name\":\"Hjem\",\"item\":\"https:\/\/visitrauland.com\/rauland-skisenter\/\"},{\"@type\":\"ListItem\",\"position\":2,\"name\":\"Fritidseiendom\"}]},{\"@type\":\"WebSite\",\"@id\":\"https:\/\/visitrauland.com\/rauland-skisenter\/#website\",\"url\":\"https:\/\/visitrauland.com\/rauland-skisenter\/\",\"name\":\"Rauland Skisenter\",\"description\":\"Aktiviteter for hele familien!\",\"potentialAction\":[{\"@type\":\"SearchAction\",\"target\":{\"@type\":\"EntryPoint\",\"urlTemplate\":\"https:\/\/visitrauland.com\/rauland-skisenter\/?s={search_term_string}\"},\"query-input\":{\"@type\":\"PropertyValueSpecification\",\"valueRequired\":true,\"valueName\":\"search_term_string\"}}],\"inLanguage\":\"nb-NO\"}]}<\/script>\n<!-- \/ Yoast SEO plugin. -->","yoast_head_json":{"title":"Fritidseiendom - Rauland Skisenter","robots":{"index":"index","follow":"follow","max-snippet":"max-snippet:-1","max-image-preview":"max-image-preview:large","max-video-preview":"max-video-preview:-1"},"canonical":"https:\/\/visitrauland.com\/rauland-skisenter\/fritidseiendom\/","og_locale":"nb_NO","og_type":"article","og_title":"Fritidseiendom - Rauland Skisenter","og_description":"Pr\u00f8v v\u00e5r nye meny p\u00e5 Vierli Kafeteria\u00c5pent hver dagVi har p\u00e5 Rauland![horizontal_dashboard] Det g\u00e5r an med fritidsbolig p\u00e5 Rauland! Holtardalen er det perfekte stedet for din neste hytte! Omr\u00e5det ligger h\u00f8yt og fritt, med gode solforhold og familievennlige aktiviteter. Se kart over Holtardalen her FritidseiendomSILKEDALSTUNET Bo tett p\u00e5 pisten! Les mer om Silkedalstunet, byggeklare tomter p\u00e5 ca. 1050 m.o.h. med ... Les Mer","og_url":"https:\/\/visitrauland.com\/rauland-skisenter\/fritidseiendom\/","og_site_name":"Rauland Skisenter","article_modified_time":"2023-06-05T12:29:15+00:00","twitter_card":"summary_large_image","twitter_misc":{"Ansl. lesetid":"9 minutter"},"schema":{"@context":"https:\/\/schema.org","@graph":[{"@type":"WebPage","@id":"https:\/\/visitrauland.com\/rauland-skisenter\/fritidseiendom\/","url":"https:\/\/visitrauland.com\/rauland-skisenter\/fritidseiendom\/","name":"Fritidseiendom - Rauland Skisenter","isPartOf":{"@id":"https:\/\/visitrauland.com\/rauland-skisenter\/#website"},"datePublished":"2017-11-13T23:01:41+00:00","dateModified":"2023-06-05T12:29:15+00:00","breadcrumb":{"@id":"https:\/\/visitrauland.com\/rauland-skisenter\/fritidseiendom\/#breadcrumb"},"inLanguage":"nb-NO","potentialAction":[{"@type":"ReadAction","target":["https:\/\/visitrauland.com\/rauland-skisenter\/fritidseiendom\/"]}]},{"@type":"BreadcrumbList","@id":"https:\/\/visitrauland.com\/rauland-skisenter\/fritidseiendom\/#breadcrumb","itemListElement":[{"@type":"ListItem","position":1,"name":"Hjem","item":"https:\/\/visitrauland.com\/rauland-skisenter\/"},{"@type":"ListItem","position":2,"name":"Fritidseiendom"}]},{"@type":"WebSite","@id":"https:\/\/visitrauland.com\/rauland-skisenter\/#website","url":"https:\/\/visitrauland.com\/rauland-skisenter\/","name":"Rauland Skisenter","description":"Aktiviteter for hele familien!","potentialAction":[{"@type":"SearchAction","target":{"@type":"EntryPoint","urlTemplate":"https:\/\/visitrauland.com\/rauland-skisenter\/?s={search_term_string}"},"query-input":{"@type":"PropertyValueSpecification","valueRequired":true,"valueName":"search_term_string"}}],"inLanguage":"nb-NO"}]}},"publishpress_future_action":{"enabled":false,"date":"2026-04-11 14:04:39","action":"change-status","newStatus":"draft","terms":[],"taxonomy":"","extraData":[]},"publishpress_future_workflow_manual_trigger":{"enabledWorkflows":[]},"_links":{"self":[{"href":"https:\/\/visitrauland.com\/rauland-skisenter\/wp-json\/wp\/v2\/pages\/396","targetHints":{"allow":["GET"]}}],"collection":[{"href":"https:\/\/visitrauland.com\/rauland-skisenter\/wp-json\/wp\/v2\/pages"}],"about":[{"href":"https:\/\/visitrauland.com\/rauland-skisenter\/wp-json\/wp\/v2\/types\/page"}],"author":[{"embeddable":true,"href":"https:\/\/visitrauland.com\/rauland-skisenter\/wp-json\/wp\/v2\/users\/1"}],"replies":[{"embeddable":true,"href":"https:\/\/visitrauland.com\/rauland-skisenter\/wp-json\/wp\/v2\/comments?post=396"}],"version-history":[{"count":3,"href":"https:\/\/visitrauland.com\/rauland-skisenter\/wp-json\/wp\/v2\/pages\/396\/revisions"}],"predecessor-version":[{"id":8433,"href":"https:\/\/visitrauland.com\/rauland-skisenter\/wp-json\/wp\/v2\/pages\/396\/revisions\/8433"}],"wp:attachment":[{"href":"https:\/\/visitrauland.com\/rauland-skisenter\/wp-json\/wp\/v2\/media?parent=396"}],"curies":[{"name":"wp","href":"https:\/\/api.w.org\/{rel}","templated":true}]}}