{"id":3454,"date":"2019-07-31T13:45:50","date_gmt":"2019-07-31T11:45:50","guid":{"rendered":"https:\/\/visitrauland.com\/rauland-skisenter\/?page_id=3454"},"modified":"2025-10-29T13:38:19","modified_gmt":"2025-10-29T12:38:19","slug":"maskinforer","status":"publish","type":"page","link":"https:\/\/visitrauland.com\/rauland-skisenter\/stillinger\/maskinforer\/","title":{"rendered":"Ledig stilling &#8211; Tr\u00e5kkemaskinf\u00f8rere"},"content":{"rendered":"<div id=\"cs-content\" class=\"cs-content\"><div id=\"x-section-1\" class=\"x-section\" style=\"margin: 0px;padding: 0px; background-color: transparent;\"><div id class=\"x-container\" style=\"margin: 0px auto;padding: 0px;\"><div class=\"x-column x-sm x-1-1\" style=\"padding: 0px;\"><noscript><img decoding=\"async\" class=\"x-img x-img-none\" src=\"https:\/\/visitrauland.com\/rauland-skisenter\/wp-content\/uploads\/sites\/18\/2019\/08\/2019-2-PA\u030a-tur-med-prepperen.jpg\"><\/noscript><img decoding=\"async\" class=\"x-img x-img-none lazyload\" src=\"data:image\/gif;base64,R0lGODlhAQABAIAAAAAAAP\/\/\/yH5BAEAAAAALAAAAAABAAEAAAIBRAA7\" data-src=\"https:\/\/visitrauland.com\/rauland-skisenter\/wp-content\/uploads\/sites\/18\/2019\/08\/2019-2-PA\u030a-tur-med-prepperen.jpg\"><\/div><\/div><div id class=\"x-container\" style=\"margin: 0px auto;padding: 0px;\"><div class=\"x-column x-sm x-1-1\" style=\"padding: 0px;\"><div id class=\"x-text\" style><p class=\"m_-928143146573853963MsoListParagraph\"><strong> Tr\u00e5kkemaskinf\u00f8rere s\u00f8kes<\/strong><\/p>\n<p>Vi s\u00f8ker en tr\u00e5kkemaskinf\u00f8rer for vintersesongen til \u00e5 kj\u00f8re langrennsl\u00f8ypene i Rauland.<\/p>\n<p>Gjennom vinteren s\u00f8rger vi for at mange tusen skiglade gjester f\u00e5r gode opplevelser i skisenteret v\u00e5rt. Med over 30 nedfarter som skal prepareres hver dag s\u00e5 vi trenger flere preppere til \u00e5rets sesong. Vi har ogs\u00e5 ansvaret for det 150 km lange langrennsl\u00f8ypenettet p\u00e5 Rauland.<\/p>\n<p><strong>Arbeidsoppgaver<\/strong><\/p>\n<ul>\n<li>Maskinkj\u00f8ring.<\/li>\n<li>Daglig kontroll av maskinen<\/li>\n<li>Forebyggende vedlikehold<\/li>\n<li>Dokumentering og rapportering i v\u00e5rt vedlikeholdssystem<\/li>\n<\/ul>\n<p><strong><em>Heltidsstilling<\/em><\/strong><strong><br>\n<\/strong>Arbeidstid: Fulltid, turnusarbeid (helg\/ferie arbeid)<strong><\/strong><\/p>\n<p><strong>Kvalifikasjoner<\/strong><\/p>\n<ul>\n<li>Du m\u00e5 v\u00e6re 18 \u00e5r og ha f\u00f8rerkort klasse B<\/li>\n<li>Fordel med f\u00f8rerklasse S<\/li>\n<li>Fleksibel, positiv og selvstendig<\/li>\n<li>Erfaring med tr\u00e5kkemaskiner er en fordel, men ikke et krav. N\u00f8dvendig oppl\u00e6ring vil bli gitt<\/li>\n<li>Du kan yte gode kundeservice<\/li>\n<\/ul>\n<p><strong>Vi kan tilby<\/strong><\/p>\n<ul>\n<li>Gode l\u00f8nnsbetingelser, gratis sesongkort og gode personalrabatter<\/li>\n<li>Bistand med bosted<\/li>\n<li>N\u00e6rhet til fjellets aktiviteter<\/li>\n<li>En variert, og til tider hektisk hverdag<\/li>\n<li>En spennende arbeidsplass i stadig utvikling<\/li>\n<li>Godt felleskap med fantastiske kollegaer<\/li>\n<\/ul>\n<p><strong>Ansettelsesperiode:<br>\n<\/strong>Sesongstilling fra slutten november-april.<\/p>\n<p><strong>Arbeidstid:<br>\n<\/strong>30-40t\/ uke. Stillingen inng\u00e5r i skisenterets turnus, ferie- og helgejobbing m\u00e5 p\u00e5regnes.<\/p>\n<p><strong>S\u00f8knadsfrist<br>\n<\/strong><a href=\"mailto:sb@raulandskisenter.no\"><\/a><\/p>\n<p>L\u00f8pende, men senest 15.november.<br>\nVed eventuelle sp\u00f8rsm\u00e5l eller mer informasjon, ta kontakt med:<br>\nDriftsleder: H\u00e5vard Bj\u00f8rke- 97095162\/ <a href=\"mailto:hb@raulandskisenter.no\">hb@raulandskisenter.no<\/a><\/p>\n<p><strong>Slik s\u00f8ker du<br>\n<\/strong>Send oss en s\u00f8knad med bilde, CV og kompetansebevis til <a href=\"mailto:jobb@raulandskisenter.no\">jobb@raulandskisenter.no.<\/a><br>\nMerk s\u00f8knaden med &laquo;Jobbs\u00f8knad 2025.<\/p>\n<p>Vi gleder oss til \u00e5 h\u00f8re fra deg! Velkommen som s\u00f8ker<\/p>\n<p class=\"m_-928143146573853963MsoListParagraph\"><a href=\"\/rauland-skisenter\/stilling\/\"><strong>\u00bb Tilbake til Ledige stillinger<\/strong><\/a><\/p>\n<\/div><\/div><\/div><\/div><\/div>\n","protected":false},"excerpt":{"rendered":"","protected":false},"author":10,"featured_media":0,"parent":438,"menu_order":0,"comment_status":"closed","ping_status":"closed","template":"","meta":{"_relevanssi_hide_post":"","_relevanssi_hide_content":"","_relevanssi_pin_for_all":"","_relevanssi_pin_keywords":"","_relevanssi_unpin_keywords":"","_relevanssi_related_keywords":"","_relevanssi_related_include_ids":"","_relevanssi_related_exclude_ids":"","_relevanssi_related_no_append":"","_relevanssi_related_not_related":"","_relevanssi_related_posts":"10386,9827,5868,8624,5368,9337","_relevanssi_noindex_reason":"","seo_booster_metabox":"","footnotes":""},"class_list":["post-3454","page","type-page","status-publish","hentry","no-post-thumbnail"],"yoast_head":"<!-- This site is optimized with the Yoast SEO plugin v27.2 - https:\/\/yoast.com\/product\/yoast-seo-wordpress\/ -->\n<title>Ledig stilling - Tr\u00e5kkemaskinf\u00f8rere - Rauland Skisenter<\/title>\n<meta name=\"robots\" content=\"index, follow, max-snippet:-1, max-image-preview:large, max-video-preview:-1\" \/>\n<link rel=\"canonical\" href=\"https:\/\/visitrauland.com\/rauland-skisenter\/stillinger\/maskinforer\/\" \/>\n<meta property=\"og:locale\" content=\"nb_NO\" \/>\n<meta property=\"og:type\" content=\"article\" \/>\n<meta property=\"og:title\" content=\"Ledig stilling - Tr\u00e5kkemaskinf\u00f8rere - Rauland Skisenter\" \/>\n<meta property=\"og:url\" content=\"https:\/\/visitrauland.com\/rauland-skisenter\/stillinger\/maskinforer\/\" \/>\n<meta property=\"og:site_name\" content=\"Rauland Skisenter\" \/>\n<meta property=\"article:modified_time\" content=\"2025-10-29T12:38:19+00:00\" \/>\n<meta name=\"twitter:card\" content=\"summary_large_image\" \/>\n<meta name=\"twitter:label1\" content=\"Ansl. lesetid\" \/>\n\t<meta name=\"twitter:data1\" content=\"2 minutter\" \/>\n<script type=\"application\/ld+json\" class=\"yoast-schema-graph\">{\"@context\":\"https:\/\/schema.org\",\"@graph\":[{\"@type\":\"WebPage\",\"@id\":\"https:\/\/visitrauland.com\/rauland-skisenter\/stillinger\/maskinforer\/\",\"url\":\"https:\/\/visitrauland.com\/rauland-skisenter\/stillinger\/maskinforer\/\",\"name\":\"Ledig stilling - Tr\u00e5kkemaskinf\u00f8rere - Rauland Skisenter\",\"isPartOf\":{\"@id\":\"https:\/\/visitrauland.com\/rauland-skisenter\/#website\"},\"datePublished\":\"2019-07-31T11:45:50+00:00\",\"dateModified\":\"2025-10-29T12:38:19+00:00\",\"breadcrumb\":{\"@id\":\"https:\/\/visitrauland.com\/rauland-skisenter\/stillinger\/maskinforer\/#breadcrumb\"},\"inLanguage\":\"nb-NO\",\"potentialAction\":[{\"@type\":\"ReadAction\",\"target\":[\"https:\/\/visitrauland.com\/rauland-skisenter\/stillinger\/maskinforer\/\"]}]},{\"@type\":\"BreadcrumbList\",\"@id\":\"https:\/\/visitrauland.com\/rauland-skisenter\/stillinger\/maskinforer\/#breadcrumb\",\"itemListElement\":[{\"@type\":\"ListItem\",\"position\":1,\"name\":\"Hjem\",\"item\":\"https:\/\/visitrauland.com\/rauland-skisenter\/\"},{\"@type\":\"ListItem\",\"position\":2,\"name\":\"Ledige stillinger\",\"item\":\"https:\/\/visitrauland.com\/rauland-skisenter\/stillinger\/\"},{\"@type\":\"ListItem\",\"position\":3,\"name\":\"Ledig stilling &#8211; Tr\u00e5kkemaskinf\u00f8rere\"}]},{\"@type\":\"WebSite\",\"@id\":\"https:\/\/visitrauland.com\/rauland-skisenter\/#website\",\"url\":\"https:\/\/visitrauland.com\/rauland-skisenter\/\",\"name\":\"Rauland Skisenter\",\"description\":\"Aktiviteter for hele familien!\",\"potentialAction\":[{\"@type\":\"SearchAction\",\"target\":{\"@type\":\"EntryPoint\",\"urlTemplate\":\"https:\/\/visitrauland.com\/rauland-skisenter\/?s={search_term_string}\"},\"query-input\":{\"@type\":\"PropertyValueSpecification\",\"valueRequired\":true,\"valueName\":\"search_term_string\"}}],\"inLanguage\":\"nb-NO\"}]}<\/script>\n<!-- \/ Yoast SEO plugin. -->","yoast_head_json":{"title":"Ledig stilling - Tr\u00e5kkemaskinf\u00f8rere - Rauland Skisenter","robots":{"index":"index","follow":"follow","max-snippet":"max-snippet:-1","max-image-preview":"max-image-preview:large","max-video-preview":"max-video-preview:-1"},"canonical":"https:\/\/visitrauland.com\/rauland-skisenter\/stillinger\/maskinforer\/","og_locale":"nb_NO","og_type":"article","og_title":"Ledig stilling - Tr\u00e5kkemaskinf\u00f8rere - Rauland Skisenter","og_url":"https:\/\/visitrauland.com\/rauland-skisenter\/stillinger\/maskinforer\/","og_site_name":"Rauland Skisenter","article_modified_time":"2025-10-29T12:38:19+00:00","twitter_card":"summary_large_image","twitter_misc":{"Ansl. lesetid":"2 minutter"},"schema":{"@context":"https:\/\/schema.org","@graph":[{"@type":"WebPage","@id":"https:\/\/visitrauland.com\/rauland-skisenter\/stillinger\/maskinforer\/","url":"https:\/\/visitrauland.com\/rauland-skisenter\/stillinger\/maskinforer\/","name":"Ledig stilling - Tr\u00e5kkemaskinf\u00f8rere - Rauland Skisenter","isPartOf":{"@id":"https:\/\/visitrauland.com\/rauland-skisenter\/#website"},"datePublished":"2019-07-31T11:45:50+00:00","dateModified":"2025-10-29T12:38:19+00:00","breadcrumb":{"@id":"https:\/\/visitrauland.com\/rauland-skisenter\/stillinger\/maskinforer\/#breadcrumb"},"inLanguage":"nb-NO","potentialAction":[{"@type":"ReadAction","target":["https:\/\/visitrauland.com\/rauland-skisenter\/stillinger\/maskinforer\/"]}]},{"@type":"BreadcrumbList","@id":"https:\/\/visitrauland.com\/rauland-skisenter\/stillinger\/maskinforer\/#breadcrumb","itemListElement":[{"@type":"ListItem","position":1,"name":"Hjem","item":"https:\/\/visitrauland.com\/rauland-skisenter\/"},{"@type":"ListItem","position":2,"name":"Ledige stillinger","item":"https:\/\/visitrauland.com\/rauland-skisenter\/stillinger\/"},{"@type":"ListItem","position":3,"name":"Ledig stilling &#8211; Tr\u00e5kkemaskinf\u00f8rere"}]},{"@type":"WebSite","@id":"https:\/\/visitrauland.com\/rauland-skisenter\/#website","url":"https:\/\/visitrauland.com\/rauland-skisenter\/","name":"Rauland Skisenter","description":"Aktiviteter for hele familien!","potentialAction":[{"@type":"SearchAction","target":{"@type":"EntryPoint","urlTemplate":"https:\/\/visitrauland.com\/rauland-skisenter\/?s={search_term_string}"},"query-input":{"@type":"PropertyValueSpecification","valueRequired":true,"valueName":"search_term_string"}}],"inLanguage":"nb-NO"}]}},"publishpress_future_action":{"enabled":false,"date":"2026-04-14 15:08:25","action":"change-status","newStatus":"draft","terms":[],"taxonomy":"","extraData":[]},"publishpress_future_workflow_manual_trigger":{"enabledWorkflows":[]},"_links":{"self":[{"href":"https:\/\/visitrauland.com\/rauland-skisenter\/wp-json\/wp\/v2\/pages\/3454","targetHints":{"allow":["GET"]}}],"collection":[{"href":"https:\/\/visitrauland.com\/rauland-skisenter\/wp-json\/wp\/v2\/pages"}],"about":[{"href":"https:\/\/visitrauland.com\/rauland-skisenter\/wp-json\/wp\/v2\/types\/page"}],"author":[{"embeddable":true,"href":"https:\/\/visitrauland.com\/rauland-skisenter\/wp-json\/wp\/v2\/users\/10"}],"replies":[{"embeddable":true,"href":"https:\/\/visitrauland.com\/rauland-skisenter\/wp-json\/wp\/v2\/comments?post=3454"}],"version-history":[{"count":29,"href":"https:\/\/visitrauland.com\/rauland-skisenter\/wp-json\/wp\/v2\/pages\/3454\/revisions"}],"predecessor-version":[{"id":10549,"href":"https:\/\/visitrauland.com\/rauland-skisenter\/wp-json\/wp\/v2\/pages\/3454\/revisions\/10549"}],"up":[{"embeddable":true,"href":"https:\/\/visitrauland.com\/rauland-skisenter\/wp-json\/wp\/v2\/pages\/438"}],"wp:attachment":[{"href":"https:\/\/visitrauland.com\/rauland-skisenter\/wp-json\/wp\/v2\/media?parent=3454"}],"curies":[{"name":"wp","href":"https:\/\/api.w.org\/{rel}","templated":true}]}}