{"id":3447,"date":"2019-07-31T13:43:32","date_gmt":"2019-07-31T11:43:32","guid":{"rendered":"https:\/\/visitrauland.com\/rauland-skisenter\/?page_id=3447"},"modified":"2025-10-20T14:37:02","modified_gmt":"2025-10-20T12:37:02","slug":"skishop","status":"publish","type":"page","link":"https:\/\/visitrauland.com\/rauland-skisenter\/stillinger\/skishop\/","title":{"rendered":"Ledig stilling &#8211; Servicemedarbeider &#8211; Ski"},"content":{"rendered":"<div id=\"cs-content\" class=\"cs-content\"><div id=\"x-section-1\" class=\"x-section\" style=\"margin: 0px;padding: 0px; background-color: transparent;\"><div id class=\"x-container\" style=\"margin: 0px auto;padding: 0px;\"><div class=\"x-column x-sm x-1-1\" style=\"padding: 0px;\"><noscript><img decoding=\"async\" class=\"x-img x-img-none\" src=\"https:\/\/visitrauland.com\/rauland-skisenter\/wp-content\/uploads\/sites\/18\/2024\/04\/Rauland-skisenter-92_1920_1713094042.jpg\"><\/noscript><img decoding=\"async\" class=\"x-img x-img-none lazyload\" src=\"data:image\/gif;base64,R0lGODlhAQABAIAAAAAAAP\/\/\/yH5BAEAAAAALAAAAAABAAEAAAIBRAA7\" data-src=\"https:\/\/visitrauland.com\/rauland-skisenter\/wp-content\/uploads\/sites\/18\/2024\/04\/Rauland-skisenter-92_1920_1713094042.jpg\"><\/div><\/div><div id class=\"x-container\" style=\"margin: 0px auto;padding: 0px;\"><div class=\"x-column x-sm x-1-1\" style=\"padding: 0px;\"><div id class=\"x-text\" style><h4><b>Skiutleiemedarbeider \/ skiinstrukt\u00f8r<\/b><\/h4>\n<p>Vi s\u00f8ker utadvendte servicemedarbeidere for vintersesongen 25\/26. &nbsp;Vi s\u00f8ker b\u00e5de heltidsstillinger og deltidsstillinger (helg\/ferie arbeid).<\/p>\n<p>Gjennom vinteren s\u00f8rger vi for mange tusen skiglade gjester f\u00e5r gode opplevelser i skisenteret v\u00e5rt. Som medarbeider p\u00e5 skiavdelingen det viktig for oss at du er en utadvendt, fleksibel og positiv type. Arbeidet best\u00e5r av utleie av skiutstyr, salg og kundebehandling. Det er viktig for oss at du er motivert for jobben har en glede av \u00e5 jobbe med h\u00f8yt fokus p\u00e5 kundeservice. Det viktig at du tar ansvar og kan jobbe i team.<\/p>\n<p>For enkelte av medarbeiderne er en del av jobben arbeid i skiskolen. &nbsp;Skal du jobbe i skiskolen er det viktig for oss at du er glad i \u00e5 jobbe med mennesker, og kan undervise b\u00e5de barn og voksne. Som medarbeider p\u00e5 skiavdelingen inng\u00e5r arbeid med skisenterets redningsberedskap, og s\u00f8kere b\u00f8r derfor v\u00e6re i god fysisk form og kunne arbeide i h\u00f8yden. Erfaring fra andre skisentre er en fordel, men ikke et krav. N\u00f8dvendig oppl\u00e6ring vil bli gitt.<\/p>\n<p><strong>Arbeidsoppgaver<\/strong><\/p>\n<ul>\n<li>Utleie av ski, snowboard og langrenns utstyr<\/li>\n<li>Kundebehandling og kassabetjening<\/li>\n<li>Daglig rutiner i skiutleier<\/li>\n<li>Skiskoleundervisning<\/li>\n<li>Arbeid med aktiviteter og arrangement i perioder<\/li>\n<li>Yte den beste servicen gjestene kan f\u00e5<\/li>\n<\/ul>\n<p><strong>Heltidsstilling<\/strong><strong><br>\n<\/strong>Arbeidstid: Fulltid. Helge og ferie arbeid m\u00e5 p\u00e5regnes.Du m\u00e5 v\u00e6re over 18 \u00e5r.<\/p>\n<p><strong>Deltidsstilling<br>\n<\/strong>Arbeidstid: Turnusarbeid i helger\/ ferier. Du m\u00e5 v\u00e6re over 18 \u00e5r.<\/p>\n<p><strong style=\"color: var(--c-base);\">Kvalifikasjoner<\/strong><\/p>\n<ul>\n<li>Beherske minst et skandinavisk spr\u00e5k<\/li>\n<li>Du m\u00e5 v\u00e6re 18 \u00e5r<\/li>\n<li>Fordel med tilgang p\u00e5 egen bil<\/li>\n<li>Gjerne erfaring fra lignende arbeid, gode skiferdigheter<\/li>\n<li>Arbeid i skisenterets redningsberedskap og s\u00f8kere b\u00f8r derfor v\u00e6re i god fysisk form og kunne arbeide i h\u00f8yden<\/li>\n<li>Du kan yte gode kundeservice, og er blid og utadvendt<\/li>\n<li>Villig til \u00e5 l\u00e6re<\/li>\n<\/ul>\n<p><strong>Vi kan tilby<\/strong><\/p>\n<ul>\n<li>Gode l\u00f8nnsbetingelser, gratis sesongkort og gode personalrabatter<\/li>\n<li>L\u00e5n av skiutstyr for sesongen<\/li>\n<li>Bistand med bosted<\/li>\n<li>N\u00e6rhet til fjellets aktiviteter<\/li>\n<li>En variert, og til tider hektisk hverdag<\/li>\n<li>En spennende arbeidsplass i stadig utvikling<\/li>\n<li>Godt felleskap med fantastiske kollegaer<\/li>\n<\/ul>\n<p><strong>Ansettelsesperiode:<br>\n<\/strong>Sesongstilling fra starten av desember (8.desember)-april. <br>\nVintersesongen starter i julen, men i forkant skal det foreg\u00e5 oppl\u00e6ring og noe driftsarbeid. De fleste av heltidsstillingene starter 8.desember.I forbindelse med intervjuet vil du f\u00e5 mer informasjon om hva som gjelder for akkurat den jobben du har s\u00f8kt p\u00e5<\/p>\n<p><strong>Arbeidstid:<br>\n<\/strong>25-40t\/ uke, Stillingen inng\u00e5r i skisenterets turnus, ferie- og helgejobbing m\u00e5 p\u00e5regnes.<\/p>\n<p><strong>S\u00f8knadsfrist:<br>\n<\/strong>L\u00f8pende, men senest 2. november.<\/p>\n<p>Ved eventuelle sp\u00f8rsm\u00e5l eller mer informasjon, ta kontakt med:<br>\nAvdelingsleder Guri Solbu- 911 52&nbsp;163\/ gs@raulandskisenter.no<\/p>\n<p><span><strong>Slik s\u00f8ker du<\/strong><br>\nSend oss en s\u00f8knad med bilde, CV og kompetansebevis til <\/span><a href=\"mailto:jobb@raulandskisenter.no\">jobb@raulandskisenter.no.<\/a><br>\nMerk s\u00f8knaden med &laquo;Jobbs\u00f8knad 2026&raquo;.<\/p>\n<p>Vi gleder oss til \u00e5 h\u00f8re fra deg! Velkommen som s\u00f8ker<\/p>\n<p class=\"m_-928143146573853963MsoListParagraph\"><a href=\"\/rauland-skisenter\/stilling\/\"><strong>\u00bb Tilbake til Ledige stillinger<\/strong><\/a><\/p>\n<\/div><\/div><\/div><\/div><\/div>\n","protected":false},"excerpt":{"rendered":"","protected":false},"author":10,"featured_media":0,"parent":438,"menu_order":0,"comment_status":"closed","ping_status":"closed","template":"","meta":{"_relevanssi_hide_post":"","_relevanssi_hide_content":"","_relevanssi_pin_for_all":"","_relevanssi_pin_keywords":"","_relevanssi_unpin_keywords":"","_relevanssi_related_keywords":"","_relevanssi_related_include_ids":"","_relevanssi_related_exclude_ids":"","_relevanssi_related_no_append":"","_relevanssi_related_not_related":"","_relevanssi_related_posts":"","_relevanssi_noindex_reason":"","seo_booster_metabox":"","footnotes":""},"class_list":["post-3447","page","type-page","status-publish","hentry","no-post-thumbnail"],"yoast_head":"<!-- This site is optimized with the Yoast SEO plugin v27.2 - https:\/\/yoast.com\/product\/yoast-seo-wordpress\/ -->\n<title>Ledig stilling - Servicemedarbeider - Ski - Rauland Skisenter<\/title>\n<meta name=\"robots\" content=\"index, follow, max-snippet:-1, max-image-preview:large, max-video-preview:-1\" \/>\n<link rel=\"canonical\" href=\"https:\/\/visitrauland.com\/rauland-skisenter\/stillinger\/skishop\/\" \/>\n<meta property=\"og:locale\" content=\"nb_NO\" \/>\n<meta property=\"og:type\" content=\"article\" \/>\n<meta property=\"og:title\" content=\"Ledig stilling - Servicemedarbeider - Ski - Rauland Skisenter\" \/>\n<meta property=\"og:url\" content=\"https:\/\/visitrauland.com\/rauland-skisenter\/stillinger\/skishop\/\" \/>\n<meta property=\"og:site_name\" content=\"Rauland Skisenter\" \/>\n<meta property=\"article:modified_time\" content=\"2025-10-20T12:37:02+00:00\" \/>\n<meta name=\"twitter:card\" content=\"summary_large_image\" \/>\n<meta name=\"twitter:label1\" content=\"Ansl. lesetid\" \/>\n\t<meta name=\"twitter:data1\" content=\"3 minutter\" \/>\n<script type=\"application\/ld+json\" class=\"yoast-schema-graph\">{\"@context\":\"https:\/\/schema.org\",\"@graph\":[{\"@type\":\"WebPage\",\"@id\":\"https:\/\/visitrauland.com\/rauland-skisenter\/stillinger\/skishop\/\",\"url\":\"https:\/\/visitrauland.com\/rauland-skisenter\/stillinger\/skishop\/\",\"name\":\"Ledig stilling - Servicemedarbeider - Ski - Rauland Skisenter\",\"isPartOf\":{\"@id\":\"https:\/\/visitrauland.com\/rauland-skisenter\/#website\"},\"datePublished\":\"2019-07-31T11:43:32+00:00\",\"dateModified\":\"2025-10-20T12:37:02+00:00\",\"breadcrumb\":{\"@id\":\"https:\/\/visitrauland.com\/rauland-skisenter\/stillinger\/skishop\/#breadcrumb\"},\"inLanguage\":\"nb-NO\",\"potentialAction\":[{\"@type\":\"ReadAction\",\"target\":[\"https:\/\/visitrauland.com\/rauland-skisenter\/stillinger\/skishop\/\"]}]},{\"@type\":\"BreadcrumbList\",\"@id\":\"https:\/\/visitrauland.com\/rauland-skisenter\/stillinger\/skishop\/#breadcrumb\",\"itemListElement\":[{\"@type\":\"ListItem\",\"position\":1,\"name\":\"Hjem\",\"item\":\"https:\/\/visitrauland.com\/rauland-skisenter\/\"},{\"@type\":\"ListItem\",\"position\":2,\"name\":\"Ledige stillinger\",\"item\":\"https:\/\/visitrauland.com\/rauland-skisenter\/stillinger\/\"},{\"@type\":\"ListItem\",\"position\":3,\"name\":\"Ledig stilling &#8211; Servicemedarbeider &#8211; Ski\"}]},{\"@type\":\"WebSite\",\"@id\":\"https:\/\/visitrauland.com\/rauland-skisenter\/#website\",\"url\":\"https:\/\/visitrauland.com\/rauland-skisenter\/\",\"name\":\"Rauland Skisenter\",\"description\":\"Aktiviteter for hele familien!\",\"potentialAction\":[{\"@type\":\"SearchAction\",\"target\":{\"@type\":\"EntryPoint\",\"urlTemplate\":\"https:\/\/visitrauland.com\/rauland-skisenter\/?s={search_term_string}\"},\"query-input\":{\"@type\":\"PropertyValueSpecification\",\"valueRequired\":true,\"valueName\":\"search_term_string\"}}],\"inLanguage\":\"nb-NO\"}]}<\/script>\n<!-- \/ Yoast SEO plugin. -->","yoast_head_json":{"title":"Ledig stilling - Servicemedarbeider - Ski - Rauland Skisenter","robots":{"index":"index","follow":"follow","max-snippet":"max-snippet:-1","max-image-preview":"max-image-preview:large","max-video-preview":"max-video-preview:-1"},"canonical":"https:\/\/visitrauland.com\/rauland-skisenter\/stillinger\/skishop\/","og_locale":"nb_NO","og_type":"article","og_title":"Ledig stilling - Servicemedarbeider - Ski - Rauland Skisenter","og_url":"https:\/\/visitrauland.com\/rauland-skisenter\/stillinger\/skishop\/","og_site_name":"Rauland Skisenter","article_modified_time":"2025-10-20T12:37:02+00:00","twitter_card":"summary_large_image","twitter_misc":{"Ansl. lesetid":"3 minutter"},"schema":{"@context":"https:\/\/schema.org","@graph":[{"@type":"WebPage","@id":"https:\/\/visitrauland.com\/rauland-skisenter\/stillinger\/skishop\/","url":"https:\/\/visitrauland.com\/rauland-skisenter\/stillinger\/skishop\/","name":"Ledig stilling - Servicemedarbeider - Ski - Rauland Skisenter","isPartOf":{"@id":"https:\/\/visitrauland.com\/rauland-skisenter\/#website"},"datePublished":"2019-07-31T11:43:32+00:00","dateModified":"2025-10-20T12:37:02+00:00","breadcrumb":{"@id":"https:\/\/visitrauland.com\/rauland-skisenter\/stillinger\/skishop\/#breadcrumb"},"inLanguage":"nb-NO","potentialAction":[{"@type":"ReadAction","target":["https:\/\/visitrauland.com\/rauland-skisenter\/stillinger\/skishop\/"]}]},{"@type":"BreadcrumbList","@id":"https:\/\/visitrauland.com\/rauland-skisenter\/stillinger\/skishop\/#breadcrumb","itemListElement":[{"@type":"ListItem","position":1,"name":"Hjem","item":"https:\/\/visitrauland.com\/rauland-skisenter\/"},{"@type":"ListItem","position":2,"name":"Ledige stillinger","item":"https:\/\/visitrauland.com\/rauland-skisenter\/stillinger\/"},{"@type":"ListItem","position":3,"name":"Ledig stilling &#8211; Servicemedarbeider &#8211; Ski"}]},{"@type":"WebSite","@id":"https:\/\/visitrauland.com\/rauland-skisenter\/#website","url":"https:\/\/visitrauland.com\/rauland-skisenter\/","name":"Rauland Skisenter","description":"Aktiviteter for hele familien!","potentialAction":[{"@type":"SearchAction","target":{"@type":"EntryPoint","urlTemplate":"https:\/\/visitrauland.com\/rauland-skisenter\/?s={search_term_string}"},"query-input":{"@type":"PropertyValueSpecification","valueRequired":true,"valueName":"search_term_string"}}],"inLanguage":"nb-NO"}]}},"publishpress_future_action":{"enabled":false,"date":"2026-04-14 15:08:25","action":"change-status","newStatus":"draft","terms":[],"taxonomy":"","extraData":[]},"publishpress_future_workflow_manual_trigger":{"enabledWorkflows":[]},"_links":{"self":[{"href":"https:\/\/visitrauland.com\/rauland-skisenter\/wp-json\/wp\/v2\/pages\/3447","targetHints":{"allow":["GET"]}}],"collection":[{"href":"https:\/\/visitrauland.com\/rauland-skisenter\/wp-json\/wp\/v2\/pages"}],"about":[{"href":"https:\/\/visitrauland.com\/rauland-skisenter\/wp-json\/wp\/v2\/types\/page"}],"author":[{"embeddable":true,"href":"https:\/\/visitrauland.com\/rauland-skisenter\/wp-json\/wp\/v2\/users\/10"}],"replies":[{"embeddable":true,"href":"https:\/\/visitrauland.com\/rauland-skisenter\/wp-json\/wp\/v2\/comments?post=3447"}],"version-history":[{"count":44,"href":"https:\/\/visitrauland.com\/rauland-skisenter\/wp-json\/wp\/v2\/pages\/3447\/revisions"}],"predecessor-version":[{"id":10521,"href":"https:\/\/visitrauland.com\/rauland-skisenter\/wp-json\/wp\/v2\/pages\/3447\/revisions\/10521"}],"up":[{"embeddable":true,"href":"https:\/\/visitrauland.com\/rauland-skisenter\/wp-json\/wp\/v2\/pages\/438"}],"wp:attachment":[{"href":"https:\/\/visitrauland.com\/rauland-skisenter\/wp-json\/wp\/v2\/media?parent=3447"}],"curies":[{"name":"wp","href":"https:\/\/api.w.org\/{rel}","templated":true}]}}