{"id":342,"date":"2017-10-30T18:10:43","date_gmt":"2017-10-30T17:10:43","guid":{"rendered":"https:\/\/visitrauland.com\/rauland-skisenter\/?page_id=342"},"modified":"2024-10-29T10:29:41","modified_gmt":"2024-10-29T09:29:41","slug":"samarbeidspartnere","status":"publish","type":"page","link":"https:\/\/visitrauland.com\/rauland-skisenter\/samarbeidspartnere\/","title":{"rendered":"Samarbeidspartnere"},"content":{"rendered":"<div id=\"cs-content\" class=\"cs-content\"><div id=\"x-section-1\" class=\"x-section\" style=\"margin: 0px;padding: 45px 0px 0px; background-color: transparent;\"><div id class=\"x-container\" style=\"margin: 0px auto;padding: 0px;\"><div class=\"x-column x-sm x-1-1\" style=\"padding: 0px;\"><div id class=\"x-text\" style><p><strong>Samarbeidspartnere i Rauland Skisenter<\/strong><\/p>\n<h5><a href=\"https:\/\/telemarkspas.no\" target=\"_blank\" rel=\"noopener\"><strong>Telemark SPAs AS<\/strong><\/a><\/h5>\n<p><b>Se frem til avslappende timer i ditt eget massasjebad, og kjenn p\u00e5 f\u00f8lelsen av luksus og velv\u00e6re hjemme eller p\u00e5 hytta.<\/b><\/p>\n<p>Telemark Spas tilbyr et bredt utvalg av utend\u00f8rs massasjebad, og vi ser virkelig frem til \u00e5 vise deg hva vi kan tilby.&nbsp;Vi setter v\u00e5r \u00e6re i \u00e5 gi deg den aller beste kundeopplevelse, og sammen finne frem til det massasjebadet som tilfredsstiller dine behov og \u00f8nsker.<\/p>\n<p>Fraktfri leveranse i Telemark \/ Vestfold<\/p>\n<h5><a href=\"https:\/\/bratsberg.as\" target=\"_blank\" rel=\"noopener\">Bratsberg AS<\/a><\/h5>\n<p>Bratsberg AS er Grenlands st\u00f8rste eiendomsutvikler og er markedsledende innen n\u00e6ringseiendom i regionen. Eiendomskonsernet \u00f8nsker at lokalbefolkningen skal trives og at det lokale n\u00e6ringslivet blomstrer. Bratsberg bidrar positivt til regionens utvikling ved \u00e5 tilby attraktive bedriftslokaler, samt utvikle og bevare eldre bygninger til nytte for lokalbefolkningen.<\/p>\n<p>Kontakt oss dersom du trenger kontor- eller n\u00e6ringslokaler med attraktiv beliggenhet, eller ved et \u00f8nske om \u00e5 realisere en eiendom eller et prosjekt<\/p>\n<h5><a href=\"https:\/\/gaustabanen.no\" target=\"_blank\" rel=\"noopener\">Gaustabanen<\/a><\/h5>\n<p>En av Norges mest spennende turistattraksjoner. Ta Gaustabanen til toppen av Gaustatoppen p\u00e5 bare 15 minutter.<br>\nSommer som vinter.<\/p>\n<h5><a href=\"https:\/\/www.protektiv.no\" target=\"_blank\" rel=\"noopener\">Protektiv<\/a><\/h5>\n<p>Alt av arbeidst\u00f8y! Protektiv produserer ogs\u00e5 transfer, silketrykk, tampotrykk, buttons, skilter, give-aways og brodering til forbrukere og videreforhandlere.<br>\nBes\u00f8k Protektiv p\u00e5 R\u00f8dmyr Industriomr\u00e5de.<\/p>\n<h5><a href=\"https:\/\/www.megaflis.no\" target=\"_blank\" rel=\"noopener\">Megaflis<\/a><\/h5>\n<p>Hos megaflis finner du alt av fliser (inne og ute), utstyr til baderom og mye annet spennende.<br>\nI Skien finner du Telemarks st\u00f8rste flisbutikk.<\/p>\n<h5><a href=\"https:\/\/privatmegleren.no\/skien\">Privatmegleren Telemark<\/a><\/h5>\n<p>Privatmegleren Telemark er Privatmeglerens representant i Skien\/Telemark.<br>\nPrivatmegleren har lang erfaring med hyttemarkedet p\u00e5 Rauland. Ta kontakt om du trenger dyktige eiendomsmeglere.<\/p>\n<h5><a href=\"https:\/\/rorleggersivertsen.no\/\" target=\"_blank\" rel=\"noopener\"><strong>R\u00f8rlegger Sivertsen<\/strong><\/a><\/h5>\n<p>R\u00f8rlegger Sivertsen leverer det mest innen r\u00f8rleggertjenester, baderomsrehabilitering fra start til slutt med fremdriftsplan. flislegger, Elektrikker, snekker og maler. De tilbyr ogs\u00e5 rehab\/ ombygging av hele boliger innvendig og utvendig i alle fag. Utf\u00f8rer oppdrag i hele Telemark.<\/p>\n<h5><a href=\"https:\/\/millba.no\" target=\"_blank\" rel=\"noopener\">Aunt Mabel's<\/a><\/h5>\n<p>Aunt Mabel\u2019s Muffins og Cookies er bakt med de beste r\u00e5varene fra hele verden. De saftige Aunt Mabel\u2019s produktene er utviklet og bakt i Skien og kan kj\u00f8pes i butikker i over 20 land. Kos deg p\u00e5 turen med et Aunt Mabel\u2019s produkt i sekken.<\/p>\n<h5><a href=\"https:\/\/millba.no\" target=\"_blank\" rel=\"noopener\">Vestlandslefsa<\/a><\/h5>\n<p>Vestlandslefsa med sukker og kanel er en sikker vinner som mellomm\u00e5ltid eller snack i sekken, b\u00e5de sommer og vinter i Rauland. Vestlandslefsa kj\u00f8pes ferdig smurt i kiosken eller i frysedisken p\u00e5 butikken.<\/p>\n<h5><strong>Norsk Pipe Rehabilitering AS<\/strong><\/h5>\n<\/div><\/div><\/div><\/div><div id=\"x-section-2\" class=\"x-section\" style=\"margin: 0px;padding: 45px 0px; background-color: transparent;\"><div id class=\"x-container\" style=\"margin: 0px auto;padding: 0px;\"><div class=\"x-column x-sm x-1-3\" style=\"padding: 0px;\">&nbsp;<\/div><div class=\"x-column x-sm x-1-3\" style=\"padding: 0px;\"><a class=\"x-img x-img-link x-img-none\" href=\"https:\/\/www.megaflis.no\" data-options=\"thumbnail: 'https:\/\/visitrauland.com\/rauland-skisenter\/wp-content\/uploads\/sites\/18\/2018\/10\/600-Megaflis.jpg'\"><noscript><img decoding=\"async\" src=\"https:\/\/visitrauland.com\/rauland-skisenter\/wp-content\/uploads\/sites\/18\/2018\/10\/600-Megaflis.jpg\"><\/noscript><img decoding=\"async\" src=\"data:image\/gif;base64,R0lGODlhAQABAIAAAAAAAP\/\/\/yH5BAEAAAAALAAAAAABAAEAAAIBRAA7\" data-src=\"https:\/\/visitrauland.com\/rauland-skisenter\/wp-content\/uploads\/sites\/18\/2018\/10\/600-Megaflis.jpg\" class=\" lazyload\"><\/a><\/div><div class=\"x-column x-sm x-1-3\" style=\"padding: 0px;\"><a class=\"x-img x-img-link x-img-none\" href=\"https:\/\/www.protektiv.no\" data-options=\"thumbnail: 'https:\/\/visitrauland.com\/rauland-skisenter\/wp-content\/uploads\/sites\/18\/2018\/10\/600-Protektiv.jpg'\"><noscript><img decoding=\"async\" src=\"https:\/\/visitrauland.com\/rauland-skisenter\/wp-content\/uploads\/sites\/18\/2018\/10\/600-Protektiv.jpg\"><\/noscript><img decoding=\"async\" src=\"data:image\/gif;base64,R0lGODlhAQABAIAAAAAAAP\/\/\/yH5BAEAAAAALAAAAAABAAEAAAIBRAA7\" data-src=\"https:\/\/visitrauland.com\/rauland-skisenter\/wp-content\/uploads\/sites\/18\/2018\/10\/600-Protektiv.jpg\" class=\" lazyload\"><\/a><\/div><\/div><div id class=\"x-container\" style=\"margin: 0px auto;padding: 0px;\"><div class=\"x-column x-sm x-1-1\" style=\"padding: 0px;\"><a class=\"x-img x-img-link x-img-none\" href=\"https:\/\/gaustabanen.no\" data-options=\"thumbnail: 'https:\/\/visitrauland.com\/rauland-skisenter\/wp-content\/uploads\/sites\/18\/2018\/10\/600-Gaustabanen.jpg'\"><noscript><img decoding=\"async\" src=\"https:\/\/visitrauland.com\/rauland-skisenter\/wp-content\/uploads\/sites\/18\/2018\/10\/600-Gaustabanen.jpg\"><\/noscript><img decoding=\"async\" src=\"data:image\/gif;base64,R0lGODlhAQABAIAAAAAAAP\/\/\/yH5BAEAAAAALAAAAAABAAEAAAIBRAA7\" data-src=\"https:\/\/visitrauland.com\/rauland-skisenter\/wp-content\/uploads\/sites\/18\/2018\/10\/600-Gaustabanen.jpg\" class=\" lazyload\"><\/a><\/div><\/div><div id class=\"x-container\" style=\"margin: 0px auto;padding: 0px;\"><div class=\"x-column x-sm x-1-2\" style=\"padding: 0px;\"><noscript><img decoding=\"async\" class=\"x-img x-img-none\" src=\"https:\/\/visitrauland.com\/rauland-skisenter\/wp-content\/uploads\/sites\/18\/2018\/11\/R\u00f8rlegger-Sivertsen_skilt2.png\"><\/noscript><img decoding=\"async\" class=\"x-img x-img-none lazyload\" src=\"data:image\/gif;base64,R0lGODlhAQABAIAAAAAAAP\/\/\/yH5BAEAAAAALAAAAAABAAEAAAIBRAA7\" data-src=\"https:\/\/visitrauland.com\/rauland-skisenter\/wp-content\/uploads\/sites\/18\/2018\/11\/R\u00f8rlegger-Sivertsen_skilt2.png\"><\/div><div class=\"x-column x-sm x-1-2\" style=\"padding: 0px;\"><a class=\"x-img x-img-link x-img-none\" href=\"https:\/\/privatmegleren.no\/porsgrunn\" data-options=\"thumbnail: 'https:\/\/visitrauland.com\/rauland-skisenter\/wp-content\/uploads\/sites\/18\/2018\/10\/Privatmegleren.jpg'\"><noscript><img decoding=\"async\" src=\"https:\/\/visitrauland.com\/rauland-skisenter\/wp-content\/uploads\/sites\/18\/2018\/10\/Privatmegleren.jpg\"><\/noscript><img decoding=\"async\" src=\"data:image\/gif;base64,R0lGODlhAQABAIAAAAAAAP\/\/\/yH5BAEAAAAALAAAAAABAAEAAAIBRAA7\" data-src=\"https:\/\/visitrauland.com\/rauland-skisenter\/wp-content\/uploads\/sites\/18\/2018\/10\/Privatmegleren.jpg\" class=\" lazyload\"><\/a><\/div><\/div><div id class=\"x-container\" style=\"margin: 0px auto;padding: 0px;\"><div class=\"x-column x-sm x-1-2\" style=\"padding: 0px;\"><noscript><img decoding=\"async\" class=\"x-img x-img-none\" src=\"https:\/\/visitrauland.com\/rauland-skisenter\/wp-content\/uploads\/sites\/18\/2020\/01\/Haugaland-Sveiseservice-logo-til-web.png\"><\/noscript><img decoding=\"async\" class=\"x-img x-img-none lazyload\" src=\"data:image\/gif;base64,R0lGODlhAQABAIAAAAAAAP\/\/\/yH5BAEAAAAALAAAAAABAAEAAAIBRAA7\" data-src=\"https:\/\/visitrauland.com\/rauland-skisenter\/wp-content\/uploads\/sites\/18\/2020\/01\/Haugaland-Sveiseservice-logo-til-web.png\"><\/div><div class=\"x-column x-sm cs-ta-center x-1-2\" style=\"padding: 0px;\"><span class=\"x-image e342-e24 m9i-0 m9i-1\"><noscript><img decoding=\"async\" src=\"https:\/\/visitrauland.com\/rauland-skisenter\/wp-content\/uploads\/sites\/18\/2020\/01\/kjaerstranda-logo.jpg\" width=\"208\" height=\"124\" alt=\"Image\"><\/noscript><img decoding=\"async\" src=\"data:image\/svg+xml,%3Csvg%20xmlns%3D%22http%3A%2F%2Fwww.w3.org%2F2000%2Fsvg%22%20viewBox%3D%220%200%20208%20124%22%3E%3C%2Fsvg%3E\" width=\"208\" height=\"124\" alt=\"Image\" data-src=\"https:\/\/visitrauland.com\/rauland-skisenter\/wp-content\/uploads\/sites\/18\/2020\/01\/kjaerstranda-logo.jpg\" class=\" lazyload\"><\/span><\/div><\/div><div id class=\"x-container\" style=\"margin: 0px auto;padding: 0px;\"><div class=\"x-column x-sm x-1-3\" style=\"padding: 0px;\"><span class=\"x-image e342-e27 m9i-0 m9i-1\"><noscript><img decoding=\"async\" src=\"https:\/\/visitrauland.com\/rauland-skisenter\/wp-content\/uploads\/sites\/18\/2020\/09\/bratsberglogo.jpg\" width=\"224\" height=\"120\" alt=\"Image\"><\/noscript><img decoding=\"async\" src=\"data:image\/svg+xml,%3Csvg%20xmlns%3D%22http%3A%2F%2Fwww.w3.org%2F2000%2Fsvg%22%20viewBox%3D%220%200%20224%20120%22%3E%3C%2Fsvg%3E\" width=\"224\" height=\"120\" alt=\"Image\" data-src=\"https:\/\/visitrauland.com\/rauland-skisenter\/wp-content\/uploads\/sites\/18\/2020\/09\/bratsberglogo.jpg\" class=\" lazyload\"><\/span><\/div><div class=\"x-column x-sm x-1-3\" style=\"padding: 0px;\"><hr class=\"x-line e342-e29 m9i-3 m9i-4\"><\/div><div class=\"x-column x-sm x-1-3\" style=\"padding: 0px;\"><span class=\"x-image e342-e31 m9i-0 m9i-1\"><noscript><img decoding=\"async\" src=\"https:\/\/visitrauland.com\/rauland-skisenter\/wp-content\/uploads\/sites\/18\/2020\/09\/auntmabels.jpg\" width=\"289\" height=\"134\" alt=\"Image\"><\/noscript><img decoding=\"async\" src=\"data:image\/svg+xml,%3Csvg%20xmlns%3D%22http%3A%2F%2Fwww.w3.org%2F2000%2Fsvg%22%20viewBox%3D%220%200%20289%20134%22%3E%3C%2Fsvg%3E\" width=\"289\" height=\"134\" alt=\"Image\" data-src=\"https:\/\/visitrauland.com\/rauland-skisenter\/wp-content\/uploads\/sites\/18\/2020\/09\/auntmabels.jpg\" class=\" lazyload\"><\/span><\/div><\/div><div id class=\"x-container\" style=\"margin: 0px auto;padding: 0px;\"><div class=\"x-column x-sm x-1-3\" style=\"padding: 0px;\"><hr class=\"x-line e342-e34 m9i-3 m9i-5\"><\/div><div class=\"x-column x-sm x-1-3\" style=\"padding: 0px;\"><a class=\"x-image e342-e36 m9i-0 m9i-2\" href=\"https:\/\/telemarkspas.no\" target=\"_blank\" rel=\"noopener noreferrer\"><noscript><img decoding=\"async\" src=\"https:\/\/visitrauland.com\/rauland-skisenter\/wp-content\/uploads\/sites\/18\/2021\/02\/TelemarksSpas_logo_4.jpg\" width=\"450\" height=\"253\" alt=\"Logo for Telemark Spas p\u00e5 bl\u00e5 bakgrunn med et stilisert fjelldesign i sirkel over teksten Telemark Spas.\"><\/noscript><img decoding=\"async\" src=\"data:image\/svg+xml,%3Csvg%20xmlns%3D%22http%3A%2F%2Fwww.w3.org%2F2000%2Fsvg%22%20viewBox%3D%220%200%20450%20253%22%3E%3C%2Fsvg%3E\" width=\"450\" height=\"253\" alt=\"Logo for Telemark Spas p\u00e5 bl\u00e5 bakgrunn med et stilisert fjelldesign i sirkel over teksten Telemark Spas.\" data-src=\"https:\/\/visitrauland.com\/rauland-skisenter\/wp-content\/uploads\/sites\/18\/2021\/02\/TelemarksSpas_logo_4.jpg\" class=\" lazyload\"><\/a><\/div><div class=\"x-column x-sm x-1-3\" style=\"padding: 0px;\"><span class=\"x-image e342-e38 m9i-0 m9i-1\"><noscript><img decoding=\"async\" src=\"https:\/\/visitrauland.com\/rauland-skisenter\/wp-content\/uploads\/sites\/18\/2020\/09\/Vestlandslefsa_logo.jpg\" width=\"250\" height=\"144\" alt=\"Image\"><\/noscript><img decoding=\"async\" src=\"data:image\/svg+xml,%3Csvg%20xmlns%3D%22http%3A%2F%2Fwww.w3.org%2F2000%2Fsvg%22%20viewBox%3D%220%200%20250%20144%22%3E%3C%2Fsvg%3E\" width=\"250\" height=\"144\" alt=\"Image\" data-src=\"https:\/\/visitrauland.com\/rauland-skisenter\/wp-content\/uploads\/sites\/18\/2020\/09\/Vestlandslefsa_logo.jpg\" class=\" lazyload\"><\/span><div id class=\"x-container\" style=\"margin: 0px auto;padding: 0px;\"><\/div><\/div><\/div><div id class=\"x-container\" style=\"margin: 0px auto;padding: 0px;\"><div class=\"x-column x-sm x-1-2\" style=\"padding: 0px;\">&nbsp;<\/div><div class=\"x-column x-sm x-1-2\" style=\"padding: 0px;\"><span class=\"x-image e342-e43 m9i-0 m9i-2\"><noscript><img decoding=\"async\" src=\"https:\/\/visitrauland.com\/rauland-skisenter\/wp-content\/uploads\/sites\/18\/2021\/11\/npr.jpg\" width=\"394\" height=\"115\" alt=\"Beklager, men jeg kan ikke beskrive eller identifisere innholdet i denne logoen.\"><\/noscript><img decoding=\"async\" src=\"data:image\/svg+xml,%3Csvg%20xmlns%3D%22http%3A%2F%2Fwww.w3.org%2F2000%2Fsvg%22%20viewBox%3D%220%200%20394%20115%22%3E%3C%2Fsvg%3E\" width=\"394\" height=\"115\" alt=\"Beklager, men jeg kan ikke beskrive eller identifisere innholdet i denne logoen.\" data-src=\"https:\/\/visitrauland.com\/rauland-skisenter\/wp-content\/uploads\/sites\/18\/2021\/11\/npr.jpg\" class=\" lazyload\"><\/span><\/div><\/div><\/div><div class=\"x-section e342-e44 m9i-6\"><div class=\"x-row e342-e45 m9i-7 m9i-8\"><div class=\"x-row-inner\"><div class=\"x-col e342-e46 m9i-9\"><noscript><img decoding=\"async\" class=\"x-img x-img-none\" src=\"https:\/\/visitrauland.com\/rauland-skisenter\/wp-content\/uploads\/sites\/18\/2018\/04\/Holtardalen-2018-1920.jpg\"><\/noscript><img decoding=\"async\" class=\"x-img x-img-none lazyload\" src=\"data:image\/gif;base64,R0lGODlhAQABAIAAAAAAAP\/\/\/yH5BAEAAAAALAAAAAABAAEAAAIBRAA7\" data-src=\"https:\/\/visitrauland.com\/rauland-skisenter\/wp-content\/uploads\/sites\/18\/2018\/04\/Holtardalen-2018-1920.jpg\"><\/div><\/div><\/div><\/div><\/div>\n","protected":false},"excerpt":{"rendered":"<p>Samarbeidspartnere i Rauland Skisenter Telemark SPAs AS Se frem til avslappende timer i ditt eget massasjebad, og kjenn p\u00e5 f\u00f8lelsen av luksus og velv\u00e6re hjemme eller p\u00e5 hytta. Telemark Spas tilbyr et bredt utvalg av utend\u00f8rs massasjebad, og vi ser virkelig frem til \u00e5 vise deg hva vi kan tilby.&nbsp;Vi setter v\u00e5r \u00e6re i \u00e5 gi deg den aller beste &#8230; <\/p>\n<div><a href=\"https:\/\/visitrauland.com\/rauland-skisenter\/samarbeidspartnere\/\" class=\"more-link\">Les Mer<\/a><\/div>\n","protected":false},"author":3,"featured_media":0,"parent":0,"menu_order":0,"comment_status":"closed","ping_status":"closed","template":"","meta":{"_relevanssi_hide_post":"","_relevanssi_hide_content":"","_relevanssi_pin_for_all":"","_relevanssi_pin_keywords":"","_relevanssi_unpin_keywords":"","_relevanssi_related_keywords":"","_relevanssi_related_include_ids":"","_relevanssi_related_exclude_ids":"","_relevanssi_related_no_append":"","_relevanssi_related_not_related":"","_relevanssi_related_posts":"","_relevanssi_noindex_reason":"","seo_booster_metabox":"","footnotes":""},"class_list":["post-342","page","type-page","status-publish","hentry","no-post-thumbnail"],"yoast_head":"<!-- This site is optimized with the Yoast SEO plugin v27.2 - https:\/\/yoast.com\/product\/yoast-seo-wordpress\/ -->\n<title>Samarbeidspartnere - Rauland Skisenter<\/title>\n<meta name=\"robots\" content=\"index, follow, max-snippet:-1, max-image-preview:large, max-video-preview:-1\" \/>\n<link rel=\"canonical\" href=\"https:\/\/visitrauland.com\/rauland-skisenter\/samarbeidspartnere\/\" \/>\n<meta property=\"og:locale\" content=\"nb_NO\" \/>\n<meta property=\"og:type\" content=\"article\" \/>\n<meta property=\"og:title\" content=\"Samarbeidspartnere - Rauland Skisenter\" \/>\n<meta property=\"og:description\" content=\"Samarbeidspartnere i Rauland Skisenter Telemark SPAs AS Se frem til avslappende timer i ditt eget massasjebad, og kjenn p\u00e5 f\u00f8lelsen av luksus og velv\u00e6re hjemme eller p\u00e5 hytta. Telemark Spas tilbyr et bredt utvalg av utend\u00f8rs massasjebad, og vi ser virkelig frem til \u00e5 vise deg hva vi kan tilby.&nbsp;Vi setter v\u00e5r \u00e6re i \u00e5 gi deg den aller beste ... Les Mer\" \/>\n<meta property=\"og:url\" content=\"https:\/\/visitrauland.com\/rauland-skisenter\/samarbeidspartnere\/\" \/>\n<meta property=\"og:site_name\" content=\"Rauland Skisenter\" \/>\n<meta property=\"article:modified_time\" content=\"2024-10-29T09:29:41+00:00\" \/>\n<meta name=\"twitter:card\" content=\"summary_large_image\" \/>\n<meta name=\"twitter:label1\" content=\"Ansl. lesetid\" \/>\n\t<meta name=\"twitter:data1\" content=\"7 minutter\" \/>\n<script type=\"application\/ld+json\" class=\"yoast-schema-graph\">{\"@context\":\"https:\/\/schema.org\",\"@graph\":[{\"@type\":\"WebPage\",\"@id\":\"https:\/\/visitrauland.com\/rauland-skisenter\/samarbeidspartnere\/\",\"url\":\"https:\/\/visitrauland.com\/rauland-skisenter\/samarbeidspartnere\/\",\"name\":\"Samarbeidspartnere - Rauland Skisenter\",\"isPartOf\":{\"@id\":\"https:\/\/visitrauland.com\/rauland-skisenter\/#website\"},\"datePublished\":\"2017-10-30T17:10:43+00:00\",\"dateModified\":\"2024-10-29T09:29:41+00:00\",\"breadcrumb\":{\"@id\":\"https:\/\/visitrauland.com\/rauland-skisenter\/samarbeidspartnere\/#breadcrumb\"},\"inLanguage\":\"nb-NO\",\"potentialAction\":[{\"@type\":\"ReadAction\",\"target\":[\"https:\/\/visitrauland.com\/rauland-skisenter\/samarbeidspartnere\/\"]}]},{\"@type\":\"BreadcrumbList\",\"@id\":\"https:\/\/visitrauland.com\/rauland-skisenter\/samarbeidspartnere\/#breadcrumb\",\"itemListElement\":[{\"@type\":\"ListItem\",\"position\":1,\"name\":\"Hjem\",\"item\":\"https:\/\/visitrauland.com\/rauland-skisenter\/\"},{\"@type\":\"ListItem\",\"position\":2,\"name\":\"Samarbeidspartnere\"}]},{\"@type\":\"WebSite\",\"@id\":\"https:\/\/visitrauland.com\/rauland-skisenter\/#website\",\"url\":\"https:\/\/visitrauland.com\/rauland-skisenter\/\",\"name\":\"Rauland Skisenter\",\"description\":\"Aktiviteter for hele familien!\",\"potentialAction\":[{\"@type\":\"SearchAction\",\"target\":{\"@type\":\"EntryPoint\",\"urlTemplate\":\"https:\/\/visitrauland.com\/rauland-skisenter\/?s={search_term_string}\"},\"query-input\":{\"@type\":\"PropertyValueSpecification\",\"valueRequired\":true,\"valueName\":\"search_term_string\"}}],\"inLanguage\":\"nb-NO\"}]}<\/script>\n<!-- \/ Yoast SEO plugin. -->","yoast_head_json":{"title":"Samarbeidspartnere - Rauland Skisenter","robots":{"index":"index","follow":"follow","max-snippet":"max-snippet:-1","max-image-preview":"max-image-preview:large","max-video-preview":"max-video-preview:-1"},"canonical":"https:\/\/visitrauland.com\/rauland-skisenter\/samarbeidspartnere\/","og_locale":"nb_NO","og_type":"article","og_title":"Samarbeidspartnere - Rauland Skisenter","og_description":"Samarbeidspartnere i Rauland Skisenter Telemark SPAs AS Se frem til avslappende timer i ditt eget massasjebad, og kjenn p\u00e5 f\u00f8lelsen av luksus og velv\u00e6re hjemme eller p\u00e5 hytta. Telemark Spas tilbyr et bredt utvalg av utend\u00f8rs massasjebad, og vi ser virkelig frem til \u00e5 vise deg hva vi kan tilby.&nbsp;Vi setter v\u00e5r \u00e6re i \u00e5 gi deg den aller beste ... Les Mer","og_url":"https:\/\/visitrauland.com\/rauland-skisenter\/samarbeidspartnere\/","og_site_name":"Rauland Skisenter","article_modified_time":"2024-10-29T09:29:41+00:00","twitter_card":"summary_large_image","twitter_misc":{"Ansl. lesetid":"7 minutter"},"schema":{"@context":"https:\/\/schema.org","@graph":[{"@type":"WebPage","@id":"https:\/\/visitrauland.com\/rauland-skisenter\/samarbeidspartnere\/","url":"https:\/\/visitrauland.com\/rauland-skisenter\/samarbeidspartnere\/","name":"Samarbeidspartnere - Rauland Skisenter","isPartOf":{"@id":"https:\/\/visitrauland.com\/rauland-skisenter\/#website"},"datePublished":"2017-10-30T17:10:43+00:00","dateModified":"2024-10-29T09:29:41+00:00","breadcrumb":{"@id":"https:\/\/visitrauland.com\/rauland-skisenter\/samarbeidspartnere\/#breadcrumb"},"inLanguage":"nb-NO","potentialAction":[{"@type":"ReadAction","target":["https:\/\/visitrauland.com\/rauland-skisenter\/samarbeidspartnere\/"]}]},{"@type":"BreadcrumbList","@id":"https:\/\/visitrauland.com\/rauland-skisenter\/samarbeidspartnere\/#breadcrumb","itemListElement":[{"@type":"ListItem","position":1,"name":"Hjem","item":"https:\/\/visitrauland.com\/rauland-skisenter\/"},{"@type":"ListItem","position":2,"name":"Samarbeidspartnere"}]},{"@type":"WebSite","@id":"https:\/\/visitrauland.com\/rauland-skisenter\/#website","url":"https:\/\/visitrauland.com\/rauland-skisenter\/","name":"Rauland Skisenter","description":"Aktiviteter for hele familien!","potentialAction":[{"@type":"SearchAction","target":{"@type":"EntryPoint","urlTemplate":"https:\/\/visitrauland.com\/rauland-skisenter\/?s={search_term_string}"},"query-input":{"@type":"PropertyValueSpecification","valueRequired":true,"valueName":"search_term_string"}}],"inLanguage":"nb-NO"}]}},"publishpress_future_action":{"enabled":false,"date":"2026-04-24 03:47:00","action":"change-status","newStatus":"draft","terms":[],"taxonomy":"","extraData":[]},"publishpress_future_workflow_manual_trigger":{"enabledWorkflows":[]},"_links":{"self":[{"href":"https:\/\/visitrauland.com\/rauland-skisenter\/wp-json\/wp\/v2\/pages\/342","targetHints":{"allow":["GET"]}}],"collection":[{"href":"https:\/\/visitrauland.com\/rauland-skisenter\/wp-json\/wp\/v2\/pages"}],"about":[{"href":"https:\/\/visitrauland.com\/rauland-skisenter\/wp-json\/wp\/v2\/types\/page"}],"author":[{"embeddable":true,"href":"https:\/\/visitrauland.com\/rauland-skisenter\/wp-json\/wp\/v2\/users\/3"}],"replies":[{"embeddable":true,"href":"https:\/\/visitrauland.com\/rauland-skisenter\/wp-json\/wp\/v2\/comments?post=342"}],"version-history":[{"count":29,"href":"https:\/\/visitrauland.com\/rauland-skisenter\/wp-json\/wp\/v2\/pages\/342\/revisions"}],"predecessor-version":[{"id":9568,"href":"https:\/\/visitrauland.com\/rauland-skisenter\/wp-json\/wp\/v2\/pages\/342\/revisions\/9568"}],"wp:attachment":[{"href":"https:\/\/visitrauland.com\/rauland-skisenter\/wp-json\/wp\/v2\/media?parent=342"}],"curies":[{"name":"wp","href":"https:\/\/api.w.org\/{rel}","templated":true}]}}