{"id":2936,"date":"2019-01-24T11:26:19","date_gmt":"2019-01-24T10:26:19","guid":{"rendered":"https:\/\/visitrauland.com\/rauland-skisenter\/?page_id=2936"},"modified":"2022-10-26T14:54:10","modified_gmt":"2022-10-26T12:54:10","slug":"alpintvettreglene","status":"publish","type":"page","link":"https:\/\/visitrauland.com\/rauland-skisenter\/alpintvettreglene\/","title":{"rendered":"Alpintvettreglene"},"content":{"rendered":"<div id=\"cs-content\" class=\"cs-content\"><\/div>\n","protected":false},"excerpt":{"rendered":"<p>Det er viktig at du som gjest hos oss setter deg inn i alpinvettreglene og f\u00f8lger disse. All ferdsel utenfor merket, sikrede og preparerte l\u00f8yper skjer p\u00e5 eget ansvar.&nbsp; Har du med deg barn, husk \u00e5 gjennomg\u00e5 reglene med de ogs\u00e5. Bruk hode og bruk hjelm, vis hensyn til andre ski- og brettkj\u00f8rere og f\u00f8lg alpinreglene. Ansvar for \u00e5 unng\u00e5 &#8230; <\/p>\n<div><a href=\"https:\/\/visitrauland.com\/rauland-skisenter\/alpintvettreglene\/\" class=\"more-link\">Les Mer<\/a><\/div>\n","protected":false},"author":10,"featured_media":0,"parent":0,"menu_order":0,"comment_status":"closed","ping_status":"closed","template":"","meta":{"_relevanssi_hide_post":"","_relevanssi_hide_content":"","_relevanssi_pin_for_all":"","_relevanssi_pin_keywords":"","_relevanssi_unpin_keywords":"","_relevanssi_related_keywords":"","_relevanssi_related_include_ids":"","_relevanssi_related_exclude_ids":"","_relevanssi_related_no_append":"","_relevanssi_related_not_related":"","_relevanssi_related_posts":"","_relevanssi_noindex_reason":"","seo_booster_metabox":"","footnotes":""},"class_list":["post-2936","page","type-page","status-publish","hentry","no-post-thumbnail"],"yoast_head":"<!-- This site is optimized with the Yoast SEO plugin v27.5 - https:\/\/yoast.com\/product\/yoast-seo-wordpress\/ -->\n<title>Alpintvettreglene - Rauland Skisenter<\/title>\n<meta name=\"robots\" content=\"index, follow, max-snippet:-1, max-image-preview:large, max-video-preview:-1\" \/>\n<link rel=\"canonical\" href=\"https:\/\/visitrauland.com\/rauland-skisenter\/alpintvettreglene\/\" \/>\n<meta property=\"og:locale\" content=\"nb_NO\" \/>\n<meta property=\"og:type\" content=\"article\" \/>\n<meta property=\"og:title\" content=\"Alpintvettreglene - Rauland Skisenter\" \/>\n<meta property=\"og:description\" content=\"Det er viktig at du som gjest hos oss setter deg inn i alpinvettreglene og f\u00f8lger disse. All ferdsel utenfor merket, sikrede og preparerte l\u00f8yper skjer p\u00e5 eget ansvar.&nbsp; Har du med deg barn, husk \u00e5 gjennomg\u00e5 reglene med de ogs\u00e5. Bruk hode og bruk hjelm, vis hensyn til andre ski- og brettkj\u00f8rere og f\u00f8lg alpinreglene. Ansvar for \u00e5 unng\u00e5 ... Les Mer\" \/>\n<meta property=\"og:url\" content=\"https:\/\/visitrauland.com\/rauland-skisenter\/alpintvettreglene\/\" \/>\n<meta property=\"og:site_name\" content=\"Rauland Skisenter\" \/>\n<meta property=\"article:modified_time\" content=\"2022-10-26T12:54:10+00:00\" \/>\n<meta property=\"og:image\" content=\"https:\/\/visitrauland.com\/rauland-skisenter\/wp-content\/uploads\/sites\/18\/2022\/10\/Advarsel-All-ferdsel.jpg\" \/>\n<meta name=\"twitter:card\" content=\"summary_large_image\" \/>\n<meta name=\"twitter:label1\" content=\"Ansl. lesetid\" \/>\n\t<meta name=\"twitter:data1\" content=\"3 minutter\" \/>\n<script type=\"application\/ld+json\" class=\"yoast-schema-graph\">{\"@context\":\"https:\\\/\\\/schema.org\",\"@graph\":[{\"@type\":\"WebPage\",\"@id\":\"https:\\\/\\\/visitrauland.com\\\/rauland-skisenter\\\/alpintvettreglene\\\/\",\"url\":\"https:\\\/\\\/visitrauland.com\\\/rauland-skisenter\\\/alpintvettreglene\\\/\",\"name\":\"Alpintvettreglene - Rauland Skisenter\",\"isPartOf\":{\"@id\":\"https:\\\/\\\/visitrauland.com\\\/rauland-skisenter\\\/#website\"},\"primaryImageOfPage\":{\"@id\":\"https:\\\/\\\/visitrauland.com\\\/rauland-skisenter\\\/alpintvettreglene\\\/#primaryimage\"},\"image\":{\"@id\":\"https:\\\/\\\/visitrauland.com\\\/rauland-skisenter\\\/alpintvettreglene\\\/#primaryimage\"},\"thumbnailUrl\":\"https:\\\/\\\/visitrauland.com\\\/rauland-skisenter\\\/wp-content\\\/uploads\\\/sites\\\/18\\\/2022\\\/10\\\/Advarsel-All-ferdsel.jpg\",\"datePublished\":\"2019-01-24T10:26:19+00:00\",\"dateModified\":\"2022-10-26T12:54:10+00:00\",\"breadcrumb\":{\"@id\":\"https:\\\/\\\/visitrauland.com\\\/rauland-skisenter\\\/alpintvettreglene\\\/#breadcrumb\"},\"inLanguage\":\"nb-NO\",\"potentialAction\":[{\"@type\":\"ReadAction\",\"target\":[\"https:\\\/\\\/visitrauland.com\\\/rauland-skisenter\\\/alpintvettreglene\\\/\"]}]},{\"@type\":\"ImageObject\",\"inLanguage\":\"nb-NO\",\"@id\":\"https:\\\/\\\/visitrauland.com\\\/rauland-skisenter\\\/alpintvettreglene\\\/#primaryimage\",\"url\":\"https:\\\/\\\/visitrauland.com\\\/rauland-skisenter\\\/wp-content\\\/uploads\\\/sites\\\/18\\\/2022\\\/10\\\/Advarsel-All-ferdsel.jpg\",\"contentUrl\":\"https:\\\/\\\/visitrauland.com\\\/rauland-skisenter\\\/wp-content\\\/uploads\\\/sites\\\/18\\\/2022\\\/10\\\/Advarsel-All-ferdsel.jpg\",\"width\":980,\"height\":912,\"caption\":\"Advarselsskilt: Fare for sn\u00f8skred og ras utenfor merkede l\u00f8yper. Ferdsel skjer p\u00e5 eget ansvar.\"},{\"@type\":\"BreadcrumbList\",\"@id\":\"https:\\\/\\\/visitrauland.com\\\/rauland-skisenter\\\/alpintvettreglene\\\/#breadcrumb\",\"itemListElement\":[{\"@type\":\"ListItem\",\"position\":1,\"name\":\"Hjem\",\"item\":\"https:\\\/\\\/visitrauland.com\\\/rauland-skisenter\\\/\"},{\"@type\":\"ListItem\",\"position\":2,\"name\":\"Alpintvettreglene\"}]},{\"@type\":\"WebSite\",\"@id\":\"https:\\\/\\\/visitrauland.com\\\/rauland-skisenter\\\/#website\",\"url\":\"https:\\\/\\\/visitrauland.com\\\/rauland-skisenter\\\/\",\"name\":\"Rauland Skisenter\",\"description\":\"Aktiviteter for hele familien!\",\"potentialAction\":[{\"@type\":\"SearchAction\",\"target\":{\"@type\":\"EntryPoint\",\"urlTemplate\":\"https:\\\/\\\/visitrauland.com\\\/rauland-skisenter\\\/?s={search_term_string}\"},\"query-input\":{\"@type\":\"PropertyValueSpecification\",\"valueRequired\":true,\"valueName\":\"search_term_string\"}}],\"inLanguage\":\"nb-NO\"}]}<\/script>\n<!-- \/ Yoast SEO plugin. -->","yoast_head_json":{"title":"Alpintvettreglene - Rauland Skisenter","robots":{"index":"index","follow":"follow","max-snippet":"max-snippet:-1","max-image-preview":"max-image-preview:large","max-video-preview":"max-video-preview:-1"},"canonical":"https:\/\/visitrauland.com\/rauland-skisenter\/alpintvettreglene\/","og_locale":"nb_NO","og_type":"article","og_title":"Alpintvettreglene - Rauland Skisenter","og_description":"Det er viktig at du som gjest hos oss setter deg inn i alpinvettreglene og f\u00f8lger disse. All ferdsel utenfor merket, sikrede og preparerte l\u00f8yper skjer p\u00e5 eget ansvar.&nbsp; Har du med deg barn, husk \u00e5 gjennomg\u00e5 reglene med de ogs\u00e5. Bruk hode og bruk hjelm, vis hensyn til andre ski- og brettkj\u00f8rere og f\u00f8lg alpinreglene. Ansvar for \u00e5 unng\u00e5 ... Les Mer","og_url":"https:\/\/visitrauland.com\/rauland-skisenter\/alpintvettreglene\/","og_site_name":"Rauland Skisenter","article_modified_time":"2022-10-26T12:54:10+00:00","og_image":[{"url":"https:\/\/visitrauland.com\/rauland-skisenter\/wp-content\/uploads\/sites\/18\/2022\/10\/Advarsel-All-ferdsel.jpg","type":"","width":"","height":""}],"twitter_card":"summary_large_image","twitter_misc":{"Ansl. lesetid":"3 minutter"},"schema":{"@context":"https:\/\/schema.org","@graph":[{"@type":"WebPage","@id":"https:\/\/visitrauland.com\/rauland-skisenter\/alpintvettreglene\/","url":"https:\/\/visitrauland.com\/rauland-skisenter\/alpintvettreglene\/","name":"Alpintvettreglene - Rauland Skisenter","isPartOf":{"@id":"https:\/\/visitrauland.com\/rauland-skisenter\/#website"},"primaryImageOfPage":{"@id":"https:\/\/visitrauland.com\/rauland-skisenter\/alpintvettreglene\/#primaryimage"},"image":{"@id":"https:\/\/visitrauland.com\/rauland-skisenter\/alpintvettreglene\/#primaryimage"},"thumbnailUrl":"https:\/\/visitrauland.com\/rauland-skisenter\/wp-content\/uploads\/sites\/18\/2022\/10\/Advarsel-All-ferdsel.jpg","datePublished":"2019-01-24T10:26:19+00:00","dateModified":"2022-10-26T12:54:10+00:00","breadcrumb":{"@id":"https:\/\/visitrauland.com\/rauland-skisenter\/alpintvettreglene\/#breadcrumb"},"inLanguage":"nb-NO","potentialAction":[{"@type":"ReadAction","target":["https:\/\/visitrauland.com\/rauland-skisenter\/alpintvettreglene\/"]}]},{"@type":"ImageObject","inLanguage":"nb-NO","@id":"https:\/\/visitrauland.com\/rauland-skisenter\/alpintvettreglene\/#primaryimage","url":"https:\/\/visitrauland.com\/rauland-skisenter\/wp-content\/uploads\/sites\/18\/2022\/10\/Advarsel-All-ferdsel.jpg","contentUrl":"https:\/\/visitrauland.com\/rauland-skisenter\/wp-content\/uploads\/sites\/18\/2022\/10\/Advarsel-All-ferdsel.jpg","width":980,"height":912,"caption":"Advarselsskilt: Fare for sn\u00f8skred og ras utenfor merkede l\u00f8yper. Ferdsel skjer p\u00e5 eget ansvar."},{"@type":"BreadcrumbList","@id":"https:\/\/visitrauland.com\/rauland-skisenter\/alpintvettreglene\/#breadcrumb","itemListElement":[{"@type":"ListItem","position":1,"name":"Hjem","item":"https:\/\/visitrauland.com\/rauland-skisenter\/"},{"@type":"ListItem","position":2,"name":"Alpintvettreglene"}]},{"@type":"WebSite","@id":"https:\/\/visitrauland.com\/rauland-skisenter\/#website","url":"https:\/\/visitrauland.com\/rauland-skisenter\/","name":"Rauland Skisenter","description":"Aktiviteter for hele familien!","potentialAction":[{"@type":"SearchAction","target":{"@type":"EntryPoint","urlTemplate":"https:\/\/visitrauland.com\/rauland-skisenter\/?s={search_term_string}"},"query-input":{"@type":"PropertyValueSpecification","valueRequired":true,"valueName":"search_term_string"}}],"inLanguage":"nb-NO"}]}},"publishpress_future_action":{"enabled":false,"date":"2026-05-07 01:13:36","action":"change-status","newStatus":"draft","terms":[],"taxonomy":"","extraData":[]},"publishpress_future_workflow_manual_trigger":{"enabledWorkflows":[]},"_links":{"self":[{"href":"https:\/\/visitrauland.com\/rauland-skisenter\/wp-json\/wp\/v2\/pages\/2936","targetHints":{"allow":["GET"]}}],"collection":[{"href":"https:\/\/visitrauland.com\/rauland-skisenter\/wp-json\/wp\/v2\/pages"}],"about":[{"href":"https:\/\/visitrauland.com\/rauland-skisenter\/wp-json\/wp\/v2\/types\/page"}],"author":[{"embeddable":true,"href":"https:\/\/visitrauland.com\/rauland-skisenter\/wp-json\/wp\/v2\/users\/10"}],"replies":[{"embeddable":true,"href":"https:\/\/visitrauland.com\/rauland-skisenter\/wp-json\/wp\/v2\/comments?post=2936"}],"version-history":[{"count":7,"href":"https:\/\/visitrauland.com\/rauland-skisenter\/wp-json\/wp\/v2\/pages\/2936\/revisions"}],"predecessor-version":[{"id":7598,"href":"https:\/\/visitrauland.com\/rauland-skisenter\/wp-json\/wp\/v2\/pages\/2936\/revisions\/7598"}],"wp:attachment":[{"href":"https:\/\/visitrauland.com\/rauland-skisenter\/wp-json\/wp\/v2\/media?parent=2936"}],"curies":[{"name":"wp","href":"https:\/\/api.w.org\/{rel}","templated":true}]}}