{"id":2550,"date":"2018-10-15T16:37:13","date_gmt":"2018-10-15T14:37:13","guid":{"rendered":"https:\/\/visitrauland.com\/rauland-skisenter\/?page_id=2550"},"modified":"2026-01-14T13:59:01","modified_gmt":"2026-01-14T12:59:01","slug":"loypekart-mobile","status":"publish","type":"page","link":"https:\/\/visitrauland.com\/rauland-skisenter\/loypekart-mobile\/","title":{"rendered":"L\u00f8ypekart Mobile"},"content":{"rendered":"<div id=\"cs-content\" class=\"cs-content\"><div id=\"x-section-1\" class=\"x-section\" style=\"margin: 0px;padding: 0px; background-color: transparent;\"><div id class=\"x-container\" style=\"margin: 0px auto;padding: 0px;\"><div class=\"x-column x-sm x-1-1\" style=\"padding: 0px;\"><h4 class=\"h-custom-headline h4\"><span><a href=\"\/rauland-skisenter\/\">L\u00f8ypekart - Rauland Skisenter<\/a><\/span><\/h4><\/div><\/div><div id class=\"x-container\" style=\"margin: 0px auto;padding: 0px;\"><div class=\"x-column x-sm x-1-1\" style=\"padding: 0px;\"><div id class=\"x-text\" style><p>Trykk p\u00e5 kartet for \u00e5 forst\u00f8rre<\/p>\n<\/div><\/div><\/div><div id class=\"x-container\" style=\"margin: 0px auto;padding: 0px;\"><div class=\"x-column x-sm x-1-1\" style=\"padding: 0px;\"><a class=\"x-img x-img-link x-img-none\" href=\"https:\/\/visitrauland.com\/rauland-skisenter\/wp-content\/uploads\/sites\/18\/2023\/11\/Rauland_pistemap_4.1_web1920px_1700219330.jpg\" data-options=\"thumbnail: '10878:full'\" data-rel=\"lightbox-image-0\" data-rl_title data-rl_caption title><noscript><img decoding=\"async\" src=\"https:\/\/visitrauland.com\/rauland-skisenter\/wp-content\/uploads\/sites\/18\/2026\/01\/Rauland_pistemap_4.1_web1920px_1700219330_1768395266.jpg\"><\/noscript><img decoding=\"async\" src=\"data:image\/gif;base64,R0lGODlhAQABAIAAAAAAAP\/\/\/yH5BAEAAAAALAAAAAABAAEAAAIBRAA7\" data-src=\"https:\/\/visitrauland.com\/rauland-skisenter\/wp-content\/uploads\/sites\/18\/2026\/01\/Rauland_pistemap_4.1_web1920px_1700219330_1768395266.jpg\" class=\" lazyload\"><\/a><div class=\"x-text x-content e2550-e11 m1yu-0\">L\u00f8ypekart over langrennsl\u00f8ypene <strong><a href=\"\/skiferie\/langrenn\/loypekart\/\">finner du her<\/a>.<\/strong><\/div><hr class=\"x-line e2550-e12 m1yu-1\"><\/div><\/div><\/div><div id=\"x-section-2\" class=\"x-section\" style=\"margin: 0px;padding: 0px; background-color: transparent;\"><div id class=\"x-container\" style=\"margin: 0px auto;padding: 0px;\"><div class=\"x-column x-sm x-1-1\" style=\"padding: 0px;\"><div class=\"x-text x-content e2550-e16 m1yu-0\"><h5>Oppdag Rauland med v\u00e5rt nye vinterkart:<\/h5>\n<p><\/p><\/div><\/div><\/div><div id class=\"x-container\" style=\"margin: 0px auto;padding: 0px;\"><div class=\"x-column x-sm x-1-1\" style=\"padding: 0px;\"><noscript><img decoding=\"async\" class=\"x-img x-img-none\" src=\"https:\/\/visitrauland.com\/rauland-skisenter\/wp-content\/uploads\/sites\/18\/2026\/01\/Rauland_vinter_map_1766132521.jpg\"><\/noscript><img decoding=\"async\" class=\"x-img x-img-none lazyload\" src=\"data:image\/gif;base64,R0lGODlhAQABAIAAAAAAAP\/\/\/yH5BAEAAAAALAAAAAABAAEAAAIBRAA7\" data-src=\"https:\/\/visitrauland.com\/rauland-skisenter\/wp-content\/uploads\/sites\/18\/2026\/01\/Rauland_vinter_map_1766132521.jpg\"><\/div><\/div><\/div><div id=\"x-section-3\" class=\"x-section\" style=\"margin: 0px;padding: 0px; background-color: transparent;\"><div id class=\"x-container\" style=\"margin: 0px auto;padding: 0px;\"><div class=\"x-column x-sm x-1-1\" style=\"padding: 0px;\"><div id class=\"x-text\" style><h5>Interaktiv 360 Panorama<\/h5>\n<p>Bli med p\u00e5 en virtuell tur til Rauland! Med v\u00e5r 360\u00b0 panoramavisning kan du klikke deg rundt, bevege deg til venstre, h\u00f8yre, opp og ned - og nyte synet av det flotte fjellandskapet og skibakkene p\u00e5 Rauland skisenter.<\/p>\n<\/div><\/div><\/div><div id class=\"x-container\" style=\"margin: 0px auto;padding: 0px;\"><div class=\"x-column x-sm x-1-1\" style=\"padding: 0px;\"><a class=\"x-img x-img-link x-img-none\" href=\"https:\/\/www.virtualtours.dk\/Hosting\/Norway\/Rauland\/rauland%20invest\/map\/rs_tour\/rs.html\" target=\"_blank\" rel=\"noopener noreferrer\" data-options=\"thumbnail: 'https:\/\/visitrauland.com\/rauland-skisenter\/wp-content\/uploads\/sites\/18\/2018\/02\/360_full.jpg'\"><noscript><img decoding=\"async\" src=\"https:\/\/visitrauland.com\/rauland-skisenter\/wp-content\/uploads\/sites\/18\/2018\/02\/360_full.jpg\"><\/noscript><img decoding=\"async\" src=\"data:image\/gif;base64,R0lGODlhAQABAIAAAAAAAP\/\/\/yH5BAEAAAAALAAAAAABAAEAAAIBRAA7\" data-src=\"https:\/\/visitrauland.com\/rauland-skisenter\/wp-content\/uploads\/sites\/18\/2018\/02\/360_full.jpg\" class=\" lazyload\"><\/a><\/div><\/div><\/div><\/div>\n","protected":false},"excerpt":{"rendered":"<p>L\u00f8ypekart &#8211; Rauland SkisenterTrykk p\u00e5 kartet for \u00e5 forst\u00f8rre L\u00f8ypekart over langrennsl\u00f8ypene finner du her.Oppdag Rauland med v\u00e5rt nye vinterkart: Interaktiv 360 Panorama Bli med p\u00e5 en virtuell tur til Rauland! Med v\u00e5r 360\u00b0 panoramavisning kan du klikke deg rundt, bevege deg til venstre, h\u00f8yre, opp og ned &#8211; og nyte synet av det flotte fjellandskapet og skibakkene p\u00e5 Rauland &#8230; <\/p>\n<div><a href=\"https:\/\/visitrauland.com\/rauland-skisenter\/loypekart-mobile\/\" class=\"more-link\">Les Mer<\/a><\/div>\n","protected":false},"author":3,"featured_media":0,"parent":0,"menu_order":0,"comment_status":"closed","ping_status":"closed","template":"","meta":{"_relevanssi_hide_post":"on","_relevanssi_hide_content":"","_relevanssi_pin_for_all":"","_relevanssi_pin_keywords":"","_relevanssi_unpin_keywords":"","_relevanssi_related_keywords":"","_relevanssi_related_include_ids":"","_relevanssi_related_exclude_ids":"","_relevanssi_related_no_append":"","_relevanssi_related_not_related":"","_relevanssi_related_posts":"","_relevanssi_noindex_reason":"Relevanssi image attachment filter Relevanssi index exclude","seo_booster_metabox":"","footnotes":""},"class_list":["post-2550","page","type-page","status-publish","hentry","no-post-thumbnail"],"yoast_head":"<!-- This site is optimized with the Yoast SEO plugin v27.2 - https:\/\/yoast.com\/product\/yoast-seo-wordpress\/ -->\n<title>L\u00f8ypekart Mobile - Rauland Skisenter<\/title>\n<meta name=\"robots\" content=\"index, follow, max-snippet:-1, max-image-preview:large, max-video-preview:-1\" \/>\n<link rel=\"canonical\" href=\"https:\/\/visitrauland.com\/rauland-skisenter\/loypekart-mobile\/\" \/>\n<meta property=\"og:locale\" content=\"nb_NO\" \/>\n<meta property=\"og:type\" content=\"article\" \/>\n<meta property=\"og:title\" content=\"L\u00f8ypekart Mobile - Rauland Skisenter\" \/>\n<meta property=\"og:description\" content=\"L\u00f8ypekart - Rauland SkisenterTrykk p\u00e5 kartet for \u00e5 forst\u00f8rre L\u00f8ypekart over langrennsl\u00f8ypene finner du her.Oppdag Rauland med v\u00e5rt nye vinterkart: Interaktiv 360 Panorama Bli med p\u00e5 en virtuell tur til Rauland! Med v\u00e5r 360\u00b0 panoramavisning kan du klikke deg rundt, bevege deg til venstre, h\u00f8yre, opp og ned - og nyte synet av det flotte fjellandskapet og skibakkene p\u00e5 Rauland ... Les Mer\" \/>\n<meta property=\"og:url\" content=\"https:\/\/visitrauland.com\/rauland-skisenter\/loypekart-mobile\/\" \/>\n<meta property=\"og:site_name\" content=\"Rauland Skisenter\" \/>\n<meta property=\"article:modified_time\" content=\"2026-01-14T12:59:01+00:00\" \/>\n<meta name=\"twitter:card\" content=\"summary_large_image\" \/>\n<meta name=\"twitter:label1\" content=\"Ansl. lesetid\" \/>\n\t<meta name=\"twitter:data1\" content=\"3 minutter\" \/>\n<script type=\"application\/ld+json\" class=\"yoast-schema-graph\">{\"@context\":\"https:\/\/schema.org\",\"@graph\":[{\"@type\":\"WebPage\",\"@id\":\"https:\/\/visitrauland.com\/rauland-skisenter\/loypekart-mobile\/\",\"url\":\"https:\/\/visitrauland.com\/rauland-skisenter\/loypekart-mobile\/\",\"name\":\"L\u00f8ypekart Mobile - Rauland Skisenter\",\"isPartOf\":{\"@id\":\"https:\/\/visitrauland.com\/rauland-skisenter\/#website\"},\"datePublished\":\"2018-10-15T14:37:13+00:00\",\"dateModified\":\"2026-01-14T12:59:01+00:00\",\"breadcrumb\":{\"@id\":\"https:\/\/visitrauland.com\/rauland-skisenter\/loypekart-mobile\/#breadcrumb\"},\"inLanguage\":\"nb-NO\",\"potentialAction\":[{\"@type\":\"ReadAction\",\"target\":[\"https:\/\/visitrauland.com\/rauland-skisenter\/loypekart-mobile\/\"]}]},{\"@type\":\"BreadcrumbList\",\"@id\":\"https:\/\/visitrauland.com\/rauland-skisenter\/loypekart-mobile\/#breadcrumb\",\"itemListElement\":[{\"@type\":\"ListItem\",\"position\":1,\"name\":\"Hjem\",\"item\":\"https:\/\/visitrauland.com\/rauland-skisenter\/\"},{\"@type\":\"ListItem\",\"position\":2,\"name\":\"L\u00f8ypekart Mobile\"}]},{\"@type\":\"WebSite\",\"@id\":\"https:\/\/visitrauland.com\/rauland-skisenter\/#website\",\"url\":\"https:\/\/visitrauland.com\/rauland-skisenter\/\",\"name\":\"Rauland Skisenter\",\"description\":\"Aktiviteter for hele familien!\",\"potentialAction\":[{\"@type\":\"SearchAction\",\"target\":{\"@type\":\"EntryPoint\",\"urlTemplate\":\"https:\/\/visitrauland.com\/rauland-skisenter\/?s={search_term_string}\"},\"query-input\":{\"@type\":\"PropertyValueSpecification\",\"valueRequired\":true,\"valueName\":\"search_term_string\"}}],\"inLanguage\":\"nb-NO\"}]}<\/script>\n<!-- \/ Yoast SEO plugin. -->","yoast_head_json":{"title":"L\u00f8ypekart Mobile - Rauland Skisenter","robots":{"index":"index","follow":"follow","max-snippet":"max-snippet:-1","max-image-preview":"max-image-preview:large","max-video-preview":"max-video-preview:-1"},"canonical":"https:\/\/visitrauland.com\/rauland-skisenter\/loypekart-mobile\/","og_locale":"nb_NO","og_type":"article","og_title":"L\u00f8ypekart Mobile - Rauland Skisenter","og_description":"L\u00f8ypekart - Rauland SkisenterTrykk p\u00e5 kartet for \u00e5 forst\u00f8rre L\u00f8ypekart over langrennsl\u00f8ypene finner du her.Oppdag Rauland med v\u00e5rt nye vinterkart: Interaktiv 360 Panorama Bli med p\u00e5 en virtuell tur til Rauland! Med v\u00e5r 360\u00b0 panoramavisning kan du klikke deg rundt, bevege deg til venstre, h\u00f8yre, opp og ned - og nyte synet av det flotte fjellandskapet og skibakkene p\u00e5 Rauland ... Les Mer","og_url":"https:\/\/visitrauland.com\/rauland-skisenter\/loypekart-mobile\/","og_site_name":"Rauland Skisenter","article_modified_time":"2026-01-14T12:59:01+00:00","twitter_card":"summary_large_image","twitter_misc":{"Ansl. lesetid":"3 minutter"},"schema":{"@context":"https:\/\/schema.org","@graph":[{"@type":"WebPage","@id":"https:\/\/visitrauland.com\/rauland-skisenter\/loypekart-mobile\/","url":"https:\/\/visitrauland.com\/rauland-skisenter\/loypekart-mobile\/","name":"L\u00f8ypekart Mobile - Rauland Skisenter","isPartOf":{"@id":"https:\/\/visitrauland.com\/rauland-skisenter\/#website"},"datePublished":"2018-10-15T14:37:13+00:00","dateModified":"2026-01-14T12:59:01+00:00","breadcrumb":{"@id":"https:\/\/visitrauland.com\/rauland-skisenter\/loypekart-mobile\/#breadcrumb"},"inLanguage":"nb-NO","potentialAction":[{"@type":"ReadAction","target":["https:\/\/visitrauland.com\/rauland-skisenter\/loypekart-mobile\/"]}]},{"@type":"BreadcrumbList","@id":"https:\/\/visitrauland.com\/rauland-skisenter\/loypekart-mobile\/#breadcrumb","itemListElement":[{"@type":"ListItem","position":1,"name":"Hjem","item":"https:\/\/visitrauland.com\/rauland-skisenter\/"},{"@type":"ListItem","position":2,"name":"L\u00f8ypekart Mobile"}]},{"@type":"WebSite","@id":"https:\/\/visitrauland.com\/rauland-skisenter\/#website","url":"https:\/\/visitrauland.com\/rauland-skisenter\/","name":"Rauland Skisenter","description":"Aktiviteter for hele familien!","potentialAction":[{"@type":"SearchAction","target":{"@type":"EntryPoint","urlTemplate":"https:\/\/visitrauland.com\/rauland-skisenter\/?s={search_term_string}"},"query-input":{"@type":"PropertyValueSpecification","valueRequired":true,"valueName":"search_term_string"}}],"inLanguage":"nb-NO"}]}},"publishpress_future_action":{"enabled":false,"date":"2026-04-11 06:59:17","action":"change-status","newStatus":"draft","terms":[],"taxonomy":"","extraData":[]},"publishpress_future_workflow_manual_trigger":{"enabledWorkflows":[]},"_links":{"self":[{"href":"https:\/\/visitrauland.com\/rauland-skisenter\/wp-json\/wp\/v2\/pages\/2550","targetHints":{"allow":["GET"]}}],"collection":[{"href":"https:\/\/visitrauland.com\/rauland-skisenter\/wp-json\/wp\/v2\/pages"}],"about":[{"href":"https:\/\/visitrauland.com\/rauland-skisenter\/wp-json\/wp\/v2\/types\/page"}],"author":[{"embeddable":true,"href":"https:\/\/visitrauland.com\/rauland-skisenter\/wp-json\/wp\/v2\/users\/3"}],"replies":[{"embeddable":true,"href":"https:\/\/visitrauland.com\/rauland-skisenter\/wp-json\/wp\/v2\/comments?post=2550"}],"version-history":[{"count":6,"href":"https:\/\/visitrauland.com\/rauland-skisenter\/wp-json\/wp\/v2\/pages\/2550\/revisions"}],"predecessor-version":[{"id":10881,"href":"https:\/\/visitrauland.com\/rauland-skisenter\/wp-json\/wp\/v2\/pages\/2550\/revisions\/10881"}],"wp:attachment":[{"href":"https:\/\/visitrauland.com\/rauland-skisenter\/wp-json\/wp\/v2\/media?parent=2550"}],"curies":[{"name":"wp","href":"https:\/\/api.w.org\/{rel}","templated":true}]}}