{"id":10459,"date":"2025-09-04T13:22:04","date_gmt":"2025-09-04T11:22:04","guid":{"rendered":"https:\/\/visitrauland.com\/rauland-skisenter\/?page_id=10459"},"modified":"2025-09-20T10:16:35","modified_gmt":"2025-09-20T08:16:35","slug":"eventmedarbeider","status":"publish","type":"page","link":"https:\/\/visitrauland.com\/rauland-skisenter\/stillinger\/eventmedarbeider\/","title":{"rendered":"Ledig stilling &#8211; Aktivitets- og eventmedarbeider"},"content":{"rendered":"<div id=\"cs-content\" class=\"cs-content\"><div id=\"x-section-1\" class=\"x-section\" style=\"margin: 0px;padding: 0px; background-color: transparent;\"><div id class=\"x-container\" style=\"margin: 0px auto;padding: 0px;\"><div class=\"x-column x-sm x-1-1\" style=\"padding: 0px;\"><noscript><img decoding=\"async\" class=\"x-img x-img-none\" src=\"https:\/\/visitrauland.com\/rauland-skisenter\/wp-content\/uploads\/sites\/18\/2025\/09\/Rauland-skisenter-87_1920_1756984943.jpg\"><\/noscript><img decoding=\"async\" class=\"x-img x-img-none lazyload\" src=\"data:image\/gif;base64,R0lGODlhAQABAIAAAAAAAP\/\/\/yH5BAEAAAAALAAAAAABAAEAAAIBRAA7\" data-src=\"https:\/\/visitrauland.com\/rauland-skisenter\/wp-content\/uploads\/sites\/18\/2025\/09\/Rauland-skisenter-87_1920_1756984943.jpg\"><\/div><\/div><div id class=\"x-container\" style=\"margin: 0px auto;padding: 0px;\"><div class=\"x-column x-sm x-1-1\" style=\"padding: 0px;\"><div id class=\"x-text\" style><h4><b>Vi s\u00f8ker aktivitets- og event<br>\nmedarbeider<\/b><\/h4>\n<h5>Om oss<\/h5>\n<p>Rauland Skisenter AS er en av Telemarks st\u00f8rste reiselivsbedrifter og vi er blant de st\u00f8rre anleggene i Norge. Hos oss legger vi til rette for gode skiopplevelser for hele familien i et sn\u00f8sikkert fjellomr\u00e5de. Rauland ligger i Vinje Kommune som har lange tradisjoner med reiseliv og turisme. Rauland sentrum er godt utbygget med handel og servering. V\u00e5r virksomhet drives p\u00e5 Vierli, Tiur og i Holtardalen.<\/p>\n<p>V\u00e5rt personale er v\u00e5r viktigste ressurs, og i h\u00f8ysesong har nesten 100 ansatte i alle aldre og fra mange land. Vi driver hele \u00e5ret, har virksomhet blant annet innen ski, overnatting, renhold og servering. Rauland Skisenter er ogs\u00e5 Milj\u00f8fyrt\u00e5rn sertifisert. Les mer om oss p\u00e5 <a href=\"https:\/\/raulandskisenter.no\"><strong>raulandskisenter.no<\/strong><\/a><\/p>\n<h5>Om stillingen<\/h5>\n<p>Vi s\u00f8ker etter en positiv, energisk og glad person til \u00e5 arbeide med v\u00e5re aktiviteter og arrangement gjennom vintersesongen. Du er en servicemedarbeider der du er med og bidrar til at gjestene v\u00e5re, kanskje spesielt barna f\u00e5r fantastiske ski og vinter opplevelser.<\/p>\n<p>Uansett v\u00e6r og vind vil du ha ansvar for \u00e5 gjennomf\u00f8re v\u00e5re aktiviteter og arrangement, stort sett ute i bakkene v\u00e5re. N\u00e5r vi ikke har aktiviteter vil du arbeide i drift, enten p\u00e5 skiavdelingen eller p\u00e5 teknisk. Her kan vi forme rollen litt etter hvem du er.<\/p>\n<p>Det er viktig for oss at du er motivert for jobben har en glede av \u00e5 jobbe med h\u00f8yt fokus p\u00e5<br>\nkundeservice. Det viktig at du tar ansvar og kan jobbe i team.<\/p>\n<h5>Arbeidsoppgaver<\/h5>\n<ul>\n<li>Lede og gjennomf\u00f8re arrangement og aktiviteter, med og uten ski p\u00e5 beina.<\/li>\n<li>Meet and greet, med Maskoten v\u00e5r<\/li>\n<li>Diverse driftsarbeid, ski eller teknisk her tilpasser vi etter kven som s\u00f8ker.<\/li>\n<li>Yte den beste servicen gjestene kan f\u00e5<\/li>\n<\/ul>\n<p><strong>Deltidsstilling<\/strong><br>\nArbeidstid: Fulltid. Helge og ferie arbeid m\u00e5 p\u00e5regnes.<\/p>\n<h5>Kvalifikasjoner<\/h5>\n<ul>\n<li>Vi s\u00f8ker en person som elsker \u00e5 v\u00e6re ute og er trygg p\u00e5 \u00e5 m\u00f8te\/snakke med gjester<\/li>\n<li>Liker \u00e5 arbeide med barn, og gjerne har erfaring med lignende arbeid.<\/li>\n<li>Beherske minst et skandinavisk spr\u00e5k<\/li>\n<li>Du m\u00e5 v\u00e6re 18 \u00e5r<\/li>\n<li>Gjerne erfaring fra lignende arbeid, gode skiferdigheter.<\/li>\n<li>Fordel med tilgang p\u00e5 egen bil<\/li>\n<li>Selvstendig<\/li>\n<\/ul>\n<h5>Vi kan tilby<\/h5>\n<ul>\n<li>Gode l\u00f8nnsbetingelser, gratis sesongkort og gode personalrabatter<\/li>\n<li>L\u00e5n av skiutstyr for sesongen<\/li>\n<li>Bistand med bosted<\/li>\n<li>N\u00e6rhet til fjellets aktiviteter<\/li>\n<li>En variert, og til tider hektisk hverdag<\/li>\n<li>En spennende arbeidsplass i stadig utvikling<\/li>\n<li>Godt felleskap med fantastiske kollegaer<\/li>\n<\/ul>\n<h5>Ansettelsesperiode<\/h5>\n<p>Sesongstilling fra starten av desember (trolig 8.desember) &#8211; april. Vintersesongen starter i julen, men i forkant skal det foreg\u00e5 oppl\u00e6ring og noe driftsarbeid. De fleste av heltidsstillingene starter 8. desember. I forbindelse med intervjuet vil du f\u00e5 mer informasjon om hva som gjelder for akkurat den jobben du har s\u00f8kt p\u00e5.<\/p>\n<h5>Arbeidstid<\/h5>\n<p>25-40t\/ uke, Stillingen inng\u00e5r i skisenterets turnus, ferie- og helgejobbing m\u00e5 p\u00e5regnes.<\/p>\n<h5>S\u00f8knadsfrist<\/h5>\n<p>L\u00f8pende, men senest 1.oktober.<\/p>\n<p>Ved eventuelle sp\u00f8rsm\u00e5l eller mer informasjon, ta kontakt med: Avdelingsleder Guri Solbu &#8211; 911 52 163\/ <a href=\"mailto:gs@raulandskisenter.no\"><strong>gs@raulandskisenter.no<\/strong><\/a><\/p>\n<h5>Slik s\u00f8ker du<\/h5>\n<p><span>Send oss en s\u00f8knad med bilde, CV og kompetansebevis til <\/span><strong><a href=\"mailto:jobb@raulandskisenter.no\">jobb@raulandskisenter.no.<\/a><\/strong><\/p>\n<p>Vi gleder oss til \u00e5 h\u00f8re fra deg! Velkommen som s\u00f8ker<\/p>\n<p class=\"m_-928143146573853963MsoListParagraph\"><a href=\"\/rauland-skisenter\/stilling\/\"><strong>\u00bb Tilbake til Ledige stillinger<\/strong><\/a><\/p>\n<\/div><\/div><\/div><\/div><\/div>\n","protected":false},"excerpt":{"rendered":"","protected":false},"author":10,"featured_media":0,"parent":438,"menu_order":0,"comment_status":"closed","ping_status":"closed","template":"","meta":{"_relevanssi_hide_post":"","_relevanssi_hide_content":"","_relevanssi_pin_for_all":"","_relevanssi_pin_keywords":"","_relevanssi_unpin_keywords":"","_relevanssi_related_keywords":"","_relevanssi_related_include_ids":"","_relevanssi_related_exclude_ids":"","_relevanssi_related_no_append":"","_relevanssi_related_not_related":"","_relevanssi_related_posts":"","_relevanssi_noindex_reason":"","seo_booster_metabox":"","footnotes":""},"class_list":["post-10459","page","type-page","status-publish","hentry","no-post-thumbnail"],"yoast_head":"<!-- This site is optimized with the Yoast SEO plugin v27.2 - https:\/\/yoast.com\/product\/yoast-seo-wordpress\/ -->\n<title>Ledig stilling - Aktivitets- og eventmedarbeider - Rauland Skisenter<\/title>\n<meta name=\"robots\" content=\"index, follow, max-snippet:-1, max-image-preview:large, max-video-preview:-1\" \/>\n<link rel=\"canonical\" href=\"https:\/\/visitrauland.com\/rauland-skisenter\/stillinger\/eventmedarbeider\/\" \/>\n<meta property=\"og:locale\" content=\"nb_NO\" \/>\n<meta property=\"og:type\" content=\"article\" \/>\n<meta property=\"og:title\" content=\"Ledig stilling - Aktivitets- og eventmedarbeider - Rauland Skisenter\" \/>\n<meta property=\"og:url\" content=\"https:\/\/visitrauland.com\/rauland-skisenter\/stillinger\/eventmedarbeider\/\" \/>\n<meta property=\"og:site_name\" content=\"Rauland Skisenter\" \/>\n<meta property=\"article:modified_time\" content=\"2025-09-20T08:16:35+00:00\" \/>\n<meta name=\"twitter:card\" content=\"summary_large_image\" \/>\n<meta name=\"twitter:label1\" content=\"Ansl. lesetid\" \/>\n\t<meta name=\"twitter:data1\" content=\"4 minutter\" \/>\n<script type=\"application\/ld+json\" class=\"yoast-schema-graph\">{\"@context\":\"https:\/\/schema.org\",\"@graph\":[{\"@type\":\"WebPage\",\"@id\":\"https:\/\/visitrauland.com\/rauland-skisenter\/stillinger\/eventmedarbeider\/\",\"url\":\"https:\/\/visitrauland.com\/rauland-skisenter\/stillinger\/eventmedarbeider\/\",\"name\":\"Ledig stilling - Aktivitets- og eventmedarbeider - Rauland Skisenter\",\"isPartOf\":{\"@id\":\"https:\/\/visitrauland.com\/rauland-skisenter\/#website\"},\"datePublished\":\"2025-09-04T11:22:04+00:00\",\"dateModified\":\"2025-09-20T08:16:35+00:00\",\"breadcrumb\":{\"@id\":\"https:\/\/visitrauland.com\/rauland-skisenter\/stillinger\/eventmedarbeider\/#breadcrumb\"},\"inLanguage\":\"nb-NO\",\"potentialAction\":[{\"@type\":\"ReadAction\",\"target\":[\"https:\/\/visitrauland.com\/rauland-skisenter\/stillinger\/eventmedarbeider\/\"]}]},{\"@type\":\"BreadcrumbList\",\"@id\":\"https:\/\/visitrauland.com\/rauland-skisenter\/stillinger\/eventmedarbeider\/#breadcrumb\",\"itemListElement\":[{\"@type\":\"ListItem\",\"position\":1,\"name\":\"Hjem\",\"item\":\"https:\/\/visitrauland.com\/rauland-skisenter\/\"},{\"@type\":\"ListItem\",\"position\":2,\"name\":\"Ledige stillinger\",\"item\":\"https:\/\/visitrauland.com\/rauland-skisenter\/stillinger\/\"},{\"@type\":\"ListItem\",\"position\":3,\"name\":\"Ledig stilling &#8211; Aktivitets- og eventmedarbeider\"}]},{\"@type\":\"WebSite\",\"@id\":\"https:\/\/visitrauland.com\/rauland-skisenter\/#website\",\"url\":\"https:\/\/visitrauland.com\/rauland-skisenter\/\",\"name\":\"Rauland Skisenter\",\"description\":\"Aktiviteter for hele familien!\",\"potentialAction\":[{\"@type\":\"SearchAction\",\"target\":{\"@type\":\"EntryPoint\",\"urlTemplate\":\"https:\/\/visitrauland.com\/rauland-skisenter\/?s={search_term_string}\"},\"query-input\":{\"@type\":\"PropertyValueSpecification\",\"valueRequired\":true,\"valueName\":\"search_term_string\"}}],\"inLanguage\":\"nb-NO\"}]}<\/script>\n<!-- \/ Yoast SEO plugin. -->","yoast_head_json":{"title":"Ledig stilling - Aktivitets- og eventmedarbeider - Rauland Skisenter","robots":{"index":"index","follow":"follow","max-snippet":"max-snippet:-1","max-image-preview":"max-image-preview:large","max-video-preview":"max-video-preview:-1"},"canonical":"https:\/\/visitrauland.com\/rauland-skisenter\/stillinger\/eventmedarbeider\/","og_locale":"nb_NO","og_type":"article","og_title":"Ledig stilling - Aktivitets- og eventmedarbeider - Rauland Skisenter","og_url":"https:\/\/visitrauland.com\/rauland-skisenter\/stillinger\/eventmedarbeider\/","og_site_name":"Rauland Skisenter","article_modified_time":"2025-09-20T08:16:35+00:00","twitter_card":"summary_large_image","twitter_misc":{"Ansl. lesetid":"4 minutter"},"schema":{"@context":"https:\/\/schema.org","@graph":[{"@type":"WebPage","@id":"https:\/\/visitrauland.com\/rauland-skisenter\/stillinger\/eventmedarbeider\/","url":"https:\/\/visitrauland.com\/rauland-skisenter\/stillinger\/eventmedarbeider\/","name":"Ledig stilling - Aktivitets- og eventmedarbeider - Rauland Skisenter","isPartOf":{"@id":"https:\/\/visitrauland.com\/rauland-skisenter\/#website"},"datePublished":"2025-09-04T11:22:04+00:00","dateModified":"2025-09-20T08:16:35+00:00","breadcrumb":{"@id":"https:\/\/visitrauland.com\/rauland-skisenter\/stillinger\/eventmedarbeider\/#breadcrumb"},"inLanguage":"nb-NO","potentialAction":[{"@type":"ReadAction","target":["https:\/\/visitrauland.com\/rauland-skisenter\/stillinger\/eventmedarbeider\/"]}]},{"@type":"BreadcrumbList","@id":"https:\/\/visitrauland.com\/rauland-skisenter\/stillinger\/eventmedarbeider\/#breadcrumb","itemListElement":[{"@type":"ListItem","position":1,"name":"Hjem","item":"https:\/\/visitrauland.com\/rauland-skisenter\/"},{"@type":"ListItem","position":2,"name":"Ledige stillinger","item":"https:\/\/visitrauland.com\/rauland-skisenter\/stillinger\/"},{"@type":"ListItem","position":3,"name":"Ledig stilling &#8211; Aktivitets- og eventmedarbeider"}]},{"@type":"WebSite","@id":"https:\/\/visitrauland.com\/rauland-skisenter\/#website","url":"https:\/\/visitrauland.com\/rauland-skisenter\/","name":"Rauland Skisenter","description":"Aktiviteter for hele familien!","potentialAction":[{"@type":"SearchAction","target":{"@type":"EntryPoint","urlTemplate":"https:\/\/visitrauland.com\/rauland-skisenter\/?s={search_term_string}"},"query-input":{"@type":"PropertyValueSpecification","valueRequired":true,"valueName":"search_term_string"}}],"inLanguage":"nb-NO"}]}},"publishpress_future_action":{"enabled":false,"date":"2026-04-14 15:08:33","action":"change-status","newStatus":"draft","terms":[],"taxonomy":"","extraData":[]},"publishpress_future_workflow_manual_trigger":{"enabledWorkflows":[]},"_links":{"self":[{"href":"https:\/\/visitrauland.com\/rauland-skisenter\/wp-json\/wp\/v2\/pages\/10459","targetHints":{"allow":["GET"]}}],"collection":[{"href":"https:\/\/visitrauland.com\/rauland-skisenter\/wp-json\/wp\/v2\/pages"}],"about":[{"href":"https:\/\/visitrauland.com\/rauland-skisenter\/wp-json\/wp\/v2\/types\/page"}],"author":[{"embeddable":true,"href":"https:\/\/visitrauland.com\/rauland-skisenter\/wp-json\/wp\/v2\/users\/10"}],"replies":[{"embeddable":true,"href":"https:\/\/visitrauland.com\/rauland-skisenter\/wp-json\/wp\/v2\/comments?post=10459"}],"version-history":[{"count":3,"href":"https:\/\/visitrauland.com\/rauland-skisenter\/wp-json\/wp\/v2\/pages\/10459\/revisions"}],"predecessor-version":[{"id":10481,"href":"https:\/\/visitrauland.com\/rauland-skisenter\/wp-json\/wp\/v2\/pages\/10459\/revisions\/10481"}],"up":[{"embeddable":true,"href":"https:\/\/visitrauland.com\/rauland-skisenter\/wp-json\/wp\/v2\/pages\/438"}],"wp:attachment":[{"href":"https:\/\/visitrauland.com\/rauland-skisenter\/wp-json\/wp\/v2\/media?parent=10459"}],"curies":[{"name":"wp","href":"https:\/\/api.w.org\/{rel}","templated":true}]}}