{"id":339,"date":"2017-10-30T18:03:03","date_gmt":"2017-10-30T18:03:03","guid":{"rendered":"https:\/\/visitrauland.com\/rauland-servicesenter\/?page_id=339"},"modified":"2026-04-13T14:01:01","modified_gmt":"2026-04-13T12:01:01","slug":"subpage-demo-2","status":"publish","type":"page","link":"https:\/\/visitrauland.com\/rauland-servicesenter\/","title":{"rendered":"Rauland Servicesenter"},"content":{"rendered":"<div id=\"cs-content\" class=\"cs-content\"><div class=\"x-section e339-e1 m9f-0 m9f-1 hero-2026\"><div class=\"x-bg\" aria-hidden=\"true\"><div class=\"x-bg-layer-lower-image\"><\/div><div class=\"x-bg-layer-upper-color\"><\/div><\/div><div class=\"x-div e339-e2 m9f-6 m9f-7 m9f-8 m9f-9\"><div class=\"x-text x-text-headline e339-e3 m9f-d m9f-e m9f-f\"><div class=\"x-text-content\"><div class=\"x-text-content-text\"><h1 class=\"x-text-content-text-primary\">Rauland Servicesenter<\/h1>\n<\/div><\/div><\/div><\/div><\/div><div id=\"x-section-1\" class=\"x-section text-24px underhero-text\" style=\"margin: 0px;padding: 45px 0px; background-color: transparent;\"><div id class=\"x-container max width\" style=\"margin: 0px auto;padding: 0px;\"><div class=\"x-column x-sm x-1-2\" style=\"padding: 0px;\"><h2 class=\"h-custom-headline h3\"><span>Rauland Servicesenter<\/span><\/h2><div id class=\"x-text\" style><p>Tlf: 35 07 31 03<br>\nE-post: <a href=\"mailto:rune@rs-as.no\">rune@rs-as.no<\/a><br>\n<strong><a href=\"https:\/\/www.facebook.com\/rauland.servicesenter\/\" rel=\"noopener\" target=\"_blank\">M\u00f8t oss p\u00e5 Facebook<\/a><\/strong><\/p>\n<p>Esso Rauland Servicesenter er en fullservice bensinstasjon i Rauland sentrum.<\/p>\n<p><strong>Verksted<\/strong><br>\nVi har et verksted som utf\u00f8rer blant annet oljeskift, reparasjoner og dekkskift, samt at du kan f\u00e5 veihjelp.<br>\nBensinstasjonen selger ogs\u00e5 nye dekk og tilbyr hengerutleie. Hos oss f\u00e5r du kj\u00f8pt propan.<br>\nVi har vaskehall m\/maskin:<br>\nb\u00f8rste, b\u00f8rstel\u00f8s og skiboksprogram.<\/p>\n<\/div><\/div><div class=\"x-column x-sm x-1-2\" style=\"padding: 0px;\"><h2 class=\"h-custom-headline h3\"><span>\u00c5pningstider<\/span><\/h2><div id class=\"x-text\" style><p style=\"font-weight: 400;\">Man- Fre&nbsp; kl &nbsp;07.30 \u2013 20.00<br>\nL\u00f8r&nbsp; 10.00 \u2013 19.00<br>\nS\u00f8n 11.00&nbsp; - 20.00<\/p>\n<p>Esso bensinstasjon med storkiosk og gatekj\u00f8kkenmat.<\/p>\n<p><strong>Vi selger propan:<\/strong><\/p>\n<p style=\"font-weight: 400;\">11 kg st\u00e5l&nbsp; = 540,-<br>\n10 kg kompositt = 530,-<br>\n5 kg &nbsp;komposit = 380,-<\/p>\n<p><noscript><img decoding=\"async\" class=\"alignnone size-full wp-image-1788\" src=\"https:\/\/visitrauland.com\/rauland-servicesenter\/wp-content\/uploads\/sites\/34\/2018\/10\/arctic.png\" alt=\"Arctic Cat-logo med svart panterdesign og slagordet 'Share Our Passion' i gr\u00f8nn tekst.\" width=\"300\" height=\"159\" srcset=\"https:\/\/visitrauland.com\/rauland-servicesenter\/wp-content\/uploads\/sites\/34\/2018\/10\/arctic.png 300w, https:\/\/visitrauland.com\/rauland-servicesenter\/wp-content\/uploads\/sites\/34\/2018\/10\/arctic-100x53.png 100w\" sizes=\"(max-width: 300px) 100vw, 300px\"><\/noscript><img decoding=\"async\" class=\"alignnone size-full wp-image-1788 lazyload\" src=\"data:image\/svg+xml,%3Csvg%20xmlns%3D%22http%3A%2F%2Fwww.w3.org%2F2000%2Fsvg%22%20viewBox%3D%220%200%20300%20159%22%3E%3C%2Fsvg%3E\" alt=\"Arctic Cat-logo med svart panterdesign og slagordet 'Share Our Passion' i gr\u00f8nn tekst.\" width=\"300\" height=\"159\" srcset=\"data:image\/svg+xml,%3Csvg%20xmlns%3D%22http%3A%2F%2Fwww.w3.org%2F2000%2Fsvg%22%20viewBox%3D%220%200%20300%20159%22%3E%3C%2Fsvg%3E 300w\" sizes=\"(max-width: 300px) 100vw, 300px\" data-srcset=\"https:\/\/visitrauland.com\/rauland-servicesenter\/wp-content\/uploads\/sites\/34\/2018\/10\/arctic.png 300w, https:\/\/visitrauland.com\/rauland-servicesenter\/wp-content\/uploads\/sites\/34\/2018\/10\/arctic-100x53.png 100w\" data-src=\"https:\/\/visitrauland.com\/rauland-servicesenter\/wp-content\/uploads\/sites\/34\/2018\/10\/arctic.png\"><br>\nSn\u00f8skuter og ATV fra <a href=\"https:\/\/intl.www.arcticcat.com\/\" target=\"_blank\" rel=\"noopener\">Arctic Cat.<\/a><\/p>\n<p>Vi selger ogs\u00e5:<br>\n<a href=\"#\" target=\"_blank\" rel=\"noopener\">Peugeot elsykkel<\/a>, <a href=\"https:\/\/www.erling-sande.no\/merker\/suzuki-marine\" target=\"_blank\" rel=\"noopener\">Suzuki b\u00e5tmotorer<\/a> og <a href=\"https:\/\/www.erling-sande.no\/merker\/linder\" target=\"_blank\" rel=\"noopener\">Linder b\u00e5ter<\/a>.<\/p>\n<\/div><a class=\"x-btn blue-btn x-btn-global\" href=\"https:\/\/virtualtours.dk\/Hosting\/Norway\/Rauland\/rauland%20c\/esso\/Esso.html\" target=\"_blank\" rel=\"noopener noreferrer\" data-options=\"thumbnail: ''\">Se 360 Virtual Tour<\/a><\/div><\/div><\/div><div class=\"x-section e339-e13 m9f-0 m9f-2\"><div class=\"x-row e339-e14 m9f-i m9f-j m9f-k m9f-o overflow-scroll-title\"><div class=\"x-row-inner\"><div class=\"x-col e339-e15 m9f-r\"><div class=\"x-text x-text-headline e339-e16 m9f-e m9f-f m9f-g\"><div class=\"x-text-content\"><div class=\"x-text-content-text\"><h3 class=\"x-text-content-text-primary\">Siste nytt<\/h3>\n<\/div><\/div><\/div><\/div><\/div><\/div><div class=\"x-row e339-e21 m9f-i m9f-k m9f-l m9f-m m9f-p overflow-scroll-wrapper\"><div class=\"x-row-inner\"><div class=\"x-col e339-e22 m9f-r overflow-scroll\" id=\"posts-1\"><div class=\"x-row e339-e23 m9f-i m9f-l m9f-n m9f-q overflow-scroll-posts\"><div class=\"x-row-inner\"><a class=\"x-col e339-e24 m9f-r m9f-s m9f-u m9f-3 m9f-4 overflow-scroll-post\" href=\"https:\/\/visitrauland.com\/rauland-servicesenter\/selger-elsykler-batmotorer-linder-bater\/\"><figure class=\"x-div e339-e25 m9f-8 m9f-9 m9f-a m9f-b\"><span class=\"x-image e339-e26 m9f-z\"><noscript><img decoding=\"async\" src=\"https:\/\/visitrauland.com\/rauland-servicesenter\/wp-content\/uploads\/sites\/34\/2018\/10\/salg-esso.jpg\" width=\"450\" height=\"253\" alt=\"Featured image for \u201cVi selger elsykler, b\u00e5tmotorer og Linder b\u00e5ter\u201d\"><\/noscript><img decoding=\"async\" src=\"data:image\/svg+xml,%3Csvg%20xmlns%3D%22http%3A%2F%2Fwww.w3.org%2F2000%2Fsvg%22%20viewBox%3D%220%200%20450%20253%22%3E%3C%2Fsvg%3E\" width=\"450\" height=\"253\" alt=\"Featured image for \u201cVi selger elsykler, b\u00e5tmotorer og Linder b\u00e5ter\u201d\" data-src=\"https:\/\/visitrauland.com\/rauland-servicesenter\/wp-content\/uploads\/sites\/34\/2018\/10\/salg-esso.jpg\" class=\" lazyload\"><\/span><\/figure><article class=\"x-div e339-e27 m9f-6 m9f-9 m9f-b m9f-c\"><div class=\"x-text x-text-headline e339-e28 m9f-f m9f-h m9f-3 m9f-5 max-2-lines force-inter\"><div class=\"x-text-content\"><div class=\"x-text-content-text\"><h2 class=\"x-text-content-text-primary\">Vi selger elsykler, b\u00e5tmotorer og Linder b\u00e5ter<\/h2>\n<\/div><\/div><\/div><div class=\"x-text x-content e339-e29 m9f-x m9f-y\">Som forhandler kan vi tilby gode priser p\u00e5 Peugeot elsykler, Suzuki b\u00e5tmotorer og b\u00e5ter fra Linder. Stikk innom eller kontakt\u2026<\/div><\/article><\/a><\/div><\/div><\/div><div class=\"x-col e339-e30 m9f-r\"><div id=\"post-1-progress-bar\"><\/div><\/div><\/div><\/div><\/div><\/div>\n","protected":false},"excerpt":{"rendered":"<p>Rauland Servicesenter Rauland ServicesenterTlf: 35 07 31 03 E-post: rune@rs-as.no M\u00f8t oss p\u00e5 Facebook Esso Rauland Servicesenter er en fullservice bensinstasjon i Rauland sentrum. Verksted Vi har et verksted som utf\u00f8rer blant annet oljeskift, reparasjoner og dekkskift, samt at du kan f\u00e5 veihjelp. Bensinstasjonen selger ogs\u00e5 nye dekk og tilbyr hengerutleie. Hos oss f\u00e5r du kj\u00f8pt propan. Vi har vaskehall &#8230; <\/p>\n<div><a href=\"https:\/\/visitrauland.com\/rauland-servicesenter\/\" class=\"more-link\">Les Mer<\/a><\/div>\n","protected":false},"author":3,"featured_media":0,"parent":0,"menu_order":0,"comment_status":"closed","ping_status":"closed","template":"template-sites.php","meta":{"_relevanssi_hide_post":"","_relevanssi_hide_content":"","_relevanssi_pin_for_all":"","_relevanssi_pin_keywords":"","_relevanssi_unpin_keywords":"","_relevanssi_related_keywords":"","_relevanssi_related_include_ids":"","_relevanssi_related_exclude_ids":"","_relevanssi_related_no_append":"","_relevanssi_related_not_related":"","_relevanssi_related_posts":"1771,1,1793,1800","_relevanssi_noindex_reason":"","seo_booster_metabox":"","footnotes":""},"class_list":["post-339","page","type-page","status-publish","hentry","no-post-thumbnail"],"yoast_head":"<!-- This site is optimized with the Yoast SEO plugin v27.2 - https:\/\/yoast.com\/product\/yoast-seo-wordpress\/ -->\n<title>Rauland Servicesenter - Rauland Servicesenter<\/title>\n<meta name=\"robots\" content=\"index, follow, max-snippet:-1, max-image-preview:large, max-video-preview:-1\" \/>\n<link rel=\"canonical\" href=\"https:\/\/visitrauland.com\/rauland-servicesenter\/\" \/>\n<meta property=\"og:locale\" content=\"nb_NO\" \/>\n<meta property=\"og:type\" content=\"article\" \/>\n<meta property=\"og:title\" content=\"Rauland Servicesenter - Rauland Servicesenter\" \/>\n<meta property=\"og:description\" content=\"Rauland Servicesenter Rauland ServicesenterTlf: 35 07 31 03 E-post: rune@rs-as.no M\u00f8t oss p\u00e5 Facebook Esso Rauland Servicesenter er en fullservice bensinstasjon i Rauland sentrum. Verksted Vi har et verksted som utf\u00f8rer blant annet oljeskift, reparasjoner og dekkskift, samt at du kan f\u00e5 veihjelp. Bensinstasjonen selger ogs\u00e5 nye dekk og tilbyr hengerutleie. Hos oss f\u00e5r du kj\u00f8pt propan. Vi har vaskehall ... Les Mer\" \/>\n<meta property=\"og:url\" content=\"https:\/\/visitrauland.com\/rauland-servicesenter\/\" \/>\n<meta property=\"og:site_name\" content=\"Rauland Servicesenter\" \/>\n<meta property=\"article:modified_time\" content=\"2026-04-13T12:01:01+00:00\" \/>\n<meta property=\"og:image\" content=\"https:\/\/visitrauland.com\/rauland-servicesenter\/wp-content\/uploads\/sites\/34\/2018\/10\/arctic.png\" \/>\n\t<meta property=\"og:image:width\" content=\"300\" \/>\n\t<meta property=\"og:image:height\" content=\"159\" \/>\n\t<meta property=\"og:image:type\" content=\"image\/png\" \/>\n<meta name=\"twitter:card\" content=\"summary_large_image\" \/>\n<meta name=\"twitter:label1\" content=\"Ansl. lesetid\" \/>\n\t<meta name=\"twitter:data1\" content=\"3 minutter\" \/>\n<script type=\"application\/ld+json\" class=\"yoast-schema-graph\">{\"@context\":\"https:\/\/schema.org\",\"@graph\":[{\"@type\":\"WebPage\",\"@id\":\"https:\/\/visitrauland.com\/rauland-servicesenter\/\",\"url\":\"https:\/\/visitrauland.com\/rauland-servicesenter\/\",\"name\":\"Rauland Servicesenter - Rauland Servicesenter\",\"isPartOf\":{\"@id\":\"https:\/\/visitrauland.com\/rauland-servicesenter\/#website\"},\"primaryImageOfPage\":{\"@id\":\"https:\/\/visitrauland.com\/rauland-servicesenter\/#primaryimage\"},\"image\":{\"@id\":\"https:\/\/visitrauland.com\/rauland-servicesenter\/#primaryimage\"},\"thumbnailUrl\":\"https:\/\/visitrauland.com\/rauland-servicesenter\/wp-content\/uploads\/sites\/34\/2018\/10\/arctic.png\",\"datePublished\":\"2017-10-30T18:03:03+00:00\",\"dateModified\":\"2026-04-13T12:01:01+00:00\",\"breadcrumb\":{\"@id\":\"https:\/\/visitrauland.com\/rauland-servicesenter\/#breadcrumb\"},\"inLanguage\":\"nb-NO\",\"potentialAction\":[{\"@type\":\"ReadAction\",\"target\":[\"https:\/\/visitrauland.com\/rauland-servicesenter\/\"]}]},{\"@type\":\"ImageObject\",\"inLanguage\":\"nb-NO\",\"@id\":\"https:\/\/visitrauland.com\/rauland-servicesenter\/#primaryimage\",\"url\":\"https:\/\/visitrauland.com\/rauland-servicesenter\/wp-content\/uploads\/sites\/34\/2018\/10\/arctic.png\",\"contentUrl\":\"https:\/\/visitrauland.com\/rauland-servicesenter\/wp-content\/uploads\/sites\/34\/2018\/10\/arctic.png\",\"width\":\"300\",\"height\":\"159\",\"caption\":\"Arctic Cat-logo med svart panterdesign og slagordet 'Share Our Passion' i gr\u00f8nn tekst.\"},{\"@type\":\"BreadcrumbList\",\"@id\":\"https:\/\/visitrauland.com\/rauland-servicesenter\/#breadcrumb\",\"itemListElement\":[{\"@type\":\"ListItem\",\"position\":1,\"name\":\"Hjem\",\"item\":\"https:\/\/visitrauland.com\/rauland-servicesenter\/\"},{\"@type\":\"ListItem\",\"position\":2,\"name\":\"Rauland Servicesenter\"}]},{\"@type\":\"WebSite\",\"@id\":\"https:\/\/visitrauland.com\/rauland-servicesenter\/#website\",\"url\":\"https:\/\/visitrauland.com\/rauland-servicesenter\/\",\"name\":\"Rauland Servicesenter\",\"description\":\"- Esso bensinstasjon med storkiosk og gatekj\u00f8kkenmat.\",\"potentialAction\":[{\"@type\":\"SearchAction\",\"target\":{\"@type\":\"EntryPoint\",\"urlTemplate\":\"https:\/\/visitrauland.com\/rauland-servicesenter\/?s={search_term_string}\"},\"query-input\":{\"@type\":\"PropertyValueSpecification\",\"valueRequired\":true,\"valueName\":\"search_term_string\"}}],\"inLanguage\":\"nb-NO\"}]}<\/script>\n<!-- \/ Yoast SEO plugin. -->","yoast_head_json":{"title":"Rauland Servicesenter - Rauland Servicesenter","robots":{"index":"index","follow":"follow","max-snippet":"max-snippet:-1","max-image-preview":"max-image-preview:large","max-video-preview":"max-video-preview:-1"},"canonical":"https:\/\/visitrauland.com\/rauland-servicesenter\/","og_locale":"nb_NO","og_type":"article","og_title":"Rauland Servicesenter - Rauland Servicesenter","og_description":"Rauland Servicesenter Rauland ServicesenterTlf: 35 07 31 03 E-post: rune@rs-as.no M\u00f8t oss p\u00e5 Facebook Esso Rauland Servicesenter er en fullservice bensinstasjon i Rauland sentrum. Verksted Vi har et verksted som utf\u00f8rer blant annet oljeskift, reparasjoner og dekkskift, samt at du kan f\u00e5 veihjelp. Bensinstasjonen selger ogs\u00e5 nye dekk og tilbyr hengerutleie. Hos oss f\u00e5r du kj\u00f8pt propan. Vi har vaskehall ... Les Mer","og_url":"https:\/\/visitrauland.com\/rauland-servicesenter\/","og_site_name":"Rauland Servicesenter","article_modified_time":"2026-04-13T12:01:01+00:00","og_image":[{"width":300,"height":159,"url":"https:\/\/visitrauland.com\/rauland-servicesenter\/wp-content\/uploads\/sites\/34\/2018\/10\/arctic.png","type":"image\/png"}],"twitter_card":"summary_large_image","twitter_misc":{"Ansl. lesetid":"3 minutter"},"schema":{"@context":"https:\/\/schema.org","@graph":[{"@type":"WebPage","@id":"https:\/\/visitrauland.com\/rauland-servicesenter\/","url":"https:\/\/visitrauland.com\/rauland-servicesenter\/","name":"Rauland Servicesenter - Rauland Servicesenter","isPartOf":{"@id":"https:\/\/visitrauland.com\/rauland-servicesenter\/#website"},"primaryImageOfPage":{"@id":"https:\/\/visitrauland.com\/rauland-servicesenter\/#primaryimage"},"image":{"@id":"https:\/\/visitrauland.com\/rauland-servicesenter\/#primaryimage"},"thumbnailUrl":"https:\/\/visitrauland.com\/rauland-servicesenter\/wp-content\/uploads\/sites\/34\/2018\/10\/arctic.png","datePublished":"2017-10-30T18:03:03+00:00","dateModified":"2026-04-13T12:01:01+00:00","breadcrumb":{"@id":"https:\/\/visitrauland.com\/rauland-servicesenter\/#breadcrumb"},"inLanguage":"nb-NO","potentialAction":[{"@type":"ReadAction","target":["https:\/\/visitrauland.com\/rauland-servicesenter\/"]}]},{"@type":"ImageObject","inLanguage":"nb-NO","@id":"https:\/\/visitrauland.com\/rauland-servicesenter\/#primaryimage","url":"https:\/\/visitrauland.com\/rauland-servicesenter\/wp-content\/uploads\/sites\/34\/2018\/10\/arctic.png","contentUrl":"https:\/\/visitrauland.com\/rauland-servicesenter\/wp-content\/uploads\/sites\/34\/2018\/10\/arctic.png","width":"300","height":"159","caption":"Arctic Cat-logo med svart panterdesign og slagordet 'Share Our Passion' i gr\u00f8nn tekst."},{"@type":"BreadcrumbList","@id":"https:\/\/visitrauland.com\/rauland-servicesenter\/#breadcrumb","itemListElement":[{"@type":"ListItem","position":1,"name":"Hjem","item":"https:\/\/visitrauland.com\/rauland-servicesenter\/"},{"@type":"ListItem","position":2,"name":"Rauland Servicesenter"}]},{"@type":"WebSite","@id":"https:\/\/visitrauland.com\/rauland-servicesenter\/#website","url":"https:\/\/visitrauland.com\/rauland-servicesenter\/","name":"Rauland Servicesenter","description":"- Esso bensinstasjon med storkiosk og gatekj\u00f8kkenmat.","potentialAction":[{"@type":"SearchAction","target":{"@type":"EntryPoint","urlTemplate":"https:\/\/visitrauland.com\/rauland-servicesenter\/?s={search_term_string}"},"query-input":{"@type":"PropertyValueSpecification","valueRequired":true,"valueName":"search_term_string"}}],"inLanguage":"nb-NO"}]}},"_links":{"self":[{"href":"https:\/\/visitrauland.com\/rauland-servicesenter\/wp-json\/wp\/v2\/pages\/339","targetHints":{"allow":["GET"]}}],"collection":[{"href":"https:\/\/visitrauland.com\/rauland-servicesenter\/wp-json\/wp\/v2\/pages"}],"about":[{"href":"https:\/\/visitrauland.com\/rauland-servicesenter\/wp-json\/wp\/v2\/types\/page"}],"author":[{"embeddable":true,"href":"https:\/\/visitrauland.com\/rauland-servicesenter\/wp-json\/wp\/v2\/users\/3"}],"replies":[{"embeddable":true,"href":"https:\/\/visitrauland.com\/rauland-servicesenter\/wp-json\/wp\/v2\/comments?post=339"}],"version-history":[{"count":12,"href":"https:\/\/visitrauland.com\/rauland-servicesenter\/wp-json\/wp\/v2\/pages\/339\/revisions"}],"predecessor-version":[{"id":1912,"href":"https:\/\/visitrauland.com\/rauland-servicesenter\/wp-json\/wp\/v2\/pages\/339\/revisions\/1912"}],"wp:attachment":[{"href":"https:\/\/visitrauland.com\/rauland-servicesenter\/wp-json\/wp\/v2\/media?parent=339"}],"curies":[{"name":"wp","href":"https:\/\/api.w.org\/{rel}","templated":true}]}}