{"id":339,"date":"2017-10-30T18:03:03","date_gmt":"2017-10-30T18:03:03","guid":{"rendered":"https:\/\/visitrauland.com\/rauland-hyttevelforening\/?page_id=339"},"modified":"2026-03-12T09:41:57","modified_gmt":"2026-03-12T08:41:57","slug":"subpage-demo-2","status":"publish","type":"page","link":"https:\/\/visitrauland.com\/rauland-hyttevelforening\/","title":{"rendered":"Rauland Hyttevelforening"},"content":{"rendered":"<div id=\"cs-content\" class=\"cs-content\"><div class=\"x-section e339-e1 m9f-0 m9f-1 m9f-2 m9f-3 hero-2026\"><div class=\"x-bg\" aria-hidden=\"true\"><div class=\"x-bg-layer-lower-image\"><\/div><div class=\"x-bg-layer-upper-color\"><\/div><\/div><div class=\"x-div e339-e2 m9f-9 m9f-a m9f-b m9f-c\"><div class=\"x-text x-text-headline e339-e3 m9f-g m9f-h m9f-i m9f-j m9f-k\"><div class=\"x-text-content\"><div class=\"x-text-content-text\"><h1 class=\"x-text-content-text-primary\">Rauland hyttevelforening<\/h1>\n<\/div><\/div><\/div><\/div><\/div><div id=\"x-section-1\" class=\"x-section text-24px underhero-text\" style=\"margin: 0px;padding: 45px 0px; background-color: transparent;\"><div id class=\"x-container max width\" style=\"margin: 0px auto;padding: 0px;\"><div class=\"x-column x-sm x-1-2\" style=\"padding: 0px;\"><div id class=\"x-text\" style><p>Rauland hyttevelforening (RHVF) har i over 30 \u00e5r v\u00e6rt den overbyggende hyttevelforeningen for hele Rauland, fra Bossnuten i \u00f8st til Raulandsfjell i vest. I dag har vi dr\u00f8yt 940 medlemmer, men vi vil gjerne bli flere!<\/p>\n<p>Foreningen dekker hele omr\u00e5det som tradisjonelt kalles for Rauland, fra Totak og Raulandsfjell i vest til M\u00f8svatn og Bossnuten i \u00f8st.<\/p>\n<p><strong>Er du ikke medlem enda?<br>\n<a href=\"\/rauland-hyttevelforening\/bli-medlem\/\"> Bli medlem her<\/a><\/strong><\/p>\n<p><strong><a href=\"https:\/\/visitrauland.com\/rauland-hyttevelforening\/wp-content\/uploads\/sites\/35\/2025\/06\/RHVF-nyhetsbrev-juni-2025_1750774813.pdf\">RHVF- nyhetsbrev juni 2025<\/a><\/strong><\/p>\n<\/div><\/div><div class=\"x-column x-sm x-1-2\" style=\"padding: 0px;\"><hr class=\"x-gap\" style=\"margin: 50px 0 0 0;\"><noscript><img decoding=\"async\" class=\"x-img x-img-none\" src=\"https:\/\/visitrauland.com\/rauland-hyttevelforening\/wp-content\/uploads\/sites\/35\/2023\/06\/B50A7848-kopi_1687430852.jpg\"><\/noscript><img decoding=\"async\" class=\"x-img x-img-none lazyload\" src=\"data:image\/gif;base64,R0lGODlhAQABAIAAAAAAAP\/\/\/yH5BAEAAAAALAAAAAABAAEAAAIBRAA7\" data-src=\"https:\/\/visitrauland.com\/rauland-hyttevelforening\/wp-content\/uploads\/sites\/35\/2023\/06\/B50A7848-kopi_1687430852.jpg\"><\/div><\/div><\/div><div class=\"x-section e339-e11 m9f-0 m9f-2 m9f-4\"><div class=\"x-row e339-e12 m9f-o m9f-p m9f-q m9f-u overflow-scroll-title\"><div class=\"x-row-inner\"><div class=\"x-col e339-e13 m9f-z\"><div class=\"x-text x-text-headline e339-e14 m9f-h m9f-i m9f-j m9f-l\"><div class=\"x-text-content\"><div class=\"x-text-content-text\"><h3 class=\"x-text-content-text-primary\">Siste nytt<\/h3>\n<\/div><\/div><\/div><\/div><\/div><\/div><div class=\"x-row e339-e19 m9f-o m9f-q m9f-r m9f-s m9f-v m9f-w overflow-scroll-wrapper\"><div class=\"x-row-inner\"><div class=\"x-col e339-e20 m9f-z overflow-scroll\" id=\"posts-1\"><div class=\"x-row e339-e21 m9f-o m9f-r m9f-t m9f-x overflow-scroll-posts\"><div class=\"x-row-inner\"><a class=\"x-col e339-e22 m9f-z m9f-10 m9f-12 m9f-6 m9f-7 overflow-scroll-post\" href=\"https:\/\/visitrauland.com\/rauland-hyttevelforening\/stotte-til-gje-lam\/\"><figure class=\"x-div e339-e23 m9f-b m9f-c m9f-d m9f-e\"><span class=\"x-image e339-e24 m9f-1a\"><noscript><img decoding=\"async\" src=\"https:\/\/visitrauland.com\/rauland-hyttevelforening\/wp-content\/uploads\/sites\/35\/2022\/01\/IMG_1973_1920_1703616463.jpg\" width=\"960\" height=\"540\" alt=\"Featured image for \u201cRauland Hyttevelforening st\u00f8tter Gje l\u00e5m\u201d\"><\/noscript><img decoding=\"async\" src=\"data:image\/svg+xml,%3Csvg%20xmlns%3D%22http%3A%2F%2Fwww.w3.org%2F2000%2Fsvg%22%20viewBox%3D%220%200%20960%20540%22%3E%3C%2Fsvg%3E\" width=\"960\" height=\"540\" alt=\"Featured image for \u201cRauland Hyttevelforening st\u00f8tter Gje l\u00e5m\u201d\" data-src=\"https:\/\/visitrauland.com\/rauland-hyttevelforening\/wp-content\/uploads\/sites\/35\/2022\/01\/IMG_1973_1920_1703616463.jpg\" class=\" lazyload\"><\/span><\/figure><article class=\"x-div e339-e25 m9f-9 m9f-c m9f-e m9f-f\"><div class=\"x-text x-text-headline e339-e26 m9f-i m9f-j m9f-m m9f-6 m9f-8 max-2-lines force-inter\"><div class=\"x-text-content\"><div class=\"x-text-content-text\"><h2 class=\"x-text-content-text-primary\">Rauland Hyttevelforening st\u00f8tter Gje l\u00e5m<\/h2>\n<\/div><\/div><\/div><div class=\"x-text x-content e339-e27 m9f-15 m9f-16 m9f-17 m9f-18\">Som de tre siste \u00e5rene \u00f8nsker Rauland Hyttevelforening \u00e5 bidra til l\u00f8ypenettet i Rauland med Kr. 10.000,- Vi h\u00e5per dette&hellip;<\/div><\/article><\/a><a class=\"x-col e339-e22 m9f-z m9f-10 m9f-12 m9f-6 m9f-7 overflow-scroll-post\" href=\"https:\/\/visitrauland.com\/rauland-hyttevelforening\/referat-fra-arsmote-2025\/\"><figure class=\"x-div e339-e23 m9f-b m9f-c m9f-d m9f-e\"><span class=\"x-image e339-e24 m9f-1a\"><noscript><img decoding=\"async\" src=\"https:\/\/visitrauland.com\/rauland-hyttevelforening\/wp-content\/uploads\/sites\/35\/2020\/09\/hosttreff-900.jpg\" width=\"450\" height=\"253\" alt=\"Featured image for \u201cReferat fra \u00e5rsm\u00f8te 2025\u201d\"><\/noscript><img decoding=\"async\" src=\"data:image\/svg+xml,%3Csvg%20xmlns%3D%22http%3A%2F%2Fwww.w3.org%2F2000%2Fsvg%22%20viewBox%3D%220%200%20450%20253%22%3E%3C%2Fsvg%3E\" width=\"450\" height=\"253\" alt=\"Featured image for \u201cReferat fra \u00e5rsm\u00f8te 2025\u201d\" data-src=\"https:\/\/visitrauland.com\/rauland-hyttevelforening\/wp-content\/uploads\/sites\/35\/2020\/09\/hosttreff-900.jpg\" class=\" lazyload\"><\/span><\/figure><article class=\"x-div e339-e25 m9f-9 m9f-c m9f-e m9f-f\"><div class=\"x-text x-text-headline e339-e26 m9f-i m9f-j m9f-m m9f-6 m9f-8 max-2-lines force-inter\"><div class=\"x-text-content\"><div class=\"x-text-content-text\"><h2 class=\"x-text-content-text-primary\">Referat fra \u00e5rsm\u00f8te 2025<\/h2>\n<\/div><\/div><\/div><div class=\"x-text x-content e339-e27 m9f-15 m9f-16 m9f-17 m9f-18\">Se v\u00e5rt \u00e5rsm\u00f8tereferat fra 2025 her:&hellip;<\/div><\/article><\/a><a class=\"x-col e339-e22 m9f-z m9f-10 m9f-12 m9f-6 m9f-7 overflow-scroll-post\" href=\"https:\/\/visitrauland.com\/rauland-hyttevelforening\/nyhetsbrev-2025\/\"><figure class=\"x-div e339-e23 m9f-b m9f-c m9f-d m9f-e\"><span class=\"x-image e339-e24 m9f-1a\"><noscript><img decoding=\"async\" src=\"https:\/\/visitrauland.com\/rauland-hyttevelforening\/wp-content\/uploads\/sites\/35\/2025\/06\/nyhetsbrev25_1750775110.png\" width=\"450\" height=\"253\" alt=\"Featured image for \u201cNyhetsbrev 2025\u201d\"><\/noscript><img decoding=\"async\" src=\"data:image\/svg+xml,%3Csvg%20xmlns%3D%22http%3A%2F%2Fwww.w3.org%2F2000%2Fsvg%22%20viewBox%3D%220%200%20450%20253%22%3E%3C%2Fsvg%3E\" width=\"450\" height=\"253\" alt=\"Featured image for \u201cNyhetsbrev 2025\u201d\" data-src=\"https:\/\/visitrauland.com\/rauland-hyttevelforening\/wp-content\/uploads\/sites\/35\/2025\/06\/nyhetsbrev25_1750775110.png\" class=\" lazyload\"><\/span><\/figure><article class=\"x-div e339-e25 m9f-9 m9f-c m9f-e m9f-f\"><div class=\"x-text x-text-headline e339-e26 m9f-i m9f-j m9f-m m9f-6 m9f-8 max-2-lines force-inter\"><div class=\"x-text-content\"><div class=\"x-text-content-text\"><h2 class=\"x-text-content-text-primary\">Nyhetsbrev 2025<\/h2>\n<\/div><\/div><\/div><div class=\"x-text x-content e339-e27 m9f-15 m9f-16 m9f-17 m9f-18\">I v\u00e5rt nyhetsbrev finner du siste nytt fra Rauland Hyttevelforening og aktuelle saker vi jobber med. Se v\u00e5rt siste nyhetsbrev&hellip;<\/div><\/article><\/a><a class=\"x-col e339-e22 m9f-z m9f-10 m9f-12 m9f-6 m9f-7 overflow-scroll-post\" href=\"https:\/\/visitrauland.com\/rauland-hyttevelforening\/nyhetsbrev-2026-rhvf\/\"><figure class=\"x-div e339-e23 m9f-b m9f-c m9f-d m9f-e\"><span class=\"x-image e339-e24 m9f-1a\"><noscript><img decoding=\"async\" src=\"https:\/\/visitrauland.com\/rauland-hyttevelforening\/wp-content\/uploads\/sites\/35\/2026\/01\/Nyhetsbrev-2026_1769020164_1769020231.jpg\" width=\"748\" height=\"529\" alt=\"Featured image for \u201cNyhetsbrev 2026 &#8211; RHVF\u201d\"><\/noscript><img decoding=\"async\" src=\"data:image\/svg+xml,%3Csvg%20xmlns%3D%22http%3A%2F%2Fwww.w3.org%2F2000%2Fsvg%22%20viewBox%3D%220%200%20748%20529%22%3E%3C%2Fsvg%3E\" width=\"748\" height=\"529\" alt=\"Featured image for \u201cNyhetsbrev 2026 &#8211; RHVF\u201d\" data-src=\"https:\/\/visitrauland.com\/rauland-hyttevelforening\/wp-content\/uploads\/sites\/35\/2026\/01\/Nyhetsbrev-2026_1769020164_1769020231.jpg\" class=\" lazyload\"><\/span><\/figure><article class=\"x-div e339-e25 m9f-9 m9f-c m9f-e m9f-f\"><div class=\"x-text x-text-headline e339-e26 m9f-i m9f-j m9f-m m9f-6 m9f-8 max-2-lines force-inter\"><div class=\"x-text-content\"><div class=\"x-text-content-text\"><h2 class=\"x-text-content-text-primary\">Nyhetsbrev 2026 &#8211; RHVF<\/h2>\n<\/div><\/div><\/div><div class=\"x-text x-content e339-e27 m9f-15 m9f-16 m9f-17 m9f-18\">Vinteren er godt i gang p\u00e5 Rauland, og Rauland Hyttevelforening byr p\u00e5 et innholdsrikt januar-nyhetsbrev med nyheter, aktiviteter og viktig&hellip;<\/div><\/article><\/a><a class=\"x-col e339-e22 m9f-z m9f-10 m9f-12 m9f-6 m9f-7 overflow-scroll-post\" href=\"https:\/\/visitrauland.com\/rauland-hyttevelforening\/paskeskirenn-rauland-hyttevelforening\/\"><figure class=\"x-div e339-e23 m9f-b m9f-c m9f-d m9f-e\"><span class=\"x-image e339-e24 m9f-1a\"><noscript><img decoding=\"async\" src=\"https:\/\/visitrauland.com\/rauland-hyttevelforening\/wp-content\/uploads\/sites\/35\/2024\/03\/5B8A8569_1920_1711814305.jpg\" width=\"960\" height=\"540\" alt=\"Featured image for \u201cP\u00e5skeskirenn &#8211; Rauland Hyttevelforening\u201d\"><\/noscript><img decoding=\"async\" src=\"data:image\/svg+xml,%3Csvg%20xmlns%3D%22http%3A%2F%2Fwww.w3.org%2F2000%2Fsvg%22%20viewBox%3D%220%200%20960%20540%22%3E%3C%2Fsvg%3E\" width=\"960\" height=\"540\" alt=\"Featured image for \u201cP\u00e5skeskirenn &#8211; Rauland Hyttevelforening\u201d\" data-src=\"https:\/\/visitrauland.com\/rauland-hyttevelforening\/wp-content\/uploads\/sites\/35\/2024\/03\/5B8A8569_1920_1711814305.jpg\" class=\" lazyload\"><\/span><\/figure><article class=\"x-div e339-e25 m9f-9 m9f-c m9f-e m9f-f\"><div class=\"x-text x-text-headline e339-e26 m9f-i m9f-j m9f-m m9f-6 m9f-8 max-2-lines force-inter\"><div class=\"x-text-content\"><div class=\"x-text-content-text\"><h2 class=\"x-text-content-text-primary\">P\u00e5skeskirenn &#8211; Rauland Hyttevelforening<\/h2>\n<\/div><\/div><\/div><div class=\"x-text x-content e339-e27 m9f-15 m9f-16 m9f-17 m9f-18\">I god tradisjon inviterer Rauland Hyttevelforening til P\u00e5skeskirenn p\u00e5 Vierli langfredag. Start mellom kl. 12:00 og 12:30 Rennet er i&hellip;<\/div><\/article><\/a><\/div><\/div><\/div><div class=\"x-col e339-e28 m9f-z\"><div id=\"post-1-progress-bar\"><\/div><\/div><\/div><\/div><\/div><div class=\"x-section e339-e30 m9f-0 m9f-3 m9f-5\"><div class=\"x-bg\" aria-hidden=\"true\"><div class=\"x-bg-layer-lower-image\" data-x-element-bg-layer=\"{&quot;parallaxSize&quot;:&quot;150%&quot;,&quot;parallaxDir&quot;:&quot;v&quot;,&quot;parallaxRev&quot;:false}\"><\/div><\/div><div class=\"x-row x-container max width e339-e31 m9f-o m9f-q m9f-r m9f-s m9f-v m9f-y\"><div class=\"x-row-inner\"><div class=\"x-col e339-e32 m9f-z\"><\/div><\/div><\/div><\/div><div id=\"aktiviteter\" class=\"x-section\" style=\"margin: 0px;padding: 0px 0px 45px; background-color: transparent;\"><div id class=\"x-container max width\" style=\"margin: 0px auto;padding: 0px;\"><div class=\"x-column x-sm x-1-1\" style=\"padding: 0px;\"><h2 class=\"h-custom-headline h3\"><span>Aktiviteter<\/span><\/h2><hr class=\"x-gap\" style=\"margin: 50px 0 0 0;\"><\/div><\/div><div id class=\"x-container max width\" style=\"margin: 0px auto;padding: 0px;\"><div class=\"x-column x-sm x-1-3\" style=\"padding: 0px;\"><div class=\"x-promo\"><div class=\"x-promo-image-wrap\"><noscript><img decoding=\"async\" src=\"https:\/\/visitrauland.com\/rauland-hyttevelforening\/wp-content\/uploads\/sites\/35\/2018\/01\/RS-Solnedgang-600.jpg\"><\/noscript><img decoding=\"async\" src=\"data:image\/gif;base64,R0lGODlhAQABAIAAAAAAAP\/\/\/yH5BAEAAAAALAAAAAABAAEAAAIBRAA7\" data-src=\"https:\/\/visitrauland.com\/rauland-hyttevelforening\/wp-content\/uploads\/sites\/35\/2018\/01\/RS-Solnedgang-600.jpg\" class=\" lazyload\"><\/div><div class=\"x-promo-content\"><p><strong><a href=\"\/rauland-hyttevelforening\/om-oss\/\">OM FORENINGEN<\/a><\/strong><br>\nRauland Hyttevelforening ble stiftet i 1983 og har i dag over 600 medlemmer.<\/p>\n<p><a class=\"x-btn\" href=\"\/rauland-hyttevelforening\/om-oss\/\" data-options=\"thumbnail: ''\">Les mer<\/a><\/p><\/div><\/div><\/div><div class=\"x-column x-sm x-1-3\" style=\"padding: 0px;\"><div class=\"x-promo\"><div class=\"x-promo-image-wrap\"><noscript><img decoding=\"async\" src=\"https:\/\/visitrauland.com\/rauland-hyttevelforening\/wp-content\/uploads\/sites\/35\/2018\/01\/Rauland-Sommer-Tur-600.jpg\"><\/noscript><img decoding=\"async\" src=\"data:image\/gif;base64,R0lGODlhAQABAIAAAAAAAP\/\/\/yH5BAEAAAAALAAAAAABAAEAAAIBRAA7\" data-src=\"https:\/\/visitrauland.com\/rauland-hyttevelforening\/wp-content\/uploads\/sites\/35\/2018\/01\/Rauland-Sommer-Tur-600.jpg\" class=\" lazyload\"><\/div><div class=\"x-promo-content\"><p><strong><a href=\"\/rauland-hyttevelforening\/styret\/\">STYRET <\/a><\/strong><br>\nSe oversikt over styret og kontaktpersoner i Rauland Hyttevelforening.<\/p>\n<p><a class=\"x-btn\" href=\"\/rauland-hyttevelforening\/styret\/\" data-options=\"thumbnail: ''\">Les mer<\/a><\/p><\/div><\/div><\/div><div class=\"x-column x-sm x-1-3\" style=\"padding: 0px;\"><div class=\"x-promo\"><div class=\"x-promo-image-wrap\"><noscript><img decoding=\"async\" src=\"https:\/\/visitrauland.com\/rauland-hyttevelforening\/wp-content\/uploads\/sites\/35\/2018\/01\/Holtardalen-600-1.jpg\"><\/noscript><img decoding=\"async\" src=\"data:image\/gif;base64,R0lGODlhAQABAIAAAAAAAP\/\/\/yH5BAEAAAAALAAAAAABAAEAAAIBRAA7\" data-src=\"https:\/\/visitrauland.com\/rauland-hyttevelforening\/wp-content\/uploads\/sites\/35\/2018\/01\/Holtardalen-600-1.jpg\" class=\" lazyload\"><\/div><div class=\"x-promo-content\"><p><strong><a href=\"\/rauland-hyttevelforening\/referater\/\">M\u00d8TEREFERATER<\/a><\/strong><br>\nHer finner du m\u00f8tereferater fra \u00e5rsm\u00f8ter i foreningen.<\/p>\n<p><a class=\"x-btn\" href=\"\/rauland-hyttevelforening\/referater\/\" data-options=\"thumbnail: ''\">Les mer<\/a><\/p><\/div><\/div><\/div><\/div><div id class=\"x-container max width\" style=\"margin: 0px auto;padding: 0px;\"><div class=\"x-column x-sm x-1-3\" style=\"padding: 0px;\"><div class=\"x-promo\"><div class=\"x-promo-image-wrap\"><noscript><img decoding=\"async\" src=\"https:\/\/visitrauland.com\/rauland-hyttevelforening\/wp-content\/uploads\/sites\/35\/2018\/01\/Hytter-600.jpg\"><\/noscript><img decoding=\"async\" src=\"data:image\/gif;base64,R0lGODlhAQABAIAAAAAAAP\/\/\/yH5BAEAAAAALAAAAAABAAEAAAIBRAA7\" data-src=\"https:\/\/visitrauland.com\/rauland-hyttevelforening\/wp-content\/uploads\/sites\/35\/2018\/01\/Hytter-600.jpg\" class=\" lazyload\"><\/div><div class=\"x-promo-content\"><p><strong><a href=\"\/rauland-hyttevelforening\/hyttefeltene\/\">HYTTEFELTENE<\/a><\/strong><br>\nOversiktskart over hyttefeltene i Rauland.<\/p>\n<p><a class=\"x-btn\" href=\"\/rauland-hyttevelforening\/hyttefeltene\/\" data-options=\"thumbnail: ''\">Les mer<\/a><\/p><\/div><\/div><\/div><div class=\"x-column x-sm x-1-3\" style=\"padding: 0px;\"><div class=\"x-promo\"><div class=\"x-promo-image-wrap\"><noscript><img decoding=\"async\" src=\"https:\/\/visitrauland.com\/rauland-hyttevelforening\/wp-content\/uploads\/sites\/35\/2018\/01\/Hundehold-600.jpg\"><\/noscript><img decoding=\"async\" src=\"data:image\/gif;base64,R0lGODlhAQABAIAAAAAAAP\/\/\/yH5BAEAAAAALAAAAAABAAEAAAIBRAA7\" data-src=\"https:\/\/visitrauland.com\/rauland-hyttevelforening\/wp-content\/uploads\/sites\/35\/2018\/01\/Hundehold-600.jpg\" class=\" lazyload\"><\/div><div class=\"x-promo-content\"><p><strong><a href=\"\/rauland-hyttevelforening\/lov-om-hundehold\/\">LOV OM HUNDEHOLD<\/a><\/strong><br>\nGj\u00f8r deg kjent med reglementet for hundehold.<\/p>\n<p><a class=\"x-btn\" href=\"\/rauland-hyttevelforening\/lov-om-hundehold\/\" data-options=\"thumbnail: ''\">Les mer<\/a><\/p><\/div><\/div><\/div><div class=\"x-column x-sm x-1-3\" style=\"padding: 0px;\"><div class=\"x-promo\"><div class=\"x-promo-image-wrap\"><noscript><img decoding=\"async\" src=\"https:\/\/visitrauland.com\/rauland-hyttevelforening\/wp-content\/uploads\/sites\/35\/2018\/01\/Rauland-Vinter-2-600.jpg\"><\/noscript><img decoding=\"async\" src=\"data:image\/gif;base64,R0lGODlhAQABAIAAAAAAAP\/\/\/yH5BAEAAAAALAAAAAABAAEAAAIBRAA7\" data-src=\"https:\/\/visitrauland.com\/rauland-hyttevelforening\/wp-content\/uploads\/sites\/35\/2018\/01\/Rauland-Vinter-2-600.jpg\" class=\" lazyload\"><\/div><div class=\"x-promo-content\"><p><strong><a href=\"\/rauland-hyttevelforening\/postkassa\/\">POSTKASSA<\/a><\/strong><br>\nInnspill og andre henvendelser til foreningen mottas her!<\/p>\n<p><a class=\"x-btn\" href=\"\/rauland-hyttevelforening\/postkassa\/\" data-options=\"thumbnail: ''\">Les mer<\/a><\/p><\/div><\/div><\/div><\/div><\/div><div id=\"x-section-3\" class=\"x-section\" style=\"margin: 0px;padding: 0 0px; background-color: #E03B22;\"><div id class=\"x-container max width\" style=\"margin: 0px auto;padding: 0px;\"><div class=\"x-column x-sm x-1-1\" style=\"padding: 0px;\"><div class=\"x-text x-text-headline e339-e55 m9f-h m9f-i m9f-k m9f-n\"><div class=\"x-text-content\"><div class=\"x-text-content-text\"><h2 class=\"x-text-content-text-primary\">Bli medlem!<\/h2>\n<\/div><\/div><\/div><div class=\"x-text x-content e339-e56 m9f-15 m9f-18 m9f-19\">\u00c5rskontingenten er for tiden kr. 250,-. Jo flere medlemmer vi er dess mer tyngde og gjennomslagskraft f\u00e5r vi. Rauland er i dag ett av landets hurtigst voksende hytteomr\u00e5der og man regner med at tallet p\u00e5 hytter i velforeningens nedslagsfelt n\u00e6rmer seg 2000. Hyttevelforeningen har derfor et stort ubrukt potensial n\u00e5r det gjelder nye medlemmer.\n<\/div><a class=\"x-anchor x-anchor-button e339-e57 m9f-1b dark-hover rauland-white-button\" tabindex=\"0\" href=\"\/rauland-hyttevelforening\/bli-medlem\/\"><div class=\"x-anchor-content\"><div class=\"x-anchor-text\"><span class=\"x-anchor-text-primary\">Bli medlem i dag!<\/span><\/div><\/div><\/a><\/div><\/div><\/div><\/div>\n","protected":false},"excerpt":{"rendered":"<p>Rauland hyttevelforening Rauland hyttevelforening (RHVF) har i over 30 \u00e5r v\u00e6rt den overbyggende hyttevelforeningen for hele Rauland, fra Bossnuten i \u00f8st til Raulandsfjell i vest. I dag har vi dr\u00f8yt 940 medlemmer, men vi vil gjerne bli flere! Foreningen dekker hele omr\u00e5det som tradisjonelt kalles for Rauland, fra Totak og Raulandsfjell i vest til M\u00f8svatn og Bossnuten i \u00f8st. Er &#8230; <\/p>\n<div><a href=\"https:\/\/visitrauland.com\/rauland-hyttevelforening\/\" class=\"more-link\">Les Mer<\/a><\/div>\n","protected":false},"author":3,"featured_media":0,"parent":0,"menu_order":0,"comment_status":"closed","ping_status":"closed","template":"template-sites.php","meta":{"_relevanssi_hide_post":"","_relevanssi_hide_content":"","_relevanssi_pin_for_all":"","_relevanssi_pin_keywords":"","_relevanssi_unpin_keywords":"","_relevanssi_related_keywords":"","_relevanssi_related_include_ids":"","_relevanssi_related_exclude_ids":"","_relevanssi_related_no_append":"","_relevanssi_related_not_related":"","_relevanssi_related_posts":"2174,2646,2642,2651","_relevanssi_noindex_reason":"","seo_booster_metabox":"","footnotes":""},"class_list":["post-339","page","type-page","status-publish","hentry","no-post-thumbnail"],"yoast_head":"<!-- This site is optimized with the Yoast SEO plugin v27.2 - https:\/\/yoast.com\/product\/yoast-seo-wordpress\/ -->\n<title>Rauland Hyttevelforening - Rauland Hyttevelforening<\/title>\n<meta name=\"robots\" content=\"index, follow, max-snippet:-1, max-image-preview:large, max-video-preview:-1\" \/>\n<link rel=\"canonical\" href=\"https:\/\/visitrauland.com\/rauland-hyttevelforening\/\" \/>\n<meta property=\"og:locale\" content=\"nb_NO\" \/>\n<meta property=\"og:type\" content=\"article\" \/>\n<meta property=\"og:title\" content=\"Rauland Hyttevelforening - Rauland Hyttevelforening\" \/>\n<meta property=\"og:description\" content=\"Rauland hyttevelforening Rauland hyttevelforening (RHVF) har i over 30 \u00e5r v\u00e6rt den overbyggende hyttevelforeningen for hele Rauland, fra Bossnuten i \u00f8st til Raulandsfjell i vest. I dag har vi dr\u00f8yt 940 medlemmer, men vi vil gjerne bli flere! Foreningen dekker hele omr\u00e5det som tradisjonelt kalles for Rauland, fra Totak og Raulandsfjell i vest til M\u00f8svatn og Bossnuten i \u00f8st. Er ... Les Mer\" \/>\n<meta property=\"og:url\" content=\"https:\/\/visitrauland.com\/rauland-hyttevelforening\/\" \/>\n<meta property=\"og:site_name\" content=\"Rauland Hyttevelforening\" \/>\n<meta property=\"article:modified_time\" content=\"2026-03-12T08:41:57+00:00\" \/>\n<meta name=\"twitter:card\" content=\"summary_large_image\" \/>\n<meta name=\"twitter:label1\" content=\"Ansl. lesetid\" \/>\n\t<meta name=\"twitter:data1\" content=\"9 minutter\" \/>\n<script type=\"application\/ld+json\" class=\"yoast-schema-graph\">{\"@context\":\"https:\/\/schema.org\",\"@graph\":[{\"@type\":\"WebPage\",\"@id\":\"https:\/\/visitrauland.com\/rauland-hyttevelforening\/\",\"url\":\"https:\/\/visitrauland.com\/rauland-hyttevelforening\/\",\"name\":\"Rauland Hyttevelforening - Rauland Hyttevelforening\",\"isPartOf\":{\"@id\":\"https:\/\/visitrauland.com\/rauland-hyttevelforening\/#website\"},\"datePublished\":\"2017-10-30T18:03:03+00:00\",\"dateModified\":\"2026-03-12T08:41:57+00:00\",\"breadcrumb\":{\"@id\":\"https:\/\/visitrauland.com\/rauland-hyttevelforening\/#breadcrumb\"},\"inLanguage\":\"nb-NO\",\"potentialAction\":[{\"@type\":\"ReadAction\",\"target\":[\"https:\/\/visitrauland.com\/rauland-hyttevelforening\/\"]}]},{\"@type\":\"BreadcrumbList\",\"@id\":\"https:\/\/visitrauland.com\/rauland-hyttevelforening\/#breadcrumb\",\"itemListElement\":[{\"@type\":\"ListItem\",\"position\":1,\"name\":\"Hjem\",\"item\":\"https:\/\/visitrauland.com\/rauland-hyttevelforening\/\"},{\"@type\":\"ListItem\",\"position\":2,\"name\":\"Rauland Hyttevelforening\"}]},{\"@type\":\"WebSite\",\"@id\":\"https:\/\/visitrauland.com\/rauland-hyttevelforening\/#website\",\"url\":\"https:\/\/visitrauland.com\/rauland-hyttevelforening\/\",\"name\":\"Rauland Hyttevelforening\",\"description\":\"En konstruktiv og aktiv samarbeidspartner i Rauland\",\"potentialAction\":[{\"@type\":\"SearchAction\",\"target\":{\"@type\":\"EntryPoint\",\"urlTemplate\":\"https:\/\/visitrauland.com\/rauland-hyttevelforening\/?s={search_term_string}\"},\"query-input\":{\"@type\":\"PropertyValueSpecification\",\"valueRequired\":true,\"valueName\":\"search_term_string\"}}],\"inLanguage\":\"nb-NO\"}]}<\/script>\n<!-- \/ Yoast SEO plugin. -->","yoast_head_json":{"title":"Rauland Hyttevelforening - Rauland Hyttevelforening","robots":{"index":"index","follow":"follow","max-snippet":"max-snippet:-1","max-image-preview":"max-image-preview:large","max-video-preview":"max-video-preview:-1"},"canonical":"https:\/\/visitrauland.com\/rauland-hyttevelforening\/","og_locale":"nb_NO","og_type":"article","og_title":"Rauland Hyttevelforening - Rauland Hyttevelforening","og_description":"Rauland hyttevelforening Rauland hyttevelforening (RHVF) har i over 30 \u00e5r v\u00e6rt den overbyggende hyttevelforeningen for hele Rauland, fra Bossnuten i \u00f8st til Raulandsfjell i vest. I dag har vi dr\u00f8yt 940 medlemmer, men vi vil gjerne bli flere! Foreningen dekker hele omr\u00e5det som tradisjonelt kalles for Rauland, fra Totak og Raulandsfjell i vest til M\u00f8svatn og Bossnuten i \u00f8st. Er ... Les Mer","og_url":"https:\/\/visitrauland.com\/rauland-hyttevelforening\/","og_site_name":"Rauland Hyttevelforening","article_modified_time":"2026-03-12T08:41:57+00:00","twitter_card":"summary_large_image","twitter_misc":{"Ansl. lesetid":"9 minutter"},"schema":{"@context":"https:\/\/schema.org","@graph":[{"@type":"WebPage","@id":"https:\/\/visitrauland.com\/rauland-hyttevelforening\/","url":"https:\/\/visitrauland.com\/rauland-hyttevelforening\/","name":"Rauland Hyttevelforening - Rauland Hyttevelforening","isPartOf":{"@id":"https:\/\/visitrauland.com\/rauland-hyttevelforening\/#website"},"datePublished":"2017-10-30T18:03:03+00:00","dateModified":"2026-03-12T08:41:57+00:00","breadcrumb":{"@id":"https:\/\/visitrauland.com\/rauland-hyttevelforening\/#breadcrumb"},"inLanguage":"nb-NO","potentialAction":[{"@type":"ReadAction","target":["https:\/\/visitrauland.com\/rauland-hyttevelforening\/"]}]},{"@type":"BreadcrumbList","@id":"https:\/\/visitrauland.com\/rauland-hyttevelforening\/#breadcrumb","itemListElement":[{"@type":"ListItem","position":1,"name":"Hjem","item":"https:\/\/visitrauland.com\/rauland-hyttevelforening\/"},{"@type":"ListItem","position":2,"name":"Rauland Hyttevelforening"}]},{"@type":"WebSite","@id":"https:\/\/visitrauland.com\/rauland-hyttevelforening\/#website","url":"https:\/\/visitrauland.com\/rauland-hyttevelforening\/","name":"Rauland Hyttevelforening","description":"En konstruktiv og aktiv samarbeidspartner i Rauland","potentialAction":[{"@type":"SearchAction","target":{"@type":"EntryPoint","urlTemplate":"https:\/\/visitrauland.com\/rauland-hyttevelforening\/?s={search_term_string}"},"query-input":{"@type":"PropertyValueSpecification","valueRequired":true,"valueName":"search_term_string"}}],"inLanguage":"nb-NO"}]}},"_links":{"self":[{"href":"https:\/\/visitrauland.com\/rauland-hyttevelforening\/wp-json\/wp\/v2\/pages\/339","targetHints":{"allow":["GET"]}}],"collection":[{"href":"https:\/\/visitrauland.com\/rauland-hyttevelforening\/wp-json\/wp\/v2\/pages"}],"about":[{"href":"https:\/\/visitrauland.com\/rauland-hyttevelforening\/wp-json\/wp\/v2\/types\/page"}],"author":[{"embeddable":true,"href":"https:\/\/visitrauland.com\/rauland-hyttevelforening\/wp-json\/wp\/v2\/users\/3"}],"replies":[{"embeddable":true,"href":"https:\/\/visitrauland.com\/rauland-hyttevelforening\/wp-json\/wp\/v2\/comments?post=339"}],"version-history":[{"count":16,"href":"https:\/\/visitrauland.com\/rauland-hyttevelforening\/wp-json\/wp\/v2\/pages\/339\/revisions"}],"predecessor-version":[{"id":2708,"href":"https:\/\/visitrauland.com\/rauland-hyttevelforening\/wp-json\/wp\/v2\/pages\/339\/revisions\/2708"}],"wp:attachment":[{"href":"https:\/\/visitrauland.com\/rauland-hyttevelforening\/wp-json\/wp\/v2\/media?parent=339"}],"curies":[{"name":"wp","href":"https:\/\/api.w.org\/{rel}","templated":true}]}}