{"id":1813,"date":"2018-01-03T21:51:55","date_gmt":"2018-01-03T20:51:55","guid":{"rendered":"https:\/\/visitrauland.com\/rauland-hyttevelforening\/?page_id=1813"},"modified":"2026-03-12T09:42:08","modified_gmt":"2026-03-12T08:42:08","slug":"bli-medlem","status":"publish","type":"page","link":"https:\/\/visitrauland.com\/rauland-hyttevelforening\/bli-medlem\/","title":{"rendered":"Bli medlem!"},"content":{"rendered":"<div id=\"cs-content\" class=\"cs-content\"><div id=\"x-section-1\" class=\"x-section\" style=\"margin: 0px;padding: 0px; background-color: transparent;\"><div id class=\"x-container\" style=\"margin: 0px auto;padding: 0px;\"><div class=\"x-column x-sm x-1-1\" style=\"padding: 0px;\"><div id class=\"x-text\" style><p><strong>ER DU HYTTEEIER I RAULAND? BLI MEDLEM AV V\u00c5R FORENING!&nbsp;<\/strong><\/p>\n<p><strong>Innmeldingsskjema nederst<\/strong><\/p>\n<p>Rauland hyttevelforening (RHVF) har i over 30 \u00e5r v\u00e6rt den overbyggende hyttevelforeningen for hele Rauland, fra Bossnuten i \u00f8st til Raulandsfjell i vest. I dag har vi dr\u00f8yt 940 medlemmer, men vi vil gjerne bli flere!<\/p>\n<p><strong>Er DU ogs\u00e5 opptatt av \u2026<\/strong><\/p>\n<ul>\n<li>\u00c5 p\u00e5virke kommunens utviklings- og reguleringsplaner?<\/li>\n<li>At det m\u00e5 legges vekt p\u00e5 trafikksikring i hytteomr\u00e5dene, spesielt langs hovedveiene og ved flere viktige l\u00f8ypekrysningspunkter?<\/li>\n<li>Bevaring og videreutvikling av et godt skil\u00f8ypenett p\u00e5 vinterstid?<\/li>\n<li>Utvikling av et enda bedre nett av merkede turstier, med gode parkeringsforhold til attraktive turm\u00e5l?<\/li>\n<li>Sikring av \u00e5pne sluser fra hyttefeltene og ut i<br>\nfriomr\u00e5dene?<\/li>\n<li>\u00c5 hindre st\u00f8yende aktiviteter i hytteomr\u00e5dene, som f.eks. ulovlig sn\u00f8scootertrafikk?<\/li>\n<li>\u00c5 sikre god ambulanseberedskap og Vest Telemark?<\/li>\n<li>\u00c5 argumentere for lave kommunale avgifter og ingen innf\u00f8ring av eiendomsskatt?<\/li>\n<\/ul>\n<p><strong>Og dessuten \u2026\u2026<\/strong><\/p>\n<ul>\n<li>RHVF har god dialog med Vinje kommune og ivaretar hyttefolkets interesser i viktige utbyggingssaker p\u00e5 vegne av alle hytteeiere i Rauland<\/li>\n<li>RHVF er representert i styret i Kraftforsyningslaget og s\u00f8rger for at hyttefolkets interesser blir h\u00f8rt<\/li>\n<li>RHVF er for tiden representert i styret i Rauland Turist og taler hyttefolkets sak her<\/li>\n<li>RHVF er kollektive medlemmer i Norges Hytteforbund som gir adgang til gratis juridisk r\u00e5dgiving til hyttefolket<\/li>\n<li>RHVF subsidierer sosiale aktiviteter som p\u00e5skeskirenn for barna, ski- og sm\u00f8rekurs samt v\u00e5rt popul\u00e6re H\u00f8sttreff<\/li>\n<li>RHVF oppfordrer for \u00f8vrig alle hytteeiere om \u00e5 bidra til det store spleiselaget GjeL\u00e5m for \u00e5 sikre gode skil\u00f8yper!<\/li>\n<\/ul>\n<p><strong>\u00c5rskontingenten er for tiden kr. 250,-. Jo flere medlemmer vi er dess mer tyngde og gjennomslagskraft f\u00e5r vi.<\/strong><\/p>\n<h5>Innmelding RHVF<\/h5>\n<p><strong> Jeg \u00f8nsker med dette \u00e5 melde meg inn i Rauland Hyttevelforening.<\/strong><br>\n\n<\/p><div class=\"wpcf7 no-js\" id=\"wpcf7-f1812-o1\" lang=\"nb-NO\" dir=\"ltr\" data-wpcf7-id=\"1812\">\n<div class=\"screen-reader-response\"><p role=\"status\" aria-live=\"polite\" aria-atomic=\"true\"><\/p> <ul><\/ul><\/div>\n<form action=\"\/rauland-hyttevelforening\/wp-json\/wp\/v2\/pages\/1813#wpcf7-f1812-o1\" method=\"post\" class=\"wpcf7-form init\" aria-label=\"Kontaktskjema\" novalidate=\"novalidate\" data-status=\"init\">\n<fieldset class=\"hidden-fields-container\"><input type=\"hidden\" name=\"_wpcf7\" value=\"1812\"><input type=\"hidden\" name=\"_wpcf7_version\" value=\"6.1.5\"><input type=\"hidden\" name=\"_wpcf7_locale\" value=\"nb_NO\"><input type=\"hidden\" name=\"_wpcf7_unit_tag\" value=\"wpcf7-f1812-o1\"><input type=\"hidden\" name=\"_wpcf7_container_post\" value=\"0\"><input type=\"hidden\" name=\"_wpcf7_posted_data_hash\" value>\n<\/fieldset>\n<p><label> Ditt navn:<br>\n<span class=\"wpcf7-form-control-wrap\" data-name=\"your-name\"><input size=\"40\" maxlength=\"400\" class=\"wpcf7-form-control wpcf7-text wpcf7-validates-as-required\" aria-required=\"true\" aria-invalid=\"false\" value type=\"text\" name=\"your-name\"><\/span> <\/label>\n<\/p>\n<p><label> E-post:<br>\n<span class=\"wpcf7-form-control-wrap\" data-name=\"your-email\"><input size=\"40\" maxlength=\"400\" class=\"wpcf7-form-control wpcf7-email wpcf7-validates-as-required wpcf7-text wpcf7-validates-as-email\" aria-required=\"true\" aria-invalid=\"false\" value type=\"email\" name=\"your-email\"><\/span> <\/label>\n<\/p>\n<p><label> Alternativ e-post:<br>\n<span class=\"wpcf7-form-control-wrap\" data-name=\"your-email2\"><input size=\"40\" maxlength=\"400\" class=\"wpcf7-form-control wpcf7-email wpcf7-text wpcf7-validates-as-email\" aria-invalid=\"false\" value type=\"email\" name=\"your-email2\"><\/span> <\/label>\n<\/p>\n<p><label> Adresse:<br>\n<span class=\"wpcf7-form-control-wrap\" data-name=\"Adresse\"><input size=\"40\" maxlength=\"400\" class=\"wpcf7-form-control wpcf7-text wpcf7-validates-as-required\" aria-required=\"true\" aria-invalid=\"false\" value type=\"text\" name=\"Adresse\"><\/span> <\/label>\n<\/p>\n<p><label> Postnr\/sted:<br>\n<span class=\"wpcf7-form-control-wrap\" data-name=\"Postnr-Sted\"><input size=\"40\" maxlength=\"400\" class=\"wpcf7-form-control wpcf7-text wpcf7-validates-as-required\" aria-required=\"true\" aria-invalid=\"false\" value type=\"text\" name=\"Postnr-Sted\"><\/span> <\/label>\n<\/p>\n<p><label> Telefon:<br>\n<span class=\"wpcf7-form-control-wrap\" data-name=\"Telefon\"><input size=\"40\" maxlength=\"400\" class=\"wpcf7-form-control wpcf7-tel wpcf7-validates-as-required wpcf7-text wpcf7-validates-as-tel\" aria-required=\"true\" aria-invalid=\"false\" value type=\"tel\" name=\"Telefon\"><\/span><\/label>\n<\/p>\n<p><label> Hytteomr\u00e5de:<br>\n<span class=\"wpcf7-form-control-wrap\" data-name=\"Hytteomrade\"><input size=\"40\" maxlength=\"400\" class=\"wpcf7-form-control wpcf7-text wpcf7-validates-as-required\" aria-required=\"true\" aria-invalid=\"false\" value type=\"text\" name=\"Hytteomrade\"><\/span> <\/label>\n<\/p>\n<p><label> Vegadresse p\u00e5 hytte:<br>\n<span class=\"wpcf7-form-control-wrap\" data-name=\"Hytteadresse\"><input size=\"40\" maxlength=\"400\" class=\"wpcf7-form-control wpcf7-text wpcf7-validates-as-required\" aria-required=\"true\" aria-invalid=\"false\" value type=\"text\" name=\"Hytteadresse\"><\/span> <\/label>\n<\/p>\n<p><label> Eventuelle kommentarer:<br>\n<span class=\"wpcf7-form-control-wrap\" data-name=\"your-message\"><textarea cols=\"40\" rows=\"10\" maxlength=\"2000\" class=\"wpcf7-form-control wpcf7-textarea\" aria-invalid=\"false\" name=\"your-message\"><\/textarea><\/span> <\/label>\n<\/p>\n<p><input class=\"wpcf7-form-control wpcf7-submit has-spinner\" type=\"submit\" value=\"Send\">\n<\/p><div class=\"wpcf7-response-output\" aria-hidden=\"true\"><\/div>\n<\/form>\n<\/div>\n\n<\/div><\/div><\/div><div id class=\"x-container\" style=\"margin: 0px auto;padding: 0px;\"><div class=\"x-column x-sm x-1-1\" style=\"padding: 0px;\"><noscript><img decoding=\"async\" class=\"x-img x-img-none\" src=\"https:\/\/visitrauland.com\/rauland-hyttevelforening\/wp-content\/uploads\/sites\/35\/2018\/01\/Flyfoto-Holtar-1920.jpg\"><\/noscript><img decoding=\"async\" class=\"x-img x-img-none lazyload\" src=\"data:image\/gif;base64,R0lGODlhAQABAIAAAAAAAP\/\/\/yH5BAEAAAAALAAAAAABAAEAAAIBRAA7\" data-src=\"https:\/\/visitrauland.com\/rauland-hyttevelforening\/wp-content\/uploads\/sites\/35\/2018\/01\/Flyfoto-Holtar-1920.jpg\"><\/div><\/div><\/div><\/div>\n","protected":false},"excerpt":{"rendered":"","protected":false},"author":1,"featured_media":0,"parent":0,"menu_order":0,"comment_status":"closed","ping_status":"closed","template":"","meta":{"_relevanssi_hide_post":"","_relevanssi_hide_content":"","_relevanssi_pin_for_all":"","_relevanssi_pin_keywords":"","_relevanssi_unpin_keywords":"","_relevanssi_related_keywords":"","_relevanssi_related_include_ids":"","_relevanssi_related_exclude_ids":"","_relevanssi_related_no_append":"","_relevanssi_related_not_related":"","_relevanssi_related_posts":"","_relevanssi_noindex_reason":"","seo_booster_metabox":"","footnotes":""},"class_list":["post-1813","page","type-page","status-publish","hentry","no-post-thumbnail"],"yoast_head":"<!-- This site is optimized with the Yoast SEO plugin v27.2 - https:\/\/yoast.com\/product\/yoast-seo-wordpress\/ -->\n<title>Bli medlem! - Rauland Hyttevelforening<\/title>\n<meta name=\"robots\" content=\"index, follow, max-snippet:-1, max-image-preview:large, max-video-preview:-1\" \/>\n<link rel=\"canonical\" href=\"https:\/\/visitrauland.com\/rauland-hyttevelforening\/bli-medlem\/\" \/>\n<meta property=\"og:locale\" content=\"nb_NO\" \/>\n<meta property=\"og:type\" content=\"article\" \/>\n<meta property=\"og:title\" content=\"Bli medlem! - Rauland Hyttevelforening\" \/>\n<meta property=\"og:url\" content=\"https:\/\/visitrauland.com\/rauland-hyttevelforening\/bli-medlem\/\" \/>\n<meta property=\"og:site_name\" content=\"Rauland Hyttevelforening\" \/>\n<meta property=\"article:modified_time\" content=\"2026-03-12T08:42:08+00:00\" \/>\n<meta name=\"twitter:card\" content=\"summary_large_image\" \/>\n<meta name=\"twitter:label1\" content=\"Ansl. lesetid\" \/>\n\t<meta name=\"twitter:data1\" content=\"2 minutter\" \/>\n<script type=\"application\/ld+json\" class=\"yoast-schema-graph\">{\"@context\":\"https:\/\/schema.org\",\"@graph\":[{\"@type\":\"WebPage\",\"@id\":\"https:\/\/visitrauland.com\/rauland-hyttevelforening\/bli-medlem\/\",\"url\":\"https:\/\/visitrauland.com\/rauland-hyttevelforening\/bli-medlem\/\",\"name\":\"Bli medlem! - Rauland Hyttevelforening\",\"isPartOf\":{\"@id\":\"https:\/\/visitrauland.com\/rauland-hyttevelforening\/#website\"},\"datePublished\":\"2018-01-03T20:51:55+00:00\",\"dateModified\":\"2026-03-12T08:42:08+00:00\",\"breadcrumb\":{\"@id\":\"https:\/\/visitrauland.com\/rauland-hyttevelforening\/bli-medlem\/#breadcrumb\"},\"inLanguage\":\"nb-NO\",\"potentialAction\":[{\"@type\":\"ReadAction\",\"target\":[\"https:\/\/visitrauland.com\/rauland-hyttevelforening\/bli-medlem\/\"]}]},{\"@type\":\"BreadcrumbList\",\"@id\":\"https:\/\/visitrauland.com\/rauland-hyttevelforening\/bli-medlem\/#breadcrumb\",\"itemListElement\":[{\"@type\":\"ListItem\",\"position\":1,\"name\":\"Hjem\",\"item\":\"https:\/\/visitrauland.com\/rauland-hyttevelforening\/\"},{\"@type\":\"ListItem\",\"position\":2,\"name\":\"Bli medlem!\"}]},{\"@type\":\"WebSite\",\"@id\":\"https:\/\/visitrauland.com\/rauland-hyttevelforening\/#website\",\"url\":\"https:\/\/visitrauland.com\/rauland-hyttevelforening\/\",\"name\":\"Rauland Hyttevelforening\",\"description\":\"En konstruktiv og aktiv samarbeidspartner i Rauland\",\"potentialAction\":[{\"@type\":\"SearchAction\",\"target\":{\"@type\":\"EntryPoint\",\"urlTemplate\":\"https:\/\/visitrauland.com\/rauland-hyttevelforening\/?s={search_term_string}\"},\"query-input\":{\"@type\":\"PropertyValueSpecification\",\"valueRequired\":true,\"valueName\":\"search_term_string\"}}],\"inLanguage\":\"nb-NO\"}]}<\/script>\n<!-- \/ Yoast SEO plugin. -->","yoast_head_json":{"title":"Bli medlem! - Rauland Hyttevelforening","robots":{"index":"index","follow":"follow","max-snippet":"max-snippet:-1","max-image-preview":"max-image-preview:large","max-video-preview":"max-video-preview:-1"},"canonical":"https:\/\/visitrauland.com\/rauland-hyttevelforening\/bli-medlem\/","og_locale":"nb_NO","og_type":"article","og_title":"Bli medlem! - Rauland Hyttevelforening","og_url":"https:\/\/visitrauland.com\/rauland-hyttevelforening\/bli-medlem\/","og_site_name":"Rauland Hyttevelforening","article_modified_time":"2026-03-12T08:42:08+00:00","twitter_card":"summary_large_image","twitter_misc":{"Ansl. lesetid":"2 minutter"},"schema":{"@context":"https:\/\/schema.org","@graph":[{"@type":"WebPage","@id":"https:\/\/visitrauland.com\/rauland-hyttevelforening\/bli-medlem\/","url":"https:\/\/visitrauland.com\/rauland-hyttevelforening\/bli-medlem\/","name":"Bli medlem! - Rauland Hyttevelforening","isPartOf":{"@id":"https:\/\/visitrauland.com\/rauland-hyttevelforening\/#website"},"datePublished":"2018-01-03T20:51:55+00:00","dateModified":"2026-03-12T08:42:08+00:00","breadcrumb":{"@id":"https:\/\/visitrauland.com\/rauland-hyttevelforening\/bli-medlem\/#breadcrumb"},"inLanguage":"nb-NO","potentialAction":[{"@type":"ReadAction","target":["https:\/\/visitrauland.com\/rauland-hyttevelforening\/bli-medlem\/"]}]},{"@type":"BreadcrumbList","@id":"https:\/\/visitrauland.com\/rauland-hyttevelforening\/bli-medlem\/#breadcrumb","itemListElement":[{"@type":"ListItem","position":1,"name":"Hjem","item":"https:\/\/visitrauland.com\/rauland-hyttevelforening\/"},{"@type":"ListItem","position":2,"name":"Bli medlem!"}]},{"@type":"WebSite","@id":"https:\/\/visitrauland.com\/rauland-hyttevelforening\/#website","url":"https:\/\/visitrauland.com\/rauland-hyttevelforening\/","name":"Rauland Hyttevelforening","description":"En konstruktiv og aktiv samarbeidspartner i Rauland","potentialAction":[{"@type":"SearchAction","target":{"@type":"EntryPoint","urlTemplate":"https:\/\/visitrauland.com\/rauland-hyttevelforening\/?s={search_term_string}"},"query-input":{"@type":"PropertyValueSpecification","valueRequired":true,"valueName":"search_term_string"}}],"inLanguage":"nb-NO"}]}},"_links":{"self":[{"href":"https:\/\/visitrauland.com\/rauland-hyttevelforening\/wp-json\/wp\/v2\/pages\/1813","targetHints":{"allow":["GET"]}}],"collection":[{"href":"https:\/\/visitrauland.com\/rauland-hyttevelforening\/wp-json\/wp\/v2\/pages"}],"about":[{"href":"https:\/\/visitrauland.com\/rauland-hyttevelforening\/wp-json\/wp\/v2\/types\/page"}],"author":[{"embeddable":true,"href":"https:\/\/visitrauland.com\/rauland-hyttevelforening\/wp-json\/wp\/v2\/users\/1"}],"replies":[{"embeddable":true,"href":"https:\/\/visitrauland.com\/rauland-hyttevelforening\/wp-json\/wp\/v2\/comments?post=1813"}],"version-history":[{"count":4,"href":"https:\/\/visitrauland.com\/rauland-hyttevelforening\/wp-json\/wp\/v2\/pages\/1813\/revisions"}],"predecessor-version":[{"id":2709,"href":"https:\/\/visitrauland.com\/rauland-hyttevelforening\/wp-json\/wp\/v2\/pages\/1813\/revisions\/2709"}],"wp:attachment":[{"href":"https:\/\/visitrauland.com\/rauland-hyttevelforening\/wp-json\/wp\/v2\/media?parent=1813"}],"curies":[{"name":"wp","href":"https:\/\/api.w.org\/{rel}","templated":true}]}}