{"id":1764,"date":"2018-01-03T18:17:01","date_gmt":"2018-01-03T17:17:01","guid":{"rendered":"https:\/\/visitrauland.com\/rauland-hyttevelforening\/?page_id=1764"},"modified":"2025-06-24T16:24:28","modified_gmt":"2025-06-24T14:24:28","slug":"referater","status":"publish","type":"page","link":"https:\/\/visitrauland.com\/rauland-hyttevelforening\/referater\/","title":{"rendered":"M\u00f8tereferater"},"content":{"rendered":"<div id=\"cs-content\" class=\"cs-content\"><div id=\"x-section-1\" class=\"x-section\" style=\"margin: 0px;padding: 0px; background-color: transparent;\"><div id class=\"x-container\" style=\"margin: 0px auto;padding: 0px;\"><div class=\"x-column x-sm x-1-1\" style=\"padding: 0px;\"><div id class=\"x-text\" style><p><strong>\u00c5rsberetningene gir en oversikt over de viktigste sakene som Rauland hyttevelforening har v\u00e6rt engasjert i det siste \u00e5ret.<\/strong><\/p>\n<h5>2025<\/h5>\n<p><a href=\"https:\/\/visitrauland.com\/rauland-hyttevelforening\/wp-content\/uploads\/sites\/35\/2025\/06\/RHVF-protokoll-arsmotet-2025_signert_1750774978.pdf\">Protokoll fra \u00e5rsm\u00f8te 2025<\/a><\/p>\n<h5>2024<\/h5>\n<p><a href=\"https:\/\/visitrauland.com\/rauland-hyttevelforening\/wp-content\/uploads\/sites\/35\/2024\/04\/Rauland-Hyttevelforening-protokoll-fra-arsmotet-signed_1713298451.pdf\">Protokoll fra \u00e5rsm\u00f8tet 2024<\/a><\/p>\n<h5>2023<\/h5>\n<p><a href=\"https:\/\/visitrauland.com\/rauland-hyttevelforening\/wp-content\/uploads\/sites\/35\/2023\/04\/RHVF-Protokoll-Aarsmote-2023_1682507433.pdf\">Protokoll \u00c5rsm\u00f8tet 2023<\/a><\/p>\n<h5>2022<\/h5>\n<p><a href=\"https:\/\/visitrauland.com\/rauland-hyttevelforening\/wp-content\/uploads\/sites\/35\/2022\/05\/Protokoll-Arsmotet-2022-signed.pdf\">Protokoll \u00c5rsm\u00f8tet 2022 &#8211; signert<\/a><\/p>\n<h5>2021<\/h5>\n<p><a href=\"https:\/\/visitrauland.com\/rauland-hyttevelforening\/wp-content\/uploads\/sites\/35\/2021\/05\/RHVF_protokoll_20210501_signert.pdf\">RHVF_protokoll_20210501_signert<\/a><\/p>\n<h5>2020<\/h5>\n<p><a href=\"https:\/\/visitrauland.com\/rauland-hyttevelforening\/wp-content\/uploads\/sites\/35\/2020\/10\/Arsmoteprotokoll-2020_signert.pdf\">\u00c5rsm\u00f8teprotokoll 2020_signert<\/a><\/p>\n<h5>2019<\/h5>\n<p><a href=\"https:\/\/visitrauland.com\/rauland-hyttevelforening\/wp-content\/uploads\/sites\/35\/2019\/05\/protokoll-\u00c5rsm\u00f8tet-2019.pdf\">protokoll \u00c5rsm\u00f8tet 2019<\/a><\/p>\n<h5><\/h5>\n<h5>2018<\/h5>\n<p><a href=\"https:\/\/visitrauland.com\/rauland-hyttevelforening\/wp-content\/uploads\/sites\/35\/2018\/03\/protokoll-\u00c5rsm\u00f8tet-2018.pdf\">protokoll \u00c5rsm\u00f8tet 2018<\/a><\/p>\n<h5><\/h5>\n<h5>2017<\/h5>\n<p><a href=\"https:\/\/visitrauland.com\/rauland-hyttevelforening\/wp-content\/uploads\/sites\/35\/2018\/01\/Protokoll\u00c5rsm\u00f8tetRHVF2017.pdf\">Protokoll 2017<\/a><\/p>\n<h5>2016<\/h5>\n<p><a href=\"https:\/\/visitrauland.com\/rauland-hyttevelforening\/wp-content\/uploads\/sites\/35\/2018\/01\/medlemsm\u00f8tep\u00e5sken2016.pdf\">Medlemsm\u00f8te 2016<\/a><br>\n<a href=\"https:\/\/visitrauland.com\/rauland-hyttevelforening\/wp-content\/uploads\/sites\/35\/2018\/01\/Protokoll\u00e5rsm\u00f8tet2016.pdf\">Protokoll 2016<\/a><\/p>\n<h5>2015<\/h5>\n<p><a href=\"https:\/\/visitrauland.com\/rauland-hyttevelforening\/wp-content\/uploads\/sites\/35\/2018\/01\/medlemsm\u00f8tepa\u030asken2015.doc\">Medlemsm\u00f8te 2015<\/a><br>\n<a href=\"https:\/\/visitrauland.com\/rauland-hyttevelforening\/wp-content\/uploads\/sites\/35\/2018\/01\/Protokoll2015.pdf\">Protokoll 2015<\/a><\/p>\n<h5>Tidligere<\/h5>\n<p><a href=\"https:\/\/visitrauland.com\/rauland-hyttevelforening\/wp-content\/uploads\/sites\/35\/2018\/01\/Protokollfra\u00e5rsm\u00f8tet2014.pdf\">Protokoll 2014<\/a><br>\n<a href=\"https:\/\/visitrauland.com\/rauland-hyttevelforening\/wp-content\/uploads\/sites\/35\/2018\/01\/protokoll\u00c5rsm\u00f8tet2013.doc\">Protokoll 2013<\/a><br>\n<a href=\"https:\/\/visitrauland.com\/rauland-hyttevelforening\/wp-content\/uploads\/sites\/35\/2018\/01\/medlemsm\u00f8tep\u00e5sken2013.doc\">Medlemsm\u00f8te 2013<\/a><br>\n<a href=\"https:\/\/visitrauland.com\/rauland-hyttevelforening\/wp-content\/uploads\/sites\/35\/2018\/01\/protokoll2012.pdf\">Protokoll 2012<\/a><br>\n<a href=\"https:\/\/visitrauland.com\/rauland-hyttevelforening\/wp-content\/uploads\/sites\/35\/2018\/01\/medlemsm\u00f8teapril2012.doc\">Medlemsm\u00f8te 2012<\/a><br>\n<a href=\"https:\/\/visitrauland.com\/rauland-hyttevelforening\/wp-content\/uploads\/sites\/35\/2018\/01\/Ref.grunneierm\u00f8te.doc\">Grunneierm\u00f8te Rauland H\u00f8gfjellshotell 2012<\/a><br>\n<a href=\"https:\/\/visitrauland.com\/rauland-hyttevelforening\/wp-content\/uploads\/sites\/35\/2018\/01\/protokollC385rsmC3B8tet2011.doc\">Protokoll 2011<\/a><br>\n<a href=\"https:\/\/visitrauland.com\/rauland-hyttevelforening\/wp-content\/uploads\/sites\/35\/2018\/01\/medlemsmoete2011.doc\">Medlemsm\u00f8te 2011<\/a><br>\n<a href=\"https:\/\/docs.google.com\/viewer?url=http%3A%2F%2Fwww.visitrauland.no%2Fcontent%2Fview%2Fembed%2F4570\" rel=\"noopener\" target=\"_blank\">2009\/2010<\/a><br>\n<a href=\"https:\/\/docs.google.com\/viewer?url=https:\/\/visitrauland.no\/content\/view\/embed\/4571\" rel=\"noopener\" target=\"_blank\">2008\/2009<\/a><br>\n<a href=\"https:\/\/docs.google.com\/viewer?url=https:\/\/visitrauland.no\/content\/view\/embed\/4583%09\" rel=\"noopener\" target=\"_blank\">2007\/2008<\/a><\/p>\n<\/div><\/div><\/div><div id class=\"x-container\" style=\"margin: 0px auto;padding: 0px;\"><div class=\"x-column x-sm x-1-1\" style=\"padding: 0px;\"><noscript><img decoding=\"async\" class=\"x-img x-img-none\" src=\"https:\/\/visitrauland.com\/rauland-hyttevelforening\/wp-content\/uploads\/sites\/35\/2018\/01\/aarsmoete-900.jpg\"><\/noscript><img decoding=\"async\" class=\"x-img x-img-none lazyload\" src=\"data:image\/gif;base64,R0lGODlhAQABAIAAAAAAAP\/\/\/yH5BAEAAAAALAAAAAABAAEAAAIBRAA7\" data-src=\"https:\/\/visitrauland.com\/rauland-hyttevelforening\/wp-content\/uploads\/sites\/35\/2018\/01\/aarsmoete-900.jpg\"><\/div><\/div><\/div><\/div>\n","protected":false},"excerpt":{"rendered":"","protected":false},"author":1,"featured_media":0,"parent":0,"menu_order":0,"comment_status":"closed","ping_status":"closed","template":"","meta":{"_relevanssi_hide_post":"","_relevanssi_hide_content":"","_relevanssi_pin_for_all":"","_relevanssi_pin_keywords":"","_relevanssi_unpin_keywords":"","_relevanssi_related_keywords":"","_relevanssi_related_include_ids":"","_relevanssi_related_exclude_ids":"","_relevanssi_related_no_append":"","_relevanssi_related_not_related":"","_relevanssi_related_posts":"","_relevanssi_noindex_reason":"","seo_booster_metabox":"","footnotes":""},"class_list":["post-1764","page","type-page","status-publish","hentry","no-post-thumbnail"],"yoast_head":"<!-- This site is optimized with the Yoast SEO plugin v27.2 - https:\/\/yoast.com\/product\/yoast-seo-wordpress\/ -->\n<title>M\u00f8tereferater - Rauland Hyttevelforening<\/title>\n<meta name=\"robots\" content=\"index, follow, max-snippet:-1, max-image-preview:large, max-video-preview:-1\" \/>\n<link rel=\"canonical\" href=\"https:\/\/visitrauland.com\/rauland-hyttevelforening\/referater\/\" \/>\n<meta property=\"og:locale\" content=\"nb_NO\" \/>\n<meta property=\"og:type\" content=\"article\" \/>\n<meta property=\"og:title\" content=\"M\u00f8tereferater - Rauland Hyttevelforening\" \/>\n<meta property=\"og:url\" content=\"https:\/\/visitrauland.com\/rauland-hyttevelforening\/referater\/\" \/>\n<meta property=\"og:site_name\" content=\"Rauland Hyttevelforening\" \/>\n<meta property=\"article:modified_time\" content=\"2025-06-24T14:24:28+00:00\" \/>\n<meta name=\"twitter:card\" content=\"summary_large_image\" \/>\n<meta name=\"twitter:label1\" content=\"Ansl. lesetid\" \/>\n\t<meta name=\"twitter:data1\" content=\"1 minutt\" \/>\n<script type=\"application\/ld+json\" class=\"yoast-schema-graph\">{\"@context\":\"https:\/\/schema.org\",\"@graph\":[{\"@type\":\"WebPage\",\"@id\":\"https:\/\/visitrauland.com\/rauland-hyttevelforening\/referater\/\",\"url\":\"https:\/\/visitrauland.com\/rauland-hyttevelforening\/referater\/\",\"name\":\"M\u00f8tereferater - Rauland Hyttevelforening\",\"isPartOf\":{\"@id\":\"https:\/\/visitrauland.com\/rauland-hyttevelforening\/#website\"},\"datePublished\":\"2018-01-03T17:17:01+00:00\",\"dateModified\":\"2025-06-24T14:24:28+00:00\",\"breadcrumb\":{\"@id\":\"https:\/\/visitrauland.com\/rauland-hyttevelforening\/referater\/#breadcrumb\"},\"inLanguage\":\"nb-NO\",\"potentialAction\":[{\"@type\":\"ReadAction\",\"target\":[\"https:\/\/visitrauland.com\/rauland-hyttevelforening\/referater\/\"]}]},{\"@type\":\"BreadcrumbList\",\"@id\":\"https:\/\/visitrauland.com\/rauland-hyttevelforening\/referater\/#breadcrumb\",\"itemListElement\":[{\"@type\":\"ListItem\",\"position\":1,\"name\":\"Hjem\",\"item\":\"https:\/\/visitrauland.com\/rauland-hyttevelforening\/\"},{\"@type\":\"ListItem\",\"position\":2,\"name\":\"M\u00f8tereferater\"}]},{\"@type\":\"WebSite\",\"@id\":\"https:\/\/visitrauland.com\/rauland-hyttevelforening\/#website\",\"url\":\"https:\/\/visitrauland.com\/rauland-hyttevelforening\/\",\"name\":\"Rauland Hyttevelforening\",\"description\":\"En konstruktiv og aktiv samarbeidspartner i Rauland\",\"potentialAction\":[{\"@type\":\"SearchAction\",\"target\":{\"@type\":\"EntryPoint\",\"urlTemplate\":\"https:\/\/visitrauland.com\/rauland-hyttevelforening\/?s={search_term_string}\"},\"query-input\":{\"@type\":\"PropertyValueSpecification\",\"valueRequired\":true,\"valueName\":\"search_term_string\"}}],\"inLanguage\":\"nb-NO\"}]}<\/script>\n<!-- \/ Yoast SEO plugin. -->","yoast_head_json":{"title":"M\u00f8tereferater - Rauland Hyttevelforening","robots":{"index":"index","follow":"follow","max-snippet":"max-snippet:-1","max-image-preview":"max-image-preview:large","max-video-preview":"max-video-preview:-1"},"canonical":"https:\/\/visitrauland.com\/rauland-hyttevelforening\/referater\/","og_locale":"nb_NO","og_type":"article","og_title":"M\u00f8tereferater - Rauland Hyttevelforening","og_url":"https:\/\/visitrauland.com\/rauland-hyttevelforening\/referater\/","og_site_name":"Rauland Hyttevelforening","article_modified_time":"2025-06-24T14:24:28+00:00","twitter_card":"summary_large_image","twitter_misc":{"Ansl. lesetid":"1 minutt"},"schema":{"@context":"https:\/\/schema.org","@graph":[{"@type":"WebPage","@id":"https:\/\/visitrauland.com\/rauland-hyttevelforening\/referater\/","url":"https:\/\/visitrauland.com\/rauland-hyttevelforening\/referater\/","name":"M\u00f8tereferater - Rauland Hyttevelforening","isPartOf":{"@id":"https:\/\/visitrauland.com\/rauland-hyttevelforening\/#website"},"datePublished":"2018-01-03T17:17:01+00:00","dateModified":"2025-06-24T14:24:28+00:00","breadcrumb":{"@id":"https:\/\/visitrauland.com\/rauland-hyttevelforening\/referater\/#breadcrumb"},"inLanguage":"nb-NO","potentialAction":[{"@type":"ReadAction","target":["https:\/\/visitrauland.com\/rauland-hyttevelforening\/referater\/"]}]},{"@type":"BreadcrumbList","@id":"https:\/\/visitrauland.com\/rauland-hyttevelforening\/referater\/#breadcrumb","itemListElement":[{"@type":"ListItem","position":1,"name":"Hjem","item":"https:\/\/visitrauland.com\/rauland-hyttevelforening\/"},{"@type":"ListItem","position":2,"name":"M\u00f8tereferater"}]},{"@type":"WebSite","@id":"https:\/\/visitrauland.com\/rauland-hyttevelforening\/#website","url":"https:\/\/visitrauland.com\/rauland-hyttevelforening\/","name":"Rauland Hyttevelforening","description":"En konstruktiv og aktiv samarbeidspartner i Rauland","potentialAction":[{"@type":"SearchAction","target":{"@type":"EntryPoint","urlTemplate":"https:\/\/visitrauland.com\/rauland-hyttevelforening\/?s={search_term_string}"},"query-input":{"@type":"PropertyValueSpecification","valueRequired":true,"valueName":"search_term_string"}}],"inLanguage":"nb-NO"}]}},"_links":{"self":[{"href":"https:\/\/visitrauland.com\/rauland-hyttevelforening\/wp-json\/wp\/v2\/pages\/1764","targetHints":{"allow":["GET"]}}],"collection":[{"href":"https:\/\/visitrauland.com\/rauland-hyttevelforening\/wp-json\/wp\/v2\/pages"}],"about":[{"href":"https:\/\/visitrauland.com\/rauland-hyttevelforening\/wp-json\/wp\/v2\/types\/page"}],"author":[{"embeddable":true,"href":"https:\/\/visitrauland.com\/rauland-hyttevelforening\/wp-json\/wp\/v2\/users\/1"}],"replies":[{"embeddable":true,"href":"https:\/\/visitrauland.com\/rauland-hyttevelforening\/wp-json\/wp\/v2\/comments?post=1764"}],"version-history":[{"count":9,"href":"https:\/\/visitrauland.com\/rauland-hyttevelforening\/wp-json\/wp\/v2\/pages\/1764\/revisions"}],"predecessor-version":[{"id":2645,"href":"https:\/\/visitrauland.com\/rauland-hyttevelforening\/wp-json\/wp\/v2\/pages\/1764\/revisions\/2645"}],"wp:attachment":[{"href":"https:\/\/visitrauland.com\/rauland-hyttevelforening\/wp-json\/wp\/v2\/media?parent=1764"}],"curies":[{"name":"wp","href":"https:\/\/api.w.org\/{rel}","templated":true}]}}