{"id":677,"date":"2017-12-13T12:53:58","date_gmt":"2017-12-13T11:53:58","guid":{"rendered":"https:\/\/visitrauland.com\/rauland-hoegfjellshotell\/?page_id=677"},"modified":"2026-02-17T22:21:55","modified_gmt":"2026-02-17T21:21:55","slug":"velvaere","status":"publish","type":"page","link":"https:\/\/visitrauland.com\/rauland-hoegfjellshotell\/fasiliteter\/velvaere\/","title":{"rendered":"Velv\u00e6re"},"content":{"rendered":"<div id=\"cs-content\" class=\"cs-content\"><div class=\"x-section e677-e1 mit-0\"><div class=\"x-div e677-e2 mit-1\"><span class=\"x-image e677-e3 mit-2\"><noscript><img decoding=\"async\" src=\"https:\/\/visitrauland.com\/rauland-hoegfjellshotell\/wp-content\/uploads\/sites\/31\/2025\/02\/DSC04332-Enhanced-NR_1920_1739723833.jpg\" width=\"960\" height=\"540\" alt=\"Person som stuper i et opplyst innend\u00f8rs sv\u00f8mmebasseng med fargerik veggdekorasjon.\"><\/noscript><img decoding=\"async\" src=\"data:image\/svg+xml,%3Csvg%20xmlns%3D%22http%3A%2F%2Fwww.w3.org%2F2000%2Fsvg%22%20viewBox%3D%220%200%20960%20540%22%3E%3C%2Fsvg%3E\" width=\"960\" height=\"540\" alt=\"Person som stuper i et opplyst innend\u00f8rs sv\u00f8mmebasseng med fargerik veggdekorasjon.\" data-src=\"https:\/\/visitrauland.com\/rauland-hoegfjellshotell\/wp-content\/uploads\/sites\/31\/2025\/02\/DSC04332-Enhanced-NR_1920_1739723833.jpg\" class=\" lazyload\"><\/span><\/div><\/div><div id=\"x-section-1\" class=\"x-section\" style=\"margin: 0px;padding: 0px; background-color: transparent;\"><div id class=\"x-container\" style=\"margin: 0px auto;padding: 0px;\"><div class=\"x-column x-sm x-1-1\" style=\"padding: 0px;\"><div id class=\"x-text\" style><p><strong><span>V\u00e5r velv\u00e6reavdeling best\u00e5r av et bassengomr\u00e5de med stort sv\u00f8mmebasseng, badstue med utsikt over Raulandsfjell og Hardangervidda, treningsrom og dampbadstue.<\/span><\/strong><\/p>\n<p><span>Velv\u00e6reomr\u00e5det er \u00e5pent fra 07.00 \u2013 21.00, og er gratis for hotellets boende gjester. Bes\u00f8kende kan ogs\u00e5 benytte seg av omr\u00e5det for kr. 200.- pr voksen og kr 140,- pr barn under 16 \u00e5r.<\/span><\/p>\n<p><a href=\"https:\/\/visitrauland.com\/rauland-hoegfjellshotell\/wp-content\/uploads\/sites\/31\/2026\/02\/Vi-tilbyr-1_1771362327.pdf\"><strong>Vi tilbyr ogs\u00e5 massasje:<\/strong><\/a><\/p>\n<\/div><span class=\"x-image e677-e8 mit-2\"><noscript><img decoding=\"async\" src=\"https:\/\/visitrauland.com\/rauland-hoegfjellshotell\/wp-content\/uploads\/sites\/31\/2026\/02\/vitilbyr_1771363281.jpg\" width=\"1200\" height=\"1698\" alt=\"Tilbud p\u00e5 massasjebehandlinger hos Rauland H\u00f8gfjellshotell, inkludert klassisk, kinesisk og lymfedrenasje.\"><\/noscript><img decoding=\"async\" src=\"data:image\/svg+xml,%3Csvg%20xmlns%3D%22http%3A%2F%2Fwww.w3.org%2F2000%2Fsvg%22%20viewBox%3D%220%200%201200%201698%22%3E%3C%2Fsvg%3E\" width=\"1200\" height=\"1698\" alt=\"Tilbud p\u00e5 massasjebehandlinger hos Rauland H\u00f8gfjellshotell, inkludert klassisk, kinesisk og lymfedrenasje.\" data-src=\"https:\/\/visitrauland.com\/rauland-hoegfjellshotell\/wp-content\/uploads\/sites\/31\/2026\/02\/vitilbyr_1771363281.jpg\" class=\" lazyload\"><\/span><hr class=\"x-line e677-e9 mit-3\"><\/div><\/div><div id class=\"x-container\" style=\"margin: 0px auto;padding: 0px;\"><div class=\"x-column x-sm x-1-2\" style=\"padding: 0px;\"><noscript><img decoding=\"async\" class=\"x-img x-img-none\" src=\"https:\/\/visitrauland.com\/rauland-hoegfjellshotell\/wp-content\/uploads\/sites\/31\/2017\/12\/RHHbadstu-600.jpg\"><\/noscript><img decoding=\"async\" class=\"x-img x-img-none lazyload\" src=\"data:image\/gif;base64,R0lGODlhAQABAIAAAAAAAP\/\/\/yH5BAEAAAAALAAAAAABAAEAAAIBRAA7\" data-src=\"https:\/\/visitrauland.com\/rauland-hoegfjellshotell\/wp-content\/uploads\/sites\/31\/2017\/12\/RHHbadstu-600.jpg\"><\/div><div class=\"x-column x-sm x-1-2\" style=\"padding: 0px;\"><noscript><img decoding=\"async\" class=\"x-img x-img-none\" src=\"https:\/\/visitrauland.com\/rauland-hoegfjellshotell\/wp-content\/uploads\/sites\/31\/2017\/12\/Fjellspa-600.jpg\"><\/noscript><img decoding=\"async\" class=\"x-img x-img-none lazyload\" src=\"data:image\/gif;base64,R0lGODlhAQABAIAAAAAAAP\/\/\/yH5BAEAAAAALAAAAAABAAEAAAIBRAA7\" data-src=\"https:\/\/visitrauland.com\/rauland-hoegfjellshotell\/wp-content\/uploads\/sites\/31\/2017\/12\/Fjellspa-600.jpg\"><\/div><\/div><\/div><div id=\"x-section-2\" class=\"x-section\" style=\"margin: 0px;padding: 0px 0px 10px; background-color: transparent;\"><div id class=\"x-container\" style=\"margin: 0px auto;padding: 0px;\"><div class=\"x-column x-sm x-1-1\" style=\"padding: 0px;\"><div id class=\"x-text\" style><p><strong>Interaktiv visning<\/strong><br>\nSe deg rundt p\u00e5 hotellet med v\u00e5r interaktive visning! Velg fra rullegardinmenyen nederst til h\u00f8yre, og ved \u00e5 klikke og dra bildet:<\/p>\n<p><noscript><iframe height=\"600\" src=\"https:\/\/www.virtualtours.dk\/Hosting\/Norway\/Rauland\/rauland%20hoegfjellshotell\/rh2\/rh2.html\"><\/iframe><\/noscript><iframe height=\"600\" data-src=\"https:\/\/www.virtualtours.dk\/Hosting\/Norway\/Rauland\/rauland%20hoegfjellshotell\/rh2\/rh2.html\" class=\" lazyload\"><\/iframe><\/p>\n<\/div><\/div><\/div><\/div><div id=\"x-section-3\" class=\"x-section\" style=\"margin: 0px;padding: 0px; background-color: transparent;\"><div id class=\"x-container\" style=\"margin: 0px auto;padding: 0px;\"><div class=\"x-column x-sm x-1-2\" style=\"padding: 0px;\"><noscript><img decoding=\"async\" class=\"x-img x-img-none\" src=\"https:\/\/visitrauland.com\/rauland-hoegfjellshotell\/wp-content\/uploads\/sites\/31\/2017\/12\/Treningsrom-600.jpg\"><\/noscript><img decoding=\"async\" class=\"x-img x-img-none lazyload\" src=\"data:image\/gif;base64,R0lGODlhAQABAIAAAAAAAP\/\/\/yH5BAEAAAAALAAAAAABAAEAAAIBRAA7\" data-src=\"https:\/\/visitrauland.com\/rauland-hoegfjellshotell\/wp-content\/uploads\/sites\/31\/2017\/12\/Treningsrom-600.jpg\"><\/div><div class=\"x-column x-sm x-1-2\" style=\"padding: 0px;\"><noscript><img decoding=\"async\" class=\"x-img x-img-none\" src=\"https:\/\/visitrauland.com\/rauland-hoegfjellshotell\/wp-content\/uploads\/sites\/31\/2017\/12\/RHH-FjellspaFamilie-600.jpg\"><\/noscript><img decoding=\"async\" class=\"x-img x-img-none lazyload\" src=\"data:image\/gif;base64,R0lGODlhAQABAIAAAAAAAP\/\/\/yH5BAEAAAAALAAAAAABAAEAAAIBRAA7\" data-src=\"https:\/\/visitrauland.com\/rauland-hoegfjellshotell\/wp-content\/uploads\/sites\/31\/2017\/12\/RHH-FjellspaFamilie-600.jpg\"><\/div><\/div><\/div><\/div>\n","protected":false},"excerpt":{"rendered":"<p>V\u00e5r velv\u00e6reavdeling best\u00e5r av et bassengomr\u00e5de med stort sv\u00f8mmebasseng, badstue med utsikt over Raulandsfjell og Hardangervidda, treningsrom og dampbadstue. Velv\u00e6reomr\u00e5det er \u00e5pent fra 07.00 \u2013 21.00, og er gratis for hotellets boende gjester. Bes\u00f8kende kan ogs\u00e5 benytte seg av omr\u00e5det for kr. 200.- pr voksen og kr 140,- pr barn under 16 \u00e5r. Vi tilbyr ogs\u00e5 massasje: Interaktiv visning Se &#8230; <\/p>\n<div><a href=\"https:\/\/visitrauland.com\/rauland-hoegfjellshotell\/fasiliteter\/velvaere\/\" class=\"more-link\">Les Mer<\/a><\/div>\n","protected":false},"author":1,"featured_media":0,"parent":653,"menu_order":0,"comment_status":"closed","ping_status":"closed","template":"","meta":{"_relevanssi_hide_post":"","_relevanssi_hide_content":"","_relevanssi_pin_for_all":"","_relevanssi_pin_keywords":"","_relevanssi_unpin_keywords":"","_relevanssi_related_keywords":"","_relevanssi_related_include_ids":"","_relevanssi_related_exclude_ids":"","_relevanssi_related_no_append":"","_relevanssi_related_not_related":"","_relevanssi_related_posts":"3472,714,718,3662,3718,3459","_relevanssi_noindex_reason":"","seo_booster_metabox":"","footnotes":""},"class_list":["post-677","page","type-page","status-publish","hentry","no-post-thumbnail"],"yoast_head":"<!-- This site is optimized with the Yoast SEO plugin v27.2 - https:\/\/yoast.com\/product\/yoast-seo-wordpress\/ -->\n<title>Velv\u00e6re p\u00e5 Rauland H\u00f8gfjellshotell<\/title>\n<meta name=\"description\" content=\"Rauland H\u00f8gfjellshotell har velv\u00e6reavdeling med treningsrom, badstue og sv\u00f8mmebasseng \u00e5pent for b\u00e5de hotellets gjester og andre bes\u00f8kende.\" \/>\n<meta name=\"robots\" content=\"index, follow, max-snippet:-1, max-image-preview:large, max-video-preview:-1\" \/>\n<link rel=\"canonical\" href=\"https:\/\/visitrauland.com\/rauland-hoegfjellshotell\/fasiliteter\/velvaere\/\" \/>\n<meta property=\"og:locale\" content=\"nb_NO\" \/>\n<meta property=\"og:type\" content=\"article\" \/>\n<meta property=\"og:title\" content=\"Velv\u00e6re p\u00e5 Rauland H\u00f8gfjellshotell\" \/>\n<meta property=\"og:description\" content=\"Rauland H\u00f8gfjellshotell har velv\u00e6reavdeling med treningsrom, badstue og sv\u00f8mmebasseng \u00e5pent for b\u00e5de hotellets gjester og andre bes\u00f8kende.\" \/>\n<meta property=\"og:url\" content=\"https:\/\/visitrauland.com\/rauland-hoegfjellshotell\/fasiliteter\/velvaere\/\" \/>\n<meta property=\"og:site_name\" content=\"Rauland H\u00f8gfjellshotell\" \/>\n<meta property=\"article:modified_time\" content=\"2026-02-17T21:21:55+00:00\" \/>\n<meta name=\"twitter:card\" content=\"summary_large_image\" \/>\n<meta name=\"twitter:label1\" content=\"Ansl. lesetid\" \/>\n\t<meta name=\"twitter:data1\" content=\"3 minutter\" \/>\n<script type=\"application\/ld+json\" class=\"yoast-schema-graph\">{\"@context\":\"https:\/\/schema.org\",\"@graph\":[{\"@type\":\"WebPage\",\"@id\":\"https:\/\/visitrauland.com\/rauland-hoegfjellshotell\/fasiliteter\/velvaere\/\",\"url\":\"https:\/\/visitrauland.com\/rauland-hoegfjellshotell\/fasiliteter\/velvaere\/\",\"name\":\"Velv\u00e6re p\u00e5 Rauland H\u00f8gfjellshotell\",\"isPartOf\":{\"@id\":\"https:\/\/visitrauland.com\/rauland-hoegfjellshotell\/#website\"},\"datePublished\":\"2017-12-13T11:53:58+00:00\",\"dateModified\":\"2026-02-17T21:21:55+00:00\",\"description\":\"Rauland H\u00f8gfjellshotell har velv\u00e6reavdeling med treningsrom, badstue og sv\u00f8mmebasseng \u00e5pent for b\u00e5de hotellets gjester og andre bes\u00f8kende.\",\"breadcrumb\":{\"@id\":\"https:\/\/visitrauland.com\/rauland-hoegfjellshotell\/fasiliteter\/velvaere\/#breadcrumb\"},\"inLanguage\":\"nb-NO\",\"potentialAction\":[{\"@type\":\"ReadAction\",\"target\":[\"https:\/\/visitrauland.com\/rauland-hoegfjellshotell\/fasiliteter\/velvaere\/\"]}]},{\"@type\":\"BreadcrumbList\",\"@id\":\"https:\/\/visitrauland.com\/rauland-hoegfjellshotell\/fasiliteter\/velvaere\/#breadcrumb\",\"itemListElement\":[{\"@type\":\"ListItem\",\"position\":1,\"name\":\"Hjem\",\"item\":\"https:\/\/visitrauland.com\/rauland-hoegfjellshotell\/\"},{\"@type\":\"ListItem\",\"position\":2,\"name\":\"Fasiliteter\",\"item\":\"https:\/\/visitrauland.com\/rauland-hoegfjellshotell\/fasiliteter\/\"},{\"@type\":\"ListItem\",\"position\":3,\"name\":\"Velv\u00e6re\"}]},{\"@type\":\"WebSite\",\"@id\":\"https:\/\/visitrauland.com\/rauland-hoegfjellshotell\/#website\",\"url\":\"https:\/\/visitrauland.com\/rauland-hoegfjellshotell\/\",\"name\":\"Rauland H\u00f8gfjellshotell\",\"description\":\"Tradisjonsrikt Telemarkshotell - 1000 meter over havet\",\"potentialAction\":[{\"@type\":\"SearchAction\",\"target\":{\"@type\":\"EntryPoint\",\"urlTemplate\":\"https:\/\/visitrauland.com\/rauland-hoegfjellshotell\/?s={search_term_string}\"},\"query-input\":{\"@type\":\"PropertyValueSpecification\",\"valueRequired\":true,\"valueName\":\"search_term_string\"}}],\"inLanguage\":\"nb-NO\"}]}<\/script>\n<!-- \/ Yoast SEO plugin. -->","yoast_head_json":{"title":"Velv\u00e6re p\u00e5 Rauland H\u00f8gfjellshotell","description":"Rauland H\u00f8gfjellshotell har velv\u00e6reavdeling med treningsrom, badstue og sv\u00f8mmebasseng \u00e5pent for b\u00e5de hotellets gjester og andre bes\u00f8kende.","robots":{"index":"index","follow":"follow","max-snippet":"max-snippet:-1","max-image-preview":"max-image-preview:large","max-video-preview":"max-video-preview:-1"},"canonical":"https:\/\/visitrauland.com\/rauland-hoegfjellshotell\/fasiliteter\/velvaere\/","og_locale":"nb_NO","og_type":"article","og_title":"Velv\u00e6re p\u00e5 Rauland H\u00f8gfjellshotell","og_description":"Rauland H\u00f8gfjellshotell har velv\u00e6reavdeling med treningsrom, badstue og sv\u00f8mmebasseng \u00e5pent for b\u00e5de hotellets gjester og andre bes\u00f8kende.","og_url":"https:\/\/visitrauland.com\/rauland-hoegfjellshotell\/fasiliteter\/velvaere\/","og_site_name":"Rauland H\u00f8gfjellshotell","article_modified_time":"2026-02-17T21:21:55+00:00","twitter_card":"summary_large_image","twitter_misc":{"Ansl. lesetid":"3 minutter"},"schema":{"@context":"https:\/\/schema.org","@graph":[{"@type":"WebPage","@id":"https:\/\/visitrauland.com\/rauland-hoegfjellshotell\/fasiliteter\/velvaere\/","url":"https:\/\/visitrauland.com\/rauland-hoegfjellshotell\/fasiliteter\/velvaere\/","name":"Velv\u00e6re p\u00e5 Rauland H\u00f8gfjellshotell","isPartOf":{"@id":"https:\/\/visitrauland.com\/rauland-hoegfjellshotell\/#website"},"datePublished":"2017-12-13T11:53:58+00:00","dateModified":"2026-02-17T21:21:55+00:00","description":"Rauland H\u00f8gfjellshotell har velv\u00e6reavdeling med treningsrom, badstue og sv\u00f8mmebasseng \u00e5pent for b\u00e5de hotellets gjester og andre bes\u00f8kende.","breadcrumb":{"@id":"https:\/\/visitrauland.com\/rauland-hoegfjellshotell\/fasiliteter\/velvaere\/#breadcrumb"},"inLanguage":"nb-NO","potentialAction":[{"@type":"ReadAction","target":["https:\/\/visitrauland.com\/rauland-hoegfjellshotell\/fasiliteter\/velvaere\/"]}]},{"@type":"BreadcrumbList","@id":"https:\/\/visitrauland.com\/rauland-hoegfjellshotell\/fasiliteter\/velvaere\/#breadcrumb","itemListElement":[{"@type":"ListItem","position":1,"name":"Hjem","item":"https:\/\/visitrauland.com\/rauland-hoegfjellshotell\/"},{"@type":"ListItem","position":2,"name":"Fasiliteter","item":"https:\/\/visitrauland.com\/rauland-hoegfjellshotell\/fasiliteter\/"},{"@type":"ListItem","position":3,"name":"Velv\u00e6re"}]},{"@type":"WebSite","@id":"https:\/\/visitrauland.com\/rauland-hoegfjellshotell\/#website","url":"https:\/\/visitrauland.com\/rauland-hoegfjellshotell\/","name":"Rauland H\u00f8gfjellshotell","description":"Tradisjonsrikt Telemarkshotell - 1000 meter over havet","potentialAction":[{"@type":"SearchAction","target":{"@type":"EntryPoint","urlTemplate":"https:\/\/visitrauland.com\/rauland-hoegfjellshotell\/?s={search_term_string}"},"query-input":{"@type":"PropertyValueSpecification","valueRequired":true,"valueName":"search_term_string"}}],"inLanguage":"nb-NO"}]}},"publishpress_future_action":{"enabled":false,"date":"2026-04-23 10:36:07","action":"change-status","newStatus":"draft","terms":[],"taxonomy":"","extraData":[]},"publishpress_future_workflow_manual_trigger":{"enabledWorkflows":[]},"_links":{"self":[{"href":"https:\/\/visitrauland.com\/rauland-hoegfjellshotell\/wp-json\/wp\/v2\/pages\/677","targetHints":{"allow":["GET"]}}],"collection":[{"href":"https:\/\/visitrauland.com\/rauland-hoegfjellshotell\/wp-json\/wp\/v2\/pages"}],"about":[{"href":"https:\/\/visitrauland.com\/rauland-hoegfjellshotell\/wp-json\/wp\/v2\/types\/page"}],"author":[{"embeddable":true,"href":"https:\/\/visitrauland.com\/rauland-hoegfjellshotell\/wp-json\/wp\/v2\/users\/1"}],"replies":[{"embeddable":true,"href":"https:\/\/visitrauland.com\/rauland-hoegfjellshotell\/wp-json\/wp\/v2\/comments?post=677"}],"version-history":[{"count":29,"href":"https:\/\/visitrauland.com\/rauland-hoegfjellshotell\/wp-json\/wp\/v2\/pages\/677\/revisions"}],"predecessor-version":[{"id":3897,"href":"https:\/\/visitrauland.com\/rauland-hoegfjellshotell\/wp-json\/wp\/v2\/pages\/677\/revisions\/3897"}],"up":[{"embeddable":true,"href":"https:\/\/visitrauland.com\/rauland-hoegfjellshotell\/wp-json\/wp\/v2\/pages\/653"}],"wp:attachment":[{"href":"https:\/\/visitrauland.com\/rauland-hoegfjellshotell\/wp-json\/wp\/v2\/media?parent=677"}],"curies":[{"name":"wp","href":"https:\/\/api.w.org\/{rel}","templated":true}]}}