{"id":673,"date":"2017-12-13T12:52:03","date_gmt":"2017-12-13T11:52:03","guid":{"rendered":"https:\/\/visitrauland.com\/rauland-hoegfjellshotell\/?page_id=673"},"modified":"2025-10-21T14:16:43","modified_gmt":"2025-10-21T12:16:43","slug":"skistoga","status":"publish","type":"page","link":"https:\/\/visitrauland.com\/rauland-hoegfjellshotell\/fasiliteter\/skistoga\/","title":{"rendered":"Skistoga"},"content":{"rendered":"<div id=\"cs-content\" class=\"cs-content\"><div id=\"x-section-1\" class=\"x-section\" style=\"margin: 0px;padding: 0px; background-color: transparent;\"><div id class=\"x-container\" style=\"margin: 0px auto;padding: 0px;\"><div class=\"x-column x-sm x-1-1\" style=\"padding: 0px;\"><div id class=\"x-text\" style><p><strong>Her er du garantert en varm og personlig atmosf\u00e6re med en lokal f\u00f8lelse &#8211; s\u00e5 vel som alle rettigheter!<\/strong><\/p>\n<p style=\"font-weight: 400;\">Skistoga danner en fin ramme rundt hvilken som helst type arrangement, og her kan vi ogs\u00e5 arrangere egne arrangementer som konserter, DJ og annen underholdning.<\/p>\n<p>Skistoga kan ogs\u00e5 leies for private fester og arrangementer.<\/p>\n<\/div><\/div><\/div><\/div><div id=\"x-section-2\" class=\"x-section\" style=\"margin: 0px;padding: 0px; background-color: transparent;\"><div id class=\"x-container\" style=\"margin: 0px auto;padding: 0px;\"><div class=\"x-column x-sm x-1-2\" style=\"padding: 0px;\"><noscript><img decoding=\"async\" class=\"x-img x-img-none\" src=\"https:\/\/visitrauland.com\/rauland-hoegfjellshotell\/wp-content\/uploads\/sites\/31\/2017\/12\/Skistoga-2-600.jpg\"><\/noscript><img decoding=\"async\" class=\"x-img x-img-none lazyload\" src=\"data:image\/gif;base64,R0lGODlhAQABAIAAAAAAAP\/\/\/yH5BAEAAAAALAAAAAABAAEAAAIBRAA7\" data-src=\"https:\/\/visitrauland.com\/rauland-hoegfjellshotell\/wp-content\/uploads\/sites\/31\/2017\/12\/Skistoga-2-600.jpg\"><\/div><div class=\"x-column x-sm x-1-2\" style=\"padding: 0px;\"><noscript><img decoding=\"async\" class=\"x-img x-img-none\" src=\"https:\/\/visitrauland.com\/rauland-hoegfjellshotell\/wp-content\/uploads\/sites\/31\/2017\/12\/Skistoga-4-600.jpg\"><\/noscript><img decoding=\"async\" class=\"x-img x-img-none lazyload\" src=\"data:image\/gif;base64,R0lGODlhAQABAIAAAAAAAP\/\/\/yH5BAEAAAAALAAAAAABAAEAAAIBRAA7\" data-src=\"https:\/\/visitrauland.com\/rauland-hoegfjellshotell\/wp-content\/uploads\/sites\/31\/2017\/12\/Skistoga-4-600.jpg\"><\/div><\/div><div id class=\"x-container\" style=\"margin: 0px auto;padding: 0px;\"><div class=\"x-column x-sm x-1-1\" style=\"padding: 0px;\"><noscript><img decoding=\"async\" class=\"x-img x-img-none\" src=\"https:\/\/visitrauland.com\/rauland-hoegfjellshotell\/wp-content\/uploads\/sites\/31\/2017\/12\/skistoga-1920.jpg\"><\/noscript><img decoding=\"async\" class=\"x-img x-img-none lazyload\" src=\"data:image\/gif;base64,R0lGODlhAQABAIAAAAAAAP\/\/\/yH5BAEAAAAALAAAAAABAAEAAAIBRAA7\" data-src=\"https:\/\/visitrauland.com\/rauland-hoegfjellshotell\/wp-content\/uploads\/sites\/31\/2017\/12\/skistoga-1920.jpg\"><\/div><\/div><\/div><\/div>\n","protected":false},"excerpt":{"rendered":"","protected":false},"author":1,"featured_media":0,"parent":653,"menu_order":0,"comment_status":"closed","ping_status":"closed","template":"","meta":{"_relevanssi_hide_post":"","_relevanssi_hide_content":"","_relevanssi_pin_for_all":"","_relevanssi_pin_keywords":"","_relevanssi_unpin_keywords":"","_relevanssi_related_keywords":"","_relevanssi_related_include_ids":"","_relevanssi_related_exclude_ids":"","_relevanssi_related_no_append":"","_relevanssi_related_not_related":"","_relevanssi_related_posts":"3718,720,3606,701,714,3459","_relevanssi_noindex_reason":"","seo_booster_metabox":"","footnotes":""},"class_list":["post-673","page","type-page","status-publish","hentry","no-post-thumbnail"],"yoast_head":"<!-- This site is optimized with the Yoast SEO plugin v27.2 - https:\/\/yoast.com\/product\/yoast-seo-wordpress\/ -->\n<title>Skistoga p\u00e5 Rauland H\u00f8gfjellshotell<\/title>\n<meta name=\"description\" content=\"Skistoga er et samlingssted med peis. bar, dansegulv og en lun og trivelig atmosf\u00e6re, som passer perfekt for selskaper og arrangementer.\" \/>\n<meta name=\"robots\" content=\"index, follow, max-snippet:-1, max-image-preview:large, max-video-preview:-1\" \/>\n<link rel=\"canonical\" href=\"https:\/\/visitrauland.com\/rauland-hoegfjellshotell\/fasiliteter\/skistoga\/\" \/>\n<meta property=\"og:locale\" content=\"nb_NO\" \/>\n<meta property=\"og:type\" content=\"article\" \/>\n<meta property=\"og:title\" content=\"Skistoga p\u00e5 Rauland H\u00f8gfjellshotell\" \/>\n<meta property=\"og:description\" content=\"Skistoga er et samlingssted med peis. bar, dansegulv og en lun og trivelig atmosf\u00e6re, som passer perfekt for selskaper og arrangementer.\" \/>\n<meta property=\"og:url\" content=\"https:\/\/visitrauland.com\/rauland-hoegfjellshotell\/fasiliteter\/skistoga\/\" \/>\n<meta property=\"og:site_name\" content=\"Rauland H\u00f8gfjellshotell\" \/>\n<meta property=\"article:modified_time\" content=\"2025-10-21T12:16:43+00:00\" \/>\n<meta name=\"twitter:card\" content=\"summary_large_image\" \/>\n<meta name=\"twitter:label1\" content=\"Ansl. lesetid\" \/>\n\t<meta name=\"twitter:data1\" content=\"2 minutter\" \/>\n<script type=\"application\/ld+json\" class=\"yoast-schema-graph\">{\"@context\":\"https:\/\/schema.org\",\"@graph\":[{\"@type\":\"WebPage\",\"@id\":\"https:\/\/visitrauland.com\/rauland-hoegfjellshotell\/fasiliteter\/skistoga\/\",\"url\":\"https:\/\/visitrauland.com\/rauland-hoegfjellshotell\/fasiliteter\/skistoga\/\",\"name\":\"Skistoga p\u00e5 Rauland H\u00f8gfjellshotell\",\"isPartOf\":{\"@id\":\"https:\/\/visitrauland.com\/rauland-hoegfjellshotell\/#website\"},\"datePublished\":\"2017-12-13T11:52:03+00:00\",\"dateModified\":\"2025-10-21T12:16:43+00:00\",\"description\":\"Skistoga er et samlingssted med peis. bar, dansegulv og en lun og trivelig atmosf\u00e6re, som passer perfekt for selskaper og arrangementer.\",\"breadcrumb\":{\"@id\":\"https:\/\/visitrauland.com\/rauland-hoegfjellshotell\/fasiliteter\/skistoga\/#breadcrumb\"},\"inLanguage\":\"nb-NO\",\"potentialAction\":[{\"@type\":\"ReadAction\",\"target\":[\"https:\/\/visitrauland.com\/rauland-hoegfjellshotell\/fasiliteter\/skistoga\/\"]}]},{\"@type\":\"BreadcrumbList\",\"@id\":\"https:\/\/visitrauland.com\/rauland-hoegfjellshotell\/fasiliteter\/skistoga\/#breadcrumb\",\"itemListElement\":[{\"@type\":\"ListItem\",\"position\":1,\"name\":\"Hjem\",\"item\":\"https:\/\/visitrauland.com\/rauland-hoegfjellshotell\/\"},{\"@type\":\"ListItem\",\"position\":2,\"name\":\"Fasiliteter\",\"item\":\"https:\/\/visitrauland.com\/rauland-hoegfjellshotell\/fasiliteter\/\"},{\"@type\":\"ListItem\",\"position\":3,\"name\":\"Skistoga\"}]},{\"@type\":\"WebSite\",\"@id\":\"https:\/\/visitrauland.com\/rauland-hoegfjellshotell\/#website\",\"url\":\"https:\/\/visitrauland.com\/rauland-hoegfjellshotell\/\",\"name\":\"Rauland H\u00f8gfjellshotell\",\"description\":\"Tradisjonsrikt Telemarkshotell - 1000 meter over havet\",\"potentialAction\":[{\"@type\":\"SearchAction\",\"target\":{\"@type\":\"EntryPoint\",\"urlTemplate\":\"https:\/\/visitrauland.com\/rauland-hoegfjellshotell\/?s={search_term_string}\"},\"query-input\":{\"@type\":\"PropertyValueSpecification\",\"valueRequired\":true,\"valueName\":\"search_term_string\"}}],\"inLanguage\":\"nb-NO\"}]}<\/script>\n<!-- \/ Yoast SEO plugin. -->","yoast_head_json":{"title":"Skistoga p\u00e5 Rauland H\u00f8gfjellshotell","description":"Skistoga er et samlingssted med peis. bar, dansegulv og en lun og trivelig atmosf\u00e6re, som passer perfekt for selskaper og arrangementer.","robots":{"index":"index","follow":"follow","max-snippet":"max-snippet:-1","max-image-preview":"max-image-preview:large","max-video-preview":"max-video-preview:-1"},"canonical":"https:\/\/visitrauland.com\/rauland-hoegfjellshotell\/fasiliteter\/skistoga\/","og_locale":"nb_NO","og_type":"article","og_title":"Skistoga p\u00e5 Rauland H\u00f8gfjellshotell","og_description":"Skistoga er et samlingssted med peis. bar, dansegulv og en lun og trivelig atmosf\u00e6re, som passer perfekt for selskaper og arrangementer.","og_url":"https:\/\/visitrauland.com\/rauland-hoegfjellshotell\/fasiliteter\/skistoga\/","og_site_name":"Rauland H\u00f8gfjellshotell","article_modified_time":"2025-10-21T12:16:43+00:00","twitter_card":"summary_large_image","twitter_misc":{"Ansl. lesetid":"2 minutter"},"schema":{"@context":"https:\/\/schema.org","@graph":[{"@type":"WebPage","@id":"https:\/\/visitrauland.com\/rauland-hoegfjellshotell\/fasiliteter\/skistoga\/","url":"https:\/\/visitrauland.com\/rauland-hoegfjellshotell\/fasiliteter\/skistoga\/","name":"Skistoga p\u00e5 Rauland H\u00f8gfjellshotell","isPartOf":{"@id":"https:\/\/visitrauland.com\/rauland-hoegfjellshotell\/#website"},"datePublished":"2017-12-13T11:52:03+00:00","dateModified":"2025-10-21T12:16:43+00:00","description":"Skistoga er et samlingssted med peis. bar, dansegulv og en lun og trivelig atmosf\u00e6re, som passer perfekt for selskaper og arrangementer.","breadcrumb":{"@id":"https:\/\/visitrauland.com\/rauland-hoegfjellshotell\/fasiliteter\/skistoga\/#breadcrumb"},"inLanguage":"nb-NO","potentialAction":[{"@type":"ReadAction","target":["https:\/\/visitrauland.com\/rauland-hoegfjellshotell\/fasiliteter\/skistoga\/"]}]},{"@type":"BreadcrumbList","@id":"https:\/\/visitrauland.com\/rauland-hoegfjellshotell\/fasiliteter\/skistoga\/#breadcrumb","itemListElement":[{"@type":"ListItem","position":1,"name":"Hjem","item":"https:\/\/visitrauland.com\/rauland-hoegfjellshotell\/"},{"@type":"ListItem","position":2,"name":"Fasiliteter","item":"https:\/\/visitrauland.com\/rauland-hoegfjellshotell\/fasiliteter\/"},{"@type":"ListItem","position":3,"name":"Skistoga"}]},{"@type":"WebSite","@id":"https:\/\/visitrauland.com\/rauland-hoegfjellshotell\/#website","url":"https:\/\/visitrauland.com\/rauland-hoegfjellshotell\/","name":"Rauland H\u00f8gfjellshotell","description":"Tradisjonsrikt Telemarkshotell - 1000 meter over havet","potentialAction":[{"@type":"SearchAction","target":{"@type":"EntryPoint","urlTemplate":"https:\/\/visitrauland.com\/rauland-hoegfjellshotell\/?s={search_term_string}"},"query-input":{"@type":"PropertyValueSpecification","valueRequired":true,"valueName":"search_term_string"}}],"inLanguage":"nb-NO"}]}},"publishpress_future_action":{"enabled":false,"date":"2026-04-15 12:07:27","action":"change-status","newStatus":"draft","terms":[],"taxonomy":"","extraData":[]},"publishpress_future_workflow_manual_trigger":{"enabledWorkflows":[]},"_links":{"self":[{"href":"https:\/\/visitrauland.com\/rauland-hoegfjellshotell\/wp-json\/wp\/v2\/pages\/673","targetHints":{"allow":["GET"]}}],"collection":[{"href":"https:\/\/visitrauland.com\/rauland-hoegfjellshotell\/wp-json\/wp\/v2\/pages"}],"about":[{"href":"https:\/\/visitrauland.com\/rauland-hoegfjellshotell\/wp-json\/wp\/v2\/types\/page"}],"author":[{"embeddable":true,"href":"https:\/\/visitrauland.com\/rauland-hoegfjellshotell\/wp-json\/wp\/v2\/users\/1"}],"replies":[{"embeddable":true,"href":"https:\/\/visitrauland.com\/rauland-hoegfjellshotell\/wp-json\/wp\/v2\/comments?post=673"}],"version-history":[{"count":5,"href":"https:\/\/visitrauland.com\/rauland-hoegfjellshotell\/wp-json\/wp\/v2\/pages\/673\/revisions"}],"predecessor-version":[{"id":3676,"href":"https:\/\/visitrauland.com\/rauland-hoegfjellshotell\/wp-json\/wp\/v2\/pages\/673\/revisions\/3676"}],"up":[{"embeddable":true,"href":"https:\/\/visitrauland.com\/rauland-hoegfjellshotell\/wp-json\/wp\/v2\/pages\/653"}],"wp:attachment":[{"href":"https:\/\/visitrauland.com\/rauland-hoegfjellshotell\/wp-json\/wp\/v2\/media?parent=673"}],"curies":[{"name":"wp","href":"https:\/\/api.w.org\/{rel}","templated":true}]}}