{"id":653,"date":"2017-12-12T18:44:57","date_gmt":"2017-12-12T17:44:57","guid":{"rendered":"https:\/\/visitrauland.com\/rauland-hoegfjellshotell\/?page_id=653"},"modified":"2026-02-06T13:13:55","modified_gmt":"2026-02-06T12:13:55","slug":"fasiliteter","status":"publish","type":"page","link":"https:\/\/visitrauland.com\/rauland-hoegfjellshotell\/fasiliteter\/","title":{"rendered":"Fasiliteter"},"content":{"rendered":"<div id=\"cs-content\" class=\"cs-content\"><div id=\"aktiviteter\" class=\"x-section\" style=\"margin: 0px;padding: 0 0px 45px; background-color: transparent;\"><div id class=\"x-container max width\" style=\"margin: 0px auto;padding: 0px;\"><div class=\"x-column x-sm x-1-1\" style=\"padding: 0px;\"><h2 class=\"h-custom-headline h3\"><span>Fasiliteter<\/span><\/h2><hr class=\"x-gap\" style=\"margin: 50px 0 0 0;\"><\/div><\/div><div id class=\"x-container max width\" style=\"margin: 0px auto;padding: 0px;\"><div class=\"x-column x-sm x-1-3\" style=\"padding: 0px;\"><div class=\"x-promo\"><div class=\"x-promo-image-wrap\"><noscript><img decoding=\"async\" src=\"https:\/\/visitrauland.com\/rauland-hoegfjellshotell\/wp-content\/uploads\/sites\/31\/2017\/12\/RHH-Basseng-1920-1.jpg\" alt=\"Innend\u00f8rs sv\u00f8mmebasseng med flislagt vegg og moderne kunst, omgitt av naturlig lys fra store vinduer.\"><\/noscript><img decoding=\"async\" src=\"data:image\/gif;base64,R0lGODlhAQABAIAAAAAAAP\/\/\/yH5BAEAAAAALAAAAAABAAEAAAIBRAA7\" alt=\"Innend\u00f8rs sv\u00f8mmebasseng med flislagt vegg og moderne kunst, omgitt av naturlig lys fra store vinduer.\" data-src=\"https:\/\/visitrauland.com\/rauland-hoegfjellshotell\/wp-content\/uploads\/sites\/31\/2017\/12\/RHH-Basseng-1920-1.jpg\" class=\" lazyload\"><\/div><div class=\"x-promo-content\"><p><strong><a href=\"\/rauland-hoegfjellshotell\/fasiliteter\/velvaere\/\">VELV\u00c6RE<\/a><\/strong><\/p>\n<p>Vi har bassengomr\u00e5de med sauna,trimrom og dampbad.<\/p>\n<p><a class=\"x-btn\" href=\"\/rauland-hoegfjellshotell\/fasiliteter\/velvaere\/\" data-options=\"thumbnail: ''\">Les mer<\/a><\/p><\/div><\/div><\/div><div class=\"x-column x-sm x-1-3\" style=\"padding: 0px;\"><div class=\"x-promo\"><div class=\"x-promo-image-wrap\"><noscript><img decoding=\"async\" src=\"https:\/\/visitrauland.com\/rauland-hoegfjellshotell\/wp-content\/uploads\/sites\/31\/2017\/12\/skistoga-1920.jpg\" alt=\"skistoga-1920\"><\/noscript><img decoding=\"async\" src=\"data:image\/gif;base64,R0lGODlhAQABAIAAAAAAAP\/\/\/yH5BAEAAAAALAAAAAABAAEAAAIBRAA7\" alt=\"skistoga-1920\" data-src=\"https:\/\/visitrauland.com\/rauland-hoegfjellshotell\/wp-content\/uploads\/sites\/31\/2017\/12\/skistoga-1920.jpg\" class=\" lazyload\"><\/div><div class=\"x-promo-content\"><p><strong><a href=\"\/rauland-hoegfjellshotell\/fasiliteter\/skistoga\/\">SKISTOGA<\/a><\/strong><\/p>\n<p>Skistoga tilbyr en varm og hyggelig atmosf\u00e6re samt bar med alle rettigheter.<\/p>\n<p><a class=\"x-btn\" href=\"\/rauland-hoegfjellshotell\/fasiliteter\/skistoga\/\" data-options=\"thumbnail: ''\">Les mer<\/a><\/p><\/div><\/div><\/div><div class=\"x-column x-sm x-1-3\" style=\"padding: 0px;\"><div class=\"x-promo\"><div class=\"x-promo-image-wrap\"><noscript><img decoding=\"async\" src=\"https:\/\/visitrauland.com\/rauland-hoegfjellshotell\/wp-content\/uploads\/sites\/31\/2018\/03\/Raulandhoyfjellshotell-12-Vinstoga-1920.jpg\" alt=\"Rustikk vinkjeller med langbord, steinvegger og levende lys, perfekt for private middager og arrangementer.\"><\/noscript><img decoding=\"async\" src=\"data:image\/gif;base64,R0lGODlhAQABAIAAAAAAAP\/\/\/yH5BAEAAAAALAAAAAABAAEAAAIBRAA7\" alt=\"Rustikk vinkjeller med langbord, steinvegger og levende lys, perfekt for private middager og arrangementer.\" data-src=\"https:\/\/visitrauland.com\/rauland-hoegfjellshotell\/wp-content\/uploads\/sites\/31\/2018\/03\/Raulandhoyfjellshotell-12-Vinstoga-1920.jpg\" class=\" lazyload\"><\/div><div class=\"x-promo-content\"><p><strong><a href=\"\/rauland-hoegfjellshotell\/fasiliteter\/vinstoga\/\">VINSTOGA<\/a><\/strong><\/p>\n<p>Vinstoga er en av v\u00e5re fineste lokaler for selskaper og begivenheter.<\/p>\n<p><a class=\"x-btn\" href=\"\/rauland-hoegfjellshotell\/fasiliteter\/vinstoga\/\" data-options=\"thumbnail: ''\">Les mer<\/a><\/p><\/div><\/div><\/div><\/div><div id class=\"x-container max width\" style=\"margin: 0px auto;padding: 0px;\"><div class=\"x-column x-sm x-1-3\" style=\"padding: 0px;\"><div class=\"x-promo\"><div class=\"x-promo-image-wrap\"><noscript><img decoding=\"async\" src=\"https:\/\/visitrauland.com\/rauland-hoegfjellshotell\/wp-content\/uploads\/sites\/31\/2017\/12\/RHH-Aktiviteter-1920.jpg\" alt=\"Biljardbord og klatrevegg i rom med trepanel. Perfekt for lek og underholdning.\"><\/noscript><img decoding=\"async\" src=\"data:image\/gif;base64,R0lGODlhAQABAIAAAAAAAP\/\/\/yH5BAEAAAAALAAAAAABAAEAAAIBRAA7\" alt=\"Biljardbord og klatrevegg i rom med trepanel. Perfekt for lek og underholdning.\" data-src=\"https:\/\/visitrauland.com\/rauland-hoegfjellshotell\/wp-content\/uploads\/sites\/31\/2017\/12\/RHH-Aktiviteter-1920.jpg\" class=\" lazyload\"><\/div><div class=\"x-promo-content\"><p><strong><a href=\"\/rauland-hoegfjellshotell\/fasiliteter\/aktivitetsrom\/\">FOR BARNA<\/a><\/strong><\/p>\n<p>Vi har to aktivitetsrom - et for de minste og ett for de st\u00f8rre barna.<\/p>\n<p><a class=\"x-btn\" href=\"\/rauland-hoegfjellshotell\/fasiliteter\/aktivitetsrom\/\" data-options=\"thumbnail: ''\">Les mer<\/a><\/p><\/div><\/div><\/div><div class=\"x-column x-sm x-1-3\" style=\"padding: 0px;\">&nbsp;<\/div><div class=\"x-column x-sm x-1-3\" style=\"padding: 0px;\">&nbsp;<\/div><\/div><\/div><div class=\"x-section e653-e18 mi5-0\"><div class=\"x-bg\"><div class=\"x-bg-layer-lower-img\" data-x-element-bg-layer=\"{&quot;parallaxSize&quot;:&quot;150%&quot;,&quot;parallaxDir&quot;:&quot;v&quot;,&quot;parallaxRev&quot;:false}\"><noscript><img decoding=\"async\" src=\"https:\/\/visitrauland.com\/rauland-hoegfjellshotell\/wp-content\/uploads\/sites\/31\/2021\/06\/B50A0553-1920.jpg\" alt=\"Utsikt over skog og fjell med torvtak i forgrunnen, under delvis skyet himmel, perfekt for turer i norsk natur.\"><\/noscript><img decoding=\"async\" src=\"data:image\/gif;base64,R0lGODlhAQABAIAAAAAAAP\/\/\/yH5BAEAAAAALAAAAAABAAEAAAIBRAA7\" alt=\"Utsikt over skog og fjell med torvtak i forgrunnen, under delvis skyet himmel, perfekt for turer i norsk natur.\" data-src=\"https:\/\/visitrauland.com\/rauland-hoegfjellshotell\/wp-content\/uploads\/sites\/31\/2021\/06\/B50A0553-1920.jpg\" class=\" lazyload\"><\/div><\/div><div class=\"x-row x-container max width e653-e19 mi5-1 mi5-2\"><div class=\"x-row-inner\"><div class=\"x-col e653-e20 mi5-3\"><\/div><\/div><\/div><\/div><div id=\"x-section-2\" class=\"x-section\" style=\"margin: 0px;padding: 45px 0px; background-color: transparent;\"><div id class=\"x-container max width\" style=\"margin: 0px auto;padding: 0px;\"><div class=\"x-column x-sm x-1-1\" style=\"padding: 0px;\"><h2 class=\"h-custom-headline h3\"><span>Skisteder i Rauland<\/span><\/h2><hr class=\"x-gap\" style=\"margin: 50px 0 0 0;\"><\/div><\/div><div id class=\"x-container max width\" style=\"margin: 0px auto;padding: 0px;\"><div class=\"x-column x-sm x-1-3\" style=\"padding: 0px;\"><div class=\"x-promo\"><div class=\"x-promo-image-wrap\"><noscript><img decoding=\"async\" src=\"https:\/\/visitrauland.com\/wp-content\/uploads\/2017\/10\/Rauland-Skisenter-600.jpg\"><\/noscript><img decoding=\"async\" src=\"data:image\/gif;base64,R0lGODlhAQABAIAAAAAAAP\/\/\/yH5BAEAAAAALAAAAAABAAEAAAIBRAA7\" data-src=\"https:\/\/visitrauland.com\/wp-content\/uploads\/2017\/10\/Rauland-Skisenter-600.jpg\" class=\" lazyload\"><\/div><div class=\"x-promo-content\"><p><strong><a href=\"\/rauland-skisenter\/en\/\">RAULAND SKISENTER<\/a><\/strong><br>\nRauland Skisenter er det st\u00f8rste skisenteret i Rauland, og har l\u00f8yper som passer for hele familien.<\/p>\n<p><a class=\"x-btn\" href=\"\/rauland-skisenter\/\" data-options=\"thumbnail: ''\">Les mer<\/a><\/p><\/div><\/div><\/div><div class=\"x-column x-sm x-1-3\" style=\"padding: 0px;\"><div class=\"x-promo\"><div class=\"x-promo-image-wrap\"><noscript><img decoding=\"async\" src=\"https:\/\/visitrauland.com\/wp-content\/uploads\/2017\/10\/Rauland-Vierli-600.jpg\"><\/noscript><img decoding=\"async\" src=\"data:image\/gif;base64,R0lGODlhAQABAIAAAAAAAP\/\/\/yH5BAEAAAAALAAAAAABAAEAAAIBRAA7\" data-src=\"https:\/\/visitrauland.com\/wp-content\/uploads\/2017\/10\/Rauland-Vierli-600.jpg\" class=\" lazyload\"><\/div><div class=\"x-promo-content\"><p><strong><a href=\"\/rauland-skisenter\/vierli\/\">VIERLI<\/a><\/strong><br>\nVierli gir deg utfordringer uavhengig av ferdighetsniv\u00e5. Med barnevennlige \u00e5ser, Vierli Vinterland, akebakke og Norges beste terrengpark!<\/p>\n<p><a class=\"x-btn\" href=\"\/rauland-skisenter\/vierli\/\" data-options=\"thumbnail: ''\">Les mer<\/a><\/p><\/div><\/div><\/div><div class=\"x-column x-sm x-1-3\" style=\"padding: 0px;\">&nbsp;<\/div><\/div><\/div><\/div>\n","protected":false},"excerpt":{"rendered":"<p>FasiliteterVELV\u00c6RE Vi har bassengomr\u00e5de med sauna,trimrom og dampbad. Les merSKISTOGA Skistoga tilbyr en varm og hyggelig atmosf\u00e6re samt bar med alle rettigheter. Les merVINSTOGA Vinstoga er en av v\u00e5re fineste lokaler for selskaper og begivenheter. Les merFOR BARNA Vi har to aktivitetsrom &#8211; et for de minste og ett for de st\u00f8rre barna. Les mer&nbsp;&nbsp;Skisteder i RaulandRAULAND SKISENTER Rauland Skisenter &#8230; <\/p>\n<div><a href=\"https:\/\/visitrauland.com\/rauland-hoegfjellshotell\/fasiliteter\/\" class=\"more-link\">Les Mer<\/a><\/div>\n","protected":false},"author":1,"featured_media":0,"parent":0,"menu_order":0,"comment_status":"closed","ping_status":"closed","template":"template-blank-4.php","meta":{"_relevanssi_hide_post":"","_relevanssi_hide_content":"","_relevanssi_pin_for_all":"","_relevanssi_pin_keywords":"","_relevanssi_unpin_keywords":"","_relevanssi_related_keywords":"","_relevanssi_related_include_ids":"","_relevanssi_related_exclude_ids":"","_relevanssi_related_no_append":"","_relevanssi_related_not_related":"","_relevanssi_related_posts":"3721,698,3155,3459,727,3662","_relevanssi_noindex_reason":"","seo_booster_metabox":"","footnotes":""},"class_list":["post-653","page","type-page","status-publish","hentry","no-post-thumbnail"],"yoast_head":"<!-- This site is optimized with the Yoast SEO plugin v27.2 - https:\/\/yoast.com\/product\/yoast-seo-wordpress\/ -->\n<title>Velv\u00e6re og fasiliteter p\u00e5 Rauland H\u00f8gfjellshotell<\/title>\n<meta name=\"description\" content=\"Rauland H\u00f8gfjellshotell byr p\u00e5 velv\u00e6re, bassengomr\u00e5de, trimrom og andre fasiliteter.\" \/>\n<meta name=\"robots\" content=\"index, follow, max-snippet:-1, max-image-preview:large, max-video-preview:-1\" \/>\n<link rel=\"canonical\" href=\"https:\/\/visitrauland.com\/rauland-hoegfjellshotell\/fasiliteter\/\" \/>\n<meta property=\"og:locale\" content=\"nb_NO\" \/>\n<meta property=\"og:type\" content=\"article\" \/>\n<meta property=\"og:title\" content=\"Velv\u00e6re og fasiliteter p\u00e5 Rauland H\u00f8gfjellshotell\" \/>\n<meta property=\"og:description\" content=\"Rauland H\u00f8gfjellshotell byr p\u00e5 velv\u00e6re, bassengomr\u00e5de, trimrom og andre fasiliteter.\" \/>\n<meta property=\"og:url\" content=\"https:\/\/visitrauland.com\/rauland-hoegfjellshotell\/fasiliteter\/\" \/>\n<meta property=\"og:site_name\" content=\"Rauland H\u00f8gfjellshotell\" \/>\n<meta property=\"article:modified_time\" content=\"2026-02-06T12:13:55+00:00\" \/>\n<meta name=\"twitter:card\" content=\"summary_large_image\" \/>\n<meta name=\"twitter:label1\" content=\"Ansl. lesetid\" \/>\n\t<meta name=\"twitter:data1\" content=\"4 minutter\" \/>\n<script type=\"application\/ld+json\" class=\"yoast-schema-graph\">{\"@context\":\"https:\/\/schema.org\",\"@graph\":[{\"@type\":\"WebPage\",\"@id\":\"https:\/\/visitrauland.com\/rauland-hoegfjellshotell\/fasiliteter\/\",\"url\":\"https:\/\/visitrauland.com\/rauland-hoegfjellshotell\/fasiliteter\/\",\"name\":\"Velv\u00e6re og fasiliteter p\u00e5 Rauland H\u00f8gfjellshotell\",\"isPartOf\":{\"@id\":\"https:\/\/visitrauland.com\/rauland-hoegfjellshotell\/#website\"},\"datePublished\":\"2017-12-12T17:44:57+00:00\",\"dateModified\":\"2026-02-06T12:13:55+00:00\",\"description\":\"Rauland H\u00f8gfjellshotell byr p\u00e5 velv\u00e6re, bassengomr\u00e5de, trimrom og andre fasiliteter.\",\"breadcrumb\":{\"@id\":\"https:\/\/visitrauland.com\/rauland-hoegfjellshotell\/fasiliteter\/#breadcrumb\"},\"inLanguage\":\"nb-NO\",\"potentialAction\":[{\"@type\":\"ReadAction\",\"target\":[\"https:\/\/visitrauland.com\/rauland-hoegfjellshotell\/fasiliteter\/\"]}]},{\"@type\":\"BreadcrumbList\",\"@id\":\"https:\/\/visitrauland.com\/rauland-hoegfjellshotell\/fasiliteter\/#breadcrumb\",\"itemListElement\":[{\"@type\":\"ListItem\",\"position\":1,\"name\":\"Hjem\",\"item\":\"https:\/\/visitrauland.com\/rauland-hoegfjellshotell\/\"},{\"@type\":\"ListItem\",\"position\":2,\"name\":\"Fasiliteter\"}]},{\"@type\":\"WebSite\",\"@id\":\"https:\/\/visitrauland.com\/rauland-hoegfjellshotell\/#website\",\"url\":\"https:\/\/visitrauland.com\/rauland-hoegfjellshotell\/\",\"name\":\"Rauland H\u00f8gfjellshotell\",\"description\":\"Tradisjonsrikt Telemarkshotell - 1000 meter over havet\",\"potentialAction\":[{\"@type\":\"SearchAction\",\"target\":{\"@type\":\"EntryPoint\",\"urlTemplate\":\"https:\/\/visitrauland.com\/rauland-hoegfjellshotell\/?s={search_term_string}\"},\"query-input\":{\"@type\":\"PropertyValueSpecification\",\"valueRequired\":true,\"valueName\":\"search_term_string\"}}],\"inLanguage\":\"nb-NO\"}]}<\/script>\n<!-- \/ Yoast SEO plugin. -->","yoast_head_json":{"title":"Velv\u00e6re og fasiliteter p\u00e5 Rauland H\u00f8gfjellshotell","description":"Rauland H\u00f8gfjellshotell byr p\u00e5 velv\u00e6re, bassengomr\u00e5de, trimrom og andre fasiliteter.","robots":{"index":"index","follow":"follow","max-snippet":"max-snippet:-1","max-image-preview":"max-image-preview:large","max-video-preview":"max-video-preview:-1"},"canonical":"https:\/\/visitrauland.com\/rauland-hoegfjellshotell\/fasiliteter\/","og_locale":"nb_NO","og_type":"article","og_title":"Velv\u00e6re og fasiliteter p\u00e5 Rauland H\u00f8gfjellshotell","og_description":"Rauland H\u00f8gfjellshotell byr p\u00e5 velv\u00e6re, bassengomr\u00e5de, trimrom og andre fasiliteter.","og_url":"https:\/\/visitrauland.com\/rauland-hoegfjellshotell\/fasiliteter\/","og_site_name":"Rauland H\u00f8gfjellshotell","article_modified_time":"2026-02-06T12:13:55+00:00","twitter_card":"summary_large_image","twitter_misc":{"Ansl. lesetid":"4 minutter"},"schema":{"@context":"https:\/\/schema.org","@graph":[{"@type":"WebPage","@id":"https:\/\/visitrauland.com\/rauland-hoegfjellshotell\/fasiliteter\/","url":"https:\/\/visitrauland.com\/rauland-hoegfjellshotell\/fasiliteter\/","name":"Velv\u00e6re og fasiliteter p\u00e5 Rauland H\u00f8gfjellshotell","isPartOf":{"@id":"https:\/\/visitrauland.com\/rauland-hoegfjellshotell\/#website"},"datePublished":"2017-12-12T17:44:57+00:00","dateModified":"2026-02-06T12:13:55+00:00","description":"Rauland H\u00f8gfjellshotell byr p\u00e5 velv\u00e6re, bassengomr\u00e5de, trimrom og andre fasiliteter.","breadcrumb":{"@id":"https:\/\/visitrauland.com\/rauland-hoegfjellshotell\/fasiliteter\/#breadcrumb"},"inLanguage":"nb-NO","potentialAction":[{"@type":"ReadAction","target":["https:\/\/visitrauland.com\/rauland-hoegfjellshotell\/fasiliteter\/"]}]},{"@type":"BreadcrumbList","@id":"https:\/\/visitrauland.com\/rauland-hoegfjellshotell\/fasiliteter\/#breadcrumb","itemListElement":[{"@type":"ListItem","position":1,"name":"Hjem","item":"https:\/\/visitrauland.com\/rauland-hoegfjellshotell\/"},{"@type":"ListItem","position":2,"name":"Fasiliteter"}]},{"@type":"WebSite","@id":"https:\/\/visitrauland.com\/rauland-hoegfjellshotell\/#website","url":"https:\/\/visitrauland.com\/rauland-hoegfjellshotell\/","name":"Rauland H\u00f8gfjellshotell","description":"Tradisjonsrikt Telemarkshotell - 1000 meter over havet","potentialAction":[{"@type":"SearchAction","target":{"@type":"EntryPoint","urlTemplate":"https:\/\/visitrauland.com\/rauland-hoegfjellshotell\/?s={search_term_string}"},"query-input":{"@type":"PropertyValueSpecification","valueRequired":true,"valueName":"search_term_string"}}],"inLanguage":"nb-NO"}]}},"publishpress_future_action":{"enabled":false,"date":"2026-04-21 23:14:50","action":"change-status","newStatus":"draft","terms":[],"taxonomy":"","extraData":[]},"publishpress_future_workflow_manual_trigger":{"enabledWorkflows":[]},"_links":{"self":[{"href":"https:\/\/visitrauland.com\/rauland-hoegfjellshotell\/wp-json\/wp\/v2\/pages\/653","targetHints":{"allow":["GET"]}}],"collection":[{"href":"https:\/\/visitrauland.com\/rauland-hoegfjellshotell\/wp-json\/wp\/v2\/pages"}],"about":[{"href":"https:\/\/visitrauland.com\/rauland-hoegfjellshotell\/wp-json\/wp\/v2\/types\/page"}],"author":[{"embeddable":true,"href":"https:\/\/visitrauland.com\/rauland-hoegfjellshotell\/wp-json\/wp\/v2\/users\/1"}],"replies":[{"embeddable":true,"href":"https:\/\/visitrauland.com\/rauland-hoegfjellshotell\/wp-json\/wp\/v2\/comments?post=653"}],"version-history":[{"count":19,"href":"https:\/\/visitrauland.com\/rauland-hoegfjellshotell\/wp-json\/wp\/v2\/pages\/653\/revisions"}],"predecessor-version":[{"id":3883,"href":"https:\/\/visitrauland.com\/rauland-hoegfjellshotell\/wp-json\/wp\/v2\/pages\/653\/revisions\/3883"}],"wp:attachment":[{"href":"https:\/\/visitrauland.com\/rauland-hoegfjellshotell\/wp-json\/wp\/v2\/media?parent=653"}],"curies":[{"name":"wp","href":"https:\/\/api.w.org\/{rel}","templated":true}]}}