{"id":647,"date":"2017-12-12T18:41:37","date_gmt":"2017-12-12T17:41:37","guid":{"rendered":"https:\/\/visitrauland.com\/rauland-hoegfjellshotell\/?page_id=647"},"modified":"2025-10-21T14:20:33","modified_gmt":"2025-10-21T12:20:33","slug":"konferanse","status":"publish","type":"page","link":"https:\/\/visitrauland.com\/rauland-hoegfjellshotell\/konferanse\/","title":{"rendered":"Kurs og konferanse"},"content":{"rendered":"<div id=\"cs-content\" class=\"cs-content\"><div id=\"x-section-1\" class=\"x-section\" style=\"margin: 0px;padding: 0px; background-color: transparent;\"><div id class=\"x-container\" style=\"margin: 0px auto;padding: 0px;\"><div class=\"x-column x-sm x-1-1\" style=\"padding: 0px;\"><div id class=\"x-text\" style><p><strong>V\u00e5r kurs- og konferanseavdeling med plass til 180 personer utgj\u00f8r en stadig st\u00f8rre del av hotellets totale trafikk. V\u00e5rt st\u00f8rste m\u00f8terom, Kjelingnuten, har plass til 180 personer og har en flott panoramautsikt over Hardangervidda.<\/strong><\/p>\n<p>Vi lytter til dine behov og legger forholdene til rette. Vi vet hvor viktig det er at detaljene stemmer! Vi har utarbeidet fire forskjellige grunnkonsepter for en konferanse hos oss. Ta kontakt for mer informasjon!<\/p>\n<\/div><\/div><\/div><div id class=\"x-container\" style=\"margin: 0px auto;padding: 0px;\"><div class=\"x-column x-sm x-1-1\" style=\"padding: 0px;\"><noscript><img decoding=\"async\" class=\"x-img x-img-none\" src=\"https:\/\/visitrauland.com\/rauland-hoegfjellshotell\/wp-content\/uploads\/sites\/31\/2017\/12\/ODD-julebord-2-1920.jpg\"><\/noscript><img decoding=\"async\" class=\"x-img x-img-none lazyload\" src=\"data:image\/gif;base64,R0lGODlhAQABAIAAAAAAAP\/\/\/yH5BAEAAAAALAAAAAABAAEAAAIBRAA7\" data-src=\"https:\/\/visitrauland.com\/rauland-hoegfjellshotell\/wp-content\/uploads\/sites\/31\/2017\/12\/ODD-julebord-2-1920.jpg\"><\/div><\/div><\/div><div id=\"x-section-2\" class=\"x-section\" style=\"margin: 0px;padding: 0px 0px 10px; background-color: transparent;\"><div id class=\"x-container\" style=\"margin: 0px auto;padding: 0px;\"><div class=\"x-column x-sm x-1-1\" style=\"padding: 0px;\"><div id class=\"x-text\" style><p>Et kursopphold p\u00e5 Rauland H\u00f8gfjellshotell er en god investering. Alle kursdeltakerne er samlet under hele oppholdet. Dermed sikres b\u00e5de det faglige og det sosiale utbyttet. Dere f\u00e5r tilgang til v\u00e5re m\u00f8telokaler som inneholder:<\/p>\n<\/div><\/div><\/div><div id class=\"x-container\" style=\"margin: 0px auto;padding: 0px;\"><div class=\"x-column x-sm x-1-2\" style=\"padding: 0px;\"><div id class=\"x-text\" style><ul>\n<li>H\u00f8yttaleranlegg<\/li>\n<li>Flipover<\/li>\n<li>Mikrofon (bord\/gulv\/hals &amp; tr\u00e5dl\u00f8s)<\/li>\n<li>Filmlerret<\/li>\n<li>Projektor<\/li>\n<\/ul>\n<\/div><\/div><div class=\"x-column x-sm x-1-2\" style=\"padding: 0px;\"><div id class=\"x-text\" style><ul>\n<li>Tr\u00e5dl\u00f8st nett<\/li>\n<li>Talerstol<\/li>\n<li>Podium<\/li>\n<li>Whiteboard<\/li>\n<li>DVD-spiller<\/li>\n<\/ul>\n<\/div><\/div><\/div><\/div><div id=\"x-section-3\" class=\"x-section\" style=\"margin: 0px;padding: 0px; background-color: transparent;\"><div id class=\"x-container\" style=\"margin: 0px auto;padding: 0px;\"><div class=\"x-column x-sm x-1-2\" style=\"padding: 0px;\"><noscript><img decoding=\"async\" class=\"x-img x-img-none\" src=\"https:\/\/visitrauland.com\/rauland-hoegfjellshotell\/wp-content\/uploads\/sites\/31\/2018\/03\/Raulandhoyfjellshotell-14-Vinstoga-1920.jpg\"><\/noscript><img decoding=\"async\" class=\"x-img x-img-none lazyload\" src=\"data:image\/gif;base64,R0lGODlhAQABAIAAAAAAAP\/\/\/yH5BAEAAAAALAAAAAABAAEAAAIBRAA7\" data-src=\"https:\/\/visitrauland.com\/rauland-hoegfjellshotell\/wp-content\/uploads\/sites\/31\/2018\/03\/Raulandhoyfjellshotell-14-Vinstoga-1920.jpg\"><\/div><div class=\"x-column x-sm x-1-2\" style=\"padding: 0px;\"><noscript><img decoding=\"async\" class=\"x-img x-img-none\" src=\"https:\/\/visitrauland.com\/rauland-hoegfjellshotell\/wp-content\/uploads\/sites\/31\/2019\/02\/RHH-buffet-2-1920.jpg\"><\/noscript><img decoding=\"async\" class=\"x-img x-img-none lazyload\" src=\"data:image\/gif;base64,R0lGODlhAQABAIAAAAAAAP\/\/\/yH5BAEAAAAALAAAAAABAAEAAAIBRAA7\" data-src=\"https:\/\/visitrauland.com\/rauland-hoegfjellshotell\/wp-content\/uploads\/sites\/31\/2019\/02\/RHH-buffet-2-1920.jpg\"><\/div><\/div><div id class=\"x-container\" style=\"margin: 0px auto;padding: 0px;\"><div class=\"x-column x-sm x-1-1\" style=\"padding: 0px;\"><noscript><img decoding=\"async\" class=\"x-img x-img-none\" src=\"https:\/\/visitrauland.com\/rauland-hoegfjellshotell\/wp-content\/uploads\/sites\/31\/2022\/03\/DJI_0450_1920.jpg\"><\/noscript><img decoding=\"async\" class=\"x-img x-img-none lazyload\" src=\"data:image\/gif;base64,R0lGODlhAQABAIAAAAAAAP\/\/\/yH5BAEAAAAALAAAAAABAAEAAAIBRAA7\" data-src=\"https:\/\/visitrauland.com\/rauland-hoegfjellshotell\/wp-content\/uploads\/sites\/31\/2022\/03\/DJI_0450_1920.jpg\"><\/div><\/div><div id class=\"x-container\" style=\"margin: 0px auto;padding: 0px;\"><div class=\"x-column x-sm x-1-1\" style=\"padding: 0px;\"><div id class=\"x-text\" style><h5>Kreativitet &amp; Inspirasjon<\/h5>\n<p><span>Hvorfor sitte i et m\u00f8terom n\u00e5r du kan v\u00e6re ute i naturen og f\u00e5 minner for livet? Bruk halve dagen til m\u00f8te og andre delen til sosiale aktiviteter. V\u00e5r gruppe- og konferanseavdeling setter gjerne sammen aktiviteter etter deres \u00f8nske. Hva med sn\u00f8skutersafari, aking, grilling, guidede turer m.m.<\/span><\/p>\n<\/div><\/div><\/div><\/div><div id=\"x-section-4\" class=\"x-section\" style=\"margin: 0px;padding: 0px; background-color: transparent;\"><div id class=\"x-container\" style=\"margin: 0px auto;padding: 0px;\"><div class=\"x-column x-sm x-1-1\" style=\"padding: 0px;\"><div id class=\"x-text\" style><h5>M\u00f8te &amp; mat<\/h5>\n<p><span>Rauland H\u00f8gfjellshotell vektlegger kvalitet i alle r\u00e5varer og matproduksjon. Til v\u00e5re dagm\u00f8ter, anbefaler vi gjerne kj\u00f8kkensjefens rullede lefser med r\u00f8kelaks og sm\u00f8reost &#8211; eller med skinke og sm\u00f8reost. Praktisk \u00e5 spise som fingermat til m\u00f8tene.<\/span><\/p>\n<\/div><\/div><\/div><\/div><div id=\"x-section-5\" class=\"x-section\" style=\"margin: 0px;padding: 0px; background-color: transparent;\"><div id class=\"x-container\" style=\"margin: 0px auto;padding: 0px;\"><div class=\"x-column x-sm x-1-2\" style=\"padding: 0px;\"><noscript><img decoding=\"async\" class=\"x-img x-img-none\" src=\"https:\/\/visitrauland.com\/rauland-hoegfjellshotell\/wp-content\/uploads\/sites\/31\/2017\/12\/RHH-Skistoga-3-950.jpg\"><\/noscript><img decoding=\"async\" class=\"x-img x-img-none lazyload\" src=\"data:image\/gif;base64,R0lGODlhAQABAIAAAAAAAP\/\/\/yH5BAEAAAAALAAAAAABAAEAAAIBRAA7\" data-src=\"https:\/\/visitrauland.com\/rauland-hoegfjellshotell\/wp-content\/uploads\/sites\/31\/2017\/12\/RHH-Skistoga-3-950.jpg\"><\/div><div class=\"x-column x-sm x-1-2\" style=\"padding: 0px;\"><noscript><img decoding=\"async\" class=\"x-img x-img-none\" src=\"https:\/\/visitrauland.com\/rauland-hoegfjellshotell\/wp-content\/uploads\/sites\/31\/2025\/03\/Uten-navn-1_1920_1742300252.jpg\"><\/noscript><img decoding=\"async\" class=\"x-img x-img-none lazyload\" src=\"data:image\/gif;base64,R0lGODlhAQABAIAAAAAAAP\/\/\/yH5BAEAAAAALAAAAAABAAEAAAIBRAA7\" data-src=\"https:\/\/visitrauland.com\/rauland-hoegfjellshotell\/wp-content\/uploads\/sites\/31\/2025\/03\/Uten-navn-1_1920_1742300252.jpg\"><\/div><\/div><div id class=\"x-container\" style=\"margin: 0px auto;padding: 0px;\"><div class=\"x-column x-sm x-1-1\" style=\"padding: 0px;\"><noscript><img decoding=\"async\" class=\"x-img x-img-none\" src=\"https:\/\/visitrauland.com\/rauland-hoegfjellshotell\/wp-content\/uploads\/sites\/31\/2017\/12\/RHH-Buffet-1920.jpg\"><\/noscript><img decoding=\"async\" class=\"x-img x-img-none lazyload\" src=\"data:image\/gif;base64,R0lGODlhAQABAIAAAAAAAP\/\/\/yH5BAEAAAAALAAAAAABAAEAAAIBRAA7\" data-src=\"https:\/\/visitrauland.com\/rauland-hoegfjellshotell\/wp-content\/uploads\/sites\/31\/2017\/12\/RHH-Buffet-1920.jpg\"><\/div><\/div><\/div><\/div>\n","protected":false},"excerpt":{"rendered":"","protected":false},"author":1,"featured_media":0,"parent":0,"menu_order":0,"comment_status":"closed","ping_status":"closed","template":"","meta":{"_relevanssi_hide_post":"","_relevanssi_hide_content":"","_relevanssi_pin_for_all":"","_relevanssi_pin_keywords":"","_relevanssi_unpin_keywords":"","_relevanssi_related_keywords":"","_relevanssi_related_include_ids":"","_relevanssi_related_exclude_ids":"","_relevanssi_related_no_append":"","_relevanssi_related_not_related":"","_relevanssi_related_posts":"708,3155,3718,1935,698,727","_relevanssi_noindex_reason":"","seo_booster_metabox":"","footnotes":""},"class_list":["post-647","page","type-page","status-publish","hentry","no-post-thumbnail"],"yoast_head":"<!-- This site is optimized with the Yoast SEO plugin v27.2 - https:\/\/yoast.com\/product\/yoast-seo-wordpress\/ -->\n<title>Kurs og konferanse p\u00e5 Rauland H\u00f8gfjellshotell<\/title>\n<meta name=\"description\" content=\"Rauland H\u00f8gfjellshotell byr p\u00e5 kurs- og konferansefasiliteter med gode lokaler, panoramautsikt, hyggelig vertskap og betjening - hele \u00e5ret.\" \/>\n<meta name=\"robots\" content=\"index, follow, max-snippet:-1, max-image-preview:large, max-video-preview:-1\" \/>\n<link rel=\"canonical\" href=\"https:\/\/visitrauland.com\/rauland-hoegfjellshotell\/konferanse\/\" \/>\n<meta property=\"og:locale\" content=\"nb_NO\" \/>\n<meta property=\"og:type\" content=\"article\" \/>\n<meta property=\"og:title\" content=\"Kurs og konferanse p\u00e5 Rauland H\u00f8gfjellshotell\" \/>\n<meta property=\"og:description\" content=\"Rauland H\u00f8gfjellshotell byr p\u00e5 kurs- og konferansefasiliteter med gode lokaler, panoramautsikt, hyggelig vertskap og betjening - hele \u00e5ret.\" \/>\n<meta property=\"og:url\" content=\"https:\/\/visitrauland.com\/rauland-hoegfjellshotell\/konferanse\/\" \/>\n<meta property=\"og:site_name\" content=\"Rauland H\u00f8gfjellshotell\" \/>\n<meta property=\"article:modified_time\" content=\"2025-10-21T12:20:33+00:00\" \/>\n<meta name=\"twitter:card\" content=\"summary_large_image\" \/>\n<meta name=\"twitter:label1\" content=\"Ansl. lesetid\" \/>\n\t<meta name=\"twitter:data1\" content=\"6 minutter\" \/>\n<script type=\"application\/ld+json\" class=\"yoast-schema-graph\">{\"@context\":\"https:\/\/schema.org\",\"@graph\":[{\"@type\":\"WebPage\",\"@id\":\"https:\/\/visitrauland.com\/rauland-hoegfjellshotell\/konferanse\/\",\"url\":\"https:\/\/visitrauland.com\/rauland-hoegfjellshotell\/konferanse\/\",\"name\":\"Kurs og konferanse p\u00e5 Rauland H\u00f8gfjellshotell\",\"isPartOf\":{\"@id\":\"https:\/\/visitrauland.com\/rauland-hoegfjellshotell\/#website\"},\"datePublished\":\"2017-12-12T17:41:37+00:00\",\"dateModified\":\"2025-10-21T12:20:33+00:00\",\"description\":\"Rauland H\u00f8gfjellshotell byr p\u00e5 kurs- og konferansefasiliteter med gode lokaler, panoramautsikt, hyggelig vertskap og betjening - hele \u00e5ret.\",\"breadcrumb\":{\"@id\":\"https:\/\/visitrauland.com\/rauland-hoegfjellshotell\/konferanse\/#breadcrumb\"},\"inLanguage\":\"nb-NO\",\"potentialAction\":[{\"@type\":\"ReadAction\",\"target\":[\"https:\/\/visitrauland.com\/rauland-hoegfjellshotell\/konferanse\/\"]}]},{\"@type\":\"BreadcrumbList\",\"@id\":\"https:\/\/visitrauland.com\/rauland-hoegfjellshotell\/konferanse\/#breadcrumb\",\"itemListElement\":[{\"@type\":\"ListItem\",\"position\":1,\"name\":\"Hjem\",\"item\":\"https:\/\/visitrauland.com\/rauland-hoegfjellshotell\/\"},{\"@type\":\"ListItem\",\"position\":2,\"name\":\"Kurs og konferanse\"}]},{\"@type\":\"WebSite\",\"@id\":\"https:\/\/visitrauland.com\/rauland-hoegfjellshotell\/#website\",\"url\":\"https:\/\/visitrauland.com\/rauland-hoegfjellshotell\/\",\"name\":\"Rauland H\u00f8gfjellshotell\",\"description\":\"Tradisjonsrikt Telemarkshotell - 1000 meter over havet\",\"potentialAction\":[{\"@type\":\"SearchAction\",\"target\":{\"@type\":\"EntryPoint\",\"urlTemplate\":\"https:\/\/visitrauland.com\/rauland-hoegfjellshotell\/?s={search_term_string}\"},\"query-input\":{\"@type\":\"PropertyValueSpecification\",\"valueRequired\":true,\"valueName\":\"search_term_string\"}}],\"inLanguage\":\"nb-NO\"}]}<\/script>\n<!-- \/ Yoast SEO plugin. -->","yoast_head_json":{"title":"Kurs og konferanse p\u00e5 Rauland H\u00f8gfjellshotell","description":"Rauland H\u00f8gfjellshotell byr p\u00e5 kurs- og konferansefasiliteter med gode lokaler, panoramautsikt, hyggelig vertskap og betjening - hele \u00e5ret.","robots":{"index":"index","follow":"follow","max-snippet":"max-snippet:-1","max-image-preview":"max-image-preview:large","max-video-preview":"max-video-preview:-1"},"canonical":"https:\/\/visitrauland.com\/rauland-hoegfjellshotell\/konferanse\/","og_locale":"nb_NO","og_type":"article","og_title":"Kurs og konferanse p\u00e5 Rauland H\u00f8gfjellshotell","og_description":"Rauland H\u00f8gfjellshotell byr p\u00e5 kurs- og konferansefasiliteter med gode lokaler, panoramautsikt, hyggelig vertskap og betjening - hele \u00e5ret.","og_url":"https:\/\/visitrauland.com\/rauland-hoegfjellshotell\/konferanse\/","og_site_name":"Rauland H\u00f8gfjellshotell","article_modified_time":"2025-10-21T12:20:33+00:00","twitter_card":"summary_large_image","twitter_misc":{"Ansl. lesetid":"6 minutter"},"schema":{"@context":"https:\/\/schema.org","@graph":[{"@type":"WebPage","@id":"https:\/\/visitrauland.com\/rauland-hoegfjellshotell\/konferanse\/","url":"https:\/\/visitrauland.com\/rauland-hoegfjellshotell\/konferanse\/","name":"Kurs og konferanse p\u00e5 Rauland H\u00f8gfjellshotell","isPartOf":{"@id":"https:\/\/visitrauland.com\/rauland-hoegfjellshotell\/#website"},"datePublished":"2017-12-12T17:41:37+00:00","dateModified":"2025-10-21T12:20:33+00:00","description":"Rauland H\u00f8gfjellshotell byr p\u00e5 kurs- og konferansefasiliteter med gode lokaler, panoramautsikt, hyggelig vertskap og betjening - hele \u00e5ret.","breadcrumb":{"@id":"https:\/\/visitrauland.com\/rauland-hoegfjellshotell\/konferanse\/#breadcrumb"},"inLanguage":"nb-NO","potentialAction":[{"@type":"ReadAction","target":["https:\/\/visitrauland.com\/rauland-hoegfjellshotell\/konferanse\/"]}]},{"@type":"BreadcrumbList","@id":"https:\/\/visitrauland.com\/rauland-hoegfjellshotell\/konferanse\/#breadcrumb","itemListElement":[{"@type":"ListItem","position":1,"name":"Hjem","item":"https:\/\/visitrauland.com\/rauland-hoegfjellshotell\/"},{"@type":"ListItem","position":2,"name":"Kurs og konferanse"}]},{"@type":"WebSite","@id":"https:\/\/visitrauland.com\/rauland-hoegfjellshotell\/#website","url":"https:\/\/visitrauland.com\/rauland-hoegfjellshotell\/","name":"Rauland H\u00f8gfjellshotell","description":"Tradisjonsrikt Telemarkshotell - 1000 meter over havet","potentialAction":[{"@type":"SearchAction","target":{"@type":"EntryPoint","urlTemplate":"https:\/\/visitrauland.com\/rauland-hoegfjellshotell\/?s={search_term_string}"},"query-input":{"@type":"PropertyValueSpecification","valueRequired":true,"valueName":"search_term_string"}}],"inLanguage":"nb-NO"}]}},"publishpress_future_action":{"enabled":false,"date":"2026-04-21 19:02:13","action":"change-status","newStatus":"draft","terms":[],"taxonomy":"","extraData":[]},"publishpress_future_workflow_manual_trigger":{"enabledWorkflows":[]},"_links":{"self":[{"href":"https:\/\/visitrauland.com\/rauland-hoegfjellshotell\/wp-json\/wp\/v2\/pages\/647","targetHints":{"allow":["GET"]}}],"collection":[{"href":"https:\/\/visitrauland.com\/rauland-hoegfjellshotell\/wp-json\/wp\/v2\/pages"}],"about":[{"href":"https:\/\/visitrauland.com\/rauland-hoegfjellshotell\/wp-json\/wp\/v2\/types\/page"}],"author":[{"embeddable":true,"href":"https:\/\/visitrauland.com\/rauland-hoegfjellshotell\/wp-json\/wp\/v2\/users\/1"}],"replies":[{"embeddable":true,"href":"https:\/\/visitrauland.com\/rauland-hoegfjellshotell\/wp-json\/wp\/v2\/comments?post=647"}],"version-history":[{"count":5,"href":"https:\/\/visitrauland.com\/rauland-hoegfjellshotell\/wp-json\/wp\/v2\/pages\/647\/revisions"}],"predecessor-version":[{"id":3680,"href":"https:\/\/visitrauland.com\/rauland-hoegfjellshotell\/wp-json\/wp\/v2\/pages\/647\/revisions\/3680"}],"wp:attachment":[{"href":"https:\/\/visitrauland.com\/rauland-hoegfjellshotell\/wp-json\/wp\/v2\/media?parent=647"}],"curies":[{"name":"wp","href":"https:\/\/api.w.org\/{rel}","templated":true}]}}