{"id":3828,"date":"2026-01-09T10:44:06","date_gmt":"2026-01-09T09:44:06","guid":{"rendered":"https:\/\/visitrauland.com\/rauland-hoegfjellshotell\/?page_id=3828"},"modified":"2026-01-09T10:46:39","modified_gmt":"2026-01-09T09:46:39","slug":"aktuelt","status":"publish","type":"page","link":"https:\/\/visitrauland.com\/rauland-hoegfjellshotell\/aktuelt\/","title":{"rendered":"Aktuelt"},"content":{"rendered":"<div id=\"cs-content\" class=\"cs-content\"><div class=\"x-section e3828-e1 m2yc-0\"><div class=\"x-row e3828-e2 m2yc-4 m2yc-5 m2yc-6 m2yc-a overflow-scroll-title\"><div class=\"x-row-inner\"><div class=\"x-col e3828-e3 m2yc-d m2yc-e\"><div class=\"x-text x-text-headline e3828-e4 m2yc-g m2yc-h\"><div class=\"x-text-content\"><div class=\"x-text-content-text\"><h2 class=\"x-text-content-text-primary\">Aktuelt<\/h2>\n<\/div><\/div><\/div><\/div><\/div><\/div><div class=\"x-row e3828-e5 m2yc-4 m2yc-6 m2yc-7 m2yc-8 m2yc-b\"><div class=\"x-row-inner\"><div class=\"x-col e3828-e6 m2yc-d\"><div class=\"x-row e3828-e7 m2yc-4 m2yc-7 m2yc-9 m2yc-c\"><div class=\"x-row-inner\"><a class=\"x-col e3828-e8 m2yc-d m2yc-f m2yc-1 m2yc-2\" href=\"https:\/\/visitrauland.com\/rauland-hoegfjellshotell\/spill-og-aktiviteter-pa-rauland-hogfjellshotell\/\"><figure class=\"x-div e3828-e9 m2yc-j m2yc-k\"><span class=\"x-image e3828-e10 m2yc-m\"><noscript><img decoding=\"async\" src=\"https:\/\/visitrauland.com\/rauland-hoegfjellshotell\/wp-content\/uploads\/sites\/31\/2026\/03\/IMG_66771_shuffle_1920_1774464592.jpg\" width=\"960\" height=\"540\" alt=\"Featured image for \u201cSpill og aktiviteter p\u00e5 Rauland H\u00f8gfjellshotell\u201d\"><\/noscript><img decoding=\"async\" src=\"data:image\/svg+xml,%3Csvg%20xmlns%3D%22http%3A%2F%2Fwww.w3.org%2F2000%2Fsvg%22%20viewBox%3D%220%200%20960%20540%22%3E%3C%2Fsvg%3E\" width=\"960\" height=\"540\" alt=\"Featured image for \u201cSpill og aktiviteter p\u00e5 Rauland H\u00f8gfjellshotell\u201d\" data-src=\"https:\/\/visitrauland.com\/rauland-hoegfjellshotell\/wp-content\/uploads\/sites\/31\/2026\/03\/IMG_66771_shuffle_1920_1774464592.jpg\" class=\" lazyload\"><\/span><\/figure><article class=\"x-div e3828-e11 m2yc-k m2yc-l\"><div class=\"x-text x-text-headline e3828-e12 m2yc-h m2yc-i m2yc-1 m2yc-3 max-2-lines force-inter\"><div class=\"x-text-content\"><div class=\"x-text-content-text\"><h2 class=\"x-text-content-text-primary\">Spill og aktiviteter p\u00e5 Rauland H\u00f8gfjellshotell<\/h2>\n<\/div><\/div><\/div><div class=\"x-text x-content e3828-e13 m2yc-n\">Gjester p\u00e5 Rauland H\u00f8gfjellshotell har n\u00e5 enda flere grunner til \u00e5 bli v\u00e6rende litt ekstra i lobbyen. Hotellet har nemlig&hellip;<\/div><\/article><\/a><a class=\"x-col e3828-e8 m2yc-d m2yc-f m2yc-1 m2yc-2\" href=\"https:\/\/visitrauland.com\/rauland-hoegfjellshotell\/massasje-og-velvaere-pa-rauland-hogfjellshotell\/\"><figure class=\"x-div e3828-e9 m2yc-j m2yc-k\"><span class=\"x-image e3828-e10 m2yc-m\"><noscript><img decoding=\"async\" src=\"https:\/\/visitrauland.com\/rauland-hoegfjellshotell\/wp-content\/uploads\/sites\/31\/2026\/02\/massasje-rhh-1920_1771362583.jpg\" width=\"960\" height=\"540\" alt=\"Featured image for \u201cMassasje og velv\u00e6re p\u00e5 Rauland H\u00f8gfjellshotell\u201d\"><\/noscript><img decoding=\"async\" src=\"data:image\/svg+xml,%3Csvg%20xmlns%3D%22http%3A%2F%2Fwww.w3.org%2F2000%2Fsvg%22%20viewBox%3D%220%200%20960%20540%22%3E%3C%2Fsvg%3E\" width=\"960\" height=\"540\" alt=\"Featured image for \u201cMassasje og velv\u00e6re p\u00e5 Rauland H\u00f8gfjellshotell\u201d\" data-src=\"https:\/\/visitrauland.com\/rauland-hoegfjellshotell\/wp-content\/uploads\/sites\/31\/2026\/02\/massasje-rhh-1920_1771362583.jpg\" class=\" lazyload\"><\/span><\/figure><article class=\"x-div e3828-e11 m2yc-k m2yc-l\"><div class=\"x-text x-text-headline e3828-e12 m2yc-h m2yc-i m2yc-1 m2yc-3 max-2-lines force-inter\"><div class=\"x-text-content\"><div class=\"x-text-content-text\"><h2 class=\"x-text-content-text-primary\">Massasje og velv\u00e6re p\u00e5 Rauland H\u00f8gfjellshotell<\/h2>\n<\/div><\/div><\/div><div class=\"x-text x-content e3828-e13 m2yc-n\">N\u00e5 kan du kombinere frisk fjelluft med ekte avkobling i velv\u00e6reavdelingen p\u00e5 Rauland H\u00f8gfjellshotell. Hotellet tilbyr et variert utvalg massasje&hellip;<\/div><\/article><\/a><a class=\"x-col e3828-e8 m2yc-d m2yc-f m2yc-1 m2yc-2\" href=\"https:\/\/visitrauland.com\/rauland-hoegfjellshotell\/avslapping-og-velvaere-pa-rauland-hogfjellshotell\/\"><figure class=\"x-div e3828-e9 m2yc-j m2yc-k\"><span class=\"x-image e3828-e10 m2yc-m\"><noscript><img decoding=\"async\" src=\"https:\/\/visitrauland.com\/rauland-hoegfjellshotell\/wp-content\/uploads\/sites\/31\/2025\/11\/Basseng_1920_1764332350.jpg\" width=\"960\" height=\"540\" alt=\"Featured image for \u201cAvslapping og velv\u00e6re p\u00e5 Rauland H\u00f8gfjellshotell\u201d\"><\/noscript><img decoding=\"async\" src=\"data:image\/svg+xml,%3Csvg%20xmlns%3D%22http%3A%2F%2Fwww.w3.org%2F2000%2Fsvg%22%20viewBox%3D%220%200%20960%20540%22%3E%3C%2Fsvg%3E\" width=\"960\" height=\"540\" alt=\"Featured image for \u201cAvslapping og velv\u00e6re p\u00e5 Rauland H\u00f8gfjellshotell\u201d\" data-src=\"https:\/\/visitrauland.com\/rauland-hoegfjellshotell\/wp-content\/uploads\/sites\/31\/2025\/11\/Basseng_1920_1764332350.jpg\" class=\" lazyload\"><\/span><\/figure><article class=\"x-div e3828-e11 m2yc-k m2yc-l\"><div class=\"x-text x-text-headline e3828-e12 m2yc-h m2yc-i m2yc-1 m2yc-3 max-2-lines force-inter\"><div class=\"x-text-content\"><div class=\"x-text-content-text\"><h2 class=\"x-text-content-text-primary\">Avslapping og velv\u00e6re p\u00e5 Rauland H\u00f8gfjellshotell<\/h2>\n<\/div><\/div><\/div><div class=\"x-text x-content e3828-e13 m2yc-n\">P\u00e5 Rauland H\u00f8gfjellshotell ligger alt til rette for \u00e5 hente seg inn igjen \u2013 enten du kommer rett fra skibakken,&hellip;<\/div><\/article><\/a><a class=\"x-col e3828-e8 m2yc-d m2yc-f m2yc-1 m2yc-2\" href=\"https:\/\/visitrauland.com\/rauland-hoegfjellshotell\/gratis-skibuss-pa-rauland\/\"><figure class=\"x-div e3828-e9 m2yc-j m2yc-k\"><span class=\"x-image e3828-e10 m2yc-m\"><noscript><img decoding=\"async\" src=\"https:\/\/visitrauland.com\/rauland-hoegfjellshotell\/wp-content\/uploads\/sites\/31\/2026\/01\/DSCF0471-Skibussen_1920_1704142216_1704230073-1024x576_1767869382.jpg\" width=\"512\" height=\"288\" alt=\"Featured image for \u201cGratis skibuss p\u00e5 Rauland\u201d\"><\/noscript><img decoding=\"async\" src=\"data:image\/svg+xml,%3Csvg%20xmlns%3D%22http%3A%2F%2Fwww.w3.org%2F2000%2Fsvg%22%20viewBox%3D%220%200%20512%20288%22%3E%3C%2Fsvg%3E\" width=\"512\" height=\"288\" alt=\"Featured image for \u201cGratis skibuss p\u00e5 Rauland\u201d\" data-src=\"https:\/\/visitrauland.com\/rauland-hoegfjellshotell\/wp-content\/uploads\/sites\/31\/2026\/01\/DSCF0471-Skibussen_1920_1704142216_1704230073-1024x576_1767869382.jpg\" class=\" lazyload\"><\/span><\/figure><article class=\"x-div e3828-e11 m2yc-k m2yc-l\"><div class=\"x-text x-text-headline e3828-e12 m2yc-h m2yc-i m2yc-1 m2yc-3 max-2-lines force-inter\"><div class=\"x-text-content\"><div class=\"x-text-content-text\"><h2 class=\"x-text-content-text-primary\">Gratis skibuss p\u00e5 Rauland<\/h2>\n<\/div><\/div><\/div><div class=\"x-text x-content e3828-e13 m2yc-n\">Det skal v\u00e6re enkelt \u00e5 komme seg rundt i fjellet \u2013 ogs\u00e5 uten bil. Skibussen kj\u00f8rer daglig gjennom hele sesongen.&hellip;<\/div><\/article><\/a><a class=\"x-col e3828-e8 m2yc-d m2yc-f m2yc-1 m2yc-2\" href=\"https:\/\/visitrauland.com\/rauland-hoegfjellshotell\/mot-maskoten-bruse\/\"><figure class=\"x-div e3828-e9 m2yc-j m2yc-k\"><span class=\"x-image e3828-e10 m2yc-m\"><noscript><img decoding=\"async\" src=\"https:\/\/visitrauland.com\/rauland-hoegfjellshotell\/wp-content\/uploads\/sites\/31\/2026\/01\/Bruse-1920_1761840910_1767869542.jpg\" width=\"960\" height=\"540\" alt=\"Featured image for \u201cM\u00f8t maskoten Bruse\u201d\"><\/noscript><img decoding=\"async\" src=\"data:image\/svg+xml,%3Csvg%20xmlns%3D%22http%3A%2F%2Fwww.w3.org%2F2000%2Fsvg%22%20viewBox%3D%220%200%20960%20540%22%3E%3C%2Fsvg%3E\" width=\"960\" height=\"540\" alt=\"Featured image for \u201cM\u00f8t maskoten Bruse\u201d\" data-src=\"https:\/\/visitrauland.com\/rauland-hoegfjellshotell\/wp-content\/uploads\/sites\/31\/2026\/01\/Bruse-1920_1761840910_1767869542.jpg\" class=\" lazyload\"><\/span><\/figure><article class=\"x-div e3828-e11 m2yc-k m2yc-l\"><div class=\"x-text x-text-headline e3828-e12 m2yc-h m2yc-i m2yc-1 m2yc-3 max-2-lines force-inter\"><div class=\"x-text-content\"><div class=\"x-text-content-text\"><h2 class=\"x-text-content-text-primary\">M\u00f8t maskoten Bruse<\/h2>\n<\/div><\/div><\/div><div class=\"x-text x-content e3828-e13 m2yc-n\">Bruse er eit aktivt lite bukkekje fr\u00e5 Vinje i Telemark. N\u00e5r sola stig over fjella, st\u00e5r han alt klar p\u00e5&hellip;<\/div><\/article><\/a><a class=\"x-col e3828-e8 m2yc-d m2yc-f m2yc-1 m2yc-2\" href=\"https:\/\/visitrauland.com\/rauland-hoegfjellshotell\/nye-drivere-pa-rauland-hogfjellshotell\/\"><figure class=\"x-div e3828-e9 m2yc-j m2yc-k\"><span class=\"x-image e3828-e10 m2yc-m\"><noscript><img decoding=\"async\" src=\"https:\/\/visitrauland.com\/rauland-hoegfjellshotell\/wp-content\/uploads\/sites\/31\/2025\/11\/DJI_0455_1920_1764332365.jpg\" width=\"960\" height=\"540\" alt=\"Featured image for \u201cNye drivere p\u00e5 Rauland H\u00f8gfjellshotell\u201d\"><\/noscript><img decoding=\"async\" src=\"data:image\/svg+xml,%3Csvg%20xmlns%3D%22http%3A%2F%2Fwww.w3.org%2F2000%2Fsvg%22%20viewBox%3D%220%200%20960%20540%22%3E%3C%2Fsvg%3E\" width=\"960\" height=\"540\" alt=\"Featured image for \u201cNye drivere p\u00e5 Rauland H\u00f8gfjellshotell\u201d\" data-src=\"https:\/\/visitrauland.com\/rauland-hoegfjellshotell\/wp-content\/uploads\/sites\/31\/2025\/11\/DJI_0455_1920_1764332365.jpg\" class=\" lazyload\"><\/span><\/figure><article class=\"x-div e3828-e11 m2yc-k m2yc-l\"><div class=\"x-text x-text-headline e3828-e12 m2yc-h m2yc-i m2yc-1 m2yc-3 max-2-lines force-inter\"><div class=\"x-text-content\"><div class=\"x-text-content-text\"><h2 class=\"x-text-content-text-primary\">Nye drivere p\u00e5 Rauland H\u00f8gfjellshotell<\/h2>\n<\/div><\/div><\/div><div class=\"x-text x-content e3828-e13 m2yc-n\">1. desember tok Tomas Perers og Katarina Norel over driften av Rauland H\u00f8gfjellshotell. Med lang erfaring fra reiseliv og hotellbransjen&hellip;<\/div><\/article><\/a><a class=\"x-col e3828-e8 m2yc-d m2yc-f m2yc-1 m2yc-2\" href=\"https:\/\/visitrauland.com\/rauland-hoegfjellshotell\/mat-drikke-og-god-stemning-i-vinstoga\/\"><figure class=\"x-div e3828-e9 m2yc-j m2yc-k\"><span class=\"x-image e3828-e10 m2yc-m\"><noscript><img decoding=\"async\" src=\"https:\/\/visitrauland.com\/rauland-hoegfjellshotell\/wp-content\/uploads\/sites\/31\/2018\/03\/Raulandhoyfjellshotell-14-Vinstoga-1920.jpg\" width=\"960\" height=\"540\" alt=\"Featured image for \u201cMat, drikke og god stemning i Vinstoga\u201d\"><\/noscript><img decoding=\"async\" src=\"data:image\/svg+xml,%3Csvg%20xmlns%3D%22http%3A%2F%2Fwww.w3.org%2F2000%2Fsvg%22%20viewBox%3D%220%200%20960%20540%22%3E%3C%2Fsvg%3E\" width=\"960\" height=\"540\" alt=\"Featured image for \u201cMat, drikke og god stemning i Vinstoga\u201d\" data-src=\"https:\/\/visitrauland.com\/rauland-hoegfjellshotell\/wp-content\/uploads\/sites\/31\/2018\/03\/Raulandhoyfjellshotell-14-Vinstoga-1920.jpg\" class=\" lazyload\"><\/span><\/figure><article class=\"x-div e3828-e11 m2yc-k m2yc-l\"><div class=\"x-text x-text-headline e3828-e12 m2yc-h m2yc-i m2yc-1 m2yc-3 max-2-lines force-inter\"><div class=\"x-text-content\"><div class=\"x-text-content-text\"><h2 class=\"x-text-content-text-primary\">Mat, drikke og god stemning i Vinstoga<\/h2>\n<\/div><\/div><\/div><div class=\"x-text x-content e3828-e13 m2yc-n\">Book en spesiell kveld i v\u00e5r tradisjonsrike Vinstoga! Her kan du f\u00e5 servert en festmeny i eksklusive og hyggelige omgivelser.&hellip;<\/div><\/article><\/a><a class=\"x-col e3828-e8 m2yc-d m2yc-f m2yc-1 m2yc-2\" href=\"https:\/\/visitrauland.com\/rauland-hoegfjellshotell\/gullbryllup-pa-rauland-hogfjellshotell\/\"><figure class=\"x-div e3828-e9 m2yc-j m2yc-k\"><span class=\"x-image e3828-e10 m2yc-m\"><noscript><img decoding=\"async\" src=\"https:\/\/visitrauland.com\/rauland-hoegfjellshotell\/wp-content\/uploads\/sites\/31\/2018\/09\/Bryllup-2-1920.jpg\" width=\"960\" height=\"540\" alt=\"Featured image for \u201cBryllup p\u00e5 Rauland H\u00f8gfjellshotell\u201d\"><\/noscript><img decoding=\"async\" src=\"data:image\/svg+xml,%3Csvg%20xmlns%3D%22http%3A%2F%2Fwww.w3.org%2F2000%2Fsvg%22%20viewBox%3D%220%200%20960%20540%22%3E%3C%2Fsvg%3E\" width=\"960\" height=\"540\" alt=\"Featured image for \u201cBryllup p\u00e5 Rauland H\u00f8gfjellshotell\u201d\" data-src=\"https:\/\/visitrauland.com\/rauland-hoegfjellshotell\/wp-content\/uploads\/sites\/31\/2018\/09\/Bryllup-2-1920.jpg\" class=\" lazyload\"><\/span><\/figure><article class=\"x-div e3828-e11 m2yc-k m2yc-l\"><div class=\"x-text x-text-headline e3828-e12 m2yc-h m2yc-i m2yc-1 m2yc-3 max-2-lines force-inter\"><div class=\"x-text-content\"><div class=\"x-text-content-text\"><h2 class=\"x-text-content-text-primary\">Bryllup p\u00e5 Rauland H\u00f8gfjellshotell<\/h2>\n<\/div><\/div><\/div><div class=\"x-text x-content e3828-e13 m2yc-n\">\u00d8nsker du et tradisjonsrikt bryllup eller gullbryllup i nostalgisk vakre omgivelser? Samle familien til en eksklusiv festmiddag i v\u00e5r stolthet&hellip;<\/div><\/article><\/a><\/div><\/div><\/div><\/div><\/div><\/div><\/div>\n","protected":false},"excerpt":{"rendered":"<p>Aktuelt Spill og aktiviteter p\u00e5 Rauland H\u00f8gfjellshotell Gjester p\u00e5 Rauland H\u00f8gfjellshotell har n\u00e5 enda flere grunner til \u00e5 bli v\u00e6rende litt ekstra i lobbyen. Hotellet har nemlig&hellip;Massasje og velv\u00e6re p\u00e5 Rauland H\u00f8gfjellshotell N\u00e5 kan du kombinere frisk fjelluft med ekte avkobling i velv\u00e6reavdelingen p\u00e5 Rauland H\u00f8gfjellshotell. Hotellet tilbyr et variert utvalg massasje&hellip;Avslapping og velv\u00e6re p\u00e5 Rauland H\u00f8gfjellshotell P\u00e5 Rauland H\u00f8gfjellshotell &#8230; <\/p>\n<div><a href=\"https:\/\/visitrauland.com\/rauland-hoegfjellshotell\/aktuelt\/\" class=\"more-link\">Les Mer<\/a><\/div>\n","protected":false},"author":3,"featured_media":0,"parent":0,"menu_order":0,"comment_status":"closed","ping_status":"closed","template":"template-blank-1.php","meta":{"_relevanssi_hide_post":"","_relevanssi_hide_content":"","_relevanssi_pin_for_all":"","_relevanssi_pin_keywords":"","_relevanssi_unpin_keywords":"","_relevanssi_related_keywords":"","_relevanssi_related_include_ids":"","_relevanssi_related_exclude_ids":"","_relevanssi_related_no_append":"","_relevanssi_related_not_related":"","_relevanssi_related_posts":"698,3662,3782,701,3819,2362","_relevanssi_noindex_reason":"","seo_booster_metabox":"","footnotes":""},"class_list":["post-3828","page","type-page","status-publish","hentry","no-post-thumbnail"],"yoast_head":"<!-- This site is optimized with the Yoast SEO plugin v27.2 - https:\/\/yoast.com\/product\/yoast-seo-wordpress\/ -->\n<title>Aktuelt - Rauland H\u00f8gfjellshotell<\/title>\n<meta name=\"robots\" content=\"index, follow, max-snippet:-1, max-image-preview:large, max-video-preview:-1\" \/>\n<link rel=\"canonical\" href=\"https:\/\/visitrauland.com\/rauland-hoegfjellshotell\/aktuelt\/\" \/>\n<meta property=\"og:locale\" content=\"nb_NO\" \/>\n<meta property=\"og:type\" content=\"article\" \/>\n<meta property=\"og:title\" content=\"Aktuelt - Rauland H\u00f8gfjellshotell\" \/>\n<meta property=\"og:description\" content=\"Aktuelt Spill og aktiviteter p\u00e5 Rauland H\u00f8gfjellshotell Gjester p\u00e5 Rauland H\u00f8gfjellshotell har n\u00e5 enda flere grunner til \u00e5 bli v\u00e6rende litt ekstra i lobbyen. Hotellet har nemlig&hellip;Massasje og velv\u00e6re p\u00e5 Rauland H\u00f8gfjellshotell N\u00e5 kan du kombinere frisk fjelluft med ekte avkobling i velv\u00e6reavdelingen p\u00e5 Rauland H\u00f8gfjellshotell. Hotellet tilbyr et variert utvalg massasje&hellip;Avslapping og velv\u00e6re p\u00e5 Rauland H\u00f8gfjellshotell P\u00e5 Rauland H\u00f8gfjellshotell ... Les Mer\" \/>\n<meta property=\"og:url\" content=\"https:\/\/visitrauland.com\/rauland-hoegfjellshotell\/aktuelt\/\" \/>\n<meta property=\"og:site_name\" content=\"Rauland H\u00f8gfjellshotell\" \/>\n<meta property=\"article:modified_time\" content=\"2026-01-09T09:46:39+00:00\" \/>\n<meta name=\"twitter:card\" content=\"summary_large_image\" \/>\n<script type=\"application\/ld+json\" class=\"yoast-schema-graph\">{\"@context\":\"https:\/\/schema.org\",\"@graph\":[{\"@type\":\"WebPage\",\"@id\":\"https:\/\/visitrauland.com\/rauland-hoegfjellshotell\/aktuelt\/\",\"url\":\"https:\/\/visitrauland.com\/rauland-hoegfjellshotell\/aktuelt\/\",\"name\":\"Aktuelt - Rauland H\u00f8gfjellshotell\",\"isPartOf\":{\"@id\":\"https:\/\/visitrauland.com\/rauland-hoegfjellshotell\/#website\"},\"datePublished\":\"2026-01-09T09:44:06+00:00\",\"dateModified\":\"2026-01-09T09:46:39+00:00\",\"breadcrumb\":{\"@id\":\"https:\/\/visitrauland.com\/rauland-hoegfjellshotell\/aktuelt\/#breadcrumb\"},\"inLanguage\":\"nb-NO\",\"potentialAction\":[{\"@type\":\"ReadAction\",\"target\":[\"https:\/\/visitrauland.com\/rauland-hoegfjellshotell\/aktuelt\/\"]}]},{\"@type\":\"BreadcrumbList\",\"@id\":\"https:\/\/visitrauland.com\/rauland-hoegfjellshotell\/aktuelt\/#breadcrumb\",\"itemListElement\":[{\"@type\":\"ListItem\",\"position\":1,\"name\":\"Hjem\",\"item\":\"https:\/\/visitrauland.com\/rauland-hoegfjellshotell\/\"},{\"@type\":\"ListItem\",\"position\":2,\"name\":\"Aktuelt\"}]},{\"@type\":\"WebSite\",\"@id\":\"https:\/\/visitrauland.com\/rauland-hoegfjellshotell\/#website\",\"url\":\"https:\/\/visitrauland.com\/rauland-hoegfjellshotell\/\",\"name\":\"Rauland H\u00f8gfjellshotell\",\"description\":\"Tradisjonsrikt Telemarkshotell - 1000 meter over havet\",\"potentialAction\":[{\"@type\":\"SearchAction\",\"target\":{\"@type\":\"EntryPoint\",\"urlTemplate\":\"https:\/\/visitrauland.com\/rauland-hoegfjellshotell\/?s={search_term_string}\"},\"query-input\":{\"@type\":\"PropertyValueSpecification\",\"valueRequired\":true,\"valueName\":\"search_term_string\"}}],\"inLanguage\":\"nb-NO\"}]}<\/script>\n<!-- \/ Yoast SEO plugin. -->","yoast_head_json":{"title":"Aktuelt - Rauland H\u00f8gfjellshotell","robots":{"index":"index","follow":"follow","max-snippet":"max-snippet:-1","max-image-preview":"max-image-preview:large","max-video-preview":"max-video-preview:-1"},"canonical":"https:\/\/visitrauland.com\/rauland-hoegfjellshotell\/aktuelt\/","og_locale":"nb_NO","og_type":"article","og_title":"Aktuelt - Rauland H\u00f8gfjellshotell","og_description":"Aktuelt Spill og aktiviteter p\u00e5 Rauland H\u00f8gfjellshotell Gjester p\u00e5 Rauland H\u00f8gfjellshotell har n\u00e5 enda flere grunner til \u00e5 bli v\u00e6rende litt ekstra i lobbyen. Hotellet har nemlig&hellip;Massasje og velv\u00e6re p\u00e5 Rauland H\u00f8gfjellshotell N\u00e5 kan du kombinere frisk fjelluft med ekte avkobling i velv\u00e6reavdelingen p\u00e5 Rauland H\u00f8gfjellshotell. Hotellet tilbyr et variert utvalg massasje&hellip;Avslapping og velv\u00e6re p\u00e5 Rauland H\u00f8gfjellshotell P\u00e5 Rauland H\u00f8gfjellshotell ... Les Mer","og_url":"https:\/\/visitrauland.com\/rauland-hoegfjellshotell\/aktuelt\/","og_site_name":"Rauland H\u00f8gfjellshotell","article_modified_time":"2026-01-09T09:46:39+00:00","twitter_card":"summary_large_image","schema":{"@context":"https:\/\/schema.org","@graph":[{"@type":"WebPage","@id":"https:\/\/visitrauland.com\/rauland-hoegfjellshotell\/aktuelt\/","url":"https:\/\/visitrauland.com\/rauland-hoegfjellshotell\/aktuelt\/","name":"Aktuelt - Rauland H\u00f8gfjellshotell","isPartOf":{"@id":"https:\/\/visitrauland.com\/rauland-hoegfjellshotell\/#website"},"datePublished":"2026-01-09T09:44:06+00:00","dateModified":"2026-01-09T09:46:39+00:00","breadcrumb":{"@id":"https:\/\/visitrauland.com\/rauland-hoegfjellshotell\/aktuelt\/#breadcrumb"},"inLanguage":"nb-NO","potentialAction":[{"@type":"ReadAction","target":["https:\/\/visitrauland.com\/rauland-hoegfjellshotell\/aktuelt\/"]}]},{"@type":"BreadcrumbList","@id":"https:\/\/visitrauland.com\/rauland-hoegfjellshotell\/aktuelt\/#breadcrumb","itemListElement":[{"@type":"ListItem","position":1,"name":"Hjem","item":"https:\/\/visitrauland.com\/rauland-hoegfjellshotell\/"},{"@type":"ListItem","position":2,"name":"Aktuelt"}]},{"@type":"WebSite","@id":"https:\/\/visitrauland.com\/rauland-hoegfjellshotell\/#website","url":"https:\/\/visitrauland.com\/rauland-hoegfjellshotell\/","name":"Rauland H\u00f8gfjellshotell","description":"Tradisjonsrikt Telemarkshotell - 1000 meter over havet","potentialAction":[{"@type":"SearchAction","target":{"@type":"EntryPoint","urlTemplate":"https:\/\/visitrauland.com\/rauland-hoegfjellshotell\/?s={search_term_string}"},"query-input":{"@type":"PropertyValueSpecification","valueRequired":true,"valueName":"search_term_string"}}],"inLanguage":"nb-NO"}]}},"publishpress_future_action":{"enabled":false,"date":"2026-04-29 12:42:24","action":"change-status","newStatus":"draft","terms":[],"taxonomy":"","extraData":[]},"publishpress_future_workflow_manual_trigger":{"enabledWorkflows":[]},"_links":{"self":[{"href":"https:\/\/visitrauland.com\/rauland-hoegfjellshotell\/wp-json\/wp\/v2\/pages\/3828","targetHints":{"allow":["GET"]}}],"collection":[{"href":"https:\/\/visitrauland.com\/rauland-hoegfjellshotell\/wp-json\/wp\/v2\/pages"}],"about":[{"href":"https:\/\/visitrauland.com\/rauland-hoegfjellshotell\/wp-json\/wp\/v2\/types\/page"}],"author":[{"embeddable":true,"href":"https:\/\/visitrauland.com\/rauland-hoegfjellshotell\/wp-json\/wp\/v2\/users\/3"}],"replies":[{"embeddable":true,"href":"https:\/\/visitrauland.com\/rauland-hoegfjellshotell\/wp-json\/wp\/v2\/comments?post=3828"}],"version-history":[{"count":2,"href":"https:\/\/visitrauland.com\/rauland-hoegfjellshotell\/wp-json\/wp\/v2\/pages\/3828\/revisions"}],"predecessor-version":[{"id":3831,"href":"https:\/\/visitrauland.com\/rauland-hoegfjellshotell\/wp-json\/wp\/v2\/pages\/3828\/revisions\/3831"}],"wp:attachment":[{"href":"https:\/\/visitrauland.com\/rauland-hoegfjellshotell\/wp-json\/wp\/v2\/media?parent=3828"}],"curies":[{"name":"wp","href":"https:\/\/api.w.org\/{rel}","templated":true}]}}