{"id":6542,"date":"2026-01-09T10:48:43","date_gmt":"2026-01-09T09:48:43","guid":{"rendered":"https:\/\/visitrauland.com\/rauland-feriesenter\/?page_id=6542"},"modified":"2026-01-09T10:49:29","modified_gmt":"2026-01-09T09:49:29","slug":"nyheter","status":"publish","type":"page","link":"https:\/\/visitrauland.com\/rauland-feriesenter\/nyheter\/","title":{"rendered":"Nyheter"},"content":{"rendered":"<div id=\"cs-content\" class=\"cs-content\"><div class=\"x-section e6542-e1 m51q-0\"><div class=\"x-row e6542-e2 m51q-4 m51q-5 m51q-6 m51q-a overflow-scroll-title\"><div class=\"x-row-inner\"><div class=\"x-col e6542-e3 m51q-d m51q-e\"><div class=\"x-text x-text-headline e6542-e4 m51q-g m51q-h\"><div class=\"x-text-content\"><div class=\"x-text-content-text\"><h2 class=\"x-text-content-text-primary\">Aktuelt<\/h2>\n<\/div><\/div><\/div><\/div><\/div><\/div><div class=\"x-row e6542-e5 m51q-4 m51q-6 m51q-7 m51q-8 m51q-b\"><div class=\"x-row-inner\"><div class=\"x-col e6542-e6 m51q-d\"><div class=\"x-row e6542-e7 m51q-4 m51q-7 m51q-9 m51q-c\"><div class=\"x-row-inner\"><a class=\"x-col e6542-e8 m51q-d m51q-f m51q-1 m51q-2\" href=\"https:\/\/visitrauland.com\/rauland-feriesenter\/siste-liten-pasketilbud\/\"><figure class=\"x-div e6542-e9 m51q-j m51q-k\"><span class=\"x-image e6542-e10 m51q-m\"><noscript><img decoding=\"async\" src=\"https:\/\/visitrauland.com\/rauland-feriesenter\/wp-content\/uploads\/sites\/19\/2026\/02\/5666414a-f53d-4aa6-8c39-193d7212210d_1771957130.jpg\" width=\"500\" height=\"280\" alt=\"Featured image for \u201cSiste liten &#8211; p\u00e5sketilbud!\u201d\"><\/noscript><img decoding=\"async\" src=\"data:image\/svg+xml,%3Csvg%20xmlns%3D%22http%3A%2F%2Fwww.w3.org%2F2000%2Fsvg%22%20viewBox%3D%220%200%20500%20280%22%3E%3C%2Fsvg%3E\" width=\"500\" height=\"280\" alt=\"Featured image for \u201cSiste liten &#8211; p\u00e5sketilbud!\u201d\" data-src=\"https:\/\/visitrauland.com\/rauland-feriesenter\/wp-content\/uploads\/sites\/19\/2026\/02\/5666414a-f53d-4aa6-8c39-193d7212210d_1771957130.jpg\" class=\" lazyload\"><\/span><\/figure><article class=\"x-div e6542-e11 m51q-k m51q-l\"><div class=\"x-text x-text-headline e6542-e12 m51q-h m51q-i m51q-1 m51q-3 max-2-lines force-inter\"><div class=\"x-text-content\"><div class=\"x-text-content-text\"><h2 class=\"x-text-content-text-primary\">Siste liten &#8211; p\u00e5sketilbud!<\/h2>\n<\/div><\/div><\/div><div class=\"x-text x-content e6542-e13 m51q-n\">Siste liten &#8211; p\u00e5sketilbud! Dr\u00f8mmer du om sol p\u00e5 fjellet, ski rett utenfor d\u00f8ra og avslapning i badstue etter en&hellip;<\/div><\/article><\/a><a class=\"x-col e6542-e8 m51q-d m51q-f m51q-1 m51q-2\" href=\"https:\/\/visitrauland.com\/rauland-feriesenter\/paskefest-2026-billetter-i-salg-na\/\"><figure class=\"x-div e6542-e9 m51q-j m51q-k\"><span class=\"x-image e6542-e10 m51q-m\"><noscript><img decoding=\"async\" src=\"https:\/\/visitrauland.com\/rauland-feriesenter\/wp-content\/uploads\/sites\/19\/2026\/02\/Paaskefest-2026-1920_1920-x-1080_1920-x-1080_1771939474.jpg\" width=\"960\" height=\"540\" alt=\"Featured image for \u201cP\u00e5skefest 2026 \u2013 Billetter i salg n\u00e5!\u201d\"><\/noscript><img decoding=\"async\" src=\"data:image\/svg+xml,%3Csvg%20xmlns%3D%22http%3A%2F%2Fwww.w3.org%2F2000%2Fsvg%22%20viewBox%3D%220%200%20960%20540%22%3E%3C%2Fsvg%3E\" width=\"960\" height=\"540\" alt=\"Featured image for \u201cP\u00e5skefest 2026 \u2013 Billetter i salg n\u00e5!\u201d\" data-src=\"https:\/\/visitrauland.com\/rauland-feriesenter\/wp-content\/uploads\/sites\/19\/2026\/02\/Paaskefest-2026-1920_1920-x-1080_1920-x-1080_1771939474.jpg\" class=\" lazyload\"><\/span><\/figure><article class=\"x-div e6542-e11 m51q-k m51q-l\"><div class=\"x-text x-text-headline e6542-e12 m51q-h m51q-i m51q-1 m51q-3 max-2-lines force-inter\"><div class=\"x-text-content\"><div class=\"x-text-content-text\"><h2 class=\"x-text-content-text-primary\">P\u00e5skefest 2026 \u2013 Billetter i salg n\u00e5!<\/h2>\n<\/div><\/div><\/div><div class=\"x-text x-content e6542-e13 m51q-n\">Det ligger an til \u00e5 bli nok en heftig konsertp\u00e5ske til fjells i 2026! Vi har artist line-up\u2019en klar, og&hellip;<\/div><\/article><\/a><a class=\"x-col e6542-e8 m51q-d m51q-f m51q-1 m51q-2\" href=\"https:\/\/visitrauland.com\/rauland-feriesenter\/kjop-heiskort-online\/\"><figure class=\"x-div e6542-e9 m51q-j m51q-k\"><span class=\"x-image e6542-e10 m51q-m\"><noscript><img decoding=\"async\" src=\"https:\/\/visitrauland.com\/rauland-feriesenter\/wp-content\/uploads\/sites\/19\/2026\/02\/Rauland-06034_1920_1771939373.jpg\" width=\"960\" height=\"540\" alt=\"Featured image for \u201cKj\u00f8p heiskort online\u201d\"><\/noscript><img decoding=\"async\" src=\"data:image\/svg+xml,%3Csvg%20xmlns%3D%22http%3A%2F%2Fwww.w3.org%2F2000%2Fsvg%22%20viewBox%3D%220%200%20960%20540%22%3E%3C%2Fsvg%3E\" width=\"960\" height=\"540\" alt=\"Featured image for \u201cKj\u00f8p heiskort online\u201d\" data-src=\"https:\/\/visitrauland.com\/rauland-feriesenter\/wp-content\/uploads\/sites\/19\/2026\/02\/Rauland-06034_1920_1771939373.jpg\" class=\" lazyload\"><\/span><\/figure><article class=\"x-div e6542-e11 m51q-k m51q-l\"><div class=\"x-text x-text-headline e6542-e12 m51q-h m51q-i m51q-1 m51q-3 max-2-lines force-inter\"><div class=\"x-text-content\"><div class=\"x-text-content-text\"><h2 class=\"x-text-content-text-primary\">Kj\u00f8p heiskort online<\/h2>\n<\/div><\/div><\/div><div class=\"x-text x-content e6542-e13 m51q-n\">Er du klar for \u00e5 teste bakkene p\u00e5 Rauland Skisenter? Heiskort kj\u00f8pes online her! Velkommen ut p\u00e5 ski! Nedenfor ser&hellip;<\/div><\/article><\/a><a class=\"x-col e6542-e8 m51q-d m51q-f m51q-1 m51q-2\" href=\"https:\/\/visitrauland.com\/rauland-feriesenter\/oppdag-rauland-med-vart-nye-sommerkart\/\"><figure class=\"x-div e6542-e9 m51q-j m51q-k\"><span class=\"x-image e6542-e10 m51q-m\"><noscript><img decoding=\"async\" src=\"https:\/\/visitrauland.com\/rauland-feriesenter\/wp-content\/uploads\/sites\/19\/2024\/07\/Sommerkart-2024_1720011788.jpg\" width=\"960\" height=\"540\" alt=\"Featured image for \u201cOppdag Rauland med v\u00e5rt nye kart\u201d\"><\/noscript><img decoding=\"async\" src=\"data:image\/svg+xml,%3Csvg%20xmlns%3D%22http%3A%2F%2Fwww.w3.org%2F2000%2Fsvg%22%20viewBox%3D%220%200%20960%20540%22%3E%3C%2Fsvg%3E\" width=\"960\" height=\"540\" alt=\"Featured image for \u201cOppdag Rauland med v\u00e5rt nye kart\u201d\" data-src=\"https:\/\/visitrauland.com\/rauland-feriesenter\/wp-content\/uploads\/sites\/19\/2024\/07\/Sommerkart-2024_1720011788.jpg\" class=\" lazyload\"><\/span><\/figure><article class=\"x-div e6542-e11 m51q-k m51q-l\"><div class=\"x-text x-text-headline e6542-e12 m51q-h m51q-i m51q-1 m51q-3 max-2-lines force-inter\"><div class=\"x-text-content\"><div class=\"x-text-content-text\"><h2 class=\"x-text-content-text-primary\">Oppdag Rauland med v\u00e5rt nye kart<\/h2>\n<\/div><\/div><\/div><div class=\"x-text x-content e6542-e13 m51q-n\">Er du klar for sommerens eventyr? Vi har laget et flott sommerkart over Rauland og omr\u00e5det rundt, som viser alle&hellip;<\/div><\/article><\/a><a class=\"x-col e6542-e8 m51q-d m51q-f m51q-1 m51q-2\" href=\"https:\/\/visitrauland.com\/rauland-feriesenter\/lei-ut-din-hytte-eller-leilighet-pa-rauland\/\"><figure class=\"x-div e6542-e9 m51q-j m51q-k\"><span class=\"x-image e6542-e10 m51q-m\"><noscript><img decoding=\"async\" src=\"https:\/\/visitrauland.com\/rauland-feriesenter\/wp-content\/uploads\/sites\/19\/2022\/08\/sommer040_1920.jpg\" width=\"960\" height=\"540\" alt=\"Featured image for \u201cLei ut din hytte eller leilighet p\u00e5 Rauland\u201d\"><\/noscript><img decoding=\"async\" src=\"data:image\/svg+xml,%3Csvg%20xmlns%3D%22http%3A%2F%2Fwww.w3.org%2F2000%2Fsvg%22%20viewBox%3D%220%200%20960%20540%22%3E%3C%2Fsvg%3E\" width=\"960\" height=\"540\" alt=\"Featured image for \u201cLei ut din hytte eller leilighet p\u00e5 Rauland\u201d\" data-src=\"https:\/\/visitrauland.com\/rauland-feriesenter\/wp-content\/uploads\/sites\/19\/2022\/08\/sommer040_1920.jpg\" class=\" lazyload\"><\/span><\/figure><article class=\"x-div e6542-e11 m51q-k m51q-l\"><div class=\"x-text x-text-headline e6542-e12 m51q-h m51q-i m51q-1 m51q-3 max-2-lines force-inter\"><div class=\"x-text-content\"><div class=\"x-text-content-text\"><h2 class=\"x-text-content-text-primary\">Lei ut din hytte eller leilighet p\u00e5 Rauland<\/h2>\n<\/div><\/div><\/div><div class=\"x-text x-content e6542-e13 m51q-n\">Har du hytte eller leilighet som st\u00e5r mye ubrukt? Da kan du leie den ut via Rauland Feriesenter Rauland Feriesenter&hellip;<\/div><\/article><\/a><\/div><\/div><\/div><\/div><\/div><\/div><\/div>\n","protected":false},"excerpt":{"rendered":"<p>Aktuelt Siste liten &#8211; p\u00e5sketilbud! Siste liten &#8211; p\u00e5sketilbud! Dr\u00f8mmer du om sol p\u00e5 fjellet, ski rett utenfor d\u00f8ra og avslapning i badstue etter en&hellip;P\u00e5skefest 2026 \u2013 Billetter i salg n\u00e5! Det ligger an til \u00e5 bli nok en heftig konsertp\u00e5ske til fjells i 2026! Vi har artist line-up\u2019en klar, og&hellip;Kj\u00f8p heiskort online Er du klar for \u00e5 teste bakkene &#8230; <\/p>\n<div><a href=\"https:\/\/visitrauland.com\/rauland-feriesenter\/nyheter\/\" class=\"more-link\">Les Mer<\/a><\/div>\n","protected":false},"author":3,"featured_media":0,"parent":0,"menu_order":0,"comment_status":"closed","ping_status":"closed","template":"template-blank-1.php","meta":{"_relevanssi_hide_post":"","_relevanssi_hide_content":"","_relevanssi_pin_for_all":"","_relevanssi_pin_keywords":"","_relevanssi_unpin_keywords":"","_relevanssi_related_keywords":"","_relevanssi_related_include_ids":"","_relevanssi_related_exclude_ids":"","_relevanssi_related_no_append":"","_relevanssi_related_not_related":"","_relevanssi_related_posts":"698,5828,6171,1915,6167,648","_relevanssi_noindex_reason":"","seo_booster_metabox":"","footnotes":""},"class_list":["post-6542","page","type-page","status-publish","hentry","no-post-thumbnail"],"yoast_head":"<!-- This site is optimized with the Yoast SEO plugin v27.2 - https:\/\/yoast.com\/product\/yoast-seo-wordpress\/ -->\n<title>Nyheter - Rauland Feriesenter<\/title>\n<meta name=\"robots\" content=\"index, follow, max-snippet:-1, max-image-preview:large, max-video-preview:-1\" \/>\n<link rel=\"canonical\" href=\"https:\/\/visitrauland.com\/rauland-feriesenter\/nyheter\/\" \/>\n<meta property=\"og:locale\" content=\"nb_NO\" \/>\n<meta property=\"og:type\" content=\"article\" \/>\n<meta property=\"og:title\" content=\"Nyheter - Rauland Feriesenter\" \/>\n<meta property=\"og:description\" content=\"Aktuelt Siste liten &#8211; p\u00e5sketilbud! Siste liten &#8211; p\u00e5sketilbud! Dr\u00f8mmer du om sol p\u00e5 fjellet, ski rett utenfor d\u00f8ra og avslapning i badstue etter en&hellip;P\u00e5skefest 2026 \u2013 Billetter i salg n\u00e5! Det ligger an til \u00e5 bli nok en heftig konsertp\u00e5ske til fjells i 2026! Vi har artist line-up\u2019en klar, og&hellip;Kj\u00f8p heiskort online Er du klar for \u00e5 teste bakkene ... Les Mer\" \/>\n<meta property=\"og:url\" content=\"https:\/\/visitrauland.com\/rauland-feriesenter\/nyheter\/\" \/>\n<meta property=\"og:site_name\" content=\"Rauland Feriesenter\" \/>\n<meta property=\"article:modified_time\" content=\"2026-01-09T09:49:29+00:00\" \/>\n<meta name=\"twitter:card\" content=\"summary_large_image\" \/>\n<script type=\"application\/ld+json\" class=\"yoast-schema-graph\">{\"@context\":\"https:\/\/schema.org\",\"@graph\":[{\"@type\":\"WebPage\",\"@id\":\"https:\/\/visitrauland.com\/rauland-feriesenter\/nyheter\/\",\"url\":\"https:\/\/visitrauland.com\/rauland-feriesenter\/nyheter\/\",\"name\":\"Nyheter - Rauland Feriesenter\",\"isPartOf\":{\"@id\":\"https:\/\/visitrauland.com\/rauland-feriesenter\/#website\"},\"datePublished\":\"2026-01-09T09:48:43+00:00\",\"dateModified\":\"2026-01-09T09:49:29+00:00\",\"breadcrumb\":{\"@id\":\"https:\/\/visitrauland.com\/rauland-feriesenter\/nyheter\/#breadcrumb\"},\"inLanguage\":\"nb-NO\",\"potentialAction\":[{\"@type\":\"ReadAction\",\"target\":[\"https:\/\/visitrauland.com\/rauland-feriesenter\/nyheter\/\"]}]},{\"@type\":\"BreadcrumbList\",\"@id\":\"https:\/\/visitrauland.com\/rauland-feriesenter\/nyheter\/#breadcrumb\",\"itemListElement\":[{\"@type\":\"ListItem\",\"position\":1,\"name\":\"Hjem\",\"item\":\"https:\/\/visitrauland.com\/rauland-feriesenter\/\"},{\"@type\":\"ListItem\",\"position\":2,\"name\":\"Nyheter\"}]},{\"@type\":\"WebSite\",\"@id\":\"https:\/\/visitrauland.com\/rauland-feriesenter\/#website\",\"url\":\"https:\/\/visitrauland.com\/rauland-feriesenter\/\",\"name\":\"Rauland Feriesenter\",\"description\":\"Utleie av hytter og leiligheter i Rauland\",\"potentialAction\":[{\"@type\":\"SearchAction\",\"target\":{\"@type\":\"EntryPoint\",\"urlTemplate\":\"https:\/\/visitrauland.com\/rauland-feriesenter\/?s={search_term_string}\"},\"query-input\":{\"@type\":\"PropertyValueSpecification\",\"valueRequired\":true,\"valueName\":\"search_term_string\"}}],\"inLanguage\":\"nb-NO\"}]}<\/script>\n<!-- \/ Yoast SEO plugin. -->","yoast_head_json":{"title":"Nyheter - Rauland Feriesenter","robots":{"index":"index","follow":"follow","max-snippet":"max-snippet:-1","max-image-preview":"max-image-preview:large","max-video-preview":"max-video-preview:-1"},"canonical":"https:\/\/visitrauland.com\/rauland-feriesenter\/nyheter\/","og_locale":"nb_NO","og_type":"article","og_title":"Nyheter - Rauland Feriesenter","og_description":"Aktuelt Siste liten &#8211; p\u00e5sketilbud! Siste liten &#8211; p\u00e5sketilbud! Dr\u00f8mmer du om sol p\u00e5 fjellet, ski rett utenfor d\u00f8ra og avslapning i badstue etter en&hellip;P\u00e5skefest 2026 \u2013 Billetter i salg n\u00e5! Det ligger an til \u00e5 bli nok en heftig konsertp\u00e5ske til fjells i 2026! Vi har artist line-up\u2019en klar, og&hellip;Kj\u00f8p heiskort online Er du klar for \u00e5 teste bakkene ... Les Mer","og_url":"https:\/\/visitrauland.com\/rauland-feriesenter\/nyheter\/","og_site_name":"Rauland Feriesenter","article_modified_time":"2026-01-09T09:49:29+00:00","twitter_card":"summary_large_image","schema":{"@context":"https:\/\/schema.org","@graph":[{"@type":"WebPage","@id":"https:\/\/visitrauland.com\/rauland-feriesenter\/nyheter\/","url":"https:\/\/visitrauland.com\/rauland-feriesenter\/nyheter\/","name":"Nyheter - Rauland Feriesenter","isPartOf":{"@id":"https:\/\/visitrauland.com\/rauland-feriesenter\/#website"},"datePublished":"2026-01-09T09:48:43+00:00","dateModified":"2026-01-09T09:49:29+00:00","breadcrumb":{"@id":"https:\/\/visitrauland.com\/rauland-feriesenter\/nyheter\/#breadcrumb"},"inLanguage":"nb-NO","potentialAction":[{"@type":"ReadAction","target":["https:\/\/visitrauland.com\/rauland-feriesenter\/nyheter\/"]}]},{"@type":"BreadcrumbList","@id":"https:\/\/visitrauland.com\/rauland-feriesenter\/nyheter\/#breadcrumb","itemListElement":[{"@type":"ListItem","position":1,"name":"Hjem","item":"https:\/\/visitrauland.com\/rauland-feriesenter\/"},{"@type":"ListItem","position":2,"name":"Nyheter"}]},{"@type":"WebSite","@id":"https:\/\/visitrauland.com\/rauland-feriesenter\/#website","url":"https:\/\/visitrauland.com\/rauland-feriesenter\/","name":"Rauland Feriesenter","description":"Utleie av hytter og leiligheter i Rauland","potentialAction":[{"@type":"SearchAction","target":{"@type":"EntryPoint","urlTemplate":"https:\/\/visitrauland.com\/rauland-feriesenter\/?s={search_term_string}"},"query-input":{"@type":"PropertyValueSpecification","valueRequired":true,"valueName":"search_term_string"}}],"inLanguage":"nb-NO"}]}},"publishpress_future_action":{"enabled":false,"date":"2026-04-14 06:50:59","action":"change-status","newStatus":"draft","terms":[],"taxonomy":"","extraData":[]},"publishpress_future_workflow_manual_trigger":{"enabledWorkflows":[]},"_links":{"self":[{"href":"https:\/\/visitrauland.com\/rauland-feriesenter\/wp-json\/wp\/v2\/pages\/6542","targetHints":{"allow":["GET"]}}],"collection":[{"href":"https:\/\/visitrauland.com\/rauland-feriesenter\/wp-json\/wp\/v2\/pages"}],"about":[{"href":"https:\/\/visitrauland.com\/rauland-feriesenter\/wp-json\/wp\/v2\/types\/page"}],"author":[{"embeddable":true,"href":"https:\/\/visitrauland.com\/rauland-feriesenter\/wp-json\/wp\/v2\/users\/3"}],"replies":[{"embeddable":true,"href":"https:\/\/visitrauland.com\/rauland-feriesenter\/wp-json\/wp\/v2\/comments?post=6542"}],"version-history":[{"count":2,"href":"https:\/\/visitrauland.com\/rauland-feriesenter\/wp-json\/wp\/v2\/pages\/6542\/revisions"}],"predecessor-version":[{"id":6545,"href":"https:\/\/visitrauland.com\/rauland-feriesenter\/wp-json\/wp\/v2\/pages\/6542\/revisions\/6545"}],"wp:attachment":[{"href":"https:\/\/visitrauland.com\/rauland-feriesenter\/wp-json\/wp\/v2\/media?parent=6542"}],"curies":[{"name":"wp","href":"https:\/\/api.w.org\/{rel}","templated":true}]}}