{"id":2826,"date":"2020-03-05T19:03:34","date_gmt":"2020-03-05T18:03:34","guid":{"rendered":"https:\/\/visitrauland.com\/rauland-feriesenter\/?page_id=2826"},"modified":"2022-01-10T13:58:09","modified_gmt":"2022-01-10T12:58:09","slug":"tilbud","status":"publish","type":"page","link":"https:\/\/visitrauland.com\/rauland-feriesenter\/tilbud\/","title":{"rendered":"Send oss en foresp\u00f8rsel!"},"content":{"rendered":"<div id=\"cs-content\" class=\"cs-content\"><\/div>\n","protected":false},"excerpt":{"rendered":"<p>[horizontal_dashboard] Skiferie i Rauland &#8211; Telemarks st\u00f8rste skidestinasjon Bo i komfortable hytter og leiligheter med topp standard og ski inn-ski ut til Rauland Skisenter med 16 heiser og 39 nedfarter. Overnatting inkl. heiskort. Send oss en foresp\u00f8rsel og vi finner det beste alternativet til dere. Se \u00e5pne bakker og heiser Dagstur? Ditt heiskort&nbsp;kj\u00f8per du online SEND OSS EN FORESP\u00d8RSEL Ditt &#8230; <\/p>\n<div><a href=\"https:\/\/visitrauland.com\/rauland-feriesenter\/tilbud\/\" class=\"more-link\">Les Mer<\/a><\/div>\n","protected":false},"author":10,"featured_media":0,"parent":0,"menu_order":0,"comment_status":"closed","ping_status":"closed","template":"template-blank-4.php","meta":{"_relevanssi_hide_post":"","_relevanssi_hide_content":"","_relevanssi_pin_for_all":"","_relevanssi_pin_keywords":"","_relevanssi_unpin_keywords":"","_relevanssi_related_keywords":"","_relevanssi_related_include_ids":"","_relevanssi_related_exclude_ids":"","_relevanssi_related_no_append":"","_relevanssi_related_not_related":"","_relevanssi_related_posts":"","_relevanssi_noindex_reason":"","seo_booster_metabox":"","footnotes":""},"class_list":["post-2826","page","type-page","status-publish","hentry","no-post-thumbnail"],"yoast_head":"<!-- This site is optimized with the Yoast SEO plugin v27.2 - https:\/\/yoast.com\/product\/yoast-seo-wordpress\/ -->\n<title>Send oss en foresp\u00f8rsel! - Rauland Feriesenter<\/title>\n<meta name=\"robots\" content=\"index, follow, max-snippet:-1, max-image-preview:large, max-video-preview:-1\" \/>\n<link rel=\"canonical\" href=\"https:\/\/visitrauland.com\/rauland-feriesenter\/tilbud\/\" \/>\n<meta property=\"og:locale\" content=\"nb_NO\" \/>\n<meta property=\"og:type\" content=\"article\" \/>\n<meta property=\"og:title\" content=\"Send oss en foresp\u00f8rsel! - Rauland Feriesenter\" \/>\n<meta property=\"og:description\" content=\"[horizontal_dashboard] Skiferie i Rauland - Telemarks st\u00f8rste skidestinasjon Bo i komfortable hytter og leiligheter med topp standard og ski inn-ski ut til Rauland Skisenter med 16 heiser og 39 nedfarter. Overnatting inkl. heiskort. Send oss en foresp\u00f8rsel og vi finner det beste alternativet til dere. Se \u00e5pne bakker og heiser Dagstur? Ditt heiskort&nbsp;kj\u00f8per du online SEND OSS EN FORESP\u00d8RSEL Ditt ... Les Mer\" \/>\n<meta property=\"og:url\" content=\"https:\/\/visitrauland.com\/rauland-feriesenter\/tilbud\/\" \/>\n<meta property=\"og:site_name\" content=\"Rauland Feriesenter\" \/>\n<meta property=\"article:modified_time\" content=\"2022-01-10T12:58:09+00:00\" \/>\n<meta property=\"og:image\" content=\"https:\/\/visitrauland.com\/rauland-feriesenter\/wp-content\/uploads\/sites\/19\/2019\/10\/Hytter-og-leiligheter-Utsyn-ute-2.jpg\" \/>\n<meta name=\"twitter:card\" content=\"summary_large_image\" \/>\n<meta name=\"twitter:label1\" content=\"Ansl. lesetid\" \/>\n\t<meta name=\"twitter:data1\" content=\"4 minutter\" \/>\n<script type=\"application\/ld+json\" class=\"yoast-schema-graph\">{\"@context\":\"https:\/\/schema.org\",\"@graph\":[{\"@type\":\"WebPage\",\"@id\":\"https:\/\/visitrauland.com\/rauland-feriesenter\/tilbud\/\",\"url\":\"https:\/\/visitrauland.com\/rauland-feriesenter\/tilbud\/\",\"name\":\"Send oss en foresp\u00f8rsel! - Rauland Feriesenter\",\"isPartOf\":{\"@id\":\"https:\/\/visitrauland.com\/rauland-feriesenter\/#website\"},\"primaryImageOfPage\":{\"@id\":\"https:\/\/visitrauland.com\/rauland-feriesenter\/tilbud\/#primaryimage\"},\"image\":{\"@id\":\"https:\/\/visitrauland.com\/rauland-feriesenter\/tilbud\/#primaryimage\"},\"thumbnailUrl\":\"https:\/\/visitrauland.com\/rauland-feriesenter\/wp-content\/uploads\/sites\/19\/2019\/10\/Hytter-og-leiligheter-Utsyn-ute-2.jpg\",\"datePublished\":\"2020-03-05T18:03:34+00:00\",\"dateModified\":\"2022-01-10T12:58:09+00:00\",\"breadcrumb\":{\"@id\":\"https:\/\/visitrauland.com\/rauland-feriesenter\/tilbud\/#breadcrumb\"},\"inLanguage\":\"nb-NO\",\"potentialAction\":[{\"@type\":\"ReadAction\",\"target\":[\"https:\/\/visitrauland.com\/rauland-feriesenter\/tilbud\/\"]}]},{\"@type\":\"ImageObject\",\"inLanguage\":\"nb-NO\",\"@id\":\"https:\/\/visitrauland.com\/rauland-feriesenter\/tilbud\/#primaryimage\",\"url\":\"https:\/\/visitrauland.com\/rauland-feriesenter\/wp-content\/uploads\/sites\/19\/2019\/10\/Hytter-og-leiligheter-Utsyn-ute-2.jpg\",\"contentUrl\":\"https:\/\/visitrauland.com\/rauland-feriesenter\/wp-content\/uploads\/sites\/19\/2019\/10\/Hytter-og-leiligheter-Utsyn-ute-2.jpg\",\"width\":1920,\"height\":1080,\"caption\":\"T\u00f8mmerhytte dekket av sn\u00f8 i naturskj\u00f8nne omgivelser under klar bl\u00e5 himmel.\"},{\"@type\":\"BreadcrumbList\",\"@id\":\"https:\/\/visitrauland.com\/rauland-feriesenter\/tilbud\/#breadcrumb\",\"itemListElement\":[{\"@type\":\"ListItem\",\"position\":1,\"name\":\"Hjem\",\"item\":\"https:\/\/visitrauland.com\/rauland-feriesenter\/\"},{\"@type\":\"ListItem\",\"position\":2,\"name\":\"Send oss en foresp\u00f8rsel!\"}]},{\"@type\":\"WebSite\",\"@id\":\"https:\/\/visitrauland.com\/rauland-feriesenter\/#website\",\"url\":\"https:\/\/visitrauland.com\/rauland-feriesenter\/\",\"name\":\"Rauland Feriesenter\",\"description\":\"Utleie av hytter og leiligheter i Rauland\",\"potentialAction\":[{\"@type\":\"SearchAction\",\"target\":{\"@type\":\"EntryPoint\",\"urlTemplate\":\"https:\/\/visitrauland.com\/rauland-feriesenter\/?s={search_term_string}\"},\"query-input\":{\"@type\":\"PropertyValueSpecification\",\"valueRequired\":true,\"valueName\":\"search_term_string\"}}],\"inLanguage\":\"nb-NO\"}]}<\/script>\n<!-- \/ Yoast SEO plugin. -->","yoast_head_json":{"title":"Send oss en foresp\u00f8rsel! - Rauland Feriesenter","robots":{"index":"index","follow":"follow","max-snippet":"max-snippet:-1","max-image-preview":"max-image-preview:large","max-video-preview":"max-video-preview:-1"},"canonical":"https:\/\/visitrauland.com\/rauland-feriesenter\/tilbud\/","og_locale":"nb_NO","og_type":"article","og_title":"Send oss en foresp\u00f8rsel! - Rauland Feriesenter","og_description":"[horizontal_dashboard] Skiferie i Rauland - Telemarks st\u00f8rste skidestinasjon Bo i komfortable hytter og leiligheter med topp standard og ski inn-ski ut til Rauland Skisenter med 16 heiser og 39 nedfarter. Overnatting inkl. heiskort. Send oss en foresp\u00f8rsel og vi finner det beste alternativet til dere. Se \u00e5pne bakker og heiser Dagstur? Ditt heiskort&nbsp;kj\u00f8per du online SEND OSS EN FORESP\u00d8RSEL Ditt ... Les Mer","og_url":"https:\/\/visitrauland.com\/rauland-feriesenter\/tilbud\/","og_site_name":"Rauland Feriesenter","article_modified_time":"2022-01-10T12:58:09+00:00","og_image":[{"url":"https:\/\/visitrauland.com\/rauland-feriesenter\/wp-content\/uploads\/sites\/19\/2019\/10\/Hytter-og-leiligheter-Utsyn-ute-2.jpg","type":"","width":"","height":""}],"twitter_card":"summary_large_image","twitter_misc":{"Ansl. lesetid":"4 minutter"},"schema":{"@context":"https:\/\/schema.org","@graph":[{"@type":"WebPage","@id":"https:\/\/visitrauland.com\/rauland-feriesenter\/tilbud\/","url":"https:\/\/visitrauland.com\/rauland-feriesenter\/tilbud\/","name":"Send oss en foresp\u00f8rsel! - Rauland Feriesenter","isPartOf":{"@id":"https:\/\/visitrauland.com\/rauland-feriesenter\/#website"},"primaryImageOfPage":{"@id":"https:\/\/visitrauland.com\/rauland-feriesenter\/tilbud\/#primaryimage"},"image":{"@id":"https:\/\/visitrauland.com\/rauland-feriesenter\/tilbud\/#primaryimage"},"thumbnailUrl":"https:\/\/visitrauland.com\/rauland-feriesenter\/wp-content\/uploads\/sites\/19\/2019\/10\/Hytter-og-leiligheter-Utsyn-ute-2.jpg","datePublished":"2020-03-05T18:03:34+00:00","dateModified":"2022-01-10T12:58:09+00:00","breadcrumb":{"@id":"https:\/\/visitrauland.com\/rauland-feriesenter\/tilbud\/#breadcrumb"},"inLanguage":"nb-NO","potentialAction":[{"@type":"ReadAction","target":["https:\/\/visitrauland.com\/rauland-feriesenter\/tilbud\/"]}]},{"@type":"ImageObject","inLanguage":"nb-NO","@id":"https:\/\/visitrauland.com\/rauland-feriesenter\/tilbud\/#primaryimage","url":"https:\/\/visitrauland.com\/rauland-feriesenter\/wp-content\/uploads\/sites\/19\/2019\/10\/Hytter-og-leiligheter-Utsyn-ute-2.jpg","contentUrl":"https:\/\/visitrauland.com\/rauland-feriesenter\/wp-content\/uploads\/sites\/19\/2019\/10\/Hytter-og-leiligheter-Utsyn-ute-2.jpg","width":1920,"height":1080,"caption":"T\u00f8mmerhytte dekket av sn\u00f8 i naturskj\u00f8nne omgivelser under klar bl\u00e5 himmel."},{"@type":"BreadcrumbList","@id":"https:\/\/visitrauland.com\/rauland-feriesenter\/tilbud\/#breadcrumb","itemListElement":[{"@type":"ListItem","position":1,"name":"Hjem","item":"https:\/\/visitrauland.com\/rauland-feriesenter\/"},{"@type":"ListItem","position":2,"name":"Send oss en foresp\u00f8rsel!"}]},{"@type":"WebSite","@id":"https:\/\/visitrauland.com\/rauland-feriesenter\/#website","url":"https:\/\/visitrauland.com\/rauland-feriesenter\/","name":"Rauland Feriesenter","description":"Utleie av hytter og leiligheter i Rauland","potentialAction":[{"@type":"SearchAction","target":{"@type":"EntryPoint","urlTemplate":"https:\/\/visitrauland.com\/rauland-feriesenter\/?s={search_term_string}"},"query-input":{"@type":"PropertyValueSpecification","valueRequired":true,"valueName":"search_term_string"}}],"inLanguage":"nb-NO"}]}},"publishpress_future_action":{"enabled":false,"date":"2026-04-11 13:44:25","action":"change-status","newStatus":"draft","terms":[],"taxonomy":"","extraData":[]},"publishpress_future_workflow_manual_trigger":{"enabledWorkflows":[]},"_links":{"self":[{"href":"https:\/\/visitrauland.com\/rauland-feriesenter\/wp-json\/wp\/v2\/pages\/2826","targetHints":{"allow":["GET"]}}],"collection":[{"href":"https:\/\/visitrauland.com\/rauland-feriesenter\/wp-json\/wp\/v2\/pages"}],"about":[{"href":"https:\/\/visitrauland.com\/rauland-feriesenter\/wp-json\/wp\/v2\/types\/page"}],"author":[{"embeddable":true,"href":"https:\/\/visitrauland.com\/rauland-feriesenter\/wp-json\/wp\/v2\/users\/10"}],"replies":[{"embeddable":true,"href":"https:\/\/visitrauland.com\/rauland-feriesenter\/wp-json\/wp\/v2\/comments?post=2826"}],"version-history":[{"count":11,"href":"https:\/\/visitrauland.com\/rauland-feriesenter\/wp-json\/wp\/v2\/pages\/2826\/revisions"}],"predecessor-version":[{"id":4308,"href":"https:\/\/visitrauland.com\/rauland-feriesenter\/wp-json\/wp\/v2\/pages\/2826\/revisions\/4308"}],"wp:attachment":[{"href":"https:\/\/visitrauland.com\/rauland-feriesenter\/wp-json\/wp\/v2\/media?parent=2826"}],"curies":[{"name":"wp","href":"https:\/\/api.w.org\/{rel}","templated":true}]}}