{"id":2485,"date":"2019-07-19T11:04:58","date_gmt":"2019-07-19T09:04:58","guid":{"rendered":"https:\/\/visitrauland.com\/rauland-feriesenter\/?page_id=2485"},"modified":"2025-09-08T12:02:42","modified_gmt":"2025-09-08T10:02:42","slug":"bli-utleier-2","status":"publish","type":"page","link":"https:\/\/visitrauland.com\/rauland-feriesenter\/bli-utleier-2\/","title":{"rendered":"Bli utleier p\u00e5 Rauland"},"content":{"rendered":"<div id=\"cs-content\" class=\"cs-content\"><\/div>\n","protected":false},"excerpt":{"rendered":"","protected":false},"author":10,"featured_media":0,"parent":0,"menu_order":0,"comment_status":"closed","ping_status":"closed","template":"","meta":{"_relevanssi_hide_post":"","_relevanssi_hide_content":"","_relevanssi_pin_for_all":"","_relevanssi_pin_keywords":"","_relevanssi_unpin_keywords":"","_relevanssi_related_keywords":"","_relevanssi_related_include_ids":"","_relevanssi_related_exclude_ids":"","_relevanssi_related_no_append":"","_relevanssi_related_not_related":"","_relevanssi_related_posts":"5067,6359,681,6099,5824,6356","_relevanssi_noindex_reason":"","seo_booster_metabox":"","footnotes":""},"class_list":["post-2485","page","type-page","status-publish","hentry","no-post-thumbnail"],"yoast_head":"<!-- This site is optimized with the Yoast SEO plugin v27.2 - https:\/\/yoast.com\/product\/yoast-seo-wordpress\/ -->\n<title>Bli utleier p\u00e5 Rauland - Rauland Feriesenter<\/title>\n<meta name=\"description\" content=\"Bli utleier du ogs\u00e5. Hos oss kan du trygt leie ut din hytte eller leilighet p\u00e5 Rauland.\" \/>\n<meta name=\"robots\" content=\"index, follow, max-snippet:-1, max-image-preview:large, max-video-preview:-1\" \/>\n<link rel=\"canonical\" href=\"https:\/\/visitrauland.com\/rauland-feriesenter\/bli-utleier-2\/\" \/>\n<meta property=\"og:locale\" content=\"nb_NO\" \/>\n<meta property=\"og:type\" content=\"article\" \/>\n<meta property=\"og:title\" content=\"Bli utleier p\u00e5 Rauland - Rauland Feriesenter\" \/>\n<meta property=\"og:description\" content=\"Bli utleier du ogs\u00e5. Hos oss kan du trygt leie ut din hytte eller leilighet p\u00e5 Rauland.\" \/>\n<meta property=\"og:url\" content=\"https:\/\/visitrauland.com\/rauland-feriesenter\/bli-utleier-2\/\" \/>\n<meta property=\"og:site_name\" content=\"Rauland Feriesenter\" \/>\n<meta property=\"article:modified_time\" content=\"2025-09-08T10:02:42+00:00\" \/>\n<meta name=\"twitter:card\" content=\"summary_large_image\" \/>\n<meta name=\"twitter:label1\" content=\"Ansl. lesetid\" \/>\n\t<meta name=\"twitter:data1\" content=\"5 minutter\" \/>\n<script type=\"application\/ld+json\" class=\"yoast-schema-graph\">{\"@context\":\"https:\/\/schema.org\",\"@graph\":[{\"@type\":\"WebPage\",\"@id\":\"https:\/\/visitrauland.com\/rauland-feriesenter\/bli-utleier-2\/\",\"url\":\"https:\/\/visitrauland.com\/rauland-feriesenter\/bli-utleier-2\/\",\"name\":\"Bli utleier p\u00e5 Rauland - Rauland Feriesenter\",\"isPartOf\":{\"@id\":\"https:\/\/visitrauland.com\/rauland-feriesenter\/#website\"},\"datePublished\":\"2019-07-19T09:04:58+00:00\",\"dateModified\":\"2025-09-08T10:02:42+00:00\",\"description\":\"Bli utleier du ogs\u00e5. Hos oss kan du trygt leie ut din hytte eller leilighet p\u00e5 Rauland.\",\"breadcrumb\":{\"@id\":\"https:\/\/visitrauland.com\/rauland-feriesenter\/bli-utleier-2\/#breadcrumb\"},\"inLanguage\":\"nb-NO\",\"potentialAction\":[{\"@type\":\"ReadAction\",\"target\":[\"https:\/\/visitrauland.com\/rauland-feriesenter\/bli-utleier-2\/\"]}]},{\"@type\":\"BreadcrumbList\",\"@id\":\"https:\/\/visitrauland.com\/rauland-feriesenter\/bli-utleier-2\/#breadcrumb\",\"itemListElement\":[{\"@type\":\"ListItem\",\"position\":1,\"name\":\"Hjem\",\"item\":\"https:\/\/visitrauland.com\/rauland-feriesenter\/\"},{\"@type\":\"ListItem\",\"position\":2,\"name\":\"Bli utleier p\u00e5 Rauland\"}]},{\"@type\":\"WebSite\",\"@id\":\"https:\/\/visitrauland.com\/rauland-feriesenter\/#website\",\"url\":\"https:\/\/visitrauland.com\/rauland-feriesenter\/\",\"name\":\"Rauland Feriesenter\",\"description\":\"Utleie av hytter og leiligheter i Rauland\",\"potentialAction\":[{\"@type\":\"SearchAction\",\"target\":{\"@type\":\"EntryPoint\",\"urlTemplate\":\"https:\/\/visitrauland.com\/rauland-feriesenter\/?s={search_term_string}\"},\"query-input\":{\"@type\":\"PropertyValueSpecification\",\"valueRequired\":true,\"valueName\":\"search_term_string\"}}],\"inLanguage\":\"nb-NO\"}]}<\/script>\n<!-- \/ Yoast SEO plugin. -->","yoast_head_json":{"title":"Bli utleier p\u00e5 Rauland - Rauland Feriesenter","description":"Bli utleier du ogs\u00e5. Hos oss kan du trygt leie ut din hytte eller leilighet p\u00e5 Rauland.","robots":{"index":"index","follow":"follow","max-snippet":"max-snippet:-1","max-image-preview":"max-image-preview:large","max-video-preview":"max-video-preview:-1"},"canonical":"https:\/\/visitrauland.com\/rauland-feriesenter\/bli-utleier-2\/","og_locale":"nb_NO","og_type":"article","og_title":"Bli utleier p\u00e5 Rauland - Rauland Feriesenter","og_description":"Bli utleier du ogs\u00e5. Hos oss kan du trygt leie ut din hytte eller leilighet p\u00e5 Rauland.","og_url":"https:\/\/visitrauland.com\/rauland-feriesenter\/bli-utleier-2\/","og_site_name":"Rauland Feriesenter","article_modified_time":"2025-09-08T10:02:42+00:00","twitter_card":"summary_large_image","twitter_misc":{"Ansl. lesetid":"5 minutter"},"schema":{"@context":"https:\/\/schema.org","@graph":[{"@type":"WebPage","@id":"https:\/\/visitrauland.com\/rauland-feriesenter\/bli-utleier-2\/","url":"https:\/\/visitrauland.com\/rauland-feriesenter\/bli-utleier-2\/","name":"Bli utleier p\u00e5 Rauland - Rauland Feriesenter","isPartOf":{"@id":"https:\/\/visitrauland.com\/rauland-feriesenter\/#website"},"datePublished":"2019-07-19T09:04:58+00:00","dateModified":"2025-09-08T10:02:42+00:00","description":"Bli utleier du ogs\u00e5. Hos oss kan du trygt leie ut din hytte eller leilighet p\u00e5 Rauland.","breadcrumb":{"@id":"https:\/\/visitrauland.com\/rauland-feriesenter\/bli-utleier-2\/#breadcrumb"},"inLanguage":"nb-NO","potentialAction":[{"@type":"ReadAction","target":["https:\/\/visitrauland.com\/rauland-feriesenter\/bli-utleier-2\/"]}]},{"@type":"BreadcrumbList","@id":"https:\/\/visitrauland.com\/rauland-feriesenter\/bli-utleier-2\/#breadcrumb","itemListElement":[{"@type":"ListItem","position":1,"name":"Hjem","item":"https:\/\/visitrauland.com\/rauland-feriesenter\/"},{"@type":"ListItem","position":2,"name":"Bli utleier p\u00e5 Rauland"}]},{"@type":"WebSite","@id":"https:\/\/visitrauland.com\/rauland-feriesenter\/#website","url":"https:\/\/visitrauland.com\/rauland-feriesenter\/","name":"Rauland Feriesenter","description":"Utleie av hytter og leiligheter i Rauland","potentialAction":[{"@type":"SearchAction","target":{"@type":"EntryPoint","urlTemplate":"https:\/\/visitrauland.com\/rauland-feriesenter\/?s={search_term_string}"},"query-input":{"@type":"PropertyValueSpecification","valueRequired":true,"valueName":"search_term_string"}}],"inLanguage":"nb-NO"}]}},"publishpress_future_action":{"enabled":false,"date":"2026-04-14 10:45:05","action":"change-status","newStatus":"draft","terms":[],"taxonomy":"","extraData":[]},"publishpress_future_workflow_manual_trigger":{"enabledWorkflows":[]},"_links":{"self":[{"href":"https:\/\/visitrauland.com\/rauland-feriesenter\/wp-json\/wp\/v2\/pages\/2485","targetHints":{"allow":["GET"]}}],"collection":[{"href":"https:\/\/visitrauland.com\/rauland-feriesenter\/wp-json\/wp\/v2\/pages"}],"about":[{"href":"https:\/\/visitrauland.com\/rauland-feriesenter\/wp-json\/wp\/v2\/types\/page"}],"author":[{"embeddable":true,"href":"https:\/\/visitrauland.com\/rauland-feriesenter\/wp-json\/wp\/v2\/users\/10"}],"replies":[{"embeddable":true,"href":"https:\/\/visitrauland.com\/rauland-feriesenter\/wp-json\/wp\/v2\/comments?post=2485"}],"version-history":[{"count":14,"href":"https:\/\/visitrauland.com\/rauland-feriesenter\/wp-json\/wp\/v2\/pages\/2485\/revisions"}],"predecessor-version":[{"id":5066,"href":"https:\/\/visitrauland.com\/rauland-feriesenter\/wp-json\/wp\/v2\/pages\/2485\/revisions\/5066"}],"wp:attachment":[{"href":"https:\/\/visitrauland.com\/rauland-feriesenter\/wp-json\/wp\/v2\/media?parent=2485"}],"curies":[{"name":"wp","href":"https:\/\/api.w.org\/{rel}","templated":true}]}}