{"id":1164,"date":"2017-12-08T14:04:21","date_gmt":"2017-12-08T13:04:21","guid":{"rendered":"https:\/\/visitrauland.com\/rauland-feriesenter\/?page_id=1164"},"modified":"2026-01-08T14:15:06","modified_gmt":"2026-01-08T13:15:06","slug":"grupper","status":"publish","type":"page","link":"https:\/\/visitrauland.com\/rauland-feriesenter\/grupper\/","title":{"rendered":"Grupper"},"content":{"rendered":"<div id=\"cs-content\" class=\"cs-content\"><div id=\"x-section-1\" class=\"x-section\" style=\"margin: 0px;padding: 0px; background-color: transparent;\"><div id class=\"x-container\" style=\"margin: 0px auto;padding: 0px;\"><div class=\"x-column x-sm x-1-1\" style=\"padding: 0px;\"><noscript><img decoding=\"async\" class=\"x-img x-img-none\" src=\"https:\/\/visitrauland.com\/rauland-feriesenter\/wp-content\/uploads\/sites\/19\/2019\/11\/MG_6936.jpg\"><\/noscript><img decoding=\"async\" class=\"x-img x-img-none lazyload\" src=\"data:image\/gif;base64,R0lGODlhAQABAIAAAAAAAP\/\/\/yH5BAEAAAAALAAAAAABAAEAAAIBRAA7\" data-src=\"https:\/\/visitrauland.com\/rauland-feriesenter\/wp-content\/uploads\/sites\/19\/2019\/11\/MG_6936.jpg\"><\/div><\/div><div id class=\"x-container\" style=\"margin: 0px auto;padding: 0px;\"><div class=\"x-column x-sm x-1-2\" style=\"padding: 0px;\"><noscript><img decoding=\"async\" class=\"x-img x-img-none\" src=\"https:\/\/visitrauland.com\/rauland-feriesenter\/wp-content\/uploads\/sites\/19\/2017\/12\/Grupper600.jpg\"><\/noscript><img decoding=\"async\" class=\"x-img x-img-none lazyload\" src=\"data:image\/gif;base64,R0lGODlhAQABAIAAAAAAAP\/\/\/yH5BAEAAAAALAAAAAABAAEAAAIBRAA7\" data-src=\"https:\/\/visitrauland.com\/rauland-feriesenter\/wp-content\/uploads\/sites\/19\/2017\/12\/Grupper600.jpg\"><\/div><div class=\"x-column x-sm x-1-2\" style=\"padding: 0px;\"><noscript><img decoding=\"async\" class=\"x-img x-img-none\" src=\"https:\/\/visitrauland.com\/rauland-feriesenter\/wp-content\/uploads\/sites\/19\/2017\/12\/Sno-2-600.jpg\"><\/noscript><img decoding=\"async\" class=\"x-img x-img-none lazyload\" src=\"data:image\/gif;base64,R0lGODlhAQABAIAAAAAAAP\/\/\/yH5BAEAAAAALAAAAAABAAEAAAIBRAA7\" data-src=\"https:\/\/visitrauland.com\/rauland-feriesenter\/wp-content\/uploads\/sites\/19\/2017\/12\/Sno-2-600.jpg\"><\/div><\/div><div id class=\"x-container\" style=\"margin: 0px auto;padding: 0px;\"><div class=\"x-column x-sm x-1-1\" style=\"padding: 0px;\"><div id class=\"x-text\" style><p><strong>Rauland Feriesenter tilbyr konkurransedyktige tilbud og priser til grupper &#8211; enten det er skoleklasser, treningssamlinger eller bedriftssamlinger. Vi tar i mot grupper hele \u00e5ret.<\/strong><\/p>\n<p><strong>F\u00e5 en skreddersydd pakke<\/strong><br>\nVi kan arrangere den perfekte pakke for grupper fra 10 til over 200 personer, og vi kan skreddersy gruppereisen til klasseturer, treningssamlinger, firmaturer, kick off, konfirmantleir &#8211; men ogs\u00e5 private grupper som familier og venneturer.<\/p>\n<p>Vi tilbyr priser basert p\u00e5 overnatting i hytter med selvhushold, overnatting i hytte med frokost og middag p\u00e5 Vierli Kafe.&nbsp; Nistepakke kan ogs\u00e5 kj\u00f8pes i tillegg.<\/p>\n<p>Grupper over 20 personer f\u00e5r rabatt p\u00e5 heiskort. Gruppepriser fra kr 870 pr. person inkl. overnatting, frokost og middag. Med forbehold om ledig kapasitet. Gjelder ikke h\u00f8ytider slik som jul\/nytt\u00e5r, vinterferien og p\u00e5ske.<\/p>\n<\/div><\/div><\/div><\/div><div id=\"x-section-2\" class=\"x-section\" style=\"margin: 0px;padding: 25px 0px 0px; background-color: transparent;\"><div id class=\"x-container\" style=\"margin: 0px auto;padding: 0px;\"><div class=\"x-column x-sm x-1-2\" style=\"padding: 0px;\"><noscript><img decoding=\"async\" class=\"x-img x-img-none\" src=\"https:\/\/visitrauland.com\/rauland-feriesenter\/wp-content\/uploads\/sites\/19\/2017\/12\/Langrenn-600.jpg\"><\/noscript><img decoding=\"async\" class=\"x-img x-img-none lazyload\" src=\"data:image\/gif;base64,R0lGODlhAQABAIAAAAAAAP\/\/\/yH5BAEAAAAALAAAAAABAAEAAAIBRAA7\" data-src=\"https:\/\/visitrauland.com\/rauland-feriesenter\/wp-content\/uploads\/sites\/19\/2017\/12\/Langrenn-600.jpg\"><\/div><div class=\"x-column x-sm x-1-2\" style=\"padding: 0px;\"><noscript><img decoding=\"async\" class=\"x-img x-img-none\" src=\"https:\/\/visitrauland.com\/rauland-feriesenter\/wp-content\/uploads\/sites\/19\/2017\/12\/Skibussen-600.jpg\"><\/noscript><img decoding=\"async\" class=\"x-img x-img-none lazyload\" src=\"data:image\/gif;base64,R0lGODlhAQABAIAAAAAAAP\/\/\/yH5BAEAAAAALAAAAAABAAEAAAIBRAA7\" data-src=\"https:\/\/visitrauland.com\/rauland-feriesenter\/wp-content\/uploads\/sites\/19\/2017\/12\/Skibussen-600.jpg\"><\/div><\/div><\/div><div id=\"x-section-3\" class=\"x-section\" style=\"margin: 0px;padding: 0px; background-color: transparent;\"><div id class=\"x-container\" style=\"margin: 0px auto;padding: 0px;\"><div class=\"x-column x-sm x-1-1\" style=\"padding: 0px;\"><div id class=\"x-text\" style><h5>Utvalgte aktiviteter<\/h5>\n<p>Det finnes mange aktiviteter man kan gj\u00f8re p\u00e5 Vierli\/Rauland. Sett sammen din egen aktivitetspakke! Her er et utvalg av aktiviteter:<\/p>\n<ul>\n<li>Heiskort &#8211; gjelder i Hele Rauland<\/li>\n<li>Leie av skiutstyr<\/li>\n<li>Leie av langrennski<\/li>\n<li>Skiundervisning<\/li>\n<li>Teambuldingsaktiviteter<\/li>\n<li>Kjelketog<\/li>\n<li>Tilgang til bruk av lavvo og grillhytte<\/li>\n<li>Badstuer p\u00e5 Vierli<\/li>\n<li>Hundespannkj\u00f8ring<\/li>\n<\/ul>\n<p>Rett utenfor d\u00f8ren finnes&nbsp;150 km preparerte langrennsl\u00f8yper.<\/p>\n<\/div><\/div><\/div><\/div><div id=\"x-section-4\" class=\"x-section\" style=\"margin: 0px;padding: 0px; background-color: transparent;\"><div id class=\"x-container\" style=\"margin: 0px auto;padding: 0px;\"><div class=\"x-column x-sm x-1-2\" style=\"padding: 0px;\"><noscript><img decoding=\"async\" class=\"x-img x-img-none\" src=\"https:\/\/visitrauland.com\/rauland-feriesenter\/wp-content\/uploads\/sites\/19\/2021\/11\/Holtardalen-toppen-600.jpg\"><\/noscript><img decoding=\"async\" class=\"x-img x-img-none lazyload\" src=\"data:image\/gif;base64,R0lGODlhAQABAIAAAAAAAP\/\/\/yH5BAEAAAAALAAAAAABAAEAAAIBRAA7\" data-src=\"https:\/\/visitrauland.com\/rauland-feriesenter\/wp-content\/uploads\/sites\/19\/2021\/11\/Holtardalen-toppen-600.jpg\"><\/div><div class=\"x-column x-sm x-1-2\" style=\"padding: 0px;\"><noscript><img decoding=\"async\" class=\"x-img x-img-none\" src=\"https:\/\/visitrauland.com\/rauland-feriesenter\/wp-content\/uploads\/sites\/19\/2017\/12\/Sno-2-600.jpg\"><\/noscript><img decoding=\"async\" class=\"x-img x-img-none lazyload\" src=\"data:image\/gif;base64,R0lGODlhAQABAIAAAAAAAP\/\/\/yH5BAEAAAAALAAAAAABAAEAAAIBRAA7\" data-src=\"https:\/\/visitrauland.com\/rauland-feriesenter\/wp-content\/uploads\/sites\/19\/2017\/12\/Sno-2-600.jpg\"><\/div><\/div><div id class=\"x-container\" style=\"margin: 0px auto;padding: 0px;\"><div class=\"x-column x-sm x-1-1\" style=\"padding: 0px;\"><div id class=\"x-text\" style><p><strong>Ta kontakt for et uforpliktende tilbud: <a href=\"mailto:booking@raulandferiesenter.no\">booking@raulandferiesenter.no<\/a><\/strong><\/p>\n<\/div><\/div><\/div><\/div><\/div>\n","protected":false},"excerpt":{"rendered":"","protected":false},"author":1,"featured_media":0,"parent":0,"menu_order":0,"comment_status":"closed","ping_status":"closed","template":"","meta":{"_relevanssi_hide_post":"","_relevanssi_hide_content":"","_relevanssi_pin_for_all":"","_relevanssi_pin_keywords":"","_relevanssi_unpin_keywords":"","_relevanssi_related_keywords":"","_relevanssi_related_include_ids":"","_relevanssi_related_exclude_ids":"","_relevanssi_related_no_append":"","_relevanssi_related_not_related":"","_relevanssi_related_posts":"","_relevanssi_noindex_reason":"","seo_booster_metabox":"","footnotes":""},"class_list":["post-1164","page","type-page","status-publish","hentry","no-post-thumbnail"],"yoast_head":"<!-- This site is optimized with the Yoast SEO plugin v27.2 - https:\/\/yoast.com\/product\/yoast-seo-wordpress\/ -->\n<title>Grupper - Rauland Feriesenter<\/title>\n<meta name=\"robots\" content=\"index, follow, max-snippet:-1, max-image-preview:large, max-video-preview:-1\" \/>\n<link rel=\"canonical\" href=\"https:\/\/visitrauland.com\/rauland-feriesenter\/grupper\/\" \/>\n<meta property=\"og:locale\" content=\"nb_NO\" \/>\n<meta property=\"og:type\" content=\"article\" \/>\n<meta property=\"og:title\" content=\"Grupper - Rauland Feriesenter\" \/>\n<meta property=\"og:url\" content=\"https:\/\/visitrauland.com\/rauland-feriesenter\/grupper\/\" \/>\n<meta property=\"og:site_name\" content=\"Rauland Feriesenter\" \/>\n<meta property=\"article:modified_time\" content=\"2026-01-08T13:15:06+00:00\" \/>\n<meta name=\"twitter:card\" content=\"summary_large_image\" \/>\n<meta name=\"twitter:label1\" content=\"Ansl. lesetid\" \/>\n\t<meta name=\"twitter:data1\" content=\"5 minutter\" \/>\n<script type=\"application\/ld+json\" class=\"yoast-schema-graph\">{\"@context\":\"https:\/\/schema.org\",\"@graph\":[{\"@type\":\"WebPage\",\"@id\":\"https:\/\/visitrauland.com\/rauland-feriesenter\/grupper\/\",\"url\":\"https:\/\/visitrauland.com\/rauland-feriesenter\/grupper\/\",\"name\":\"Grupper - Rauland Feriesenter\",\"isPartOf\":{\"@id\":\"https:\/\/visitrauland.com\/rauland-feriesenter\/#website\"},\"datePublished\":\"2017-12-08T13:04:21+00:00\",\"dateModified\":\"2026-01-08T13:15:06+00:00\",\"breadcrumb\":{\"@id\":\"https:\/\/visitrauland.com\/rauland-feriesenter\/grupper\/#breadcrumb\"},\"inLanguage\":\"nb-NO\",\"potentialAction\":[{\"@type\":\"ReadAction\",\"target\":[\"https:\/\/visitrauland.com\/rauland-feriesenter\/grupper\/\"]}]},{\"@type\":\"BreadcrumbList\",\"@id\":\"https:\/\/visitrauland.com\/rauland-feriesenter\/grupper\/#breadcrumb\",\"itemListElement\":[{\"@type\":\"ListItem\",\"position\":1,\"name\":\"Hjem\",\"item\":\"https:\/\/visitrauland.com\/rauland-feriesenter\/\"},{\"@type\":\"ListItem\",\"position\":2,\"name\":\"Grupper\"}]},{\"@type\":\"WebSite\",\"@id\":\"https:\/\/visitrauland.com\/rauland-feriesenter\/#website\",\"url\":\"https:\/\/visitrauland.com\/rauland-feriesenter\/\",\"name\":\"Rauland Feriesenter\",\"description\":\"Utleie av hytter og leiligheter i Rauland\",\"potentialAction\":[{\"@type\":\"SearchAction\",\"target\":{\"@type\":\"EntryPoint\",\"urlTemplate\":\"https:\/\/visitrauland.com\/rauland-feriesenter\/?s={search_term_string}\"},\"query-input\":{\"@type\":\"PropertyValueSpecification\",\"valueRequired\":true,\"valueName\":\"search_term_string\"}}],\"inLanguage\":\"nb-NO\"}]}<\/script>\n<!-- \/ Yoast SEO plugin. -->","yoast_head_json":{"title":"Grupper - Rauland Feriesenter","robots":{"index":"index","follow":"follow","max-snippet":"max-snippet:-1","max-image-preview":"max-image-preview:large","max-video-preview":"max-video-preview:-1"},"canonical":"https:\/\/visitrauland.com\/rauland-feriesenter\/grupper\/","og_locale":"nb_NO","og_type":"article","og_title":"Grupper - Rauland Feriesenter","og_url":"https:\/\/visitrauland.com\/rauland-feriesenter\/grupper\/","og_site_name":"Rauland Feriesenter","article_modified_time":"2026-01-08T13:15:06+00:00","twitter_card":"summary_large_image","twitter_misc":{"Ansl. lesetid":"5 minutter"},"schema":{"@context":"https:\/\/schema.org","@graph":[{"@type":"WebPage","@id":"https:\/\/visitrauland.com\/rauland-feriesenter\/grupper\/","url":"https:\/\/visitrauland.com\/rauland-feriesenter\/grupper\/","name":"Grupper - Rauland Feriesenter","isPartOf":{"@id":"https:\/\/visitrauland.com\/rauland-feriesenter\/#website"},"datePublished":"2017-12-08T13:04:21+00:00","dateModified":"2026-01-08T13:15:06+00:00","breadcrumb":{"@id":"https:\/\/visitrauland.com\/rauland-feriesenter\/grupper\/#breadcrumb"},"inLanguage":"nb-NO","potentialAction":[{"@type":"ReadAction","target":["https:\/\/visitrauland.com\/rauland-feriesenter\/grupper\/"]}]},{"@type":"BreadcrumbList","@id":"https:\/\/visitrauland.com\/rauland-feriesenter\/grupper\/#breadcrumb","itemListElement":[{"@type":"ListItem","position":1,"name":"Hjem","item":"https:\/\/visitrauland.com\/rauland-feriesenter\/"},{"@type":"ListItem","position":2,"name":"Grupper"}]},{"@type":"WebSite","@id":"https:\/\/visitrauland.com\/rauland-feriesenter\/#website","url":"https:\/\/visitrauland.com\/rauland-feriesenter\/","name":"Rauland Feriesenter","description":"Utleie av hytter og leiligheter i Rauland","potentialAction":[{"@type":"SearchAction","target":{"@type":"EntryPoint","urlTemplate":"https:\/\/visitrauland.com\/rauland-feriesenter\/?s={search_term_string}"},"query-input":{"@type":"PropertyValueSpecification","valueRequired":true,"valueName":"search_term_string"}}],"inLanguage":"nb-NO"}]}},"publishpress_future_action":{"enabled":false,"date":"2026-04-22 00:06:33","action":"change-status","newStatus":"draft","terms":[],"taxonomy":"","extraData":[]},"publishpress_future_workflow_manual_trigger":{"enabledWorkflows":[]},"_links":{"self":[{"href":"https:\/\/visitrauland.com\/rauland-feriesenter\/wp-json\/wp\/v2\/pages\/1164","targetHints":{"allow":["GET"]}}],"collection":[{"href":"https:\/\/visitrauland.com\/rauland-feriesenter\/wp-json\/wp\/v2\/pages"}],"about":[{"href":"https:\/\/visitrauland.com\/rauland-feriesenter\/wp-json\/wp\/v2\/types\/page"}],"author":[{"embeddable":true,"href":"https:\/\/visitrauland.com\/rauland-feriesenter\/wp-json\/wp\/v2\/users\/1"}],"replies":[{"embeddable":true,"href":"https:\/\/visitrauland.com\/rauland-feriesenter\/wp-json\/wp\/v2\/comments?post=1164"}],"version-history":[{"count":8,"href":"https:\/\/visitrauland.com\/rauland-feriesenter\/wp-json\/wp\/v2\/pages\/1164\/revisions"}],"predecessor-version":[{"id":6540,"href":"https:\/\/visitrauland.com\/rauland-feriesenter\/wp-json\/wp\/v2\/pages\/1164\/revisions\/6540"}],"wp:attachment":[{"href":"https:\/\/visitrauland.com\/rauland-feriesenter\/wp-json\/wp\/v2\/media?parent=1164"}],"curies":[{"name":"wp","href":"https:\/\/api.w.org\/{rel}","templated":true}]}}