{"id":1865,"date":"2018-01-05T21:19:09","date_gmt":"2018-01-05T20:19:09","guid":{"rendered":"https:\/\/visitrauland.com\/neset-telemark\/?page_id=1865"},"modified":"2024-07-12T15:53:22","modified_gmt":"2024-07-12T13:53:22","slug":"nesetdagane","status":"publish","type":"page","link":"https:\/\/visitrauland.com\/neset-telemark\/nesetdagane\/","title":{"rendered":"Nesetdagane"},"content":{"rendered":"<div id=\"cs-content\" class=\"cs-content\"><div id=\"x-section-1\" class=\"x-section\" style=\"margin: 0px;padding: 0px; background-color: transparent;\"><div id class=\"x-container\" style=\"margin: 0px auto;padding: 0px;\"><div class=\"x-column x-sm x-1-1\" style=\"padding: 0px;\"><div id class=\"x-text\" style><p><strong>Flere store artister har st\u00e5tt p\u00e5 utend\u00f8rsscenen p\u00e5 Neset.<br>\nNesetdagane gir deg muligheten til \u00e5 oppleve stor musikk og storslagen natur.<\/strong><\/p>\n<\/div><\/div><\/div><div id class=\"x-container\" style=\"margin: 0px auto;padding: 0px;\"><div class=\"x-column x-sm x-1-2\" style=\"padding: 0px;\"><noscript><img decoding=\"async\" class=\"x-img x-img-none\" src=\"https:\/\/www.visitrauland.com\/neset-telemark\/wp-content\/uploads\/sites\/39\/2018\/01\/oleedvard-antonsen-600.jpg\"><\/noscript><img decoding=\"async\" class=\"x-img x-img-none lazyload\" src=\"data:image\/gif;base64,R0lGODlhAQABAIAAAAAAAP\/\/\/yH5BAEAAAAALAAAAAABAAEAAAIBRAA7\" data-src=\"https:\/\/www.visitrauland.com\/neset-telemark\/wp-content\/uploads\/sites\/39\/2018\/01\/oleedvard-antonsen-600.jpg\"><\/div><div class=\"x-column x-sm x-1-2\" style=\"padding: 0px;\"><noscript><img decoding=\"async\" class=\"x-img x-img-none\" src=\"https:\/\/www.visitrauland.com\/neset-telemark\/wp-content\/uploads\/sites\/39\/2018\/01\/eidsvaag-600.jpg\"><\/noscript><img decoding=\"async\" class=\"x-img x-img-none lazyload\" src=\"data:image\/gif;base64,R0lGODlhAQABAIAAAAAAAP\/\/\/yH5BAEAAAAALAAAAAABAAEAAAIBRAA7\" data-src=\"https:\/\/www.visitrauland.com\/neset-telemark\/wp-content\/uploads\/sites\/39\/2018\/01\/eidsvaag-600.jpg\"><\/div><\/div><div id class=\"x-container\" style=\"margin: 0px auto;padding: 0px;\"><div class=\"x-column x-sm x-1-1\" style=\"padding: 0px;\"><noscript><img decoding=\"async\" class=\"x-img x-img-none\" src=\"https:\/\/www.visitrauland.com\/neset-telemark\/wp-content\/uploads\/sites\/39\/2018\/01\/niliv-900.jpg\"><\/noscript><img decoding=\"async\" class=\"x-img x-img-none lazyload\" src=\"data:image\/gif;base64,R0lGODlhAQABAIAAAAAAAP\/\/\/yH5BAEAAAAALAAAAAABAAEAAAIBRAA7\" data-src=\"https:\/\/www.visitrauland.com\/neset-telemark\/wp-content\/uploads\/sites\/39\/2018\/01\/niliv-900.jpg\"><\/div><\/div><\/div><div id=\"x-section-2\" class=\"x-section\" style=\"margin: 0px;padding: 0px 0px 10px; background-color: transparent;\"><div id class=\"x-container\" style=\"margin: 0px auto;padding: 0px;\"><div class=\"x-column x-sm x-1-1\" style=\"padding: 0px;\"><div id class=\"x-text\" style><p>Men det er ikke bare artistene som har f\u00e5tt \u00f8ynene opp for den storslagne naturen ved Totaks bredder. Ogs\u00e5 publikum finner veien til Neset-spelet som finner sted her hvert \u00e5r i august.<\/p>\n<p>Utescenen har tribuneplass til 180 med muligheter til \u00e5 ta opp mot 300 publikummere ved hjelp av benker, stoler og gressbakke. I l\u00f8pet av fire dager inviteres det til musikk, dans, historiefortelling og tursti.<\/p>\n<p>Mellom 600-700 publikummere har v\u00e6rt innom Neset-spelet hvert \u00e5r og stemningen er magisk.<\/p>\n<p><strong>Vi \u00f8nsker b\u00e5de nye og trofaste gjester velkommen til Nesetdagane.<\/strong><\/p>\n<p><noscript><iframe width=\"900\" height=\"506\" src=\"https:\/\/www.youtube.com\/embed\/866ii_IOxsI?si=kmK_lJ754scJKXTl\" title=\"YouTube video player\" frameborder=\"0\" allow=\"accelerometer; autoplay; clipboard-write; encrypted-media; gyroscope; picture-in-picture; web-share\" referrerpolicy=\"strict-origin-when-cross-origin\" allowfullscreen><\/iframe><\/noscript><iframe width=\"900\" height=\"506\" title=\"YouTube video player\" frameborder=\"0\" allow=\"accelerometer; autoplay; clipboard-write; encrypted-media; gyroscope; picture-in-picture; web-share\" referrerpolicy=\"strict-origin-when-cross-origin\" allowfullscreen data-src=\"https:\/\/www.youtube.com\/embed\/866ii_IOxsI?si=kmK_lJ754scJKXTl\" class=\" lazyload\"><\/iframe><\/p>\n<\/div><\/div><\/div><\/div><div id=\"x-section-3\" class=\"x-section\" style=\"margin: 0px;padding: 0px; background-color: transparent;\"><div id class=\"x-container\" style=\"margin: 0px auto;padding: 0px;\"><div class=\"x-column x-sm x-1-2\" style=\"padding: 0px;\"><noscript><img decoding=\"async\" class=\"x-img x-img-none\" src=\"https:\/\/www.visitrauland.com\/neset-telemark\/wp-content\/uploads\/sites\/39\/2018\/01\/publikum-600.jpg\"><\/noscript><img decoding=\"async\" class=\"x-img x-img-none lazyload\" src=\"data:image\/gif;base64,R0lGODlhAQABAIAAAAAAAP\/\/\/yH5BAEAAAAALAAAAAABAAEAAAIBRAA7\" data-src=\"https:\/\/www.visitrauland.com\/neset-telemark\/wp-content\/uploads\/sites\/39\/2018\/01\/publikum-600.jpg\"><\/div><div class=\"x-column x-sm x-1-2\" style=\"padding: 0px;\"><noscript><img decoding=\"async\" class=\"x-img x-img-none\" src=\"https:\/\/www.visitrauland.com\/neset-telemark\/wp-content\/uploads\/sites\/39\/2018\/01\/nesetspelet-2-600.jpg\"><\/noscript><img decoding=\"async\" class=\"x-img x-img-none lazyload\" src=\"data:image\/gif;base64,R0lGODlhAQABAIAAAAAAAP\/\/\/yH5BAEAAAAALAAAAAABAAEAAAIBRAA7\" data-src=\"https:\/\/www.visitrauland.com\/neset-telemark\/wp-content\/uploads\/sites\/39\/2018\/01\/nesetspelet-2-600.jpg\"><\/div><\/div><div id class=\"x-container\" style=\"margin: 0px auto;padding: 0px;\"><div class=\"x-column x-sm x-1-1\" style=\"padding: 0px;\"><noscript><img decoding=\"async\" class=\"x-img x-img-none\" src=\"https:\/\/www.visitrauland.com\/neset-telemark\/wp-content\/uploads\/sites\/39\/2018\/01\/utescene-900.jpg\"><\/noscript><img decoding=\"async\" class=\"x-img x-img-none lazyload\" src=\"data:image\/gif;base64,R0lGODlhAQABAIAAAAAAAP\/\/\/yH5BAEAAAAALAAAAAABAAEAAAIBRAA7\" data-src=\"https:\/\/www.visitrauland.com\/neset-telemark\/wp-content\/uploads\/sites\/39\/2018\/01\/utescene-900.jpg\"><\/div><\/div><\/div><\/div>\n","protected":false},"excerpt":{"rendered":"","protected":false},"author":1,"featured_media":0,"parent":0,"menu_order":0,"comment_status":"closed","ping_status":"closed","template":"","meta":{"_relevanssi_hide_post":"","_relevanssi_hide_content":"","_relevanssi_pin_for_all":"","_relevanssi_pin_keywords":"","_relevanssi_unpin_keywords":"","_relevanssi_related_keywords":"","_relevanssi_related_include_ids":"","_relevanssi_related_exclude_ids":"","_relevanssi_related_no_append":"","_relevanssi_related_not_related":"","_relevanssi_related_posts":"","_relevanssi_noindex_reason":"","seo_booster_metabox":"","footnotes":""},"class_list":["post-1865","page","type-page","status-publish","hentry","no-post-thumbnail"],"yoast_head":"<!-- This site is optimized with the Yoast SEO plugin v27.2 - https:\/\/yoast.com\/product\/yoast-seo-wordpress\/ -->\n<title>Nesetdagane - Neset Telemark<\/title>\n<meta name=\"robots\" content=\"index, follow, max-snippet:-1, max-image-preview:large, max-video-preview:-1\" \/>\n<link rel=\"canonical\" href=\"https:\/\/visitrauland.com\/neset-telemark\/nesetdagane\/\" \/>\n<meta property=\"og:locale\" content=\"nb_NO\" \/>\n<meta property=\"og:type\" content=\"article\" \/>\n<meta property=\"og:title\" content=\"Nesetdagane - Neset Telemark\" \/>\n<meta property=\"og:url\" content=\"https:\/\/visitrauland.com\/neset-telemark\/nesetdagane\/\" \/>\n<meta property=\"og:site_name\" content=\"Neset Telemark\" \/>\n<meta property=\"article:modified_time\" content=\"2024-07-12T13:53:22+00:00\" \/>\n<meta name=\"twitter:card\" content=\"summary_large_image\" \/>\n<meta name=\"twitter:label1\" content=\"Ansl. lesetid\" \/>\n\t<meta name=\"twitter:data1\" content=\"4 minutter\" \/>\n<script type=\"application\/ld+json\" class=\"yoast-schema-graph\">{\"@context\":\"https:\/\/schema.org\",\"@graph\":[{\"@type\":\"WebPage\",\"@id\":\"https:\/\/visitrauland.com\/neset-telemark\/nesetdagane\/\",\"url\":\"https:\/\/visitrauland.com\/neset-telemark\/nesetdagane\/\",\"name\":\"Nesetdagane - Neset Telemark\",\"isPartOf\":{\"@id\":\"https:\/\/visitrauland.com\/neset-telemark\/#website\"},\"datePublished\":\"2018-01-05T20:19:09+00:00\",\"dateModified\":\"2024-07-12T13:53:22+00:00\",\"breadcrumb\":{\"@id\":\"https:\/\/visitrauland.com\/neset-telemark\/nesetdagane\/#breadcrumb\"},\"inLanguage\":\"nb-NO\",\"potentialAction\":[{\"@type\":\"ReadAction\",\"target\":[\"https:\/\/visitrauland.com\/neset-telemark\/nesetdagane\/\"]}]},{\"@type\":\"BreadcrumbList\",\"@id\":\"https:\/\/visitrauland.com\/neset-telemark\/nesetdagane\/#breadcrumb\",\"itemListElement\":[{\"@type\":\"ListItem\",\"position\":1,\"name\":\"Hjem\",\"item\":\"https:\/\/visitrauland.com\/neset-telemark\/\"},{\"@type\":\"ListItem\",\"position\":2,\"name\":\"Nesetdagane\"}]},{\"@type\":\"WebSite\",\"@id\":\"https:\/\/visitrauland.com\/neset-telemark\/#website\",\"url\":\"https:\/\/visitrauland.com\/neset-telemark\/\",\"name\":\"Neset Telemark\",\"description\":\"Feriested i rosemalingens vugge\",\"potentialAction\":[{\"@type\":\"SearchAction\",\"target\":{\"@type\":\"EntryPoint\",\"urlTemplate\":\"https:\/\/visitrauland.com\/neset-telemark\/?s={search_term_string}\"},\"query-input\":{\"@type\":\"PropertyValueSpecification\",\"valueRequired\":true,\"valueName\":\"search_term_string\"}}],\"inLanguage\":\"nb-NO\"}]}<\/script>\n<!-- \/ Yoast SEO plugin. -->","yoast_head_json":{"title":"Nesetdagane - Neset Telemark","robots":{"index":"index","follow":"follow","max-snippet":"max-snippet:-1","max-image-preview":"max-image-preview:large","max-video-preview":"max-video-preview:-1"},"canonical":"https:\/\/visitrauland.com\/neset-telemark\/nesetdagane\/","og_locale":"nb_NO","og_type":"article","og_title":"Nesetdagane - Neset Telemark","og_url":"https:\/\/visitrauland.com\/neset-telemark\/nesetdagane\/","og_site_name":"Neset Telemark","article_modified_time":"2024-07-12T13:53:22+00:00","twitter_card":"summary_large_image","twitter_misc":{"Ansl. lesetid":"4 minutter"},"schema":{"@context":"https:\/\/schema.org","@graph":[{"@type":"WebPage","@id":"https:\/\/visitrauland.com\/neset-telemark\/nesetdagane\/","url":"https:\/\/visitrauland.com\/neset-telemark\/nesetdagane\/","name":"Nesetdagane - Neset Telemark","isPartOf":{"@id":"https:\/\/visitrauland.com\/neset-telemark\/#website"},"datePublished":"2018-01-05T20:19:09+00:00","dateModified":"2024-07-12T13:53:22+00:00","breadcrumb":{"@id":"https:\/\/visitrauland.com\/neset-telemark\/nesetdagane\/#breadcrumb"},"inLanguage":"nb-NO","potentialAction":[{"@type":"ReadAction","target":["https:\/\/visitrauland.com\/neset-telemark\/nesetdagane\/"]}]},{"@type":"BreadcrumbList","@id":"https:\/\/visitrauland.com\/neset-telemark\/nesetdagane\/#breadcrumb","itemListElement":[{"@type":"ListItem","position":1,"name":"Hjem","item":"https:\/\/visitrauland.com\/neset-telemark\/"},{"@type":"ListItem","position":2,"name":"Nesetdagane"}]},{"@type":"WebSite","@id":"https:\/\/visitrauland.com\/neset-telemark\/#website","url":"https:\/\/visitrauland.com\/neset-telemark\/","name":"Neset Telemark","description":"Feriested i rosemalingens vugge","potentialAction":[{"@type":"SearchAction","target":{"@type":"EntryPoint","urlTemplate":"https:\/\/visitrauland.com\/neset-telemark\/?s={search_term_string}"},"query-input":{"@type":"PropertyValueSpecification","valueRequired":true,"valueName":"search_term_string"}}],"inLanguage":"nb-NO"}]}},"_links":{"self":[{"href":"https:\/\/visitrauland.com\/neset-telemark\/wp-json\/wp\/v2\/pages\/1865","targetHints":{"allow":["GET"]}}],"collection":[{"href":"https:\/\/visitrauland.com\/neset-telemark\/wp-json\/wp\/v2\/pages"}],"about":[{"href":"https:\/\/visitrauland.com\/neset-telemark\/wp-json\/wp\/v2\/types\/page"}],"author":[{"embeddable":true,"href":"https:\/\/visitrauland.com\/neset-telemark\/wp-json\/wp\/v2\/users\/1"}],"replies":[{"embeddable":true,"href":"https:\/\/visitrauland.com\/neset-telemark\/wp-json\/wp\/v2\/comments?post=1865"}],"version-history":[{"count":5,"href":"https:\/\/visitrauland.com\/neset-telemark\/wp-json\/wp\/v2\/pages\/1865\/revisions"}],"predecessor-version":[{"id":2439,"href":"https:\/\/visitrauland.com\/neset-telemark\/wp-json\/wp\/v2\/pages\/1865\/revisions\/2439"}],"wp:attachment":[{"href":"https:\/\/visitrauland.com\/neset-telemark\/wp-json\/wp\/v2\/media?parent=1865"}],"curies":[{"name":"wp","href":"https:\/\/api.w.org\/{rel}","templated":true}]}}