{"id":1859,"date":"2018-01-05T20:43:39","date_gmt":"2018-01-05T19:43:39","guid":{"rendered":"https:\/\/visitrauland.com\/neset-telemark\/?page_id=1859"},"modified":"2024-07-12T15:36:36","modified_gmt":"2024-07-12T13:36:36","slug":"dette-er-neset","status":"publish","type":"page","link":"https:\/\/visitrauland.com\/neset-telemark\/dette-er-neset\/","title":{"rendered":"Neset anno 1700"},"content":{"rendered":"<div id=\"cs-content\" class=\"cs-content\"><div id=\"x-section-1\" class=\"x-section\" style=\"margin: 0px;padding: 0px; background-color: transparent;\"><div id class=\"x-container\" style=\"margin: 0px auto;padding: 0px;\"><div class=\"x-column x-sm x-1-1\" style=\"padding: 0px;\"><div id class=\"x-text\" style><p><strong>Midt i sm\u00f8r\u00f8yet for aktiviteter b\u00e5de sommer og vinter i vakre Rauland finner du Neset Gard. Her m\u00f8tes du med ekte historie og tidsriktige fasiliteter.<\/strong><\/p>\n<\/div><\/div><\/div><div id class=\"x-container\" style=\"margin: 0px auto;padding: 0px;\"><div class=\"x-column x-sm x-1-2\" style=\"padding: 0px;\"><noscript><img decoding=\"async\" class=\"x-img x-img-none\" src=\"https:\/\/visitrauland.com\/neset-telemark\/wp-content\/uploads\/sites\/39\/2024\/07\/Neset_IMG_4569_1920_1720791136.jpg\"><\/noscript><img decoding=\"async\" class=\"x-img x-img-none lazyload\" src=\"data:image\/gif;base64,R0lGODlhAQABAIAAAAAAAP\/\/\/yH5BAEAAAAALAAAAAABAAEAAAIBRAA7\" data-src=\"https:\/\/visitrauland.com\/neset-telemark\/wp-content\/uploads\/sites\/39\/2024\/07\/Neset_IMG_4569_1920_1720791136.jpg\"><\/div><div class=\"x-column x-sm x-1-2\" style=\"padding: 0px;\"><noscript><img decoding=\"async\" class=\"x-img x-img-none\" src=\"https:\/\/visitrauland.com\/neset-telemark\/wp-content\/uploads\/sites\/39\/2024\/07\/Neset_IMG_0937_1920_1720791103.jpg\"><\/noscript><img decoding=\"async\" class=\"x-img x-img-none lazyload\" src=\"data:image\/gif;base64,R0lGODlhAQABAIAAAAAAAP\/\/\/yH5BAEAAAAALAAAAAABAAEAAAIBRAA7\" data-src=\"https:\/\/visitrauland.com\/neset-telemark\/wp-content\/uploads\/sites\/39\/2024\/07\/Neset_IMG_0937_1920_1720791103.jpg\"><\/div><\/div><div id class=\"x-container\" style=\"margin: 0px auto;padding: 0px;\"><div class=\"x-column x-sm x-1-1\" style=\"padding: 0px;\"><noscript><img decoding=\"async\" class=\"x-img x-img-none\" src=\"https:\/\/visitrauland.com\/neset-telemark\/wp-content\/uploads\/sites\/39\/2024\/07\/Neset_IMG_5964_1920_1720791152.jpg\"><\/noscript><img decoding=\"async\" class=\"x-img x-img-none lazyload\" src=\"data:image\/gif;base64,R0lGODlhAQABAIAAAAAAAP\/\/\/yH5BAEAAAAALAAAAAABAAEAAAIBRAA7\" data-src=\"https:\/\/visitrauland.com\/neset-telemark\/wp-content\/uploads\/sites\/39\/2024\/07\/Neset_IMG_5964_1920_1720791152.jpg\"><\/div><\/div><\/div><div id=\"x-section-2\" class=\"x-section\" style=\"margin: 0px;padding: 0px 0px 10px; background-color: transparent;\"><div id class=\"x-container\" style=\"margin: 0px auto;padding: 0px;\"><div class=\"x-column x-sm x-1-1\" style=\"padding: 0px;\"><div id class=\"x-text\" style><p>Rammen er et Telemarkstun fra middelalderen med 17 gamle hus, hvorav 1 er fredet (Torvtj\u00f8nnstoga fra 1715). <strong><a href=\"\/neset-telemark\/historien\/\">Mer om historien finner du her.<\/a> <\/strong><\/p>\n<p>Dette unike stedet brukes n\u00e5 til kulturarrangement, hvor tradisjoner fra Telemark skal st\u00e5 i sentrum, b\u00e5de n\u00e5r det gjelder musikk, mat og forteljarkunst. M\u00e5let er at ogs\u00e5 h\u00e5ndverkstradisjoner skal presenteres i Spel-sammenheng. Det skal avholdes minst 4 &#8211; 6 intimkonserter , en utend\u00f8rs sommerkonsert i juni med \u201cutanbygds\u201d artist eller gruppe, og <strong><a href=\"\/neset-telemark\/nesetdagane\/\">Neset-spelet<\/a><\/strong> i august som det store \u00e5rlige evenement.<\/p>\n<\/div><\/div><\/div><\/div><div id=\"x-section-3\" class=\"x-section\" style=\"margin: 0px;padding: 0px; background-color: transparent;\"><div id class=\"x-container\" style=\"margin: 0px auto;padding: 0px;\"><div class=\"x-column x-sm x-1-2\" style=\"padding: 0px;\"><noscript><img decoding=\"async\" class=\"x-img x-img-none\" src=\"https:\/\/visitrauland.com\/neset-telemark\/wp-content\/uploads\/sites\/39\/2018\/01\/knut-buen-600.jpg\"><\/noscript><img decoding=\"async\" class=\"x-img x-img-none lazyload\" src=\"data:image\/gif;base64,R0lGODlhAQABAIAAAAAAAP\/\/\/yH5BAEAAAAALAAAAAABAAEAAAIBRAA7\" data-src=\"https:\/\/visitrauland.com\/neset-telemark\/wp-content\/uploads\/sites\/39\/2018\/01\/knut-buen-600.jpg\"><\/div><div class=\"x-column x-sm x-1-2\" style=\"padding: 0px;\"><noscript><img decoding=\"async\" class=\"x-img x-img-none\" src=\"https:\/\/visitrauland.com\/neset-telemark\/wp-content\/uploads\/sites\/39\/2018\/01\/tellefsen-600.jpg\"><\/noscript><img decoding=\"async\" class=\"x-img x-img-none lazyload\" src=\"data:image\/gif;base64,R0lGODlhAQABAIAAAAAAAP\/\/\/yH5BAEAAAAALAAAAAABAAEAAAIBRAA7\" data-src=\"https:\/\/visitrauland.com\/neset-telemark\/wp-content\/uploads\/sites\/39\/2018\/01\/tellefsen-600.jpg\"><\/div><\/div><div id class=\"x-container\" style=\"margin: 0px auto;padding: 0px;\"><div class=\"x-column x-sm x-1-1\" style=\"padding: 0px;\"><noscript><img decoding=\"async\" class=\"x-img x-img-none\" src=\"https:\/\/visitrauland.com\/neset-telemark\/wp-content\/uploads\/sites\/39\/2024\/07\/Neset_IMG_9398_1920_1720791174.jpg\"><\/noscript><img decoding=\"async\" class=\"x-img x-img-none lazyload\" src=\"data:image\/gif;base64,R0lGODlhAQABAIAAAAAAAP\/\/\/yH5BAEAAAAALAAAAAABAAEAAAIBRAA7\" data-src=\"https:\/\/visitrauland.com\/neset-telemark\/wp-content\/uploads\/sites\/39\/2024\/07\/Neset_IMG_9398_1920_1720791174.jpg\"><\/div><\/div><\/div><div id=\"x-section-4\" class=\"x-section\" style=\"margin: 0px;padding: 0px; background-color: transparent;\"><div id class=\"x-container\" style=\"margin: 0px auto;padding: 0px;\"><div class=\"x-column x-sm x-1-1\" style=\"padding: 0px;\"><div id class=\"x-text\" style><p>Stedet leies ogs\u00e5 ut til seminarer, kursvirksomhet, familiebegivenheter, eller til andre festlige anledninger. Se v\u00e5r popul\u00e6re <strong><a href=\"\/neset-telemark\/nesetdagane\/\">utescene<\/a><\/strong> som blant annet brukes til Neset-spelet.<\/p>\n<p>Med egen tennisbane, innend\u00f8rs sv\u00f8mmebasseng og badstu legges alt til rette for et opplevelsrikt opphold. 2 kajakker ligger p\u00e5 fjoset.<\/p>\n<\/div><\/div><\/div><div id class=\"x-container\" style=\"margin: 0px auto;padding: 0px;\"><div class=\"x-column x-sm x-1-2\" style=\"padding: 0px;\"><noscript><img decoding=\"async\" class=\"x-img x-img-none\" src=\"https:\/\/visitrauland.com\/neset-telemark\/wp-content\/uploads\/sites\/39\/2018\/01\/flatbrodsteking-600.jpg\"><\/noscript><img decoding=\"async\" class=\"x-img x-img-none lazyload\" src=\"data:image\/gif;base64,R0lGODlhAQABAIAAAAAAAP\/\/\/yH5BAEAAAAALAAAAAABAAEAAAIBRAA7\" data-src=\"https:\/\/visitrauland.com\/neset-telemark\/wp-content\/uploads\/sites\/39\/2018\/01\/flatbrodsteking-600.jpg\"><\/div><div class=\"x-column x-sm x-1-2\" style=\"padding: 0px;\"><noscript><img decoding=\"async\" class=\"x-img x-img-none\" src=\"https:\/\/visitrauland.com\/neset-telemark\/wp-content\/uploads\/sites\/39\/2018\/01\/bodilnordjore-600.jpg\"><\/noscript><img decoding=\"async\" class=\"x-img x-img-none lazyload\" src=\"data:image\/gif;base64,R0lGODlhAQABAIAAAAAAAP\/\/\/yH5BAEAAAAALAAAAAABAAEAAAIBRAA7\" data-src=\"https:\/\/visitrauland.com\/neset-telemark\/wp-content\/uploads\/sites\/39\/2018\/01\/bodilnordjore-600.jpg\"><\/div><\/div><div id class=\"x-container\" style=\"margin: 0px auto;padding: 0px;\"><div class=\"x-column x-sm x-1-1\" style=\"padding: 0px;\"><div id class=\"x-text\" style><p>Vi kan formidle tradisjonsmat laget av Turbobudeia Bodil.<\/p>\n<p>\u00d8nsker man \u00e5 fiske sin egen aure, kan vi tilby b\u00e5t, garn og<br>\nveiledning &#8211; ikke uvanlig \u00e5 se en 2 kgs fisk i garnet \ud83d\ude42<\/p>\n<p>Det arrangeres rypejakt og vi formidler villreinjakt om h\u00f8sten.<\/p>\n<p>Rauland er en hel\u00e5rsdestinasjon, men et fantastisk turterreng v\u00e5r, sommer og h\u00f8st, og flotte b\u00e5de alpin- og turskil\u00f8yper og terreng om vinteren.  V\u00e5r egen &laquo;Tehytta&raquo; ligger p\u00e5 1000 moh og er et yndet m\u00e5l for turg\u00e5ere. <\/p>\n<p><strong>Mer informasjon \/ kontakt:<\/strong><br>\nBente Tvenge, tlf. 908 70 700 &#8211; <a href=\"mailto:bente.tvenge@gmail.com\">bente.tvenge@gmail.com<\/a><\/p>\n<\/div><\/div><\/div><\/div><div id=\"x-section-5\" class=\"x-section\" style=\"margin: 0px;padding: 0px; background-color: transparent;\"><div id class=\"x-container\" style=\"margin: 0px auto;padding: 0px;\"><div class=\"x-column x-sm x-1-1\" style=\"padding: 0px;\"><noscript><img decoding=\"async\" class=\"x-img x-img-none\" src=\"https:\/\/visitrauland.com\/neset-telemark\/wp-content\/uploads\/sites\/39\/2024\/07\/Neset_IMG_4558_1920_1720791131.jpg\"><\/noscript><img decoding=\"async\" class=\"x-img x-img-none lazyload\" src=\"data:image\/gif;base64,R0lGODlhAQABAIAAAAAAAP\/\/\/yH5BAEAAAAALAAAAAABAAEAAAIBRAA7\" data-src=\"https:\/\/visitrauland.com\/neset-telemark\/wp-content\/uploads\/sites\/39\/2024\/07\/Neset_IMG_4558_1920_1720791131.jpg\"><\/div><\/div><\/div><\/div>\n","protected":false},"excerpt":{"rendered":"","protected":false},"author":1,"featured_media":0,"parent":0,"menu_order":0,"comment_status":"closed","ping_status":"closed","template":"","meta":{"_relevanssi_hide_post":"","_relevanssi_hide_content":"","_relevanssi_pin_for_all":"","_relevanssi_pin_keywords":"","_relevanssi_unpin_keywords":"","_relevanssi_related_keywords":"","_relevanssi_related_include_ids":"","_relevanssi_related_exclude_ids":"","_relevanssi_related_no_append":"","_relevanssi_related_not_related":"","_relevanssi_related_posts":"","_relevanssi_noindex_reason":"","seo_booster_metabox":"","footnotes":""},"class_list":["post-1859","page","type-page","status-publish","hentry","no-post-thumbnail"],"yoast_head":"<!-- This site is optimized with the Yoast SEO plugin v27.2 - https:\/\/yoast.com\/product\/yoast-seo-wordpress\/ -->\n<title>Neset anno 1700 - Neset Telemark<\/title>\n<meta name=\"robots\" content=\"index, follow, max-snippet:-1, max-image-preview:large, max-video-preview:-1\" \/>\n<link rel=\"canonical\" href=\"https:\/\/visitrauland.com\/neset-telemark\/dette-er-neset\/\" \/>\n<meta property=\"og:locale\" content=\"nb_NO\" \/>\n<meta property=\"og:type\" content=\"article\" \/>\n<meta property=\"og:title\" content=\"Neset anno 1700 - Neset Telemark\" \/>\n<meta property=\"og:url\" content=\"https:\/\/visitrauland.com\/neset-telemark\/dette-er-neset\/\" \/>\n<meta property=\"og:site_name\" content=\"Neset Telemark\" \/>\n<meta property=\"article:modified_time\" content=\"2024-07-12T13:36:36+00:00\" \/>\n<meta name=\"twitter:card\" content=\"summary_large_image\" \/>\n<meta name=\"twitter:label1\" content=\"Ansl. lesetid\" \/>\n\t<meta name=\"twitter:data1\" content=\"6 minutter\" \/>\n<script type=\"application\/ld+json\" class=\"yoast-schema-graph\">{\"@context\":\"https:\/\/schema.org\",\"@graph\":[{\"@type\":\"WebPage\",\"@id\":\"https:\/\/visitrauland.com\/neset-telemark\/dette-er-neset\/\",\"url\":\"https:\/\/visitrauland.com\/neset-telemark\/dette-er-neset\/\",\"name\":\"Neset anno 1700 - Neset Telemark\",\"isPartOf\":{\"@id\":\"https:\/\/visitrauland.com\/neset-telemark\/#website\"},\"datePublished\":\"2018-01-05T19:43:39+00:00\",\"dateModified\":\"2024-07-12T13:36:36+00:00\",\"breadcrumb\":{\"@id\":\"https:\/\/visitrauland.com\/neset-telemark\/dette-er-neset\/#breadcrumb\"},\"inLanguage\":\"nb-NO\",\"potentialAction\":[{\"@type\":\"ReadAction\",\"target\":[\"https:\/\/visitrauland.com\/neset-telemark\/dette-er-neset\/\"]}]},{\"@type\":\"BreadcrumbList\",\"@id\":\"https:\/\/visitrauland.com\/neset-telemark\/dette-er-neset\/#breadcrumb\",\"itemListElement\":[{\"@type\":\"ListItem\",\"position\":1,\"name\":\"Hjem\",\"item\":\"https:\/\/visitrauland.com\/neset-telemark\/\"},{\"@type\":\"ListItem\",\"position\":2,\"name\":\"Neset anno 1700\"}]},{\"@type\":\"WebSite\",\"@id\":\"https:\/\/visitrauland.com\/neset-telemark\/#website\",\"url\":\"https:\/\/visitrauland.com\/neset-telemark\/\",\"name\":\"Neset Telemark\",\"description\":\"Feriested i rosemalingens vugge\",\"potentialAction\":[{\"@type\":\"SearchAction\",\"target\":{\"@type\":\"EntryPoint\",\"urlTemplate\":\"https:\/\/visitrauland.com\/neset-telemark\/?s={search_term_string}\"},\"query-input\":{\"@type\":\"PropertyValueSpecification\",\"valueRequired\":true,\"valueName\":\"search_term_string\"}}],\"inLanguage\":\"nb-NO\"}]}<\/script>\n<!-- \/ Yoast SEO plugin. -->","yoast_head_json":{"title":"Neset anno 1700 - Neset Telemark","robots":{"index":"index","follow":"follow","max-snippet":"max-snippet:-1","max-image-preview":"max-image-preview:large","max-video-preview":"max-video-preview:-1"},"canonical":"https:\/\/visitrauland.com\/neset-telemark\/dette-er-neset\/","og_locale":"nb_NO","og_type":"article","og_title":"Neset anno 1700 - Neset Telemark","og_url":"https:\/\/visitrauland.com\/neset-telemark\/dette-er-neset\/","og_site_name":"Neset Telemark","article_modified_time":"2024-07-12T13:36:36+00:00","twitter_card":"summary_large_image","twitter_misc":{"Ansl. lesetid":"6 minutter"},"schema":{"@context":"https:\/\/schema.org","@graph":[{"@type":"WebPage","@id":"https:\/\/visitrauland.com\/neset-telemark\/dette-er-neset\/","url":"https:\/\/visitrauland.com\/neset-telemark\/dette-er-neset\/","name":"Neset anno 1700 - Neset Telemark","isPartOf":{"@id":"https:\/\/visitrauland.com\/neset-telemark\/#website"},"datePublished":"2018-01-05T19:43:39+00:00","dateModified":"2024-07-12T13:36:36+00:00","breadcrumb":{"@id":"https:\/\/visitrauland.com\/neset-telemark\/dette-er-neset\/#breadcrumb"},"inLanguage":"nb-NO","potentialAction":[{"@type":"ReadAction","target":["https:\/\/visitrauland.com\/neset-telemark\/dette-er-neset\/"]}]},{"@type":"BreadcrumbList","@id":"https:\/\/visitrauland.com\/neset-telemark\/dette-er-neset\/#breadcrumb","itemListElement":[{"@type":"ListItem","position":1,"name":"Hjem","item":"https:\/\/visitrauland.com\/neset-telemark\/"},{"@type":"ListItem","position":2,"name":"Neset anno 1700"}]},{"@type":"WebSite","@id":"https:\/\/visitrauland.com\/neset-telemark\/#website","url":"https:\/\/visitrauland.com\/neset-telemark\/","name":"Neset Telemark","description":"Feriested i rosemalingens vugge","potentialAction":[{"@type":"SearchAction","target":{"@type":"EntryPoint","urlTemplate":"https:\/\/visitrauland.com\/neset-telemark\/?s={search_term_string}"},"query-input":{"@type":"PropertyValueSpecification","valueRequired":true,"valueName":"search_term_string"}}],"inLanguage":"nb-NO"}]}},"_links":{"self":[{"href":"https:\/\/visitrauland.com\/neset-telemark\/wp-json\/wp\/v2\/pages\/1859","targetHints":{"allow":["GET"]}}],"collection":[{"href":"https:\/\/visitrauland.com\/neset-telemark\/wp-json\/wp\/v2\/pages"}],"about":[{"href":"https:\/\/visitrauland.com\/neset-telemark\/wp-json\/wp\/v2\/types\/page"}],"author":[{"embeddable":true,"href":"https:\/\/visitrauland.com\/neset-telemark\/wp-json\/wp\/v2\/users\/1"}],"replies":[{"embeddable":true,"href":"https:\/\/visitrauland.com\/neset-telemark\/wp-json\/wp\/v2\/comments?post=1859"}],"version-history":[{"count":3,"href":"https:\/\/visitrauland.com\/neset-telemark\/wp-json\/wp\/v2\/pages\/1859\/revisions"}],"predecessor-version":[{"id":2428,"href":"https:\/\/visitrauland.com\/neset-telemark\/wp-json\/wp\/v2\/pages\/1859\/revisions\/2428"}],"wp:attachment":[{"href":"https:\/\/visitrauland.com\/neset-telemark\/wp-json\/wp\/v2\/media?parent=1859"}],"curies":[{"name":"wp","href":"https:\/\/api.w.org\/{rel}","templated":true}]}}