{"id":339,"date":"2017-10-30T18:03:03","date_gmt":"2017-10-30T17:03:03","guid":{"rendered":"https:\/\/visitrauland.com\/myllargutvegen\/?page_id=339"},"modified":"2020-10-07T21:23:06","modified_gmt":"2020-10-07T19:23:06","slug":"myllargutvegen","status":"publish","type":"page","link":"https:\/\/visitrauland.com\/myllargutvegen\/","title":{"rendered":"Myllargutvegen"},"content":{"rendered":"<div id=\"cs-content\" class=\"cs-content\"><\/div>\n","protected":false},"excerpt":{"rendered":"<p>Han kom som liten gut til garden Kjos i \u00c5motsdal som juring. Av Jon Kjos l\u00e6rde han mykje om felespel og n\u00e5r bygdfolket m\u00f8ttest p\u00e5 Dansarsteinen var den unge Myllarguten spelemann.MyllargutvegenTanken om \u00e5 laga Myllargutvegen er at mykje av Myllarguten sitt liv er knytt til desse bygdene der denne vegen fer igjennom. Les meir om Myllargutvegen Informasjon Telefon: 916 63 &#8230; <\/p>\n<div><a href=\"https:\/\/visitrauland.com\/myllargutvegen\/\" class=\"more-link\">Les Mer<\/a><\/div>\n","protected":false},"author":3,"featured_media":0,"parent":0,"menu_order":0,"comment_status":"closed","ping_status":"closed","template":"template-sites.php","meta":{"_relevanssi_hide_post":"","_relevanssi_hide_content":"","_relevanssi_pin_for_all":"","_relevanssi_pin_keywords":"","_relevanssi_unpin_keywords":"","_relevanssi_related_keywords":"","_relevanssi_related_include_ids":"","_relevanssi_related_exclude_ids":"","_relevanssi_related_no_append":"","_relevanssi_related_not_related":"","_relevanssi_related_posts":"","_relevanssi_noindex_reason":"","seo_booster_metabox":"","footnotes":""},"class_list":["post-339","page","type-page","status-publish","hentry","no-post-thumbnail"],"yoast_head":"<!-- This site is optimized with the Yoast SEO plugin v27.2 - https:\/\/yoast.com\/product\/yoast-seo-wordpress\/ -->\n<title>Myllargutvegen - Myllargutvegen<\/title>\n<meta name=\"robots\" content=\"index, follow, max-snippet:-1, max-image-preview:large, max-video-preview:-1\" \/>\n<link rel=\"canonical\" href=\"https:\/\/visitrauland.com\/myllargutvegen\/\" \/>\n<meta property=\"og:locale\" content=\"nb_NO\" \/>\n<meta property=\"og:type\" content=\"article\" \/>\n<meta property=\"og:title\" content=\"Myllargutvegen - Myllargutvegen\" \/>\n<meta property=\"og:description\" content=\"Han kom som liten gut til garden Kjos i \u00c5motsdal som juring. Av Jon Kjos l\u00e6rde han mykje om felespel og n\u00e5r bygdfolket m\u00f8ttest p\u00e5 Dansarsteinen var den unge Myllarguten spelemann.MyllargutvegenTanken om \u00e5 laga Myllargutvegen er at mykje av Myllarguten sitt liv er knytt til desse bygdene der denne vegen fer igjennom. Les meir om Myllargutvegen Informasjon Telefon: 916 63 ... Les Mer\" \/>\n<meta property=\"og:url\" content=\"https:\/\/visitrauland.com\/myllargutvegen\/\" \/>\n<meta property=\"og:site_name\" content=\"Myllargutvegen\" \/>\n<meta property=\"article:modified_time\" content=\"2020-10-07T19:23:06+00:00\" \/>\n<meta property=\"og:image\" content=\"https:\/\/visitrauland.com\/myllargutvegen\/wp-content\/uploads\/sites\/71\/2018\/11\/Myllargutvegen_place_left_image.jpg\" \/>\n<meta name=\"twitter:card\" content=\"summary_large_image\" \/>\n<meta name=\"twitter:label1\" content=\"Ansl. lesetid\" \/>\n\t<meta name=\"twitter:data1\" content=\"4 minutter\" \/>\n<script type=\"application\/ld+json\" class=\"yoast-schema-graph\">{\"@context\":\"https:\/\/schema.org\",\"@graph\":[{\"@type\":\"WebPage\",\"@id\":\"https:\/\/visitrauland.com\/myllargutvegen\/\",\"url\":\"https:\/\/visitrauland.com\/myllargutvegen\/\",\"name\":\"Myllargutvegen - Myllargutvegen\",\"isPartOf\":{\"@id\":\"https:\/\/visitrauland.com\/myllargutvegen\/#website\"},\"primaryImageOfPage\":{\"@id\":\"https:\/\/visitrauland.com\/myllargutvegen\/#primaryimage\"},\"image\":{\"@id\":\"https:\/\/visitrauland.com\/myllargutvegen\/#primaryimage\"},\"thumbnailUrl\":\"https:\/\/visitrauland.com\/myllargutvegen\/wp-content\/uploads\/sites\/71\/2018\/11\/Myllargutvegen_place_left_image.jpg\",\"datePublished\":\"2017-10-30T17:03:03+00:00\",\"dateModified\":\"2020-10-07T19:23:06+00:00\",\"breadcrumb\":{\"@id\":\"https:\/\/visitrauland.com\/myllargutvegen\/#breadcrumb\"},\"inLanguage\":\"nb-NO\",\"potentialAction\":[{\"@type\":\"ReadAction\",\"target\":[\"https:\/\/visitrauland.com\/myllargutvegen\/\"]}]},{\"@type\":\"ImageObject\",\"inLanguage\":\"nb-NO\",\"@id\":\"https:\/\/visitrauland.com\/myllargutvegen\/#primaryimage\",\"url\":\"https:\/\/visitrauland.com\/myllargutvegen\/wp-content\/uploads\/sites\/71\/2018\/11\/Myllargutvegen_place_left_image.jpg\",\"contentUrl\":\"https:\/\/visitrauland.com\/myllargutvegen\/wp-content\/uploads\/sites\/71\/2018\/11\/Myllargutvegen_place_left_image.jpg\",\"width\":215,\"height\":68,\"caption\":\"Logo av Myllargutvegen i bl\u00e5tt og hvitt design. Skyet bakgrunn gir et kunstnerisk preg.\"},{\"@type\":\"BreadcrumbList\",\"@id\":\"https:\/\/visitrauland.com\/myllargutvegen\/#breadcrumb\",\"itemListElement\":[{\"@type\":\"ListItem\",\"position\":1,\"name\":\"Hjem\",\"item\":\"https:\/\/visitrauland.com\/myllargutvegen\/\"},{\"@type\":\"ListItem\",\"position\":2,\"name\":\"Myllargutvegen\"}]},{\"@type\":\"WebSite\",\"@id\":\"https:\/\/visitrauland.com\/myllargutvegen\/#website\",\"url\":\"https:\/\/visitrauland.com\/myllargutvegen\/\",\"name\":\"Myllargutvegen\",\"description\":\"Plassar knytt til hendingar i livet til Myllarguten\",\"potentialAction\":[{\"@type\":\"SearchAction\",\"target\":{\"@type\":\"EntryPoint\",\"urlTemplate\":\"https:\/\/visitrauland.com\/myllargutvegen\/?s={search_term_string}\"},\"query-input\":{\"@type\":\"PropertyValueSpecification\",\"valueRequired\":true,\"valueName\":\"search_term_string\"}}],\"inLanguage\":\"nb-NO\"}]}<\/script>\n<!-- \/ Yoast SEO plugin. -->","yoast_head_json":{"title":"Myllargutvegen - Myllargutvegen","robots":{"index":"index","follow":"follow","max-snippet":"max-snippet:-1","max-image-preview":"max-image-preview:large","max-video-preview":"max-video-preview:-1"},"canonical":"https:\/\/visitrauland.com\/myllargutvegen\/","og_locale":"nb_NO","og_type":"article","og_title":"Myllargutvegen - Myllargutvegen","og_description":"Han kom som liten gut til garden Kjos i \u00c5motsdal som juring. Av Jon Kjos l\u00e6rde han mykje om felespel og n\u00e5r bygdfolket m\u00f8ttest p\u00e5 Dansarsteinen var den unge Myllarguten spelemann.MyllargutvegenTanken om \u00e5 laga Myllargutvegen er at mykje av Myllarguten sitt liv er knytt til desse bygdene der denne vegen fer igjennom. Les meir om Myllargutvegen Informasjon Telefon: 916 63 ... Les Mer","og_url":"https:\/\/visitrauland.com\/myllargutvegen\/","og_site_name":"Myllargutvegen","article_modified_time":"2020-10-07T19:23:06+00:00","og_image":[{"url":"https:\/\/visitrauland.com\/myllargutvegen\/wp-content\/uploads\/sites\/71\/2018\/11\/Myllargutvegen_place_left_image.jpg","type":"","width":"","height":""}],"twitter_card":"summary_large_image","twitter_misc":{"Ansl. lesetid":"4 minutter"},"schema":{"@context":"https:\/\/schema.org","@graph":[{"@type":"WebPage","@id":"https:\/\/visitrauland.com\/myllargutvegen\/","url":"https:\/\/visitrauland.com\/myllargutvegen\/","name":"Myllargutvegen - Myllargutvegen","isPartOf":{"@id":"https:\/\/visitrauland.com\/myllargutvegen\/#website"},"primaryImageOfPage":{"@id":"https:\/\/visitrauland.com\/myllargutvegen\/#primaryimage"},"image":{"@id":"https:\/\/visitrauland.com\/myllargutvegen\/#primaryimage"},"thumbnailUrl":"https:\/\/visitrauland.com\/myllargutvegen\/wp-content\/uploads\/sites\/71\/2018\/11\/Myllargutvegen_place_left_image.jpg","datePublished":"2017-10-30T17:03:03+00:00","dateModified":"2020-10-07T19:23:06+00:00","breadcrumb":{"@id":"https:\/\/visitrauland.com\/myllargutvegen\/#breadcrumb"},"inLanguage":"nb-NO","potentialAction":[{"@type":"ReadAction","target":["https:\/\/visitrauland.com\/myllargutvegen\/"]}]},{"@type":"ImageObject","inLanguage":"nb-NO","@id":"https:\/\/visitrauland.com\/myllargutvegen\/#primaryimage","url":"https:\/\/visitrauland.com\/myllargutvegen\/wp-content\/uploads\/sites\/71\/2018\/11\/Myllargutvegen_place_left_image.jpg","contentUrl":"https:\/\/visitrauland.com\/myllargutvegen\/wp-content\/uploads\/sites\/71\/2018\/11\/Myllargutvegen_place_left_image.jpg","width":215,"height":68,"caption":"Logo av Myllargutvegen i bl\u00e5tt og hvitt design. Skyet bakgrunn gir et kunstnerisk preg."},{"@type":"BreadcrumbList","@id":"https:\/\/visitrauland.com\/myllargutvegen\/#breadcrumb","itemListElement":[{"@type":"ListItem","position":1,"name":"Hjem","item":"https:\/\/visitrauland.com\/myllargutvegen\/"},{"@type":"ListItem","position":2,"name":"Myllargutvegen"}]},{"@type":"WebSite","@id":"https:\/\/visitrauland.com\/myllargutvegen\/#website","url":"https:\/\/visitrauland.com\/myllargutvegen\/","name":"Myllargutvegen","description":"Plassar knytt til hendingar i livet til Myllarguten","potentialAction":[{"@type":"SearchAction","target":{"@type":"EntryPoint","urlTemplate":"https:\/\/visitrauland.com\/myllargutvegen\/?s={search_term_string}"},"query-input":{"@type":"PropertyValueSpecification","valueRequired":true,"valueName":"search_term_string"}}],"inLanguage":"nb-NO"}]}},"_links":{"self":[{"href":"https:\/\/visitrauland.com\/myllargutvegen\/wp-json\/wp\/v2\/pages\/339","targetHints":{"allow":["GET"]}}],"collection":[{"href":"https:\/\/visitrauland.com\/myllargutvegen\/wp-json\/wp\/v2\/pages"}],"about":[{"href":"https:\/\/visitrauland.com\/myllargutvegen\/wp-json\/wp\/v2\/types\/page"}],"author":[{"embeddable":true,"href":"https:\/\/visitrauland.com\/myllargutvegen\/wp-json\/wp\/v2\/users\/3"}],"replies":[{"embeddable":true,"href":"https:\/\/visitrauland.com\/myllargutvegen\/wp-json\/wp\/v2\/comments?post=339"}],"version-history":[{"count":9,"href":"https:\/\/visitrauland.com\/myllargutvegen\/wp-json\/wp\/v2\/pages\/339\/revisions"}],"predecessor-version":[{"id":1848,"href":"https:\/\/visitrauland.com\/myllargutvegen\/wp-json\/wp\/v2\/pages\/339\/revisions\/1848"}],"wp:attachment":[{"href":"https:\/\/visitrauland.com\/myllargutvegen\/wp-json\/wp\/v2\/media?parent=339"}],"curies":[{"name":"wp","href":"https:\/\/api.w.org\/{rel}","templated":true}]}}