{"id":339,"date":"2017-10-30T18:03:03","date_gmt":"2017-10-30T18:03:03","guid":{"rendered":"https:\/\/visitrauland.com\/malenes-leiligheter\/?page_id=339"},"modified":"2026-02-11T13:35:44","modified_gmt":"2026-02-11T12:35:44","slug":"subpage-demo","status":"publish","type":"page","link":"https:\/\/visitrauland.com\/malenes-leiligheter\/","title":{"rendered":"Malenes Ferieleiligheter"},"content":{"rendered":"<div id=\"cs-content\" class=\"cs-content\"><div class=\"x-section e339-e1 m9f-0 m9f-1 hero-2026\"><div class=\"x-bg\" aria-hidden=\"true\"><div class=\"x-bg-layer-lower-image\"><\/div><div class=\"x-bg-layer-upper-color\"><\/div><\/div><div class=\"x-div e339-e2 m9f-3\"><div class=\"x-text x-text-headline e339-e3 m9f-4\"><div class=\"x-text-content\"><div class=\"x-text-content-text\"><h1 class=\"x-text-content-text-primary\">Malenes Ferieleiligheter<\/h1>\n<\/div><\/div><\/div><\/div><\/div><div id=\"x-section-1\" class=\"x-section text-24px underhero-text\" style=\"margin: 0px;padding: 45px 0px; background-color: transparent;\"><div id class=\"x-container max width\" style=\"margin: 0px auto;padding: 0px;\"><div class=\"x-column x-sm x-1-2\" style=\"padding: 0px;\"><div id class=\"x-text\" style><p><strong>Velkommen til Malenes Ferieleiligheter - lyse, moderne og trivelige leiligheter til utleie i Austb\u00f8, med kort vei til sentrum av Rauland.<\/strong><\/p>\n<p>Det er 3,5 km til Skisenteret, 500m til n\u00e6rmeste preppererte langrennsl\u00f8ype. Skibussen passerer rett utenfor d\u00f8ren.<\/p>\n<p>Sommer og h\u00f8st er det merkede turstier, fantastisk badestrand og gode fiskemuligheter 5 min unna.<\/p>\n<p>Hver av leilighetene er totalrenovert p\u00e5 ca 50m2 - med sengeplass til 4 personer i 2 dobbeltrom.<\/p>\n<p>Det er lys og romslig stue\/kj\u00f8kken i \u00e5pen l\u00f8sning. Kj\u00f8kkenet er godt utstyrt. Bad med dusj og toilett og en liten entre\/gang.<\/p>\n<p><strong>For bestilling\/informasjon:<br>\nMalene Gundlach, tlf. 41 45 37 25<br>\n<a href=\"mailto:malenegundlach@icloud.com\">malenegundlach@icloud.com<\/a> <\/strong><\/p>\n<\/div><\/div><div class=\"x-column x-sm x-1-2\" style=\"padding: 0px;\"><hr class=\"x-gap\" style=\"margin: 120px 0 0 0;\"><noscript><img decoding=\"async\" class=\"x-img x-img-none\" src=\"https:\/\/visitrauland.com\/malenes-leiligheter\/wp-content\/uploads\/sites\/63\/2018\/03\/5B8A0352_1920.jpg\"><\/noscript><img decoding=\"async\" class=\"x-img x-img-none lazyload\" src=\"data:image\/gif;base64,R0lGODlhAQABAIAAAAAAAP\/\/\/yH5BAEAAAAALAAAAAABAAEAAAIBRAA7\" data-src=\"https:\/\/visitrauland.com\/malenes-leiligheter\/wp-content\/uploads\/sites\/63\/2018\/03\/5B8A0352_1920.jpg\"><\/div><\/div><\/div><div id=\"aktiviteter\" class=\"x-section\" style=\"margin: 45px 0px 0px;padding: 0px 0px 45px; background-color: hsla(50, 100%, 82%, 0);\"><div id class=\"x-container max width\" style=\"margin: 0px auto;padding: 0px;\"><div class=\"x-column x-sm x-1-1\" style=\"padding: 0px;\"><div class=\"x-grid e339-e14 m9f-5\"><div class=\"x-cell e339-e15 m9f-6\"><span class=\"x-image e339-e16 m9f-7\"><noscript><img decoding=\"async\" src=\"https:\/\/visitrauland.com\/malenes-leiligheter\/wp-content\/uploads\/sites\/63\/2018\/03\/5B8A0341_1920.jpg\" width=\"960\" height=\"540\" alt=\"Moderne kj\u00f8kken med spisebord, trestoler, hvitevarer og lyse farger. Store vinduer gir naturlig lys og romf\u00f8lelse.\"><\/noscript><img decoding=\"async\" src=\"data:image\/svg+xml,%3Csvg%20xmlns%3D%22http%3A%2F%2Fwww.w3.org%2F2000%2Fsvg%22%20viewBox%3D%220%200%20960%20540%22%3E%3C%2Fsvg%3E\" width=\"960\" height=\"540\" alt=\"Moderne kj\u00f8kken med spisebord, trestoler, hvitevarer og lyse farger. Store vinduer gir naturlig lys og romf\u00f8lelse.\" data-src=\"https:\/\/visitrauland.com\/malenes-leiligheter\/wp-content\/uploads\/sites\/63\/2018\/03\/5B8A0341_1920.jpg\" class=\" lazyload\"><\/span><\/div><div class=\"x-cell e339-e17 m9f-6\"><span class=\"x-image e339-e18 m9f-7\"><noscript><img decoding=\"async\" src=\"https:\/\/visitrauland.com\/malenes-leiligheter\/wp-content\/uploads\/sites\/63\/2018\/03\/5B8A0328_1920.jpg\" width=\"960\" height=\"540\" alt=\"Lys stue med gr\u00e5 sofaer, bord og vindu med gardiner, moderne og komfortabelt interi\u00f8rdesign.\"><\/noscript><img decoding=\"async\" src=\"data:image\/svg+xml,%3Csvg%20xmlns%3D%22http%3A%2F%2Fwww.w3.org%2F2000%2Fsvg%22%20viewBox%3D%220%200%20960%20540%22%3E%3C%2Fsvg%3E\" width=\"960\" height=\"540\" alt=\"Lys stue med gr\u00e5 sofaer, bord og vindu med gardiner, moderne og komfortabelt interi\u00f8rdesign.\" data-src=\"https:\/\/visitrauland.com\/malenes-leiligheter\/wp-content\/uploads\/sites\/63\/2018\/03\/5B8A0328_1920.jpg\" class=\" lazyload\"><\/span><\/div><div class=\"x-cell e339-e19 m9f-6\"><span class=\"x-image e339-e20 m9f-7\"><noscript><img decoding=\"async\" src=\"https:\/\/visitrauland.com\/malenes-leiligheter\/wp-content\/uploads\/sites\/63\/2018\/03\/5B8A0336_1920.jpg\" width=\"960\" height=\"540\" alt=\"To enkeltsenger i et lyst rom med stripete senget\u00f8y og r\u00f8d kommode.\"><\/noscript><img decoding=\"async\" src=\"data:image\/svg+xml,%3Csvg%20xmlns%3D%22http%3A%2F%2Fwww.w3.org%2F2000%2Fsvg%22%20viewBox%3D%220%200%20960%20540%22%3E%3C%2Fsvg%3E\" width=\"960\" height=\"540\" alt=\"To enkeltsenger i et lyst rom med stripete senget\u00f8y og r\u00f8d kommode.\" data-src=\"https:\/\/visitrauland.com\/malenes-leiligheter\/wp-content\/uploads\/sites\/63\/2018\/03\/5B8A0336_1920.jpg\" class=\" lazyload\"><\/span><\/div><div class=\"x-cell e339-e21 m9f-6\"><span class=\"x-image e339-e22 m9f-7\"><noscript><img decoding=\"async\" src=\"https:\/\/visitrauland.com\/malenes-leiligheter\/wp-content\/uploads\/sites\/63\/2018\/03\/5B8A0325_1920.jpg\" width=\"960\" height=\"540\" alt=\"Lyst og koselig stue med sofa, spisebord og utsikt mot fjellene. Moderne interi\u00f8r og store vinduer.\"><\/noscript><img decoding=\"async\" src=\"data:image\/svg+xml,%3Csvg%20xmlns%3D%22http%3A%2F%2Fwww.w3.org%2F2000%2Fsvg%22%20viewBox%3D%220%200%20960%20540%22%3E%3C%2Fsvg%3E\" width=\"960\" height=\"540\" alt=\"Lyst og koselig stue med sofa, spisebord og utsikt mot fjellene. Moderne interi\u00f8r og store vinduer.\" data-src=\"https:\/\/visitrauland.com\/malenes-leiligheter\/wp-content\/uploads\/sites\/63\/2018\/03\/5B8A0325_1920.jpg\" class=\" lazyload\"><\/span><\/div><\/div><\/div><\/div><\/div><div class=\"x-section e339-e23 m9f-0 m9f-2 hero-2026\"><div class=\"x-bg\" aria-hidden=\"true\"><div class=\"x-bg-layer-lower-image\"><\/div><div class=\"x-bg-layer-upper-color\"><\/div><\/div><div class=\"x-div e339-e24 m9f-3\"><div class=\"x-text x-text-headline e339-e25 m9f-4\"><div class=\"x-text-content\"><div class=\"x-text-content-text\"><h2 class=\"x-text-content-text-primary\">Malene`s ferieleiligheter leier ut hele \u00e5ret. Velkommen til uforglemmelige dager p\u00e5 Rauland.<\/h2>\n<\/div><\/div><\/div><\/div><\/div><\/div>\n","protected":false},"excerpt":{"rendered":"<p>Malenes Ferieleiligheter Velkommen til Malenes Ferieleiligheter &#8211; lyse, moderne og trivelige leiligheter til utleie i Austb\u00f8, med kort vei til sentrum av Rauland. Det er 3,5 km til Skisenteret, 500m til n\u00e6rmeste preppererte langrennsl\u00f8ype. Skibussen passerer rett utenfor d\u00f8ren. Sommer og h\u00f8st er det merkede turstier, fantastisk badestrand og gode fiskemuligheter 5 min unna. Hver av leilighetene er totalrenovert p\u00e5 &#8230; <\/p>\n<div><a href=\"https:\/\/visitrauland.com\/malenes-leiligheter\/\" class=\"more-link\">Les Mer<\/a><\/div>\n","protected":false},"author":3,"featured_media":0,"parent":0,"menu_order":0,"comment_status":"closed","ping_status":"closed","template":"template-sites.php","meta":{"_relevanssi_hide_post":"","_relevanssi_hide_content":"","_relevanssi_pin_for_all":"","_relevanssi_pin_keywords":"","_relevanssi_unpin_keywords":"","_relevanssi_related_keywords":"","_relevanssi_related_include_ids":"","_relevanssi_related_exclude_ids":"","_relevanssi_related_no_append":"","_relevanssi_related_not_related":"","_relevanssi_related_posts":"1","_relevanssi_noindex_reason":"","seo_booster_metabox":"","footnotes":""},"class_list":["post-339","page","type-page","status-publish","hentry","no-post-thumbnail"],"yoast_head":"<!-- This site is optimized with the Yoast SEO plugin v27.2 - https:\/\/yoast.com\/product\/yoast-seo-wordpress\/ -->\n<title>Malenes Ferieleiligheter - Malenes Ferieleiligheter<\/title>\n<meta name=\"robots\" content=\"index, follow, max-snippet:-1, max-image-preview:large, max-video-preview:-1\" \/>\n<link rel=\"canonical\" href=\"https:\/\/visitrauland.com\/malenes-leiligheter\/\" \/>\n<meta property=\"og:locale\" content=\"nb_NO\" \/>\n<meta property=\"og:type\" content=\"article\" \/>\n<meta property=\"og:title\" content=\"Malenes Ferieleiligheter - Malenes Ferieleiligheter\" \/>\n<meta property=\"og:description\" content=\"Malenes Ferieleiligheter Velkommen til Malenes Ferieleiligheter - lyse, moderne og trivelige leiligheter til utleie i Austb\u00f8, med kort vei til sentrum av Rauland. Det er 3,5 km til Skisenteret, 500m til n\u00e6rmeste preppererte langrennsl\u00f8ype. Skibussen passerer rett utenfor d\u00f8ren. Sommer og h\u00f8st er det merkede turstier, fantastisk badestrand og gode fiskemuligheter 5 min unna. Hver av leilighetene er totalrenovert p\u00e5 ... Les Mer\" \/>\n<meta property=\"og:url\" content=\"https:\/\/visitrauland.com\/malenes-leiligheter\/\" \/>\n<meta property=\"og:site_name\" content=\"Malenes Ferieleiligheter\" \/>\n<meta property=\"article:modified_time\" content=\"2026-02-11T12:35:44+00:00\" \/>\n<meta name=\"twitter:card\" content=\"summary_large_image\" \/>\n<meta name=\"twitter:label1\" content=\"Ansl. lesetid\" \/>\n\t<meta name=\"twitter:data1\" content=\"4 minutter\" \/>\n<script type=\"application\/ld+json\" class=\"yoast-schema-graph\">{\"@context\":\"https:\/\/schema.org\",\"@graph\":[{\"@type\":\"WebPage\",\"@id\":\"https:\/\/visitrauland.com\/malenes-leiligheter\/\",\"url\":\"https:\/\/visitrauland.com\/malenes-leiligheter\/\",\"name\":\"Malenes Ferieleiligheter - Malenes Ferieleiligheter\",\"isPartOf\":{\"@id\":\"https:\/\/visitrauland.com\/malenes-leiligheter\/#website\"},\"datePublished\":\"2017-10-30T18:03:03+00:00\",\"dateModified\":\"2026-02-11T12:35:44+00:00\",\"breadcrumb\":{\"@id\":\"https:\/\/visitrauland.com\/malenes-leiligheter\/#breadcrumb\"},\"inLanguage\":\"nb-NO\",\"potentialAction\":[{\"@type\":\"ReadAction\",\"target\":[\"https:\/\/visitrauland.com\/malenes-leiligheter\/\"]}]},{\"@type\":\"BreadcrumbList\",\"@id\":\"https:\/\/visitrauland.com\/malenes-leiligheter\/#breadcrumb\",\"itemListElement\":[{\"@type\":\"ListItem\",\"position\":1,\"name\":\"Hjem\",\"item\":\"https:\/\/visitrauland.com\/malenes-leiligheter\/\"},{\"@type\":\"ListItem\",\"position\":2,\"name\":\"Malenes Ferieleiligheter\"}]},{\"@type\":\"WebSite\",\"@id\":\"https:\/\/visitrauland.com\/malenes-leiligheter\/#website\",\"url\":\"https:\/\/visitrauland.com\/malenes-leiligheter\/\",\"name\":\"Malenes Ferieleiligheter\",\"description\":\"Overnatting i Austb\u00f8\/Rauland\",\"potentialAction\":[{\"@type\":\"SearchAction\",\"target\":{\"@type\":\"EntryPoint\",\"urlTemplate\":\"https:\/\/visitrauland.com\/malenes-leiligheter\/?s={search_term_string}\"},\"query-input\":{\"@type\":\"PropertyValueSpecification\",\"valueRequired\":true,\"valueName\":\"search_term_string\"}}],\"inLanguage\":\"nb-NO\"}]}<\/script>\n<!-- \/ Yoast SEO plugin. -->","yoast_head_json":{"title":"Malenes Ferieleiligheter - Malenes Ferieleiligheter","robots":{"index":"index","follow":"follow","max-snippet":"max-snippet:-1","max-image-preview":"max-image-preview:large","max-video-preview":"max-video-preview:-1"},"canonical":"https:\/\/visitrauland.com\/malenes-leiligheter\/","og_locale":"nb_NO","og_type":"article","og_title":"Malenes Ferieleiligheter - Malenes Ferieleiligheter","og_description":"Malenes Ferieleiligheter Velkommen til Malenes Ferieleiligheter - lyse, moderne og trivelige leiligheter til utleie i Austb\u00f8, med kort vei til sentrum av Rauland. Det er 3,5 km til Skisenteret, 500m til n\u00e6rmeste preppererte langrennsl\u00f8ype. Skibussen passerer rett utenfor d\u00f8ren. Sommer og h\u00f8st er det merkede turstier, fantastisk badestrand og gode fiskemuligheter 5 min unna. Hver av leilighetene er totalrenovert p\u00e5 ... Les Mer","og_url":"https:\/\/visitrauland.com\/malenes-leiligheter\/","og_site_name":"Malenes Ferieleiligheter","article_modified_time":"2026-02-11T12:35:44+00:00","twitter_card":"summary_large_image","twitter_misc":{"Ansl. lesetid":"4 minutter"},"schema":{"@context":"https:\/\/schema.org","@graph":[{"@type":"WebPage","@id":"https:\/\/visitrauland.com\/malenes-leiligheter\/","url":"https:\/\/visitrauland.com\/malenes-leiligheter\/","name":"Malenes Ferieleiligheter - Malenes Ferieleiligheter","isPartOf":{"@id":"https:\/\/visitrauland.com\/malenes-leiligheter\/#website"},"datePublished":"2017-10-30T18:03:03+00:00","dateModified":"2026-02-11T12:35:44+00:00","breadcrumb":{"@id":"https:\/\/visitrauland.com\/malenes-leiligheter\/#breadcrumb"},"inLanguage":"nb-NO","potentialAction":[{"@type":"ReadAction","target":["https:\/\/visitrauland.com\/malenes-leiligheter\/"]}]},{"@type":"BreadcrumbList","@id":"https:\/\/visitrauland.com\/malenes-leiligheter\/#breadcrumb","itemListElement":[{"@type":"ListItem","position":1,"name":"Hjem","item":"https:\/\/visitrauland.com\/malenes-leiligheter\/"},{"@type":"ListItem","position":2,"name":"Malenes Ferieleiligheter"}]},{"@type":"WebSite","@id":"https:\/\/visitrauland.com\/malenes-leiligheter\/#website","url":"https:\/\/visitrauland.com\/malenes-leiligheter\/","name":"Malenes Ferieleiligheter","description":"Overnatting i Austb\u00f8\/Rauland","potentialAction":[{"@type":"SearchAction","target":{"@type":"EntryPoint","urlTemplate":"https:\/\/visitrauland.com\/malenes-leiligheter\/?s={search_term_string}"},"query-input":{"@type":"PropertyValueSpecification","valueRequired":true,"valueName":"search_term_string"}}],"inLanguage":"nb-NO"}]}},"_links":{"self":[{"href":"https:\/\/visitrauland.com\/malenes-leiligheter\/wp-json\/wp\/v2\/pages\/339","targetHints":{"allow":["GET"]}}],"collection":[{"href":"https:\/\/visitrauland.com\/malenes-leiligheter\/wp-json\/wp\/v2\/pages"}],"about":[{"href":"https:\/\/visitrauland.com\/malenes-leiligheter\/wp-json\/wp\/v2\/types\/page"}],"author":[{"embeddable":true,"href":"https:\/\/visitrauland.com\/malenes-leiligheter\/wp-json\/wp\/v2\/users\/3"}],"replies":[{"embeddable":true,"href":"https:\/\/visitrauland.com\/malenes-leiligheter\/wp-json\/wp\/v2\/comments?post=339"}],"version-history":[{"count":12,"href":"https:\/\/visitrauland.com\/malenes-leiligheter\/wp-json\/wp\/v2\/pages\/339\/revisions"}],"predecessor-version":[{"id":1949,"href":"https:\/\/visitrauland.com\/malenes-leiligheter\/wp-json\/wp\/v2\/pages\/339\/revisions\/1949"}],"wp:attachment":[{"href":"https:\/\/visitrauland.com\/malenes-leiligheter\/wp-json\/wp\/v2\/media?parent=339"}],"curies":[{"name":"wp","href":"https:\/\/api.w.org\/{rel}","templated":true}]}}