{"id":339,"date":"2017-10-30T18:03:03","date_gmt":"2017-10-30T17:03:03","guid":{"rendered":"https:\/\/visitrauland.com\/krakeroe\/?page_id=339"},"modified":"2021-06-07T21:23:42","modified_gmt":"2021-06-07T19:23:42","slug":"krakeroe-staulen","status":"publish","type":"page","link":"https:\/\/visitrauland.com\/krakeroe\/","title":{"rendered":"Kr\u00e5keroe Staulen og Flatdal Meieri"},"content":{"rendered":"<div id=\"cs-content\" class=\"cs-content\"><\/div>\n","protected":false},"excerpt":{"rendered":"<p>&nbsp;Kr\u00e5keroe-staulen ligger 900 moh p\u00e5 M\u00f8sstrond lengst nord i Seljord kommune. Staulsvollen har en spesielt fin beliggenhet mellom Veisvik-vatnet og Kr\u00e5keroe-tj\u00f8nni. P\u00e5 setervollen g\u00e5r telemarkskyr, NRF-kyr, kalvar og grisar. Her beiter kyrne godt, saftig fjellgras som gjev den beste, smakfulle og n\u00e6ringsrike mj\u00f8lka. Av mj\u00f8lka produserar me sm\u00f8r, rjome og kn\u00e5ost. Me f\u00e5r resteprodukt i form av saup og ostemasse &#8230; <\/p>\n<div><a href=\"https:\/\/visitrauland.com\/krakeroe\/velkommen-til-krakeroe-staulen\/\" class=\"more-link\">Les Mer<\/a><\/div>\n","protected":false},"author":3,"featured_media":0,"parent":0,"menu_order":0,"comment_status":"closed","ping_status":"closed","template":"template-sites.php","meta":{"_relevanssi_hide_post":"","_relevanssi_hide_content":"","_relevanssi_pin_for_all":"","_relevanssi_pin_keywords":"","_relevanssi_unpin_keywords":"","_relevanssi_related_keywords":"","_relevanssi_related_include_ids":"","_relevanssi_related_exclude_ids":"","_relevanssi_related_no_append":"","_relevanssi_related_not_related":"","_relevanssi_related_posts":"","_relevanssi_noindex_reason":"","seo_booster_metabox":"","footnotes":""},"class_list":["post-339","page","type-page","status-publish","hentry","no-post-thumbnail"],"yoast_head":"<!-- This site is optimized with the Yoast SEO plugin v27.2 - https:\/\/yoast.com\/product\/yoast-seo-wordpress\/ -->\n<title>Kr\u00e5keroe Staulen og Flatdal Meieri - Kr\u00e5keroe Staulen<\/title>\n<meta name=\"robots\" content=\"index, follow, max-snippet:-1, max-image-preview:large, max-video-preview:-1\" \/>\n<link rel=\"canonical\" href=\"https:\/\/visitrauland.com\/krakeroe\/\" \/>\n<meta property=\"og:locale\" content=\"nb_NO\" \/>\n<meta property=\"og:type\" content=\"article\" \/>\n<meta property=\"og:title\" content=\"Kr\u00e5keroe Staulen og Flatdal Meieri - Kr\u00e5keroe Staulen\" \/>\n<meta property=\"og:description\" content=\"&nbsp;Kr\u00e5keroe-staulen ligger 900 moh p\u00e5 M\u00f8sstrond lengst nord i Seljord kommune. Staulsvollen har en spesielt fin beliggenhet mellom Veisvik-vatnet og Kr\u00e5keroe-tj\u00f8nni. P\u00e5 setervollen g\u00e5r telemarkskyr, NRF-kyr, kalvar og grisar. Her beiter kyrne godt, saftig fjellgras som gjev den beste, smakfulle og n\u00e6ringsrike mj\u00f8lka. Av mj\u00f8lka produserar me sm\u00f8r, rjome og kn\u00e5ost. Me f\u00e5r resteprodukt i form av saup og ostemasse ... Les Mer\" \/>\n<meta property=\"og:url\" content=\"https:\/\/visitrauland.com\/krakeroe\/\" \/>\n<meta property=\"og:site_name\" content=\"Kr\u00e5keroe Staulen\" \/>\n<meta property=\"article:modified_time\" content=\"2021-06-07T19:23:42+00:00\" \/>\n<meta name=\"twitter:card\" content=\"summary_large_image\" \/>\n<meta name=\"twitter:label1\" content=\"Ansl. lesetid\" \/>\n\t<meta name=\"twitter:data1\" content=\"3 minutter\" \/>\n<script type=\"application\/ld+json\" class=\"yoast-schema-graph\">{\"@context\":\"https:\/\/schema.org\",\"@graph\":[{\"@type\":\"WebPage\",\"@id\":\"https:\/\/visitrauland.com\/krakeroe\/\",\"url\":\"https:\/\/visitrauland.com\/krakeroe\/\",\"name\":\"Kr\u00e5keroe Staulen og Flatdal Meieri - Kr\u00e5keroe Staulen\",\"isPartOf\":{\"@id\":\"https:\/\/visitrauland.com\/krakeroe\/#website\"},\"datePublished\":\"2017-10-30T17:03:03+00:00\",\"dateModified\":\"2021-06-07T19:23:42+00:00\",\"breadcrumb\":{\"@id\":\"https:\/\/visitrauland.com\/krakeroe\/#breadcrumb\"},\"inLanguage\":\"nb-NO\",\"potentialAction\":[{\"@type\":\"ReadAction\",\"target\":[\"https:\/\/visitrauland.com\/krakeroe\/\"]}]},{\"@type\":\"BreadcrumbList\",\"@id\":\"https:\/\/visitrauland.com\/krakeroe\/#breadcrumb\",\"itemListElement\":[{\"@type\":\"ListItem\",\"position\":1,\"name\":\"Hjem\",\"item\":\"https:\/\/visitrauland.com\/krakeroe\/\"},{\"@type\":\"ListItem\",\"position\":2,\"name\":\"Kr\u00e5keroe Staulen og Flatdal Meieri\"}]},{\"@type\":\"WebSite\",\"@id\":\"https:\/\/visitrauland.com\/krakeroe\/#website\",\"url\":\"https:\/\/visitrauland.com\/krakeroe\/\",\"name\":\"Kr\u00e5keroe Staulen\",\"description\":\"3 hytter med flott utsikt over Lognvikvatn\",\"potentialAction\":[{\"@type\":\"SearchAction\",\"target\":{\"@type\":\"EntryPoint\",\"urlTemplate\":\"https:\/\/visitrauland.com\/krakeroe\/?s={search_term_string}\"},\"query-input\":{\"@type\":\"PropertyValueSpecification\",\"valueRequired\":true,\"valueName\":\"search_term_string\"}}],\"inLanguage\":\"nb-NO\"}]}<\/script>\n<!-- \/ Yoast SEO plugin. -->","yoast_head_json":{"title":"Kr\u00e5keroe Staulen og Flatdal Meieri - Kr\u00e5keroe Staulen","robots":{"index":"index","follow":"follow","max-snippet":"max-snippet:-1","max-image-preview":"max-image-preview:large","max-video-preview":"max-video-preview:-1"},"canonical":"https:\/\/visitrauland.com\/krakeroe\/","og_locale":"nb_NO","og_type":"article","og_title":"Kr\u00e5keroe Staulen og Flatdal Meieri - Kr\u00e5keroe Staulen","og_description":"&nbsp;Kr\u00e5keroe-staulen ligger 900 moh p\u00e5 M\u00f8sstrond lengst nord i Seljord kommune. Staulsvollen har en spesielt fin beliggenhet mellom Veisvik-vatnet og Kr\u00e5keroe-tj\u00f8nni. P\u00e5 setervollen g\u00e5r telemarkskyr, NRF-kyr, kalvar og grisar. Her beiter kyrne godt, saftig fjellgras som gjev den beste, smakfulle og n\u00e6ringsrike mj\u00f8lka. Av mj\u00f8lka produserar me sm\u00f8r, rjome og kn\u00e5ost. Me f\u00e5r resteprodukt i form av saup og ostemasse ... Les Mer","og_url":"https:\/\/visitrauland.com\/krakeroe\/","og_site_name":"Kr\u00e5keroe Staulen","article_modified_time":"2021-06-07T19:23:42+00:00","twitter_card":"summary_large_image","twitter_misc":{"Ansl. lesetid":"3 minutter"},"schema":{"@context":"https:\/\/schema.org","@graph":[{"@type":"WebPage","@id":"https:\/\/visitrauland.com\/krakeroe\/","url":"https:\/\/visitrauland.com\/krakeroe\/","name":"Kr\u00e5keroe Staulen og Flatdal Meieri - Kr\u00e5keroe Staulen","isPartOf":{"@id":"https:\/\/visitrauland.com\/krakeroe\/#website"},"datePublished":"2017-10-30T17:03:03+00:00","dateModified":"2021-06-07T19:23:42+00:00","breadcrumb":{"@id":"https:\/\/visitrauland.com\/krakeroe\/#breadcrumb"},"inLanguage":"nb-NO","potentialAction":[{"@type":"ReadAction","target":["https:\/\/visitrauland.com\/krakeroe\/"]}]},{"@type":"BreadcrumbList","@id":"https:\/\/visitrauland.com\/krakeroe\/#breadcrumb","itemListElement":[{"@type":"ListItem","position":1,"name":"Hjem","item":"https:\/\/visitrauland.com\/krakeroe\/"},{"@type":"ListItem","position":2,"name":"Kr\u00e5keroe Staulen og Flatdal Meieri"}]},{"@type":"WebSite","@id":"https:\/\/visitrauland.com\/krakeroe\/#website","url":"https:\/\/visitrauland.com\/krakeroe\/","name":"Kr\u00e5keroe Staulen","description":"3 hytter med flott utsikt over Lognvikvatn","potentialAction":[{"@type":"SearchAction","target":{"@type":"EntryPoint","urlTemplate":"https:\/\/visitrauland.com\/krakeroe\/?s={search_term_string}"},"query-input":{"@type":"PropertyValueSpecification","valueRequired":true,"valueName":"search_term_string"}}],"inLanguage":"nb-NO"}]}},"_links":{"self":[{"href":"https:\/\/visitrauland.com\/krakeroe\/wp-json\/wp\/v2\/pages\/339","targetHints":{"allow":["GET"]}}],"collection":[{"href":"https:\/\/visitrauland.com\/krakeroe\/wp-json\/wp\/v2\/pages"}],"about":[{"href":"https:\/\/visitrauland.com\/krakeroe\/wp-json\/wp\/v2\/types\/page"}],"author":[{"embeddable":true,"href":"https:\/\/visitrauland.com\/krakeroe\/wp-json\/wp\/v2\/users\/3"}],"replies":[{"embeddable":true,"href":"https:\/\/visitrauland.com\/krakeroe\/wp-json\/wp\/v2\/comments?post=339"}],"version-history":[{"count":3,"href":"https:\/\/visitrauland.com\/krakeroe\/wp-json\/wp\/v2\/pages\/339\/revisions"}],"predecessor-version":[{"id":1877,"href":"https:\/\/visitrauland.com\/krakeroe\/wp-json\/wp\/v2\/pages\/339\/revisions\/1877"}],"wp:attachment":[{"href":"https:\/\/visitrauland.com\/krakeroe\/wp-json\/wp\/v2\/media?parent=339"}],"curies":[{"name":"wp","href":"https:\/\/api.w.org\/{rel}","templated":true}]}}