{"id":339,"date":"2017-10-30T18:03:03","date_gmt":"2017-10-30T17:03:03","guid":{"rendered":"https:\/\/visitrauland.com\/jordbrukerne\/?page_id=339"},"modified":"2021-11-17T10:53:19","modified_gmt":"2021-11-17T09:53:19","slug":"jordbrukerne","status":"publish","type":"page","link":"https:\/\/visitrauland.com\/jordbrukerne\/","title":{"rendered":"Jordbrukerne NRK"},"content":{"rendered":"<div id=\"cs-content\" class=\"cs-content\"><\/div>\n","protected":false},"excerpt":{"rendered":"<p>&nbsp;Dramaserien Jordbrukerne p\u00e5 NRK fra 28. oktober I NRK-serien \u00abJordbrukerne\u00bb som er spilt inn p\u00e5 Rauland, m\u00f8ter vi Marwan (Nader Khademi) som har mistet kj\u00e6resten i en bilulykke. N\u00e5r kj\u00e6restens foreldre vil ha omsorgen for datteren Kiki, bestemmer Marwan seg for \u00e5 kidnappe henne til Iran, der faren hans bor. Men de falske passene han har bestilt blir forsinket, og &#8230; <\/p>\n<div><a href=\"https:\/\/visitrauland.com\/jordbrukerne\/tv-serien-jordbrukerne-pa-nrk-i-host\/\" class=\"more-link\">Les Mer<\/a><\/div>\n","protected":false},"author":3,"featured_media":0,"parent":0,"menu_order":0,"comment_status":"closed","ping_status":"closed","template":"template-sites.php","meta":{"_relevanssi_hide_post":"","_relevanssi_hide_content":"","_relevanssi_pin_for_all":"","_relevanssi_pin_keywords":"","_relevanssi_unpin_keywords":"","_relevanssi_related_keywords":"","_relevanssi_related_include_ids":"","_relevanssi_related_exclude_ids":"","_relevanssi_related_no_append":"","_relevanssi_related_not_related":"","_relevanssi_related_posts":"","_relevanssi_noindex_reason":"","seo_booster_metabox":"","footnotes":""},"class_list":["post-339","page","type-page","status-publish","hentry","no-post-thumbnail"],"yoast_head":"<!-- This site is optimized with the Yoast SEO plugin v27.5 - https:\/\/yoast.com\/product\/yoast-seo-wordpress\/ -->\n<title>Jordbrukerne NRK - Jordbrukerne NRK<\/title>\n<meta name=\"robots\" content=\"noindex, follow, max-snippet:-1, max-image-preview:large, max-video-preview:-1\" \/>\n<meta property=\"og:locale\" content=\"nb_NO\" \/>\n<meta property=\"og:type\" content=\"article\" \/>\n<meta property=\"og:title\" content=\"Jordbrukerne NRK - Jordbrukerne NRK\" \/>\n<meta property=\"og:description\" content=\"&nbsp;Dramaserien Jordbrukerne p\u00e5 NRK fra 28. oktober I NRK-serien \u00abJordbrukerne\u00bb som er spilt inn p\u00e5 Rauland, m\u00f8ter vi Marwan (Nader Khademi) som har mistet kj\u00e6resten i en bilulykke. N\u00e5r kj\u00e6restens foreldre vil ha omsorgen for datteren Kiki, bestemmer Marwan seg for \u00e5 kidnappe henne til Iran, der faren hans bor. Men de falske passene han har bestilt blir forsinket, og ... Les Mer\" \/>\n<meta property=\"og:url\" content=\"https:\/\/visitrauland.com\/jordbrukerne\/\" \/>\n<meta property=\"og:site_name\" content=\"Jordbrukerne NRK\" \/>\n<meta property=\"article:modified_time\" content=\"2021-11-17T09:53:19+00:00\" \/>\n<meta name=\"twitter:card\" content=\"summary_large_image\" \/>\n<meta name=\"twitter:label1\" content=\"Ansl. lesetid\" \/>\n\t<meta name=\"twitter:data1\" content=\"3 minutter\" \/>\n<script type=\"application\/ld+json\" class=\"yoast-schema-graph\">{\"@context\":\"https:\\\/\\\/schema.org\",\"@graph\":[{\"@type\":\"WebPage\",\"@id\":\"https:\\\/\\\/visitrauland.com\\\/jordbrukerne\\\/\",\"url\":\"https:\\\/\\\/visitrauland.com\\\/jordbrukerne\\\/\",\"name\":\"Jordbrukerne NRK - Jordbrukerne NRK\",\"isPartOf\":{\"@id\":\"https:\\\/\\\/visitrauland.com\\\/jordbrukerne\\\/#website\"},\"datePublished\":\"2017-10-30T17:03:03+00:00\",\"dateModified\":\"2021-11-17T09:53:19+00:00\",\"breadcrumb\":{\"@id\":\"https:\\\/\\\/visitrauland.com\\\/jordbrukerne\\\/#breadcrumb\"},\"inLanguage\":\"nb-NO\",\"potentialAction\":[{\"@type\":\"ReadAction\",\"target\":[\"https:\\\/\\\/visitrauland.com\\\/jordbrukerne\\\/\"]}]},{\"@type\":\"BreadcrumbList\",\"@id\":\"https:\\\/\\\/visitrauland.com\\\/jordbrukerne\\\/#breadcrumb\",\"itemListElement\":[{\"@type\":\"ListItem\",\"position\":1,\"name\":\"Hjem\",\"item\":\"https:\\\/\\\/visitrauland.com\\\/jordbrukerne\\\/\"},{\"@type\":\"ListItem\",\"position\":2,\"name\":\"Jordbrukerne NRK\"}]},{\"@type\":\"WebSite\",\"@id\":\"https:\\\/\\\/visitrauland.com\\\/jordbrukerne\\\/#website\",\"url\":\"https:\\\/\\\/visitrauland.com\\\/jordbrukerne\\\/\",\"name\":\"Jordbrukerne NRK\",\"description\":\"3 hytter med flott utsikt over Lognvikvatn\",\"potentialAction\":[{\"@type\":\"SearchAction\",\"target\":{\"@type\":\"EntryPoint\",\"urlTemplate\":\"https:\\\/\\\/visitrauland.com\\\/jordbrukerne\\\/?s={search_term_string}\"},\"query-input\":{\"@type\":\"PropertyValueSpecification\",\"valueRequired\":true,\"valueName\":\"search_term_string\"}}],\"inLanguage\":\"nb-NO\"}]}<\/script>\n<!-- \/ Yoast SEO plugin. -->","yoast_head_json":{"title":"Jordbrukerne NRK - Jordbrukerne NRK","robots":{"index":"noindex","follow":"follow","max-snippet":"max-snippet:-1","max-image-preview":"max-image-preview:large","max-video-preview":"max-video-preview:-1"},"og_locale":"nb_NO","og_type":"article","og_title":"Jordbrukerne NRK - Jordbrukerne NRK","og_description":"&nbsp;Dramaserien Jordbrukerne p\u00e5 NRK fra 28. oktober I NRK-serien \u00abJordbrukerne\u00bb som er spilt inn p\u00e5 Rauland, m\u00f8ter vi Marwan (Nader Khademi) som har mistet kj\u00e6resten i en bilulykke. N\u00e5r kj\u00e6restens foreldre vil ha omsorgen for datteren Kiki, bestemmer Marwan seg for \u00e5 kidnappe henne til Iran, der faren hans bor. Men de falske passene han har bestilt blir forsinket, og ... Les Mer","og_url":"https:\/\/visitrauland.com\/jordbrukerne\/","og_site_name":"Jordbrukerne NRK","article_modified_time":"2021-11-17T09:53:19+00:00","twitter_card":"summary_large_image","twitter_misc":{"Ansl. lesetid":"3 minutter"},"schema":{"@context":"https:\/\/schema.org","@graph":[{"@type":"WebPage","@id":"https:\/\/visitrauland.com\/jordbrukerne\/","url":"https:\/\/visitrauland.com\/jordbrukerne\/","name":"Jordbrukerne NRK - Jordbrukerne NRK","isPartOf":{"@id":"https:\/\/visitrauland.com\/jordbrukerne\/#website"},"datePublished":"2017-10-30T17:03:03+00:00","dateModified":"2021-11-17T09:53:19+00:00","breadcrumb":{"@id":"https:\/\/visitrauland.com\/jordbrukerne\/#breadcrumb"},"inLanguage":"nb-NO","potentialAction":[{"@type":"ReadAction","target":["https:\/\/visitrauland.com\/jordbrukerne\/"]}]},{"@type":"BreadcrumbList","@id":"https:\/\/visitrauland.com\/jordbrukerne\/#breadcrumb","itemListElement":[{"@type":"ListItem","position":1,"name":"Hjem","item":"https:\/\/visitrauland.com\/jordbrukerne\/"},{"@type":"ListItem","position":2,"name":"Jordbrukerne NRK"}]},{"@type":"WebSite","@id":"https:\/\/visitrauland.com\/jordbrukerne\/#website","url":"https:\/\/visitrauland.com\/jordbrukerne\/","name":"Jordbrukerne NRK","description":"3 hytter med flott utsikt over Lognvikvatn","potentialAction":[{"@type":"SearchAction","target":{"@type":"EntryPoint","urlTemplate":"https:\/\/visitrauland.com\/jordbrukerne\/?s={search_term_string}"},"query-input":{"@type":"PropertyValueSpecification","valueRequired":true,"valueName":"search_term_string"}}],"inLanguage":"nb-NO"}]}},"_links":{"self":[{"href":"https:\/\/visitrauland.com\/jordbrukerne\/wp-json\/wp\/v2\/pages\/339","targetHints":{"allow":["GET"]}}],"collection":[{"href":"https:\/\/visitrauland.com\/jordbrukerne\/wp-json\/wp\/v2\/pages"}],"about":[{"href":"https:\/\/visitrauland.com\/jordbrukerne\/wp-json\/wp\/v2\/types\/page"}],"author":[{"embeddable":true,"href":"https:\/\/visitrauland.com\/jordbrukerne\/wp-json\/wp\/v2\/users\/3"}],"replies":[{"embeddable":true,"href":"https:\/\/visitrauland.com\/jordbrukerne\/wp-json\/wp\/v2\/comments?post=339"}],"version-history":[{"count":9,"href":"https:\/\/visitrauland.com\/jordbrukerne\/wp-json\/wp\/v2\/pages\/339\/revisions"}],"predecessor-version":[{"id":1950,"href":"https:\/\/visitrauland.com\/jordbrukerne\/wp-json\/wp\/v2\/pages\/339\/revisions\/1950"}],"wp:attachment":[{"href":"https:\/\/visitrauland.com\/jordbrukerne\/wp-json\/wp\/v2\/media?parent=339"}],"curies":[{"name":"wp","href":"https:\/\/api.w.org\/{rel}","templated":true}]}}