{"id":2282,"date":"2021-02-15T13:04:49","date_gmt":"2021-02-15T12:04:49","guid":{"rendered":"https:\/\/visitrauland.com\/holtardalen\/?page_id=2282"},"modified":"2021-02-18T17:38:24","modified_gmt":"2021-02-18T16:38:24","slug":"historie","status":"publish","type":"page","link":"https:\/\/visitrauland.com\/holtardalen\/om\/historie\/","title":{"rendered":"Historie"},"content":{"rendered":"<div id=\"cs-content\" class=\"cs-content\"><\/div>\n","protected":false},"excerpt":{"rendered":"<p>Holtardalen er et av Norges st\u00f8rste hyttefelt! Omr\u00e5det er utviklet av og eies av Rauland Invest AS. Selskapet har et n\u00e6rt samarbeid med den opprinnelige grunneieren Tov Svalastog, som fortsatt eier store omr\u00e5der i og rundt Holtardalen. Rauland Invest AS regulerer, eier og bygger ut all infrastruktur som vei, vann og avl\u00f8p i Holtardalen. Selskapet har i hovedsak solgt tomter &#8230; <\/p>\n<div><a href=\"https:\/\/visitrauland.com\/holtardalen\/om\/historie\/\" class=\"more-link\">Les Mer<\/a><\/div>\n","protected":false},"author":10,"featured_media":0,"parent":1943,"menu_order":0,"comment_status":"closed","ping_status":"closed","template":"","meta":{"_relevanssi_hide_post":"","_relevanssi_hide_content":"","_relevanssi_pin_for_all":"","_relevanssi_pin_keywords":"","_relevanssi_unpin_keywords":"","_relevanssi_related_keywords":"","_relevanssi_related_include_ids":"","_relevanssi_related_exclude_ids":"","_relevanssi_related_no_append":"","_relevanssi_related_not_related":"","_relevanssi_related_posts":"","_relevanssi_noindex_reason":"","seo_booster_metabox":"","footnotes":""},"class_list":["post-2282","page","type-page","status-publish","hentry","no-post-thumbnail"],"yoast_head":"<!-- This site is optimized with the Yoast SEO plugin v27.2 - https:\/\/yoast.com\/product\/yoast-seo-wordpress\/ -->\n<title>Historie - Holtardalen<\/title>\n<meta name=\"robots\" content=\"index, follow, max-snippet:-1, max-image-preview:large, max-video-preview:-1\" \/>\n<link rel=\"canonical\" href=\"https:\/\/visitrauland.com\/holtardalen\/om\/historie\/\" \/>\n<meta property=\"og:locale\" content=\"nb_NO\" \/>\n<meta property=\"og:type\" content=\"article\" \/>\n<meta property=\"og:title\" content=\"Historie - Holtardalen\" \/>\n<meta property=\"og:description\" content=\"Holtardalen er et av Norges st\u00f8rste hyttefelt! Omr\u00e5det er utviklet av og eies av Rauland Invest AS. Selskapet har et n\u00e6rt samarbeid med den opprinnelige grunneieren Tov Svalastog, som fortsatt eier store omr\u00e5der i og rundt Holtardalen. Rauland Invest AS regulerer, eier og bygger ut all infrastruktur som vei, vann og avl\u00f8p i Holtardalen. Selskapet har i hovedsak solgt tomter ... Les Mer\" \/>\n<meta property=\"og:url\" content=\"https:\/\/visitrauland.com\/holtardalen\/om\/historie\/\" \/>\n<meta property=\"og:site_name\" content=\"Holtardalen\" \/>\n<meta property=\"article:modified_time\" content=\"2021-02-18T16:38:24+00:00\" \/>\n<meta name=\"twitter:card\" content=\"summary_large_image\" \/>\n<meta name=\"twitter:label1\" content=\"Ansl. lesetid\" \/>\n\t<meta name=\"twitter:data1\" content=\"5 minutter\" \/>\n<script type=\"application\/ld+json\" class=\"yoast-schema-graph\">{\"@context\":\"https:\/\/schema.org\",\"@graph\":[{\"@type\":\"WebPage\",\"@id\":\"https:\/\/visitrauland.com\/holtardalen\/om\/historie\/\",\"url\":\"https:\/\/visitrauland.com\/holtardalen\/om\/historie\/\",\"name\":\"Historie - Holtardalen\",\"isPartOf\":{\"@id\":\"https:\/\/visitrauland.com\/holtardalen\/#website\"},\"datePublished\":\"2021-02-15T12:04:49+00:00\",\"dateModified\":\"2021-02-18T16:38:24+00:00\",\"breadcrumb\":{\"@id\":\"https:\/\/visitrauland.com\/holtardalen\/om\/historie\/#breadcrumb\"},\"inLanguage\":\"nb-NO\",\"potentialAction\":[{\"@type\":\"ReadAction\",\"target\":[\"https:\/\/visitrauland.com\/holtardalen\/om\/historie\/\"]}]},{\"@type\":\"BreadcrumbList\",\"@id\":\"https:\/\/visitrauland.com\/holtardalen\/om\/historie\/#breadcrumb\",\"itemListElement\":[{\"@type\":\"ListItem\",\"position\":1,\"name\":\"Hjem\",\"item\":\"https:\/\/visitrauland.com\/holtardalen\/\"},{\"@type\":\"ListItem\",\"position\":2,\"name\":\"Om Holtardalen\",\"item\":\"https:\/\/visitrauland.com\/holtardalen\/om\/\"},{\"@type\":\"ListItem\",\"position\":3,\"name\":\"Historie\"}]},{\"@type\":\"WebSite\",\"@id\":\"https:\/\/visitrauland.com\/holtardalen\/#website\",\"url\":\"https:\/\/visitrauland.com\/holtardalen\/\",\"name\":\"Holtardalen\",\"description\":\"3 hytter med flott utsikt over Lognvikvatn\",\"potentialAction\":[{\"@type\":\"SearchAction\",\"target\":{\"@type\":\"EntryPoint\",\"urlTemplate\":\"https:\/\/visitrauland.com\/holtardalen\/?s={search_term_string}\"},\"query-input\":{\"@type\":\"PropertyValueSpecification\",\"valueRequired\":true,\"valueName\":\"search_term_string\"}}],\"inLanguage\":\"nb-NO\"}]}<\/script>\n<!-- \/ Yoast SEO plugin. -->","yoast_head_json":{"title":"Historie - Holtardalen","robots":{"index":"index","follow":"follow","max-snippet":"max-snippet:-1","max-image-preview":"max-image-preview:large","max-video-preview":"max-video-preview:-1"},"canonical":"https:\/\/visitrauland.com\/holtardalen\/om\/historie\/","og_locale":"nb_NO","og_type":"article","og_title":"Historie - Holtardalen","og_description":"Holtardalen er et av Norges st\u00f8rste hyttefelt! Omr\u00e5det er utviklet av og eies av Rauland Invest AS. Selskapet har et n\u00e6rt samarbeid med den opprinnelige grunneieren Tov Svalastog, som fortsatt eier store omr\u00e5der i og rundt Holtardalen. Rauland Invest AS regulerer, eier og bygger ut all infrastruktur som vei, vann og avl\u00f8p i Holtardalen. Selskapet har i hovedsak solgt tomter ... Les Mer","og_url":"https:\/\/visitrauland.com\/holtardalen\/om\/historie\/","og_site_name":"Holtardalen","article_modified_time":"2021-02-18T16:38:24+00:00","twitter_card":"summary_large_image","twitter_misc":{"Ansl. lesetid":"5 minutter"},"schema":{"@context":"https:\/\/schema.org","@graph":[{"@type":"WebPage","@id":"https:\/\/visitrauland.com\/holtardalen\/om\/historie\/","url":"https:\/\/visitrauland.com\/holtardalen\/om\/historie\/","name":"Historie - Holtardalen","isPartOf":{"@id":"https:\/\/visitrauland.com\/holtardalen\/#website"},"datePublished":"2021-02-15T12:04:49+00:00","dateModified":"2021-02-18T16:38:24+00:00","breadcrumb":{"@id":"https:\/\/visitrauland.com\/holtardalen\/om\/historie\/#breadcrumb"},"inLanguage":"nb-NO","potentialAction":[{"@type":"ReadAction","target":["https:\/\/visitrauland.com\/holtardalen\/om\/historie\/"]}]},{"@type":"BreadcrumbList","@id":"https:\/\/visitrauland.com\/holtardalen\/om\/historie\/#breadcrumb","itemListElement":[{"@type":"ListItem","position":1,"name":"Hjem","item":"https:\/\/visitrauland.com\/holtardalen\/"},{"@type":"ListItem","position":2,"name":"Om Holtardalen","item":"https:\/\/visitrauland.com\/holtardalen\/om\/"},{"@type":"ListItem","position":3,"name":"Historie"}]},{"@type":"WebSite","@id":"https:\/\/visitrauland.com\/holtardalen\/#website","url":"https:\/\/visitrauland.com\/holtardalen\/","name":"Holtardalen","description":"3 hytter med flott utsikt over Lognvikvatn","potentialAction":[{"@type":"SearchAction","target":{"@type":"EntryPoint","urlTemplate":"https:\/\/visitrauland.com\/holtardalen\/?s={search_term_string}"},"query-input":{"@type":"PropertyValueSpecification","valueRequired":true,"valueName":"search_term_string"}}],"inLanguage":"nb-NO"}]}},"_links":{"self":[{"href":"https:\/\/visitrauland.com\/holtardalen\/wp-json\/wp\/v2\/pages\/2282","targetHints":{"allow":["GET"]}}],"collection":[{"href":"https:\/\/visitrauland.com\/holtardalen\/wp-json\/wp\/v2\/pages"}],"about":[{"href":"https:\/\/visitrauland.com\/holtardalen\/wp-json\/wp\/v2\/types\/page"}],"author":[{"embeddable":true,"href":"https:\/\/visitrauland.com\/holtardalen\/wp-json\/wp\/v2\/users\/10"}],"replies":[{"embeddable":true,"href":"https:\/\/visitrauland.com\/holtardalen\/wp-json\/wp\/v2\/comments?post=2282"}],"version-history":[{"count":4,"href":"https:\/\/visitrauland.com\/holtardalen\/wp-json\/wp\/v2\/pages\/2282\/revisions"}],"predecessor-version":[{"id":2682,"href":"https:\/\/visitrauland.com\/holtardalen\/wp-json\/wp\/v2\/pages\/2282\/revisions\/2682"}],"up":[{"embeddable":true,"href":"https:\/\/visitrauland.com\/holtardalen\/wp-json\/wp\/v2\/pages\/1943"}],"wp:attachment":[{"href":"https:\/\/visitrauland.com\/holtardalen\/wp-json\/wp\/v2\/media?parent=2282"}],"curies":[{"name":"wp","href":"https:\/\/api.w.org\/{rel}","templated":true}]}}