{"id":2278,"date":"2021-02-15T13:03:15","date_gmt":"2021-02-15T12:03:15","guid":{"rendered":"https:\/\/visitrauland.com\/holtardalen\/?page_id=2278"},"modified":"2021-02-16T12:15:38","modified_gmt":"2021-02-16T11:15:38","slug":"lekeplassen","status":"publish","type":"page","link":"https:\/\/visitrauland.com\/holtardalen\/lekeplassen\/","title":{"rendered":"Lekeplass i Holtardalen"},"content":{"rendered":"<div id=\"cs-content\" class=\"cs-content\"><\/div>\n","protected":false},"excerpt":{"rendered":"<p>Holtardalen har ny&nbsp;lekeplass! Det ble h\u00f8sten 2020 bygget en ny&nbsp;lekeplass, med fotballbane, husker, sand og lekeapparater. Omr\u00e5det skal utvikles videre de neste \u00e5rene! &nbsp;Hele omr\u00e5det rundt varmestuen er et hyggelig omr\u00e5de hele \u00e5ret, med bord, b\u00e5lpanner og toaletter. Her er det fint \u00e5 v\u00e6re for hyttefolk og gjester i alle aldre!<\/p>\n","protected":false},"author":10,"featured_media":0,"parent":0,"menu_order":0,"comment_status":"closed","ping_status":"closed","template":"","meta":{"_relevanssi_hide_post":"","_relevanssi_hide_content":"","_relevanssi_pin_for_all":"","_relevanssi_pin_keywords":"","_relevanssi_unpin_keywords":"","_relevanssi_related_keywords":"","_relevanssi_related_include_ids":"","_relevanssi_related_exclude_ids":"","_relevanssi_related_no_append":"","_relevanssi_related_not_related":"","_relevanssi_related_posts":"","_relevanssi_noindex_reason":"","seo_booster_metabox":"","footnotes":""},"class_list":["post-2278","page","type-page","status-publish","hentry","no-post-thumbnail"],"yoast_head":"<!-- This site is optimized with the Yoast SEO plugin v27.2 - https:\/\/yoast.com\/product\/yoast-seo-wordpress\/ -->\n<title>Lekeplass i Holtardalen - Holtardalen<\/title>\n<meta name=\"robots\" content=\"index, follow, max-snippet:-1, max-image-preview:large, max-video-preview:-1\" \/>\n<link rel=\"canonical\" href=\"https:\/\/visitrauland.com\/holtardalen\/lekeplassen\/\" \/>\n<meta property=\"og:locale\" content=\"nb_NO\" \/>\n<meta property=\"og:type\" content=\"article\" \/>\n<meta property=\"og:title\" content=\"Lekeplass i Holtardalen - Holtardalen\" \/>\n<meta property=\"og:description\" content=\"Holtardalen har ny&nbsp;lekeplass! Det ble h\u00f8sten 2020 bygget en ny&nbsp;lekeplass, med fotballbane, husker, sand og lekeapparater. Omr\u00e5det skal utvikles videre de neste \u00e5rene! &nbsp;Hele omr\u00e5det rundt varmestuen er et hyggelig omr\u00e5de hele \u00e5ret, med bord, b\u00e5lpanner og toaletter. Her er det fint \u00e5 v\u00e6re for hyttefolk og gjester i alle aldre!\" \/>\n<meta property=\"og:url\" content=\"https:\/\/visitrauland.com\/holtardalen\/lekeplassen\/\" \/>\n<meta property=\"og:site_name\" content=\"Holtardalen\" \/>\n<meta property=\"article:modified_time\" content=\"2021-02-16T11:15:38+00:00\" \/>\n<meta name=\"twitter:card\" content=\"summary_large_image\" \/>\n<meta name=\"twitter:label1\" content=\"Ansl. lesetid\" \/>\n\t<meta name=\"twitter:data1\" content=\"1 minutt\" \/>\n<script type=\"application\/ld+json\" class=\"yoast-schema-graph\">{\"@context\":\"https:\/\/schema.org\",\"@graph\":[{\"@type\":\"WebPage\",\"@id\":\"https:\/\/visitrauland.com\/holtardalen\/lekeplassen\/\",\"url\":\"https:\/\/visitrauland.com\/holtardalen\/lekeplassen\/\",\"name\":\"Lekeplass i Holtardalen - Holtardalen\",\"isPartOf\":{\"@id\":\"https:\/\/visitrauland.com\/holtardalen\/#website\"},\"datePublished\":\"2021-02-15T12:03:15+00:00\",\"dateModified\":\"2021-02-16T11:15:38+00:00\",\"breadcrumb\":{\"@id\":\"https:\/\/visitrauland.com\/holtardalen\/lekeplassen\/#breadcrumb\"},\"inLanguage\":\"nb-NO\",\"potentialAction\":[{\"@type\":\"ReadAction\",\"target\":[\"https:\/\/visitrauland.com\/holtardalen\/lekeplassen\/\"]}]},{\"@type\":\"BreadcrumbList\",\"@id\":\"https:\/\/visitrauland.com\/holtardalen\/lekeplassen\/#breadcrumb\",\"itemListElement\":[{\"@type\":\"ListItem\",\"position\":1,\"name\":\"Hjem\",\"item\":\"https:\/\/visitrauland.com\/holtardalen\/\"},{\"@type\":\"ListItem\",\"position\":2,\"name\":\"Lekeplass i Holtardalen\"}]},{\"@type\":\"WebSite\",\"@id\":\"https:\/\/visitrauland.com\/holtardalen\/#website\",\"url\":\"https:\/\/visitrauland.com\/holtardalen\/\",\"name\":\"Holtardalen\",\"description\":\"3 hytter med flott utsikt over Lognvikvatn\",\"potentialAction\":[{\"@type\":\"SearchAction\",\"target\":{\"@type\":\"EntryPoint\",\"urlTemplate\":\"https:\/\/visitrauland.com\/holtardalen\/?s={search_term_string}\"},\"query-input\":{\"@type\":\"PropertyValueSpecification\",\"valueRequired\":true,\"valueName\":\"search_term_string\"}}],\"inLanguage\":\"nb-NO\"}]}<\/script>\n<!-- \/ Yoast SEO plugin. -->","yoast_head_json":{"title":"Lekeplass i Holtardalen - Holtardalen","robots":{"index":"index","follow":"follow","max-snippet":"max-snippet:-1","max-image-preview":"max-image-preview:large","max-video-preview":"max-video-preview:-1"},"canonical":"https:\/\/visitrauland.com\/holtardalen\/lekeplassen\/","og_locale":"nb_NO","og_type":"article","og_title":"Lekeplass i Holtardalen - Holtardalen","og_description":"Holtardalen har ny&nbsp;lekeplass! Det ble h\u00f8sten 2020 bygget en ny&nbsp;lekeplass, med fotballbane, husker, sand og lekeapparater. Omr\u00e5det skal utvikles videre de neste \u00e5rene! &nbsp;Hele omr\u00e5det rundt varmestuen er et hyggelig omr\u00e5de hele \u00e5ret, med bord, b\u00e5lpanner og toaletter. Her er det fint \u00e5 v\u00e6re for hyttefolk og gjester i alle aldre!","og_url":"https:\/\/visitrauland.com\/holtardalen\/lekeplassen\/","og_site_name":"Holtardalen","article_modified_time":"2021-02-16T11:15:38+00:00","twitter_card":"summary_large_image","twitter_misc":{"Ansl. lesetid":"1 minutt"},"schema":{"@context":"https:\/\/schema.org","@graph":[{"@type":"WebPage","@id":"https:\/\/visitrauland.com\/holtardalen\/lekeplassen\/","url":"https:\/\/visitrauland.com\/holtardalen\/lekeplassen\/","name":"Lekeplass i Holtardalen - Holtardalen","isPartOf":{"@id":"https:\/\/visitrauland.com\/holtardalen\/#website"},"datePublished":"2021-02-15T12:03:15+00:00","dateModified":"2021-02-16T11:15:38+00:00","breadcrumb":{"@id":"https:\/\/visitrauland.com\/holtardalen\/lekeplassen\/#breadcrumb"},"inLanguage":"nb-NO","potentialAction":[{"@type":"ReadAction","target":["https:\/\/visitrauland.com\/holtardalen\/lekeplassen\/"]}]},{"@type":"BreadcrumbList","@id":"https:\/\/visitrauland.com\/holtardalen\/lekeplassen\/#breadcrumb","itemListElement":[{"@type":"ListItem","position":1,"name":"Hjem","item":"https:\/\/visitrauland.com\/holtardalen\/"},{"@type":"ListItem","position":2,"name":"Lekeplass i Holtardalen"}]},{"@type":"WebSite","@id":"https:\/\/visitrauland.com\/holtardalen\/#website","url":"https:\/\/visitrauland.com\/holtardalen\/","name":"Holtardalen","description":"3 hytter med flott utsikt over Lognvikvatn","potentialAction":[{"@type":"SearchAction","target":{"@type":"EntryPoint","urlTemplate":"https:\/\/visitrauland.com\/holtardalen\/?s={search_term_string}"},"query-input":{"@type":"PropertyValueSpecification","valueRequired":true,"valueName":"search_term_string"}}],"inLanguage":"nb-NO"}]}},"_links":{"self":[{"href":"https:\/\/visitrauland.com\/holtardalen\/wp-json\/wp\/v2\/pages\/2278","targetHints":{"allow":["GET"]}}],"collection":[{"href":"https:\/\/visitrauland.com\/holtardalen\/wp-json\/wp\/v2\/pages"}],"about":[{"href":"https:\/\/visitrauland.com\/holtardalen\/wp-json\/wp\/v2\/types\/page"}],"author":[{"embeddable":true,"href":"https:\/\/visitrauland.com\/holtardalen\/wp-json\/wp\/v2\/users\/10"}],"replies":[{"embeddable":true,"href":"https:\/\/visitrauland.com\/holtardalen\/wp-json\/wp\/v2\/comments?post=2278"}],"version-history":[{"count":4,"href":"https:\/\/visitrauland.com\/holtardalen\/wp-json\/wp\/v2\/pages\/2278\/revisions"}],"predecessor-version":[{"id":2299,"href":"https:\/\/visitrauland.com\/holtardalen\/wp-json\/wp\/v2\/pages\/2278\/revisions\/2299"}],"wp:attachment":[{"href":"https:\/\/visitrauland.com\/holtardalen\/wp-json\/wp\/v2\/media?parent=2278"}],"curies":[{"name":"wp","href":"https:\/\/api.w.org\/{rel}","templated":true}]}}