{"id":2223,"date":"2021-02-14T17:49:08","date_gmt":"2021-02-14T16:49:08","guid":{"rendered":"https:\/\/visitrauland.com\/holtardalen\/?page_id=2223"},"modified":"2021-10-16T22:01:06","modified_gmt":"2021-10-16T20:01:06","slug":"fugleleiken","status":"publish","type":"page","link":"https:\/\/visitrauland.com\/holtardalen\/tilsalgs\/fugleleiken\/","title":{"rendered":"Fugleleiken"},"content":{"rendered":"<div id=\"cs-content\" class=\"cs-content\"><\/div>\n","protected":false},"excerpt":{"rendered":"<p>FugleleikenBYGGETRINN 3 &nbsp;Fugleleiken er et solrikt omr\u00e5de \u00f8verst i Holtardalen med storslagen utsikt over Holtardalen og Raulandsfjell i horisonten.&nbsp; Her har du kort vei til b\u00e5de alpint- og langrennsl\u00f8yper, og omr\u00e5det innbyr til fine turopplevelser hele \u00e5ret. Se kart med ledige tomter og priser &#8211; Holtardalen&nbsp;(PDF &#8211; Oppdatert 16.10.21) Omr\u00e5det Fugleleiken ligger h\u00f8yt og fint med flott utsikt mot vest &#8230; <\/p>\n<div><a href=\"https:\/\/visitrauland.com\/holtardalen\/tilsalgs\/fugleleiken\/\" class=\"more-link\">Les Mer<\/a><\/div>\n","protected":false},"author":10,"featured_media":0,"parent":1944,"menu_order":0,"comment_status":"closed","ping_status":"closed","template":"template-blank-4.php","meta":{"_relevanssi_hide_post":"","_relevanssi_hide_content":"","_relevanssi_pin_for_all":"","_relevanssi_pin_keywords":"","_relevanssi_unpin_keywords":"","_relevanssi_related_keywords":"","_relevanssi_related_include_ids":"","_relevanssi_related_exclude_ids":"","_relevanssi_related_no_append":"","_relevanssi_related_not_related":"","_relevanssi_related_posts":"","_relevanssi_noindex_reason":"","seo_booster_metabox":"","footnotes":""},"class_list":["post-2223","page","type-page","status-publish","hentry","no-post-thumbnail"],"yoast_head":"<!-- This site is optimized with the Yoast SEO plugin v27.2 - https:\/\/yoast.com\/product\/yoast-seo-wordpress\/ -->\n<title>Fugleleiken - Holtardalen<\/title>\n<meta name=\"robots\" content=\"index, follow, max-snippet:-1, max-image-preview:large, max-video-preview:-1\" \/>\n<link rel=\"canonical\" href=\"https:\/\/visitrauland.com\/holtardalen\/tilsalgs\/fugleleiken\/\" \/>\n<meta property=\"og:locale\" content=\"nb_NO\" \/>\n<meta property=\"og:type\" content=\"article\" \/>\n<meta property=\"og:title\" content=\"Fugleleiken - Holtardalen\" \/>\n<meta property=\"og:description\" content=\"FugleleikenBYGGETRINN 3 &nbsp;Fugleleiken er et solrikt omr\u00e5de \u00f8verst i Holtardalen med storslagen utsikt over Holtardalen og Raulandsfjell i horisonten.&nbsp; Her har du kort vei til b\u00e5de alpint- og langrennsl\u00f8yper, og omr\u00e5det innbyr til fine turopplevelser hele \u00e5ret. Se kart med ledige tomter og priser - Holtardalen&nbsp;(PDF - Oppdatert 16.10.21) Omr\u00e5det Fugleleiken ligger h\u00f8yt og fint med flott utsikt mot vest ... Les Mer\" \/>\n<meta property=\"og:url\" content=\"https:\/\/visitrauland.com\/holtardalen\/tilsalgs\/fugleleiken\/\" \/>\n<meta property=\"og:site_name\" content=\"Holtardalen\" \/>\n<meta property=\"article:modified_time\" content=\"2021-10-16T20:01:06+00:00\" \/>\n<meta property=\"og:image\" content=\"https:\/\/visitrauland.com\/holtardalen\/wp-content\/uploads\/sites\/94\/2021\/02\/fugleleiken-1920.jpg\" \/>\n<meta name=\"twitter:card\" content=\"summary_large_image\" \/>\n<meta name=\"twitter:label1\" content=\"Ansl. lesetid\" \/>\n\t<meta name=\"twitter:data1\" content=\"4 minutter\" \/>\n<script type=\"application\/ld+json\" class=\"yoast-schema-graph\">{\"@context\":\"https:\/\/schema.org\",\"@graph\":[{\"@type\":\"WebPage\",\"@id\":\"https:\/\/visitrauland.com\/holtardalen\/tilsalgs\/fugleleiken\/\",\"url\":\"https:\/\/visitrauland.com\/holtardalen\/tilsalgs\/fugleleiken\/\",\"name\":\"Fugleleiken - Holtardalen\",\"isPartOf\":{\"@id\":\"https:\/\/visitrauland.com\/holtardalen\/#website\"},\"primaryImageOfPage\":{\"@id\":\"https:\/\/visitrauland.com\/holtardalen\/tilsalgs\/fugleleiken\/#primaryimage\"},\"image\":{\"@id\":\"https:\/\/visitrauland.com\/holtardalen\/tilsalgs\/fugleleiken\/#primaryimage\"},\"thumbnailUrl\":\"https:\/\/visitrauland.com\/holtardalen\/wp-content\/uploads\/sites\/94\/2021\/02\/fugleleiken-1920.jpg\",\"datePublished\":\"2021-02-14T16:49:08+00:00\",\"dateModified\":\"2021-10-16T20:01:06+00:00\",\"breadcrumb\":{\"@id\":\"https:\/\/visitrauland.com\/holtardalen\/tilsalgs\/fugleleiken\/#breadcrumb\"},\"inLanguage\":\"nb-NO\",\"potentialAction\":[{\"@type\":\"ReadAction\",\"target\":[\"https:\/\/visitrauland.com\/holtardalen\/tilsalgs\/fugleleiken\/\"]}]},{\"@type\":\"ImageObject\",\"inLanguage\":\"nb-NO\",\"@id\":\"https:\/\/visitrauland.com\/holtardalen\/tilsalgs\/fugleleiken\/#primaryimage\",\"url\":\"https:\/\/visitrauland.com\/holtardalen\/wp-content\/uploads\/sites\/94\/2021\/02\/fugleleiken-1920.jpg\",\"contentUrl\":\"https:\/\/visitrauland.com\/holtardalen\/wp-content\/uploads\/sites\/94\/2021\/02\/fugleleiken-1920.jpg\",\"width\":1920,\"height\":1080,\"caption\":\"Sn\u00f8dekte fjell og hytter under en klar bl\u00e5 himmel i Vinter-Norge. Perfekt for ski og naturopplevelser.\"},{\"@type\":\"BreadcrumbList\",\"@id\":\"https:\/\/visitrauland.com\/holtardalen\/tilsalgs\/fugleleiken\/#breadcrumb\",\"itemListElement\":[{\"@type\":\"ListItem\",\"position\":1,\"name\":\"Hjem\",\"item\":\"https:\/\/visitrauland.com\/holtardalen\/\"},{\"@type\":\"ListItem\",\"position\":2,\"name\":\"Til salgs\",\"item\":\"https:\/\/visitrauland.com\/holtardalen\/tilsalgs\/\"},{\"@type\":\"ListItem\",\"position\":3,\"name\":\"Fugleleiken\"}]},{\"@type\":\"WebSite\",\"@id\":\"https:\/\/visitrauland.com\/holtardalen\/#website\",\"url\":\"https:\/\/visitrauland.com\/holtardalen\/\",\"name\":\"Holtardalen\",\"description\":\"3 hytter med flott utsikt over Lognvikvatn\",\"potentialAction\":[{\"@type\":\"SearchAction\",\"target\":{\"@type\":\"EntryPoint\",\"urlTemplate\":\"https:\/\/visitrauland.com\/holtardalen\/?s={search_term_string}\"},\"query-input\":{\"@type\":\"PropertyValueSpecification\",\"valueRequired\":true,\"valueName\":\"search_term_string\"}}],\"inLanguage\":\"nb-NO\"}]}<\/script>\n<!-- \/ Yoast SEO plugin. -->","yoast_head_json":{"title":"Fugleleiken - Holtardalen","robots":{"index":"index","follow":"follow","max-snippet":"max-snippet:-1","max-image-preview":"max-image-preview:large","max-video-preview":"max-video-preview:-1"},"canonical":"https:\/\/visitrauland.com\/holtardalen\/tilsalgs\/fugleleiken\/","og_locale":"nb_NO","og_type":"article","og_title":"Fugleleiken - Holtardalen","og_description":"FugleleikenBYGGETRINN 3 &nbsp;Fugleleiken er et solrikt omr\u00e5de \u00f8verst i Holtardalen med storslagen utsikt over Holtardalen og Raulandsfjell i horisonten.&nbsp; Her har du kort vei til b\u00e5de alpint- og langrennsl\u00f8yper, og omr\u00e5det innbyr til fine turopplevelser hele \u00e5ret. Se kart med ledige tomter og priser - Holtardalen&nbsp;(PDF - Oppdatert 16.10.21) Omr\u00e5det Fugleleiken ligger h\u00f8yt og fint med flott utsikt mot vest ... Les Mer","og_url":"https:\/\/visitrauland.com\/holtardalen\/tilsalgs\/fugleleiken\/","og_site_name":"Holtardalen","article_modified_time":"2021-10-16T20:01:06+00:00","og_image":[{"url":"https:\/\/visitrauland.com\/holtardalen\/wp-content\/uploads\/sites\/94\/2021\/02\/fugleleiken-1920.jpg","type":"","width":"","height":""}],"twitter_card":"summary_large_image","twitter_misc":{"Ansl. lesetid":"4 minutter"},"schema":{"@context":"https:\/\/schema.org","@graph":[{"@type":"WebPage","@id":"https:\/\/visitrauland.com\/holtardalen\/tilsalgs\/fugleleiken\/","url":"https:\/\/visitrauland.com\/holtardalen\/tilsalgs\/fugleleiken\/","name":"Fugleleiken - Holtardalen","isPartOf":{"@id":"https:\/\/visitrauland.com\/holtardalen\/#website"},"primaryImageOfPage":{"@id":"https:\/\/visitrauland.com\/holtardalen\/tilsalgs\/fugleleiken\/#primaryimage"},"image":{"@id":"https:\/\/visitrauland.com\/holtardalen\/tilsalgs\/fugleleiken\/#primaryimage"},"thumbnailUrl":"https:\/\/visitrauland.com\/holtardalen\/wp-content\/uploads\/sites\/94\/2021\/02\/fugleleiken-1920.jpg","datePublished":"2021-02-14T16:49:08+00:00","dateModified":"2021-10-16T20:01:06+00:00","breadcrumb":{"@id":"https:\/\/visitrauland.com\/holtardalen\/tilsalgs\/fugleleiken\/#breadcrumb"},"inLanguage":"nb-NO","potentialAction":[{"@type":"ReadAction","target":["https:\/\/visitrauland.com\/holtardalen\/tilsalgs\/fugleleiken\/"]}]},{"@type":"ImageObject","inLanguage":"nb-NO","@id":"https:\/\/visitrauland.com\/holtardalen\/tilsalgs\/fugleleiken\/#primaryimage","url":"https:\/\/visitrauland.com\/holtardalen\/wp-content\/uploads\/sites\/94\/2021\/02\/fugleleiken-1920.jpg","contentUrl":"https:\/\/visitrauland.com\/holtardalen\/wp-content\/uploads\/sites\/94\/2021\/02\/fugleleiken-1920.jpg","width":1920,"height":1080,"caption":"Sn\u00f8dekte fjell og hytter under en klar bl\u00e5 himmel i Vinter-Norge. Perfekt for ski og naturopplevelser."},{"@type":"BreadcrumbList","@id":"https:\/\/visitrauland.com\/holtardalen\/tilsalgs\/fugleleiken\/#breadcrumb","itemListElement":[{"@type":"ListItem","position":1,"name":"Hjem","item":"https:\/\/visitrauland.com\/holtardalen\/"},{"@type":"ListItem","position":2,"name":"Til salgs","item":"https:\/\/visitrauland.com\/holtardalen\/tilsalgs\/"},{"@type":"ListItem","position":3,"name":"Fugleleiken"}]},{"@type":"WebSite","@id":"https:\/\/visitrauland.com\/holtardalen\/#website","url":"https:\/\/visitrauland.com\/holtardalen\/","name":"Holtardalen","description":"3 hytter med flott utsikt over Lognvikvatn","potentialAction":[{"@type":"SearchAction","target":{"@type":"EntryPoint","urlTemplate":"https:\/\/visitrauland.com\/holtardalen\/?s={search_term_string}"},"query-input":{"@type":"PropertyValueSpecification","valueRequired":true,"valueName":"search_term_string"}}],"inLanguage":"nb-NO"}]}},"_links":{"self":[{"href":"https:\/\/visitrauland.com\/holtardalen\/wp-json\/wp\/v2\/pages\/2223","targetHints":{"allow":["GET"]}}],"collection":[{"href":"https:\/\/visitrauland.com\/holtardalen\/wp-json\/wp\/v2\/pages"}],"about":[{"href":"https:\/\/visitrauland.com\/holtardalen\/wp-json\/wp\/v2\/types\/page"}],"author":[{"embeddable":true,"href":"https:\/\/visitrauland.com\/holtardalen\/wp-json\/wp\/v2\/users\/10"}],"replies":[{"embeddable":true,"href":"https:\/\/visitrauland.com\/holtardalen\/wp-json\/wp\/v2\/comments?post=2223"}],"version-history":[{"count":31,"href":"https:\/\/visitrauland.com\/holtardalen\/wp-json\/wp\/v2\/pages\/2223\/revisions"}],"predecessor-version":[{"id":2804,"href":"https:\/\/visitrauland.com\/holtardalen\/wp-json\/wp\/v2\/pages\/2223\/revisions\/2804"}],"up":[{"embeddable":true,"href":"https:\/\/visitrauland.com\/holtardalen\/wp-json\/wp\/v2\/pages\/1944"}],"wp:attachment":[{"href":"https:\/\/visitrauland.com\/holtardalen\/wp-json\/wp\/v2\/media?parent=2223"}],"curies":[{"name":"wp","href":"https:\/\/api.w.org\/{rel}","templated":true}]}}