{"id":1944,"date":"2021-02-14T17:22:48","date_gmt":"2021-02-14T16:22:48","guid":{"rendered":"https:\/\/visitrauland.com\/holtardalen\/?page_id=1944"},"modified":"2023-02-14T10:44:41","modified_gmt":"2023-02-14T09:44:41","slug":"tilsalgs","status":"publish","type":"page","link":"https:\/\/visitrauland.com\/holtardalen\/tilsalgs\/","title":{"rendered":"Til salgs"},"content":{"rendered":"<div id=\"cs-content\" class=\"cs-content\"><\/div>\n","protected":false},"excerpt":{"rendered":"<p>Til salgsSer du etter en fritidseiendom i naturskj\u00f8nne opplevelser som tilbyr det beste om vinteren, \u2013 og resten av \u00e5ret? Rauland er Norges raskest voksende destinasjon innen fritidseiendom. &nbsp;Holtardalen er et attraktivt hytteomr\u00e5de med godt utbygget infrastruktur, n\u00e6rhet til alle vinterfasiliteter i Rauland og majestetisk h\u00f8yfjellsnatur rett utenfor hytted\u00f8ra. Den typiske hytteeieren p\u00e5 Rauland \u00f8nsker et hytteliv med tradisjonelle aktiviteter &#8230; <\/p>\n<div><a href=\"https:\/\/visitrauland.com\/holtardalen\/tilsalgs\/\" class=\"more-link\">Les Mer<\/a><\/div>\n","protected":false},"author":10,"featured_media":0,"parent":0,"menu_order":0,"comment_status":"closed","ping_status":"closed","template":"template-blank-4.php","meta":{"_relevanssi_hide_post":"","_relevanssi_hide_content":"","_relevanssi_pin_for_all":"","_relevanssi_pin_keywords":"","_relevanssi_unpin_keywords":"","_relevanssi_related_keywords":"","_relevanssi_related_include_ids":"","_relevanssi_related_exclude_ids":"","_relevanssi_related_no_append":"","_relevanssi_related_not_related":"","_relevanssi_related_posts":"","_relevanssi_noindex_reason":"","seo_booster_metabox":"","footnotes":""},"class_list":["post-1944","page","type-page","status-publish","hentry","no-post-thumbnail"],"yoast_head":"<!-- This site is optimized with the Yoast SEO plugin v27.2 - https:\/\/yoast.com\/product\/yoast-seo-wordpress\/ -->\n<title>Til salgs - Holtardalen<\/title>\n<meta name=\"robots\" content=\"index, follow, max-snippet:-1, max-image-preview:large, max-video-preview:-1\" \/>\n<link rel=\"canonical\" href=\"https:\/\/visitrauland.com\/holtardalen\/tilsalgs\/\" \/>\n<meta property=\"og:locale\" content=\"nb_NO\" \/>\n<meta property=\"og:type\" content=\"article\" \/>\n<meta property=\"og:title\" content=\"Til salgs - Holtardalen\" \/>\n<meta property=\"og:description\" content=\"Til salgsSer du etter en fritidseiendom i naturskj\u00f8nne opplevelser som tilbyr det beste om vinteren, \u2013 og resten av \u00e5ret? Rauland er Norges raskest voksende destinasjon innen fritidseiendom. &nbsp;Holtardalen er et attraktivt hytteomr\u00e5de med godt utbygget infrastruktur, n\u00e6rhet til alle vinterfasiliteter i Rauland og majestetisk h\u00f8yfjellsnatur rett utenfor hytted\u00f8ra. Den typiske hytteeieren p\u00e5 Rauland \u00f8nsker et hytteliv med tradisjonelle aktiviteter ... Les Mer\" \/>\n<meta property=\"og:url\" content=\"https:\/\/visitrauland.com\/holtardalen\/tilsalgs\/\" \/>\n<meta property=\"og:site_name\" content=\"Holtardalen\" \/>\n<meta property=\"article:modified_time\" content=\"2023-02-14T09:44:41+00:00\" \/>\n<meta name=\"twitter:card\" content=\"summary_large_image\" \/>\n<meta name=\"twitter:label1\" content=\"Ansl. lesetid\" \/>\n\t<meta name=\"twitter:data1\" content=\"6 minutter\" \/>\n<script type=\"application\/ld+json\" class=\"yoast-schema-graph\">{\"@context\":\"https:\/\/schema.org\",\"@graph\":[{\"@type\":\"WebPage\",\"@id\":\"https:\/\/visitrauland.com\/holtardalen\/tilsalgs\/\",\"url\":\"https:\/\/visitrauland.com\/holtardalen\/tilsalgs\/\",\"name\":\"Til salgs - Holtardalen\",\"isPartOf\":{\"@id\":\"https:\/\/visitrauland.com\/holtardalen\/#website\"},\"datePublished\":\"2021-02-14T16:22:48+00:00\",\"dateModified\":\"2023-02-14T09:44:41+00:00\",\"breadcrumb\":{\"@id\":\"https:\/\/visitrauland.com\/holtardalen\/tilsalgs\/#breadcrumb\"},\"inLanguage\":\"nb-NO\",\"potentialAction\":[{\"@type\":\"ReadAction\",\"target\":[\"https:\/\/visitrauland.com\/holtardalen\/tilsalgs\/\"]}]},{\"@type\":\"BreadcrumbList\",\"@id\":\"https:\/\/visitrauland.com\/holtardalen\/tilsalgs\/#breadcrumb\",\"itemListElement\":[{\"@type\":\"ListItem\",\"position\":1,\"name\":\"Hjem\",\"item\":\"https:\/\/visitrauland.com\/holtardalen\/\"},{\"@type\":\"ListItem\",\"position\":2,\"name\":\"Til salgs\"}]},{\"@type\":\"WebSite\",\"@id\":\"https:\/\/visitrauland.com\/holtardalen\/#website\",\"url\":\"https:\/\/visitrauland.com\/holtardalen\/\",\"name\":\"Holtardalen\",\"description\":\"3 hytter med flott utsikt over Lognvikvatn\",\"potentialAction\":[{\"@type\":\"SearchAction\",\"target\":{\"@type\":\"EntryPoint\",\"urlTemplate\":\"https:\/\/visitrauland.com\/holtardalen\/?s={search_term_string}\"},\"query-input\":{\"@type\":\"PropertyValueSpecification\",\"valueRequired\":true,\"valueName\":\"search_term_string\"}}],\"inLanguage\":\"nb-NO\"}]}<\/script>\n<!-- \/ Yoast SEO plugin. -->","yoast_head_json":{"title":"Til salgs - Holtardalen","robots":{"index":"index","follow":"follow","max-snippet":"max-snippet:-1","max-image-preview":"max-image-preview:large","max-video-preview":"max-video-preview:-1"},"canonical":"https:\/\/visitrauland.com\/holtardalen\/tilsalgs\/","og_locale":"nb_NO","og_type":"article","og_title":"Til salgs - Holtardalen","og_description":"Til salgsSer du etter en fritidseiendom i naturskj\u00f8nne opplevelser som tilbyr det beste om vinteren, \u2013 og resten av \u00e5ret? Rauland er Norges raskest voksende destinasjon innen fritidseiendom. &nbsp;Holtardalen er et attraktivt hytteomr\u00e5de med godt utbygget infrastruktur, n\u00e6rhet til alle vinterfasiliteter i Rauland og majestetisk h\u00f8yfjellsnatur rett utenfor hytted\u00f8ra. Den typiske hytteeieren p\u00e5 Rauland \u00f8nsker et hytteliv med tradisjonelle aktiviteter ... Les Mer","og_url":"https:\/\/visitrauland.com\/holtardalen\/tilsalgs\/","og_site_name":"Holtardalen","article_modified_time":"2023-02-14T09:44:41+00:00","twitter_card":"summary_large_image","twitter_misc":{"Ansl. lesetid":"6 minutter"},"schema":{"@context":"https:\/\/schema.org","@graph":[{"@type":"WebPage","@id":"https:\/\/visitrauland.com\/holtardalen\/tilsalgs\/","url":"https:\/\/visitrauland.com\/holtardalen\/tilsalgs\/","name":"Til salgs - Holtardalen","isPartOf":{"@id":"https:\/\/visitrauland.com\/holtardalen\/#website"},"datePublished":"2021-02-14T16:22:48+00:00","dateModified":"2023-02-14T09:44:41+00:00","breadcrumb":{"@id":"https:\/\/visitrauland.com\/holtardalen\/tilsalgs\/#breadcrumb"},"inLanguage":"nb-NO","potentialAction":[{"@type":"ReadAction","target":["https:\/\/visitrauland.com\/holtardalen\/tilsalgs\/"]}]},{"@type":"BreadcrumbList","@id":"https:\/\/visitrauland.com\/holtardalen\/tilsalgs\/#breadcrumb","itemListElement":[{"@type":"ListItem","position":1,"name":"Hjem","item":"https:\/\/visitrauland.com\/holtardalen\/"},{"@type":"ListItem","position":2,"name":"Til salgs"}]},{"@type":"WebSite","@id":"https:\/\/visitrauland.com\/holtardalen\/#website","url":"https:\/\/visitrauland.com\/holtardalen\/","name":"Holtardalen","description":"3 hytter med flott utsikt over Lognvikvatn","potentialAction":[{"@type":"SearchAction","target":{"@type":"EntryPoint","urlTemplate":"https:\/\/visitrauland.com\/holtardalen\/?s={search_term_string}"},"query-input":{"@type":"PropertyValueSpecification","valueRequired":true,"valueName":"search_term_string"}}],"inLanguage":"nb-NO"}]}},"_links":{"self":[{"href":"https:\/\/visitrauland.com\/holtardalen\/wp-json\/wp\/v2\/pages\/1944","targetHints":{"allow":["GET"]}}],"collection":[{"href":"https:\/\/visitrauland.com\/holtardalen\/wp-json\/wp\/v2\/pages"}],"about":[{"href":"https:\/\/visitrauland.com\/holtardalen\/wp-json\/wp\/v2\/types\/page"}],"author":[{"embeddable":true,"href":"https:\/\/visitrauland.com\/holtardalen\/wp-json\/wp\/v2\/users\/10"}],"replies":[{"embeddable":true,"href":"https:\/\/visitrauland.com\/holtardalen\/wp-json\/wp\/v2\/comments?post=1944"}],"version-history":[{"count":23,"href":"https:\/\/visitrauland.com\/holtardalen\/wp-json\/wp\/v2\/pages\/1944\/revisions"}],"predecessor-version":[{"id":2859,"href":"https:\/\/visitrauland.com\/holtardalen\/wp-json\/wp\/v2\/pages\/1944\/revisions\/2859"}],"wp:attachment":[{"href":"https:\/\/visitrauland.com\/holtardalen\/wp-json\/wp\/v2\/media?parent=1944"}],"curies":[{"name":"wp","href":"https:\/\/api.w.org\/{rel}","templated":true}]}}