{"id":1943,"date":"2021-02-14T17:22:41","date_gmt":"2021-02-14T16:22:41","guid":{"rendered":"https:\/\/visitrauland.com\/holtardalen\/?page_id=1943"},"modified":"2026-01-15T14:02:21","modified_gmt":"2026-01-15T13:02:21","slug":"om","status":"publish","type":"page","link":"https:\/\/visitrauland.com\/holtardalen\/om\/","title":{"rendered":"Om Holtardalen"},"content":{"rendered":"<div id=\"cs-content\" class=\"cs-content\"><\/div>\n","protected":false},"excerpt":{"rendered":"<p>Om HoltardalenUtforsk omr\u00e5det og fasilitetene &nbsp;Holtardalen er det st\u00f8rste hyttefeltet i Rauland. Omr\u00e5det er i stor utvikling og ligger sentralt i Rauland Skisenter. Holtardalen har en rekke tilbud og fasiliteter, med solrik utsikt mot Raulandsfjellene. I Holtardalen er det noe \u00e5 finne p\u00e5 for alle! Vi ligger midt mellom bakker og heiser i Rauland Skisenter, og Silkedalen med sine flotte &#8230; <\/p>\n<div><a href=\"https:\/\/visitrauland.com\/holtardalen\/om\/\" class=\"more-link\">Les Mer<\/a><\/div>\n","protected":false},"author":10,"featured_media":0,"parent":0,"menu_order":0,"comment_status":"closed","ping_status":"closed","template":"template-blank-4.php","meta":{"_relevanssi_hide_post":"","_relevanssi_hide_content":"","_relevanssi_pin_for_all":"","_relevanssi_pin_keywords":"","_relevanssi_unpin_keywords":"","_relevanssi_related_keywords":"","_relevanssi_related_include_ids":"","_relevanssi_related_exclude_ids":"","_relevanssi_related_no_append":"","_relevanssi_related_not_related":"","_relevanssi_related_posts":"2797","_relevanssi_noindex_reason":"","seo_booster_metabox":"","footnotes":""},"class_list":["post-1943","page","type-page","status-publish","hentry","no-post-thumbnail"],"yoast_head":"<!-- This site is optimized with the Yoast SEO plugin v27.2 - https:\/\/yoast.com\/product\/yoast-seo-wordpress\/ -->\n<title>Om Holtardalen - Tilbud og fasiliteter<\/title>\n<meta name=\"robots\" content=\"index, follow, max-snippet:-1, max-image-preview:large, max-video-preview:-1\" \/>\n<link rel=\"canonical\" href=\"https:\/\/visitrauland.com\/holtardalen\/om\/\" \/>\n<meta property=\"og:locale\" content=\"nb_NO\" \/>\n<meta property=\"og:type\" content=\"article\" \/>\n<meta property=\"og:title\" content=\"Om Holtardalen - Tilbud og fasiliteter\" \/>\n<meta property=\"og:description\" content=\"Om HoltardalenUtforsk omr\u00e5det og fasilitetene &nbsp;Holtardalen er det st\u00f8rste hyttefeltet i Rauland. Omr\u00e5det er i stor utvikling og ligger sentralt i Rauland Skisenter. Holtardalen har en rekke tilbud og fasiliteter, med solrik utsikt mot Raulandsfjellene. I Holtardalen er det noe \u00e5 finne p\u00e5 for alle! Vi ligger midt mellom bakker og heiser i Rauland Skisenter, og Silkedalen med sine flotte ... Les Mer\" \/>\n<meta property=\"og:url\" content=\"https:\/\/visitrauland.com\/holtardalen\/om\/\" \/>\n<meta property=\"og:site_name\" content=\"Holtardalen\" \/>\n<meta property=\"article:modified_time\" content=\"2026-01-15T13:02:21+00:00\" \/>\n<meta name=\"twitter:card\" content=\"summary_large_image\" \/>\n<meta name=\"twitter:label1\" content=\"Ansl. lesetid\" \/>\n\t<meta name=\"twitter:data1\" content=\"5 minutter\" \/>\n<script type=\"application\/ld+json\" class=\"yoast-schema-graph\">{\"@context\":\"https:\/\/schema.org\",\"@graph\":[{\"@type\":\"WebPage\",\"@id\":\"https:\/\/visitrauland.com\/holtardalen\/om\/\",\"url\":\"https:\/\/visitrauland.com\/holtardalen\/om\/\",\"name\":\"Om Holtardalen - Tilbud og fasiliteter\",\"isPartOf\":{\"@id\":\"https:\/\/visitrauland.com\/holtardalen\/#website\"},\"datePublished\":\"2021-02-14T16:22:41+00:00\",\"dateModified\":\"2026-01-15T13:02:21+00:00\",\"breadcrumb\":{\"@id\":\"https:\/\/visitrauland.com\/holtardalen\/om\/#breadcrumb\"},\"inLanguage\":\"nb-NO\",\"potentialAction\":[{\"@type\":\"ReadAction\",\"target\":[\"https:\/\/visitrauland.com\/holtardalen\/om\/\"]}]},{\"@type\":\"BreadcrumbList\",\"@id\":\"https:\/\/visitrauland.com\/holtardalen\/om\/#breadcrumb\",\"itemListElement\":[{\"@type\":\"ListItem\",\"position\":1,\"name\":\"Hjem\",\"item\":\"https:\/\/visitrauland.com\/holtardalen\/\"},{\"@type\":\"ListItem\",\"position\":2,\"name\":\"Om Holtardalen\"}]},{\"@type\":\"WebSite\",\"@id\":\"https:\/\/visitrauland.com\/holtardalen\/#website\",\"url\":\"https:\/\/visitrauland.com\/holtardalen\/\",\"name\":\"Holtardalen\",\"description\":\"3 hytter med flott utsikt over Lognvikvatn\",\"potentialAction\":[{\"@type\":\"SearchAction\",\"target\":{\"@type\":\"EntryPoint\",\"urlTemplate\":\"https:\/\/visitrauland.com\/holtardalen\/?s={search_term_string}\"},\"query-input\":{\"@type\":\"PropertyValueSpecification\",\"valueRequired\":true,\"valueName\":\"search_term_string\"}}],\"inLanguage\":\"nb-NO\"}]}<\/script>\n<!-- \/ Yoast SEO plugin. -->","yoast_head_json":{"title":"Om Holtardalen - Tilbud og fasiliteter","robots":{"index":"index","follow":"follow","max-snippet":"max-snippet:-1","max-image-preview":"max-image-preview:large","max-video-preview":"max-video-preview:-1"},"canonical":"https:\/\/visitrauland.com\/holtardalen\/om\/","og_locale":"nb_NO","og_type":"article","og_title":"Om Holtardalen - Tilbud og fasiliteter","og_description":"Om HoltardalenUtforsk omr\u00e5det og fasilitetene &nbsp;Holtardalen er det st\u00f8rste hyttefeltet i Rauland. Omr\u00e5det er i stor utvikling og ligger sentralt i Rauland Skisenter. Holtardalen har en rekke tilbud og fasiliteter, med solrik utsikt mot Raulandsfjellene. I Holtardalen er det noe \u00e5 finne p\u00e5 for alle! Vi ligger midt mellom bakker og heiser i Rauland Skisenter, og Silkedalen med sine flotte ... Les Mer","og_url":"https:\/\/visitrauland.com\/holtardalen\/om\/","og_site_name":"Holtardalen","article_modified_time":"2026-01-15T13:02:21+00:00","twitter_card":"summary_large_image","twitter_misc":{"Ansl. lesetid":"5 minutter"},"schema":{"@context":"https:\/\/schema.org","@graph":[{"@type":"WebPage","@id":"https:\/\/visitrauland.com\/holtardalen\/om\/","url":"https:\/\/visitrauland.com\/holtardalen\/om\/","name":"Om Holtardalen - Tilbud og fasiliteter","isPartOf":{"@id":"https:\/\/visitrauland.com\/holtardalen\/#website"},"datePublished":"2021-02-14T16:22:41+00:00","dateModified":"2026-01-15T13:02:21+00:00","breadcrumb":{"@id":"https:\/\/visitrauland.com\/holtardalen\/om\/#breadcrumb"},"inLanguage":"nb-NO","potentialAction":[{"@type":"ReadAction","target":["https:\/\/visitrauland.com\/holtardalen\/om\/"]}]},{"@type":"BreadcrumbList","@id":"https:\/\/visitrauland.com\/holtardalen\/om\/#breadcrumb","itemListElement":[{"@type":"ListItem","position":1,"name":"Hjem","item":"https:\/\/visitrauland.com\/holtardalen\/"},{"@type":"ListItem","position":2,"name":"Om Holtardalen"}]},{"@type":"WebSite","@id":"https:\/\/visitrauland.com\/holtardalen\/#website","url":"https:\/\/visitrauland.com\/holtardalen\/","name":"Holtardalen","description":"3 hytter med flott utsikt over Lognvikvatn","potentialAction":[{"@type":"SearchAction","target":{"@type":"EntryPoint","urlTemplate":"https:\/\/visitrauland.com\/holtardalen\/?s={search_term_string}"},"query-input":{"@type":"PropertyValueSpecification","valueRequired":true,"valueName":"search_term_string"}}],"inLanguage":"nb-NO"}]}},"_links":{"self":[{"href":"https:\/\/visitrauland.com\/holtardalen\/wp-json\/wp\/v2\/pages\/1943","targetHints":{"allow":["GET"]}}],"collection":[{"href":"https:\/\/visitrauland.com\/holtardalen\/wp-json\/wp\/v2\/pages"}],"about":[{"href":"https:\/\/visitrauland.com\/holtardalen\/wp-json\/wp\/v2\/types\/page"}],"author":[{"embeddable":true,"href":"https:\/\/visitrauland.com\/holtardalen\/wp-json\/wp\/v2\/users\/10"}],"replies":[{"embeddable":true,"href":"https:\/\/visitrauland.com\/holtardalen\/wp-json\/wp\/v2\/comments?post=1943"}],"version-history":[{"count":6,"href":"https:\/\/visitrauland.com\/holtardalen\/wp-json\/wp\/v2\/pages\/1943\/revisions"}],"predecessor-version":[{"id":2597,"href":"https:\/\/visitrauland.com\/holtardalen\/wp-json\/wp\/v2\/pages\/1943\/revisions\/2597"}],"wp:attachment":[{"href":"https:\/\/visitrauland.com\/holtardalen\/wp-json\/wp\/v2\/media?parent=1943"}],"curies":[{"name":"wp","href":"https:\/\/api.w.org\/{rel}","templated":true}]}}