{"id":339,"date":"2017-10-30T18:03:03","date_gmt":"2017-10-30T17:03:03","guid":{"rendered":"https:\/\/visitrauland.com\/haukelihusky\/?page_id=339"},"modified":"2026-02-10T13:19:29","modified_gmt":"2026-02-10T12:19:29","slug":"haukeli-husky","status":"publish","type":"page","link":"https:\/\/visitrauland.com\/haukelihusky\/","title":{"rendered":"Haukeli Husky"},"content":{"rendered":"<div id=\"cs-content\" class=\"cs-content\"><div class=\"x-section e339-e1 m9f-0 m9f-1 m9f-2 hero-2026\"><div class=\"x-bg\" aria-hidden=\"true\"><div class=\"x-bg-layer-lower-image\"><\/div><div class=\"x-bg-layer-upper-color\"><\/div><\/div><div class=\"x-div e339-e2 m9f-6 m9f-7 m9f-8\"><div class=\"x-text x-text-headline e339-e3 m9f-c\"><div class=\"x-text-content\"><div class=\"x-text-content-text\"><h1 class=\"x-text-content-text-primary\">Haukeli Husky<\/h1>\n<\/div><\/div><\/div><\/div><\/div><div id=\"x-section-1\" class=\"x-section\" style=\"margin: 0px;padding: 45px 0px; background-color: transparent;\"><div id class=\"x-container max width\" style=\"margin: 0px auto;padding: 0px;\"><div class=\"x-column x-sm x-2-3\" style=\"padding: 0px;\"><div id class=\"x-text text-24px underhero-text\" style><h5><b><i>Hundekj\u00f8ring er dr\u00f8mmen om ekte villmarksopplevelse!<\/i><\/b><\/h5>\n<p><span style=\"font-weight: 400;\">Opplev hundekj\u00f8ring ved foten av Hardangervidda. Et unikt og spennende eventyr, i fantastisk fjellnatur. Alle turene er ledet av erfaren guide. Bes\u00f8k v\u00e5re vennlige og sosiale Alaska Huskyer og l\u00e6r mer om sledehunder. De er klare til \u00e5 ta deg med p\u00e5 tur!<\/span><\/p>\n<p><span style=\"font-weight: 400;\">Bak spannet, p\u00e5 sleden, er det kun deg selv, dine lojale firbeinte venner og fjellets stillhet og ro - ingenting annet. Det eneste du ser er fjell, det eneste du h\u00f8rer er vinden som suser, din egen pust, sledens knirking og myke, raske poter mot sn\u00f8en.<\/span><\/p>\n<p><span style=\"font-weight: 400;\">Haukeli Husky er en familiedrevet opplevelsesbedrift, etablert i 2004. Vi har for tiden 54 entusiastiske, vennlige hunder som elsker \u00e5 dra p\u00e5 tur. V\u00e5re turer g\u00e5r i et fantastisk fjell-landskap ved randsonen av Hardangervidda.&nbsp;<\/span><\/p>\n<p><span style=\"font-weight: 400;\">Vi tilbyr ulike turer og opplevelser sommer og vinter. P\u00e5 v\u00e5re turer deler to og to p\u00e5 \u00e5 kj\u00f8re et hundespann. En trenger ingen erfaring med hundekj\u00f8ring for \u00e5 v\u00e6re med oss p\u00e5 tur, du f\u00e5r all den instruksjon du trenger og dine hunder f\u00f8lger naturlig etter v\u00e5r erfarne guide som kj\u00f8rer f\u00f8rst.<\/span><\/p>\n<p><b>V\u00e5rt m\u00e5l&nbsp;er \u00e5 gi mennesker genuine villmarksopplevelser; opplevelser de ikke s\u00e5 lett kan oppleve andre steder.&nbsp;<\/b><\/p>\n<p><b>Velkommen til oss!<\/b><\/p>\n<h6><strong>KONTAKT OSS<\/strong><\/h6>\n<p><span class=\"text-span\">Haukeli Husky<\/span><br>\n<span>Arabygdvegen 800<\/span><br>\n<span>3864 Rauland<\/span><\/p>\n<p><span class=\"text-span\"><strong>Telefon:&nbsp;<\/strong><br>\n<\/span><span>Hundekj\u00f8ring:+47 41 51 13 04<\/span><br>\n<span>Overnatting: +47 90 16 25 75<\/span><\/p>\n<p><strong><span class=\"text-span\">E-post:<\/span><\/strong><br>\n<strong><a href=\"mailto:post@hundespann.no?subject=You%27ve%20got%20mail%20-%20Template\" class=\"link-2\">post@hundespann.no<\/a><\/strong><\/p>\n<p><a href=\"https:\/\/www.facebook.com\/HaukeliHusky\/\" target=\"_blank\" rel=\"noopener\"><strong>F\u00f8lg oss p\u00e5 Facebook<\/strong><\/a><\/p>\n<p><noscript><img decoding=\"async\" src=\"https:\/\/visitrauland.com\/haukelihusky\/wp-content\/uploads\/sites\/112\/2024\/03\/bilde3_1920_1711016183.jpg\" alt=\"Hundekj\u00f8ring gjennom sn\u00f8dekt landskap i Norge med fjell i bakgrunnen under en klar bl\u00e5 himmel.\" width=\"1920\" height=\"1080\" class=\"alignnone size-full wp-image-1957\" srcset=\"https:\/\/visitrauland.com\/haukelihusky\/wp-content\/uploads\/sites\/112\/2024\/03\/bilde3_1920_1711016183.jpg 1920w, https:\/\/visitrauland.com\/haukelihusky\/wp-content\/uploads\/sites\/112\/2024\/03\/bilde3_1920_1711016183-300x169.jpg 300w, https:\/\/visitrauland.com\/haukelihusky\/wp-content\/uploads\/sites\/112\/2024\/03\/bilde3_1920_1711016183-1024x576.jpg 1024w, https:\/\/visitrauland.com\/haukelihusky\/wp-content\/uploads\/sites\/112\/2024\/03\/bilde3_1920_1711016183-768x432.jpg 768w, https:\/\/visitrauland.com\/haukelihusky\/wp-content\/uploads\/sites\/112\/2024\/03\/bilde3_1920_1711016183-1536x864.jpg 1536w, https:\/\/visitrauland.com\/haukelihusky\/wp-content\/uploads\/sites\/112\/2024\/03\/bilde3_1920_1711016183-500x281.jpg 500w, https:\/\/visitrauland.com\/haukelihusky\/wp-content\/uploads\/sites\/112\/2024\/03\/bilde3_1920_1711016183-100x56.jpg 100w, https:\/\/visitrauland.com\/haukelihusky\/wp-content\/uploads\/sites\/112\/2024\/03\/bilde3_1920_1711016183-862x485.jpg 862w, https:\/\/visitrauland.com\/haukelihusky\/wp-content\/uploads\/sites\/112\/2024\/03\/bilde3_1920_1711016183-1200x675.jpg 1200w\" sizes=\"(max-width: 1920px) 100vw, 1920px\"><\/noscript><img decoding=\"async\" src=\"data:image\/svg+xml,%3Csvg%20xmlns%3D%22http%3A%2F%2Fwww.w3.org%2F2000%2Fsvg%22%20viewBox%3D%220%200%201920%201080%22%3E%3C%2Fsvg%3E\" alt=\"Hundekj\u00f8ring gjennom sn\u00f8dekt landskap i Norge med fjell i bakgrunnen under en klar bl\u00e5 himmel.\" width=\"1920\" height=\"1080\" class=\"alignnone size-full wp-image-1957 lazyload\" srcset=\"data:image\/svg+xml,%3Csvg%20xmlns%3D%22http%3A%2F%2Fwww.w3.org%2F2000%2Fsvg%22%20viewBox%3D%220%200%201920%201080%22%3E%3C%2Fsvg%3E 1920w\" sizes=\"(max-width: 1920px) 100vw, 1920px\" data-srcset=\"https:\/\/visitrauland.com\/haukelihusky\/wp-content\/uploads\/sites\/112\/2024\/03\/bilde3_1920_1711016183.jpg 1920w, https:\/\/visitrauland.com\/haukelihusky\/wp-content\/uploads\/sites\/112\/2024\/03\/bilde3_1920_1711016183-300x169.jpg 300w, https:\/\/visitrauland.com\/haukelihusky\/wp-content\/uploads\/sites\/112\/2024\/03\/bilde3_1920_1711016183-1024x576.jpg 1024w, https:\/\/visitrauland.com\/haukelihusky\/wp-content\/uploads\/sites\/112\/2024\/03\/bilde3_1920_1711016183-768x432.jpg 768w, https:\/\/visitrauland.com\/haukelihusky\/wp-content\/uploads\/sites\/112\/2024\/03\/bilde3_1920_1711016183-1536x864.jpg 1536w, https:\/\/visitrauland.com\/haukelihusky\/wp-content\/uploads\/sites\/112\/2024\/03\/bilde3_1920_1711016183-500x281.jpg 500w, https:\/\/visitrauland.com\/haukelihusky\/wp-content\/uploads\/sites\/112\/2024\/03\/bilde3_1920_1711016183-100x56.jpg 100w, https:\/\/visitrauland.com\/haukelihusky\/wp-content\/uploads\/sites\/112\/2024\/03\/bilde3_1920_1711016183-862x485.jpg 862w, https:\/\/visitrauland.com\/haukelihusky\/wp-content\/uploads\/sites\/112\/2024\/03\/bilde3_1920_1711016183-1200x675.jpg 1200w\" data-src=\"https:\/\/visitrauland.com\/haukelihusky\/wp-content\/uploads\/sites\/112\/2024\/03\/bilde3_1920_1711016183.jpg\"><\/p>\n<\/div><\/div><div class=\"x-column x-sm x-1-3\" style=\"padding: 0px 0px 45px;\"><noscript><img decoding=\"async\" class=\"x-img x-img-none\" src=\"https:\/\/visitrauland.com\/haukelihusky\/wp-content\/uploads\/sites\/112\/2023\/11\/304772957_591443979093065_6543275913071536949_n_1700759302.jpg\" alt=\"Jeg kan ikke identifisere personen, men her er en passende alt-tekst:Mann i bl\u00e5 jakke med to glade huskyer i sn\u00f8dekte fjell.\"><\/noscript><img decoding=\"async\" class=\"x-img x-img-none lazyload\" src=\"data:image\/gif;base64,R0lGODlhAQABAIAAAAAAAP\/\/\/yH5BAEAAAAALAAAAAABAAEAAAIBRAA7\" alt=\"Jeg kan ikke identifisere personen, men her er en passende alt-tekst:Mann i bl\u00e5 jakke med to glade huskyer i sn\u00f8dekte fjell.\" data-src=\"https:\/\/visitrauland.com\/haukelihusky\/wp-content\/uploads\/sites\/112\/2023\/11\/304772957_591443979093065_6543275913071536949_n_1700759302.jpg\"><span class=\"x-image e339-e10 m9f-d\"><noscript><img decoding=\"async\" src=\"https:\/\/visitrauland.com\/haukelihusky\/wp-content\/uploads\/sites\/112\/2023\/11\/70902319_2780211342012749_6049644595296337920_n_1920_1700759292.jpg\" width=\"960\" height=\"540\" alt=\"Sledehunder i sn\u00f8dekt landskap som drar slede, energiske og fokusert p\u00e5 oppgaven.\"><\/noscript><img decoding=\"async\" src=\"data:image\/svg+xml,%3Csvg%20xmlns%3D%22http%3A%2F%2Fwww.w3.org%2F2000%2Fsvg%22%20viewBox%3D%220%200%20960%20540%22%3E%3C%2Fsvg%3E\" width=\"960\" height=\"540\" alt=\"Sledehunder i sn\u00f8dekt landskap som drar slede, energiske og fokusert p\u00e5 oppgaven.\" data-src=\"https:\/\/visitrauland.com\/haukelihusky\/wp-content\/uploads\/sites\/112\/2023\/11\/70902319_2780211342012749_6049644595296337920_n_1920_1700759292.jpg\" class=\" lazyload\"><\/span><hr class=\"x-line e339-e11 m9f-e\"><div class=\"x-div e339-e12 m9f-8 m9f-9 m9f-a\"><div class=\"x-div e339-e13 m9f-8 m9f-9 m9f-a\"><div class=\"x-div e339-e14 m9f-6 m9f-8 m9f-9 m9f-b m9f-5\"><\/div><\/div><\/div><span class=\"x-image e339-e15 m9f-d\"><noscript><img decoding=\"async\" src=\"https:\/\/visitrauland.com\/haukelihusky\/wp-content\/uploads\/sites\/112\/2024\/03\/bilde3_1920_1711016183.jpg\" width=\"960\" height=\"540\" alt=\"Hundekj\u00f8ring gjennom sn\u00f8dekt landskap i Norge med fjell i bakgrunnen under en klar bl\u00e5 himmel.\"><\/noscript><img decoding=\"async\" src=\"data:image\/svg+xml,%3Csvg%20xmlns%3D%22http%3A%2F%2Fwww.w3.org%2F2000%2Fsvg%22%20viewBox%3D%220%200%20960%20540%22%3E%3C%2Fsvg%3E\" width=\"960\" height=\"540\" alt=\"Hundekj\u00f8ring gjennom sn\u00f8dekt landskap i Norge med fjell i bakgrunnen under en klar bl\u00e5 himmel.\" data-src=\"https:\/\/visitrauland.com\/haukelihusky\/wp-content\/uploads\/sites\/112\/2024\/03\/bilde3_1920_1711016183.jpg\" class=\" lazyload\"><\/span><hr class=\"x-line e339-e16 m9f-e\"><span class=\"x-image e339-e17 m9f-d\"><noscript><img decoding=\"async\" src=\"https:\/\/visitrauland.com\/haukelihusky\/wp-content\/uploads\/sites\/112\/2024\/03\/bilde6_1920_1711016176.jpg\" width=\"960\" height=\"540\" alt=\"Hundespann trekker slede gjennom sn\u00f8dekt landskap i solfylt v\u00e6r.\"><\/noscript><img decoding=\"async\" src=\"data:image\/svg+xml,%3Csvg%20xmlns%3D%22http%3A%2F%2Fwww.w3.org%2F2000%2Fsvg%22%20viewBox%3D%220%200%20960%20540%22%3E%3C%2Fsvg%3E\" width=\"960\" height=\"540\" alt=\"Hundespann trekker slede gjennom sn\u00f8dekt landskap i solfylt v\u00e6r.\" data-src=\"https:\/\/visitrauland.com\/haukelihusky\/wp-content\/uploads\/sites\/112\/2024\/03\/bilde6_1920_1711016176.jpg\" class=\" lazyload\"><\/span><\/div><\/div><\/div><div class=\"x-section e339-e18 m9f-0 m9f-3 text-24px underhero-text\"><div class=\"x-row x-container max width e339-e19 m9f-f m9f-g m9f-i\"><div class=\"x-row-inner\"><div class=\"x-col e339-e20 m9f-k\"><div id class=\"x-text\" style><h4 class=\"heading-3\" style=\"text-align: left;\">Haukeli Husky Fjellg\u00e5rd<\/h4>\n<p>Haukeli Husky Fjellg\u00e5rd\/kennel ligger i et stille, naturskj\u00f8nt fjellomr\u00e5de ca. 900 moh. ved randsonen av Hardangervidda. Her kan du nyte stillheten og boltre deg i mye natur hele \u00e5ret. Vi har flotte turmuligheter rett utenfor d\u00f8ra. Skiomr\u00e5dene Hovden, Haukelifjell og Rauland ligger 30-40 minutters kj\u00f8ring fra g\u00e5rden.<\/p>\n<p>Vi tilbyr overnatting i bed and breakfast p\u00e5 sommeren og i hytter sommer og vinter. Som gjest hos oss har du tilgang til badestamp og badstue.<\/p>\n<p>Vannene Songa og Totak ligger i n\u00e6rheten, der er det fine muligheter for&nbsp;turer, fiske og padling. Nord-Europas st\u00f8rste steinur, Urdb\u00f8uri ligger et steinkast fra oss.<br>\nOm vinteren er&nbsp;fint \u00e5 g\u00e5 p\u00e5 ski i l\u00f8ypene som vi kj\u00f8rer opp til hundene. Du kan velge \u00e5 g\u00e5&nbsp;korte&nbsp;eller lange turer p\u00e5 ski innover fjellet, eller om du vil p\u00e5 en topptur er det ogs\u00e5 mulighet for det.<\/p>\n<p>Om du vil utforske omr\u00e5det med bil, ligger Haukeli Husky Logde&nbsp;midt i blinken. Det er ca. 30 min. kj\u00f8ring til destinasjonene; Hovden, Rauland og V\u00e5gsli\/Haukeliseter. Der er muligheten&nbsp;mange for aktiviteter og turer sommer og vinter.<\/p>\n<p><a class=\"x-btn\" href=\"https:\/\/www.hundespann.no\/overnatting\" data-options=\"thumbnail: ''\">Les mer om Telemark Husky Fjellg\u00e5rd<\/a><\/p>\n<\/div><\/div><div class=\"x-col e339-e22 m9f-k\"><hr class=\"x-gap x-hide-md x-hide-sm x-hide-xs\" style=\"margin: 50px 0 0 0;\"><span class=\"x-image e339-e24 m9f-d\"><noscript><img decoding=\"async\" src=\"https:\/\/visitrauland.com\/haukelihusky\/wp-content\/uploads\/sites\/112\/2023\/11\/600f0dffb135a1e27de830b3_bilde-5_1700759796.jpg\" width=\"405\" height=\"540\" alt=\"Koselig t\u00f8mmerhytteinteri\u00f8r med bord ved vinduet, utsikt til gr\u00f8nn eng utenfor.\"><\/noscript><img decoding=\"async\" src=\"data:image\/svg+xml,%3Csvg%20xmlns%3D%22http%3A%2F%2Fwww.w3.org%2F2000%2Fsvg%22%20viewBox%3D%220%200%20405%20540%22%3E%3C%2Fsvg%3E\" width=\"405\" height=\"540\" alt=\"Koselig t\u00f8mmerhytteinteri\u00f8r med bord ved vinduet, utsikt til gr\u00f8nn eng utenfor.\" data-src=\"https:\/\/visitrauland.com\/haukelihusky\/wp-content\/uploads\/sites\/112\/2023\/11\/600f0dffb135a1e27de830b3_bilde-5_1700759796.jpg\" class=\" lazyload\"><\/span><\/div><\/div><\/div><\/div><div class=\"x-section e339-e25 m9f-0 m9f-2 m9f-4\"><div class=\"x-bg\"><div class=\"x-bg-layer-lower-img\" data-x-element-bg-layer=\"{&quot;parallaxSize&quot;:&quot;150%&quot;,&quot;parallaxDir&quot;:&quot;v&quot;,&quot;parallaxRev&quot;:false}\"><noscript><img decoding=\"async\" src=\"https:\/\/visitrauland.com\/haukelihusky\/wp-content\/uploads\/sites\/112\/2023\/11\/302138140_591443982426398_375496635943247112_n_1920_1700759284.jpg\" alt=\"Hundespann p\u00e5 sn\u00f8dekt landskap med bl\u00e5 himmel og tr\u00e6r i horisonten.\"><\/noscript><img decoding=\"async\" src=\"data:image\/gif;base64,R0lGODlhAQABAIAAAAAAAP\/\/\/yH5BAEAAAAALAAAAAABAAEAAAIBRAA7\" alt=\"Hundespann p\u00e5 sn\u00f8dekt landskap med bl\u00e5 himmel og tr\u00e6r i horisonten.\" data-src=\"https:\/\/visitrauland.com\/haukelihusky\/wp-content\/uploads\/sites\/112\/2023\/11\/302138140_591443982426398_375496635943247112_n_1920_1700759284.jpg\" class=\" lazyload\"><\/div><\/div><div class=\"x-row x-container max width e339-e26 m9f-f m9f-h m9f-j\"><div class=\"x-row-inner\"><div class=\"x-col e339-e27 m9f-k\"><\/div><\/div><\/div><\/div><\/div>\n","protected":false},"excerpt":{"rendered":"<p>Haukeli Husky Hundekj\u00f8ring er dr\u00f8mmen om ekte villmarksopplevelse! Opplev hundekj\u00f8ring ved foten av Hardangervidda. Et unikt og spennende eventyr, i fantastisk fjellnatur. Alle turene er ledet av erfaren guide. Bes\u00f8k v\u00e5re vennlige og sosiale Alaska Huskyer og l\u00e6r mer om sledehunder. De er klare til \u00e5 ta deg med p\u00e5 tur! Bak spannet, p\u00e5 sleden, er det kun deg selv, &#8230; <\/p>\n<div><a href=\"https:\/\/visitrauland.com\/haukelihusky\/\" class=\"more-link\">Les Mer<\/a><\/div>\n","protected":false},"author":3,"featured_media":0,"parent":0,"menu_order":0,"comment_status":"closed","ping_status":"closed","template":"template-sites.php","meta":{"_relevanssi_hide_post":"","_relevanssi_hide_content":"","_relevanssi_pin_for_all":"","_relevanssi_pin_keywords":"","_relevanssi_unpin_keywords":"","_relevanssi_related_keywords":"","_relevanssi_related_include_ids":"","_relevanssi_related_exclude_ids":"","_relevanssi_related_no_append":"","_relevanssi_related_not_related":"","_relevanssi_related_posts":"","_relevanssi_noindex_reason":"","seo_booster_metabox":"","footnotes":""},"class_list":["post-339","page","type-page","status-publish","hentry","no-post-thumbnail"],"yoast_head":"<!-- This site is optimized with the Yoast SEO plugin v27.2 - https:\/\/yoast.com\/product\/yoast-seo-wordpress\/ -->\n<title>Haukeli Husky - Visit Rauland<\/title>\n<meta name=\"robots\" content=\"index, follow, max-snippet:-1, max-image-preview:large, max-video-preview:-1\" \/>\n<link rel=\"canonical\" href=\"https:\/\/visitrauland.com\/haukelihusky\/\" \/>\n<meta property=\"og:locale\" content=\"nb_NO\" \/>\n<meta property=\"og:type\" content=\"article\" \/>\n<meta property=\"og:title\" content=\"Haukeli Husky - Visit Rauland\" \/>\n<meta property=\"og:description\" content=\"Haukeli Husky Hundekj\u00f8ring er dr\u00f8mmen om ekte villmarksopplevelse! Opplev hundekj\u00f8ring ved foten av Hardangervidda. Et unikt og spennende eventyr, i fantastisk fjellnatur. Alle turene er ledet av erfaren guide. Bes\u00f8k v\u00e5re vennlige og sosiale Alaska Huskyer og l\u00e6r mer om sledehunder. De er klare til \u00e5 ta deg med p\u00e5 tur! Bak spannet, p\u00e5 sleden, er det kun deg selv, ... Les Mer\" \/>\n<meta property=\"og:url\" content=\"https:\/\/visitrauland.com\/haukelihusky\/\" \/>\n<meta property=\"og:site_name\" content=\"Haukeli Husky\" \/>\n<meta property=\"article:modified_time\" content=\"2026-02-10T12:19:29+00:00\" \/>\n<meta property=\"og:image\" content=\"https:\/\/visitrauland.com\/haukelihusky\/wp-content\/uploads\/sites\/112\/2024\/03\/bilde3_1920_1711016183.jpg\" \/>\n<meta name=\"twitter:card\" content=\"summary_large_image\" \/>\n<meta name=\"twitter:label1\" content=\"Ansl. lesetid\" \/>\n\t<meta name=\"twitter:data1\" content=\"8 minutter\" \/>\n<script type=\"application\/ld+json\" class=\"yoast-schema-graph\">{\"@context\":\"https:\/\/schema.org\",\"@graph\":[{\"@type\":\"WebPage\",\"@id\":\"https:\/\/visitrauland.com\/haukelihusky\/\",\"url\":\"https:\/\/visitrauland.com\/haukelihusky\/\",\"name\":\"Haukeli Husky - Visit Rauland\",\"isPartOf\":{\"@id\":\"https:\/\/visitrauland.com\/haukelihusky\/#website\"},\"primaryImageOfPage\":{\"@id\":\"https:\/\/visitrauland.com\/haukelihusky\/#primaryimage\"},\"image\":{\"@id\":\"https:\/\/visitrauland.com\/haukelihusky\/#primaryimage\"},\"thumbnailUrl\":\"https:\/\/visitrauland.com\/haukelihusky\/wp-content\/uploads\/sites\/112\/2024\/03\/bilde3_1920_1711016183.jpg\",\"datePublished\":\"2017-10-30T17:03:03+00:00\",\"dateModified\":\"2026-02-10T12:19:29+00:00\",\"breadcrumb\":{\"@id\":\"https:\/\/visitrauland.com\/haukelihusky\/#breadcrumb\"},\"inLanguage\":\"nb-NO\",\"potentialAction\":[{\"@type\":\"ReadAction\",\"target\":[\"https:\/\/visitrauland.com\/haukelihusky\/\"]}]},{\"@type\":\"ImageObject\",\"inLanguage\":\"nb-NO\",\"@id\":\"https:\/\/visitrauland.com\/haukelihusky\/#primaryimage\",\"url\":\"https:\/\/visitrauland.com\/haukelihusky\/wp-content\/uploads\/sites\/112\/2024\/03\/bilde3_1920_1711016183.jpg\",\"contentUrl\":\"https:\/\/visitrauland.com\/haukelihusky\/wp-content\/uploads\/sites\/112\/2024\/03\/bilde3_1920_1711016183.jpg\",\"width\":1920,\"height\":1080,\"caption\":\"Hundekj\u00f8ring gjennom sn\u00f8dekt landskap i Norge med fjell i bakgrunnen under en klar bl\u00e5 himmel.\"},{\"@type\":\"BreadcrumbList\",\"@id\":\"https:\/\/visitrauland.com\/haukelihusky\/#breadcrumb\",\"itemListElement\":[{\"@type\":\"ListItem\",\"position\":1,\"name\":\"Hjem\",\"item\":\"https:\/\/visitrauland.com\/haukelihusky\/\"},{\"@type\":\"ListItem\",\"position\":2,\"name\":\"Haukeli Husky\"}]},{\"@type\":\"WebSite\",\"@id\":\"https:\/\/visitrauland.com\/haukelihusky\/#website\",\"url\":\"https:\/\/visitrauland.com\/haukelihusky\/\",\"name\":\"Haukeli Husky\",\"description\":\"Slagord\",\"potentialAction\":[{\"@type\":\"SearchAction\",\"target\":{\"@type\":\"EntryPoint\",\"urlTemplate\":\"https:\/\/visitrauland.com\/haukelihusky\/?s={search_term_string}\"},\"query-input\":{\"@type\":\"PropertyValueSpecification\",\"valueRequired\":true,\"valueName\":\"search_term_string\"}}],\"inLanguage\":\"nb-NO\"}]}<\/script>\n<!-- \/ Yoast SEO plugin. -->","yoast_head_json":{"title":"Haukeli Husky - Visit Rauland","robots":{"index":"index","follow":"follow","max-snippet":"max-snippet:-1","max-image-preview":"max-image-preview:large","max-video-preview":"max-video-preview:-1"},"canonical":"https:\/\/visitrauland.com\/haukelihusky\/","og_locale":"nb_NO","og_type":"article","og_title":"Haukeli Husky - Visit Rauland","og_description":"Haukeli Husky Hundekj\u00f8ring er dr\u00f8mmen om ekte villmarksopplevelse! Opplev hundekj\u00f8ring ved foten av Hardangervidda. Et unikt og spennende eventyr, i fantastisk fjellnatur. Alle turene er ledet av erfaren guide. Bes\u00f8k v\u00e5re vennlige og sosiale Alaska Huskyer og l\u00e6r mer om sledehunder. De er klare til \u00e5 ta deg med p\u00e5 tur! Bak spannet, p\u00e5 sleden, er det kun deg selv, ... Les Mer","og_url":"https:\/\/visitrauland.com\/haukelihusky\/","og_site_name":"Haukeli Husky","article_modified_time":"2026-02-10T12:19:29+00:00","og_image":[{"url":"https:\/\/visitrauland.com\/haukelihusky\/wp-content\/uploads\/sites\/112\/2024\/03\/bilde3_1920_1711016183.jpg","type":"","width":"","height":""}],"twitter_card":"summary_large_image","twitter_misc":{"Ansl. lesetid":"8 minutter"},"schema":{"@context":"https:\/\/schema.org","@graph":[{"@type":"WebPage","@id":"https:\/\/visitrauland.com\/haukelihusky\/","url":"https:\/\/visitrauland.com\/haukelihusky\/","name":"Haukeli Husky - Visit Rauland","isPartOf":{"@id":"https:\/\/visitrauland.com\/haukelihusky\/#website"},"primaryImageOfPage":{"@id":"https:\/\/visitrauland.com\/haukelihusky\/#primaryimage"},"image":{"@id":"https:\/\/visitrauland.com\/haukelihusky\/#primaryimage"},"thumbnailUrl":"https:\/\/visitrauland.com\/haukelihusky\/wp-content\/uploads\/sites\/112\/2024\/03\/bilde3_1920_1711016183.jpg","datePublished":"2017-10-30T17:03:03+00:00","dateModified":"2026-02-10T12:19:29+00:00","breadcrumb":{"@id":"https:\/\/visitrauland.com\/haukelihusky\/#breadcrumb"},"inLanguage":"nb-NO","potentialAction":[{"@type":"ReadAction","target":["https:\/\/visitrauland.com\/haukelihusky\/"]}]},{"@type":"ImageObject","inLanguage":"nb-NO","@id":"https:\/\/visitrauland.com\/haukelihusky\/#primaryimage","url":"https:\/\/visitrauland.com\/haukelihusky\/wp-content\/uploads\/sites\/112\/2024\/03\/bilde3_1920_1711016183.jpg","contentUrl":"https:\/\/visitrauland.com\/haukelihusky\/wp-content\/uploads\/sites\/112\/2024\/03\/bilde3_1920_1711016183.jpg","width":1920,"height":1080,"caption":"Hundekj\u00f8ring gjennom sn\u00f8dekt landskap i Norge med fjell i bakgrunnen under en klar bl\u00e5 himmel."},{"@type":"BreadcrumbList","@id":"https:\/\/visitrauland.com\/haukelihusky\/#breadcrumb","itemListElement":[{"@type":"ListItem","position":1,"name":"Hjem","item":"https:\/\/visitrauland.com\/haukelihusky\/"},{"@type":"ListItem","position":2,"name":"Haukeli Husky"}]},{"@type":"WebSite","@id":"https:\/\/visitrauland.com\/haukelihusky\/#website","url":"https:\/\/visitrauland.com\/haukelihusky\/","name":"Haukeli Husky","description":"Slagord","potentialAction":[{"@type":"SearchAction","target":{"@type":"EntryPoint","urlTemplate":"https:\/\/visitrauland.com\/haukelihusky\/?s={search_term_string}"},"query-input":{"@type":"PropertyValueSpecification","valueRequired":true,"valueName":"search_term_string"}}],"inLanguage":"nb-NO"}]}},"_links":{"self":[{"href":"https:\/\/visitrauland.com\/haukelihusky\/wp-json\/wp\/v2\/pages\/339","targetHints":{"allow":["GET"]}}],"collection":[{"href":"https:\/\/visitrauland.com\/haukelihusky\/wp-json\/wp\/v2\/pages"}],"about":[{"href":"https:\/\/visitrauland.com\/haukelihusky\/wp-json\/wp\/v2\/types\/page"}],"author":[{"embeddable":true,"href":"https:\/\/visitrauland.com\/haukelihusky\/wp-json\/wp\/v2\/users\/3"}],"replies":[{"embeddable":true,"href":"https:\/\/visitrauland.com\/haukelihusky\/wp-json\/wp\/v2\/comments?post=339"}],"version-history":[{"count":9,"href":"https:\/\/visitrauland.com\/haukelihusky\/wp-json\/wp\/v2\/pages\/339\/revisions"}],"predecessor-version":[{"id":1979,"href":"https:\/\/visitrauland.com\/haukelihusky\/wp-json\/wp\/v2\/pages\/339\/revisions\/1979"}],"wp:attachment":[{"href":"https:\/\/visitrauland.com\/haukelihusky\/wp-json\/wp\/v2\/media?parent=339"}],"curies":[{"name":"wp","href":"https:\/\/api.w.org\/{rel}","templated":true}]}}