{"id":2218,"date":"2022-02-21T14:45:29","date_gmt":"2022-02-21T13:45:29","guid":{"rendered":"https:\/\/fristadsenteret.no\/?page_id=2218"},"modified":"2023-02-22T14:47:58","modified_gmt":"2023-02-22T13:47:58","slug":"tinnsparebank","status":"publish","type":"page","link":"https:\/\/visitrauland.com\/fristadsenteret\/tinnsparebank\/","title":{"rendered":"Tinn Sparebank"},"content":{"rendered":"<div id=\"cs-content\" class=\"cs-content\"><\/div>\n","protected":false},"excerpt":{"rendered":"<p>I Tinn Sparebank er kvar enkelt kunde viktig, og me ynskjer \u00e5 vere din st\u00f8ttespelar gjennom sm\u00e5 og store \u00f8konomiske val. Personleg r\u00e5dgjeving og lokalkunnskap st\u00e5r sterkt hj\u00e5 oss, og saman realiserer me dine planar og m\u00e5l. Me skal vere ein bank du kan stole p\u00e5 &#8211; b\u00e5de i dag og i framtida! V\u00e5re r\u00e5dgjevarar har ein enkel filosofi. Me &#8230; <\/p>\n<div><a href=\"https:\/\/visitrauland.com\/fristadsenteret\/tinnsparebank\/\" class=\"more-link\">Les Mer<\/a><\/div>\n","protected":false},"author":10,"featured_media":0,"parent":0,"menu_order":0,"comment_status":"closed","ping_status":"closed","template":"","meta":{"_relevanssi_hide_post":"","_relevanssi_hide_content":"","_relevanssi_pin_for_all":"","_relevanssi_pin_keywords":"","_relevanssi_unpin_keywords":"","_relevanssi_related_keywords":"","_relevanssi_related_include_ids":"","_relevanssi_related_exclude_ids":"","_relevanssi_related_no_append":"","_relevanssi_related_not_related":"","_relevanssi_related_posts":"","_relevanssi_noindex_reason":"","seo_booster_metabox":"","footnotes":""},"class_list":["post-2218","page","type-page","status-publish","hentry","no-post-thumbnail"],"yoast_head":"<!-- This site is optimized with the Yoast SEO plugin v27.2 - https:\/\/yoast.com\/product\/yoast-seo-wordpress\/ -->\n<title>Tinn Sparebank - Fristadsenteret<\/title>\n<meta name=\"robots\" content=\"index, follow, max-snippet:-1, max-image-preview:large, max-video-preview:-1\" \/>\n<link rel=\"canonical\" href=\"https:\/\/visitrauland.com\/fristadsenteret\/tinnsparebank\/\" \/>\n<meta property=\"og:locale\" content=\"nb_NO\" \/>\n<meta property=\"og:type\" content=\"article\" \/>\n<meta property=\"og:title\" content=\"Tinn Sparebank - Fristadsenteret\" \/>\n<meta property=\"og:description\" content=\"I Tinn Sparebank er kvar enkelt kunde viktig, og me ynskjer \u00e5 vere din st\u00f8ttespelar gjennom sm\u00e5 og store \u00f8konomiske val. Personleg r\u00e5dgjeving og lokalkunnskap st\u00e5r sterkt hj\u00e5 oss, og saman realiserer me dine planar og m\u00e5l. Me skal vere ein bank du kan stole p\u00e5 - b\u00e5de i dag og i framtida! V\u00e5re r\u00e5dgjevarar har ein enkel filosofi. Me ... Les Mer\" \/>\n<meta property=\"og:url\" content=\"https:\/\/visitrauland.com\/fristadsenteret\/tinnsparebank\/\" \/>\n<meta property=\"og:site_name\" content=\"Fristadsenteret\" \/>\n<meta property=\"article:modified_time\" content=\"2023-02-22T13:47:58+00:00\" \/>\n<meta name=\"twitter:card\" content=\"summary_large_image\" \/>\n<meta name=\"twitter:label1\" content=\"Ansl. lesetid\" \/>\n\t<meta name=\"twitter:data1\" content=\"1 minutt\" \/>\n<script type=\"application\/ld+json\" class=\"yoast-schema-graph\">{\"@context\":\"https:\/\/schema.org\",\"@graph\":[{\"@type\":\"WebPage\",\"@id\":\"https:\/\/visitrauland.com\/fristadsenteret\/tinnsparebank\/\",\"url\":\"https:\/\/visitrauland.com\/fristadsenteret\/tinnsparebank\/\",\"name\":\"Tinn Sparebank - Fristadsenteret\",\"isPartOf\":{\"@id\":\"https:\/\/visitrauland.com\/fristadsenteret\/#website\"},\"datePublished\":\"2022-02-21T13:45:29+00:00\",\"dateModified\":\"2023-02-22T13:47:58+00:00\",\"breadcrumb\":{\"@id\":\"https:\/\/visitrauland.com\/fristadsenteret\/tinnsparebank\/#breadcrumb\"},\"inLanguage\":\"nb-NO\",\"potentialAction\":[{\"@type\":\"ReadAction\",\"target\":[\"https:\/\/visitrauland.com\/fristadsenteret\/tinnsparebank\/\"]}]},{\"@type\":\"BreadcrumbList\",\"@id\":\"https:\/\/visitrauland.com\/fristadsenteret\/tinnsparebank\/#breadcrumb\",\"itemListElement\":[{\"@type\":\"ListItem\",\"position\":1,\"name\":\"Hjem\",\"item\":\"https:\/\/visitrauland.com\/fristadsenteret\/\"},{\"@type\":\"ListItem\",\"position\":2,\"name\":\"Tinn Sparebank\"}]},{\"@type\":\"WebSite\",\"@id\":\"https:\/\/visitrauland.com\/fristadsenteret\/#website\",\"url\":\"https:\/\/visitrauland.com\/fristadsenteret\/\",\"name\":\"Fristadsenteret\",\"description\":\"\u00c5mot, Vinje\",\"potentialAction\":[{\"@type\":\"SearchAction\",\"target\":{\"@type\":\"EntryPoint\",\"urlTemplate\":\"https:\/\/visitrauland.com\/fristadsenteret\/?s={search_term_string}\"},\"query-input\":{\"@type\":\"PropertyValueSpecification\",\"valueRequired\":true,\"valueName\":\"search_term_string\"}}],\"inLanguage\":\"nb-NO\"}]}<\/script>\n<!-- \/ Yoast SEO plugin. -->","yoast_head_json":{"title":"Tinn Sparebank - Fristadsenteret","robots":{"index":"index","follow":"follow","max-snippet":"max-snippet:-1","max-image-preview":"max-image-preview:large","max-video-preview":"max-video-preview:-1"},"canonical":"https:\/\/visitrauland.com\/fristadsenteret\/tinnsparebank\/","og_locale":"nb_NO","og_type":"article","og_title":"Tinn Sparebank - Fristadsenteret","og_description":"I Tinn Sparebank er kvar enkelt kunde viktig, og me ynskjer \u00e5 vere din st\u00f8ttespelar gjennom sm\u00e5 og store \u00f8konomiske val. Personleg r\u00e5dgjeving og lokalkunnskap st\u00e5r sterkt hj\u00e5 oss, og saman realiserer me dine planar og m\u00e5l. Me skal vere ein bank du kan stole p\u00e5 - b\u00e5de i dag og i framtida! V\u00e5re r\u00e5dgjevarar har ein enkel filosofi. Me ... Les Mer","og_url":"https:\/\/visitrauland.com\/fristadsenteret\/tinnsparebank\/","og_site_name":"Fristadsenteret","article_modified_time":"2023-02-22T13:47:58+00:00","twitter_card":"summary_large_image","twitter_misc":{"Ansl. lesetid":"1 minutt"},"schema":{"@context":"https:\/\/schema.org","@graph":[{"@type":"WebPage","@id":"https:\/\/visitrauland.com\/fristadsenteret\/tinnsparebank\/","url":"https:\/\/visitrauland.com\/fristadsenteret\/tinnsparebank\/","name":"Tinn Sparebank - Fristadsenteret","isPartOf":{"@id":"https:\/\/visitrauland.com\/fristadsenteret\/#website"},"datePublished":"2022-02-21T13:45:29+00:00","dateModified":"2023-02-22T13:47:58+00:00","breadcrumb":{"@id":"https:\/\/visitrauland.com\/fristadsenteret\/tinnsparebank\/#breadcrumb"},"inLanguage":"nb-NO","potentialAction":[{"@type":"ReadAction","target":["https:\/\/visitrauland.com\/fristadsenteret\/tinnsparebank\/"]}]},{"@type":"BreadcrumbList","@id":"https:\/\/visitrauland.com\/fristadsenteret\/tinnsparebank\/#breadcrumb","itemListElement":[{"@type":"ListItem","position":1,"name":"Hjem","item":"https:\/\/visitrauland.com\/fristadsenteret\/"},{"@type":"ListItem","position":2,"name":"Tinn Sparebank"}]},{"@type":"WebSite","@id":"https:\/\/visitrauland.com\/fristadsenteret\/#website","url":"https:\/\/visitrauland.com\/fristadsenteret\/","name":"Fristadsenteret","description":"\u00c5mot, Vinje","potentialAction":[{"@type":"SearchAction","target":{"@type":"EntryPoint","urlTemplate":"https:\/\/visitrauland.com\/fristadsenteret\/?s={search_term_string}"},"query-input":{"@type":"PropertyValueSpecification","valueRequired":true,"valueName":"search_term_string"}}],"inLanguage":"nb-NO"}]}},"_links":{"self":[{"href":"https:\/\/visitrauland.com\/fristadsenteret\/wp-json\/wp\/v2\/pages\/2218","targetHints":{"allow":["GET"]}}],"collection":[{"href":"https:\/\/visitrauland.com\/fristadsenteret\/wp-json\/wp\/v2\/pages"}],"about":[{"href":"https:\/\/visitrauland.com\/fristadsenteret\/wp-json\/wp\/v2\/types\/page"}],"author":[{"embeddable":true,"href":"https:\/\/visitrauland.com\/fristadsenteret\/wp-json\/wp\/v2\/users\/10"}],"replies":[{"embeddable":true,"href":"https:\/\/visitrauland.com\/fristadsenteret\/wp-json\/wp\/v2\/comments?post=2218"}],"version-history":[{"count":4,"href":"https:\/\/visitrauland.com\/fristadsenteret\/wp-json\/wp\/v2\/pages\/2218\/revisions"}],"predecessor-version":[{"id":2304,"href":"https:\/\/visitrauland.com\/fristadsenteret\/wp-json\/wp\/v2\/pages\/2218\/revisions\/2304"}],"wp:attachment":[{"href":"https:\/\/visitrauland.com\/fristadsenteret\/wp-json\/wp\/v2\/media?parent=2218"}],"curies":[{"name":"wp","href":"https:\/\/api.w.org\/{rel}","templated":true}]}}