{"id":2093,"date":"2020-01-23T10:19:06","date_gmt":"2020-01-23T09:19:06","guid":{"rendered":"https:\/\/fristadsenteret.no\/?page_id=2093"},"modified":"2024-05-09T15:10:14","modified_gmt":"2024-05-09T13:10:14","slug":"vinjepizza","status":"publish","type":"page","link":"https:\/\/visitrauland.com\/fristadsenteret\/vinjepizza\/","title":{"rendered":"Vinje Pizza og Grill"},"content":{"rendered":"<div id=\"cs-content\" class=\"cs-content\"><div id=\"x-section-1\" class=\"x-section\" style=\"margin: 0px;padding: 0px; background-color: transparent;\"><div id class=\"x-container\" style=\"margin: 0px auto;padding: 0px;\"><div class=\"x-column x-sm x-2-3\" style=\"padding: 0px;\"><div id class=\"x-text\" style><p>Vinje Pizza &amp; Grill p\u00e5 Fristadsenteret er Vinjes nye Pizzeria og gatekj\u00f8kken. Her finn du garantert din nye favorittpizza! Er du meir sugen p\u00e5 biffsnadder, hamburger, kebabrull eller salat s\u00e5 f\u00e5r du det ogs\u00e5.<\/p>\n<p>Bestill og ta med deg, eller set deg ned og nyt maten her.<\/p>\n<p>Hjarteleg velkomen! <br>\nTlf: <span style=\"color: var(--c-base);\">46754463<\/span><\/p>\n<h5>Opningstider:<\/h5>\n<ul>\n<li style=\"font-weight: 400;\"><span>fredag&nbsp;&nbsp; 10\u201322<br>\n<\/span><span><\/span><\/li>\n<li style=\"font-weight: 400;\"><span>l\u00f8rdag&nbsp;&nbsp; 10\u201322<br>\n<\/span><span><\/span><\/li>\n<li style=\"font-weight: 400;\"><span>s\u00f8ndag&nbsp; 13\u201322<br>\n<\/span><span><\/span><\/li>\n<li style=\"font-weight: 400;\"><span>mandag 10\u201322<br>\n<\/span><span><\/span><\/li>\n<li style=\"font-weight: 400;\"><span>tirsdag&nbsp; 10\u201322<br>\n<\/span><span><\/span><\/li>\n<li style=\"font-weight: 400;\"><span>onsdag&nbsp; 10\u201322<br>\n<\/span><span><\/span><\/li>\n<li style=\"font-weight: 400;\"><span>torsdag 10\u201322<\/span><\/li>\n<\/ul>\n<\/div><\/div><div class=\"x-column x-sm x-1-3\" style=\"padding: 0px;\"><noscript><img decoding=\"async\" class=\"x-img x-img-none\" src=\"https:\/\/fristadsenteret.no\/wp-content\/uploads\/sites\/78\/2020\/01\/IMG_1718.jpg\"><\/noscript><img decoding=\"async\" class=\"x-img x-img-none lazyload\" src=\"data:image\/gif;base64,R0lGODlhAQABAIAAAAAAAP\/\/\/yH5BAEAAAAALAAAAAABAAEAAAIBRAA7\" data-src=\"https:\/\/fristadsenteret.no\/wp-content\/uploads\/sites\/78\/2020\/01\/IMG_1718.jpg\"><\/div><\/div><div id class=\"x-container\" style=\"margin: 0px auto;padding: 0px;\"><div class=\"x-column x-sm x-1-1\" style=\"padding: 0px;\"><hr class=\"x-line e2093-e9 m1m5-0\"><\/div><\/div><\/div><div id=\"x-section-2\" class=\"x-section\" style=\"margin: 0px;padding: 0px 0px 10px; background-color: transparent;\"><div id class=\"x-container\" style=\"margin: 0px auto;padding: 0px;\"><div class=\"x-column x-sm x-1-1\" style=\"padding: 0px;\"><div id class=\"x-text\" style><p><noscript><iframe src=\"https:\/\/www.facebook.com\/plugins\/page.php?href=https%3A%2F%2Fwww.facebook.com%2Fpg%2Fvinjegrill%2F&amp;tabs=timeline&amp;width=800&amp;height=1000&amp;small_header=false&amp;adapt_container_width=true&amp;hide_cover=false&amp;show_facepile=true&amp;appId=818965298264939\" width=\"800\" height=\"1000\" style=\"border:none;overflow:hidden\" scrolling=\"no\" frameborder=\"0\" allowtransparency=\"true\" allow=\"encrypted-media\"><\/iframe><\/noscript><iframe width=\"800\" height=\"1000\" style=\"border:none;overflow:hidden\" scrolling=\"no\" frameborder=\"0\" allowtransparency=\"true\" allow=\"encrypted-media\" data-src=\"https:\/\/www.facebook.com\/plugins\/page.php?href=https%3A%2F%2Fwww.facebook.com%2Fpg%2Fvinjegrill%2F&amp;tabs=timeline&amp;width=800&amp;height=1000&amp;small_header=false&amp;adapt_container_width=true&amp;hide_cover=false&amp;show_facepile=true&amp;appId=818965298264939\" class=\" lazyload\"><\/iframe><\/p>\n<\/div><\/div><\/div><\/div><\/div>\n","protected":false},"excerpt":{"rendered":"<p>Vinje Pizza &amp; Grill p\u00e5 Fristadsenteret er Vinjes nye Pizzeria og gatekj\u00f8kken. Her finn du garantert din nye favorittpizza! Er du meir sugen p\u00e5 biffsnadder, hamburger, kebabrull eller salat s\u00e5 f\u00e5r du det ogs\u00e5. Bestill og ta med deg, eller set deg ned og nyt maten her. Hjarteleg velkomen! Tlf: 46754463 Opningstider: fredag&nbsp;&nbsp; 10\u201322 l\u00f8rdag&nbsp;&nbsp; 10\u201322 s\u00f8ndag&nbsp; 13\u201322 mandag 10\u201322 &#8230; <\/p>\n<div><a href=\"https:\/\/visitrauland.com\/fristadsenteret\/vinjepizza\/\" class=\"more-link\">Les Mer<\/a><\/div>\n","protected":false},"author":10,"featured_media":0,"parent":0,"menu_order":0,"comment_status":"closed","ping_status":"closed","template":"","meta":{"_relevanssi_hide_post":"","_relevanssi_hide_content":"","_relevanssi_pin_for_all":"","_relevanssi_pin_keywords":"","_relevanssi_unpin_keywords":"","_relevanssi_related_keywords":"","_relevanssi_related_include_ids":"","_relevanssi_related_exclude_ids":"","_relevanssi_related_no_append":"","_relevanssi_related_not_related":"","_relevanssi_related_posts":"","_relevanssi_noindex_reason":"","seo_booster_metabox":"","footnotes":""},"class_list":["post-2093","page","type-page","status-publish","hentry","no-post-thumbnail"],"yoast_head":"<!-- This site is optimized with the Yoast SEO plugin v27.2 - https:\/\/yoast.com\/product\/yoast-seo-wordpress\/ -->\n<title>Vinje Pizza og Grill - Fristadsenteret<\/title>\n<meta name=\"robots\" content=\"index, follow, max-snippet:-1, max-image-preview:large, max-video-preview:-1\" \/>\n<link rel=\"canonical\" href=\"https:\/\/visitrauland.com\/fristadsenteret\/vinjepizza\/\" \/>\n<meta property=\"og:locale\" content=\"nb_NO\" \/>\n<meta property=\"og:type\" content=\"article\" \/>\n<meta property=\"og:title\" content=\"Vinje Pizza og Grill - Fristadsenteret\" \/>\n<meta property=\"og:description\" content=\"Vinje Pizza &amp; Grill p\u00e5 Fristadsenteret er Vinjes nye Pizzeria og gatekj\u00f8kken. Her finn du garantert din nye favorittpizza! Er du meir sugen p\u00e5 biffsnadder, hamburger, kebabrull eller salat s\u00e5 f\u00e5r du det ogs\u00e5. Bestill og ta med deg, eller set deg ned og nyt maten her. Hjarteleg velkomen! Tlf: 46754463 Opningstider: fredag&nbsp;&nbsp; 10\u201322 l\u00f8rdag&nbsp;&nbsp; 10\u201322 s\u00f8ndag&nbsp; 13\u201322 mandag 10\u201322 ... Les Mer\" \/>\n<meta property=\"og:url\" content=\"https:\/\/visitrauland.com\/fristadsenteret\/vinjepizza\/\" \/>\n<meta property=\"og:site_name\" content=\"Fristadsenteret\" \/>\n<meta property=\"article:modified_time\" content=\"2024-05-09T13:10:14+00:00\" \/>\n<meta name=\"twitter:card\" content=\"summary_large_image\" \/>\n<meta name=\"twitter:label1\" content=\"Ansl. lesetid\" \/>\n\t<meta name=\"twitter:data1\" content=\"2 minutter\" \/>\n<script type=\"application\/ld+json\" class=\"yoast-schema-graph\">{\"@context\":\"https:\/\/schema.org\",\"@graph\":[{\"@type\":\"WebPage\",\"@id\":\"https:\/\/visitrauland.com\/fristadsenteret\/vinjepizza\/\",\"url\":\"https:\/\/visitrauland.com\/fristadsenteret\/vinjepizza\/\",\"name\":\"Vinje Pizza og Grill - Fristadsenteret\",\"isPartOf\":{\"@id\":\"https:\/\/visitrauland.com\/fristadsenteret\/#website\"},\"datePublished\":\"2020-01-23T09:19:06+00:00\",\"dateModified\":\"2024-05-09T13:10:14+00:00\",\"breadcrumb\":{\"@id\":\"https:\/\/visitrauland.com\/fristadsenteret\/vinjepizza\/#breadcrumb\"},\"inLanguage\":\"nb-NO\",\"potentialAction\":[{\"@type\":\"ReadAction\",\"target\":[\"https:\/\/visitrauland.com\/fristadsenteret\/vinjepizza\/\"]}]},{\"@type\":\"BreadcrumbList\",\"@id\":\"https:\/\/visitrauland.com\/fristadsenteret\/vinjepizza\/#breadcrumb\",\"itemListElement\":[{\"@type\":\"ListItem\",\"position\":1,\"name\":\"Hjem\",\"item\":\"https:\/\/visitrauland.com\/fristadsenteret\/\"},{\"@type\":\"ListItem\",\"position\":2,\"name\":\"Vinje Pizza og Grill\"}]},{\"@type\":\"WebSite\",\"@id\":\"https:\/\/visitrauland.com\/fristadsenteret\/#website\",\"url\":\"https:\/\/visitrauland.com\/fristadsenteret\/\",\"name\":\"Fristadsenteret\",\"description\":\"\u00c5mot, Vinje\",\"potentialAction\":[{\"@type\":\"SearchAction\",\"target\":{\"@type\":\"EntryPoint\",\"urlTemplate\":\"https:\/\/visitrauland.com\/fristadsenteret\/?s={search_term_string}\"},\"query-input\":{\"@type\":\"PropertyValueSpecification\",\"valueRequired\":true,\"valueName\":\"search_term_string\"}}],\"inLanguage\":\"nb-NO\"}]}<\/script>\n<!-- \/ Yoast SEO plugin. -->","yoast_head_json":{"title":"Vinje Pizza og Grill - Fristadsenteret","robots":{"index":"index","follow":"follow","max-snippet":"max-snippet:-1","max-image-preview":"max-image-preview:large","max-video-preview":"max-video-preview:-1"},"canonical":"https:\/\/visitrauland.com\/fristadsenteret\/vinjepizza\/","og_locale":"nb_NO","og_type":"article","og_title":"Vinje Pizza og Grill - Fristadsenteret","og_description":"Vinje Pizza &amp; Grill p\u00e5 Fristadsenteret er Vinjes nye Pizzeria og gatekj\u00f8kken. Her finn du garantert din nye favorittpizza! Er du meir sugen p\u00e5 biffsnadder, hamburger, kebabrull eller salat s\u00e5 f\u00e5r du det ogs\u00e5. Bestill og ta med deg, eller set deg ned og nyt maten her. Hjarteleg velkomen! Tlf: 46754463 Opningstider: fredag&nbsp;&nbsp; 10\u201322 l\u00f8rdag&nbsp;&nbsp; 10\u201322 s\u00f8ndag&nbsp; 13\u201322 mandag 10\u201322 ... Les Mer","og_url":"https:\/\/visitrauland.com\/fristadsenteret\/vinjepizza\/","og_site_name":"Fristadsenteret","article_modified_time":"2024-05-09T13:10:14+00:00","twitter_card":"summary_large_image","twitter_misc":{"Ansl. lesetid":"2 minutter"},"schema":{"@context":"https:\/\/schema.org","@graph":[{"@type":"WebPage","@id":"https:\/\/visitrauland.com\/fristadsenteret\/vinjepizza\/","url":"https:\/\/visitrauland.com\/fristadsenteret\/vinjepizza\/","name":"Vinje Pizza og Grill - Fristadsenteret","isPartOf":{"@id":"https:\/\/visitrauland.com\/fristadsenteret\/#website"},"datePublished":"2020-01-23T09:19:06+00:00","dateModified":"2024-05-09T13:10:14+00:00","breadcrumb":{"@id":"https:\/\/visitrauland.com\/fristadsenteret\/vinjepizza\/#breadcrumb"},"inLanguage":"nb-NO","potentialAction":[{"@type":"ReadAction","target":["https:\/\/visitrauland.com\/fristadsenteret\/vinjepizza\/"]}]},{"@type":"BreadcrumbList","@id":"https:\/\/visitrauland.com\/fristadsenteret\/vinjepizza\/#breadcrumb","itemListElement":[{"@type":"ListItem","position":1,"name":"Hjem","item":"https:\/\/visitrauland.com\/fristadsenteret\/"},{"@type":"ListItem","position":2,"name":"Vinje Pizza og Grill"}]},{"@type":"WebSite","@id":"https:\/\/visitrauland.com\/fristadsenteret\/#website","url":"https:\/\/visitrauland.com\/fristadsenteret\/","name":"Fristadsenteret","description":"\u00c5mot, Vinje","potentialAction":[{"@type":"SearchAction","target":{"@type":"EntryPoint","urlTemplate":"https:\/\/visitrauland.com\/fristadsenteret\/?s={search_term_string}"},"query-input":{"@type":"PropertyValueSpecification","valueRequired":true,"valueName":"search_term_string"}}],"inLanguage":"nb-NO"}]}},"_links":{"self":[{"href":"https:\/\/visitrauland.com\/fristadsenteret\/wp-json\/wp\/v2\/pages\/2093","targetHints":{"allow":["GET"]}}],"collection":[{"href":"https:\/\/visitrauland.com\/fristadsenteret\/wp-json\/wp\/v2\/pages"}],"about":[{"href":"https:\/\/visitrauland.com\/fristadsenteret\/wp-json\/wp\/v2\/types\/page"}],"author":[{"embeddable":true,"href":"https:\/\/visitrauland.com\/fristadsenteret\/wp-json\/wp\/v2\/users\/10"}],"replies":[{"embeddable":true,"href":"https:\/\/visitrauland.com\/fristadsenteret\/wp-json\/wp\/v2\/comments?post=2093"}],"version-history":[{"count":4,"href":"https:\/\/visitrauland.com\/fristadsenteret\/wp-json\/wp\/v2\/pages\/2093\/revisions"}],"predecessor-version":[{"id":2325,"href":"https:\/\/visitrauland.com\/fristadsenteret\/wp-json\/wp\/v2\/pages\/2093\/revisions\/2325"}],"wp:attachment":[{"href":"https:\/\/visitrauland.com\/fristadsenteret\/wp-json\/wp\/v2\/media?parent=2093"}],"curies":[{"name":"wp","href":"https:\/\/api.w.org\/{rel}","templated":true}]}}