{"id":1926,"date":"2019-01-28T14:13:58","date_gmt":"2019-01-28T13:13:58","guid":{"rendered":"https:\/\/visitrauland.com\/fristadsenteret\/?page_id=1926"},"modified":"2019-05-06T16:19:47","modified_gmt":"2019-05-06T14:19:47","slug":"draumheim","status":"publish","type":"page","link":"https:\/\/visitrauland.com\/fristadsenteret\/draumheim\/","title":{"rendered":"Draumheim"},"content":{"rendered":"<div id=\"cs-content\" class=\"cs-content\"><\/div>\n","protected":false},"excerpt":{"rendered":"<p>&nbsp;Vi kjennetegnes av kvalitet, fagkunnskap og gode kj\u00f8p, og bygger v\u00e5rt kjedekonsept p\u00e5 tradisjon, kvalitet og tillit. Etter mange \u00e5r som ledende forhandler av hjemmetekstiler i Norge, er Draumheim n\u00e5 p\u00e5 vei inn i en ny drakt men med den samme lidenskapen for design og de samme m\u00e5lrettede verdiene. Vi har ogs\u00e5 m\u00e5ltilpasset solskjerming og montering. Opningstider M\u00e5ndag &#8211; fredag: &#8230; <\/p>\n<div><a href=\"https:\/\/visitrauland.com\/fristadsenteret\/draumheim\/\" class=\"more-link\">Les Mer<\/a><\/div>\n","protected":false},"author":10,"featured_media":0,"parent":0,"menu_order":0,"comment_status":"closed","ping_status":"closed","template":"","meta":{"_relevanssi_hide_post":"","_relevanssi_hide_content":"","_relevanssi_pin_for_all":"","_relevanssi_pin_keywords":"","_relevanssi_unpin_keywords":"","_relevanssi_related_keywords":"","_relevanssi_related_include_ids":"","_relevanssi_related_exclude_ids":"","_relevanssi_related_no_append":"","_relevanssi_related_not_related":"","_relevanssi_related_posts":"","_relevanssi_noindex_reason":"","seo_booster_metabox":"","footnotes":""},"class_list":["post-1926","page","type-page","status-publish","hentry","no-post-thumbnail"],"yoast_head":"<!-- This site is optimized with the Yoast SEO plugin v27.2 - https:\/\/yoast.com\/product\/yoast-seo-wordpress\/ -->\n<title>Draumheim - Fristadsenteret<\/title>\n<meta name=\"robots\" content=\"index, follow, max-snippet:-1, max-image-preview:large, max-video-preview:-1\" \/>\n<link rel=\"canonical\" href=\"https:\/\/visitrauland.com\/fristadsenteret\/draumheim\/\" \/>\n<meta property=\"og:locale\" content=\"nb_NO\" \/>\n<meta property=\"og:type\" content=\"article\" \/>\n<meta property=\"og:title\" content=\"Draumheim - Fristadsenteret\" \/>\n<meta property=\"og:description\" content=\"&nbsp;Vi kjennetegnes av kvalitet, fagkunnskap og gode kj\u00f8p, og bygger v\u00e5rt kjedekonsept p\u00e5 tradisjon, kvalitet og tillit. Etter mange \u00e5r som ledende forhandler av hjemmetekstiler i Norge, er Draumheim n\u00e5 p\u00e5 vei inn i en ny drakt men med den samme lidenskapen for design og de samme m\u00e5lrettede verdiene. Vi har ogs\u00e5 m\u00e5ltilpasset solskjerming og montering. Opningstider M\u00e5ndag - fredag: ... Les Mer\" \/>\n<meta property=\"og:url\" content=\"https:\/\/visitrauland.com\/fristadsenteret\/draumheim\/\" \/>\n<meta property=\"og:site_name\" content=\"Fristadsenteret\" \/>\n<meta property=\"article:modified_time\" content=\"2019-05-06T14:19:47+00:00\" \/>\n<meta name=\"twitter:card\" content=\"summary_large_image\" \/>\n<meta name=\"twitter:label1\" content=\"Ansl. lesetid\" \/>\n\t<meta name=\"twitter:data1\" content=\"1 minutt\" \/>\n<script type=\"application\/ld+json\" class=\"yoast-schema-graph\">{\"@context\":\"https:\/\/schema.org\",\"@graph\":[{\"@type\":\"WebPage\",\"@id\":\"https:\/\/visitrauland.com\/fristadsenteret\/draumheim\/\",\"url\":\"https:\/\/visitrauland.com\/fristadsenteret\/draumheim\/\",\"name\":\"Draumheim - Fristadsenteret\",\"isPartOf\":{\"@id\":\"https:\/\/visitrauland.com\/fristadsenteret\/#website\"},\"datePublished\":\"2019-01-28T13:13:58+00:00\",\"dateModified\":\"2019-05-06T14:19:47+00:00\",\"breadcrumb\":{\"@id\":\"https:\/\/visitrauland.com\/fristadsenteret\/draumheim\/#breadcrumb\"},\"inLanguage\":\"nb-NO\",\"potentialAction\":[{\"@type\":\"ReadAction\",\"target\":[\"https:\/\/visitrauland.com\/fristadsenteret\/draumheim\/\"]}]},{\"@type\":\"BreadcrumbList\",\"@id\":\"https:\/\/visitrauland.com\/fristadsenteret\/draumheim\/#breadcrumb\",\"itemListElement\":[{\"@type\":\"ListItem\",\"position\":1,\"name\":\"Hjem\",\"item\":\"https:\/\/visitrauland.com\/fristadsenteret\/\"},{\"@type\":\"ListItem\",\"position\":2,\"name\":\"Draumheim\"}]},{\"@type\":\"WebSite\",\"@id\":\"https:\/\/visitrauland.com\/fristadsenteret\/#website\",\"url\":\"https:\/\/visitrauland.com\/fristadsenteret\/\",\"name\":\"Fristadsenteret\",\"description\":\"\u00c5mot, Vinje\",\"potentialAction\":[{\"@type\":\"SearchAction\",\"target\":{\"@type\":\"EntryPoint\",\"urlTemplate\":\"https:\/\/visitrauland.com\/fristadsenteret\/?s={search_term_string}\"},\"query-input\":{\"@type\":\"PropertyValueSpecification\",\"valueRequired\":true,\"valueName\":\"search_term_string\"}}],\"inLanguage\":\"nb-NO\"}]}<\/script>\n<!-- \/ Yoast SEO plugin. -->","yoast_head_json":{"title":"Draumheim - Fristadsenteret","robots":{"index":"index","follow":"follow","max-snippet":"max-snippet:-1","max-image-preview":"max-image-preview:large","max-video-preview":"max-video-preview:-1"},"canonical":"https:\/\/visitrauland.com\/fristadsenteret\/draumheim\/","og_locale":"nb_NO","og_type":"article","og_title":"Draumheim - Fristadsenteret","og_description":"&nbsp;Vi kjennetegnes av kvalitet, fagkunnskap og gode kj\u00f8p, og bygger v\u00e5rt kjedekonsept p\u00e5 tradisjon, kvalitet og tillit. Etter mange \u00e5r som ledende forhandler av hjemmetekstiler i Norge, er Draumheim n\u00e5 p\u00e5 vei inn i en ny drakt men med den samme lidenskapen for design og de samme m\u00e5lrettede verdiene. Vi har ogs\u00e5 m\u00e5ltilpasset solskjerming og montering. Opningstider M\u00e5ndag - fredag: ... Les Mer","og_url":"https:\/\/visitrauland.com\/fristadsenteret\/draumheim\/","og_site_name":"Fristadsenteret","article_modified_time":"2019-05-06T14:19:47+00:00","twitter_card":"summary_large_image","twitter_misc":{"Ansl. lesetid":"1 minutt"},"schema":{"@context":"https:\/\/schema.org","@graph":[{"@type":"WebPage","@id":"https:\/\/visitrauland.com\/fristadsenteret\/draumheim\/","url":"https:\/\/visitrauland.com\/fristadsenteret\/draumheim\/","name":"Draumheim - Fristadsenteret","isPartOf":{"@id":"https:\/\/visitrauland.com\/fristadsenteret\/#website"},"datePublished":"2019-01-28T13:13:58+00:00","dateModified":"2019-05-06T14:19:47+00:00","breadcrumb":{"@id":"https:\/\/visitrauland.com\/fristadsenteret\/draumheim\/#breadcrumb"},"inLanguage":"nb-NO","potentialAction":[{"@type":"ReadAction","target":["https:\/\/visitrauland.com\/fristadsenteret\/draumheim\/"]}]},{"@type":"BreadcrumbList","@id":"https:\/\/visitrauland.com\/fristadsenteret\/draumheim\/#breadcrumb","itemListElement":[{"@type":"ListItem","position":1,"name":"Hjem","item":"https:\/\/visitrauland.com\/fristadsenteret\/"},{"@type":"ListItem","position":2,"name":"Draumheim"}]},{"@type":"WebSite","@id":"https:\/\/visitrauland.com\/fristadsenteret\/#website","url":"https:\/\/visitrauland.com\/fristadsenteret\/","name":"Fristadsenteret","description":"\u00c5mot, Vinje","potentialAction":[{"@type":"SearchAction","target":{"@type":"EntryPoint","urlTemplate":"https:\/\/visitrauland.com\/fristadsenteret\/?s={search_term_string}"},"query-input":{"@type":"PropertyValueSpecification","valueRequired":true,"valueName":"search_term_string"}}],"inLanguage":"nb-NO"}]}},"_links":{"self":[{"href":"https:\/\/visitrauland.com\/fristadsenteret\/wp-json\/wp\/v2\/pages\/1926","targetHints":{"allow":["GET"]}}],"collection":[{"href":"https:\/\/visitrauland.com\/fristadsenteret\/wp-json\/wp\/v2\/pages"}],"about":[{"href":"https:\/\/visitrauland.com\/fristadsenteret\/wp-json\/wp\/v2\/types\/page"}],"author":[{"embeddable":true,"href":"https:\/\/visitrauland.com\/fristadsenteret\/wp-json\/wp\/v2\/users\/10"}],"replies":[{"embeddable":true,"href":"https:\/\/visitrauland.com\/fristadsenteret\/wp-json\/wp\/v2\/comments?post=1926"}],"version-history":[{"count":6,"href":"https:\/\/visitrauland.com\/fristadsenteret\/wp-json\/wp\/v2\/pages\/1926\/revisions"}],"predecessor-version":[{"id":2077,"href":"https:\/\/visitrauland.com\/fristadsenteret\/wp-json\/wp\/v2\/pages\/1926\/revisions\/2077"}],"wp:attachment":[{"href":"https:\/\/visitrauland.com\/fristadsenteret\/wp-json\/wp\/v2\/media?parent=1926"}],"curies":[{"name":"wp","href":"https:\/\/api.w.org\/{rel}","templated":true}]}}