{"id":1923,"date":"2019-01-28T14:13:32","date_gmt":"2019-01-28T13:13:32","guid":{"rendered":"https:\/\/visitrauland.com\/fristadsenteret\/?page_id=1923"},"modified":"2019-02-04T21:27:27","modified_gmt":"2019-02-04T20:27:27","slug":"sport1","status":"publish","type":"page","link":"https:\/\/visitrauland.com\/fristadsenteret\/sport1\/","title":{"rendered":"Sport1 Vinje"},"content":{"rendered":"<div id=\"cs-content\" class=\"cs-content\"><\/div>\n","protected":false},"excerpt":{"rendered":"<p>Ekte sportsbutikk! Me hjelper deg me utstyr og klede til fantastiske turopplevingar og harde konkurransar. Me klargjer stort sett skipakka eller sykkelen medan du ventar. La deg inspirere av v\u00e5r breidde innan ski, truger, sykkel, fisk, heimetrening og turutstyr. Bikkjemat fr\u00e5 ProPlan er alltid p\u00e5 lager, saman med ein del utstyr til v\u00e5r beste ven. Skal du kaupe inn til &#8230; <\/p>\n<div><a href=\"https:\/\/visitrauland.com\/fristadsenteret\/sport1\/\" class=\"more-link\">Les Mer<\/a><\/div>\n","protected":false},"author":10,"featured_media":0,"parent":0,"menu_order":0,"comment_status":"closed","ping_status":"closed","template":"","meta":{"_relevanssi_hide_post":"","_relevanssi_hide_content":"","_relevanssi_pin_for_all":"","_relevanssi_pin_keywords":"","_relevanssi_unpin_keywords":"","_relevanssi_related_keywords":"","_relevanssi_related_include_ids":"","_relevanssi_related_exclude_ids":"","_relevanssi_related_no_append":"","_relevanssi_related_not_related":"","_relevanssi_related_posts":"","_relevanssi_noindex_reason":"","seo_booster_metabox":"","footnotes":""},"class_list":["post-1923","page","type-page","status-publish","hentry","no-post-thumbnail"],"yoast_head":"<!-- This site is optimized with the Yoast SEO plugin v27.2 - https:\/\/yoast.com\/product\/yoast-seo-wordpress\/ -->\n<title>Sport1 Vinje - Fristadsenteret<\/title>\n<meta name=\"robots\" content=\"index, follow, max-snippet:-1, max-image-preview:large, max-video-preview:-1\" \/>\n<link rel=\"canonical\" href=\"https:\/\/visitrauland.com\/fristadsenteret\/sport1\/\" \/>\n<meta property=\"og:locale\" content=\"nb_NO\" \/>\n<meta property=\"og:type\" content=\"article\" \/>\n<meta property=\"og:title\" content=\"Sport1 Vinje - Fristadsenteret\" \/>\n<meta property=\"og:description\" content=\"Ekte sportsbutikk! Me hjelper deg me utstyr og klede til fantastiske turopplevingar og harde konkurransar. Me klargjer stort sett skipakka eller sykkelen medan du ventar. La deg inspirere av v\u00e5r breidde innan ski, truger, sykkel, fisk, heimetrening og turutstyr. Bikkjemat fr\u00e5 ProPlan er alltid p\u00e5 lager, saman med ein del utstyr til v\u00e5r beste ven. Skal du kaupe inn til ... Les Mer\" \/>\n<meta property=\"og:url\" content=\"https:\/\/visitrauland.com\/fristadsenteret\/sport1\/\" \/>\n<meta property=\"og:site_name\" content=\"Fristadsenteret\" \/>\n<meta property=\"article:modified_time\" content=\"2019-02-04T20:27:27+00:00\" \/>\n<meta name=\"twitter:card\" content=\"summary_large_image\" \/>\n<meta name=\"twitter:label1\" content=\"Ansl. lesetid\" \/>\n\t<meta name=\"twitter:data1\" content=\"1 minutt\" \/>\n<script type=\"application\/ld+json\" class=\"yoast-schema-graph\">{\"@context\":\"https:\/\/schema.org\",\"@graph\":[{\"@type\":\"WebPage\",\"@id\":\"https:\/\/visitrauland.com\/fristadsenteret\/sport1\/\",\"url\":\"https:\/\/visitrauland.com\/fristadsenteret\/sport1\/\",\"name\":\"Sport1 Vinje - Fristadsenteret\",\"isPartOf\":{\"@id\":\"https:\/\/visitrauland.com\/fristadsenteret\/#website\"},\"datePublished\":\"2019-01-28T13:13:32+00:00\",\"dateModified\":\"2019-02-04T20:27:27+00:00\",\"breadcrumb\":{\"@id\":\"https:\/\/visitrauland.com\/fristadsenteret\/sport1\/#breadcrumb\"},\"inLanguage\":\"nb-NO\",\"potentialAction\":[{\"@type\":\"ReadAction\",\"target\":[\"https:\/\/visitrauland.com\/fristadsenteret\/sport1\/\"]}]},{\"@type\":\"BreadcrumbList\",\"@id\":\"https:\/\/visitrauland.com\/fristadsenteret\/sport1\/#breadcrumb\",\"itemListElement\":[{\"@type\":\"ListItem\",\"position\":1,\"name\":\"Hjem\",\"item\":\"https:\/\/visitrauland.com\/fristadsenteret\/\"},{\"@type\":\"ListItem\",\"position\":2,\"name\":\"Sport1 Vinje\"}]},{\"@type\":\"WebSite\",\"@id\":\"https:\/\/visitrauland.com\/fristadsenteret\/#website\",\"url\":\"https:\/\/visitrauland.com\/fristadsenteret\/\",\"name\":\"Fristadsenteret\",\"description\":\"\u00c5mot, Vinje\",\"potentialAction\":[{\"@type\":\"SearchAction\",\"target\":{\"@type\":\"EntryPoint\",\"urlTemplate\":\"https:\/\/visitrauland.com\/fristadsenteret\/?s={search_term_string}\"},\"query-input\":{\"@type\":\"PropertyValueSpecification\",\"valueRequired\":true,\"valueName\":\"search_term_string\"}}],\"inLanguage\":\"nb-NO\"}]}<\/script>\n<!-- \/ Yoast SEO plugin. -->","yoast_head_json":{"title":"Sport1 Vinje - Fristadsenteret","robots":{"index":"index","follow":"follow","max-snippet":"max-snippet:-1","max-image-preview":"max-image-preview:large","max-video-preview":"max-video-preview:-1"},"canonical":"https:\/\/visitrauland.com\/fristadsenteret\/sport1\/","og_locale":"nb_NO","og_type":"article","og_title":"Sport1 Vinje - Fristadsenteret","og_description":"Ekte sportsbutikk! Me hjelper deg me utstyr og klede til fantastiske turopplevingar og harde konkurransar. Me klargjer stort sett skipakka eller sykkelen medan du ventar. La deg inspirere av v\u00e5r breidde innan ski, truger, sykkel, fisk, heimetrening og turutstyr. Bikkjemat fr\u00e5 ProPlan er alltid p\u00e5 lager, saman med ein del utstyr til v\u00e5r beste ven. Skal du kaupe inn til ... Les Mer","og_url":"https:\/\/visitrauland.com\/fristadsenteret\/sport1\/","og_site_name":"Fristadsenteret","article_modified_time":"2019-02-04T20:27:27+00:00","twitter_card":"summary_large_image","twitter_misc":{"Ansl. lesetid":"1 minutt"},"schema":{"@context":"https:\/\/schema.org","@graph":[{"@type":"WebPage","@id":"https:\/\/visitrauland.com\/fristadsenteret\/sport1\/","url":"https:\/\/visitrauland.com\/fristadsenteret\/sport1\/","name":"Sport1 Vinje - Fristadsenteret","isPartOf":{"@id":"https:\/\/visitrauland.com\/fristadsenteret\/#website"},"datePublished":"2019-01-28T13:13:32+00:00","dateModified":"2019-02-04T20:27:27+00:00","breadcrumb":{"@id":"https:\/\/visitrauland.com\/fristadsenteret\/sport1\/#breadcrumb"},"inLanguage":"nb-NO","potentialAction":[{"@type":"ReadAction","target":["https:\/\/visitrauland.com\/fristadsenteret\/sport1\/"]}]},{"@type":"BreadcrumbList","@id":"https:\/\/visitrauland.com\/fristadsenteret\/sport1\/#breadcrumb","itemListElement":[{"@type":"ListItem","position":1,"name":"Hjem","item":"https:\/\/visitrauland.com\/fristadsenteret\/"},{"@type":"ListItem","position":2,"name":"Sport1 Vinje"}]},{"@type":"WebSite","@id":"https:\/\/visitrauland.com\/fristadsenteret\/#website","url":"https:\/\/visitrauland.com\/fristadsenteret\/","name":"Fristadsenteret","description":"\u00c5mot, Vinje","potentialAction":[{"@type":"SearchAction","target":{"@type":"EntryPoint","urlTemplate":"https:\/\/visitrauland.com\/fristadsenteret\/?s={search_term_string}"},"query-input":{"@type":"PropertyValueSpecification","valueRequired":true,"valueName":"search_term_string"}}],"inLanguage":"nb-NO"}]}},"_links":{"self":[{"href":"https:\/\/visitrauland.com\/fristadsenteret\/wp-json\/wp\/v2\/pages\/1923","targetHints":{"allow":["GET"]}}],"collection":[{"href":"https:\/\/visitrauland.com\/fristadsenteret\/wp-json\/wp\/v2\/pages"}],"about":[{"href":"https:\/\/visitrauland.com\/fristadsenteret\/wp-json\/wp\/v2\/types\/page"}],"author":[{"embeddable":true,"href":"https:\/\/visitrauland.com\/fristadsenteret\/wp-json\/wp\/v2\/users\/10"}],"replies":[{"embeddable":true,"href":"https:\/\/visitrauland.com\/fristadsenteret\/wp-json\/wp\/v2\/comments?post=1923"}],"version-history":[{"count":3,"href":"https:\/\/visitrauland.com\/fristadsenteret\/wp-json\/wp\/v2\/pages\/1923\/revisions"}],"predecessor-version":[{"id":2029,"href":"https:\/\/visitrauland.com\/fristadsenteret\/wp-json\/wp\/v2\/pages\/1923\/revisions\/2029"}],"wp:attachment":[{"href":"https:\/\/visitrauland.com\/fristadsenteret\/wp-json\/wp\/v2\/media?parent=1923"}],"curies":[{"name":"wp","href":"https:\/\/api.w.org\/{rel}","templated":true}]}}