{"id":1916,"date":"2019-01-28T14:07:47","date_gmt":"2019-01-28T13:07:47","guid":{"rendered":"https:\/\/visitrauland.com\/fristadsenteret\/?page_id=1916"},"modified":"2020-10-12T12:20:06","modified_gmt":"2020-10-12T10:20:06","slug":"elkjop","status":"publish","type":"page","link":"https:\/\/visitrauland.com\/fristadsenteret\/elkjop\/","title":{"rendered":"Elkj\u00f8p Stormarked Vinje"},"content":{"rendered":"<div id=\"cs-content\" class=\"cs-content\"><\/div>\n","protected":false},"excerpt":{"rendered":"<p>Vest-Telemarks st\u00f8rste elektrobutikk! EPOQ Kj\u00f8kken og vaskerom, kvitevarer, sm\u00e5elektrisk, lyd &amp; bilete, data og telefonar. Me har stort utval av kjende merkjevarer til noregs l\u00e5gaste prisar. P\u00e5 Elkj\u00f8p har du alltid 50 dagars full returrett p\u00e5 alt utanom abonement og mobiltelefonar. I butikken har me serviceavdeling med eigne teknikarar som kan hjelpe med det meste og servicemottak for all heime-elektronikk. &#8230; <\/p>\n<div><a href=\"https:\/\/visitrauland.com\/fristadsenteret\/elkjop\/\" class=\"more-link\">Les Mer<\/a><\/div>\n","protected":false},"author":10,"featured_media":0,"parent":0,"menu_order":0,"comment_status":"closed","ping_status":"closed","template":"","meta":{"_relevanssi_hide_post":"","_relevanssi_hide_content":"","_relevanssi_pin_for_all":"","_relevanssi_pin_keywords":"","_relevanssi_unpin_keywords":"","_relevanssi_related_keywords":"","_relevanssi_related_include_ids":"","_relevanssi_related_exclude_ids":"","_relevanssi_related_no_append":"","_relevanssi_related_not_related":"","_relevanssi_related_posts":"","_relevanssi_noindex_reason":"","seo_booster_metabox":"","footnotes":""},"class_list":["post-1916","page","type-page","status-publish","hentry","no-post-thumbnail"],"yoast_head":"<!-- This site is optimized with the Yoast SEO plugin v27.2 - https:\/\/yoast.com\/product\/yoast-seo-wordpress\/ -->\n<title>Elkj\u00f8p Stormarked Vinje - Fristadsenteret<\/title>\n<meta name=\"robots\" content=\"index, follow, max-snippet:-1, max-image-preview:large, max-video-preview:-1\" \/>\n<link rel=\"canonical\" href=\"https:\/\/visitrauland.com\/fristadsenteret\/elkjop\/\" \/>\n<meta property=\"og:locale\" content=\"nb_NO\" \/>\n<meta property=\"og:type\" content=\"article\" \/>\n<meta property=\"og:title\" content=\"Elkj\u00f8p Stormarked Vinje - Fristadsenteret\" \/>\n<meta property=\"og:description\" content=\"Vest-Telemarks st\u00f8rste elektrobutikk! EPOQ Kj\u00f8kken og vaskerom, kvitevarer, sm\u00e5elektrisk, lyd &amp; bilete, data og telefonar. Me har stort utval av kjende merkjevarer til noregs l\u00e5gaste prisar. P\u00e5 Elkj\u00f8p har du alltid 50 dagars full returrett p\u00e5 alt utanom abonement og mobiltelefonar. I butikken har me serviceavdeling med eigne teknikarar som kan hjelpe med det meste og servicemottak for all heime-elektronikk. ... Les Mer\" \/>\n<meta property=\"og:url\" content=\"https:\/\/visitrauland.com\/fristadsenteret\/elkjop\/\" \/>\n<meta property=\"og:site_name\" content=\"Fristadsenteret\" \/>\n<meta property=\"article:modified_time\" content=\"2020-10-12T10:20:06+00:00\" \/>\n<meta property=\"og:image\" content=\"https:\/\/visitrauland.com\/fristadsenteret\/wp-content\/uploads\/sites\/78\/2019\/02\/fristadsenteret-8743.jpg\" \/>\n<meta name=\"twitter:card\" content=\"summary_large_image\" \/>\n<meta name=\"twitter:label1\" content=\"Ansl. lesetid\" \/>\n\t<meta name=\"twitter:data1\" content=\"2 minutter\" \/>\n<script type=\"application\/ld+json\" class=\"yoast-schema-graph\">{\"@context\":\"https:\/\/schema.org\",\"@graph\":[{\"@type\":\"WebPage\",\"@id\":\"https:\/\/visitrauland.com\/fristadsenteret\/elkjop\/\",\"url\":\"https:\/\/visitrauland.com\/fristadsenteret\/elkjop\/\",\"name\":\"Elkj\u00f8p Stormarked Vinje - Fristadsenteret\",\"isPartOf\":{\"@id\":\"https:\/\/visitrauland.com\/fristadsenteret\/#website\"},\"primaryImageOfPage\":{\"@id\":\"https:\/\/visitrauland.com\/fristadsenteret\/elkjop\/#primaryimage\"},\"image\":{\"@id\":\"https:\/\/visitrauland.com\/fristadsenteret\/elkjop\/#primaryimage\"},\"thumbnailUrl\":\"https:\/\/visitrauland.com\/fristadsenteret\/wp-content\/uploads\/sites\/78\/2019\/02\/fristadsenteret-8743.jpg\",\"datePublished\":\"2019-01-28T13:07:47+00:00\",\"dateModified\":\"2020-10-12T10:20:06+00:00\",\"breadcrumb\":{\"@id\":\"https:\/\/visitrauland.com\/fristadsenteret\/elkjop\/#breadcrumb\"},\"inLanguage\":\"nb-NO\",\"potentialAction\":[{\"@type\":\"ReadAction\",\"target\":[\"https:\/\/visitrauland.com\/fristadsenteret\/elkjop\/\"]}]},{\"@type\":\"ImageObject\",\"inLanguage\":\"nb-NO\",\"@id\":\"https:\/\/visitrauland.com\/fristadsenteret\/elkjop\/#primaryimage\",\"url\":\"https:\/\/visitrauland.com\/fristadsenteret\/wp-content\/uploads\/sites\/78\/2019\/02\/fristadsenteret-8743.jpg\",\"contentUrl\":\"https:\/\/visitrauland.com\/fristadsenteret\/wp-content\/uploads\/sites\/78\/2019\/02\/fristadsenteret-8743.jpg\"},{\"@type\":\"BreadcrumbList\",\"@id\":\"https:\/\/visitrauland.com\/fristadsenteret\/elkjop\/#breadcrumb\",\"itemListElement\":[{\"@type\":\"ListItem\",\"position\":1,\"name\":\"Hjem\",\"item\":\"https:\/\/visitrauland.com\/fristadsenteret\/\"},{\"@type\":\"ListItem\",\"position\":2,\"name\":\"Elkj\u00f8p Stormarked Vinje\"}]},{\"@type\":\"WebSite\",\"@id\":\"https:\/\/visitrauland.com\/fristadsenteret\/#website\",\"url\":\"https:\/\/visitrauland.com\/fristadsenteret\/\",\"name\":\"Fristadsenteret\",\"description\":\"\u00c5mot, Vinje\",\"potentialAction\":[{\"@type\":\"SearchAction\",\"target\":{\"@type\":\"EntryPoint\",\"urlTemplate\":\"https:\/\/visitrauland.com\/fristadsenteret\/?s={search_term_string}\"},\"query-input\":{\"@type\":\"PropertyValueSpecification\",\"valueRequired\":true,\"valueName\":\"search_term_string\"}}],\"inLanguage\":\"nb-NO\"}]}<\/script>\n<!-- \/ Yoast SEO plugin. -->","yoast_head_json":{"title":"Elkj\u00f8p Stormarked Vinje - Fristadsenteret","robots":{"index":"index","follow":"follow","max-snippet":"max-snippet:-1","max-image-preview":"max-image-preview:large","max-video-preview":"max-video-preview:-1"},"canonical":"https:\/\/visitrauland.com\/fristadsenteret\/elkjop\/","og_locale":"nb_NO","og_type":"article","og_title":"Elkj\u00f8p Stormarked Vinje - Fristadsenteret","og_description":"Vest-Telemarks st\u00f8rste elektrobutikk! EPOQ Kj\u00f8kken og vaskerom, kvitevarer, sm\u00e5elektrisk, lyd &amp; bilete, data og telefonar. Me har stort utval av kjende merkjevarer til noregs l\u00e5gaste prisar. P\u00e5 Elkj\u00f8p har du alltid 50 dagars full returrett p\u00e5 alt utanom abonement og mobiltelefonar. I butikken har me serviceavdeling med eigne teknikarar som kan hjelpe med det meste og servicemottak for all heime-elektronikk. ... Les Mer","og_url":"https:\/\/visitrauland.com\/fristadsenteret\/elkjop\/","og_site_name":"Fristadsenteret","article_modified_time":"2020-10-12T10:20:06+00:00","og_image":[{"url":"https:\/\/visitrauland.com\/fristadsenteret\/wp-content\/uploads\/sites\/78\/2019\/02\/fristadsenteret-8743.jpg","type":"","width":"","height":""}],"twitter_card":"summary_large_image","twitter_misc":{"Ansl. lesetid":"2 minutter"},"schema":{"@context":"https:\/\/schema.org","@graph":[{"@type":"WebPage","@id":"https:\/\/visitrauland.com\/fristadsenteret\/elkjop\/","url":"https:\/\/visitrauland.com\/fristadsenteret\/elkjop\/","name":"Elkj\u00f8p Stormarked Vinje - Fristadsenteret","isPartOf":{"@id":"https:\/\/visitrauland.com\/fristadsenteret\/#website"},"primaryImageOfPage":{"@id":"https:\/\/visitrauland.com\/fristadsenteret\/elkjop\/#primaryimage"},"image":{"@id":"https:\/\/visitrauland.com\/fristadsenteret\/elkjop\/#primaryimage"},"thumbnailUrl":"https:\/\/visitrauland.com\/fristadsenteret\/wp-content\/uploads\/sites\/78\/2019\/02\/fristadsenteret-8743.jpg","datePublished":"2019-01-28T13:07:47+00:00","dateModified":"2020-10-12T10:20:06+00:00","breadcrumb":{"@id":"https:\/\/visitrauland.com\/fristadsenteret\/elkjop\/#breadcrumb"},"inLanguage":"nb-NO","potentialAction":[{"@type":"ReadAction","target":["https:\/\/visitrauland.com\/fristadsenteret\/elkjop\/"]}]},{"@type":"ImageObject","inLanguage":"nb-NO","@id":"https:\/\/visitrauland.com\/fristadsenteret\/elkjop\/#primaryimage","url":"https:\/\/visitrauland.com\/fristadsenteret\/wp-content\/uploads\/sites\/78\/2019\/02\/fristadsenteret-8743.jpg","contentUrl":"https:\/\/visitrauland.com\/fristadsenteret\/wp-content\/uploads\/sites\/78\/2019\/02\/fristadsenteret-8743.jpg"},{"@type":"BreadcrumbList","@id":"https:\/\/visitrauland.com\/fristadsenteret\/elkjop\/#breadcrumb","itemListElement":[{"@type":"ListItem","position":1,"name":"Hjem","item":"https:\/\/visitrauland.com\/fristadsenteret\/"},{"@type":"ListItem","position":2,"name":"Elkj\u00f8p Stormarked Vinje"}]},{"@type":"WebSite","@id":"https:\/\/visitrauland.com\/fristadsenteret\/#website","url":"https:\/\/visitrauland.com\/fristadsenteret\/","name":"Fristadsenteret","description":"\u00c5mot, Vinje","potentialAction":[{"@type":"SearchAction","target":{"@type":"EntryPoint","urlTemplate":"https:\/\/visitrauland.com\/fristadsenteret\/?s={search_term_string}"},"query-input":{"@type":"PropertyValueSpecification","valueRequired":true,"valueName":"search_term_string"}}],"inLanguage":"nb-NO"}]}},"_links":{"self":[{"href":"https:\/\/visitrauland.com\/fristadsenteret\/wp-json\/wp\/v2\/pages\/1916","targetHints":{"allow":["GET"]}}],"collection":[{"href":"https:\/\/visitrauland.com\/fristadsenteret\/wp-json\/wp\/v2\/pages"}],"about":[{"href":"https:\/\/visitrauland.com\/fristadsenteret\/wp-json\/wp\/v2\/types\/page"}],"author":[{"embeddable":true,"href":"https:\/\/visitrauland.com\/fristadsenteret\/wp-json\/wp\/v2\/users\/10"}],"replies":[{"embeddable":true,"href":"https:\/\/visitrauland.com\/fristadsenteret\/wp-json\/wp\/v2\/comments?post=1916"}],"version-history":[{"count":4,"href":"https:\/\/visitrauland.com\/fristadsenteret\/wp-json\/wp\/v2\/pages\/1916\/revisions"}],"predecessor-version":[{"id":2156,"href":"https:\/\/visitrauland.com\/fristadsenteret\/wp-json\/wp\/v2\/pages\/1916\/revisions\/2156"}],"wp:attachment":[{"href":"https:\/\/visitrauland.com\/fristadsenteret\/wp-json\/wp\/v2\/media?parent=1916"}],"curies":[{"name":"wp","href":"https:\/\/api.w.org\/{rel}","templated":true}]}}