{"id":339,"date":"2017-10-30T18:03:03","date_gmt":"2017-10-30T17:03:03","guid":{"rendered":"https:\/\/visitrauland.com\/folkemusikkscena\/?page_id=339"},"modified":"2026-01-09T15:06:14","modified_gmt":"2026-01-09T14:06:14","slug":"folkemusikkscena","status":"publish","type":"page","link":"https:\/\/visitrauland.com\/folkemusikkscena\/","title":{"rendered":"Folkemusikkscena p\u00e5 Rauland"},"content":{"rendered":"<div id=\"cs-content\" class=\"cs-content\"><style>.lazy-loader-background-element-1.lazyloaded{ background-image: url(https:\/\/visitrauland.com\/folkemusikkscena\/wp-content\/uploads\/sites\/114\/2024\/07\/arestoga-1920-700_1721215977-scaled.jpg); background-color: transparent; }<\/style><noscript><style>.lazy-loader-background-element-1.lazyload{ background-image: url(https:\/\/visitrauland.com\/folkemusikkscena\/wp-content\/uploads\/sites\/114\/2024\/07\/arestoga-1920-700_1721215977-scaled.jpg); background-color: transparent; }<\/style><\/noscript><div id=\"x-section-1\" class=\"x-section cs-ta-left bg-image lazyload lazy-loader-background-element-1 \" style=\"margin: 0px;padding: 0px;  \" data-x-element=\"section\" data-x-params=\"{&quot;type&quot;:&quot;image&quot;,&quot;parallax&quot;:false}\"><div id class=\"x-container max width\" style=\"margin: 0px 0 0px auto;padding: 0px;\"><div class=\"x-column x-sm x-1-1\" style=\"padding: 45px 0px;\"><hr class=\"x-gap\" style=\"margin: 250px 0 0 0;\"><\/div><\/div><div id class=\"x-container max width\" style=\"margin: 0px auto;padding: 0px;\"><div class=\"x-column x-sm x-1-1 e339-e6 m9f-0\"><div class=\"x-text x-text-headline e339-e7 m9f-1\"><div class=\"x-text-content\"><div class=\"x-text-content-text\"><h1 class=\"x-text-content-text-primary\"><h1><span style=\"color: #ffffff; filter: drop-shadow(3px 3px 4px #000000);\">Folkemusikkscena p\u00e5 Rauland <\/span><\/h1><\/h1>\n<\/div><\/div><\/div><hr class=\"x-gap\" style=\"margin: 60px 0 0 0;\"><\/div><\/div><\/div><div id=\"x-section-2\" class=\"x-section\" style=\"margin: 0px;padding: 45px 0px; background-color: transparent;\"><div id class=\"x-container max width\" style=\"margin: 0px auto;padding: 0px;\"><div class=\"x-column x-sm x-2-3\" style=\"padding: 0px;\"><div id class=\"x-text\" style><p style=\"font-weight: 400;\"><strong>Folkemusikkscena p\u00e5 Rauland ynskjer \u00e5 vera ein god og attraktiv konsertarena for ut\u00f8varar og publikum og ein sentral, regional akt\u00f8r i vidaref\u00f8ring og vidareutvikling av folkemusikken og dansen. <\/strong><\/p>\n<p style=\"font-weight: 400;\">Scena er prim\u00e6rt ein konsertarena for den tradisjonelle norske folkemusikken, men kan samstundes presentere nye, grensesprengjande og sjangeroverskridande uttrykk. Scena skal og vera eit forum der det er plass for andre land sin folkemusikk.<\/p>\n<p style=\"font-weight: 400;\">Velkomen p\u00e5 konsert \u2013 ca. ein gong i m\u00e5naden!<\/p>\n<p><span>Folkemusikkscena p\u00e5 Rauland arrangerar konsertar med st\u00f8nad fr\u00e5 Vinje kommune og Kulturdirektoratet.<\/span><\/p>\n<\/div><\/div><div class=\"x-column x-sm x-1-3\" style=\"padding: 0px 0px 45px;\"><noscript><img decoding=\"async\" class=\"x-img x-img-none\" src=\"https:\/\/visitrauland.com\/folkemusikkscena\/wp-content\/uploads\/sites\/114\/2024\/07\/Bachelor_i_tradisjonskunst_instrumentmaking_USN_05174_1920_Foto_Ingvild_Stokka_1920_1721216111.jpg\"><\/noscript><img decoding=\"async\" class=\"x-img x-img-none lazyload\" src=\"data:image\/gif;base64,R0lGODlhAQABAIAAAAAAAP\/\/\/yH5BAEAAAAALAAAAAABAAEAAAIBRAA7\" data-src=\"https:\/\/visitrauland.com\/folkemusikkscena\/wp-content\/uploads\/sites\/114\/2024\/07\/Bachelor_i_tradisjonskunst_instrumentmaking_USN_05174_1920_Foto_Ingvild_Stokka_1920_1721216111.jpg\"><span class=\"x-image e339-e15 m9f-2\"><noscript><img decoding=\"async\" src=\"https:\/\/visitrauland.com\/folkemusikkscena\/wp-content\/uploads\/sites\/114\/2024\/07\/Vinjesalen-dans-foto-Ingrid-Hamberg_1920_1721216114.jpg\" width=\"960\" height=\"540\" alt=\"Dansende par og bandoppvisning med livemusikk p\u00e5 en scene i et fargerikt lokale.\"><\/noscript><img decoding=\"async\" src=\"data:image\/svg+xml,%3Csvg%20xmlns%3D%22http%3A%2F%2Fwww.w3.org%2F2000%2Fsvg%22%20viewBox%3D%220%200%20960%20540%22%3E%3C%2Fsvg%3E\" width=\"960\" height=\"540\" alt=\"Dansende par og bandoppvisning med livemusikk p\u00e5 en scene i et fargerikt lokale.\" data-src=\"https:\/\/visitrauland.com\/folkemusikkscena\/wp-content\/uploads\/sites\/114\/2024\/07\/Vinjesalen-dans-foto-Ingrid-Hamberg_1920_1721216114.jpg\" class=\" lazyload\"><\/span><\/div><\/div><\/div><div class=\"x-section e339-e16 m9f-3 m9f-4\"><div class=\"x-row x-container max width e339-e17 m9f-6 m9f-7 m9f-9\"><div class=\"x-row-inner\"><div class=\"x-col e339-e18 m9f-b\"><!-- The Grid Plugin Version 2.8.1 --><div class=\"tg-error-msg\" data-grid-name=\"Event Cards\">Ikke noe nytt \u00e5 vise akkurat n\u00e5.\n<\/div><\/div><\/div><\/div><\/div><div id=\"x-section-3\" class=\"x-section\" style=\"margin: 0px;padding: 9px 0px 45px; background-color: transparent;\"><div id class=\"x-container max width\" style=\"margin: 0px auto;padding: 0px;\"><div class=\"x-column x-sm x-1-1\" style=\"padding: 0px;\"><h2 class=\"h-custom-headline h3\"><span>Aktuelt<\/span><\/h2><hr class=\"x-gap\" style=\"margin: 50px 0 0 0;\"><!-- The Grid Plugin Version 2.8.1 --><!-- The Grid Wrapper Start --><div class=\"tg-grid-wrapper tg-grid-loading tg-txt\" id=\"grid-367\" data-version=\"2.8.1\"><!-- The Grid Styles --><style class=\"tg-grid-styles\" type=\"text\/css\">#grid-367 .tg-nav-color:not(.dots):not(.tg-dropdown-value):not(.tg-dropdown-title):hover,#grid-367 .tg-nav-color:hover .tg-nav-color,#grid-367 .tg-page-number.tg-page-current,#grid-367 .tg-filter.tg-filter-active span{color:#ff6863}#grid-367 .tg-filter:before,#grid-367 .tg-filter.tg-filter-active:before{color:#999999}#grid-367 .tg-dropdown-holder,#grid-367 .tg-search-inner,#grid-367 .tg-sorter-order{border:1px solid #DDDDDD}#grid-367 .tg-search-clear,#grid-367 .tg-search-clear:hover{border:none;border-left:1px solid #DDDDDD}.tg-txt .tg-nav-font,.tg-txt input[type=text].tg-search{font-size:14px;font-weight:600}.tg-txt .tg-search::-webkit-input-placeholder{font-size:14px}.tg-txt .tg-search::-moz-placeholder{font-size:14px}.tg-txt .tg-search:-ms-input-placeholder{font-size:14px}.tg-txt .tg-icon-left-arrow:before{content:\"\\e604\";font-size:32px;font-weight:100}.tg-txt .tg-icon-right-arrow:before{content:\"\\e602\";font-size:32px;font-weight:100}.tg-txt .tg-icon-dropdown-open:before,.tg-txt .tg-icon-sorter-down:before{content:\"\\e60a\"}.tg-txt .tg-icon-sorter-up:before{content:\"\\e609\"}.tg-txt .tg-search-clear:before{content:\"\\e611\";font-weight:300}.tg-txt .tg-search-icon:before{content:\"\\e62e\";font-size:16px;font-weight:600}#grid-367 .tg-nav-color,#grid-367 .tg-search-icon:hover:before,#grid-367 .tg-search-icon:hover input,#grid-367 .tg-disabled:hover .tg-icon-left-arrow,#grid-367 .tg-disabled:hover .tg-icon-right-arrow,#grid-367 .tg-dropdown-title.tg-nav-color:hover{color:#999999}#grid-367 input.tg-search:hover{color:#999999 !important}#grid-367 input.tg-search::-webkit-input-placeholder{color:#999999}#grid-367 input.tg-search::-moz-placeholder{color:#999999;opacity:1}#grid-367 input.tg-search:-ms-input-placeholder{color:#999999}.grid-367 .tg-dropdown-item{color:#777777;background:#ffffff}.grid-367 .tg-filter-active,.grid-367 .tg-dropdown-item:hover{color:#444444;background:#f5f6fa}#grid-367 .tg-slider-bullets li.tg-active-item span{background:#59585b}#grid-367 .tg-slider-bullets li span{background:#DDDDDD}.tg-visit-rauland-front-2 a:not([class*=\"tg-element-\"]),.tg-visit-rauland-front-2 a:not([class*=\"tg-element-\"]):active,.tg-visit-rauland-front-2 a:not([class*=\"tg-element-\"]):focus,.tg-visit-rauland-front-2 [class*=\"tg-element-\"] *:not(del){margin:0;padding:0;color:inherit !important;text-align:inherit;font-size:inherit;font-style:inherit;line-height:inherit;font-weight:inherit;text-transform:inherit;text-decoration:inherit;-webkit-box-shadow:none;box-shadow:none;border:none}.tg-visit-rauland-front-2 [class*=\"tg-element-\"],.tg-visit-rauland-front-2 .tg-item-overlay,.tg-visit-rauland-front-2 .tg-center-holder,.tg-visit-rauland-front-2 .tg-center-inner > *{vertical-align:middle}.tg-visit-rauland-front-2 .tg-item-content-holder[data-position=\"bottom\"]{position:relative;min-height:1px;display:block}.tg-visit-rauland-front-2 .tg-element-1{position:relative;font-size:20px;line-height:24px;font-weight:400;display:block;margin:0;padding:15px 0 8px}.tg-visit-rauland-front-2 .tg-element-2{position:relative;font-size:13px;line-height:22px;font-weight:400;display:block;margin:0 0 10px;padding:0}.tg-visit-rauland-front-2 .tg-element-3{position:relative;font-size:13px;line-height:22px;font-weight:600;text-transform:uppercase;text-align:center;display:inline-block;margin:0 0 8px}.tg-item .tg-dark div,.tg-item .tg-dark h1,.tg-item .tg-dark h1 a,.tg-item .tg-dark h2,.tg-item .tg-dark h2 a,.tg-item .tg-dark h3,.tg-item .tg-dark h3 a,.tg-item .tg-dark h4,.tg-item .tg-dark h4 a,.tg-item .tg-dark h5,.tg-item .tg-dark h5 a,.tg-item .tg-dark h6,.tg-item .tg-dark h6 a,.tg-item .tg-dark a,.tg-item .tg-dark a.tg-link-url,.tg-item .tg-dark i,.tg-item .tg-dark .tg-media-button,.tg-item .tg-dark .tg-item-price span{color:#444444;fill:#444444;stroke:#444444;border-color:#444444}.tg-item .tg-dark p,.tg-item .tg-dark ol,.tg-item .tg-dark ul,.tg-item .tg-dark li{color:#777777;fill:#777777;stroke:#777777;border-color:#777777}.tg-item .tg-dark span,.tg-item .tg-dark .no-liked .to-heart-icon path,.tg-item .tg-dark .empty-heart .to-heart-icon path,.tg-item .tg-dark .tg-item-comment i,.tg-item .tg-dark .tg-item-price del span{color:#999999;fill:#999999;stroke:#999999;border-color:#999999}.tg-item .tg-light div,.tg-item .tg-light h1,.tg-item .tg-light h1 a,.tg-item .tg-light h2,.tg-item .tg-light h2 a,.tg-item .tg-light h3,.tg-item .tg-light h3 a,.tg-item .tg-light h4,.tg-item .tg-light h4 a,.tg-item .tg-light h5,.tg-item .tg-light h5 a,.tg-item .tg-light h6,.tg-item .tg-light h6 a,.tg-item .tg-light a,.tg-item .tg-light a.tg-link-url,.tg-item .tg-light i,.tg-item .tg-light .tg-media-button,.tg-item .tg-light .tg-item-price span{color:#ffffff;fill:#ffffff;stroke:#ffffff;border-color:#ffffff}.tg-item .tg-light p,.tg-item .tg-light ol,.tg-item .tg-light ul,.tg-item .tg-light li{color:#f5f5f5;fill:#f5f5f5;stroke:#f5f5f5;border-color:#f5f5f5}.tg-item .tg-light span,.tg-item .tg-light .no-liked .to-heart-icon path,.tg-item .tg-light .empty-heart .to-heart-icon path,.tg-item .tg-light .tg-item-comment i,.tg-item .tg-light .tg-item-price del span{color:#f6f6f6;fill:#f6f6f6;stroke:#f6f6f6;border-color:#f6f6f6}#grid-367 .tg-item-content-holder{background-color:#ffffff}#grid-367 .tg-item-overlay{background-color:rgba(22,22,22,0.65)}<\/style><!-- The Grid Item Sizer --><div class=\"tg-grid-sizer\"><\/div><!-- The Grid Gutter Sizer --><div class=\"tg-gutter-sizer\"><\/div><!-- The Grid Items Holder --><div class=\"tg-grid-holder tg-layout-masonry\" data-name=\"Aktuelt - forside\" data-style=\"masonry\" data-row=\"1\" data-layout=\"vertical\" data-rtl data-fitrows=\"1\" data-filtercomb data-filterlogic=\"AND\" data-filterload data-sortbyload data-orderload=\"false\" data-fullwidth data-fullheight=\"null\" data-gutters=\"[[320,28],[480,28],[768,28],[980,28],[1200,28],[9999,28]]\" data-slider=\"{&quot;itemNav&quot;:&quot;null&quot;,&quot;swingSpeed&quot;:0.1,&quot;cycleBy&quot;:&quot;null&quot;,&quot;cycle&quot;:5000,&quot;startAt&quot;:1}\" data-ratio=\"1.00\" data-cols=\"[[320,1],[480,1],[768,2],[980,3],[1200,3],[9999,4]]\" data-rows=\"[[320,200],[480,200],[768,220],[980,220],[1200,240],[9999,240]]\" data-animation=\"{&quot;name&quot;:&quot;From Right Flip Y&quot;,&quot;visible&quot;:&quot;perspective(2000px) translateY(0) rotate3d(0,1,0,0deg) scale(1)&quot;,&quot;hidden&quot;:&quot;translateX(100px) rotate3d(0,1,0,90deg) scale(0.8)&quot;}\" data-transition=\"700ms\" data-ajaxmethod=\"load_more\" data-ajaxdelay=\"100\" data-preloader=\"1\" data-itemdelay=\"100\" data-gallery data-ajax><!-- The Grid item #1 --><article class=\"tg-item tg-post-2147 tg-visit-rauland-front-2 f14 tg-item-reveal\" data-row=\"1\" data-col=\"1\"><div class=\"tg-item-inner\"><div class=\"tg-item-media-holder tg-light\"><div class=\"tg-item-media-inner\"><noscript><img decoding=\"async\" class=\"tg-item-image\" alt=\"Mennesker i en trehytte deltar p\u00e5 et arrangement, ser fremover med interesse og oppmerksomhet.\" width=\"1920\" height=\"1080\" src=\"https:\/\/visitrauland.com\/folkemusikkscena\/wp-content\/uploads\/sites\/114\/2024\/07\/Arestoga-2018-foto-Ingrid-Hamberg_1920_1721216118.jpg\"><\/noscript><img decoding=\"async\" class=\"tg-item-image lazyload\" alt=\"Mennesker i en trehytte deltar p\u00e5 et arrangement, ser fremover med interesse og oppmerksomhet.\" width=\"1920\" height=\"1080\" src=\"data:image\/svg+xml,%3Csvg%20xmlns%3D%22http%3A%2F%2Fwww.w3.org%2F2000%2Fsvg%22%20viewBox%3D%220%200%201920%201080%22%3E%3C%2Fsvg%3E\" data-src=\"https:\/\/visitrauland.com\/folkemusikkscena\/wp-content\/uploads\/sites\/114\/2024\/07\/Arestoga-2018-foto-Ingrid-Hamberg_1920_1721216118.jpg\"><\/div><div class=\"tg-item-media-content \"><a class=\"tg-element-absolute\" target=\"_self\" href=\"https:\/\/visitrauland.com\/folkemusikkscena\/vinter-var-2026\/\"><\/a><\/div><\/div><div class=\"tg-item-content-holder tg-dark image-format\" data-position=\"bottom\"><h2 class=\"tg-item-title tg-element-1\"><a target=\"_self\" href=\"https:\/\/visitrauland.com\/folkemusikkscena\/vinter-var-2026\/\">Konsertprogram Vinter\/V\u00e5r 2026<\/a><\/h2><p class=\"tg-item-excerpt tg-element-2\"><a target=\"_self\" href=\"https:\/\/visitrauland.com\/folkemusikkscena\/vinter-var-2026\/\">Folkemusikkscena p\u00e5 Rauland byr p\u00e5 mange flotte konsertar ogs\u00e5 neste sesong! 21. januar Ida Meidell og Johan Hedin11.-15. februar Rauland Vinterfestival4. mars Viktor Wilhelmsen15. april Ed\u00e9n\/Kvifte\/Nesheim6....<\/a><\/p><div class=\"tg-element-3\"><a target=\"_self\" href=\"https:\/\/visitrauland.com\/folkemusikkscena\/vinter-var-2026\/\">Les mer &rarr;<\/a><\/div><div class=\"tg-item-clear\"><\/div><\/div><\/div><\/article><\/div><div class=\"tg-grid-preloader\"><style class=\"tg-grid-preloader-styles\" type=\"text\/css\">@-webkit-keyframes square-grid-pulse{0%{-webkit-transform:scale(1);transform:scale(1)}50%{-webkit-transform:scale(.5);transform:scale(.5);opacity:.7}100%{-webkit-transform:scale(1);transform:scale(1);opacity:1}}@keyframes square-grid-pulse{0%{-webkit-transform:scale(1);transform:scale(1)}50%{-webkit-transform:scale(.5);transform:scale(.5);opacity:.7}100%{-webkit-transform:scale(1);transform:scale(1);opacity:1}}.square-grid-pulse{width:57px}.square-grid-pulse>div:nth-child(1){-webkit-animation-delay:.73s;animation-delay:.73s;-webkit-animation-duration:1.3s;animation-duration:1.3s}.square-grid-pulse>div:nth-child(2){-webkit-animation-delay:.32s;animation-delay:.32s;-webkit-animation-duration:1.3s;animation-duration:1.3s}.square-grid-pulse>div:nth-child(3){-webkit-animation-delay:.71s;animation-delay:.71s;-webkit-animation-duration:.88s;animation-duration:.88s}.square-grid-pulse>div:nth-child(4){-webkit-animation-delay:.62s;animation-delay:.62s;-webkit-animation-duration:1.06s;animation-duration:1.06s}.square-grid-pulse>div:nth-child(5){-webkit-animation-delay:.31s;animation-delay:.31s;-webkit-animation-duration:.62s;animation-duration:.62s}.square-grid-pulse>div:nth-child(6){-webkit-animation-delay:-.14s;animation-delay:-.14s;-webkit-animation-duration:1.48s;animation-duration:1.48s}.square-grid-pulse>div:nth-child(7){-webkit-animation-delay:-.1s;animation-delay:-.1s;-webkit-animation-duration:1.47s;animation-duration:1.47s}.square-grid-pulse>div:nth-child(8){-webkit-animation-delay:.4s;animation-delay:.4s;-webkit-animation-duration:1.49s;animation-duration:1.49s}.square-grid-pulse>div:nth-child(9){-webkit-animation-delay:.73s;animation-delay:.73s;-webkit-animation-duration:.7s;animation-duration:.7s}.square-grid-pulse>div{display:inline-block;float:left;width:15px;height:15px;margin:2px;-webkit-animation-fill-mode:both;animation-fill-mode:both;-webkit-animation-name:square-grid-pulse;animation-name:square-grid-pulse;-webkit-animation-iteration-count:infinite;animation-iteration-count:infinite;-webkit-animation-delay:0;animation-delay:0}#grid-367 .tg-grid-preloader-inner>div{background:#f05929}#grid-367 .tg-grid-preloader-scale{transform:scale(1)}<\/style><div class=\"tg-grid-preloader-holder\"><div class=\"tg-grid-preloader-scale\"><div class=\"tg-grid-preloader-inner square-grid-pulse\"><div><\/div><div><\/div><div><\/div><div><\/div><div><\/div><div><\/div><div><\/div><div><\/div><div><\/div><\/div><\/div><\/div><\/div><\/div><!-- The Grid Wrapper End --><\/div><\/div><\/div><div class=\"x-section e339-e26 m9f-3 m9f-5\"><div class=\"x-row x-container max width e339-e27 m9f-6 m9f-8 m9f-a\"><div class=\"x-row-inner\"><div class=\"x-col e339-e28 m9f-b\"><div id class=\"x-text\" style><p><b>Tekst&nbsp;<\/b><\/p>\n<\/div><\/div><div class=\"x-col e339-e30 m9f-b\"><hr class=\"x-gap x-hide-md x-hide-sm x-hide-xs\" style=\"margin: 50px 0 0 0;\"><span class=\"x-image e339-e32 m9f-2\"><noscript><img decoding=\"async\" src alt=\"Image\"><\/noscript><img decoding=\"async\" src=\"data:image\/gif;base64,R0lGODlhAQABAIAAAAAAAP\/\/\/yH5BAEAAAAALAAAAAABAAEAAAIBRAA7\" alt=\"Image\" data-src class=\" lazyload\"><\/span><\/div><\/div><\/div><\/div><\/div>\n","protected":false},"excerpt":{"rendered":"<p>Folkemusikkscena p\u00e5 Rauland Folkemusikkscena p\u00e5 Rauland ynskjer \u00e5 vera ein god og attraktiv konsertarena for ut\u00f8varar og publikum og ein sentral, regional akt\u00f8r i vidaref\u00f8ring og vidareutvikling av folkemusikken og dansen. Scena er prim\u00e6rt ein konsertarena for den tradisjonelle norske folkemusikken, men kan samstundes presentere nye, grensesprengjande og sjangeroverskridande uttrykk. Scena skal og vera eit forum der det er plass &#8230; <\/p>\n<div><a href=\"https:\/\/visitrauland.com\/folkemusikkscena\/vinter-var-2026\/\" class=\"more-link\">Les Mer<\/a><\/div>\n","protected":false},"author":3,"featured_media":0,"parent":0,"menu_order":0,"comment_status":"closed","ping_status":"closed","template":"template-sites.php","meta":{"_relevanssi_hide_post":"","_relevanssi_hide_content":"","_relevanssi_pin_for_all":"","_relevanssi_pin_keywords":"","_relevanssi_unpin_keywords":"","_relevanssi_related_keywords":"","_relevanssi_related_include_ids":"","_relevanssi_related_exclude_ids":"","_relevanssi_related_no_append":"","_relevanssi_related_not_related":"","_relevanssi_related_posts":"2147","_relevanssi_noindex_reason":"","seo_booster_metabox":"","footnotes":""},"class_list":["post-339","page","type-page","status-publish","hentry","no-post-thumbnail"],"yoast_head":"<!-- This site is optimized with the Yoast SEO plugin v27.2 - https:\/\/yoast.com\/product\/yoast-seo-wordpress\/ -->\n<title>Folkemusikkscena p\u00e5 Rauland - Folkemusikkscena p\u00e5 Rauland<\/title>\n<meta name=\"robots\" content=\"noindex, follow, max-snippet:-1, max-image-preview:large, max-video-preview:-1\" \/>\n<meta property=\"og:locale\" content=\"nb_NO\" \/>\n<meta property=\"og:type\" content=\"article\" \/>\n<meta property=\"og:title\" content=\"Folkemusikkscena p\u00e5 Rauland - Folkemusikkscena p\u00e5 Rauland\" \/>\n<meta property=\"og:description\" content=\"Folkemusikkscena p\u00e5 Rauland Folkemusikkscena p\u00e5 Rauland ynskjer \u00e5 vera ein god og attraktiv konsertarena for ut\u00f8varar og publikum og ein sentral, regional akt\u00f8r i vidaref\u00f8ring og vidareutvikling av folkemusikken og dansen. Scena er prim\u00e6rt ein konsertarena for den tradisjonelle norske folkemusikken, men kan samstundes presentere nye, grensesprengjande og sjangeroverskridande uttrykk. Scena skal og vera eit forum der det er plass ... Les Mer\" \/>\n<meta property=\"og:url\" content=\"https:\/\/visitrauland.com\/folkemusikkscena\/\" \/>\n<meta property=\"og:site_name\" content=\"Folkemusikkscena p\u00e5 Rauland\" \/>\n<meta property=\"article:modified_time\" content=\"2026-01-09T14:06:14+00:00\" \/>\n<meta name=\"twitter:card\" content=\"summary_large_image\" \/>\n<meta name=\"twitter:label1\" content=\"Ansl. lesetid\" \/>\n\t<meta name=\"twitter:data1\" content=\"3 minutter\" \/>\n<script type=\"application\/ld+json\" class=\"yoast-schema-graph\">{\"@context\":\"https:\/\/schema.org\",\"@graph\":[{\"@type\":\"WebPage\",\"@id\":\"https:\/\/visitrauland.com\/folkemusikkscena\/\",\"url\":\"https:\/\/visitrauland.com\/folkemusikkscena\/\",\"name\":\"Folkemusikkscena p\u00e5 Rauland - Folkemusikkscena p\u00e5 Rauland\",\"isPartOf\":{\"@id\":\"https:\/\/visitrauland.com\/folkemusikkscena\/#website\"},\"datePublished\":\"2017-10-30T17:03:03+00:00\",\"dateModified\":\"2026-01-09T14:06:14+00:00\",\"breadcrumb\":{\"@id\":\"https:\/\/visitrauland.com\/folkemusikkscena\/#breadcrumb\"},\"inLanguage\":\"nb-NO\",\"potentialAction\":[{\"@type\":\"ReadAction\",\"target\":[\"https:\/\/visitrauland.com\/folkemusikkscena\/\"]}]},{\"@type\":\"BreadcrumbList\",\"@id\":\"https:\/\/visitrauland.com\/folkemusikkscena\/#breadcrumb\",\"itemListElement\":[{\"@type\":\"ListItem\",\"position\":1,\"name\":\"Hjem\",\"item\":\"https:\/\/visitrauland.com\/folkemusikkscena\/\"},{\"@type\":\"ListItem\",\"position\":2,\"name\":\"Folkemusikkscena p\u00e5 Rauland\"}]},{\"@type\":\"WebSite\",\"@id\":\"https:\/\/visitrauland.com\/folkemusikkscena\/#website\",\"url\":\"https:\/\/visitrauland.com\/folkemusikkscena\/\",\"name\":\"Folkemusikkscena p\u00e5 Rauland\",\"description\":\"Slagord\",\"potentialAction\":[{\"@type\":\"SearchAction\",\"target\":{\"@type\":\"EntryPoint\",\"urlTemplate\":\"https:\/\/visitrauland.com\/folkemusikkscena\/?s={search_term_string}\"},\"query-input\":{\"@type\":\"PropertyValueSpecification\",\"valueRequired\":true,\"valueName\":\"search_term_string\"}}],\"inLanguage\":\"nb-NO\"}]}<\/script>\n<!-- \/ Yoast SEO plugin. -->","yoast_head_json":{"title":"Folkemusikkscena p\u00e5 Rauland - Folkemusikkscena p\u00e5 Rauland","robots":{"index":"noindex","follow":"follow","max-snippet":"max-snippet:-1","max-image-preview":"max-image-preview:large","max-video-preview":"max-video-preview:-1"},"og_locale":"nb_NO","og_type":"article","og_title":"Folkemusikkscena p\u00e5 Rauland - Folkemusikkscena p\u00e5 Rauland","og_description":"Folkemusikkscena p\u00e5 Rauland Folkemusikkscena p\u00e5 Rauland ynskjer \u00e5 vera ein god og attraktiv konsertarena for ut\u00f8varar og publikum og ein sentral, regional akt\u00f8r i vidaref\u00f8ring og vidareutvikling av folkemusikken og dansen. Scena er prim\u00e6rt ein konsertarena for den tradisjonelle norske folkemusikken, men kan samstundes presentere nye, grensesprengjande og sjangeroverskridande uttrykk. Scena skal og vera eit forum der det er plass ... Les Mer","og_url":"https:\/\/visitrauland.com\/folkemusikkscena\/","og_site_name":"Folkemusikkscena p\u00e5 Rauland","article_modified_time":"2026-01-09T14:06:14+00:00","twitter_card":"summary_large_image","twitter_misc":{"Ansl. lesetid":"3 minutter"},"schema":{"@context":"https:\/\/schema.org","@graph":[{"@type":"WebPage","@id":"https:\/\/visitrauland.com\/folkemusikkscena\/","url":"https:\/\/visitrauland.com\/folkemusikkscena\/","name":"Folkemusikkscena p\u00e5 Rauland - Folkemusikkscena p\u00e5 Rauland","isPartOf":{"@id":"https:\/\/visitrauland.com\/folkemusikkscena\/#website"},"datePublished":"2017-10-30T17:03:03+00:00","dateModified":"2026-01-09T14:06:14+00:00","breadcrumb":{"@id":"https:\/\/visitrauland.com\/folkemusikkscena\/#breadcrumb"},"inLanguage":"nb-NO","potentialAction":[{"@type":"ReadAction","target":["https:\/\/visitrauland.com\/folkemusikkscena\/"]}]},{"@type":"BreadcrumbList","@id":"https:\/\/visitrauland.com\/folkemusikkscena\/#breadcrumb","itemListElement":[{"@type":"ListItem","position":1,"name":"Hjem","item":"https:\/\/visitrauland.com\/folkemusikkscena\/"},{"@type":"ListItem","position":2,"name":"Folkemusikkscena p\u00e5 Rauland"}]},{"@type":"WebSite","@id":"https:\/\/visitrauland.com\/folkemusikkscena\/#website","url":"https:\/\/visitrauland.com\/folkemusikkscena\/","name":"Folkemusikkscena p\u00e5 Rauland","description":"Slagord","potentialAction":[{"@type":"SearchAction","target":{"@type":"EntryPoint","urlTemplate":"https:\/\/visitrauland.com\/folkemusikkscena\/?s={search_term_string}"},"query-input":{"@type":"PropertyValueSpecification","valueRequired":true,"valueName":"search_term_string"}}],"inLanguage":"nb-NO"}]}},"_links":{"self":[{"href":"https:\/\/visitrauland.com\/folkemusikkscena\/wp-json\/wp\/v2\/pages\/339","targetHints":{"allow":["GET"]}}],"collection":[{"href":"https:\/\/visitrauland.com\/folkemusikkscena\/wp-json\/wp\/v2\/pages"}],"about":[{"href":"https:\/\/visitrauland.com\/folkemusikkscena\/wp-json\/wp\/v2\/types\/page"}],"author":[{"embeddable":true,"href":"https:\/\/visitrauland.com\/folkemusikkscena\/wp-json\/wp\/v2\/users\/3"}],"replies":[{"embeddable":true,"href":"https:\/\/visitrauland.com\/folkemusikkscena\/wp-json\/wp\/v2\/comments?post=339"}],"version-history":[{"count":16,"href":"https:\/\/visitrauland.com\/folkemusikkscena\/wp-json\/wp\/v2\/pages\/339\/revisions"}],"predecessor-version":[{"id":2150,"href":"https:\/\/visitrauland.com\/folkemusikkscena\/wp-json\/wp\/v2\/pages\/339\/revisions\/2150"}],"wp:attachment":[{"href":"https:\/\/visitrauland.com\/folkemusikkscena\/wp-json\/wp\/v2\/media?parent=339"}],"curies":[{"name":"wp","href":"https:\/\/api.w.org\/{rel}","templated":true}]}}