{"id":339,"date":"2017-10-30T18:03:03","date_gmt":"2017-10-30T18:03:03","guid":{"rendered":"https:\/\/visitrauland.com\/coop-prix-rauland\/?page_id=339"},"modified":"2026-01-08T16:08:21","modified_gmt":"2026-01-08T15:08:21","slug":"subpage-demo","status":"publish","type":"page","link":"https:\/\/visitrauland.com\/extra-rauland\/","title":{"rendered":"Extra Rauland"},"content":{"rendered":"<div id=\"cs-content\" class=\"cs-content\"><div id=\"x-section-1\" class=\"x-section\" style=\"margin: 0px;padding: 0px; background-color: transparent;\"><div id class=\"x-container\" style=\"margin: 0px auto;padding: 0px;\"><div class=\"x-column x-sm x-1-1\" style=\"padding: 0px;\">\n\t\t\t<!-- START Coop prix REVOLUTION SLIDER 6.7.41 --><p class=\"rs-p-wp-fix\"><\/p>\n\t\t\t<rs-module-wrap id=\"rev_slider_10_1_wrapper\" data-source=\"gallery\" style=\"visibility:hidden;background:transparent;padding:0;margin:0px auto;margin-top:0;margin-bottom:0;\">\n\t\t\t\t<rs-module id=\"rev_slider_10_1\" style data-version=\"6.7.41\">\n\t\t\t\t\t<rs-slides style=\"overflow: hidden; position: absolute;\">\n\t\t\t\t\t\t<rs-slide style=\"position: absolute;\" data-key=\"rs-28\" data-title=\"Feriepakker\" data-invisible=\"true\" data-anim=\"adpr:false;ms:1500;\" data-in=\"o:1;x:(100%);\" data-out=\"a:false;\">\n\t\t\t\t\t\t\t<noscript><img decoding=\"async\" src=\"\/\/visitrauland.com\/extra-rauland\/wp-content\/plugins\/revslider\/sr6\/assets\/assets\/dummy.png\" alt=\"Inngang til Extra dagligvarebutikk med \u00e5pningstider p\u00e5 fasaden, omgitt av reklameplakater.\" title=\"20220617_222238\" width=\"2560\" height=\"1377\" class=\"rev-slidebg tp-rs-img rs-lazyload\" data-lazyload=\"\/\/visitrauland.com\/extra-rauland\/wp-content\/uploads\/sites\/30\/2022\/06\/20220617_222238-scaled.jpg\" data-parallax=\"10\" data-no-retina><\/noscript><img decoding=\"async\" src=\"data:image\/svg+xml,%3Csvg%20xmlns%3D%22http%3A%2F%2Fwww.w3.org%2F2000%2Fsvg%22%20viewBox%3D%220%200%202560%201377%22%3E%3C%2Fsvg%3E\" alt=\"Inngang til Extra dagligvarebutikk med \u00e5pningstider p\u00e5 fasaden, omgitt av reklameplakater.\" title=\"20220617_222238\" width=\"2560\" height=\"1377\" class=\"rev-slidebg tp-rs-img rs-lazyload lazyload\" data-lazyload=\"\/\/visitrauland.com\/extra-rauland\/wp-content\/uploads\/sites\/30\/2022\/06\/20220617_222238-scaled.jpg\" data-parallax=\"10\" data-no-retina data-src=\"\/\/visitrauland.com\/extra-rauland\/wp-content\/plugins\/revslider\/sr6\/assets\/assets\/dummy.png\">\n<!--\n\t\t\t\t\t\t\t--><rs-layer id=\"slider-10-slide-28-layer-1\" class=\"News-Title\" data-type=\"text\" data-color=\"rgba(255, 255, 255, 1)\" data-rsp_ch=\"on\" data-xy=\"xo:2px,2px,40px,40px;yo:89px,89px,250px,150px;\" data-text=\"w:normal;s:70;l:60;\" data-dim=\"w:auto,auto,364px,364px;h:auto,auto,133px,133px;\" data-frame_0=\"y:100%;o:1;\" data-frame_0_mask=\"u:t;\" data-frame_1=\"st:500;sp:1500;sR:500;\" data-frame_1_mask=\"u:t;\" data-frame_999=\"y:100%;e:nothing;st:w;sp:1000;sR:7000;\" data-frame_999_mask=\"u:t;\" style=\"z-index:5;font-family:'Roboto Slab';\">\nEXTRA\nRAULAND \n\t\t\t\t\t\t\t<\/rs-layer><!--\n\n\t\t\t\t\t\t\t--><rs-layer id=\"slider-10-slide-28-layer-2\" data-type=\"image\" data-rsp_ch=\"on\" data-xy=\"xo:9px,9px,40px,40px;yo:274px,274px,382px,282px;\" data-text=\"l:4;\" data-dim=\"w:350px,350px,350,350;h:4px,4px,4,4;\" data-frame_0=\"x:-100%;o:1;\" data-frame_0_mask=\"u:t;\" data-frame_1=\"st:500;sp:1500;sR:500;\" data-frame_1_mask=\"u:t;\" data-frame_999=\"x:100%;st:w;sp:1000;sR:7000;\" data-frame_999_mask=\"u:t;\" style=\"z-index:6;\"><noscript><img decoding=\"async\" src=\"\/\/visitrauland.com\/extra-rauland\/wp-content\/plugins\/revslider\/sr6\/assets\/assets\/dummy.png\" alt class=\"tp-rs-img rs-lazyload\" data-lazyload=\"\/\/www.visitrauland.com\/template\/wp-content\/uploads\/sites\/13\/revslider\/skiferie\/slider-bar.png\" data-no-retina><\/noscript><img decoding=\"async\" src=\"data:image\/gif;base64,R0lGODlhAQABAIAAAAAAAP\/\/\/yH5BAEAAAAALAAAAAABAAEAAAIBRAA7\" alt class=\"tp-rs-img rs-lazyload lazyload\" data-lazyload=\"\/\/www.visitrauland.com\/template\/wp-content\/uploads\/sites\/13\/revslider\/skiferie\/slider-bar.png\" data-no-retina data-src=\"\/\/visitrauland.com\/extra-rauland\/wp-content\/plugins\/revslider\/sr6\/assets\/assets\/dummy.png\"> \n\t\t\t\t\t\t\t<\/rs-layer><!--\n\n\t\t\t\t\t\t\t--><rs-layer id=\"slider-10-slide-28-layer-3\" class=\"News-Subtitle\" data-type=\"text\" data-color=\"rgba(255, 255, 255, 1)\" data-rsp_ch=\"on\" data-xy=\"xo:7px,7px,41px,41px;yo:287px,287px,401px,301px;\" data-text=\"s:22,22,18,18;l:30,30,24,24;fw:300;\" data-frame_0=\"y:-100%;o:1;\" data-frame_0_mask=\"u:t;\" data-frame_1=\"st:500;sp:1500;sR:500;\" data-frame_1_mask=\"u:t;\" data-frame_999=\"y:100%;e:nothing;st:w;sp:1000;sR:7000;\" data-frame_999_mask=\"u:t;\" data-frame_hover=\"c:rgba(255,255,255,0.65);bor:0,0,0px,0;bos:solid;bow:0px,0px,0px,0px;oX:50;oY:50;\" style=\"z-index:7;font-family:'Roboto Slab';cursor:pointer;\">I Rauland sentrum \n\t\t\t\t\t\t\t<\/rs-layer><!--\n-->\t\t\t\t\t<\/rs-slide>\n\t\t\t\t\t<\/rs-slides>\n\t\t\t\t<\/rs-module>\n\t\t\t\t<script>\n\t\t\t\t\tsetREVStartSize({c: 'rev_slider_10_1',rl:[1240,1024,778,480],el:[480,480,480,360],gw:[1230,1024,767,480],gh:[480,480,480,360],type:'standard',justify:'',layout:'fullwidth',mh:\"0\"});if (window.RS_MODULES!==undefined && window.RS_MODULES.modules!==undefined && window.RS_MODULES.modules[\"revslider101\"]!==undefined) {window.RS_MODULES.modules[\"revslider101\"].once = false;window.revapi10 = undefined;if (window.RS_MODULES.checkMinimal!==undefined) window.RS_MODULES.checkMinimal()}\n\t\t\t\t<\/script>\n\t\t\t<\/rs-module-wrap>\n\t\t\t<!-- END REVOLUTION SLIDER -->\n<\/div><\/div><\/div><div id=\"x-section-2\" class=\"x-section\" style=\"margin: 0px;padding: 45px 0px; background-color: transparent;\"><div id class=\"x-container max width\" style=\"margin: 0px auto;padding: 0px;\"><div class=\"x-column x-sm x-1-2\" style=\"padding: 0px;\"><h2 class=\"h-custom-headline h3\"><span>Extra Rauland<\/span><\/h2><div id class=\"x-text\" style><p>Dagligvarebutikk i Rauland sentrum.<\/p>\n<p>I tillegg til supermarkedsutval til billige prisar har me eit lite medisinutsalg, pakkeutlevering (PostNord), Norsk Tipping og Coop medlemskupp. Me sel ogs\u00e5 ved i sekk og har ei lita avdeling for kj\u00f8kkenutstyr og hobbyartiklar.<\/p>\n<p>V\u00e5re trivelege tilsette hjelpe deg gjerne, me har 4 sj\u00f8lvskanningskasser i tillegg til ordin\u00e6re kasser.<\/p>\n<p>Velkommen til oss!<\/p>\n<\/div><\/div><div class=\"x-column x-sm x-1-2\" style=\"padding: 0px;\"><h2 class=\"h-custom-headline h3\"><span>\u00c5pningstider:<\/span><\/h2><div id class=\"x-text\" style><div><i>\u00c5pningstider: m\u00e5ndag \u2013 laurdag 07.00-22.00<\/i><\/div>\n<div><i>juni \u2013 august\/desember \u2013 april: s\u00f8ndags\u00e5pent 10.00 \u2013 19.00<\/i><\/div>\n<p><a href=\"https:\/\/www.coop.no\/butikker\/extra\/extra-rauland-1181\" target=\"_blank\" rel=\"noopener\"><strong>Klikk her for \u00e5pningstider<\/strong><\/a><br>\n<a href=\"https:\/\/www.facebook.com\/ExtraRauland\/\" target=\"_blank\" rel=\"noopener\"><strong>F\u00f8lg oss p\u00e5 Facebook<\/strong><\/a><\/p>\n<p>Telefon: 35 06 30 40<br>\nE-post: <a href=\"mailto:rauland.extra@coop.no\">rauland.extra@coop.no<\/a><\/p>\n<\/div><\/div><\/div><\/div><div id=\"aktiviteter\" class=\"x-section\" style=\"margin: 0px;padding: 0px 0px 45px; background-color: transparent;\"><div id class=\"x-container max width\" style=\"margin: 0px auto;padding: 0px;\"><div class=\"x-column x-sm x-1-1\" style=\"padding: 0px;\"><h2 class=\"h-custom-headline h3\"><span>Aktiviteter<\/span><\/h2><hr class=\"x-gap\" style=\"margin: 50px 0 0 0;\"><\/div><\/div><div id class=\"x-container max width\" style=\"margin: 0px auto;padding: 0px;\"><div class=\"x-column x-sm x-1-3\" style=\"padding: 0px;\"><div class=\"x-promo\"><div class=\"x-promo-image-wrap\"><noscript><img decoding=\"async\" src=\"https:\/\/visitrauland.com\/extra-rauland\/wp-content\/uploads\/sites\/30\/2022\/06\/coop-1920.jpg\" alt=\"En kvinne handler frukt i en dagligvarebutikk, omgitt av bananer, appelsiner og gr\u00f8nnsaker.\"><\/noscript><img decoding=\"async\" src=\"data:image\/gif;base64,R0lGODlhAQABAIAAAAAAAP\/\/\/yH5BAEAAAAALAAAAAABAAEAAAIBRAA7\" alt=\"En kvinne handler frukt i en dagligvarebutikk, omgitt av bananer, appelsiner og gr\u00f8nnsaker.\" data-src=\"https:\/\/visitrauland.com\/extra-rauland\/wp-content\/uploads\/sites\/30\/2022\/06\/coop-1920.jpg\" class=\" lazyload\"><\/div><div class=\"x-promo-content\"><strong><a href=\"https:\/\/www.coop.no\/extra\/tilbud\/\">Les ukens tilbud<\/a><\/strong><br>\nHer kan du lese ukens kundeavis med gode tilbud.\n<a class=\"x-btn\" href=\"https:\/\/www.coop.no\/extra\/tilbud\/\" data-options=\"thumbnail: ''\">Les mer<\/a><\/div><\/div><\/div><div class=\"x-column x-sm x-1-3\" style=\"padding: 0px;\">&nbsp;<\/div><div class=\"x-column x-sm x-1-3\" style=\"padding: 0px;\">&nbsp;<\/div><\/div><\/div><\/div>\n","protected":false},"excerpt":{"rendered":"","protected":false},"author":3,"featured_media":0,"parent":0,"menu_order":0,"comment_status":"closed","ping_status":"closed","template":"template-sites.php","meta":{"_relevanssi_hide_post":"","_relevanssi_hide_content":"","_relevanssi_pin_for_all":"","_relevanssi_pin_keywords":"","_relevanssi_unpin_keywords":"","_relevanssi_related_keywords":"","_relevanssi_related_include_ids":"","_relevanssi_related_exclude_ids":"","_relevanssi_related_no_append":"","_relevanssi_related_not_related":"","_relevanssi_related_posts":"399","_relevanssi_noindex_reason":"","seo_booster_metabox":"","footnotes":""},"class_list":["post-339","page","type-page","status-publish","hentry","no-post-thumbnail"],"yoast_head":"<!-- This site is optimized with the Yoast SEO plugin v27.2 - https:\/\/yoast.com\/product\/yoast-seo-wordpress\/ -->\n<title>Extra Rauland<\/title>\n<meta name=\"robots\" content=\"index, follow, max-snippet:-1, max-image-preview:large, max-video-preview:-1\" \/>\n<link rel=\"canonical\" href=\"https:\/\/visitrauland.com\/extra-rauland\/\" \/>\n<meta property=\"og:locale\" content=\"nb_NO\" \/>\n<meta property=\"og:type\" content=\"article\" \/>\n<meta property=\"og:title\" content=\"Extra Rauland\" \/>\n<meta property=\"og:url\" content=\"https:\/\/visitrauland.com\/extra-rauland\/\" \/>\n<meta property=\"og:site_name\" content=\"Extra Rauland\" \/>\n<meta property=\"article:modified_time\" content=\"2026-01-08T15:08:21+00:00\" \/>\n<meta name=\"twitter:card\" content=\"summary_large_image\" \/>\n<meta name=\"twitter:label1\" content=\"Ansl. lesetid\" \/>\n\t<meta name=\"twitter:data1\" content=\"3 minutter\" \/>\n<script type=\"application\/ld+json\" class=\"yoast-schema-graph\">{\"@context\":\"https:\/\/schema.org\",\"@graph\":[{\"@type\":\"WebPage\",\"@id\":\"https:\/\/visitrauland.com\/extra-rauland\/\",\"url\":\"https:\/\/visitrauland.com\/extra-rauland\/\",\"name\":\"Extra Rauland\",\"isPartOf\":{\"@id\":\"https:\/\/visitrauland.com\/extra-rauland\/#website\"},\"datePublished\":\"2017-10-30T18:03:03+00:00\",\"dateModified\":\"2026-01-08T15:08:21+00:00\",\"breadcrumb\":{\"@id\":\"https:\/\/visitrauland.com\/extra-rauland\/#breadcrumb\"},\"inLanguage\":\"nb-NO\",\"potentialAction\":[{\"@type\":\"ReadAction\",\"target\":[\"https:\/\/visitrauland.com\/extra-rauland\/\"]}]},{\"@type\":\"BreadcrumbList\",\"@id\":\"https:\/\/visitrauland.com\/extra-rauland\/#breadcrumb\",\"itemListElement\":[{\"@type\":\"ListItem\",\"position\":1,\"name\":\"Hjem\",\"item\":\"https:\/\/visitrauland.com\/extra-rauland\/\"},{\"@type\":\"ListItem\",\"position\":2,\"name\":\"Extra Rauland\"}]},{\"@type\":\"WebSite\",\"@id\":\"https:\/\/visitrauland.com\/extra-rauland\/#website\",\"url\":\"https:\/\/visitrauland.com\/extra-rauland\/\",\"name\":\"Extra Rauland\",\"description\":\"Extra Rauland\",\"potentialAction\":[{\"@type\":\"SearchAction\",\"target\":{\"@type\":\"EntryPoint\",\"urlTemplate\":\"https:\/\/visitrauland.com\/extra-rauland\/?s={search_term_string}\"},\"query-input\":{\"@type\":\"PropertyValueSpecification\",\"valueRequired\":true,\"valueName\":\"search_term_string\"}}],\"inLanguage\":\"nb-NO\"}]}<\/script>\n<!-- \/ Yoast SEO plugin. -->","yoast_head_json":{"title":"Extra Rauland","robots":{"index":"index","follow":"follow","max-snippet":"max-snippet:-1","max-image-preview":"max-image-preview:large","max-video-preview":"max-video-preview:-1"},"canonical":"https:\/\/visitrauland.com\/extra-rauland\/","og_locale":"nb_NO","og_type":"article","og_title":"Extra Rauland","og_url":"https:\/\/visitrauland.com\/extra-rauland\/","og_site_name":"Extra Rauland","article_modified_time":"2026-01-08T15:08:21+00:00","twitter_card":"summary_large_image","twitter_misc":{"Ansl. lesetid":"3 minutter"},"schema":{"@context":"https:\/\/schema.org","@graph":[{"@type":"WebPage","@id":"https:\/\/visitrauland.com\/extra-rauland\/","url":"https:\/\/visitrauland.com\/extra-rauland\/","name":"Extra Rauland","isPartOf":{"@id":"https:\/\/visitrauland.com\/extra-rauland\/#website"},"datePublished":"2017-10-30T18:03:03+00:00","dateModified":"2026-01-08T15:08:21+00:00","breadcrumb":{"@id":"https:\/\/visitrauland.com\/extra-rauland\/#breadcrumb"},"inLanguage":"nb-NO","potentialAction":[{"@type":"ReadAction","target":["https:\/\/visitrauland.com\/extra-rauland\/"]}]},{"@type":"BreadcrumbList","@id":"https:\/\/visitrauland.com\/extra-rauland\/#breadcrumb","itemListElement":[{"@type":"ListItem","position":1,"name":"Hjem","item":"https:\/\/visitrauland.com\/extra-rauland\/"},{"@type":"ListItem","position":2,"name":"Extra Rauland"}]},{"@type":"WebSite","@id":"https:\/\/visitrauland.com\/extra-rauland\/#website","url":"https:\/\/visitrauland.com\/extra-rauland\/","name":"Extra Rauland","description":"Extra Rauland","potentialAction":[{"@type":"SearchAction","target":{"@type":"EntryPoint","urlTemplate":"https:\/\/visitrauland.com\/extra-rauland\/?s={search_term_string}"},"query-input":{"@type":"PropertyValueSpecification","valueRequired":true,"valueName":"search_term_string"}}],"inLanguage":"nb-NO"}]}},"_links":{"self":[{"href":"https:\/\/visitrauland.com\/extra-rauland\/wp-json\/wp\/v2\/pages\/339","targetHints":{"allow":["GET"]}}],"collection":[{"href":"https:\/\/visitrauland.com\/extra-rauland\/wp-json\/wp\/v2\/pages"}],"about":[{"href":"https:\/\/visitrauland.com\/extra-rauland\/wp-json\/wp\/v2\/types\/page"}],"author":[{"embeddable":true,"href":"https:\/\/visitrauland.com\/extra-rauland\/wp-json\/wp\/v2\/users\/3"}],"replies":[{"embeddable":true,"href":"https:\/\/visitrauland.com\/extra-rauland\/wp-json\/wp\/v2\/comments?post=339"}],"version-history":[{"count":9,"href":"https:\/\/visitrauland.com\/extra-rauland\/wp-json\/wp\/v2\/pages\/339\/revisions"}],"predecessor-version":[{"id":1846,"href":"https:\/\/visitrauland.com\/extra-rauland\/wp-json\/wp\/v2\/pages\/339\/revisions\/1846"}],"wp:attachment":[{"href":"https:\/\/visitrauland.com\/extra-rauland\/wp-json\/wp\/v2\/media?parent=339"}],"curies":[{"name":"wp","href":"https:\/\/api.w.org\/{rel}","templated":true}]}}