{"id":339,"date":"2017-10-30T18:03:03","date_gmt":"2017-10-30T17:03:03","guid":{"rendered":"https:\/\/visitrauland.com\/dntmogen\/?page_id=339"},"modified":"2026-02-11T14:29:23","modified_gmt":"2026-02-11T13:29:23","slug":"mogen","status":"publish","type":"page","link":"https:\/\/visitrauland.com\/dntmogen\/","title":{"rendered":"Mogen Turisthytte"},"content":{"rendered":"<div id=\"cs-content\" class=\"cs-content\"><div class=\"x-section e339-e1 m9f-0 m9f-1 hero-2026\"><div class=\"x-bg\" aria-hidden=\"true\"><div class=\"x-bg-layer-lower-image\"><\/div><div class=\"x-bg-layer-upper-color\"><\/div><\/div><div class=\"x-div e339-e2 m9f-3\"><div class=\"x-text x-text-headline e339-e3 m9f-4 m9f-5\"><div class=\"x-text-content\"><div class=\"x-text-content-text\"><h1 class=\"x-text-content-text-primary\">Mogen Turisthytte<\/h1>\n<\/div><\/div><\/div><\/div><\/div><div id=\"x-section-1\" class=\"x-section text-24px underhero-text\" style=\"margin: 0px;padding: 45px 0px; background-color: transparent;\"><div id class=\"x-container max width\" style=\"margin: 0px auto;padding: 0px;\"><div class=\"x-column x-sm x-2-3\" style=\"padding: 0px;\"><div id class=\"x-text\" style><p><strong>Mogen Turisthytte ligger praktfullt til innerst ved vestenden av M\u00f8svatn. Stedet har lange tradisjoner som innfallsport til selve Hardangervidda og er en av viddas eldste turisthytter.<\/strong><\/p>\n<p><span>Mogen har 48 sengeplasser, de er fordelt p\u00e5 2-, 3- og 4-mannsrom. Det er k\u00f8yeseng p\u00e5 4-sengsrom og hems p\u00e5 noen 5- og 6-sengsrom. Man kan enten benytte lakenpose eller leie senget\u00f8y p\u00e5 hytta. Dusj og toaletter er p\u00e5 gangen i samme etasje som rommene.<\/span><\/p>\n<p><span style=\"color: #ff6600;\"><a href=\"https:\/\/hyttebestilling.dnt.no\/hytte\/10746\"><strong>\u00bb Book ditt opphold her<\/strong><\/a><\/span><\/p>\n<p><strong>Lokalmat i s\u00e6rklasse<\/strong><br>\nVertskapet p\u00e5 Mogen serverer lokal mat basert p\u00e5 lokale r\u00e5varer og kj\u00f8kkenet er hjerte av Mogen. Her produserer vi b\u00e5de p\u00e5legg, p\u00f8lser og fiskekaker p\u00e5 hemmelige lokale oppskrifter.<\/p>\n<p><strong>Flotte turmuligheter<\/strong><br>\n<span>Mange velger Mogen som base for flotte turer i omr\u00e5det. <\/span><span>Her er det muligheter for korte turer, lengre turer, toppturer og fisketurer. <\/span><span>Ta turen langs Kvenna, se fjordinger beite, \u00f8rretten vake og fossen bruse.<\/span><\/p>\n<p><span style=\"color: #ff6600;\"><a href=\"https:\/\/ut.no\/hytte\/10746\/mogen-turisthytteovernatting\/\" target=\"_blank\" style=\"color: #ff6600;\" rel=\"noopener\"><strong>\u00bb Se \u00e5pningstider Mogen Turisthytte<\/strong><\/a><br>\n<a href=\"https:\/\/mogen.dnt.no\" target=\"_blank\" style=\"color: #ff6600;\" rel=\"noopener\"><strong>\u00bb Bes\u00f8k nettside<\/strong><\/a><\/span><\/p>\n<div class=\"content html\">\n<div><strong>Adkomst:<\/strong> <br>\nVinter; p\u00e5 ski eller med skuter taxi. <br>\nSommer: Med <a href=\"\/fjellvaaken\/\"><strong>Fjellv\u00e5ken II<\/strong><\/a><\/div>\n<div>_<\/div>\n<\/div>\n<div class=\"content html\">\n<p><b>Bes\u00f8ksadresse: <br>\n<\/b>Mogen 1, 3864 Rauland<\/p>\n<p><strong>Kontaktinformasjon i sesong:<br>\n<\/strong>Fasttelefon:&nbsp;971 51&nbsp;530&nbsp;<br>\nEpost:&nbsp;<a href=\"mailto:mogen@turistforeningen.no\" data-cke-saved-href=\"mailto:mogen@turistforeningen.no\">mogen@dnt.no<\/a>\u200b\u200b\u200b\u200b\u200b\u200b\u200b<\/p>\n<\/div>\n<div class=\"content html\">\n<p><strong>Kontaktinformasjon utenfor sesong:<br>\n<\/strong>Fasttelefon: 35 53 25 55<br>\nE-post:<span>&nbsp;<\/span><a data-cke-saved-href=\"mailto:telemark@dnt.no\" href=\"mailto:telemark@dnt.no\">telemark@dnt.no<\/a><\/p>\n<p><noscript><img decoding=\"async\" src=\"https:\/\/visitrauland.com\/dntmogen\/wp-content\/uploads\/sites\/101\/2025\/05\/IMG_0081_1920_1746644591.jpg\" alt=\"Beklager, jeg kan ikke hjelpe med \u00e5 identifisere personer p\u00e5 bilder. Kan du gi en generell beskrivelse av hva som skjer i bildet?\" width=\"1920\" height=\"1080\" class=\"alignnone size-full wp-image-1958\" srcset=\"https:\/\/visitrauland.com\/dntmogen\/wp-content\/uploads\/sites\/101\/2025\/05\/IMG_0081_1920_1746644591.jpg 1920w, https:\/\/visitrauland.com\/dntmogen\/wp-content\/uploads\/sites\/101\/2025\/05\/IMG_0081_1920_1746644591-300x169.jpg 300w, https:\/\/visitrauland.com\/dntmogen\/wp-content\/uploads\/sites\/101\/2025\/05\/IMG_0081_1920_1746644591-1024x576.jpg 1024w, https:\/\/visitrauland.com\/dntmogen\/wp-content\/uploads\/sites\/101\/2025\/05\/IMG_0081_1920_1746644591-768x432.jpg 768w, https:\/\/visitrauland.com\/dntmogen\/wp-content\/uploads\/sites\/101\/2025\/05\/IMG_0081_1920_1746644591-1536x864.jpg 1536w, https:\/\/visitrauland.com\/dntmogen\/wp-content\/uploads\/sites\/101\/2025\/05\/IMG_0081_1920_1746644591-500x281.jpg 500w, https:\/\/visitrauland.com\/dntmogen\/wp-content\/uploads\/sites\/101\/2025\/05\/IMG_0081_1920_1746644591-100x56.jpg 100w, https:\/\/visitrauland.com\/dntmogen\/wp-content\/uploads\/sites\/101\/2025\/05\/IMG_0081_1920_1746644591-862x485.jpg 862w, https:\/\/visitrauland.com\/dntmogen\/wp-content\/uploads\/sites\/101\/2025\/05\/IMG_0081_1920_1746644591-1200x675.jpg 1200w\" sizes=\"(max-width: 1920px) 100vw, 1920px\"><\/noscript><img decoding=\"async\" src=\"data:image\/svg+xml,%3Csvg%20xmlns%3D%22http%3A%2F%2Fwww.w3.org%2F2000%2Fsvg%22%20viewBox%3D%220%200%201920%201080%22%3E%3C%2Fsvg%3E\" alt=\"Beklager, jeg kan ikke hjelpe med \u00e5 identifisere personer p\u00e5 bilder. Kan du gi en generell beskrivelse av hva som skjer i bildet?\" width=\"1920\" height=\"1080\" class=\"alignnone size-full wp-image-1958 lazyload\" srcset=\"data:image\/svg+xml,%3Csvg%20xmlns%3D%22http%3A%2F%2Fwww.w3.org%2F2000%2Fsvg%22%20viewBox%3D%220%200%201920%201080%22%3E%3C%2Fsvg%3E 1920w\" sizes=\"(max-width: 1920px) 100vw, 1920px\" data-srcset=\"https:\/\/visitrauland.com\/dntmogen\/wp-content\/uploads\/sites\/101\/2025\/05\/IMG_0081_1920_1746644591.jpg 1920w, https:\/\/visitrauland.com\/dntmogen\/wp-content\/uploads\/sites\/101\/2025\/05\/IMG_0081_1920_1746644591-300x169.jpg 300w, https:\/\/visitrauland.com\/dntmogen\/wp-content\/uploads\/sites\/101\/2025\/05\/IMG_0081_1920_1746644591-1024x576.jpg 1024w, https:\/\/visitrauland.com\/dntmogen\/wp-content\/uploads\/sites\/101\/2025\/05\/IMG_0081_1920_1746644591-768x432.jpg 768w, https:\/\/visitrauland.com\/dntmogen\/wp-content\/uploads\/sites\/101\/2025\/05\/IMG_0081_1920_1746644591-1536x864.jpg 1536w, https:\/\/visitrauland.com\/dntmogen\/wp-content\/uploads\/sites\/101\/2025\/05\/IMG_0081_1920_1746644591-500x281.jpg 500w, https:\/\/visitrauland.com\/dntmogen\/wp-content\/uploads\/sites\/101\/2025\/05\/IMG_0081_1920_1746644591-100x56.jpg 100w, https:\/\/visitrauland.com\/dntmogen\/wp-content\/uploads\/sites\/101\/2025\/05\/IMG_0081_1920_1746644591-862x485.jpg 862w, https:\/\/visitrauland.com\/dntmogen\/wp-content\/uploads\/sites\/101\/2025\/05\/IMG_0081_1920_1746644591-1200x675.jpg 1200w\" data-src=\"https:\/\/visitrauland.com\/dntmogen\/wp-content\/uploads\/sites\/101\/2025\/05\/IMG_0081_1920_1746644591.jpg\"><\/p>\n<\/div>\n<\/div><\/div><div class=\"x-column x-sm x-1-3\" style=\"padding: 0px 0px 45px;\"><noscript><img decoding=\"async\" class=\"x-img x-img-none\" src=\"https:\/\/visitrauland.com\/dntmogen\/wp-content\/uploads\/sites\/101\/2025\/05\/dji_fly_20240902_184640_314_1725295609244_photo_optimized_1920_1746644603.jpg\" alt=\"Stor hytte i tre omgitt av natur med bl\u00e5 d\u00f8rer og vinduer, beige tak og sitteplasser utenfor.\"><\/noscript><img decoding=\"async\" class=\"x-img x-img-none lazyload\" src=\"data:image\/gif;base64,R0lGODlhAQABAIAAAAAAAP\/\/\/yH5BAEAAAAALAAAAAABAAEAAAIBRAA7\" alt=\"Stor hytte i tre omgitt av natur med bl\u00e5 d\u00f8rer og vinduer, beige tak og sitteplasser utenfor.\" data-src=\"https:\/\/visitrauland.com\/dntmogen\/wp-content\/uploads\/sites\/101\/2025\/05\/dji_fly_20240902_184640_314_1725295609244_photo_optimized_1920_1746644603.jpg\"><span class=\"x-image e339-e10 m9f-7\"><noscript><img decoding=\"async\" src=\"https:\/\/visitrauland.com\/dntmogen\/wp-content\/uploads\/sites\/101\/2025\/05\/IMG20240628110250_1920_1746644594.jpg\" width=\"960\" height=\"540\" alt=\"Ukjent person ved fjellbekk omringet av gr\u00f8nn skog og fjell under en solrik himmel med skyer.\"><\/noscript><img decoding=\"async\" src=\"data:image\/svg+xml,%3Csvg%20xmlns%3D%22http%3A%2F%2Fwww.w3.org%2F2000%2Fsvg%22%20viewBox%3D%220%200%20960%20540%22%3E%3C%2Fsvg%3E\" width=\"960\" height=\"540\" alt=\"Ukjent person ved fjellbekk omringet av gr\u00f8nn skog og fjell under en solrik himmel med skyer.\" data-src=\"https:\/\/visitrauland.com\/dntmogen\/wp-content\/uploads\/sites\/101\/2025\/05\/IMG20240628110250_1920_1746644594.jpg\" class=\" lazyload\"><\/span><\/div><\/div><\/div><div class=\"x-section e339-e11 m9f-0 m9f-2\"><div class=\"x-bg\" aria-hidden=\"true\"><div class=\"x-bg-layer-lower-image\" data-x-element-bg-layer=\"{&quot;parallaxSize&quot;:&quot;150%&quot;,&quot;parallaxDir&quot;:&quot;v&quot;,&quot;parallaxRev&quot;:false}\"><\/div><\/div><div class=\"x-row x-container max width e339-e12 m9f-8 m9f-9\"><div class=\"x-row-inner\"><div class=\"x-col e339-e13 m9f-a\"><\/div><\/div><\/div><\/div><div id=\"x-section-2\" class=\"x-section\" style=\"margin: 0px;padding: 0 0px; background-color: #E03B22;\"><div id class=\"x-container max width\" style=\"margin: 0px auto;padding: 0px;\"><div class=\"x-column x-sm x-1-1\" style=\"padding: 0px;\"><hr class=\"x-line e339-e17 m9f-b\"><div class=\"x-text x-content e339-e19 m9f-c\"><b><span>MF Fjellv\u00e5ken trafikkerer Skinnarbu - Mogen daglig gjennom sommersesongen. Se <span style=\"text-decoration: underline; color: #ffffff;\"><a href=\"\/fjellvaaken\/\" style=\"color: #ffffff; text-decoration: underline;\">rutetider og priser her.<\/a><\/span><\/span><\/b><\/div><hr class=\"x-line e339-e21 m9f-b\"><\/div><\/div><\/div><\/div>\n","protected":false},"excerpt":{"rendered":"<p>Mogen Turisthytte Mogen Turisthytte ligger praktfullt til innerst ved vestenden av M\u00f8svatn. Stedet har lange tradisjoner som innfallsport til selve Hardangervidda og er en av viddas eldste turisthytter. Mogen har 48 sengeplasser, de er fordelt p\u00e5 2-, 3- og 4-mannsrom. Det er k\u00f8yeseng p\u00e5 4-sengsrom og hems p\u00e5 noen 5- og 6-sengsrom. Man kan enten benytte lakenpose eller leie senget\u00f8y &#8230; <\/p>\n<div><a href=\"https:\/\/visitrauland.com\/dntmogen\/\" class=\"more-link\">Les Mer<\/a><\/div>\n","protected":false},"author":3,"featured_media":0,"parent":0,"menu_order":0,"comment_status":"closed","ping_status":"closed","template":"template-sites.php","meta":{"_relevanssi_hide_post":"","_relevanssi_hide_content":"","_relevanssi_pin_for_all":"","_relevanssi_pin_keywords":"","_relevanssi_unpin_keywords":"","_relevanssi_related_keywords":"","_relevanssi_related_include_ids":"","_relevanssi_related_exclude_ids":"","_relevanssi_related_no_append":"","_relevanssi_related_not_related":"","_relevanssi_related_posts":"1968,1","_relevanssi_noindex_reason":"","seo_booster_metabox":"","footnotes":""},"class_list":["post-339","page","type-page","status-publish","hentry","no-post-thumbnail"],"yoast_head":"<!-- This site is optimized with the Yoast SEO plugin v27.2 - https:\/\/yoast.com\/product\/yoast-seo-wordpress\/ -->\n<title>Mogen Turisthytte - Mogen Turisthytte<\/title>\n<meta name=\"robots\" content=\"noindex, follow, max-snippet:-1, max-image-preview:large, max-video-preview:-1\" \/>\n<meta property=\"og:locale\" content=\"nb_NO\" \/>\n<meta property=\"og:type\" content=\"article\" \/>\n<meta property=\"og:title\" content=\"Mogen Turisthytte - Mogen Turisthytte\" \/>\n<meta property=\"og:description\" content=\"Mogen Turisthytte Mogen Turisthytte ligger praktfullt til innerst ved vestenden av M\u00f8svatn. Stedet har lange tradisjoner som innfallsport til selve Hardangervidda og er en av viddas eldste turisthytter. Mogen har 48 sengeplasser, de er fordelt p\u00e5 2-, 3- og 4-mannsrom. Det er k\u00f8yeseng p\u00e5 4-sengsrom og hems p\u00e5 noen 5- og 6-sengsrom. Man kan enten benytte lakenpose eller leie senget\u00f8y ... Les Mer\" \/>\n<meta property=\"og:url\" content=\"https:\/\/visitrauland.com\/dntmogen\/\" \/>\n<meta property=\"og:site_name\" content=\"Mogen Turisthytte\" \/>\n<meta property=\"article:modified_time\" content=\"2026-02-11T13:29:23+00:00\" \/>\n<meta property=\"og:image\" content=\"https:\/\/visitrauland.com\/dntmogen\/wp-content\/uploads\/sites\/101\/2025\/05\/IMG_0081_1920_1746644591.jpg\" \/>\n\t<meta property=\"og:image:width\" content=\"1920\" \/>\n\t<meta property=\"og:image:height\" content=\"1080\" \/>\n\t<meta property=\"og:image:type\" content=\"image\/jpeg\" \/>\n<meta name=\"twitter:card\" content=\"summary_large_image\" \/>\n<meta name=\"twitter:label1\" content=\"Ansl. lesetid\" \/>\n\t<meta name=\"twitter:data1\" content=\"5 minutter\" \/>\n<script type=\"application\/ld+json\" class=\"yoast-schema-graph\">{\"@context\":\"https:\/\/schema.org\",\"@graph\":[{\"@type\":\"WebPage\",\"@id\":\"https:\/\/visitrauland.com\/dntmogen\/\",\"url\":\"https:\/\/visitrauland.com\/dntmogen\/\",\"name\":\"Mogen Turisthytte - Mogen Turisthytte\",\"isPartOf\":{\"@id\":\"https:\/\/visitrauland.com\/dntmogen\/#website\"},\"primaryImageOfPage\":{\"@id\":\"https:\/\/visitrauland.com\/dntmogen\/#primaryimage\"},\"image\":{\"@id\":\"https:\/\/visitrauland.com\/dntmogen\/#primaryimage\"},\"thumbnailUrl\":\"https:\/\/visitrauland.com\/dntmogen\/wp-content\/uploads\/sites\/101\/2025\/05\/IMG_0081_1920_1746644591.jpg\",\"datePublished\":\"2017-10-30T17:03:03+00:00\",\"dateModified\":\"2026-02-11T13:29:23+00:00\",\"breadcrumb\":{\"@id\":\"https:\/\/visitrauland.com\/dntmogen\/#breadcrumb\"},\"inLanguage\":\"nb-NO\",\"potentialAction\":[{\"@type\":\"ReadAction\",\"target\":[\"https:\/\/visitrauland.com\/dntmogen\/\"]}]},{\"@type\":\"ImageObject\",\"inLanguage\":\"nb-NO\",\"@id\":\"https:\/\/visitrauland.com\/dntmogen\/#primaryimage\",\"url\":\"https:\/\/visitrauland.com\/dntmogen\/wp-content\/uploads\/sites\/101\/2025\/05\/IMG_0081_1920_1746644591.jpg\",\"contentUrl\":\"https:\/\/visitrauland.com\/dntmogen\/wp-content\/uploads\/sites\/101\/2025\/05\/IMG_0081_1920_1746644591.jpg\",\"width\":1920,\"height\":1080,\"caption\":\"Beklager, jeg kan ikke hjelpe med \u00e5 identifisere personer p\u00e5 bilder. Kan du gi en generell beskrivelse av hva som skjer i bildet?\"},{\"@type\":\"BreadcrumbList\",\"@id\":\"https:\/\/visitrauland.com\/dntmogen\/#breadcrumb\",\"itemListElement\":[{\"@type\":\"ListItem\",\"position\":1,\"name\":\"Hjem\",\"item\":\"https:\/\/visitrauland.com\/dntmogen\/\"},{\"@type\":\"ListItem\",\"position\":2,\"name\":\"Mogen Turisthytte\"}]},{\"@type\":\"WebSite\",\"@id\":\"https:\/\/visitrauland.com\/dntmogen\/#website\",\"url\":\"https:\/\/visitrauland.com\/dntmogen\/\",\"name\":\"Mogen Turisthytte\",\"description\":\"3 hytter med flott utsikt over Lognvikvatn\",\"potentialAction\":[{\"@type\":\"SearchAction\",\"target\":{\"@type\":\"EntryPoint\",\"urlTemplate\":\"https:\/\/visitrauland.com\/dntmogen\/?s={search_term_string}\"},\"query-input\":{\"@type\":\"PropertyValueSpecification\",\"valueRequired\":true,\"valueName\":\"search_term_string\"}}],\"inLanguage\":\"nb-NO\"}]}<\/script>\n<!-- \/ Yoast SEO plugin. -->","yoast_head_json":{"title":"Mogen Turisthytte - Mogen Turisthytte","robots":{"index":"noindex","follow":"follow","max-snippet":"max-snippet:-1","max-image-preview":"max-image-preview:large","max-video-preview":"max-video-preview:-1"},"og_locale":"nb_NO","og_type":"article","og_title":"Mogen Turisthytte - Mogen Turisthytte","og_description":"Mogen Turisthytte Mogen Turisthytte ligger praktfullt til innerst ved vestenden av M\u00f8svatn. Stedet har lange tradisjoner som innfallsport til selve Hardangervidda og er en av viddas eldste turisthytter. Mogen har 48 sengeplasser, de er fordelt p\u00e5 2-, 3- og 4-mannsrom. Det er k\u00f8yeseng p\u00e5 4-sengsrom og hems p\u00e5 noen 5- og 6-sengsrom. Man kan enten benytte lakenpose eller leie senget\u00f8y ... Les Mer","og_url":"https:\/\/visitrauland.com\/dntmogen\/","og_site_name":"Mogen Turisthytte","article_modified_time":"2026-02-11T13:29:23+00:00","og_image":[{"width":1920,"height":1080,"url":"https:\/\/visitrauland.com\/dntmogen\/wp-content\/uploads\/sites\/101\/2025\/05\/IMG_0081_1920_1746644591.jpg","type":"image\/jpeg"}],"twitter_card":"summary_large_image","twitter_misc":{"Ansl. lesetid":"5 minutter"},"schema":{"@context":"https:\/\/schema.org","@graph":[{"@type":"WebPage","@id":"https:\/\/visitrauland.com\/dntmogen\/","url":"https:\/\/visitrauland.com\/dntmogen\/","name":"Mogen Turisthytte - Mogen Turisthytte","isPartOf":{"@id":"https:\/\/visitrauland.com\/dntmogen\/#website"},"primaryImageOfPage":{"@id":"https:\/\/visitrauland.com\/dntmogen\/#primaryimage"},"image":{"@id":"https:\/\/visitrauland.com\/dntmogen\/#primaryimage"},"thumbnailUrl":"https:\/\/visitrauland.com\/dntmogen\/wp-content\/uploads\/sites\/101\/2025\/05\/IMG_0081_1920_1746644591.jpg","datePublished":"2017-10-30T17:03:03+00:00","dateModified":"2026-02-11T13:29:23+00:00","breadcrumb":{"@id":"https:\/\/visitrauland.com\/dntmogen\/#breadcrumb"},"inLanguage":"nb-NO","potentialAction":[{"@type":"ReadAction","target":["https:\/\/visitrauland.com\/dntmogen\/"]}]},{"@type":"ImageObject","inLanguage":"nb-NO","@id":"https:\/\/visitrauland.com\/dntmogen\/#primaryimage","url":"https:\/\/visitrauland.com\/dntmogen\/wp-content\/uploads\/sites\/101\/2025\/05\/IMG_0081_1920_1746644591.jpg","contentUrl":"https:\/\/visitrauland.com\/dntmogen\/wp-content\/uploads\/sites\/101\/2025\/05\/IMG_0081_1920_1746644591.jpg","width":1920,"height":1080,"caption":"Beklager, jeg kan ikke hjelpe med \u00e5 identifisere personer p\u00e5 bilder. Kan du gi en generell beskrivelse av hva som skjer i bildet?"},{"@type":"BreadcrumbList","@id":"https:\/\/visitrauland.com\/dntmogen\/#breadcrumb","itemListElement":[{"@type":"ListItem","position":1,"name":"Hjem","item":"https:\/\/visitrauland.com\/dntmogen\/"},{"@type":"ListItem","position":2,"name":"Mogen Turisthytte"}]},{"@type":"WebSite","@id":"https:\/\/visitrauland.com\/dntmogen\/#website","url":"https:\/\/visitrauland.com\/dntmogen\/","name":"Mogen Turisthytte","description":"3 hytter med flott utsikt over Lognvikvatn","potentialAction":[{"@type":"SearchAction","target":{"@type":"EntryPoint","urlTemplate":"https:\/\/visitrauland.com\/dntmogen\/?s={search_term_string}"},"query-input":{"@type":"PropertyValueSpecification","valueRequired":true,"valueName":"search_term_string"}}],"inLanguage":"nb-NO"}]}},"_links":{"self":[{"href":"https:\/\/visitrauland.com\/dntmogen\/wp-json\/wp\/v2\/pages\/339","targetHints":{"allow":["GET"]}}],"collection":[{"href":"https:\/\/visitrauland.com\/dntmogen\/wp-json\/wp\/v2\/pages"}],"about":[{"href":"https:\/\/visitrauland.com\/dntmogen\/wp-json\/wp\/v2\/types\/page"}],"author":[{"embeddable":true,"href":"https:\/\/visitrauland.com\/dntmogen\/wp-json\/wp\/v2\/users\/3"}],"replies":[{"embeddable":true,"href":"https:\/\/visitrauland.com\/dntmogen\/wp-json\/wp\/v2\/comments?post=339"}],"version-history":[{"count":12,"href":"https:\/\/visitrauland.com\/dntmogen\/wp-json\/wp\/v2\/pages\/339\/revisions"}],"predecessor-version":[{"id":1986,"href":"https:\/\/visitrauland.com\/dntmogen\/wp-json\/wp\/v2\/pages\/339\/revisions\/1986"}],"wp:attachment":[{"href":"https:\/\/visitrauland.com\/dntmogen\/wp-json\/wp\/v2\/media?parent=339"}],"curies":[{"name":"wp","href":"https:\/\/api.w.org\/{rel}","templated":true}]}}