{"id":437,"date":"2017-12-04T13:18:08","date_gmt":"2017-12-04T12:18:08","guid":{"rendered":"https:\/\/visitrauland.com\/austbohotell\/?page_id=437"},"modified":"2025-10-14T14:49:46","modified_gmt":"2025-10-14T12:49:46","slug":"fagersand","status":"publish","type":"page","link":"https:\/\/visitrauland.com\/austbohotell\/fagersand\/","title":{"rendered":"Fagersand"},"content":{"rendered":"<div id=\"cs-content\" class=\"cs-content\"><\/div>\n","protected":false},"excerpt":{"rendered":"<p>Ikkje noko er betre enn dovne dagar p\u00e5 ei strand med skyfri himmel! Etter eit bes\u00f8k her er det ingen tvil om kvifor stranda har f\u00e5tt dette fine namnet. Fagersand er v\u00e5rt nye aktivitetstilbod. I samarbeid med velvillige grunneigarar, Rauland Hyttevelforening og n\u00e6ringslivet i Rauland har Rauland Turist starta p\u00e5 eit nytt og omfattande prosjekt. Me har tilrettelagt betre for &#8230; <\/p>\n<div><a href=\"https:\/\/visitrauland.com\/austbohotell\/fagersand\/\" class=\"more-link\">Les Mer<\/a><\/div>\n","protected":false},"author":1,"featured_media":0,"parent":0,"menu_order":0,"comment_status":"closed","ping_status":"closed","template":"","meta":{"_relevanssi_hide_post":"","_relevanssi_hide_content":"","_relevanssi_pin_for_all":"","_relevanssi_pin_keywords":"","_relevanssi_unpin_keywords":"","_relevanssi_related_keywords":"","_relevanssi_related_include_ids":"","_relevanssi_related_exclude_ids":"","_relevanssi_related_no_append":"","_relevanssi_related_not_related":"","_relevanssi_related_posts":"3691,3554,1948,3784,1967,3724","_relevanssi_noindex_reason":"","seo_booster_metabox":"","footnotes":""},"class_list":["post-437","page","type-page","status-publish","hentry","no-post-thumbnail"],"yoast_head":"<!-- This site is optimized with the Yoast SEO plugin v27.2 - https:\/\/yoast.com\/product\/yoast-seo-wordpress\/ -->\n<title>Naturperlen Fagersand - et steinkast unna Austb\u00f8 Hotell<\/title>\n<meta name=\"description\" content=\"P\u00e5 Fagersand kan du nyte nistepakken, padle kano eller vandre i flott natur. P\u00e5 sommeren finner du en flott sandstrand og gode bademuligheter.\" \/>\n<meta name=\"robots\" content=\"index, follow, max-snippet:-1, max-image-preview:large, max-video-preview:-1\" \/>\n<link rel=\"canonical\" href=\"https:\/\/visitrauland.com\/austbohotell\/fagersand\/\" \/>\n<meta property=\"og:locale\" content=\"nb_NO\" \/>\n<meta property=\"og:type\" content=\"article\" \/>\n<meta property=\"og:title\" content=\"Naturperlen Fagersand - et steinkast unna Austb\u00f8 Hotell\" \/>\n<meta property=\"og:description\" content=\"P\u00e5 Fagersand kan du nyte nistepakken, padle kano eller vandre i flott natur. P\u00e5 sommeren finner du en flott sandstrand og gode bademuligheter.\" \/>\n<meta property=\"og:url\" content=\"https:\/\/visitrauland.com\/austbohotell\/fagersand\/\" \/>\n<meta property=\"og:site_name\" content=\"Austb\u00f8 Hotell\" \/>\n<meta property=\"article:modified_time\" content=\"2025-10-14T12:49:46+00:00\" \/>\n<meta name=\"twitter:card\" content=\"summary_large_image\" \/>\n<meta name=\"twitter:label1\" content=\"Ansl. lesetid\" \/>\n\t<meta name=\"twitter:data1\" content=\"6 minutter\" \/>\n<script type=\"application\/ld+json\" class=\"yoast-schema-graph\">{\"@context\":\"https:\/\/schema.org\",\"@graph\":[{\"@type\":\"WebPage\",\"@id\":\"https:\/\/visitrauland.com\/austbohotell\/fagersand\/\",\"url\":\"https:\/\/visitrauland.com\/austbohotell\/fagersand\/\",\"name\":\"Naturperlen Fagersand - et steinkast unna Austb\u00f8 Hotell\",\"isPartOf\":{\"@id\":\"https:\/\/visitrauland.com\/austbohotell\/#website\"},\"datePublished\":\"2017-12-04T12:18:08+00:00\",\"dateModified\":\"2025-10-14T12:49:46+00:00\",\"description\":\"P\u00e5 Fagersand kan du nyte nistepakken, padle kano eller vandre i flott natur. P\u00e5 sommeren finner du en flott sandstrand og gode bademuligheter.\",\"breadcrumb\":{\"@id\":\"https:\/\/visitrauland.com\/austbohotell\/fagersand\/#breadcrumb\"},\"inLanguage\":\"nb-NO\",\"potentialAction\":[{\"@type\":\"ReadAction\",\"target\":[\"https:\/\/visitrauland.com\/austbohotell\/fagersand\/\"]}]},{\"@type\":\"BreadcrumbList\",\"@id\":\"https:\/\/visitrauland.com\/austbohotell\/fagersand\/#breadcrumb\",\"itemListElement\":[{\"@type\":\"ListItem\",\"position\":1,\"name\":\"Hjem\",\"item\":\"https:\/\/visitrauland.com\/austbohotell\/\"},{\"@type\":\"ListItem\",\"position\":2,\"name\":\"Fagersand\"}]},{\"@type\":\"WebSite\",\"@id\":\"https:\/\/visitrauland.com\/austbohotell\/#website\",\"url\":\"https:\/\/visitrauland.com\/austbohotell\/\",\"name\":\"Austb\u00f8 Hotell\",\"description\":\"3 hytter med flott utsikt over Lognvikvatn\",\"potentialAction\":[{\"@type\":\"SearchAction\",\"target\":{\"@type\":\"EntryPoint\",\"urlTemplate\":\"https:\/\/visitrauland.com\/austbohotell\/?s={search_term_string}\"},\"query-input\":{\"@type\":\"PropertyValueSpecification\",\"valueRequired\":true,\"valueName\":\"search_term_string\"}}],\"inLanguage\":\"nb-NO\"}]}<\/script>\n<!-- \/ Yoast SEO plugin. -->","yoast_head_json":{"title":"Naturperlen Fagersand - et steinkast unna Austb\u00f8 Hotell","description":"P\u00e5 Fagersand kan du nyte nistepakken, padle kano eller vandre i flott natur. P\u00e5 sommeren finner du en flott sandstrand og gode bademuligheter.","robots":{"index":"index","follow":"follow","max-snippet":"max-snippet:-1","max-image-preview":"max-image-preview:large","max-video-preview":"max-video-preview:-1"},"canonical":"https:\/\/visitrauland.com\/austbohotell\/fagersand\/","og_locale":"nb_NO","og_type":"article","og_title":"Naturperlen Fagersand - et steinkast unna Austb\u00f8 Hotell","og_description":"P\u00e5 Fagersand kan du nyte nistepakken, padle kano eller vandre i flott natur. P\u00e5 sommeren finner du en flott sandstrand og gode bademuligheter.","og_url":"https:\/\/visitrauland.com\/austbohotell\/fagersand\/","og_site_name":"Austb\u00f8 Hotell","article_modified_time":"2025-10-14T12:49:46+00:00","twitter_card":"summary_large_image","twitter_misc":{"Ansl. lesetid":"6 minutter"},"schema":{"@context":"https:\/\/schema.org","@graph":[{"@type":"WebPage","@id":"https:\/\/visitrauland.com\/austbohotell\/fagersand\/","url":"https:\/\/visitrauland.com\/austbohotell\/fagersand\/","name":"Naturperlen Fagersand - et steinkast unna Austb\u00f8 Hotell","isPartOf":{"@id":"https:\/\/visitrauland.com\/austbohotell\/#website"},"datePublished":"2017-12-04T12:18:08+00:00","dateModified":"2025-10-14T12:49:46+00:00","description":"P\u00e5 Fagersand kan du nyte nistepakken, padle kano eller vandre i flott natur. P\u00e5 sommeren finner du en flott sandstrand og gode bademuligheter.","breadcrumb":{"@id":"https:\/\/visitrauland.com\/austbohotell\/fagersand\/#breadcrumb"},"inLanguage":"nb-NO","potentialAction":[{"@type":"ReadAction","target":["https:\/\/visitrauland.com\/austbohotell\/fagersand\/"]}]},{"@type":"BreadcrumbList","@id":"https:\/\/visitrauland.com\/austbohotell\/fagersand\/#breadcrumb","itemListElement":[{"@type":"ListItem","position":1,"name":"Hjem","item":"https:\/\/visitrauland.com\/austbohotell\/"},{"@type":"ListItem","position":2,"name":"Fagersand"}]},{"@type":"WebSite","@id":"https:\/\/visitrauland.com\/austbohotell\/#website","url":"https:\/\/visitrauland.com\/austbohotell\/","name":"Austb\u00f8 Hotell","description":"3 hytter med flott utsikt over Lognvikvatn","potentialAction":[{"@type":"SearchAction","target":{"@type":"EntryPoint","urlTemplate":"https:\/\/visitrauland.com\/austbohotell\/?s={search_term_string}"},"query-input":{"@type":"PropertyValueSpecification","valueRequired":true,"valueName":"search_term_string"}}],"inLanguage":"nb-NO"}]}},"publishpress_future_action":{"enabled":false,"date":"2026-04-21 18:52:09","action":"change-status","newStatus":"draft","terms":[],"taxonomy":"","extraData":[]},"publishpress_future_workflow_manual_trigger":{"enabledWorkflows":[]},"_links":{"self":[{"href":"https:\/\/visitrauland.com\/austbohotell\/wp-json\/wp\/v2\/pages\/437","targetHints":{"allow":["GET"]}}],"collection":[{"href":"https:\/\/visitrauland.com\/austbohotell\/wp-json\/wp\/v2\/pages"}],"about":[{"href":"https:\/\/visitrauland.com\/austbohotell\/wp-json\/wp\/v2\/types\/page"}],"author":[{"embeddable":true,"href":"https:\/\/visitrauland.com\/austbohotell\/wp-json\/wp\/v2\/users\/1"}],"replies":[{"embeddable":true,"href":"https:\/\/visitrauland.com\/austbohotell\/wp-json\/wp\/v2\/comments?post=437"}],"version-history":[{"count":4,"href":"https:\/\/visitrauland.com\/austbohotell\/wp-json\/wp\/v2\/pages\/437\/revisions"}],"predecessor-version":[{"id":2183,"href":"https:\/\/visitrauland.com\/austbohotell\/wp-json\/wp\/v2\/pages\/437\/revisions\/2183"}],"wp:attachment":[{"href":"https:\/\/visitrauland.com\/austbohotell\/wp-json\/wp\/v2\/media?parent=437"}],"curies":[{"name":"wp","href":"https:\/\/api.w.org\/{rel}","templated":true}]}}