{"id":3700,"date":"2025-08-11T00:32:52","date_gmt":"2025-08-10T22:32:52","guid":{"rendered":"https:\/\/visitrauland.com\/austbohotell\/?page_id=3700"},"modified":"2025-11-18T10:54:38","modified_gmt":"2025-11-18T09:54:38","slug":"vinjegolf","status":"publish","type":"page","link":"https:\/\/visitrauland.com\/austbohotell\/vinjegolf\/","title":{"rendered":"Vinje Golfsimulator"},"content":{"rendered":"<div id=\"cs-content\" class=\"cs-content\"><div id=\"x-section-1\" class=\"x-section\" style=\"margin: 0px;padding: 0px; background-color: transparent;\"><div id class=\"x-container\" style=\"margin: 0px auto;padding: 0px;\"><div class=\"x-column x-sm x-1-1\" style=\"padding: 0px;\"><div id class=\"x-text\" style><p style=\"font-weight: 400;\"><strong>Klar for en unik golfopplevelse \u00e5ret rundt? Vinje Golfsimulator inviterer deg til en moderne innend\u00f8rs golfarena rett ved Austb\u00f8 Hotell p\u00e5 Rauland!<\/strong><\/p>\n<p><strong><a href=\"https:\/\/l.facebook.com\/l.php?u=https%3A%2F%2Falbaplay.com%2Fvenue%2Fvinje-golfsimulator-rauland%3Fdate%3D2025-09-22%26fbclid%3DIwZXh0bgNhZW0CMTAAYnJpZBExYTlydndtd1lqbHBLdWlJaQEe3wQAHmvW9pK8OiD6oDk4u-bYdbCIa3n3bNV_CIYng0iKQOn8gZHfnrV5WHA_aem_EfyEZmJUPAPRm9h8Dhp-uA&amp;h=AT3xXfrCriKT3qlpTvZpwXmBn_dZICRb6uraXoIZ_m70LIWQsGYD4MtRi9R1vJ0zDqQc25VHeyMSn9I9AugdXqSCK0c8YVXl-HwtDKoKkT0B9t6BfIqOQQBRe0VhMpAae3FlK7YhBdpJYGK0MEwFLyyvH38jGMU&amp;__tn__=-UK-R&amp;c%5B0%5D=AT3DhcQ7IOd9XxR79yIY4J6nuddLYKMNq8bgy2WdsIcCN6l49Qqw0SuKmy5dUNVTWjj7SZj3DdfEx36K-akmSy-PE60YH_xm7g53OPT0K0_i05zb33ECwl051hyaL_Xbf2718FMDiU4t1cG4kB4KsgjQ0NOsh-ZqMAm3Mv1R8LkTrN9ccJKhIckIsKZjer_uFr-kD1rV2RkKlaeXVqh41NsIuOgp3g\" target=\"_blank\" rel=\"noreferrer noopener\">Klikk her for booking!<\/a><\/strong><\/p>\n<p style=\"font-weight: 400;\">Nyt spillet p\u00e5 realistiske baner, forbedre teknikken din og ha det sosialt og morsomt uansett v\u00e6r!<\/p>\n<p><noscript><img decoding=\"async\" src=\"https:\/\/visitrauland.com\/austbohotell\/wp-content\/uploads\/sites\/99\/2025\/08\/Golfsimulator-_1758111279.jpg\" alt=\"Indoor golfsimulator med storskjerm, kunstgress og sittegruppe i en moderne, stilfullt innredet stue.\" width=\"640\" height=\"480\" class=\"alignnone size-full wp-image-3754\" srcset=\"https:\/\/visitrauland.com\/austbohotell\/wp-content\/uploads\/sites\/99\/2025\/08\/Golfsimulator-_1758111279.jpg 640w, https:\/\/visitrauland.com\/austbohotell\/wp-content\/uploads\/sites\/99\/2025\/08\/Golfsimulator-_1758111279-300x225.jpg 300w, https:\/\/visitrauland.com\/austbohotell\/wp-content\/uploads\/sites\/99\/2025\/08\/Golfsimulator-_1758111279-500x375.jpg 500w, https:\/\/visitrauland.com\/austbohotell\/wp-content\/uploads\/sites\/99\/2025\/08\/Golfsimulator-_1758111279-100x75.jpg 100w\" sizes=\"(max-width: 640px) 100vw, 640px\"><\/noscript><img decoding=\"async\" src=\"data:image\/svg+xml,%3Csvg%20xmlns%3D%22http%3A%2F%2Fwww.w3.org%2F2000%2Fsvg%22%20viewBox%3D%220%200%20640%20480%22%3E%3C%2Fsvg%3E\" alt=\"Indoor golfsimulator med storskjerm, kunstgress og sittegruppe i en moderne, stilfullt innredet stue.\" width=\"640\" height=\"480\" class=\"alignnone size-full wp-image-3754 lazyload\" srcset=\"data:image\/svg+xml,%3Csvg%20xmlns%3D%22http%3A%2F%2Fwww.w3.org%2F2000%2Fsvg%22%20viewBox%3D%220%200%20640%20480%22%3E%3C%2Fsvg%3E 640w\" sizes=\"(max-width: 640px) 100vw, 640px\" data-srcset=\"https:\/\/visitrauland.com\/austbohotell\/wp-content\/uploads\/sites\/99\/2025\/08\/Golfsimulator-_1758111279.jpg 640w, https:\/\/visitrauland.com\/austbohotell\/wp-content\/uploads\/sites\/99\/2025\/08\/Golfsimulator-_1758111279-300x225.jpg 300w, https:\/\/visitrauland.com\/austbohotell\/wp-content\/uploads\/sites\/99\/2025\/08\/Golfsimulator-_1758111279-500x375.jpg 500w, https:\/\/visitrauland.com\/austbohotell\/wp-content\/uploads\/sites\/99\/2025\/08\/Golfsimulator-_1758111279-100x75.jpg 100w\" data-src=\"https:\/\/visitrauland.com\/austbohotell\/wp-content\/uploads\/sites\/99\/2025\/08\/Golfsimulator-_1758111279.jpg\"><\/p>\n\n<p>I den nyrestaurerte hallen ved Austb\u00f8 Hotell kan du spille p\u00e5 realistiske golfbaner, trene hele \u00e5ret, og f\u00e5 en sosial og morsom golfopplevelse uansett v\u00e6r.<\/p>\n\n<p>Det anbefales \u00e5 laste ned <a href=\"https:\/\/www.facebook.com\/TrackManGolf?__cft__%5B0%5D=AZVgSHhONiHp_lai5LdG7VKS9BFw3vqDNMUblHSL6MqDhdA9oITZPBo3x8NWeE8zfRmWyP1hTQXWquBy3T_3jhF6wVFauSoOxgqGO0Fx-FHTGhBPcKaQ0mBdZwdpCaseQ1pQE5XhZM_YdyBmk_UInpqbPKn6VDLeJ7CdLuSTmv8cfdvGaNXwHMpuYJqURqJfslyqKrrajVak9qJSvPICh5C1&amp;__tn__=-%5DK-R\" target=\"_blank\" rel=\"noreferrer noopener\"><strong>Trackman<\/strong><\/a>-appen for full bruker opplevelse og for \u00e5 v\u00e6re med p\u00e5 turneringer! Tips: Er du ny s\u00e5 kan du logge inn som gjest og anbefaler \u00e5 spille p\u00e5 det som heter \u00abrange\u00bb.<\/p>\n\n<p>Vinje Golfsimulator passer perfekt for:<\/p>\n\n<ul class=\"wp-block-list\">\n<li style=\"list-style-type: none;\">\n<ul class=\"wp-block-list\">\n<li>Golfere p\u00e5 alle niv\u00e5er<\/li>\n<\/ul>\n<\/li>\n<\/ul>\n<ul class=\"wp-block-list\">\n<li style=\"list-style-type: none;\">\n<ul class=\"wp-block-list\">\n<li>Bedriftsarrangementer<\/li>\n<\/ul>\n<\/li>\n<\/ul>\n<ul class=\"wp-block-list\">\n<li style=\"list-style-type: none;\">\n<ul class=\"wp-block-list\">\n<li>Vennegjenger og familier<\/li>\n<\/ul>\n<\/li>\n<\/ul>\n<ul class=\"wp-block-list\">\n<li style=\"list-style-type: none;\">\n<ul class=\"wp-block-list\">\n<li>Deg som vil holde svingen i gang gjennom vinteren<\/li>\n<\/ul>\n<\/li>\n<\/ul>\n\n<p><strong>Lokasjon:&nbsp;<\/strong>Hallen ved Austb\u00f8 Hotell \u2013 Rauland i Vinje, Telemark<\/p>\n\n<p><a href=\"https:\/\/www.facebook.com\/share\/1B9kYjAAR3\/?mibextid=wwXIfr\" target=\"_blank\" rel=\"noreferrer noopener\"><strong>F\u00f8lg Vinje Golfsimulator p\u00e5 Facebook<\/strong><\/a><br>\n<strong><a href=\"https:\/\/l.facebook.com\/l.php?u=https%3A%2F%2Falbaplay.com%2Fvenue%2Fvinje-golfsimulator-rauland%3Fdate%3D2025-09-22%26fbclid%3DIwZXh0bgNhZW0CMTAAYnJpZBExYTlydndtd1lqbHBLdWlJaQEe3wQAHmvW9pK8OiD6oDk4u-bYdbCIa3n3bNV_CIYng0iKQOn8gZHfnrV5WHA_aem_EfyEZmJUPAPRm9h8Dhp-uA&amp;h=AT3xXfrCriKT3qlpTvZpwXmBn_dZICRb6uraXoIZ_m70LIWQsGYD4MtRi9R1vJ0zDqQc25VHeyMSn9I9AugdXqSCK0c8YVXl-HwtDKoKkT0B9t6BfIqOQQBRe0VhMpAae3FlK7YhBdpJYGK0MEwFLyyvH38jGMU&amp;__tn__=-UK-R&amp;c%5B0%5D=AT3DhcQ7IOd9XxR79yIY4J6nuddLYKMNq8bgy2WdsIcCN6l49Qqw0SuKmy5dUNVTWjj7SZj3DdfEx36K-akmSy-PE60YH_xm7g53OPT0K0_i05zb33ECwl051hyaL_Xbf2718FMDiU4t1cG4kB4KsgjQ0NOsh-ZqMAm3Mv1R8LkTrN9ccJKhIckIsKZjer_uFr-kD1rV2RkKlaeXVqh41NsIuOgp3g\" target=\"_blank\" rel=\"noreferrer noopener\">Klikk her for booking<\/a><\/strong><\/p>\n\n<p><noscript><img decoding=\"async\" src=\"https:\/\/visitrauland.com\/austbohotell\/wp-content\/uploads\/sites\/99\/2025\/08\/vinjegolf_1754865356.png\" alt=\"Logo for Vinje Golfsimulator AS, med ikon av dataskjerm og golfmotiv. Gr\u00f8nn tekst og symbol p\u00e5 hvit bakgrunn.\" width=\"537\" height=\"128\" class=\"alignnone size-full wp-image-3703\" srcset=\"https:\/\/visitrauland.com\/austbohotell\/wp-content\/uploads\/sites\/99\/2025\/08\/vinjegolf_1754865356.png 537w, https:\/\/visitrauland.com\/austbohotell\/wp-content\/uploads\/sites\/99\/2025\/08\/vinjegolf_1754865356-300x72.png 300w, https:\/\/visitrauland.com\/austbohotell\/wp-content\/uploads\/sites\/99\/2025\/08\/vinjegolf_1754865356-500x119.png 500w, https:\/\/visitrauland.com\/austbohotell\/wp-content\/uploads\/sites\/99\/2025\/08\/vinjegolf_1754865356-100x24.png 100w\" sizes=\"(max-width: 537px) 100vw, 537px\"><\/noscript><img decoding=\"async\" src=\"data:image\/svg+xml,%3Csvg%20xmlns%3D%22http%3A%2F%2Fwww.w3.org%2F2000%2Fsvg%22%20viewBox%3D%220%200%20537%20128%22%3E%3C%2Fsvg%3E\" alt=\"Logo for Vinje Golfsimulator AS, med ikon av dataskjerm og golfmotiv. Gr\u00f8nn tekst og symbol p\u00e5 hvit bakgrunn.\" width=\"537\" height=\"128\" class=\"alignnone size-full wp-image-3703 lazyload\" srcset=\"data:image\/svg+xml,%3Csvg%20xmlns%3D%22http%3A%2F%2Fwww.w3.org%2F2000%2Fsvg%22%20viewBox%3D%220%200%20537%20128%22%3E%3C%2Fsvg%3E 537w\" sizes=\"(max-width: 537px) 100vw, 537px\" data-srcset=\"https:\/\/visitrauland.com\/austbohotell\/wp-content\/uploads\/sites\/99\/2025\/08\/vinjegolf_1754865356.png 537w, https:\/\/visitrauland.com\/austbohotell\/wp-content\/uploads\/sites\/99\/2025\/08\/vinjegolf_1754865356-300x72.png 300w, https:\/\/visitrauland.com\/austbohotell\/wp-content\/uploads\/sites\/99\/2025\/08\/vinjegolf_1754865356-500x119.png 500w, https:\/\/visitrauland.com\/austbohotell\/wp-content\/uploads\/sites\/99\/2025\/08\/vinjegolf_1754865356-100x24.png 100w\" data-src=\"https:\/\/visitrauland.com\/austbohotell\/wp-content\/uploads\/sites\/99\/2025\/08\/vinjegolf_1754865356.png\"><br>\n<strong><\/strong><a href=\"https:\/\/www.facebook.com\/share\/1B9kYjAAR3\/?mibextid=wwXIfr\" target=\"_blank\" rel=\"noopener\"><strong><\/strong><\/a><\/p>\n<p><noscript><img decoding=\"async\" src=\"https:\/\/visitrauland.com\/austbohotell\/wp-content\/uploads\/sites\/99\/2025\/08\/golfsimulator-2_1758111299.jpg\" alt=\"Golftrening med simulator hos Vinje Golfsimulator AS, realistisk landskap p\u00e5 stor skjerm, innend\u00f8rs.\" width=\"1440\" height=\"1080\" class=\"alignnone size-full wp-image-3755\" srcset=\"https:\/\/visitrauland.com\/austbohotell\/wp-content\/uploads\/sites\/99\/2025\/08\/golfsimulator-2_1758111299.jpg 1440w, https:\/\/visitrauland.com\/austbohotell\/wp-content\/uploads\/sites\/99\/2025\/08\/golfsimulator-2_1758111299-300x225.jpg 300w, https:\/\/visitrauland.com\/austbohotell\/wp-content\/uploads\/sites\/99\/2025\/08\/golfsimulator-2_1758111299-1024x768.jpg 1024w, https:\/\/visitrauland.com\/austbohotell\/wp-content\/uploads\/sites\/99\/2025\/08\/golfsimulator-2_1758111299-768x576.jpg 768w, https:\/\/visitrauland.com\/austbohotell\/wp-content\/uploads\/sites\/99\/2025\/08\/golfsimulator-2_1758111299-500x375.jpg 500w, https:\/\/visitrauland.com\/austbohotell\/wp-content\/uploads\/sites\/99\/2025\/08\/golfsimulator-2_1758111299-100x75.jpg 100w, https:\/\/visitrauland.com\/austbohotell\/wp-content\/uploads\/sites\/99\/2025\/08\/golfsimulator-2_1758111299-862x647.jpg 862w, https:\/\/visitrauland.com\/austbohotell\/wp-content\/uploads\/sites\/99\/2025\/08\/golfsimulator-2_1758111299-1200x900.jpg 1200w\" sizes=\"(max-width: 1440px) 100vw, 1440px\"><\/noscript><img decoding=\"async\" src=\"data:image\/svg+xml,%3Csvg%20xmlns%3D%22http%3A%2F%2Fwww.w3.org%2F2000%2Fsvg%22%20viewBox%3D%220%200%201440%201080%22%3E%3C%2Fsvg%3E\" alt=\"Golftrening med simulator hos Vinje Golfsimulator AS, realistisk landskap p\u00e5 stor skjerm, innend\u00f8rs.\" width=\"1440\" height=\"1080\" class=\"alignnone size-full wp-image-3755 lazyload\" srcset=\"data:image\/svg+xml,%3Csvg%20xmlns%3D%22http%3A%2F%2Fwww.w3.org%2F2000%2Fsvg%22%20viewBox%3D%220%200%201440%201080%22%3E%3C%2Fsvg%3E 1440w\" sizes=\"(max-width: 1440px) 100vw, 1440px\" data-srcset=\"https:\/\/visitrauland.com\/austbohotell\/wp-content\/uploads\/sites\/99\/2025\/08\/golfsimulator-2_1758111299.jpg 1440w, https:\/\/visitrauland.com\/austbohotell\/wp-content\/uploads\/sites\/99\/2025\/08\/golfsimulator-2_1758111299-300x225.jpg 300w, https:\/\/visitrauland.com\/austbohotell\/wp-content\/uploads\/sites\/99\/2025\/08\/golfsimulator-2_1758111299-1024x768.jpg 1024w, https:\/\/visitrauland.com\/austbohotell\/wp-content\/uploads\/sites\/99\/2025\/08\/golfsimulator-2_1758111299-768x576.jpg 768w, https:\/\/visitrauland.com\/austbohotell\/wp-content\/uploads\/sites\/99\/2025\/08\/golfsimulator-2_1758111299-500x375.jpg 500w, https:\/\/visitrauland.com\/austbohotell\/wp-content\/uploads\/sites\/99\/2025\/08\/golfsimulator-2_1758111299-100x75.jpg 100w, https:\/\/visitrauland.com\/austbohotell\/wp-content\/uploads\/sites\/99\/2025\/08\/golfsimulator-2_1758111299-862x647.jpg 862w, https:\/\/visitrauland.com\/austbohotell\/wp-content\/uploads\/sites\/99\/2025\/08\/golfsimulator-2_1758111299-1200x900.jpg 1200w\" data-src=\"https:\/\/visitrauland.com\/austbohotell\/wp-content\/uploads\/sites\/99\/2025\/08\/golfsimulator-2_1758111299.jpg\"><\/p>\n<p><noscript><img decoding=\"async\" src=\"https:\/\/visitrauland.com\/austbohotell\/wp-content\/uploads\/sites\/99\/2025\/08\/golfsim-01_1754993835.jpg\" alt=\"Golfk\u00f8ller og ball p\u00e5 stativ mot vegg, perfekt for organisering av golfutstyr i hjemmet eller garasjen.\" width=\"1512\" height=\"2016\" class=\"alignnone size-full wp-image-3710\" srcset=\"https:\/\/visitrauland.com\/austbohotell\/wp-content\/uploads\/sites\/99\/2025\/08\/golfsim-01_1754993835.jpg 1512w, https:\/\/visitrauland.com\/austbohotell\/wp-content\/uploads\/sites\/99\/2025\/08\/golfsim-01_1754993835-225x300.jpg 225w, https:\/\/visitrauland.com\/austbohotell\/wp-content\/uploads\/sites\/99\/2025\/08\/golfsim-01_1754993835-768x1024.jpg 768w, https:\/\/visitrauland.com\/austbohotell\/wp-content\/uploads\/sites\/99\/2025\/08\/golfsim-01_1754993835-300x400.jpg 300w, https:\/\/visitrauland.com\/austbohotell\/wp-content\/uploads\/sites\/99\/2025\/08\/golfsim-01_1754993835-1152x1536.jpg 1152w, https:\/\/visitrauland.com\/austbohotell\/wp-content\/uploads\/sites\/99\/2025\/08\/golfsim-01_1754993835-500x667.jpg 500w, https:\/\/visitrauland.com\/austbohotell\/wp-content\/uploads\/sites\/99\/2025\/08\/golfsim-01_1754993835-100x133.jpg 100w, https:\/\/visitrauland.com\/austbohotell\/wp-content\/uploads\/sites\/99\/2025\/08\/golfsim-01_1754993835-862x1149.jpg 862w, https:\/\/visitrauland.com\/austbohotell\/wp-content\/uploads\/sites\/99\/2025\/08\/golfsim-01_1754993835-1200x1600.jpg 1200w\" sizes=\"(max-width: 1512px) 100vw, 1512px\"><\/noscript><img decoding=\"async\" src=\"data:image\/svg+xml,%3Csvg%20xmlns%3D%22http%3A%2F%2Fwww.w3.org%2F2000%2Fsvg%22%20viewBox%3D%220%200%201512%202016%22%3E%3C%2Fsvg%3E\" alt=\"Golfk\u00f8ller og ball p\u00e5 stativ mot vegg, perfekt for organisering av golfutstyr i hjemmet eller garasjen.\" width=\"1512\" height=\"2016\" class=\"alignnone size-full wp-image-3710 lazyload\" srcset=\"data:image\/svg+xml,%3Csvg%20xmlns%3D%22http%3A%2F%2Fwww.w3.org%2F2000%2Fsvg%22%20viewBox%3D%220%200%201512%202016%22%3E%3C%2Fsvg%3E 1512w\" sizes=\"(max-width: 1512px) 100vw, 1512px\" data-srcset=\"https:\/\/visitrauland.com\/austbohotell\/wp-content\/uploads\/sites\/99\/2025\/08\/golfsim-01_1754993835.jpg 1512w, https:\/\/visitrauland.com\/austbohotell\/wp-content\/uploads\/sites\/99\/2025\/08\/golfsim-01_1754993835-225x300.jpg 225w, https:\/\/visitrauland.com\/austbohotell\/wp-content\/uploads\/sites\/99\/2025\/08\/golfsim-01_1754993835-768x1024.jpg 768w, https:\/\/visitrauland.com\/austbohotell\/wp-content\/uploads\/sites\/99\/2025\/08\/golfsim-01_1754993835-300x400.jpg 300w, https:\/\/visitrauland.com\/austbohotell\/wp-content\/uploads\/sites\/99\/2025\/08\/golfsim-01_1754993835-1152x1536.jpg 1152w, https:\/\/visitrauland.com\/austbohotell\/wp-content\/uploads\/sites\/99\/2025\/08\/golfsim-01_1754993835-500x667.jpg 500w, https:\/\/visitrauland.com\/austbohotell\/wp-content\/uploads\/sites\/99\/2025\/08\/golfsim-01_1754993835-100x133.jpg 100w, https:\/\/visitrauland.com\/austbohotell\/wp-content\/uploads\/sites\/99\/2025\/08\/golfsim-01_1754993835-862x1149.jpg 862w, https:\/\/visitrauland.com\/austbohotell\/wp-content\/uploads\/sites\/99\/2025\/08\/golfsim-01_1754993835-1200x1600.jpg 1200w\" data-src=\"https:\/\/visitrauland.com\/austbohotell\/wp-content\/uploads\/sites\/99\/2025\/08\/golfsim-01_1754993835.jpg\"><\/p>\n<\/div><\/div><\/div><\/div><div id=\"x-section-2\" class=\"x-section\" style=\"margin: 0px;padding: 0px 0px 10px; background-color: transparent;\"><div id class=\"x-container\" style=\"margin: 0px auto;padding: 0px;\"><div class=\"x-column x-sm x-1-1\" style=\"padding: 0px;\"><div id class=\"x-text cs-ta-left\" style><\/div><\/div><\/div><\/div><\/div>","protected":false},"excerpt":{"rendered":"","protected":false},"author":10,"featured_media":0,"parent":0,"menu_order":0,"comment_status":"closed","ping_status":"closed","template":"","meta":{"_relevanssi_hide_post":"","_relevanssi_hide_content":"","_relevanssi_pin_for_all":"","_relevanssi_pin_keywords":"","_relevanssi_unpin_keywords":"","_relevanssi_related_keywords":"","_relevanssi_related_include_ids":"","_relevanssi_related_exclude_ids":"","_relevanssi_related_no_append":"","_relevanssi_related_not_related":"","_relevanssi_related_posts":"","_relevanssi_noindex_reason":"","seo_booster_metabox":"","footnotes":""},"class_list":["post-3700","page","type-page","status-publish","hentry","no-post-thumbnail"],"yoast_head":"<!-- This site is optimized with the Yoast SEO plugin v27.2 - https:\/\/yoast.com\/product\/yoast-seo-wordpress\/ -->\n<title>Vinje Golfsimulator - Austb\u00f8 Hotell<\/title>\n<meta name=\"robots\" content=\"index, follow, max-snippet:-1, max-image-preview:large, max-video-preview:-1\" \/>\n<link rel=\"canonical\" href=\"https:\/\/visitrauland.com\/austbohotell\/vinjegolf\/\" \/>\n<meta property=\"og:locale\" content=\"nb_NO\" \/>\n<meta property=\"og:type\" content=\"article\" \/>\n<meta property=\"og:title\" content=\"Vinje Golfsimulator - Austb\u00f8 Hotell\" \/>\n<meta property=\"og:url\" content=\"https:\/\/visitrauland.com\/austbohotell\/vinjegolf\/\" \/>\n<meta property=\"og:site_name\" content=\"Austb\u00f8 Hotell\" \/>\n<meta property=\"article:modified_time\" content=\"2025-11-18T09:54:38+00:00\" \/>\n<meta property=\"og:image\" content=\"https:\/\/visitrauland.com\/austbohotell\/wp-content\/uploads\/sites\/99\/2025\/08\/Golfsimulator-_1758111279.jpg\" \/>\n\t<meta property=\"og:image:width\" content=\"640\" \/>\n\t<meta property=\"og:image:height\" content=\"480\" \/>\n\t<meta property=\"og:image:type\" content=\"image\/jpeg\" \/>\n<meta name=\"twitter:card\" content=\"summary_large_image\" \/>\n<meta name=\"twitter:label1\" content=\"Ansl. lesetid\" \/>\n\t<meta name=\"twitter:data1\" content=\"2 minutter\" \/>\n<script type=\"application\/ld+json\" class=\"yoast-schema-graph\">{\"@context\":\"https:\/\/schema.org\",\"@graph\":[{\"@type\":\"WebPage\",\"@id\":\"https:\/\/visitrauland.com\/austbohotell\/vinjegolf\/\",\"url\":\"https:\/\/visitrauland.com\/austbohotell\/vinjegolf\/\",\"name\":\"Vinje Golfsimulator - Austb\u00f8 Hotell\",\"isPartOf\":{\"@id\":\"https:\/\/visitrauland.com\/austbohotell\/#website\"},\"primaryImageOfPage\":{\"@id\":\"https:\/\/visitrauland.com\/austbohotell\/vinjegolf\/#primaryimage\"},\"image\":{\"@id\":\"https:\/\/visitrauland.com\/austbohotell\/vinjegolf\/#primaryimage\"},\"thumbnailUrl\":\"https:\/\/visitrauland.com\/austbohotell\/wp-content\/uploads\/sites\/99\/2025\/08\/Golfsimulator-_1758111279.jpg\",\"datePublished\":\"2025-08-10T22:32:52+00:00\",\"dateModified\":\"2025-11-18T09:54:38+00:00\",\"breadcrumb\":{\"@id\":\"https:\/\/visitrauland.com\/austbohotell\/vinjegolf\/#breadcrumb\"},\"inLanguage\":\"nb-NO\",\"potentialAction\":[{\"@type\":\"ReadAction\",\"target\":[\"https:\/\/visitrauland.com\/austbohotell\/vinjegolf\/\"]}]},{\"@type\":\"ImageObject\",\"inLanguage\":\"nb-NO\",\"@id\":\"https:\/\/visitrauland.com\/austbohotell\/vinjegolf\/#primaryimage\",\"url\":\"https:\/\/visitrauland.com\/austbohotell\/wp-content\/uploads\/sites\/99\/2025\/08\/Golfsimulator-_1758111279.jpg\",\"contentUrl\":\"https:\/\/visitrauland.com\/austbohotell\/wp-content\/uploads\/sites\/99\/2025\/08\/Golfsimulator-_1758111279.jpg\",\"width\":640,\"height\":480,\"caption\":\"Indoor golfsimulator med storskjerm, kunstgress og sittegruppe i en moderne, stilfullt innredet stue.\"},{\"@type\":\"BreadcrumbList\",\"@id\":\"https:\/\/visitrauland.com\/austbohotell\/vinjegolf\/#breadcrumb\",\"itemListElement\":[{\"@type\":\"ListItem\",\"position\":1,\"name\":\"Hjem\",\"item\":\"https:\/\/visitrauland.com\/austbohotell\/\"},{\"@type\":\"ListItem\",\"position\":2,\"name\":\"Vinje Golfsimulator\"}]},{\"@type\":\"WebSite\",\"@id\":\"https:\/\/visitrauland.com\/austbohotell\/#website\",\"url\":\"https:\/\/visitrauland.com\/austbohotell\/\",\"name\":\"Austb\u00f8 Hotell\",\"description\":\"3 hytter med flott utsikt over Lognvikvatn\",\"potentialAction\":[{\"@type\":\"SearchAction\",\"target\":{\"@type\":\"EntryPoint\",\"urlTemplate\":\"https:\/\/visitrauland.com\/austbohotell\/?s={search_term_string}\"},\"query-input\":{\"@type\":\"PropertyValueSpecification\",\"valueRequired\":true,\"valueName\":\"search_term_string\"}}],\"inLanguage\":\"nb-NO\"}]}<\/script>\n<!-- \/ Yoast SEO plugin. -->","yoast_head_json":{"title":"Vinje Golfsimulator - Austb\u00f8 Hotell","robots":{"index":"index","follow":"follow","max-snippet":"max-snippet:-1","max-image-preview":"max-image-preview:large","max-video-preview":"max-video-preview:-1"},"canonical":"https:\/\/visitrauland.com\/austbohotell\/vinjegolf\/","og_locale":"nb_NO","og_type":"article","og_title":"Vinje Golfsimulator - Austb\u00f8 Hotell","og_url":"https:\/\/visitrauland.com\/austbohotell\/vinjegolf\/","og_site_name":"Austb\u00f8 Hotell","article_modified_time":"2025-11-18T09:54:38+00:00","og_image":[{"width":640,"height":480,"url":"https:\/\/visitrauland.com\/austbohotell\/wp-content\/uploads\/sites\/99\/2025\/08\/Golfsimulator-_1758111279.jpg","type":"image\/jpeg"}],"twitter_card":"summary_large_image","twitter_misc":{"Ansl. lesetid":"2 minutter"},"schema":{"@context":"https:\/\/schema.org","@graph":[{"@type":"WebPage","@id":"https:\/\/visitrauland.com\/austbohotell\/vinjegolf\/","url":"https:\/\/visitrauland.com\/austbohotell\/vinjegolf\/","name":"Vinje Golfsimulator - Austb\u00f8 Hotell","isPartOf":{"@id":"https:\/\/visitrauland.com\/austbohotell\/#website"},"primaryImageOfPage":{"@id":"https:\/\/visitrauland.com\/austbohotell\/vinjegolf\/#primaryimage"},"image":{"@id":"https:\/\/visitrauland.com\/austbohotell\/vinjegolf\/#primaryimage"},"thumbnailUrl":"https:\/\/visitrauland.com\/austbohotell\/wp-content\/uploads\/sites\/99\/2025\/08\/Golfsimulator-_1758111279.jpg","datePublished":"2025-08-10T22:32:52+00:00","dateModified":"2025-11-18T09:54:38+00:00","breadcrumb":{"@id":"https:\/\/visitrauland.com\/austbohotell\/vinjegolf\/#breadcrumb"},"inLanguage":"nb-NO","potentialAction":[{"@type":"ReadAction","target":["https:\/\/visitrauland.com\/austbohotell\/vinjegolf\/"]}]},{"@type":"ImageObject","inLanguage":"nb-NO","@id":"https:\/\/visitrauland.com\/austbohotell\/vinjegolf\/#primaryimage","url":"https:\/\/visitrauland.com\/austbohotell\/wp-content\/uploads\/sites\/99\/2025\/08\/Golfsimulator-_1758111279.jpg","contentUrl":"https:\/\/visitrauland.com\/austbohotell\/wp-content\/uploads\/sites\/99\/2025\/08\/Golfsimulator-_1758111279.jpg","width":640,"height":480,"caption":"Indoor golfsimulator med storskjerm, kunstgress og sittegruppe i en moderne, stilfullt innredet stue."},{"@type":"BreadcrumbList","@id":"https:\/\/visitrauland.com\/austbohotell\/vinjegolf\/#breadcrumb","itemListElement":[{"@type":"ListItem","position":1,"name":"Hjem","item":"https:\/\/visitrauland.com\/austbohotell\/"},{"@type":"ListItem","position":2,"name":"Vinje Golfsimulator"}]},{"@type":"WebSite","@id":"https:\/\/visitrauland.com\/austbohotell\/#website","url":"https:\/\/visitrauland.com\/austbohotell\/","name":"Austb\u00f8 Hotell","description":"3 hytter med flott utsikt over Lognvikvatn","potentialAction":[{"@type":"SearchAction","target":{"@type":"EntryPoint","urlTemplate":"https:\/\/visitrauland.com\/austbohotell\/?s={search_term_string}"},"query-input":{"@type":"PropertyValueSpecification","valueRequired":true,"valueName":"search_term_string"}}],"inLanguage":"nb-NO"}]}},"publishpress_future_action":{"enabled":false,"date":"2026-04-28 12:57:24","action":"change-status","newStatus":"draft","terms":[],"taxonomy":"","extraData":[]},"publishpress_future_workflow_manual_trigger":{"enabledWorkflows":[]},"_links":{"self":[{"href":"https:\/\/visitrauland.com\/austbohotell\/wp-json\/wp\/v2\/pages\/3700","targetHints":{"allow":["GET"]}}],"collection":[{"href":"https:\/\/visitrauland.com\/austbohotell\/wp-json\/wp\/v2\/pages"}],"about":[{"href":"https:\/\/visitrauland.com\/austbohotell\/wp-json\/wp\/v2\/types\/page"}],"author":[{"embeddable":true,"href":"https:\/\/visitrauland.com\/austbohotell\/wp-json\/wp\/v2\/users\/10"}],"replies":[{"embeddable":true,"href":"https:\/\/visitrauland.com\/austbohotell\/wp-json\/wp\/v2\/comments?post=3700"}],"version-history":[{"count":7,"href":"https:\/\/visitrauland.com\/austbohotell\/wp-json\/wp\/v2\/pages\/3700\/revisions"}],"predecessor-version":[{"id":3848,"href":"https:\/\/visitrauland.com\/austbohotell\/wp-json\/wp\/v2\/pages\/3700\/revisions\/3848"}],"wp:attachment":[{"href":"https:\/\/visitrauland.com\/austbohotell\/wp-json\/wp\/v2\/media?parent=3700"}],"curies":[{"name":"wp","href":"https:\/\/api.w.org\/{rel}","templated":true}]}}