{"id":3060,"date":"2023-06-28T19:27:15","date_gmt":"2023-06-28T17:27:15","guid":{"rendered":"https:\/\/visitrauland.com\/austbohotell\/?page_id=3060"},"modified":"2025-01-29T14:16:17","modified_gmt":"2025-01-29T13:16:17","slug":"takeaway","status":"publish","type":"page","link":"https:\/\/visitrauland.com\/austbohotell\/takeaway\/","title":{"rendered":"Take-away meny"},"content":{"rendered":"<div id=\"cs-content\" class=\"cs-content\"><div id=\"x-section-1\" class=\"x-section\" style=\"margin: 0px;padding: 0px; background-color: transparent;\"><div id class=\"x-container\" style=\"margin: 0px auto;padding: 0px;\"><div class=\"x-column x-sm x-1-1\" style=\"padding: 0px;\"><div class=\"x-text x-content e3060-e4 m2d0-0\"><noscript><img decoding=\"async\" src=\"https:\/\/visitrauland.com\/austbohotell\/wp-content\/uploads\/sites\/99\/2025\/01\/takeaway-1_1738156404.jpg\" alt=\"Austb\u00f8 Hotell takeaway-meny med burger og koselig spisestue. Kontaktinfo: +47 98 89 03 33. Rjukanvegen 195, Rauland.\" width=\"1275\" height=\"1650\" class=\"alignnone size-full wp-image-3575\" srcset=\"https:\/\/visitrauland.com\/austbohotell\/wp-content\/uploads\/sites\/99\/2025\/01\/takeaway-1_1738156404.jpg 1275w, https:\/\/visitrauland.com\/austbohotell\/wp-content\/uploads\/sites\/99\/2025\/01\/takeaway-1_1738156404-232x300.jpg 232w, https:\/\/visitrauland.com\/austbohotell\/wp-content\/uploads\/sites\/99\/2025\/01\/takeaway-1_1738156404-791x1024.jpg 791w, https:\/\/visitrauland.com\/austbohotell\/wp-content\/uploads\/sites\/99\/2025\/01\/takeaway-1_1738156404-768x994.jpg 768w, https:\/\/visitrauland.com\/austbohotell\/wp-content\/uploads\/sites\/99\/2025\/01\/takeaway-1_1738156404-1187x1536.jpg 1187w, https:\/\/visitrauland.com\/austbohotell\/wp-content\/uploads\/sites\/99\/2025\/01\/takeaway-1_1738156404-500x647.jpg 500w, https:\/\/visitrauland.com\/austbohotell\/wp-content\/uploads\/sites\/99\/2025\/01\/takeaway-1_1738156404-100x129.jpg 100w, https:\/\/visitrauland.com\/austbohotell\/wp-content\/uploads\/sites\/99\/2025\/01\/takeaway-1_1738156404-862x1116.jpg 862w, https:\/\/visitrauland.com\/austbohotell\/wp-content\/uploads\/sites\/99\/2025\/01\/takeaway-1_1738156404-1200x1553.jpg 1200w\" sizes=\"(max-width: 1275px) 100vw, 1275px\"><\/noscript><img decoding=\"async\" src=\"data:image\/svg+xml,%3Csvg%20xmlns%3D%22http%3A%2F%2Fwww.w3.org%2F2000%2Fsvg%22%20viewBox%3D%220%200%201275%201650%22%3E%3C%2Fsvg%3E\" alt=\"Austb\u00f8 Hotell takeaway-meny med burger og koselig spisestue. Kontaktinfo: +47 98 89 03 33. Rjukanvegen 195, Rauland.\" width=\"1275\" height=\"1650\" class=\"alignnone size-full wp-image-3575 lazyload\" srcset=\"data:image\/svg+xml,%3Csvg%20xmlns%3D%22http%3A%2F%2Fwww.w3.org%2F2000%2Fsvg%22%20viewBox%3D%220%200%201275%201650%22%3E%3C%2Fsvg%3E 1275w\" sizes=\"(max-width: 1275px) 100vw, 1275px\" data-srcset=\"https:\/\/visitrauland.com\/austbohotell\/wp-content\/uploads\/sites\/99\/2025\/01\/takeaway-1_1738156404.jpg 1275w, https:\/\/visitrauland.com\/austbohotell\/wp-content\/uploads\/sites\/99\/2025\/01\/takeaway-1_1738156404-232x300.jpg 232w, https:\/\/visitrauland.com\/austbohotell\/wp-content\/uploads\/sites\/99\/2025\/01\/takeaway-1_1738156404-791x1024.jpg 791w, https:\/\/visitrauland.com\/austbohotell\/wp-content\/uploads\/sites\/99\/2025\/01\/takeaway-1_1738156404-768x994.jpg 768w, https:\/\/visitrauland.com\/austbohotell\/wp-content\/uploads\/sites\/99\/2025\/01\/takeaway-1_1738156404-1187x1536.jpg 1187w, https:\/\/visitrauland.com\/austbohotell\/wp-content\/uploads\/sites\/99\/2025\/01\/takeaway-1_1738156404-500x647.jpg 500w, https:\/\/visitrauland.com\/austbohotell\/wp-content\/uploads\/sites\/99\/2025\/01\/takeaway-1_1738156404-100x129.jpg 100w, https:\/\/visitrauland.com\/austbohotell\/wp-content\/uploads\/sites\/99\/2025\/01\/takeaway-1_1738156404-862x1116.jpg 862w, https:\/\/visitrauland.com\/austbohotell\/wp-content\/uploads\/sites\/99\/2025\/01\/takeaway-1_1738156404-1200x1553.jpg 1200w\" data-src=\"https:\/\/visitrauland.com\/austbohotell\/wp-content\/uploads\/sites\/99\/2025\/01\/takeaway-1_1738156404.jpg\"> <noscript><img decoding=\"async\" src=\"https:\/\/visitrauland.com\/austbohotell\/wp-content\/uploads\/sites\/99\/2025\/01\/takeaway-2_1738156407.jpg\" alt=\"Austb\u00f8 Hotell takeaway-meny: Nachos, fish &amp; chips, burgere som Haukeli og Austb\u00f8, og kyllingburger Lauv\u00e5sen.\" width=\"1275\" height=\"1650\" class=\"alignnone size-full wp-image-3576\" srcset=\"https:\/\/visitrauland.com\/austbohotell\/wp-content\/uploads\/sites\/99\/2025\/01\/takeaway-2_1738156407.jpg 1275w, https:\/\/visitrauland.com\/austbohotell\/wp-content\/uploads\/sites\/99\/2025\/01\/takeaway-2_1738156407-232x300.jpg 232w, https:\/\/visitrauland.com\/austbohotell\/wp-content\/uploads\/sites\/99\/2025\/01\/takeaway-2_1738156407-791x1024.jpg 791w, https:\/\/visitrauland.com\/austbohotell\/wp-content\/uploads\/sites\/99\/2025\/01\/takeaway-2_1738156407-768x994.jpg 768w, https:\/\/visitrauland.com\/austbohotell\/wp-content\/uploads\/sites\/99\/2025\/01\/takeaway-2_1738156407-1187x1536.jpg 1187w, https:\/\/visitrauland.com\/austbohotell\/wp-content\/uploads\/sites\/99\/2025\/01\/takeaway-2_1738156407-500x647.jpg 500w, https:\/\/visitrauland.com\/austbohotell\/wp-content\/uploads\/sites\/99\/2025\/01\/takeaway-2_1738156407-100x129.jpg 100w, https:\/\/visitrauland.com\/austbohotell\/wp-content\/uploads\/sites\/99\/2025\/01\/takeaway-2_1738156407-862x1116.jpg 862w, https:\/\/visitrauland.com\/austbohotell\/wp-content\/uploads\/sites\/99\/2025\/01\/takeaway-2_1738156407-1200x1553.jpg 1200w\" sizes=\"(max-width: 1275px) 100vw, 1275px\"><\/noscript><img decoding=\"async\" src=\"data:image\/svg+xml,%3Csvg%20xmlns%3D%22http%3A%2F%2Fwww.w3.org%2F2000%2Fsvg%22%20viewBox%3D%220%200%201275%201650%22%3E%3C%2Fsvg%3E\" alt=\"Austb\u00f8 Hotell takeaway-meny: Nachos, fish &amp; chips, burgere som Haukeli og Austb\u00f8, og kyllingburger Lauv\u00e5sen.\" width=\"1275\" height=\"1650\" class=\"alignnone size-full wp-image-3576 lazyload\" srcset=\"data:image\/svg+xml,%3Csvg%20xmlns%3D%22http%3A%2F%2Fwww.w3.org%2F2000%2Fsvg%22%20viewBox%3D%220%200%201275%201650%22%3E%3C%2Fsvg%3E 1275w\" sizes=\"(max-width: 1275px) 100vw, 1275px\" data-srcset=\"https:\/\/visitrauland.com\/austbohotell\/wp-content\/uploads\/sites\/99\/2025\/01\/takeaway-2_1738156407.jpg 1275w, https:\/\/visitrauland.com\/austbohotell\/wp-content\/uploads\/sites\/99\/2025\/01\/takeaway-2_1738156407-232x300.jpg 232w, https:\/\/visitrauland.com\/austbohotell\/wp-content\/uploads\/sites\/99\/2025\/01\/takeaway-2_1738156407-791x1024.jpg 791w, https:\/\/visitrauland.com\/austbohotell\/wp-content\/uploads\/sites\/99\/2025\/01\/takeaway-2_1738156407-768x994.jpg 768w, https:\/\/visitrauland.com\/austbohotell\/wp-content\/uploads\/sites\/99\/2025\/01\/takeaway-2_1738156407-1187x1536.jpg 1187w, https:\/\/visitrauland.com\/austbohotell\/wp-content\/uploads\/sites\/99\/2025\/01\/takeaway-2_1738156407-500x647.jpg 500w, https:\/\/visitrauland.com\/austbohotell\/wp-content\/uploads\/sites\/99\/2025\/01\/takeaway-2_1738156407-100x129.jpg 100w, https:\/\/visitrauland.com\/austbohotell\/wp-content\/uploads\/sites\/99\/2025\/01\/takeaway-2_1738156407-862x1116.jpg 862w, https:\/\/visitrauland.com\/austbohotell\/wp-content\/uploads\/sites\/99\/2025\/01\/takeaway-2_1738156407-1200x1553.jpg 1200w\" data-src=\"https:\/\/visitrauland.com\/austbohotell\/wp-content\/uploads\/sites\/99\/2025\/01\/takeaway-2_1738156407.jpg\"> <noscript><img decoding=\"async\" src=\"https:\/\/visitrauland.com\/austbohotell\/wp-content\/uploads\/sites\/99\/2025\/01\/takeaway-3_1738156411.jpg\" alt=\"Austb\u00f8 Hotell takeaway pizzameny med ulike alternativer som Rugdebekk, S\u00e6tehov, Edland og flere med priser.\" width=\"1275\" height=\"1650\" class=\"alignnone size-full wp-image-3577\" srcset=\"https:\/\/visitrauland.com\/austbohotell\/wp-content\/uploads\/sites\/99\/2025\/01\/takeaway-3_1738156411.jpg 1275w, https:\/\/visitrauland.com\/austbohotell\/wp-content\/uploads\/sites\/99\/2025\/01\/takeaway-3_1738156411-232x300.jpg 232w, https:\/\/visitrauland.com\/austbohotell\/wp-content\/uploads\/sites\/99\/2025\/01\/takeaway-3_1738156411-791x1024.jpg 791w, https:\/\/visitrauland.com\/austbohotell\/wp-content\/uploads\/sites\/99\/2025\/01\/takeaway-3_1738156411-768x994.jpg 768w, https:\/\/visitrauland.com\/austbohotell\/wp-content\/uploads\/sites\/99\/2025\/01\/takeaway-3_1738156411-1187x1536.jpg 1187w, https:\/\/visitrauland.com\/austbohotell\/wp-content\/uploads\/sites\/99\/2025\/01\/takeaway-3_1738156411-500x647.jpg 500w, https:\/\/visitrauland.com\/austbohotell\/wp-content\/uploads\/sites\/99\/2025\/01\/takeaway-3_1738156411-100x129.jpg 100w, https:\/\/visitrauland.com\/austbohotell\/wp-content\/uploads\/sites\/99\/2025\/01\/takeaway-3_1738156411-862x1116.jpg 862w, https:\/\/visitrauland.com\/austbohotell\/wp-content\/uploads\/sites\/99\/2025\/01\/takeaway-3_1738156411-1200x1553.jpg 1200w\" sizes=\"(max-width: 1275px) 100vw, 1275px\"><\/noscript><img decoding=\"async\" src=\"data:image\/svg+xml,%3Csvg%20xmlns%3D%22http%3A%2F%2Fwww.w3.org%2F2000%2Fsvg%22%20viewBox%3D%220%200%201275%201650%22%3E%3C%2Fsvg%3E\" alt=\"Austb\u00f8 Hotell takeaway pizzameny med ulike alternativer som Rugdebekk, S\u00e6tehov, Edland og flere med priser.\" width=\"1275\" height=\"1650\" class=\"alignnone size-full wp-image-3577 lazyload\" srcset=\"data:image\/svg+xml,%3Csvg%20xmlns%3D%22http%3A%2F%2Fwww.w3.org%2F2000%2Fsvg%22%20viewBox%3D%220%200%201275%201650%22%3E%3C%2Fsvg%3E 1275w\" sizes=\"(max-width: 1275px) 100vw, 1275px\" data-srcset=\"https:\/\/visitrauland.com\/austbohotell\/wp-content\/uploads\/sites\/99\/2025\/01\/takeaway-3_1738156411.jpg 1275w, https:\/\/visitrauland.com\/austbohotell\/wp-content\/uploads\/sites\/99\/2025\/01\/takeaway-3_1738156411-232x300.jpg 232w, https:\/\/visitrauland.com\/austbohotell\/wp-content\/uploads\/sites\/99\/2025\/01\/takeaway-3_1738156411-791x1024.jpg 791w, https:\/\/visitrauland.com\/austbohotell\/wp-content\/uploads\/sites\/99\/2025\/01\/takeaway-3_1738156411-768x994.jpg 768w, https:\/\/visitrauland.com\/austbohotell\/wp-content\/uploads\/sites\/99\/2025\/01\/takeaway-3_1738156411-1187x1536.jpg 1187w, https:\/\/visitrauland.com\/austbohotell\/wp-content\/uploads\/sites\/99\/2025\/01\/takeaway-3_1738156411-500x647.jpg 500w, https:\/\/visitrauland.com\/austbohotell\/wp-content\/uploads\/sites\/99\/2025\/01\/takeaway-3_1738156411-100x129.jpg 100w, https:\/\/visitrauland.com\/austbohotell\/wp-content\/uploads\/sites\/99\/2025\/01\/takeaway-3_1738156411-862x1116.jpg 862w, https:\/\/visitrauland.com\/austbohotell\/wp-content\/uploads\/sites\/99\/2025\/01\/takeaway-3_1738156411-1200x1553.jpg 1200w\" data-src=\"https:\/\/visitrauland.com\/austbohotell\/wp-content\/uploads\/sites\/99\/2025\/01\/takeaway-3_1738156411.jpg\"> <noscript><img decoding=\"async\" src=\"https:\/\/visitrauland.com\/austbohotell\/wp-content\/uploads\/sites\/99\/2025\/01\/takeaway-4_1738156414.jpg\" alt=\"Austb\u00f8 Hotell i Rauland med restauranttider, lunsj, takeaway og kontaktinfo. Telefon: +47 98 89 03 33.\" width=\"1275\" height=\"1650\" class=\"alignnone size-full wp-image-3578\" srcset=\"https:\/\/visitrauland.com\/austbohotell\/wp-content\/uploads\/sites\/99\/2025\/01\/takeaway-4_1738156414.jpg 1275w, https:\/\/visitrauland.com\/austbohotell\/wp-content\/uploads\/sites\/99\/2025\/01\/takeaway-4_1738156414-232x300.jpg 232w, https:\/\/visitrauland.com\/austbohotell\/wp-content\/uploads\/sites\/99\/2025\/01\/takeaway-4_1738156414-791x1024.jpg 791w, https:\/\/visitrauland.com\/austbohotell\/wp-content\/uploads\/sites\/99\/2025\/01\/takeaway-4_1738156414-768x994.jpg 768w, https:\/\/visitrauland.com\/austbohotell\/wp-content\/uploads\/sites\/99\/2025\/01\/takeaway-4_1738156414-1187x1536.jpg 1187w, https:\/\/visitrauland.com\/austbohotell\/wp-content\/uploads\/sites\/99\/2025\/01\/takeaway-4_1738156414-500x647.jpg 500w, https:\/\/visitrauland.com\/austbohotell\/wp-content\/uploads\/sites\/99\/2025\/01\/takeaway-4_1738156414-100x129.jpg 100w, https:\/\/visitrauland.com\/austbohotell\/wp-content\/uploads\/sites\/99\/2025\/01\/takeaway-4_1738156414-862x1116.jpg 862w, https:\/\/visitrauland.com\/austbohotell\/wp-content\/uploads\/sites\/99\/2025\/01\/takeaway-4_1738156414-1200x1553.jpg 1200w\" sizes=\"(max-width: 1275px) 100vw, 1275px\"><\/noscript><img decoding=\"async\" src=\"data:image\/svg+xml,%3Csvg%20xmlns%3D%22http%3A%2F%2Fwww.w3.org%2F2000%2Fsvg%22%20viewBox%3D%220%200%201275%201650%22%3E%3C%2Fsvg%3E\" alt=\"Austb\u00f8 Hotell i Rauland med restauranttider, lunsj, takeaway og kontaktinfo. Telefon: +47 98 89 03 33.\" width=\"1275\" height=\"1650\" class=\"alignnone size-full wp-image-3578 lazyload\" srcset=\"data:image\/svg+xml,%3Csvg%20xmlns%3D%22http%3A%2F%2Fwww.w3.org%2F2000%2Fsvg%22%20viewBox%3D%220%200%201275%201650%22%3E%3C%2Fsvg%3E 1275w\" sizes=\"(max-width: 1275px) 100vw, 1275px\" data-srcset=\"https:\/\/visitrauland.com\/austbohotell\/wp-content\/uploads\/sites\/99\/2025\/01\/takeaway-4_1738156414.jpg 1275w, https:\/\/visitrauland.com\/austbohotell\/wp-content\/uploads\/sites\/99\/2025\/01\/takeaway-4_1738156414-232x300.jpg 232w, https:\/\/visitrauland.com\/austbohotell\/wp-content\/uploads\/sites\/99\/2025\/01\/takeaway-4_1738156414-791x1024.jpg 791w, https:\/\/visitrauland.com\/austbohotell\/wp-content\/uploads\/sites\/99\/2025\/01\/takeaway-4_1738156414-768x994.jpg 768w, https:\/\/visitrauland.com\/austbohotell\/wp-content\/uploads\/sites\/99\/2025\/01\/takeaway-4_1738156414-1187x1536.jpg 1187w, https:\/\/visitrauland.com\/austbohotell\/wp-content\/uploads\/sites\/99\/2025\/01\/takeaway-4_1738156414-500x647.jpg 500w, https:\/\/visitrauland.com\/austbohotell\/wp-content\/uploads\/sites\/99\/2025\/01\/takeaway-4_1738156414-100x129.jpg 100w, https:\/\/visitrauland.com\/austbohotell\/wp-content\/uploads\/sites\/99\/2025\/01\/takeaway-4_1738156414-862x1116.jpg 862w, https:\/\/visitrauland.com\/austbohotell\/wp-content\/uploads\/sites\/99\/2025\/01\/takeaway-4_1738156414-1200x1553.jpg 1200w\" data-src=\"https:\/\/visitrauland.com\/austbohotell\/wp-content\/uploads\/sites\/99\/2025\/01\/takeaway-4_1738156414.jpg\"><\/div><\/div><\/div><div id class=\"x-container\" style=\"margin: 0px auto;padding: 0px;\"><\/div><\/div><\/div>\n","protected":false},"excerpt":{"rendered":"","protected":false},"author":10,"featured_media":0,"parent":0,"menu_order":0,"comment_status":"closed","ping_status":"closed","template":"","meta":{"_relevanssi_hide_post":"","_relevanssi_hide_content":"","_relevanssi_pin_for_all":"","_relevanssi_pin_keywords":"","_relevanssi_unpin_keywords":"","_relevanssi_related_keywords":"","_relevanssi_related_include_ids":"","_relevanssi_related_exclude_ids":"","_relevanssi_related_no_append":"","_relevanssi_related_not_related":"","_relevanssi_related_posts":"","_relevanssi_noindex_reason":"","seo_booster_metabox":"","footnotes":""},"class_list":["post-3060","page","type-page","status-publish","hentry","no-post-thumbnail"],"yoast_head":"<!-- This site is optimized with the Yoast SEO plugin v27.2 - https:\/\/yoast.com\/product\/yoast-seo-wordpress\/ -->\n<title>Take-away meny - Austb\u00f8 Hotell<\/title>\n<meta name=\"robots\" content=\"index, follow, max-snippet:-1, max-image-preview:large, max-video-preview:-1\" \/>\n<link rel=\"canonical\" href=\"https:\/\/visitrauland.com\/austbohotell\/takeaway\/\" \/>\n<meta property=\"og:locale\" content=\"nb_NO\" \/>\n<meta property=\"og:type\" content=\"article\" \/>\n<meta property=\"og:title\" content=\"Take-away meny - Austb\u00f8 Hotell\" \/>\n<meta property=\"og:url\" content=\"https:\/\/visitrauland.com\/austbohotell\/takeaway\/\" \/>\n<meta property=\"og:site_name\" content=\"Austb\u00f8 Hotell\" \/>\n<meta property=\"article:modified_time\" content=\"2025-01-29T13:16:17+00:00\" \/>\n<meta property=\"og:image\" content=\"https:\/\/visitrauland.com\/austbohotell\/wp-content\/uploads\/sites\/99\/2025\/01\/takeaway-1_1738156404.jpg\" \/>\n<meta name=\"twitter:card\" content=\"summary_large_image\" \/>\n<meta name=\"twitter:label1\" content=\"Ansl. lesetid\" \/>\n\t<meta name=\"twitter:data1\" content=\"1 minutt\" \/>\n<script type=\"application\/ld+json\" class=\"yoast-schema-graph\">{\"@context\":\"https:\/\/schema.org\",\"@graph\":[{\"@type\":\"WebPage\",\"@id\":\"https:\/\/visitrauland.com\/austbohotell\/takeaway\/\",\"url\":\"https:\/\/visitrauland.com\/austbohotell\/takeaway\/\",\"name\":\"Take-away meny - Austb\u00f8 Hotell\",\"isPartOf\":{\"@id\":\"https:\/\/visitrauland.com\/austbohotell\/#website\"},\"primaryImageOfPage\":{\"@id\":\"https:\/\/visitrauland.com\/austbohotell\/takeaway\/#primaryimage\"},\"image\":{\"@id\":\"https:\/\/visitrauland.com\/austbohotell\/takeaway\/#primaryimage\"},\"thumbnailUrl\":\"https:\/\/visitrauland.com\/austbohotell\/wp-content\/uploads\/sites\/99\/2025\/01\/takeaway-1_1738156404.jpg\",\"datePublished\":\"2023-06-28T17:27:15+00:00\",\"dateModified\":\"2025-01-29T13:16:17+00:00\",\"breadcrumb\":{\"@id\":\"https:\/\/visitrauland.com\/austbohotell\/takeaway\/#breadcrumb\"},\"inLanguage\":\"nb-NO\",\"potentialAction\":[{\"@type\":\"ReadAction\",\"target\":[\"https:\/\/visitrauland.com\/austbohotell\/takeaway\/\"]}]},{\"@type\":\"ImageObject\",\"inLanguage\":\"nb-NO\",\"@id\":\"https:\/\/visitrauland.com\/austbohotell\/takeaway\/#primaryimage\",\"url\":\"https:\/\/visitrauland.com\/austbohotell\/wp-content\/uploads\/sites\/99\/2025\/01\/takeaway-1_1738156404.jpg\",\"contentUrl\":\"https:\/\/visitrauland.com\/austbohotell\/wp-content\/uploads\/sites\/99\/2025\/01\/takeaway-1_1738156404.jpg\",\"width\":1275,\"height\":1650,\"caption\":\"Austb\u00f8 Hotell takeaway-meny med burger og koselig spisestue. Kontaktinfo: +47 98 89 03 33. Rjukanvegen 195, Rauland.\"},{\"@type\":\"BreadcrumbList\",\"@id\":\"https:\/\/visitrauland.com\/austbohotell\/takeaway\/#breadcrumb\",\"itemListElement\":[{\"@type\":\"ListItem\",\"position\":1,\"name\":\"Hjem\",\"item\":\"https:\/\/visitrauland.com\/austbohotell\/\"},{\"@type\":\"ListItem\",\"position\":2,\"name\":\"Take-away meny\"}]},{\"@type\":\"WebSite\",\"@id\":\"https:\/\/visitrauland.com\/austbohotell\/#website\",\"url\":\"https:\/\/visitrauland.com\/austbohotell\/\",\"name\":\"Austb\u00f8 Hotell\",\"description\":\"3 hytter med flott utsikt over Lognvikvatn\",\"potentialAction\":[{\"@type\":\"SearchAction\",\"target\":{\"@type\":\"EntryPoint\",\"urlTemplate\":\"https:\/\/visitrauland.com\/austbohotell\/?s={search_term_string}\"},\"query-input\":{\"@type\":\"PropertyValueSpecification\",\"valueRequired\":true,\"valueName\":\"search_term_string\"}}],\"inLanguage\":\"nb-NO\"}]}<\/script>\n<!-- \/ Yoast SEO plugin. -->","yoast_head_json":{"title":"Take-away meny - Austb\u00f8 Hotell","robots":{"index":"index","follow":"follow","max-snippet":"max-snippet:-1","max-image-preview":"max-image-preview:large","max-video-preview":"max-video-preview:-1"},"canonical":"https:\/\/visitrauland.com\/austbohotell\/takeaway\/","og_locale":"nb_NO","og_type":"article","og_title":"Take-away meny - Austb\u00f8 Hotell","og_url":"https:\/\/visitrauland.com\/austbohotell\/takeaway\/","og_site_name":"Austb\u00f8 Hotell","article_modified_time":"2025-01-29T13:16:17+00:00","og_image":[{"url":"https:\/\/visitrauland.com\/austbohotell\/wp-content\/uploads\/sites\/99\/2025\/01\/takeaway-1_1738156404.jpg","type":"","width":"","height":""}],"twitter_card":"summary_large_image","twitter_misc":{"Ansl. lesetid":"1 minutt"},"schema":{"@context":"https:\/\/schema.org","@graph":[{"@type":"WebPage","@id":"https:\/\/visitrauland.com\/austbohotell\/takeaway\/","url":"https:\/\/visitrauland.com\/austbohotell\/takeaway\/","name":"Take-away meny - Austb\u00f8 Hotell","isPartOf":{"@id":"https:\/\/visitrauland.com\/austbohotell\/#website"},"primaryImageOfPage":{"@id":"https:\/\/visitrauland.com\/austbohotell\/takeaway\/#primaryimage"},"image":{"@id":"https:\/\/visitrauland.com\/austbohotell\/takeaway\/#primaryimage"},"thumbnailUrl":"https:\/\/visitrauland.com\/austbohotell\/wp-content\/uploads\/sites\/99\/2025\/01\/takeaway-1_1738156404.jpg","datePublished":"2023-06-28T17:27:15+00:00","dateModified":"2025-01-29T13:16:17+00:00","breadcrumb":{"@id":"https:\/\/visitrauland.com\/austbohotell\/takeaway\/#breadcrumb"},"inLanguage":"nb-NO","potentialAction":[{"@type":"ReadAction","target":["https:\/\/visitrauland.com\/austbohotell\/takeaway\/"]}]},{"@type":"ImageObject","inLanguage":"nb-NO","@id":"https:\/\/visitrauland.com\/austbohotell\/takeaway\/#primaryimage","url":"https:\/\/visitrauland.com\/austbohotell\/wp-content\/uploads\/sites\/99\/2025\/01\/takeaway-1_1738156404.jpg","contentUrl":"https:\/\/visitrauland.com\/austbohotell\/wp-content\/uploads\/sites\/99\/2025\/01\/takeaway-1_1738156404.jpg","width":1275,"height":1650,"caption":"Austb\u00f8 Hotell takeaway-meny med burger og koselig spisestue. Kontaktinfo: +47 98 89 03 33. Rjukanvegen 195, Rauland."},{"@type":"BreadcrumbList","@id":"https:\/\/visitrauland.com\/austbohotell\/takeaway\/#breadcrumb","itemListElement":[{"@type":"ListItem","position":1,"name":"Hjem","item":"https:\/\/visitrauland.com\/austbohotell\/"},{"@type":"ListItem","position":2,"name":"Take-away meny"}]},{"@type":"WebSite","@id":"https:\/\/visitrauland.com\/austbohotell\/#website","url":"https:\/\/visitrauland.com\/austbohotell\/","name":"Austb\u00f8 Hotell","description":"3 hytter med flott utsikt over Lognvikvatn","potentialAction":[{"@type":"SearchAction","target":{"@type":"EntryPoint","urlTemplate":"https:\/\/visitrauland.com\/austbohotell\/?s={search_term_string}"},"query-input":{"@type":"PropertyValueSpecification","valueRequired":true,"valueName":"search_term_string"}}],"inLanguage":"nb-NO"}]}},"publishpress_future_action":{"enabled":false,"date":"2026-04-11 11:34:18","action":"change-status","newStatus":"draft","terms":[],"taxonomy":"","extraData":[]},"publishpress_future_workflow_manual_trigger":{"enabledWorkflows":[]},"_links":{"self":[{"href":"https:\/\/visitrauland.com\/austbohotell\/wp-json\/wp\/v2\/pages\/3060","targetHints":{"allow":["GET"]}}],"collection":[{"href":"https:\/\/visitrauland.com\/austbohotell\/wp-json\/wp\/v2\/pages"}],"about":[{"href":"https:\/\/visitrauland.com\/austbohotell\/wp-json\/wp\/v2\/types\/page"}],"author":[{"embeddable":true,"href":"https:\/\/visitrauland.com\/austbohotell\/wp-json\/wp\/v2\/users\/10"}],"replies":[{"embeddable":true,"href":"https:\/\/visitrauland.com\/austbohotell\/wp-json\/wp\/v2\/comments?post=3060"}],"version-history":[{"count":6,"href":"https:\/\/visitrauland.com\/austbohotell\/wp-json\/wp\/v2\/pages\/3060\/revisions"}],"predecessor-version":[{"id":3582,"href":"https:\/\/visitrauland.com\/austbohotell\/wp-json\/wp\/v2\/pages\/3060\/revisions\/3582"}],"wp:attachment":[{"href":"https:\/\/visitrauland.com\/austbohotell\/wp-json\/wp\/v2\/media?parent=3060"}],"curies":[{"name":"wp","href":"https:\/\/api.w.org\/{rel}","templated":true}]}}