{"id":2005,"date":"2021-06-16T20:23:00","date_gmt":"2021-06-16T18:23:00","guid":{"rendered":"https:\/\/visitrauland.com\/austbohotell\/?page_id=2005"},"modified":"2026-03-26T00:35:43","modified_gmt":"2026-03-25T23:35:43","slug":"servering","status":"publish","type":"page","link":"https:\/\/visitrauland.com\/austbohotell\/servering\/","title":{"rendered":"Servering"},"content":{"rendered":"<div id=\"cs-content\" class=\"cs-content\"><div id=\"x-section-1\" class=\"x-section\" style=\"margin: 0px;padding: 0px; background-color: transparent;\"><div id class=\"x-container\" style=\"margin: 0px auto;padding: 0px;\"><div class=\"x-column x-sm x-1-1\" style=\"padding: 0px;\"><span class=\"x-image e2005-e4 m1jp-0\"><noscript><img decoding=\"async\" src=\"https:\/\/visitrauland.com\/austbohotell\/wp-content\/uploads\/sites\/99\/2025\/02\/DSC04925-Enhanced-NR_1920_1739707132.jpg\" width=\"960\" height=\"540\" alt=\"Tallerken med saftig hamburger, tomat, agurk og syltet\u00f8y, servert med l\u00f8k og salat p\u00e5 et rustikt trebord.\"><\/noscript><img decoding=\"async\" src=\"data:image\/svg+xml,%3Csvg%20xmlns%3D%22http%3A%2F%2Fwww.w3.org%2F2000%2Fsvg%22%20viewBox%3D%220%200%20960%20540%22%3E%3C%2Fsvg%3E\" width=\"960\" height=\"540\" alt=\"Tallerken med saftig hamburger, tomat, agurk og syltet\u00f8y, servert med l\u00f8k og salat p\u00e5 et rustikt trebord.\" data-src=\"https:\/\/visitrauland.com\/austbohotell\/wp-content\/uploads\/sites\/99\/2025\/02\/DSC04925-Enhanced-NR_1920_1739707132.jpg\" class=\" lazyload\"><\/span><\/div><\/div><div id class=\"x-container\" style=\"margin: 0px auto;padding: 0px;\"><div class=\"x-column x-sm x-1-1\" style=\"padding: 0px;\"><div id class=\"x-text\" style><h4>Spis godt p\u00e5 Austb\u00f8 Hotell<\/h4>\n<p><strong>Austb\u00f8 Hotell tilbyr en hyggelig og uformell atmosf\u00e6re med fasiliteter for b\u00e5de familier, grupper og konferansegjester - samt en variert meny;<\/strong><\/p>\n<ul>\n<li><a href=\"https:\/\/visitrauland.com\/austbohotell\/paaskemeny\/\"><b>P\u00e5skemeny 2026<\/b><\/a><\/li>\n<li><a href=\"\/austbohotell\/takeaway\/\"><strong>Takeaway-meny<br>\n<\/strong><\/a><\/li>\n<li><a href=\"https:\/\/visitrauland.com\/austbohotell\/cateringmeny\/\"><strong>Catering-meny<\/strong><\/a><\/li>\n<li><a href=\"\/austbohotell\/lunsjmeny\/\"><strong>Lunsjmeny<\/strong><\/a><\/li>\n<li><a href=\"\/austbohotell\/barnemeny\/\"><strong>Barnemeny<\/strong><\/a><\/li>\n<li><a href=\"https:\/\/visitrauland.com\/austbohotell\/forjulstid-og-julemeny-pa-austbo-hotell\/\"><strong>Julemeny 2025<\/strong><\/a><\/li>\n<\/ul>\n<h5><strong>\u00c5pningstider&nbsp;<\/strong><\/h5>\n<p><strong>A la carte<\/strong><br>\n<span>Mandag-torsdag: 15:00 \u2013 21:00<\/span><br>\n<span>Fredag: 18:00 \u2013 21:00 (Texmex \/ pizzabuff\u00e9)<\/span><br>\n<span>L\u00f8rdag: 15:00 \u2013 21:00<\/span><br>\n<span>S\u00f8ndag: 14:00 \u2013 19:00&nbsp;&nbsp;<\/span><\/p>\n<p><strong>Lunsj<\/strong><br>\n<span>Mandag \u2013 l\u00f8rdag: 11:00 \u2013 15:00 (fredag til 17:00)<\/span><br>\n<span>S\u00f8ndag: 11:00 \u2013 14:00&nbsp;&nbsp;<\/span><\/p>\n<p><strong>Takeaway<\/strong><br>\n<span>Hver dag: 11:00 \u2013 21:00 (s\u00f8ndag til 19:00)&nbsp;&nbsp;<\/span><\/p>\n<p><strong>Texmex- og pizzabuff\u00e9t<br>\n<\/strong>Fredager 18.00 - 21.00<strong><br>\n<\/strong>Pris 259,- for voksen og 179,- for barn (5-12 \u00e5r)<\/p>\n<h5>Catering<\/h5>\n<ul>\n<li>Vi tilbyr catering til grupper, selskaper og arrangementer. <br>\nSe v\u00e5r <span style=\"color: #ff6600;\"><a href=\"\/austbohotell\/cateringmeny\/\" style=\"color: #ff6600;\"><strong>cateringmeny her<\/strong><\/a><\/span><\/li>\n<\/ul>\n<p><span style=\"color: #ff6600;\"><a href=\"\/austbohotell\/cateringmeny\/\" style=\"color: #ff6600;\"><strong><noscript><img decoding=\"async\" src=\"https:\/\/visitrauland.com\/austbohotell\/wp-content\/uploads\/sites\/99\/2025\/02\/Brun-Enkel-Kollasj-Boks-Sitat-Facebook-Innlegg-1_1740659213.jpg\" alt=\"Texmex pizzabuff\u00e9 p\u00e5 Austb\u00f8 Hotell, fredager fra 18.00 til 21.00. Nyt smakfulle pizzaer i vinterlandskap.\" width=\"940\" height=\"788\" class=\"alignnone size-full wp-image-3610\" srcset=\"https:\/\/visitrauland.com\/austbohotell\/wp-content\/uploads\/sites\/99\/2025\/02\/Brun-Enkel-Kollasj-Boks-Sitat-Facebook-Innlegg-1_1740659213.jpg 940w, https:\/\/visitrauland.com\/austbohotell\/wp-content\/uploads\/sites\/99\/2025\/02\/Brun-Enkel-Kollasj-Boks-Sitat-Facebook-Innlegg-1_1740659213-300x251.jpg 300w, https:\/\/visitrauland.com\/austbohotell\/wp-content\/uploads\/sites\/99\/2025\/02\/Brun-Enkel-Kollasj-Boks-Sitat-Facebook-Innlegg-1_1740659213-768x644.jpg 768w, https:\/\/visitrauland.com\/austbohotell\/wp-content\/uploads\/sites\/99\/2025\/02\/Brun-Enkel-Kollasj-Boks-Sitat-Facebook-Innlegg-1_1740659213-500x419.jpg 500w, https:\/\/visitrauland.com\/austbohotell\/wp-content\/uploads\/sites\/99\/2025\/02\/Brun-Enkel-Kollasj-Boks-Sitat-Facebook-Innlegg-1_1740659213-100x84.jpg 100w, https:\/\/visitrauland.com\/austbohotell\/wp-content\/uploads\/sites\/99\/2025\/02\/Brun-Enkel-Kollasj-Boks-Sitat-Facebook-Innlegg-1_1740659213-862x723.jpg 862w\" sizes=\"(max-width: 940px) 100vw, 940px\"><\/noscript><img decoding=\"async\" src=\"data:image\/svg+xml,%3Csvg%20xmlns%3D%22http%3A%2F%2Fwww.w3.org%2F2000%2Fsvg%22%20viewBox%3D%220%200%20940%20788%22%3E%3C%2Fsvg%3E\" alt=\"Texmex pizzabuff\u00e9 p\u00e5 Austb\u00f8 Hotell, fredager fra 18.00 til 21.00. Nyt smakfulle pizzaer i vinterlandskap.\" width=\"940\" height=\"788\" class=\"alignnone size-full wp-image-3610 lazyload\" srcset=\"data:image\/svg+xml,%3Csvg%20xmlns%3D%22http%3A%2F%2Fwww.w3.org%2F2000%2Fsvg%22%20viewBox%3D%220%200%20940%20788%22%3E%3C%2Fsvg%3E 940w\" sizes=\"(max-width: 940px) 100vw, 940px\" data-srcset=\"https:\/\/visitrauland.com\/austbohotell\/wp-content\/uploads\/sites\/99\/2025\/02\/Brun-Enkel-Kollasj-Boks-Sitat-Facebook-Innlegg-1_1740659213.jpg 940w, https:\/\/visitrauland.com\/austbohotell\/wp-content\/uploads\/sites\/99\/2025\/02\/Brun-Enkel-Kollasj-Boks-Sitat-Facebook-Innlegg-1_1740659213-300x251.jpg 300w, https:\/\/visitrauland.com\/austbohotell\/wp-content\/uploads\/sites\/99\/2025\/02\/Brun-Enkel-Kollasj-Boks-Sitat-Facebook-Innlegg-1_1740659213-768x644.jpg 768w, https:\/\/visitrauland.com\/austbohotell\/wp-content\/uploads\/sites\/99\/2025\/02\/Brun-Enkel-Kollasj-Boks-Sitat-Facebook-Innlegg-1_1740659213-500x419.jpg 500w, https:\/\/visitrauland.com\/austbohotell\/wp-content\/uploads\/sites\/99\/2025\/02\/Brun-Enkel-Kollasj-Boks-Sitat-Facebook-Innlegg-1_1740659213-100x84.jpg 100w, https:\/\/visitrauland.com\/austbohotell\/wp-content\/uploads\/sites\/99\/2025\/02\/Brun-Enkel-Kollasj-Boks-Sitat-Facebook-Innlegg-1_1740659213-862x723.jpg 862w\" data-src=\"https:\/\/visitrauland.com\/austbohotell\/wp-content\/uploads\/sites\/99\/2025\/02\/Brun-Enkel-Kollasj-Boks-Sitat-Facebook-Innlegg-1_1740659213.jpg\"><\/strong><\/a><\/span><\/p>\n<\/div><noscript><img decoding=\"async\" class=\"x-img x-img-none\" src=\"https:\/\/visitrauland.com\/austbohotell\/wp-content\/uploads\/sites\/99\/2023\/01\/DSCF7953_1920.jpg\" alt=\"Koselig bar med ski som dekorasjon, fire barkrakker og variert utvalg av flasker p\u00e5 hyller i bakgrunnen.\"><\/noscript><img decoding=\"async\" class=\"x-img x-img-none lazyload\" src=\"data:image\/gif;base64,R0lGODlhAQABAIAAAAAAAP\/\/\/yH5BAEAAAAALAAAAAABAAEAAAIBRAA7\" alt=\"Koselig bar med ski som dekorasjon, fire barkrakker og variert utvalg av flasker p\u00e5 hyller i bakgrunnen.\" data-src=\"https:\/\/visitrauland.com\/austbohotell\/wp-content\/uploads\/sites\/99\/2023\/01\/DSCF7953_1920.jpg\"><\/div><\/div><\/div><\/div>\n","protected":false},"excerpt":{"rendered":"<p>Spis godt p\u00e5 Austb\u00f8 Hotell Austb\u00f8 Hotell tilbyr en hyggelig og uformell atmosf\u00e6re med fasiliteter for b\u00e5de familier, grupper og konferansegjester &#8211; samt en variert meny; P\u00e5skemeny 2026 Takeaway-meny Catering-meny Lunsjmeny Barnemeny Julemeny 2025 \u00c5pningstider&nbsp; A la carte Mandag-torsdag: 15:00 \u2013 21:00 Fredag: 18:00 \u2013 21:00 (Texmex \/ pizzabuff\u00e9) L\u00f8rdag: 15:00 \u2013 21:00 S\u00f8ndag: 14:00 \u2013 19:00&nbsp;&nbsp; Lunsj Mandag \u2013 &#8230; <\/p>\n<div><a href=\"https:\/\/visitrauland.com\/austbohotell\/servering\/\" class=\"more-link\">Les Mer<\/a><\/div>\n","protected":false},"author":10,"featured_media":0,"parent":0,"menu_order":0,"comment_status":"closed","ping_status":"closed","template":"","meta":{"_relevanssi_hide_post":"","_relevanssi_hide_content":"","_relevanssi_pin_for_all":"","_relevanssi_pin_keywords":"","_relevanssi_unpin_keywords":"","_relevanssi_related_keywords":"","_relevanssi_related_include_ids":"","_relevanssi_related_exclude_ids":"","_relevanssi_related_no_append":"","_relevanssi_related_not_related":"","_relevanssi_related_posts":"","_relevanssi_noindex_reason":"","seo_booster_metabox":"","footnotes":""},"class_list":["post-2005","page","type-page","status-publish","hentry","no-post-thumbnail"],"yoast_head":"<!-- This site is optimized with the Yoast SEO plugin v27.2 - https:\/\/yoast.com\/product\/yoast-seo-wordpress\/ -->\n<title>Servering - Austb\u00f8 Hotell<\/title>\n<meta name=\"robots\" content=\"index, follow, max-snippet:-1, max-image-preview:large, max-video-preview:-1\" \/>\n<link rel=\"canonical\" href=\"https:\/\/visitrauland.com\/austbohotell\/servering\/\" \/>\n<meta property=\"og:locale\" content=\"nb_NO\" \/>\n<meta property=\"og:type\" content=\"article\" \/>\n<meta property=\"og:title\" content=\"Servering - Austb\u00f8 Hotell\" \/>\n<meta property=\"og:description\" content=\"Spis godt p\u00e5 Austb\u00f8 Hotell Austb\u00f8 Hotell tilbyr en hyggelig og uformell atmosf\u00e6re med fasiliteter for b\u00e5de familier, grupper og konferansegjester - samt en variert meny; P\u00e5skemeny 2026 Takeaway-meny Catering-meny Lunsjmeny Barnemeny Julemeny 2025 \u00c5pningstider&nbsp; A la carte Mandag-torsdag: 15:00 \u2013 21:00 Fredag: 18:00 \u2013 21:00 (Texmex \/ pizzabuff\u00e9) L\u00f8rdag: 15:00 \u2013 21:00 S\u00f8ndag: 14:00 \u2013 19:00&nbsp;&nbsp; Lunsj Mandag \u2013 ... Les Mer\" \/>\n<meta property=\"og:url\" content=\"https:\/\/visitrauland.com\/austbohotell\/servering\/\" \/>\n<meta property=\"og:site_name\" content=\"Austb\u00f8 Hotell\" \/>\n<meta property=\"article:modified_time\" content=\"2026-03-25T23:35:43+00:00\" \/>\n<meta property=\"og:image\" content=\"https:\/\/visitrauland.com\/austbohotell\/wp-content\/uploads\/sites\/99\/2025\/02\/Brun-Enkel-Kollasj-Boks-Sitat-Facebook-Innlegg-1_1740659213.jpg\" \/>\n<meta name=\"twitter:card\" content=\"summary_large_image\" \/>\n<meta name=\"twitter:label1\" content=\"Ansl. lesetid\" \/>\n\t<meta name=\"twitter:data1\" content=\"1 minutt\" \/>\n<script type=\"application\/ld+json\" class=\"yoast-schema-graph\">{\"@context\":\"https:\/\/schema.org\",\"@graph\":[{\"@type\":\"WebPage\",\"@id\":\"https:\/\/visitrauland.com\/austbohotell\/servering\/\",\"url\":\"https:\/\/visitrauland.com\/austbohotell\/servering\/\",\"name\":\"Servering - Austb\u00f8 Hotell\",\"isPartOf\":{\"@id\":\"https:\/\/visitrauland.com\/austbohotell\/#website\"},\"primaryImageOfPage\":{\"@id\":\"https:\/\/visitrauland.com\/austbohotell\/servering\/#primaryimage\"},\"image\":{\"@id\":\"https:\/\/visitrauland.com\/austbohotell\/servering\/#primaryimage\"},\"thumbnailUrl\":\"https:\/\/visitrauland.com\/austbohotell\/wp-content\/uploads\/sites\/99\/2025\/02\/Brun-Enkel-Kollasj-Boks-Sitat-Facebook-Innlegg-1_1740659213.jpg\",\"datePublished\":\"2021-06-16T18:23:00+00:00\",\"dateModified\":\"2026-03-25T23:35:43+00:00\",\"breadcrumb\":{\"@id\":\"https:\/\/visitrauland.com\/austbohotell\/servering\/#breadcrumb\"},\"inLanguage\":\"nb-NO\",\"potentialAction\":[{\"@type\":\"ReadAction\",\"target\":[\"https:\/\/visitrauland.com\/austbohotell\/servering\/\"]}]},{\"@type\":\"ImageObject\",\"inLanguage\":\"nb-NO\",\"@id\":\"https:\/\/visitrauland.com\/austbohotell\/servering\/#primaryimage\",\"url\":\"https:\/\/visitrauland.com\/austbohotell\/wp-content\/uploads\/sites\/99\/2025\/02\/Brun-Enkel-Kollasj-Boks-Sitat-Facebook-Innlegg-1_1740659213.jpg\",\"contentUrl\":\"https:\/\/visitrauland.com\/austbohotell\/wp-content\/uploads\/sites\/99\/2025\/02\/Brun-Enkel-Kollasj-Boks-Sitat-Facebook-Innlegg-1_1740659213.jpg\",\"width\":940,\"height\":788,\"caption\":\"Texmex pizzabuff\u00e9 p\u00e5 Austb\u00f8 Hotell, fredager fra 18.00 til 21.00. Nyt smakfulle pizzaer i vinterlandskap.\"},{\"@type\":\"BreadcrumbList\",\"@id\":\"https:\/\/visitrauland.com\/austbohotell\/servering\/#breadcrumb\",\"itemListElement\":[{\"@type\":\"ListItem\",\"position\":1,\"name\":\"Hjem\",\"item\":\"https:\/\/visitrauland.com\/austbohotell\/\"},{\"@type\":\"ListItem\",\"position\":2,\"name\":\"Servering\"}]},{\"@type\":\"WebSite\",\"@id\":\"https:\/\/visitrauland.com\/austbohotell\/#website\",\"url\":\"https:\/\/visitrauland.com\/austbohotell\/\",\"name\":\"Austb\u00f8 Hotell\",\"description\":\"3 hytter med flott utsikt over Lognvikvatn\",\"potentialAction\":[{\"@type\":\"SearchAction\",\"target\":{\"@type\":\"EntryPoint\",\"urlTemplate\":\"https:\/\/visitrauland.com\/austbohotell\/?s={search_term_string}\"},\"query-input\":{\"@type\":\"PropertyValueSpecification\",\"valueRequired\":true,\"valueName\":\"search_term_string\"}}],\"inLanguage\":\"nb-NO\"}]}<\/script>\n<!-- \/ Yoast SEO plugin. -->","yoast_head_json":{"title":"Servering - Austb\u00f8 Hotell","robots":{"index":"index","follow":"follow","max-snippet":"max-snippet:-1","max-image-preview":"max-image-preview:large","max-video-preview":"max-video-preview:-1"},"canonical":"https:\/\/visitrauland.com\/austbohotell\/servering\/","og_locale":"nb_NO","og_type":"article","og_title":"Servering - Austb\u00f8 Hotell","og_description":"Spis godt p\u00e5 Austb\u00f8 Hotell Austb\u00f8 Hotell tilbyr en hyggelig og uformell atmosf\u00e6re med fasiliteter for b\u00e5de familier, grupper og konferansegjester - samt en variert meny; P\u00e5skemeny 2026 Takeaway-meny Catering-meny Lunsjmeny Barnemeny Julemeny 2025 \u00c5pningstider&nbsp; A la carte Mandag-torsdag: 15:00 \u2013 21:00 Fredag: 18:00 \u2013 21:00 (Texmex \/ pizzabuff\u00e9) L\u00f8rdag: 15:00 \u2013 21:00 S\u00f8ndag: 14:00 \u2013 19:00&nbsp;&nbsp; Lunsj Mandag \u2013 ... Les Mer","og_url":"https:\/\/visitrauland.com\/austbohotell\/servering\/","og_site_name":"Austb\u00f8 Hotell","article_modified_time":"2026-03-25T23:35:43+00:00","og_image":[{"url":"https:\/\/visitrauland.com\/austbohotell\/wp-content\/uploads\/sites\/99\/2025\/02\/Brun-Enkel-Kollasj-Boks-Sitat-Facebook-Innlegg-1_1740659213.jpg","type":"","width":"","height":""}],"twitter_card":"summary_large_image","twitter_misc":{"Ansl. lesetid":"1 minutt"},"schema":{"@context":"https:\/\/schema.org","@graph":[{"@type":"WebPage","@id":"https:\/\/visitrauland.com\/austbohotell\/servering\/","url":"https:\/\/visitrauland.com\/austbohotell\/servering\/","name":"Servering - Austb\u00f8 Hotell","isPartOf":{"@id":"https:\/\/visitrauland.com\/austbohotell\/#website"},"primaryImageOfPage":{"@id":"https:\/\/visitrauland.com\/austbohotell\/servering\/#primaryimage"},"image":{"@id":"https:\/\/visitrauland.com\/austbohotell\/servering\/#primaryimage"},"thumbnailUrl":"https:\/\/visitrauland.com\/austbohotell\/wp-content\/uploads\/sites\/99\/2025\/02\/Brun-Enkel-Kollasj-Boks-Sitat-Facebook-Innlegg-1_1740659213.jpg","datePublished":"2021-06-16T18:23:00+00:00","dateModified":"2026-03-25T23:35:43+00:00","breadcrumb":{"@id":"https:\/\/visitrauland.com\/austbohotell\/servering\/#breadcrumb"},"inLanguage":"nb-NO","potentialAction":[{"@type":"ReadAction","target":["https:\/\/visitrauland.com\/austbohotell\/servering\/"]}]},{"@type":"ImageObject","inLanguage":"nb-NO","@id":"https:\/\/visitrauland.com\/austbohotell\/servering\/#primaryimage","url":"https:\/\/visitrauland.com\/austbohotell\/wp-content\/uploads\/sites\/99\/2025\/02\/Brun-Enkel-Kollasj-Boks-Sitat-Facebook-Innlegg-1_1740659213.jpg","contentUrl":"https:\/\/visitrauland.com\/austbohotell\/wp-content\/uploads\/sites\/99\/2025\/02\/Brun-Enkel-Kollasj-Boks-Sitat-Facebook-Innlegg-1_1740659213.jpg","width":940,"height":788,"caption":"Texmex pizzabuff\u00e9 p\u00e5 Austb\u00f8 Hotell, fredager fra 18.00 til 21.00. Nyt smakfulle pizzaer i vinterlandskap."},{"@type":"BreadcrumbList","@id":"https:\/\/visitrauland.com\/austbohotell\/servering\/#breadcrumb","itemListElement":[{"@type":"ListItem","position":1,"name":"Hjem","item":"https:\/\/visitrauland.com\/austbohotell\/"},{"@type":"ListItem","position":2,"name":"Servering"}]},{"@type":"WebSite","@id":"https:\/\/visitrauland.com\/austbohotell\/#website","url":"https:\/\/visitrauland.com\/austbohotell\/","name":"Austb\u00f8 Hotell","description":"3 hytter med flott utsikt over Lognvikvatn","potentialAction":[{"@type":"SearchAction","target":{"@type":"EntryPoint","urlTemplate":"https:\/\/visitrauland.com\/austbohotell\/?s={search_term_string}"},"query-input":{"@type":"PropertyValueSpecification","valueRequired":true,"valueName":"search_term_string"}}],"inLanguage":"nb-NO"}]}},"publishpress_future_action":{"enabled":false,"date":"2026-04-19 03:23:28","action":"change-status","newStatus":"draft","terms":[],"taxonomy":"","extraData":[]},"publishpress_future_workflow_manual_trigger":{"enabledWorkflows":[]},"_links":{"self":[{"href":"https:\/\/visitrauland.com\/austbohotell\/wp-json\/wp\/v2\/pages\/2005","targetHints":{"allow":["GET"]}}],"collection":[{"href":"https:\/\/visitrauland.com\/austbohotell\/wp-json\/wp\/v2\/pages"}],"about":[{"href":"https:\/\/visitrauland.com\/austbohotell\/wp-json\/wp\/v2\/types\/page"}],"author":[{"embeddable":true,"href":"https:\/\/visitrauland.com\/austbohotell\/wp-json\/wp\/v2\/users\/10"}],"replies":[{"embeddable":true,"href":"https:\/\/visitrauland.com\/austbohotell\/wp-json\/wp\/v2\/comments?post=2005"}],"version-history":[{"count":47,"href":"https:\/\/visitrauland.com\/austbohotell\/wp-json\/wp\/v2\/pages\/2005\/revisions"}],"predecessor-version":[{"id":4003,"href":"https:\/\/visitrauland.com\/austbohotell\/wp-json\/wp\/v2\/pages\/2005\/revisions\/4003"}],"wp:attachment":[{"href":"https:\/\/visitrauland.com\/austbohotell\/wp-json\/wp\/v2\/media?parent=2005"}],"curies":[{"name":"wp","href":"https:\/\/api.w.org\/{rel}","templated":true}]}}