{"id":339,"date":"2017-10-30T18:03:03","date_gmt":"2017-10-30T17:03:03","guid":{"rendered":"https:\/\/visitrauland.com\/air\/?page_id=339"},"modified":"2026-03-11T13:01:53","modified_gmt":"2026-03-11T12:01:53","slug":"subpage-demo","status":"publish","type":"page","link":"https:\/\/visitrauland.com\/air\/","title":{"rendered":"Attf\u00f8ringssenteret i Rauland &#8211; AiR"},"content":{"rendered":"<div id=\"cs-content\" class=\"cs-content\"><div id=\"x-section-1\" class=\"x-section\" style=\"margin: 0px;padding: 0px; background-color: transparent;\"><div id class=\"x-container\" style=\"margin: 0px auto;padding: 0px;\"><div class=\"x-column x-sm x-1-1\" style=\"padding: 0px;\">\n\t\t\t<!-- START Skiferie (uten booking) REVOLUTION SLIDER 6.7.41 --><p class=\"rs-p-wp-fix\"><\/p>\n\t\t\t<rs-module-wrap id=\"rev_slider_3_1_wrapper\" data-source=\"gallery\" style=\"visibility:hidden;background:transparent;padding:0;margin:0px auto;margin-top:0;margin-bottom:0;\">\n\t\t\t\t<rs-module id=\"rev_slider_3_1\" style data-version=\"6.7.41\">\n\t\t\t\t\t<rs-slides style=\"overflow: hidden; position: absolute;\">\n\t\t\t\t\t\t<rs-slide style=\"position: absolute;\" data-key=\"rs-7\" data-title=\"AiR\" data-anim=\"ms:1500;\" data-in=\"x:(100%);\" data-out=\"a:false;\">\n\t\t\t\t\t\t\t<noscript><img decoding=\"async\" src=\"\/\/visitrauland.com\/air\/wp-content\/plugins\/revslider\/sr6\/assets\/assets\/dummy.png\" alt=\"Vakker fjellutsikt over hytter og naturskj\u00f8nn innsj\u00f8 i n\u00e6rheten av skog og fjell.\" title=\"494182504_10074913905881494_4649060083900768529_n_1773229841\" width=\"1564\" height=\"823\" class=\"rev-slidebg tp-rs-img rs-lazyload\" data-lazyload=\"\/\/visitrauland.com\/air\/wp-content\/uploads\/sites\/68\/2026\/03\/494182504_10074913905881494_4649060083900768529_n_1773229841.jpg\" data-bg=\"p:left center;\" data-parallax=\"10\" data-no-retina><\/noscript><img decoding=\"async\" src=\"data:image\/svg+xml,%3Csvg%20xmlns%3D%22http%3A%2F%2Fwww.w3.org%2F2000%2Fsvg%22%20viewBox%3D%220%200%201564%20823%22%3E%3C%2Fsvg%3E\" alt=\"Vakker fjellutsikt over hytter og naturskj\u00f8nn innsj\u00f8 i n\u00e6rheten av skog og fjell.\" title=\"494182504_10074913905881494_4649060083900768529_n_1773229841\" width=\"1564\" height=\"823\" class=\"rev-slidebg tp-rs-img rs-lazyload lazyload\" data-lazyload=\"\/\/visitrauland.com\/air\/wp-content\/uploads\/sites\/68\/2026\/03\/494182504_10074913905881494_4649060083900768529_n_1773229841.jpg\" data-bg=\"p:left center;\" data-parallax=\"10\" data-no-retina data-src=\"\/\/visitrauland.com\/air\/wp-content\/plugins\/revslider\/sr6\/assets\/assets\/dummy.png\">\n<!--\n\t\t\t\t\t\t\t--><rs-layer id=\"slider-3-slide-7-layer-4\" class=\"-\" data-type=\"text\" data-color=\"#f05929||#f05929||rgba(0, 210, 255, 1)||rgba(0, 210, 255, 1)\" data-rsp_ch=\"on\" data-xy=\"xo:353px,353px,383px,383px;yo:407px,407px,403px,303px;\" data-text=\"l:22;\" data-frame_0=\"x:-100%;o:1;\" data-frame_0_mask=\"u:t;\" data-frame_1=\"st:500;sp:1500;sR:500;\" data-frame_1_mask=\"u:t;\" data-frame_999=\"x:100%;st:w;sp:1000;sR:7000;\" data-frame_999_mask=\"u:t;\" style=\"z-index:8;font-family:'Roboto';\"><i class=\"fa-caret-right\"><\/i> \n\t\t\t\t\t\t\t<\/rs-layer><!--\n-->\t\t\t\t\t<\/rs-slide>\n\t\t\t\t\t<\/rs-slides>\n\t\t\t\t<\/rs-module>\n\t\t\t\t<script>\n\t\t\t\t\tsetREVStartSize({c: 'rev_slider_3_1',rl:[1240,1024,778,480],el:[480,480,480,360],gw:[1230,1024,767,480],gh:[480,480,480,360],type:'standard',justify:'',layout:'fullwidth',mh:\"0\"});if (window.RS_MODULES!==undefined && window.RS_MODULES.modules!==undefined && window.RS_MODULES.modules[\"revslider31\"]!==undefined) {window.RS_MODULES.modules[\"revslider31\"].once = false;window.revapi3 = undefined;if (window.RS_MODULES.checkMinimal!==undefined) window.RS_MODULES.checkMinimal()}\n\t\t\t\t<\/script>\n\t\t\t<\/rs-module-wrap>\n\t\t\t<!-- END REVOLUTION SLIDER -->\n<\/div><\/div><\/div><div id=\"x-section-2\" class=\"x-section\" style=\"margin: 0px;padding: 45px 0px; background-color: transparent;\"><div id class=\"x-container max width\" style=\"margin: 0px auto;padding: 0px;\"><div class=\"x-column x-sm x-1-2\" style=\"padding: 0px;\"><h1 class=\"h-custom-headline h3\"><span>AiR - Med arbeid som m\u00e5l<\/span><\/h1><hr class=\"x-line e339-e9 m9f-0\"><div id class=\"x-text\" style><p><strong>Velkomen til Rehabiliteringssenteret AiR p\u00e5 Rauland<\/strong><\/p>\n<p>Vi ser mennesket i eit heilskapsperspektiv \u2013 det fysiske, psykiske, sosiale og eksistensielle. Kropp og sjel er to sider av same sak. Eit opphald hj\u00e5 oss skal gje deg overskot og evne til \u00e5 endre kursen mot eigne m\u00e5l p\u00e5 ulike livsomr\u00e5de. Med utgangspunkt i deg s\u00f8kjer vi saman m\u00e5l som er realistiske<\/p>\n<p>Sentralbord<br>\nTlf: 35 06 28 00<br>\nE-post: post@air.no<\/p>\n<p>\u00d8nsker du \u00e5 leie kontor p\u00e5 AiR? <a href=\"https:\/\/raulandkontor.no\/\" target=\"_blank\" rel=\"noopener\"><strong>Se mer her<\/strong><\/a><\/p>\n<\/div><a class=\"x-btn blue-btn x-btn-global\" href=\"https:\/\/www.air.no\" target=\"_blank\" rel=\"noopener noreferrer\" data-options=\"thumbnail: ''\">Bes\u00f8k AiR p\u00e5 nett <\/a><\/div><div class=\"x-column x-sm x-1-2\" style=\"padding: 0px;\"><hr class=\"x-gap\" style=\"margin: 290px 0 0 0;\"><div id class=\"x-text\" style><\/div><\/div><\/div><\/div><div id=\"x-section-3\" class=\"x-section\" style=\"margin: 0px;padding: 0px; background-color: transparent;\"><div id class=\"x-container max width\" style=\"margin: 0px auto;padding: 0px;\"><div class=\"x-column x-sm x-1-1\" style=\"padding: 0px;\"><span class=\"x-image e339-e18 m9f-1\"><noscript><img decoding=\"async\" src=\"https:\/\/visitrauland.com\/air\/wp-content\/uploads\/sites\/68\/2026\/03\/646141860_1536977821763736_8837048402219283458_n_1773229831.jpg\" width=\"1024\" height=\"683\" alt=\"Barn og voksne leker i sn\u00f8en med fargerike baller, omgitt av sn\u00f8dekte tr\u00e6r og fjell. Klar vinterhimmel.\"><\/noscript><img decoding=\"async\" src=\"data:image\/svg+xml,%3Csvg%20xmlns%3D%22http%3A%2F%2Fwww.w3.org%2F2000%2Fsvg%22%20viewBox%3D%220%200%201024%20683%22%3E%3C%2Fsvg%3E\" width=\"1024\" height=\"683\" alt=\"Barn og voksne leker i sn\u00f8en med fargerike baller, omgitt av sn\u00f8dekte tr\u00e6r og fjell. Klar vinterhimmel.\" data-src=\"https:\/\/visitrauland.com\/air\/wp-content\/uploads\/sites\/68\/2026\/03\/646141860_1536977821763736_8837048402219283458_n_1773229831.jpg\" class=\" lazyload\"><\/span><hr class=\"x-line e339-e19 m9f-0\"><\/div><\/div><\/div><\/div>\n","protected":false},"excerpt":{"rendered":"<p>AiR &#8211; Med arbeid som m\u00e5lVelkomen til Rehabiliteringssenteret AiR p\u00e5 Rauland Vi ser mennesket i eit heilskapsperspektiv \u2013 det fysiske, psykiske, sosiale og eksistensielle. Kropp og sjel er to sider av same sak. Eit opphald hj\u00e5 oss skal gje deg overskot og evne til \u00e5 endre kursen mot eigne m\u00e5l p\u00e5 ulike livsomr\u00e5de. Med utgangspunkt i deg s\u00f8kjer vi saman &#8230; <\/p>\n<div><a href=\"https:\/\/visitrauland.com\/air\/\" class=\"more-link\">Les Mer<\/a><\/div>\n","protected":false},"author":3,"featured_media":0,"parent":0,"menu_order":0,"comment_status":"closed","ping_status":"closed","template":"template-sites.php","meta":{"_relevanssi_hide_post":"","_relevanssi_hide_content":"","_relevanssi_pin_for_all":"","_relevanssi_pin_keywords":"","_relevanssi_unpin_keywords":"","_relevanssi_related_keywords":"","_relevanssi_related_include_ids":"","_relevanssi_related_exclude_ids":"","_relevanssi_related_no_append":"","_relevanssi_related_not_related":"","_relevanssi_related_posts":"1","_relevanssi_noindex_reason":"","seo_booster_metabox":"","footnotes":""},"class_list":["post-339","page","type-page","status-publish","hentry","no-post-thumbnail"],"yoast_head":"<!-- This site is optimized with the Yoast SEO plugin v27.2 - https:\/\/yoast.com\/product\/yoast-seo-wordpress\/ -->\n<title>Attf\u00f8ringssenteret i Rauland - AiR - AiR - Attf\u00f8ringssenteret i Rauland<\/title>\n<meta name=\"robots\" content=\"index, follow, max-snippet:-1, max-image-preview:large, max-video-preview:-1\" \/>\n<link rel=\"canonical\" href=\"https:\/\/visitrauland.com\/air\/\" \/>\n<meta property=\"og:locale\" content=\"nb_NO\" \/>\n<meta property=\"og:type\" content=\"article\" \/>\n<meta property=\"og:title\" content=\"Attf\u00f8ringssenteret i Rauland - AiR - AiR - Attf\u00f8ringssenteret i Rauland\" \/>\n<meta property=\"og:description\" content=\"AiR - Med arbeid som m\u00e5lVelkomen til Rehabiliteringssenteret AiR p\u00e5 Rauland Vi ser mennesket i eit heilskapsperspektiv \u2013 det fysiske, psykiske, sosiale og eksistensielle. Kropp og sjel er to sider av same sak. Eit opphald hj\u00e5 oss skal gje deg overskot og evne til \u00e5 endre kursen mot eigne m\u00e5l p\u00e5 ulike livsomr\u00e5de. Med utgangspunkt i deg s\u00f8kjer vi saman ... Les Mer\" \/>\n<meta property=\"og:url\" content=\"https:\/\/visitrauland.com\/air\/\" \/>\n<meta property=\"og:site_name\" content=\"AiR - Attf\u00f8ringssenteret i Rauland\" \/>\n<meta property=\"article:modified_time\" content=\"2026-03-11T12:01:53+00:00\" \/>\n<meta name=\"twitter:card\" content=\"summary_large_image\" \/>\n<meta name=\"twitter:label1\" content=\"Ansl. lesetid\" \/>\n\t<meta name=\"twitter:data1\" content=\"2 minutter\" \/>\n<script type=\"application\/ld+json\" class=\"yoast-schema-graph\">{\"@context\":\"https:\/\/schema.org\",\"@graph\":[{\"@type\":\"WebPage\",\"@id\":\"https:\/\/visitrauland.com\/air\/\",\"url\":\"https:\/\/visitrauland.com\/air\/\",\"name\":\"Attf\u00f8ringssenteret i Rauland - AiR - AiR - Attf\u00f8ringssenteret i Rauland\",\"isPartOf\":{\"@id\":\"https:\/\/visitrauland.com\/air\/#website\"},\"datePublished\":\"2017-10-30T17:03:03+00:00\",\"dateModified\":\"2026-03-11T12:01:53+00:00\",\"breadcrumb\":{\"@id\":\"https:\/\/visitrauland.com\/air\/#breadcrumb\"},\"inLanguage\":\"nb-NO\",\"potentialAction\":[{\"@type\":\"ReadAction\",\"target\":[\"https:\/\/visitrauland.com\/air\/\"]}]},{\"@type\":\"BreadcrumbList\",\"@id\":\"https:\/\/visitrauland.com\/air\/#breadcrumb\",\"itemListElement\":[{\"@type\":\"ListItem\",\"position\":1,\"name\":\"Hjem\",\"item\":\"https:\/\/visitrauland.com\/air\/\"},{\"@type\":\"ListItem\",\"position\":2,\"name\":\"Attf\u00f8ringssenteret i Rauland &#8211; AiR\"}]},{\"@type\":\"WebSite\",\"@id\":\"https:\/\/visitrauland.com\/air\/#website\",\"url\":\"https:\/\/visitrauland.com\/air\/\",\"name\":\"AiR - Attf\u00f8ringssenteret i Rauland\",\"description\":\"- Med arbeid som m\u00e5l\",\"potentialAction\":[{\"@type\":\"SearchAction\",\"target\":{\"@type\":\"EntryPoint\",\"urlTemplate\":\"https:\/\/visitrauland.com\/air\/?s={search_term_string}\"},\"query-input\":{\"@type\":\"PropertyValueSpecification\",\"valueRequired\":true,\"valueName\":\"search_term_string\"}}],\"inLanguage\":\"nb-NO\"}]}<\/script>\n<!-- \/ Yoast SEO plugin. -->","yoast_head_json":{"title":"Attf\u00f8ringssenteret i Rauland - AiR - AiR - Attf\u00f8ringssenteret i Rauland","robots":{"index":"index","follow":"follow","max-snippet":"max-snippet:-1","max-image-preview":"max-image-preview:large","max-video-preview":"max-video-preview:-1"},"canonical":"https:\/\/visitrauland.com\/air\/","og_locale":"nb_NO","og_type":"article","og_title":"Attf\u00f8ringssenteret i Rauland - AiR - AiR - Attf\u00f8ringssenteret i Rauland","og_description":"AiR - Med arbeid som m\u00e5lVelkomen til Rehabiliteringssenteret AiR p\u00e5 Rauland Vi ser mennesket i eit heilskapsperspektiv \u2013 det fysiske, psykiske, sosiale og eksistensielle. Kropp og sjel er to sider av same sak. Eit opphald hj\u00e5 oss skal gje deg overskot og evne til \u00e5 endre kursen mot eigne m\u00e5l p\u00e5 ulike livsomr\u00e5de. Med utgangspunkt i deg s\u00f8kjer vi saman ... Les Mer","og_url":"https:\/\/visitrauland.com\/air\/","og_site_name":"AiR - Attf\u00f8ringssenteret i Rauland","article_modified_time":"2026-03-11T12:01:53+00:00","twitter_card":"summary_large_image","twitter_misc":{"Ansl. lesetid":"2 minutter"},"schema":{"@context":"https:\/\/schema.org","@graph":[{"@type":"WebPage","@id":"https:\/\/visitrauland.com\/air\/","url":"https:\/\/visitrauland.com\/air\/","name":"Attf\u00f8ringssenteret i Rauland - AiR - AiR - Attf\u00f8ringssenteret i Rauland","isPartOf":{"@id":"https:\/\/visitrauland.com\/air\/#website"},"datePublished":"2017-10-30T17:03:03+00:00","dateModified":"2026-03-11T12:01:53+00:00","breadcrumb":{"@id":"https:\/\/visitrauland.com\/air\/#breadcrumb"},"inLanguage":"nb-NO","potentialAction":[{"@type":"ReadAction","target":["https:\/\/visitrauland.com\/air\/"]}]},{"@type":"BreadcrumbList","@id":"https:\/\/visitrauland.com\/air\/#breadcrumb","itemListElement":[{"@type":"ListItem","position":1,"name":"Hjem","item":"https:\/\/visitrauland.com\/air\/"},{"@type":"ListItem","position":2,"name":"Attf\u00f8ringssenteret i Rauland &#8211; AiR"}]},{"@type":"WebSite","@id":"https:\/\/visitrauland.com\/air\/#website","url":"https:\/\/visitrauland.com\/air\/","name":"AiR - Attf\u00f8ringssenteret i Rauland","description":"- Med arbeid som m\u00e5l","potentialAction":[{"@type":"SearchAction","target":{"@type":"EntryPoint","urlTemplate":"https:\/\/visitrauland.com\/air\/?s={search_term_string}"},"query-input":{"@type":"PropertyValueSpecification","valueRequired":true,"valueName":"search_term_string"}}],"inLanguage":"nb-NO"}]}},"_links":{"self":[{"href":"https:\/\/visitrauland.com\/air\/wp-json\/wp\/v2\/pages\/339","targetHints":{"allow":["GET"]}}],"collection":[{"href":"https:\/\/visitrauland.com\/air\/wp-json\/wp\/v2\/pages"}],"about":[{"href":"https:\/\/visitrauland.com\/air\/wp-json\/wp\/v2\/types\/page"}],"author":[{"embeddable":true,"href":"https:\/\/visitrauland.com\/air\/wp-json\/wp\/v2\/users\/3"}],"replies":[{"embeddable":true,"href":"https:\/\/visitrauland.com\/air\/wp-json\/wp\/v2\/comments?post=339"}],"version-history":[{"count":7,"href":"https:\/\/visitrauland.com\/air\/wp-json\/wp\/v2\/pages\/339\/revisions"}],"predecessor-version":[{"id":1907,"href":"https:\/\/visitrauland.com\/air\/wp-json\/wp\/v2\/pages\/339\/revisions\/1907"}],"wp:attachment":[{"href":"https:\/\/visitrauland.com\/air\/wp-json\/wp\/v2\/media?parent=339"}],"curies":[{"name":"wp","href":"https:\/\/api.w.org\/{rel}","templated":true}]}}